{"id":947,"date":"2024-12-19T03:39:43","date_gmt":"2024-12-19T03:39:43","guid":{"rendered":"https:\/\/fmp-components.com\/product\/10027-chinese-factory-small-double-acting-trailer-hydraulic-cylinder\/"},"modified":"2025-03-18T02:25:32","modified_gmt":"2025-03-18T02:25:32","slug":"10027-italian-factory-small-double-acting-trailer-hydraulic-cylinder","status":"publish","type":"product","link":"https:\/\/fmp-components.com\/tr\/product\/10027-italian-factory-small-double-acting-trailer-hydraulic-cylinder\/","title":{"rendered":"10027 \u0130talyan Fabrikas\u0131 K\u00fc\u00e7\u00fck \u00c7ift Etkili R\u00f6mork Hidrolik Silindiri"},"content":{"rendered":"<p>10027 \u0130talyan Fabrikas\u0131 K\u00fc\u00e7\u00fck \u00c7ift Etkili R\u00f6mork Hidrolik Silindiri, \u00e7e\u015fitli r\u00f6mork uygulamalar\u0131 i\u00e7in g\u00fcvenilir ve verimli performans sa\u011flamak \u00fczere uzmanca tasarlanm\u0131\u015ft\u0131r. Bu kompakt hidrolik silindir, hem ticari hem de tar\u0131msal alanlarda r\u00f6morklar\u0131n i\u015flevselli\u011fini art\u0131rmak i\u00e7in olmazsa olmaz bir bile\u015fendir.<\/p>\n<h4>Temel \u00d6zellikler:<\/h4>\n<ul>\n<li><strong>\u00c7ift Etkili Tasar\u0131m:<\/strong><br \/>\n\u00c7ift etkili mekanizma, hem uzatma hem de geri \u00e7ekme i\u015flemlerinde sorunsuz \u00e7al\u0131\u015fma sa\u011flayarak kald\u0131rma ve indirme g\u00f6revlerinde hassas kontrol sa\u011flar. Bu \u00f6zellik, r\u00f6mork operasyonlar\u0131n\u0131n genel verimlili\u011fini art\u0131r\u0131r.<\/li>\n<li><strong>Kompakt Boyut:<\/strong><br \/>\n10027 hidrolik silindirinin k\u00fc\u00e7\u00fck tasar\u0131m\u0131, onu alan\u0131n k\u0131s\u0131tl\u0131 oldu\u011fu uygulamalar i\u00e7in ideal hale getirir. Kompakt yap\u0131s\u0131, performans\u0131ndan \u00f6d\u00fcn vermeyerek \u00e7ok \u00e7e\u015fitli r\u00f6mork tipleri i\u00e7in uygundur.<\/li>\n<li><strong>Dayan\u0131kl\u0131 Yap\u0131:<\/strong><br \/>\nY\u00fcksek kaliteli malzemelerden \u00fcretilen bu hidrolik silindir, zorlu ortamlarda g\u00fcnl\u00fck kullan\u0131m\u0131n zorluklar\u0131na dayanacak \u015fekilde tasarlanm\u0131\u015ft\u0131r. Sa\u011flam yap\u0131s\u0131, uzun \u00f6m\u00fcrl\u00fc performans ve g\u00fcvenilirlik sa\u011flar.<\/li>\n<li><strong>\u00c7ok Y\u00f6nl\u00fc Uygulamalar:<\/strong><br \/>\n10027 hidrolik silindir, d\u00fcz yatakl\u0131 r\u00f6morklar, damperli r\u00f6morklar ve hayvan ta\u015f\u0131ma r\u00f6morklar\u0131 dahil olmak \u00fczere \u00e7e\u015fitli r\u00f6mork uygulamalar\u0131 i\u00e7in tasarlanm\u0131\u015ft\u0131r. \u00c7ok y\u00f6nl\u00fcl\u00fc\u011f\u00fc, onu bir\u00e7ok sekt\u00f6rdeki operat\u00f6rler i\u00e7in de\u011ferli bir ara\u00e7 haline getirir.<\/li>\n<li><strong>Maliyet Etkin \u00c7\u00f6z\u00fcm:<\/strong><br \/>\nRekabet\u00e7i fiyat\u0131yla bu hidrolik silindir, kaliteden \u00f6d\u00fcn vermeden m\u00fckemmel bir fiyat-performans oran\u0131 sunar. R\u00f6morklardaki hidrolik bile\u015fenleri y\u00fckseltmek veya de\u011fi\u015ftirmek i\u00e7in uygun fiyatl\u0131 bir se\u00e7enek sunar.<\/li>\n<li><img decoding=\"async\" src=\"https:\/\/hzpt.com\/wp-content\/uploads\/2023\/12\/random-2.webp\" alt=\"\" title=\"\"><\/li>\n<\/ul>\n<h4>Teknik \u00d6zellikler:<\/h4>\n<table style=\"width: 97.0909%; height: 191px;\">\n<thead>\n<tr>\n<th>\u015eartname<\/th>\n<th>Tan\u0131m<\/th>\n<\/tr>\n<\/thead>\n<tbody>\n<tr>\n<td><strong>Y\u00fck Kapasitesi<\/strong><\/td>\n<td>\u00d6zelle\u015ftirilebilir<\/td>\n<\/tr>\n<tr>\n<td><strong>Delik Boyutu<\/strong><\/td>\n<td>\u00c7e\u015fitli se\u00e7enekler mevcuttur<\/td>\n<\/tr>\n<tr>\n<td><strong>Vuru\u015f Uzunlu\u011fu<\/strong><\/td>\n<td>\u00d6zelle\u015ftirilebilir<\/td>\n<\/tr>\n<tr>\n<td><strong>Maksimum Bas\u0131n\u00e7<\/strong><\/td>\n<td>3000 PSI'ye kadar<\/td>\n<\/tr>\n<tr>\n<td><strong>Malzeme<\/strong><\/td>\n<td>Y\u00fcksek kaliteli \u00e7elik veya al\u00fcminyum<\/td>\n<\/tr>\n<tr>\n<td><strong>Ba\u011flant\u0131 T\u00fcr\u00fc<\/strong><\/td>\n<td>Flan\u015fl\u0131 veya di\u015fli<\/td>\n<\/tr>\n<\/tbody>\n<\/table>\n<h4>\u00c7al\u0131\u015fma Prensibi:<\/h4>\n<p>10027 K\u00fc\u00e7\u00fck \u00c7ift Etkili R\u00f6mork Hidrolik Silindiri, hidrolik s\u0131v\u0131 bas\u0131nc\u0131 prensibiyle \u00e7al\u0131\u015f\u0131r. Hidrolik s\u0131v\u0131 silindire pompaland\u0131\u011f\u0131nda, pistona kuvvet uygulayarak her iki y\u00f6nde do\u011frusal hareket olu\u015fturur. Bu etkili g\u00fc\u00e7 aktar\u0131m\u0131, r\u00f6mork operasyonlar\u0131 \u00fczerinde hassas kontrol sa\u011flayarak genel verimlili\u011fi art\u0131r\u0131r.<\/p>\n<p>\u00d6zetle, 10027 \u0130talyan Fabrikas\u0131 K\u00fc\u00e7\u00fck \u00c7ift Etkili R\u00f6mork Hidrolik Silindiri, r\u00f6mork uygulamalar\u0131 i\u00e7in g\u00fcvenilir ve verimli bir \u00e7\u00f6z\u00fcmd\u00fcr. Dayan\u0131kl\u0131 yap\u0131s\u0131, kompakt tasar\u0131m\u0131 ve \u00e7ok y\u00f6nl\u00fcl\u00fc\u011f\u00fc, r\u00f6morklar\u0131n\u0131n performans\u0131n\u0131 ve verimlili\u011fini art\u0131rmak isteyen operat\u00f6rler i\u00e7in vazge\u00e7ilmez bir ara\u00e7t\u0131r.<\/p>\n<p>&nbsp;<\/p>\n<p><img decoding=\"async\" class=\"aligncenter\" src=\"https:\/\/hzpt.com\/wp-content\/uploads\/2023\/12\/random-5.webp\" alt=\"\" title=\"\"><\/p>\n<h2>Kaynakl\u0131 T Tipi Silindirin Avantajlar\u0131<\/h2>\n<ul>\n<li style=\"list-style-type: none;\">\n<ul>\n<li><strong>Artt\u0131r\u0131lm\u0131\u015f G\u00fc\u00e7:<\/strong> Kaynakl\u0131 T tipi silindirler, y\u00fcksek mukavemetleriyle bilinir ve a\u011f\u0131r kald\u0131rma gerektiren uygulamalar i\u00e7in uygundur. Bu silindirlerin imalat\u0131nda kullan\u0131lan kaynak i\u015flemi, silindirin zay\u0131f noktalardan ar\u0131nd\u0131r\u0131lm\u0131\u015f olmas\u0131n\u0131 ve y\u00fcksek bas\u0131n\u00e7 ve gerilime dayanabilmesini sa\u011flar.<\/li>\n<\/ul>\n<\/li>\n<\/ul>\n<p>Silindire uygulanan bas\u0131n\u00e7, t\u00fcm y\u00fczeye e\u015fit olarak da\u011f\u0131larak deformasyona kar\u015f\u0131 diren\u00e7li hale gelir. Bu \u00f6zellik, silindirin en zorlu ko\u015fullarda bile \u015feklini ve yap\u0131sal b\u00fct\u00fcnl\u00fc\u011f\u00fcn\u00fc koruyabilmesini sa\u011flar.<\/p>\n<ul>\n<li style=\"list-style-type: none;\">\n<ul>\n<li><strong>S\u0131z\u0131nt\u0131 \u00d6nleme:<\/strong> Kaynakl\u0131 T tipi silindirler, s\u0131z\u0131nt\u0131y\u0131 \u00f6nleyecek \u015fekilde tasarlanm\u0131\u015ft\u0131r. \u00dcretim s\u00fcrecinde kullan\u0131lan kaynak i\u015flemi, silindirin tamamen s\u0131zd\u0131rmaz olmas\u0131n\u0131 ve olas\u0131 s\u0131z\u0131nt\u0131lardan ar\u0131nd\u0131r\u0131lmas\u0131n\u0131 sa\u011flar. Bu \u00f6zellik, s\u0131z\u0131nt\u0131n\u0131n ciddi hasara veya yaralanmaya neden olabilece\u011fi uygulamalarda kullan\u0131m i\u00e7in uygundur.<\/li>\n<\/ul>\n<\/li>\n<\/ul>\n<p>Kaynakl\u0131 ba\u011flant\u0131lar p\u00fcr\u00fczs\u00fczd\u00fcr, d\u00f6k\u00fcnt\u00fc veya kirin birikebilece\u011fi herhangi bir yar\u0131k veya oluk yoktur, bu da korozyon ve silindire zarar verme riskini azalt\u0131r.<\/p>\n<ul>\n<li style=\"list-style-type: none;\">\n<ul>\n<li><strong>\u00d6zelle\u015ftirilebilir:<\/strong> Kaynakl\u0131 T tipi silindirler, belirli uygulamalara uyacak \u015fekilde \u00f6zelle\u015ftirilebilir. Silindirler farkl\u0131 boyut ve \u015fekillerde mevcuttur ve uygulaman\u0131n \u00f6zel gereksinimlerini kar\u015f\u0131layacak \u015fekilde \u00fcretilebilir.<\/li>\n<\/ul>\n<\/li>\n<\/ul>\n<p>\u00d6zelle\u015ftirme s\u00fcreci, silindirin performans a\u00e7\u0131s\u0131ndan optimize edilmesini ve ama\u00e7lanan uygulamaya uygun olmas\u0131n\u0131 sa\u011flar. Bu \u00f6zellik, kaynakl\u0131 T tipi silindirleri in\u015faat, madencilik ve malzeme ta\u015f\u0131ma gibi \u00e7e\u015fitli end\u00fcstriyel uygulamalarda kullan\u0131m i\u00e7in ideal hale getirir.<\/p>\n<ul>\n<li style=\"list-style-type: none;\">\n<ul>\n<li><strong>Maliyet Etkin:<\/strong> Kaynakl\u0131 T tipi silindirler, di\u011fer silindir tiplerine k\u0131yasla uygun maliyetlidir. Bu silindirlerin \u00fcretiminde kullan\u0131lan imalat s\u00fcreci basittir ve bu da onlar\u0131 di\u011fer silindir tiplerine g\u00f6re daha uygun maliyetli k\u0131lar.<\/li>\n<\/ul>\n<\/li>\n<\/ul>\n<p>Ayr\u0131ca, kaynakl\u0131 T tipi silindirlerin y\u00fcksek mukavemeti ve dayan\u0131kl\u0131l\u0131\u011f\u0131, s\u0131k onar\u0131m ve de\u011fi\u015ftirme ihtiyac\u0131n\u0131 azaltarak bak\u0131m maliyetlerinden tasarruf sa\u011flar. Bu \u00f6zellik, onlar\u0131 \u00f6zellikle s\u0131n\u0131rl\u0131 b\u00fct\u00e7eye sahip bir\u00e7ok sekt\u00f6r i\u00e7in pop\u00fcler bir tercih haline getirir.<\/p>\n<ul>\n<li style=\"list-style-type: none;\">\n<ul>\n<li><strong>Artan Verimlilik:<\/strong> Kaynakl\u0131 T tipi silindirler son derece verimli ve etkilidir. Silindirin tasar\u0131m\u0131, uygulanan kuvvetin do\u011frudan y\u00fcke aktar\u0131lmas\u0131n\u0131 sa\u011flayarak enerji kayb\u0131n\u0131 azalt\u0131r ve verimlili\u011fi art\u0131r\u0131r.<\/li>\n<\/ul>\n<\/li>\n<\/ul>\n<p>Kaynakl\u0131 ba\u011flant\u0131lar g\u00fc\u00e7l\u00fc ve sa\u011flamd\u0131r, sapmay\u0131 en aza indirir ve silindirin en zorlu ko\u015fullarda bile \u015feklini ve yap\u0131sal b\u00fct\u00fcnl\u00fc\u011f\u00fcn\u00fc korumas\u0131n\u0131 sa\u011flar. Bu \u00f6zellik, kaynakl\u0131 T tipi silindirleri y\u00fcksek verimlilik ve g\u00fcvenilirlik gerektiren uygulamalarda kullan\u0131m i\u00e7in ideal hale getirir.<\/p>\n<h2>Kaynakl\u0131 T Tipi Silindir Uygulamas\u0131<\/h2>\n<h3>girii\u015f<\/h3>\n<p>Kaynakl\u0131 T tipi silindir, end\u00fcstriyel uygulamalarda yayg\u0131n olarak kullan\u0131lan bir hidrolik silindir t\u00fcr\u00fcd\u00fcr. Kompakt ve uygun maliyetli bir pakette y\u00fcksek kuvvet \u00e7\u0131k\u0131\u015f\u0131 sa\u011flamak \u00fczere tasarlanm\u0131\u015ft\u0131r. Bu tip silindir, kaynakl\u0131 bir T par\u00e7as\u0131 ve bu par\u00e7aya ba\u011fl\u0131 bir piston \u00e7ubu\u011fundan olu\u015fur. T par\u00e7as\u0131, silindirin namlusuna ba\u011fl\u0131d\u0131r ve namlu i\u00e7inde ileri geri hareket ederek kuvvet \u00fcreten bir piston i\u00e7erir.<\/p>\n<h3>Kaynakl\u0131 T Tipi Silindirin Avantajlar\u0131<\/h3>\n<p>End\u00fcstriyel uygulamalarda kaynakl\u0131 T tipi silindir kullanman\u0131n bir\u00e7ok avantaj\u0131 vard\u0131r:<\/p>\n<ul>\n<li><b>Kompakt tasar\u0131m:<\/b> Kaynakl\u0131 T tipi silindirler, alan\u0131n k\u0131s\u0131tl\u0131 oldu\u011fu uygulamalarda kullan\u0131m i\u00e7in ideal olacak \u015fekilde kompakt olarak tasarlanm\u0131\u015ft\u0131r.<\/li>\n<li><b>Y\u00fcksek verimlilik:<\/b> Kaynakl\u0131 T tipi silindirler olduk\u00e7a verimlidir, bu da minimum enerji giri\u015fiyle b\u00fcy\u00fck miktarda kuvvet \u00fcretebilecekleri anlam\u0131na gelir.<\/li>\n<li><b>Dayan\u0131kl\u0131:<\/b> Kaynakl\u0131 T tipi silindirler son derece dayan\u0131kl\u0131 olacak \u015fekilde tasarlanm\u0131\u015ft\u0131r, bu da zorlu \u00e7al\u0131\u015fma ko\u015fullar\u0131na dayanabilecekleri ve uzun s\u00fcre dayanabilecekleri anlam\u0131na gelir.<\/li>\n<li><b>Maliyet etkin:<\/b> Kaynakl\u0131 T tipi silindirler maliyet a\u00e7\u0131s\u0131ndan avantajl\u0131d\u0131r, yani paran\u0131z\u0131n kar\u015f\u0131l\u0131\u011f\u0131n\u0131 fazlas\u0131yla al\u0131rs\u0131n\u0131z.<\/li>\n<\/ul>\n<p><img loading=\"lazy\" decoding=\"async\" class=\"size-full wp-image-977 aligncenter\" src=\"https:\/\/fmp-components.com\/wp-content\/uploads\/2024\/12\/Welded-Tee-Type-Cylinder3.webp\" alt=\"Kaynakl\u0131 T Tipi Silindir\" width=\"653\" height=\"600\" title=\"\" srcset=\"https:\/\/fmp-components.com\/wp-content\/uploads\/2024\/12\/Welded-Tee-Type-Cylinder3.webp 653w, https:\/\/fmp-components.com\/wp-content\/uploads\/2024\/12\/Welded-Tee-Type-Cylinder3-480x441.webp 480w\" sizes=\"(min-width: 0px) and (max-width: 480px) 480px, (min-width: 481px) 653px, 100vw\" \/><\/p>\n<h3>Kaynakl\u0131 T Tipi Silindir Uygulamalar\u0131<\/h3>\n<p>Kaynakl\u0131 T tipi silindirlerin \u00e7e\u015fitli end\u00fcstrilerde bir\u00e7ok uygulamas\u0131 vard\u0131r, bunlar aras\u0131nda \u015funlar yer al\u0131r:<\/p>\n<ul>\n<li><b>\u00dcretme:<\/b> Kaynakl\u0131 T tipi silindirler, imalat sekt\u00f6r\u00fcnde makineleri \u00e7al\u0131\u015ft\u0131rmak, a\u011f\u0131r y\u00fckleri hareket ettirmek ve metal par\u00e7alar\u0131 \u015fekillendirmek i\u00e7in kullan\u0131l\u0131r.<\/li>\n<li><b>Tar\u0131m:<\/b> Kaynakl\u0131 T tipi silindirler tar\u0131mda trakt\u00f6r, bi\u00e7erd\u00f6ver ve di\u011fer tar\u0131m ekipmanlar\u0131ndaki hidrolik sistemleri \u00e7al\u0131\u015ft\u0131rmak i\u00e7in kullan\u0131l\u0131r.<\/li>\n<li><b>Yap\u0131:<\/b> Kaynakl\u0131 T tipi silindirler in\u015faat sekt\u00f6r\u00fcnde vin\u00e7, ekskavat\u00f6r ve kep\u00e7e gibi makineleri \u00e7al\u0131\u015ft\u0131rmak i\u00e7in kullan\u0131l\u0131r.<\/li>\n<li><b>Madencilik:<\/b> Kaynakl\u0131 T tipi silindirler, madencilikte buldozer, y\u00fckleyici ve kaya delici gibi a\u011f\u0131r ekipmanlar\u0131n hidrolik sistemlerini \u00e7al\u0131\u015ft\u0131rmak i\u00e7in kullan\u0131l\u0131r.<\/li>\n<li><b>Toplu ta\u015f\u0131ma:<\/b> Kaynakl\u0131 T tipi silindirler, ta\u015f\u0131mac\u0131l\u0131kta kamyon, otob\u00fcs ve di\u011fer ara\u00e7lardaki hidrolik sistemleri \u00e7al\u0131\u015ft\u0131rmak i\u00e7in kullan\u0131l\u0131r.<\/li>\n<\/ul>\n<h3>\u00c7\u00f6z\u00fcm<\/h3>\n<p>Sonu\u00e7 olarak, kaynakl\u0131 T tipi silindirler bir\u00e7ok end\u00fcstriyel uygulamada \u00f6nemli bir bile\u015fendir. Kompakt, verimli, dayan\u0131kl\u0131 ve uygun maliyetli olacak \u015fekilde tasarland\u0131klar\u0131 i\u00e7in \u00e7ok \u00e7e\u015fitli uygulamalar i\u00e7in ideal bir se\u00e7imdir. \u0130ster bir \u00fcretim tesisinde makine, ister bir \u00e7iftlikte tar\u0131m ekipman\u0131 veya bir madende a\u011f\u0131r ekipman kullan\u0131yor olun, kaynakl\u0131 T tipi silindirler i\u015finizi verimli ve etkili bir \u015fekilde yapman\u0131za yard\u0131mc\u0131 olabilir.<\/p>\n<h3>FMP Hakk\u0131nda<\/h3>\n<p>FMP, 30 y\u0131l\u0131 a\u015fk\u0131n s\u00fcredir hidrolik silindir \u00fcretiminde lider bir \u00fcreticidir. End\u00fcstriyel alan\u0131m\u0131z \u0130talya'da bulunmaktad\u0131r ve otomatik gaz korumal\u0131 kaynak makineleri, derin delik delme makineleri, CNC torna tezgahlar\u0131, silindirik ta\u015flama makineleri, otomatik temizleme makineleri, otomatik montaj makineleri, otomatik hidrolik silindir performans test tezgahlar\u0131, otomatik boyama hatlar\u0131 ve daha fazlas\u0131 dahil olmak \u00fczere 100'den fazla ekipmana sahibiz.<\/p>\n<p>M\u00fc\u015fterilerimiz i\u00e7in en y\u00fcksek kaliteyi sa\u011flamak amac\u0131yla hidrolik silindirlerimiz titizlikle i\u015flenir ve denetlenir. Hidrolik silindir k\u00fcpeleri, \u00e7ift y\u00f6nl\u00fc otomatik teleskopik hidrolik silindirler ve daha fazlas\u0131 dahil olmak \u00fczere \u00e7e\u015fitli hidrolik silindirler sunuyoruz.<\/p>\n<h4>\u00dcr\u00fcn ve \u015eirket Avantajlar\u0131m\u0131z:<\/h4>\n<ol>\n<li><strong>Tasar\u0131m Hizmeti:<\/strong> Deneyimli tasar\u0131m ekibimiz, \u00f6zel ihtiya\u00e7 ve gereksinimlerinizi kar\u015f\u0131layacak \u00fcr\u00fcn tasar\u0131m\u0131 ve geli\u015ftirmesinde size yard\u0131mc\u0131 olabilir.<\/li>\n<li><strong>\u00dcr\u00fcn Servisi:<\/strong> Hammaddeden nakliyeye kadar, kesme, kaba i\u015fleme, test etme, temizleme, montaj, paketleme ve nakliyeyi kapsayan kapsaml\u0131 bir \u00fcretim s\u00fcreci sa\u011fl\u0131yoruz.<\/li>\n<li><strong>\u00d6rnek \u0130\u015flem:<\/strong> \u00d6zel ihtiya\u00e7lar\u0131n\u0131za g\u00f6re numuneler geli\u015ftirebilir ve ihtiya\u00e7lar\u0131n\u0131z\u0131 kar\u015f\u0131layacak \u015fekilde de\u011fi\u015ftirebiliriz.<\/li>\n<li><strong>Ar-Ge:<\/strong> M\u00fc\u015fterilerimizin de\u011fi\u015fen ihtiya\u00e7lar\u0131n\u0131 kar\u015f\u0131lamak ve yeni modeller geli\u015ftirmek i\u00e7in s\u00fcrekli olarak piyasay\u0131 ara\u015ft\u0131r\u0131yor ve inceliyoruz.<\/li>\n<li><strong>\u00d6zelle\u015ftirme:<\/strong> \u00c7e\u015fitli tipte hidrolik silindirlerin \u00fcretim ve sat\u0131\u015f\u0131nda uzmanla\u015f\u0131yor ve \u00f6zel sipari\u015fleri kabul ediyoruz. Hidrolik silindirleri \u00f6zel ihtiya\u00e7 ve gereksinimlerinize g\u00f6re \u00f6zelle\u015ftirebiliyoruz.<\/li>\n<\/ol>\n<p>FMP olarak, kalite ve m\u00fckemmelli\u011fe olan ba\u011fl\u0131l\u0131\u011f\u0131m\u0131zla gurur duyuyoruz. Uzman m\u00fchendis ve teknisyen ekibimiz, \u00fcr\u00fcnlerimizin en y\u00fcksek kalite ve g\u00fcvenilirlik standartlar\u0131n\u0131 kar\u015f\u0131lamas\u0131n\u0131 sa\u011flamak i\u00e7in yorulmadan \u00e7al\u0131\u015f\u0131yor. \u00dcr\u00fcn ve hizmetlerimiz hakk\u0131nda daha fazla bilgi edinmek i\u00e7in bug\u00fcn bizimle ileti\u015fime ge\u00e7in.<\/p>\n<p><img decoding=\"async\" src=\"https:\/\/fmp-components.com\/wp-content\/uploads\/2024\/12\/fmp-factory-4.webp\" alt=\"FMP fabrikas\u0131\" width=\"800\" title=\"\"><br \/>\nYazar:CX<\/p>","protected":false},"excerpt":{"rendered":"<p>The 10027 Italian Factory Small Double Acting Trailer Hydraulic Cylinder is expertly designed to provide reliable and efficient performance for various trailer applications. This compact hydraulic cylinder is an essential component for enhancing the functionality of trailers in both commercial and agricultural settings. Key Features: Double Acting Design: The double acting mechanism allows for smooth [&hellip;]<\/p>","protected":false},"featured_media":1132,"comment_status":"closed","ping_status":"closed","template":"","meta":{"_et_pb_use_builder":"","_et_pb_old_content":"","_et_gb_content_width":""},"product_brand":[],"product_cat":[31],"product_tag":[34,35],"class_list":{"0":"post-947","1":"product","2":"type-product","3":"status-publish","4":"has-post-thumbnail","6":"product_cat-welded-tee-type-cylinder","7":"product_tag-hydraulic-cylinder","8":"product_tag-welded-tee-type-cylinder","10":"first","11":"instock","12":"product-type-simple"},"_links":{"self":[{"href":"https:\/\/fmp-components.com\/tr\/wp-json\/wp\/v2\/product\/947","targetHints":{"allow":["GET"]}}],"collection":[{"href":"https:\/\/fmp-components.com\/tr\/wp-json\/wp\/v2\/product"}],"about":[{"href":"https:\/\/fmp-components.com\/tr\/wp-json\/wp\/v2\/types\/product"}],"replies":[{"embeddable":true,"href":"https:\/\/fmp-components.com\/tr\/wp-json\/wp\/v2\/comments?post=947"}],"wp:featuredmedia":[{"embeddable":true,"href":"https:\/\/fmp-components.com\/tr\/wp-json\/wp\/v2\/media\/1132"}],"wp:attachment":[{"href":"https:\/\/fmp-components.com\/tr\/wp-json\/wp\/v2\/media?parent=947"}],"wp:term":[{"taxonomy":"product_brand","embeddable":true,"href":"https:\/\/fmp-components.com\/tr\/wp-json\/wp\/v2\/product_brand?post=947"},{"taxonomy":"product_cat","embeddable":true,"href":"https:\/\/fmp-components.com\/tr\/wp-json\/wp\/v2\/product_cat?post=947"},{"taxonomy":"product_tag","embeddable":true,"href":"https:\/\/fmp-components.com\/tr\/wp-json\/wp\/v2\/product_tag?post=947"}],"curies":[{"name":"wp","href":"https:\/\/api.w.org\/{rel}","templated":true}]}}