{"id":946,"date":"2024-12-19T03:39:43","date_gmt":"2024-12-19T03:39:43","guid":{"rendered":"https:\/\/fmp-components.com\/product\/10026-chinese-factory-stainless-steel-hydraulic-ram-cylinder-double-acting\/"},"modified":"2025-03-18T02:25:33","modified_gmt":"2025-03-18T02:25:33","slug":"10026-italian-factory-stainless-steel-hydraulic-ram-cylinder-double-acting","status":"publish","type":"product","link":"https:\/\/fmp-components.com\/tr\/product\/10026-italian-factory-stainless-steel-hydraulic-ram-cylinder-double-acting\/","title":{"rendered":"10026 \u0130talyan Fabrikas\u0131 Paslanmaz \u00c7elik Hidrolik Ram Silindiri \u00c7ift Etkili"},"content":{"rendered":"<p>10026 Paslanmaz \u00c7elik Hidrolik Ram Silindiri, \u00e7e\u015fitli uygulamalarda dayan\u0131kl\u0131l\u0131k ve verimlilik i\u00e7in tasarlanm\u0131\u015f, y\u00fcksek kaliteli, \u00e7ift etkili bir silindirdir. \u0130talya'da \u00fcretilen bu hidrolik silindir, korozyon direnci ve g\u00fcvenilir performans gerektiren end\u00fcstriler i\u00e7in idealdir.<\/p>\n<h4>Temel \u00d6zellikler:<\/h4>\n<ul>\n<li><strong>Paslanmaz \u00c7elik Konstr\u00fcksiyon<\/strong>: \u00dcst\u00fcn paslanmaz \u00e7elikten \u00fcretilmi\u015ftir, korozyona ve a\u015f\u0131nmaya kar\u015f\u0131 m\u00fckemmel diren\u00e7 sa\u011flar, zorlu ortamlara uygundur.<\/li>\n<li><strong>\u00c7ift Etkili Tasar\u0131m<\/strong>: Hem uzatma hem de geri \u00e7ekmede sorunsuz \u00e7al\u0131\u015fmaya olanak tan\u0131r, kald\u0131rma ve ta\u015f\u0131ma g\u00f6revlerinde hassas kontrol sa\u011flar.<\/li>\n<li><strong>\u00c7ok Y\u00f6nl\u00fc Uygulamalar<\/strong>:Tar\u0131m, in\u015faat ve imalat gibi \u00e7e\u015fitli alanlarda kullan\u0131ma uygundur, farkl\u0131 makinelere uyum sa\u011flar.<\/li>\n<li><strong>Y\u00fcksek Y\u00fck Kapasitesi<\/strong>: A\u011f\u0131r y\u00fckler alt\u0131nda g\u00fcvenilir performans sa\u011flayarak \u00f6nemli kuvvetleri kald\u0131racak \u015fekilde tasarlanm\u0131\u015ft\u0131r.<\/li>\n<li><strong>Kolay Kurulum<\/strong>:Mevcut hidrolik sistemlere sorunsuz entegrasyon i\u00e7in tasarlanm\u0131\u015ft\u0131r, duru\u015f s\u00fcresini en aza indirir ve \u00fcretkenli\u011fi art\u0131r\u0131r.<\/li>\n<\/ul>\n<p><img loading=\"lazy\" decoding=\"async\" class=\"alignnone size-full wp-image-975\" src=\"https:\/\/fmp-components.com\/wp-content\/uploads\/2024\/12\/Welded-Tee-Type-Cylinder1.webp\" alt=\"Kaynakl\u0131 T Tipi Silindir\" width=\"759\" height=\"761\" title=\"\" srcset=\"https:\/\/fmp-components.com\/wp-content\/uploads\/2024\/12\/Welded-Tee-Type-Cylinder1.webp 759w, https:\/\/fmp-components.com\/wp-content\/uploads\/2024\/12\/Welded-Tee-Type-Cylinder1-480x481.webp 480w\" sizes=\"(min-width: 0px) and (max-width: 480px) 480px, (min-width: 481px) 759px, 100vw\" \/><\/p>\n<h4>Faydalar:<\/h4>\n<ul>\n<li><strong>Dayan\u0131kl\u0131l\u0131k<\/strong>: Paslanmaz \u00e7elik konstr\u00fcksiyon uzun bir kullan\u0131m \u00f6mr\u00fc sa\u011flar, bak\u0131m gereksinimlerini ve genel maliyetleri azalt\u0131r.<\/li>\n<li><strong>Geli\u015fmi\u015f Verimlilik<\/strong>: Hidrolik i\u015flemleri optimize ederek etkili kald\u0131rma ve itme eylemlerini kolayla\u015ft\u0131r\u0131r.<\/li>\n<li><strong>Maliyet Etkin \u00c7\u00f6z\u00fcm<\/strong>: Rekabet\u00e7i bir fiyatla y\u00fcksek performans sunmas\u0131, onu \u00e7e\u015fitli sekt\u00f6rler i\u00e7in de\u011ferli bir yat\u0131r\u0131m haline getiriyor.<\/li>\n<\/ul>\n<p>10026 \u0130talyan Fabrika Paslanmaz \u00c7elik Hidrolik Ram Silindiri, sa\u011flam ve g\u00fcvenilir hidrolik g\u00fc\u00e7 gerektiren her t\u00fcrl\u00fc uygulama i\u00e7in olmazsa olmaz bir bile\u015fendir. Dayan\u0131kl\u0131 tasar\u0131m\u0131 ve \u00e7ok y\u00f6nl\u00fc i\u015flevselli\u011fi, operasyonel verimlili\u011fi art\u0131rmak i\u00e7in onu \u00f6ne \u00e7\u0131kan bir se\u00e7enek haline getirir.<\/p>\n<h2>Kaynakl\u0131 T Tipi Silindirin Avantajlar\u0131<\/h2>\n<ul>\n<li style=\"list-style-type: none;\">\n<ul>\n<li><strong>Artt\u0131r\u0131lm\u0131\u015f G\u00fc\u00e7:<\/strong> Kaynakl\u0131 T tipi silindirler, y\u00fcksek mukavemetleriyle bilinir ve a\u011f\u0131r kald\u0131rma gerektiren uygulamalar i\u00e7in uygundur. Bu silindirlerin imalat\u0131nda kullan\u0131lan kaynak i\u015flemi, silindirin zay\u0131f noktalardan ar\u0131nd\u0131r\u0131lm\u0131\u015f olmas\u0131n\u0131 ve y\u00fcksek bas\u0131n\u00e7 ve gerilime dayanabilmesini sa\u011flar.<\/li>\n<\/ul>\n<\/li>\n<\/ul>\n<p>Silindire uygulanan bas\u0131n\u00e7, t\u00fcm y\u00fczeye e\u015fit olarak da\u011f\u0131larak deformasyona kar\u015f\u0131 diren\u00e7li hale gelir. Bu \u00f6zellik, silindirin en zorlu ko\u015fullarda bile \u015feklini ve yap\u0131sal b\u00fct\u00fcnl\u00fc\u011f\u00fcn\u00fc koruyabilmesini sa\u011flar.<\/p>\n<ul>\n<li style=\"list-style-type: none;\">\n<ul>\n<li><strong>S\u0131z\u0131nt\u0131 \u00d6nleme:<\/strong> Kaynakl\u0131 T tipi silindirler, s\u0131z\u0131nt\u0131y\u0131 \u00f6nleyecek \u015fekilde tasarlanm\u0131\u015ft\u0131r. \u00dcretim s\u00fcrecinde kullan\u0131lan kaynak i\u015flemi, silindirin tamamen s\u0131zd\u0131rmaz olmas\u0131n\u0131 ve olas\u0131 s\u0131z\u0131nt\u0131lardan ar\u0131nd\u0131r\u0131lmas\u0131n\u0131 sa\u011flar. Bu \u00f6zellik, s\u0131z\u0131nt\u0131n\u0131n ciddi hasara veya yaralanmaya neden olabilece\u011fi uygulamalarda kullan\u0131m i\u00e7in uygundur.<\/li>\n<\/ul>\n<\/li>\n<\/ul>\n<p>Kaynakl\u0131 ba\u011flant\u0131lar p\u00fcr\u00fczs\u00fczd\u00fcr, d\u00f6k\u00fcnt\u00fc veya kirin birikebilece\u011fi herhangi bir yar\u0131k veya oluk yoktur, bu da korozyon ve silindire zarar verme riskini azalt\u0131r.<\/p>\n<ul>\n<li style=\"list-style-type: none;\">\n<ul>\n<li><strong>\u00d6zelle\u015ftirilebilir:<\/strong> Kaynakl\u0131 T tipi silindirler, belirli uygulamalara uyacak \u015fekilde \u00f6zelle\u015ftirilebilir. Silindirler farkl\u0131 boyut ve \u015fekillerde mevcuttur ve uygulaman\u0131n \u00f6zel gereksinimlerini kar\u015f\u0131layacak \u015fekilde \u00fcretilebilir.<\/li>\n<\/ul>\n<\/li>\n<\/ul>\n<p>\u00d6zelle\u015ftirme s\u00fcreci, silindirin performans a\u00e7\u0131s\u0131ndan optimize edilmesini ve ama\u00e7lanan uygulamaya uygun olmas\u0131n\u0131 sa\u011flar. Bu \u00f6zellik, kaynakl\u0131 T tipi silindirleri in\u015faat, madencilik ve malzeme ta\u015f\u0131ma gibi \u00e7e\u015fitli end\u00fcstriyel uygulamalarda kullan\u0131m i\u00e7in ideal hale getirir.<\/p>\n<ul>\n<li style=\"list-style-type: none;\">\n<ul>\n<li><strong>Maliyet Etkin:<\/strong> Kaynakl\u0131 T tipi silindirler, di\u011fer silindir tiplerine k\u0131yasla uygun maliyetlidir. Bu silindirlerin \u00fcretiminde kullan\u0131lan imalat s\u00fcreci basittir ve bu da onlar\u0131 di\u011fer silindir tiplerine g\u00f6re daha uygun maliyetli k\u0131lar.<\/li>\n<\/ul>\n<\/li>\n<\/ul>\n<p>Ayr\u0131ca, kaynakl\u0131 T tipi silindirlerin y\u00fcksek mukavemeti ve dayan\u0131kl\u0131l\u0131\u011f\u0131, s\u0131k onar\u0131m ve de\u011fi\u015ftirme ihtiyac\u0131n\u0131 azaltarak bak\u0131m maliyetlerinden tasarruf sa\u011flar. Bu \u00f6zellik, onlar\u0131 \u00f6zellikle s\u0131n\u0131rl\u0131 b\u00fct\u00e7eye sahip bir\u00e7ok sekt\u00f6r i\u00e7in pop\u00fcler bir tercih haline getirir.<\/p>\n<ul>\n<li style=\"list-style-type: none;\">\n<ul>\n<li><strong>Artan Verimlilik:<\/strong> Kaynakl\u0131 T tipi silindirler son derece verimli ve etkilidir. Silindirin tasar\u0131m\u0131, uygulanan kuvvetin do\u011frudan y\u00fcke aktar\u0131lmas\u0131n\u0131 sa\u011flayarak enerji kayb\u0131n\u0131 azalt\u0131r ve verimlili\u011fi art\u0131r\u0131r.<\/li>\n<\/ul>\n<\/li>\n<\/ul>\n<p>Kaynakl\u0131 ba\u011flant\u0131lar g\u00fc\u00e7l\u00fc ve sa\u011flamd\u0131r, sapmay\u0131 en aza indirir ve silindirin en zorlu ko\u015fullarda bile \u015feklini ve yap\u0131sal b\u00fct\u00fcnl\u00fc\u011f\u00fcn\u00fc korumas\u0131n\u0131 sa\u011flar. Bu \u00f6zellik, kaynakl\u0131 T tipi silindirleri y\u00fcksek verimlilik ve g\u00fcvenilirlik gerektiren uygulamalarda kullan\u0131m i\u00e7in ideal hale getirir.<\/p>\n<h2>Kaynakl\u0131 T Tipi Silindir Uygulamas\u0131<\/h2>\n<h3>girii\u015f<\/h3>\n<p>Kaynakl\u0131 T tipi silindir, end\u00fcstriyel uygulamalarda yayg\u0131n olarak kullan\u0131lan bir hidrolik silindir t\u00fcr\u00fcd\u00fcr. Kompakt ve uygun maliyetli bir pakette y\u00fcksek kuvvet \u00e7\u0131k\u0131\u015f\u0131 sa\u011flamak \u00fczere tasarlanm\u0131\u015ft\u0131r. Bu tip silindir, kaynakl\u0131 bir T par\u00e7as\u0131 ve bu par\u00e7aya ba\u011fl\u0131 bir piston \u00e7ubu\u011fundan olu\u015fur. T par\u00e7as\u0131, silindirin namlusuna ba\u011fl\u0131d\u0131r ve namlu i\u00e7inde ileri geri hareket ederek kuvvet \u00fcreten bir piston i\u00e7erir.<\/p>\n<h3>Kaynakl\u0131 T Tipi Silindirin Avantajlar\u0131<\/h3>\n<p>End\u00fcstriyel uygulamalarda kaynakl\u0131 T tipi silindir kullanman\u0131n bir\u00e7ok avantaj\u0131 vard\u0131r:<\/p>\n<ul>\n<li><b>Kompakt tasar\u0131m:<\/b> Kaynakl\u0131 T tipi silindirler, alan\u0131n k\u0131s\u0131tl\u0131 oldu\u011fu uygulamalarda kullan\u0131m i\u00e7in ideal olacak \u015fekilde kompakt olarak tasarlanm\u0131\u015ft\u0131r.<\/li>\n<li><b>Y\u00fcksek verimlilik:<\/b> Kaynakl\u0131 T tipi silindirler olduk\u00e7a verimlidir, bu da minimum enerji giri\u015fiyle b\u00fcy\u00fck miktarda kuvvet \u00fcretebilecekleri anlam\u0131na gelir.<\/li>\n<li><b>Dayan\u0131kl\u0131:<\/b> Kaynakl\u0131 T tipi silindirler son derece dayan\u0131kl\u0131 olacak \u015fekilde tasarlanm\u0131\u015ft\u0131r, bu da zorlu \u00e7al\u0131\u015fma ko\u015fullar\u0131na dayanabilecekleri ve uzun s\u00fcre dayanabilecekleri anlam\u0131na gelir.<\/li>\n<li><b>Maliyet etkin:<\/b> Kaynakl\u0131 T tipi silindirler maliyet a\u00e7\u0131s\u0131ndan avantajl\u0131d\u0131r, yani paran\u0131z\u0131n kar\u015f\u0131l\u0131\u011f\u0131n\u0131 fazlas\u0131yla al\u0131rs\u0131n\u0131z.<\/li>\n<\/ul>\n<h3>Kaynakl\u0131 T Tipi Silindir Uygulamalar\u0131<\/h3>\n<p>Kaynakl\u0131 T tipi silindirlerin \u00e7e\u015fitli end\u00fcstrilerde bir\u00e7ok uygulamas\u0131 vard\u0131r, bunlar aras\u0131nda \u015funlar yer al\u0131r:<\/p>\n<ul>\n<li><b>\u00dcretme:<\/b> Kaynakl\u0131 T tipi silindirler, imalat sekt\u00f6r\u00fcnde makineleri \u00e7al\u0131\u015ft\u0131rmak, a\u011f\u0131r y\u00fckleri hareket ettirmek ve metal par\u00e7alar\u0131 \u015fekillendirmek i\u00e7in kullan\u0131l\u0131r.<\/li>\n<li><b>Tar\u0131m:<\/b> Kaynakl\u0131 T tipi silindirler tar\u0131mda trakt\u00f6r, bi\u00e7erd\u00f6ver ve di\u011fer tar\u0131m ekipmanlar\u0131ndaki hidrolik sistemleri \u00e7al\u0131\u015ft\u0131rmak i\u00e7in kullan\u0131l\u0131r.<\/li>\n<li><b>Yap\u0131:<\/b> Kaynakl\u0131 T tipi silindirler in\u015faat sekt\u00f6r\u00fcnde vin\u00e7, ekskavat\u00f6r ve kep\u00e7e gibi makineleri \u00e7al\u0131\u015ft\u0131rmak i\u00e7in kullan\u0131l\u0131r.<\/li>\n<li><b>Madencilik:<\/b> Kaynakl\u0131 T tipi silindirler, madencilikte buldozer, y\u00fckleyici ve kaya delici gibi a\u011f\u0131r ekipmanlar\u0131n hidrolik sistemlerini \u00e7al\u0131\u015ft\u0131rmak i\u00e7in kullan\u0131l\u0131r.<\/li>\n<li><b>Toplu ta\u015f\u0131ma:<\/b> Kaynakl\u0131 T tipi silindirler, ta\u015f\u0131mac\u0131l\u0131kta kamyon, otob\u00fcs ve di\u011fer ara\u00e7lardaki hidrolik sistemleri \u00e7al\u0131\u015ft\u0131rmak i\u00e7in kullan\u0131l\u0131r.<\/li>\n<\/ul>\n<h3>\u00c7\u00f6z\u00fcm<\/h3>\n<p>Sonu\u00e7 olarak, kaynakl\u0131 T tipi silindirler bir\u00e7ok end\u00fcstriyel uygulamada \u00f6nemli bir bile\u015fendir. Kompakt, verimli, dayan\u0131kl\u0131 ve uygun maliyetli olacak \u015fekilde tasarland\u0131klar\u0131 i\u00e7in \u00e7ok \u00e7e\u015fitli uygulamalar i\u00e7in ideal bir se\u00e7imdir. \u0130ster bir \u00fcretim tesisinde makine, ister bir \u00e7iftlikte tar\u0131m ekipman\u0131 veya bir madende a\u011f\u0131r ekipman kullan\u0131yor olun, kaynakl\u0131 T tipi silindirler i\u015finizi verimli ve etkili bir \u015fekilde yapman\u0131za yard\u0131mc\u0131 olabilir.<\/p>\n<h3>FMP Hakk\u0131nda<\/h3>\n<p>FMP, \u0130talya merkezli, 30 y\u0131l\u0131 a\u015fk\u0131n s\u00fcredir sekt\u00f6rde faaliyet g\u00f6steren bir \u015firkettir. \u00c7e\u015fitli tipte Hidrolik Silindirlerin \u00fcretimi ve sat\u0131\u015f\u0131 konusunda uzmanla\u015fm\u0131\u015f olup, \u00f6zelle\u015ftirme taleplerinizi kabul ediyoruz.<\/p>\n<p>\u00dcr\u00fcnlerimiz y\u00fcksek kalitede olup, \u00fcretim s\u00fcrecinde 100'den fazla ekipman kullanmaktay\u0131z. Bunlar aras\u0131nda otomatik gazalt\u0131 kaynak makineleri, derin delik delme makineleri, CNC torna tezgahlar\u0131, silindirik ta\u015flama makineleri, otomatik temizleme makineleri, otomatik montaj makineleri, otomatik hidrolik silindir performans test tezgahlar\u0131 ve otomatik boyama hatlar\u0131 bulunmaktad\u0131r.<\/p>\n<p>FMP ile \u00e7al\u0131\u015fman\u0131n baz\u0131 avantajlar\u0131 \u015funlard\u0131r:<\/p>\n<p>1. Tasar\u0131m Hizmeti: Tasar\u0131m ekibimiz, \u00fcniversal \u015faft \u00fcr\u00fcn tasar\u0131m\u0131 ve geli\u015ftirme konusunda zengin deneyime sahiptir. Yeni \u00fcr\u00fcnlere ihtiyac\u0131n\u0131z varsa veya daha fazla iyile\u015ftirme istiyorsan\u0131z, size destek olaca\u011f\u0131z.<\/p>\n<p>2. \u00dcr\u00fcn Servisi: Hammadde, kesim, kaba i\u015fleme, test, temizlik, montaj, paketleme ve nakliye dahil olmak \u00fczere eksiksiz bir \u00fcretim s\u00fcrecimiz var. \u00dcr\u00fcnlerimizin kalitesini sa\u011flamak i\u00e7in \u00fcretim s\u00fcrecinin her ayr\u0131nt\u0131s\u0131na \u00f6zen g\u00f6steriyoruz.<\/p>\n<p>3. Numune S\u00fcreci: \u0130htiya\u00e7lar\u0131n\u0131za g\u00f6re numuneler geli\u015ftirebilir ve numuneleri ihtiya\u00e7lar\u0131n\u0131za g\u00f6re s\u00fcrekli olarak g\u00fcncelleyebiliriz. Bu sayede m\u00fc\u015fterilerimizin \u00fcr\u00fcnlerimizden tam olarak ihtiya\u00e7 duyduklar\u0131 \u015feyi almas\u0131n\u0131 sa\u011flar\u0131z.<\/p>\n<p>4. Ar-Ge: FMP olarak, en son pazar trendlerini yak\u0131ndan takip ediyor ve m\u00fc\u015fterilerimizin ihtiya\u00e7lar\u0131n\u0131 kar\u015f\u0131lamak i\u00e7in s\u00fcrekli \u00e7al\u0131\u015f\u0131yoruz. Pazar\u0131n de\u011fi\u015fen ihtiya\u00e7lar\u0131n\u0131 kar\u015f\u0131lamak i\u00e7in s\u00fcrekli yeni modeller geli\u015ftiriyoruz.<\/p>\n<p>5. Kalite Kontrol: M\u00fc\u015fterilerimize iyi kaliteyi garanti etmek i\u00e7in her hidrolik silindir s\u0131k\u0131 bir i\u015fleme ve denetimden ge\u00e7er. \u00dcr\u00fcnlerimizin arkas\u0131nday\u0131z ve en y\u00fcksek standartlar\u0131 kar\u015f\u0131lad\u0131\u011f\u0131ndan emin oluyoruz.<\/p>\n<p>Y\u00fcksek kaliteli \u00fcr\u00fcnler ve m\u00fckemmel m\u00fc\u015fteri hizmeti sunmaya kararl\u0131y\u0131z. \u0130htiya\u00e7lar\u0131n\u0131za en uygun hidrolik silindiri bulmak i\u00e7in bize g\u00fcvenin.<\/p>\n<p><img decoding=\"async\" src=\"https:\/\/fmp-components.com\/wp-content\/uploads\/2024\/12\/fmp-factory-4.webp\" alt=\"FMP fabrikas\u0131\" width=\"800\" title=\"\"><br \/>\nYazar:CX<\/p>","protected":false},"excerpt":{"rendered":"<p>The 10026 Stainless Steel Hydraulic Ram Cylinder is a high-quality double acting cylinder designed for durability and efficiency in various applications. Manufactured in Italy, this hydraulic cylinder is ideal for industries that require corrosion resistance and reliable performance. Key Features: Stainless Steel Construction: Made from premium stainless steel, providing excellent resistance to corrosion and wear, [&hellip;]<\/p>","protected":false},"featured_media":1133,"comment_status":"closed","ping_status":"closed","template":"","meta":{"_et_pb_use_builder":"","_et_pb_old_content":"","_et_gb_content_width":""},"product_brand":[],"product_cat":[31],"product_tag":[34,35],"class_list":{"0":"post-946","1":"product","2":"type-product","3":"status-publish","4":"has-post-thumbnail","6":"product_cat-welded-tee-type-cylinder","7":"product_tag-hydraulic-cylinder","8":"product_tag-welded-tee-type-cylinder","10":"first","11":"instock","12":"product-type-simple"},"_links":{"self":[{"href":"https:\/\/fmp-components.com\/tr\/wp-json\/wp\/v2\/product\/946","targetHints":{"allow":["GET"]}}],"collection":[{"href":"https:\/\/fmp-components.com\/tr\/wp-json\/wp\/v2\/product"}],"about":[{"href":"https:\/\/fmp-components.com\/tr\/wp-json\/wp\/v2\/types\/product"}],"replies":[{"embeddable":true,"href":"https:\/\/fmp-components.com\/tr\/wp-json\/wp\/v2\/comments?post=946"}],"wp:featuredmedia":[{"embeddable":true,"href":"https:\/\/fmp-components.com\/tr\/wp-json\/wp\/v2\/media\/1133"}],"wp:attachment":[{"href":"https:\/\/fmp-components.com\/tr\/wp-json\/wp\/v2\/media?parent=946"}],"wp:term":[{"taxonomy":"product_brand","embeddable":true,"href":"https:\/\/fmp-components.com\/tr\/wp-json\/wp\/v2\/product_brand?post=946"},{"taxonomy":"product_cat","embeddable":true,"href":"https:\/\/fmp-components.com\/tr\/wp-json\/wp\/v2\/product_cat?post=946"},{"taxonomy":"product_tag","embeddable":true,"href":"https:\/\/fmp-components.com\/tr\/wp-json\/wp\/v2\/product_tag?post=946"}],"curies":[{"name":"wp","href":"https:\/\/api.w.org\/{rel}","templated":true}]}}