{"id":945,"date":"2024-12-19T03:39:43","date_gmt":"2024-12-19T03:39:43","guid":{"rendered":"https:\/\/fmp-components.com\/product\/10025-premium-quality-1200mm-stroke-double-acting-hydraulic-cylinder-hydraulic-ram-cylinder\/"},"modified":"2024-12-19T08:58:03","modified_gmt":"2024-12-19T08:58:03","slug":"10025-premium-quality-1200mm-stroke-double-acting-hydraulic-cylinder-hydraulic-ram-cylinder","status":"publish","type":"product","link":"https:\/\/fmp-components.com\/tr\/product\/10025-premium-quality-1200mm-stroke-double-acting-hydraulic-cylinder-hydraulic-ram-cylinder\/","title":{"rendered":"10025 Premium Kalite 1200 mm Strok \u00c7ift Etkili Hidrolik Silindir Hidrolik Ko\u00e7 Silindiri"},"content":{"rendered":"<p>10025 Premium Kalite 1200 mm Strok \u00c7ift Etkili Hidrolik Silindir, zorlu uygulamalarda y\u00fcksek performans i\u00e7in tasarlanm\u0131\u015ft\u0131r. Bu hidrolik silindir, g\u00fcvenilir g\u00fc\u00e7 ve verimlilik sa\u011flamak \u00fczere tasarlanm\u0131\u015ft\u0131r ve \u00e7e\u015fitli end\u00fcstriyel i\u015fler ve makineler i\u00e7in idealdir.<\/p>\n<h4>Temel \u00d6zellikler:<\/h4>\n<ul>\n<li><strong>\u00c7ift Etkili Tasar\u0131m<\/strong>Uzatma ve geri \u00e7ekme i\u015flemlerinde sorunsuz \u00e7al\u0131\u015fma sa\u011flayarak \u00e7e\u015fitli uygulamalar i\u00e7in hassas kontrol imkan\u0131 sunar.<\/li>\n<li><strong>Uzat\u0131lm\u0131\u015f Vuru\u015f Uzunlu\u011fu<\/strong>1200 mm'lik strok uzunlu\u011fuyla bu silindir, kald\u0131rma ve itme i\u015flerinde geli\u015fmi\u015f eri\u015fim ve esneklik sa\u011flar.<\/li>\n<li><strong>\u00dcst\u00fcn Kalitede \u0130n\u015faat<\/strong>Y\u00fcksek kaliteli malzemelerden \u00fcretilmi\u015f olup, dayan\u0131kl\u0131l\u0131k ve a\u011f\u0131r y\u00fcklere kar\u015f\u0131 diren\u00e7 sa\u011flayarak uzun \u00f6m\u00fcrl\u00fc performans sunar.<\/li>\n<li><strong>Korozyona Dayan\u0131kl\u0131 Kaplama<\/strong>Pas ve korozyonu \u00f6nlemek i\u00e7in kaplanm\u0131\u015ft\u0131r, bu da onu d\u0131\u015f mekan ve end\u00fcstriyel ortamlar dahil olmak \u00fczere \u00e7e\u015fitli ortamlarda kullan\u0131ma uygun hale getirir.<\/li>\n<li><strong>Kolay Kurulum<\/strong>:Mevcut sistemlere kolayca entegre edilebilecek \u015fekilde tasarlanm\u0131\u015ft\u0131r, kesinti s\u00fcresini en aza indirir ve \u00fcretkenli\u011fi art\u0131r\u0131r.<\/li>\n<\/ul>\n<h4>Faydalar:<\/h4>\n<ul>\n<li><strong>Geli\u015fmi\u015f Verimlilik<\/strong>A\u011f\u0131r y\u00fcklerin kald\u0131r\u0131lmas\u0131 ve ta\u015f\u0131nmas\u0131 i\u00e7in g\u00fcvenilir hidrolik g\u00fc\u00e7 sa\u011flayarak makinelerin \u00e7al\u0131\u015fmas\u0131n\u0131 optimize eder.<\/li>\n<li><strong>\u00c7ok Y\u00f6nl\u00fc Uygulamalar<\/strong>\u0130n\u015faat, tar\u0131m ve end\u00fcstriyel faaliyetler de dahil olmak \u00fczere \u00e7ok \u00e7e\u015fitli kullan\u0131m alanlar\u0131na uygundur.<\/li>\n<li><strong>Maliyet Etkin \u00c7\u00f6z\u00fcm<\/strong>Y\u00fcksek performans, uygun fiyatla birle\u015ferek yat\u0131r\u0131m\u0131n\u0131z\u0131n kar\u015f\u0131l\u0131\u011f\u0131n\u0131 fazlas\u0131yla alman\u0131z\u0131 sa\u011flar.<\/li>\n<\/ul>\n<p>10025 Premium Kalite 1200 mm Strok \u00c7ift Etkili Hidrolik Silindir, g\u00fcvenilir hidrolik etki gerektiren her t\u00fcrl\u00fc i\u015flem i\u00e7in hayati bir bile\u015fendir. Sa\u011flam tasar\u0131m\u0131 ve uzat\u0131lm\u0131\u015f strok uzunlu\u011fu, \u00e7e\u015fitli uygulamalarda verimlili\u011fi ve etkinli\u011fi art\u0131rmak i\u00e7in de\u011ferli bir varl\u0131k haline getirir.<\/p>\n<h2>\n<img decoding=\"async\" style=\"color: #666666; font-size: 14px;\" src=\"https:\/\/hzpt.com\/wp-content\/uploads\/2023\/12\/random-1.webp?v=1694163707\" alt=\"\" title=\"\"><\/h2>\n<h2>Kaynakl\u0131 T Tipi Silindirin Avantajlar\u0131<\/h2>\n<ul>\n<li style=\"list-style-type: none;\">\n<ul>\n<li><strong>Artt\u0131r\u0131lm\u0131\u015f G\u00fc\u00e7:<\/strong> Kaynakl\u0131 T tipi silindirler, y\u00fcksek mukavemetleriyle bilinir ve a\u011f\u0131r kald\u0131rma gerektiren uygulamalar i\u00e7in uygundur. Bu silindirlerin imalat\u0131nda kullan\u0131lan kaynak i\u015flemi, silindirin zay\u0131f noktalardan ar\u0131nd\u0131r\u0131lm\u0131\u015f olmas\u0131n\u0131 ve y\u00fcksek bas\u0131n\u00e7 ve gerilime dayanabilmesini sa\u011flar.<\/li>\n<\/ul>\n<\/li>\n<\/ul>\n<p>Silindire uygulanan bas\u0131n\u00e7, t\u00fcm y\u00fczeye e\u015fit olarak da\u011f\u0131larak deformasyona kar\u015f\u0131 diren\u00e7li hale gelir. Bu \u00f6zellik, silindirin en zorlu ko\u015fullarda bile \u015feklini ve yap\u0131sal b\u00fct\u00fcnl\u00fc\u011f\u00fcn\u00fc koruyabilmesini sa\u011flar.<\/p>\n<ul>\n<li style=\"list-style-type: none;\">\n<ul>\n<li><strong>S\u0131z\u0131nt\u0131 \u00d6nleme:<\/strong> Kaynakl\u0131 T tipi silindirler, s\u0131z\u0131nt\u0131y\u0131 \u00f6nleyecek \u015fekilde tasarlanm\u0131\u015ft\u0131r. \u00dcretim s\u00fcrecinde kullan\u0131lan kaynak i\u015flemi, silindirin tamamen s\u0131zd\u0131rmaz olmas\u0131n\u0131 ve olas\u0131 s\u0131z\u0131nt\u0131lardan ar\u0131nd\u0131r\u0131lmas\u0131n\u0131 sa\u011flar. Bu \u00f6zellik, s\u0131z\u0131nt\u0131n\u0131n ciddi hasara veya yaralanmaya neden olabilece\u011fi uygulamalarda kullan\u0131m i\u00e7in uygundur.<\/li>\n<\/ul>\n<\/li>\n<\/ul>\n<p>Kaynakl\u0131 ba\u011flant\u0131lar p\u00fcr\u00fczs\u00fczd\u00fcr, d\u00f6k\u00fcnt\u00fc veya kirin birikebilece\u011fi herhangi bir yar\u0131k veya oluk yoktur, bu da korozyon ve silindire zarar verme riskini azalt\u0131r.<\/p>\n<ul>\n<li style=\"list-style-type: none;\">\n<ul>\n<li><strong>\u00d6zelle\u015ftirilebilir:<\/strong> Kaynakl\u0131 T tipi silindirler, belirli uygulamalara uyacak \u015fekilde \u00f6zelle\u015ftirilebilir. Silindirler farkl\u0131 boyut ve \u015fekillerde mevcuttur ve uygulaman\u0131n \u00f6zel gereksinimlerini kar\u015f\u0131layacak \u015fekilde \u00fcretilebilir.<\/li>\n<\/ul>\n<\/li>\n<\/ul>\n<p>\u00d6zelle\u015ftirme s\u00fcreci, silindirin performans a\u00e7\u0131s\u0131ndan optimize edilmesini ve ama\u00e7lanan uygulamaya uygun olmas\u0131n\u0131 sa\u011flar. Bu \u00f6zellik, kaynakl\u0131 T tipi silindirleri in\u015faat, madencilik ve malzeme ta\u015f\u0131ma gibi \u00e7e\u015fitli end\u00fcstriyel uygulamalarda kullan\u0131m i\u00e7in ideal hale getirir.<\/p>\n<ul>\n<li style=\"list-style-type: none;\">\n<ul>\n<li><strong>Maliyet Etkin:<\/strong> Kaynakl\u0131 T tipi silindirler, di\u011fer silindir tiplerine k\u0131yasla uygun maliyetlidir. Bu silindirlerin \u00fcretiminde kullan\u0131lan imalat s\u00fcreci basittir ve bu da onlar\u0131 di\u011fer silindir tiplerine g\u00f6re daha uygun maliyetli k\u0131lar.<\/li>\n<\/ul>\n<\/li>\n<\/ul>\n<p>Ayr\u0131ca, kaynakl\u0131 T tipi silindirlerin y\u00fcksek mukavemeti ve dayan\u0131kl\u0131l\u0131\u011f\u0131, s\u0131k onar\u0131m ve de\u011fi\u015ftirme ihtiyac\u0131n\u0131 azaltarak bak\u0131m maliyetlerinden tasarruf sa\u011flar. Bu \u00f6zellik, onlar\u0131 \u00f6zellikle s\u0131n\u0131rl\u0131 b\u00fct\u00e7eye sahip bir\u00e7ok sekt\u00f6r i\u00e7in pop\u00fcler bir tercih haline getirir.<\/p>\n<ul>\n<li style=\"list-style-type: none;\">\n<ul>\n<li><strong>Artan Verimlilik:<\/strong> Kaynakl\u0131 T tipi silindirler son derece verimli ve etkilidir. Silindirin tasar\u0131m\u0131, uygulanan kuvvetin do\u011frudan y\u00fcke aktar\u0131lmas\u0131n\u0131 sa\u011flayarak enerji kayb\u0131n\u0131 azalt\u0131r ve verimlili\u011fi art\u0131r\u0131r.<\/li>\n<\/ul>\n<\/li>\n<\/ul>\n<p>Kaynakl\u0131 ba\u011flant\u0131lar g\u00fc\u00e7l\u00fc ve sa\u011flamd\u0131r, sapmay\u0131 en aza indirir ve silindirin en zorlu ko\u015fullarda bile \u015feklini ve yap\u0131sal b\u00fct\u00fcnl\u00fc\u011f\u00fcn\u00fc korumas\u0131n\u0131 sa\u011flar. Bu \u00f6zellik, kaynakl\u0131 T tipi silindirleri y\u00fcksek verimlilik ve g\u00fcvenilirlik gerektiren uygulamalarda kullan\u0131m i\u00e7in ideal hale getirir.<\/p>\n<h2>Kaynakl\u0131 T Tipi Silindir Uygulamas\u0131<\/h2>\n<h3>girii\u015f<\/h3>\n<p>Kaynakl\u0131 T tipi silindir, end\u00fcstriyel uygulamalarda yayg\u0131n olarak kullan\u0131lan bir hidrolik silindir t\u00fcr\u00fcd\u00fcr. Kompakt ve uygun maliyetli bir pakette y\u00fcksek kuvvet \u00e7\u0131k\u0131\u015f\u0131 sa\u011flamak \u00fczere tasarlanm\u0131\u015ft\u0131r. Bu tip silindir, kaynakl\u0131 bir T par\u00e7as\u0131 ve bu par\u00e7aya ba\u011fl\u0131 bir piston \u00e7ubu\u011fundan olu\u015fur. T par\u00e7as\u0131, silindirin namlusuna ba\u011fl\u0131d\u0131r ve namlu i\u00e7inde ileri geri hareket ederek kuvvet \u00fcreten bir piston i\u00e7erir.<\/p>\n<h3>Kaynakl\u0131 T Tipi Silindirin Avantajlar\u0131<\/h3>\n<p>End\u00fcstriyel uygulamalarda kaynakl\u0131 T tipi silindir kullanman\u0131n bir\u00e7ok avantaj\u0131 vard\u0131r:<\/p>\n<ul>\n<li><b>Kompakt tasar\u0131m:<\/b> Kaynakl\u0131 T tipi silindirler, alan\u0131n k\u0131s\u0131tl\u0131 oldu\u011fu uygulamalarda kullan\u0131m i\u00e7in ideal olacak \u015fekilde kompakt olarak tasarlanm\u0131\u015ft\u0131r.<\/li>\n<li><b>Y\u00fcksek verimlilik:<\/b> Kaynakl\u0131 T tipi silindirler olduk\u00e7a verimlidir, bu da minimum enerji giri\u015fiyle b\u00fcy\u00fck miktarda kuvvet \u00fcretebilecekleri anlam\u0131na gelir.<\/li>\n<li><b>Dayan\u0131kl\u0131:<\/b> Kaynakl\u0131 T tipi silindirler son derece dayan\u0131kl\u0131 olacak \u015fekilde tasarlanm\u0131\u015ft\u0131r, bu da zorlu \u00e7al\u0131\u015fma ko\u015fullar\u0131na dayanabilecekleri ve uzun s\u00fcre dayanabilecekleri anlam\u0131na gelir.<\/li>\n<li><b>Maliyet etkin:<\/b> Kaynakl\u0131 T tipi silindirler maliyet a\u00e7\u0131s\u0131ndan avantajl\u0131d\u0131r, yani paran\u0131z\u0131n kar\u015f\u0131l\u0131\u011f\u0131n\u0131 fazlas\u0131yla al\u0131rs\u0131n\u0131z.<\/li>\n<\/ul>\n<h3>Kaynakl\u0131 T Tipi Silindir Uygulamalar\u0131<\/h3>\n<p>Kaynakl\u0131 T tipi silindirlerin \u00e7e\u015fitli end\u00fcstrilerde bir\u00e7ok uygulamas\u0131 vard\u0131r, bunlar aras\u0131nda \u015funlar yer al\u0131r:<\/p>\n<ul>\n<li><b>\u00dcretme:<\/b> Kaynakl\u0131 T tipi silindirler, imalat sekt\u00f6r\u00fcnde makineleri \u00e7al\u0131\u015ft\u0131rmak, a\u011f\u0131r y\u00fckleri hareket ettirmek ve metal par\u00e7alar\u0131 \u015fekillendirmek i\u00e7in kullan\u0131l\u0131r.<\/li>\n<li><b>Tar\u0131m:<\/b> Kaynakl\u0131 T tipi silindirler tar\u0131mda trakt\u00f6r, bi\u00e7erd\u00f6ver ve di\u011fer tar\u0131m ekipmanlar\u0131ndaki hidrolik sistemleri \u00e7al\u0131\u015ft\u0131rmak i\u00e7in kullan\u0131l\u0131r.<\/li>\n<li><b>Yap\u0131:<\/b> Kaynakl\u0131 T tipi silindirler in\u015faat sekt\u00f6r\u00fcnde vin\u00e7, ekskavat\u00f6r ve kep\u00e7e gibi makineleri \u00e7al\u0131\u015ft\u0131rmak i\u00e7in kullan\u0131l\u0131r.<\/li>\n<li><b>Madencilik:<\/b> Kaynakl\u0131 T tipi silindirler, madencilikte buldozer, y\u00fckleyici ve kaya delici gibi a\u011f\u0131r ekipmanlar\u0131n hidrolik sistemlerini \u00e7al\u0131\u015ft\u0131rmak i\u00e7in kullan\u0131l\u0131r.<\/li>\n<li><b>Toplu ta\u015f\u0131ma:<\/b> Kaynakl\u0131 T tipi silindirler, ta\u015f\u0131mac\u0131l\u0131kta kamyon, otob\u00fcs ve di\u011fer ara\u00e7lardaki hidrolik sistemleri \u00e7al\u0131\u015ft\u0131rmak i\u00e7in kullan\u0131l\u0131r.<\/li>\n<\/ul>\n<h3>\u00c7\u00f6z\u00fcm<\/h3>\n<p>Sonu\u00e7 olarak, kaynakl\u0131 T tipi silindirler bir\u00e7ok end\u00fcstriyel uygulamada \u00f6nemli bir bile\u015fendir. Kompakt, verimli, dayan\u0131kl\u0131 ve uygun maliyetli olacak \u015fekilde tasarland\u0131klar\u0131 i\u00e7in \u00e7ok \u00e7e\u015fitli uygulamalar i\u00e7in ideal bir se\u00e7imdir. \u0130ster bir \u00fcretim tesisinde makine, ister bir \u00e7iftlikte tar\u0131m ekipman\u0131 veya bir madende a\u011f\u0131r ekipman kullan\u0131yor olun, kaynakl\u0131 T tipi silindirler i\u015finizi verimli ve etkili bir \u015fekilde yapman\u0131za yard\u0131mc\u0131 olabilir.<\/p>\n<h3>FMP Hakk\u0131nda<\/h3>\n<p>30 y\u0131l\u0131 a\u015fk\u0131n bir ge\u00e7mi\u015fe sahip olan FMP, hidrolik silindirlerin \u00f6nde gelen \u00fcreticisi ve tedarik\u00e7isidir. Sanayi b\u00f6lgemiz \u0130talya'da stratejik bir konumda yer almakta olup, 100'den fazla son teknoloji \u00fcr\u00fcn\u00fc ekipmandan olu\u015fan geni\u015f yelpazemizle gurur duyuyoruz. Kapsaml\u0131 makine park\u0131m\u0131z; otomatik gaz korumal\u0131 kaynak makineleri, derin delme makineleri, CNC torna tezgahlar\u0131, silindirik ta\u015flama makineleri, otomatik temizleme makineleri, otomatik montaj makineleri, otomatik hidrolik silindir performans test tezgahlar\u0131 ve otomatik boyama hatlar\u0131n\u0131 i\u00e7ermektedir.<\/p>\n<p><img decoding=\"async\" src=\"https:\/\/fmp-components.com\/wp-content\/uploads\/2024\/12\/fmp-factory-4.webp\" alt=\"FMP fabrikas\u0131\" width=\"800\" title=\"\"><\/p>\n<p>FMP olarak, \u00e7e\u015fitli m\u00fc\u015fteri ihtiya\u00e7lar\u0131n\u0131 kar\u015f\u0131lamak \u00fczere \u00e7ok \u00e7e\u015fitli hidrolik silindirler sunuyoruz. Her bir hidrolik silindir, ola\u011fan\u00fcst\u00fc kaliteyi sa\u011flamak i\u00e7in s\u0131k\u0131 bir i\u015flem ve denetimden ge\u00e7mektedir. \u0130\u015fte ba\u015fl\u0131ca \u00fcr\u00fcn \u00f6zelliklerimiz ve \u015firketimizin avantajlar\u0131ndan baz\u0131lar\u0131:<\/p>\n<ol>\n<li>Tasar\u0131m Hizmeti: Deneyimli tasar\u0131m ekibimiz, evrensel \u015faft \u00fcr\u00fcnlerinin tasar\u0131m\u0131 ve geli\u015ftirilmesi konusunda uzmanla\u015fm\u0131\u015ft\u0131r. Yeni \u00fcr\u00fcnler olu\u015fturman\u0131zda veya mevcut \u00fcr\u00fcnlerinizi geli\u015ftirmenizde size destek olmaya haz\u0131r\u0131z.<\/li>\n<li>\u00dcr\u00fcn Hizmeti: Hammaddelerden nakliyeye kadar, kapsaml\u0131 \u00fcr\u00fcn hizmetimiz kesim, kaba i\u015fleme, test, temizlik, montaj, paketleme ve nakliyeyi kapsar. M\u00fckemmelli\u011fi sa\u011flamak i\u00e7in her ad\u0131m\u0131n titizlikle y\u00fcr\u00fct\u00fclmesini garanti ediyoruz.<\/li>\n<li>Numune S\u00fcreci: Belirli gereksinimleri kar\u015f\u0131laman\u0131n \u00f6nemini anl\u0131yoruz. \u0130htiya\u00e7lar\u0131n\u0131za uygun numune geli\u015ftirme hizmeti sunuyoruz ve beklentilerinizi kar\u015f\u0131lamak i\u00e7in s\u00fcrekli olarak de\u011fi\u015fiklikler yap\u0131yoruz.<\/li>\n<li>Ar-Ge: FMP, ortaya \u00e7\u0131kan otomotiv trendlerini inceleyerek ve de\u011fi\u015fen pazar taleplerini kar\u015f\u0131lamak i\u00e7in s\u00fcrekli olarak yeni modeller geli\u015ftirerek pazar\u0131n \u00f6n saflar\u0131nda yer almaktad\u0131r.<\/li>\n<li>\u00d6zelle\u015ftirme: \u00c7e\u015fitli hidrolik silindir t\u00fcrlerinin imalat\u0131 ve sat\u0131\u015f\u0131nda uzmanla\u015fm\u0131\u015f olup, \u00f6zel sipari\u015fleri de memnuniyetle kabul ediyoruz. Ekibimiz, benzersiz ihtiya\u00e7lar\u0131n\u0131z\u0131 kar\u015f\u0131lamaya kendini adam\u0131\u015ft\u0131r.<\/li>\n<\/ol>\n<p>Kaliteye, yenili\u011fe ve m\u00fc\u015fteri memnuniyetine olan ba\u011fl\u0131l\u0131\u011f\u0131m\u0131zla FMP, t\u00fcm hidrolik silindir ihtiya\u00e7lar\u0131n\u0131z i\u00e7in ideal ortakt\u0131r. Bug\u00fcn bizimle ileti\u015fime ge\u00e7in ve bizi di\u011ferlerinden ay\u0131ran m\u00fckemmelli\u011fi deneyimleyin.<\/p>\n<p>Yazar:CX<\/p>","protected":false},"excerpt":{"rendered":"<p>The 10025 Premium Quality 1200mm Stroke Double Acting Hydraulic Cylinder is engineered for high performance in demanding applications. This hydraulic ram cylinder is designed to provide reliable power and efficiency, making it ideal for various industrial tasks and machinery. Key Features: Double Acting Design: Facilitates smooth operation in both extension and retraction, offering precise control [&hellip;]<\/p>","protected":false},"featured_media":1132,"comment_status":"closed","ping_status":"closed","template":"","meta":{"_et_pb_use_builder":"","_et_pb_old_content":"","_et_gb_content_width":""},"product_brand":[],"product_cat":[31],"product_tag":[34,35],"class_list":{"0":"post-945","1":"product","2":"type-product","3":"status-publish","4":"has-post-thumbnail","6":"product_cat-welded-tee-type-cylinder","7":"product_tag-hydraulic-cylinder","8":"product_tag-welded-tee-type-cylinder","10":"first","11":"instock","12":"product-type-simple"},"_links":{"self":[{"href":"https:\/\/fmp-components.com\/tr\/wp-json\/wp\/v2\/product\/945","targetHints":{"allow":["GET"]}}],"collection":[{"href":"https:\/\/fmp-components.com\/tr\/wp-json\/wp\/v2\/product"}],"about":[{"href":"https:\/\/fmp-components.com\/tr\/wp-json\/wp\/v2\/types\/product"}],"replies":[{"embeddable":true,"href":"https:\/\/fmp-components.com\/tr\/wp-json\/wp\/v2\/comments?post=945"}],"wp:featuredmedia":[{"embeddable":true,"href":"https:\/\/fmp-components.com\/tr\/wp-json\/wp\/v2\/media\/1132"}],"wp:attachment":[{"href":"https:\/\/fmp-components.com\/tr\/wp-json\/wp\/v2\/media?parent=945"}],"wp:term":[{"taxonomy":"product_brand","embeddable":true,"href":"https:\/\/fmp-components.com\/tr\/wp-json\/wp\/v2\/product_brand?post=945"},{"taxonomy":"product_cat","embeddable":true,"href":"https:\/\/fmp-components.com\/tr\/wp-json\/wp\/v2\/product_cat?post=945"},{"taxonomy":"product_tag","embeddable":true,"href":"https:\/\/fmp-components.com\/tr\/wp-json\/wp\/v2\/product_tag?post=945"}],"curies":[{"name":"wp","href":"https:\/\/api.w.org\/{rel}","templated":true}]}}