{"id":943,"date":"2024-12-19T03:39:43","date_gmt":"2024-12-19T03:39:43","guid":{"rendered":"https:\/\/fmp-components.com\/product\/10023-hot-selling-mini-hydraulic-piston-cylinder-tractor-hydraulic-cylinder\/"},"modified":"2024-12-19T08:56:04","modified_gmt":"2024-12-19T08:56:04","slug":"10023-hot-selling-mini-hydraulic-piston-cylinder-tractor-hydraulic-cylinder","status":"publish","type":"product","link":"https:\/\/fmp-components.com\/tr\/product\/10023-hot-selling-mini-hydraulic-piston-cylinder-tractor-hydraulic-cylinder\/","title":{"rendered":"10023 S\u0131cak Sat\u0131\u015f Mini Hidrolik Piston Silindiri Trakt\u00f6r Hidrolik Silindiri"},"content":{"rendered":"<p>10023 \u00c7ok Satan Mini Hidrolik Piston Silindiri, kompakt bir boyutta g\u00fc\u00e7l\u00fc kald\u0131rma ve itme kabiliyetleri sunan, trakt\u00f6r uygulamalar\u0131 i\u00e7in \u00f6zel olarak tasarlanm\u0131\u015ft\u0131r. Bu hidrolik silindir, \u00e7e\u015fitli tar\u0131msal g\u00f6revler i\u00e7in idealdir ve modern tar\u0131m operasyonlar\u0131 i\u00e7in olmazsa olmazd\u0131r.<\/p>\n<h4>Temel \u00d6zellikler:<\/h4>\n<ul>\n<li><strong>Minyat\u00fcr Tasar\u0131m<\/strong>: Kompakt boyutu, daha k\u00fc\u00e7\u00fck trakt\u00f6rlere ve ekipmanlara kolayca entegre edilebilmesini sa\u011flar ve performanstan \u00f6d\u00fcn vermeden alan verimlili\u011fini en \u00fcst d\u00fczeye \u00e7\u0131kar\u0131r.<\/li>\n<li><strong>Y\u00fcksek Kaliteli \u0130n\u015faat<\/strong>:G\u00fcvenilirlik ve uzun \u00f6m\u00fcr sa\u011flamak i\u00e7in dayan\u0131kl\u0131 malzemelerle \u00fcretilmi\u015ftir, zorlu tar\u0131m ko\u015fullar\u0131na dayan\u0131kl\u0131d\u0131r.<\/li>\n<li><strong>\u00c7ift Etkili \u0130\u015flevsellik<\/strong>: Hem uzatma hem de geri \u00e7ekme s\u0131ras\u0131nda d\u00fczg\u00fcn \u00e7al\u0131\u015fmay\u0131 kolayla\u015ft\u0131r\u0131r, \u00e7ok y\u00f6nl\u00fc uygulamalar i\u00e7in hassas kontrol sa\u011flar.<\/li>\n<li><strong>Korozyona Dayan\u0131kl\u0131 Kaplama<\/strong>:Pas ve korozyonu \u00f6nlemek i\u00e7in i\u015flenmi\u015ftir, d\u0131\u015f ortamlarda dayan\u0131kl\u0131l\u0131k ve tutarl\u0131 performans sa\u011flar.<\/li>\n<li><strong>Kolay Kurulum<\/strong>:Mevcut trakt\u00f6r sistemlerine h\u0131zl\u0131 ve kolay entegrasyon i\u00e7in tasarlanm\u0131\u015ft\u0131r, b\u00f6ylece duru\u015f s\u00fcresi en aza indirilir.<\/li>\n<\/ul>\n<p><img decoding=\"async\" src=\"https:\/\/hzpt.com\/wp-content\/uploads\/2023\/12\/random-2.webp\" alt=\"\" title=\"\"><\/p>\n<h4>Faydalar:<\/h4>\n<ul>\n<li><strong>Geli\u015fmi\u015f Verimlilik<\/strong>: Trakt\u00f6r performans\u0131n\u0131 optimize ederek, tarlada verimlili\u011fi art\u0131rmak i\u00e7in etkili kald\u0131rma ve indirme eylemlerine olanak tan\u0131r.<\/li>\n<li><strong>\u00c7ok Y\u00f6nl\u00fc Uygulamalar<\/strong>:S\u00fcrme, kald\u0131rma ve di\u011fer hidrolik fonksiyonlar dahil olmak \u00fczere \u00e7ok \u00e7e\u015fitli tar\u0131msal g\u00f6revler i\u00e7in uygundur.<\/li>\n<li><strong>Maliyet Etkin \u00c7\u00f6z\u00fcm<\/strong>: Uygun fiyata y\u00fcksek performans sunarak, i\u015fletmelerini geli\u015ftirmek isteyen \u00e7ift\u00e7iler i\u00e7in m\u00fckemmel bir yat\u0131r\u0131md\u0131r.<\/li>\n<\/ul>\n<p>10023 \u00c7ok Satan Mini Hidrolik Piston Silindiri, g\u00fcvenilir performans ve verimlilik sa\u011flayan, trakt\u00f6rler i\u00e7in vazge\u00e7ilmez bir bile\u015fendir. Kompakt tasar\u0131m\u0131 ve sa\u011flam yap\u0131s\u0131, onu her t\u00fcrl\u00fc tar\u0131m ekipman\u0131 serisine de\u011ferli bir katk\u0131 haline getirir.<\/p>\n<p>&nbsp;<\/p>\n<p><img decoding=\"async\" src=\"https:\/\/hzpt.com\/wp-content\/uploads\/2023\/12\/random-1.webp?v=1694163707\" alt=\"\" title=\"\"><\/p>\n<h2>Kaynakl\u0131 T Tipi Silindirin Avantajlar\u0131<\/h2>\n<ul>\n<li style=\"list-style-type: none;\">\n<ul>\n<li><strong>Artt\u0131r\u0131lm\u0131\u015f G\u00fc\u00e7:<\/strong> Kaynakl\u0131 T tipi silindirler, y\u00fcksek mukavemetleriyle bilinir ve a\u011f\u0131r kald\u0131rma gerektiren uygulamalar i\u00e7in uygundur. Bu silindirlerin imalat\u0131nda kullan\u0131lan kaynak i\u015flemi, silindirin zay\u0131f noktalardan ar\u0131nd\u0131r\u0131lm\u0131\u015f olmas\u0131n\u0131 ve y\u00fcksek bas\u0131n\u00e7 ve gerilime dayanabilmesini sa\u011flar.<\/li>\n<\/ul>\n<\/li>\n<\/ul>\n<p>Silindire uygulanan bas\u0131n\u00e7, t\u00fcm y\u00fczeye e\u015fit olarak da\u011f\u0131larak deformasyona kar\u015f\u0131 diren\u00e7li hale gelir. Bu \u00f6zellik, silindirin en zorlu ko\u015fullarda bile \u015feklini ve yap\u0131sal b\u00fct\u00fcnl\u00fc\u011f\u00fcn\u00fc koruyabilmesini sa\u011flar.<\/p>\n<ul>\n<li style=\"list-style-type: none;\">\n<ul>\n<li><strong>S\u0131z\u0131nt\u0131 \u00d6nleme:<\/strong> Kaynakl\u0131 T tipi silindirler, s\u0131z\u0131nt\u0131y\u0131 \u00f6nleyecek \u015fekilde tasarlanm\u0131\u015ft\u0131r. \u00dcretim s\u00fcrecinde kullan\u0131lan kaynak i\u015flemi, silindirin tamamen s\u0131zd\u0131rmaz olmas\u0131n\u0131 ve olas\u0131 s\u0131z\u0131nt\u0131lardan ar\u0131nd\u0131r\u0131lmas\u0131n\u0131 sa\u011flar. Bu \u00f6zellik, s\u0131z\u0131nt\u0131n\u0131n ciddi hasara veya yaralanmaya neden olabilece\u011fi uygulamalarda kullan\u0131m i\u00e7in uygundur.<\/li>\n<\/ul>\n<\/li>\n<\/ul>\n<p>Kaynakl\u0131 ba\u011flant\u0131lar p\u00fcr\u00fczs\u00fczd\u00fcr, d\u00f6k\u00fcnt\u00fc veya kirin birikebilece\u011fi herhangi bir yar\u0131k veya oluk yoktur, bu da korozyon ve silindire zarar verme riskini azalt\u0131r.<\/p>\n<ul>\n<li style=\"list-style-type: none;\">\n<ul>\n<li><strong>\u00d6zelle\u015ftirilebilir:<\/strong> Kaynakl\u0131 T tipi silindirler, belirli uygulamalara uyacak \u015fekilde \u00f6zelle\u015ftirilebilir. Silindirler farkl\u0131 boyut ve \u015fekillerde mevcuttur ve uygulaman\u0131n \u00f6zel gereksinimlerini kar\u015f\u0131layacak \u015fekilde \u00fcretilebilir.<\/li>\n<\/ul>\n<\/li>\n<\/ul>\n<p>\u00d6zelle\u015ftirme s\u00fcreci, silindirin performans a\u00e7\u0131s\u0131ndan optimize edilmesini ve ama\u00e7lanan uygulamaya uygun olmas\u0131n\u0131 sa\u011flar. Bu \u00f6zellik, kaynakl\u0131 T tipi silindirleri in\u015faat, madencilik ve malzeme ta\u015f\u0131ma gibi \u00e7e\u015fitli end\u00fcstriyel uygulamalarda kullan\u0131m i\u00e7in ideal hale getirir.<\/p>\n<ul>\n<li style=\"list-style-type: none;\">\n<ul>\n<li><strong>Maliyet Etkin:<\/strong> Kaynakl\u0131 T tipi silindirler, di\u011fer silindir tiplerine k\u0131yasla uygun maliyetlidir. Bu silindirlerin \u00fcretiminde kullan\u0131lan imalat s\u00fcreci basittir ve bu da onlar\u0131 di\u011fer silindir tiplerine g\u00f6re daha uygun maliyetli k\u0131lar.<\/li>\n<\/ul>\n<\/li>\n<\/ul>\n<p>Ayr\u0131ca, kaynakl\u0131 T tipi silindirlerin y\u00fcksek mukavemeti ve dayan\u0131kl\u0131l\u0131\u011f\u0131, s\u0131k onar\u0131m ve de\u011fi\u015ftirme ihtiyac\u0131n\u0131 azaltarak bak\u0131m maliyetlerinden tasarruf sa\u011flar. Bu \u00f6zellik, onlar\u0131 \u00f6zellikle s\u0131n\u0131rl\u0131 b\u00fct\u00e7eye sahip bir\u00e7ok sekt\u00f6r i\u00e7in pop\u00fcler bir tercih haline getirir.<\/p>\n<ul>\n<li style=\"list-style-type: none;\">\n<ul>\n<li><strong>Artan Verimlilik:<\/strong> Kaynakl\u0131 T tipi silindirler son derece verimli ve etkilidir. Silindirin tasar\u0131m\u0131, uygulanan kuvvetin do\u011frudan y\u00fcke aktar\u0131lmas\u0131n\u0131 sa\u011flayarak enerji kayb\u0131n\u0131 azalt\u0131r ve verimlili\u011fi art\u0131r\u0131r.<\/li>\n<\/ul>\n<\/li>\n<\/ul>\n<p>Kaynakl\u0131 ba\u011flant\u0131lar g\u00fc\u00e7l\u00fc ve sa\u011flamd\u0131r, sapmay\u0131 en aza indirir ve silindirin en zorlu ko\u015fullarda bile \u015feklini ve yap\u0131sal b\u00fct\u00fcnl\u00fc\u011f\u00fcn\u00fc korumas\u0131n\u0131 sa\u011flar. Bu \u00f6zellik, kaynakl\u0131 T tipi silindirleri y\u00fcksek verimlilik ve g\u00fcvenilirlik gerektiren uygulamalarda kullan\u0131m i\u00e7in ideal hale getirir.<\/p>\n<h2>Kaynakl\u0131 T Tipi Silindir Uygulamas\u0131<\/h2>\n<ul>\n<li>\n<h3>End\u00fcstriyel Makine ve Ekipmanlar<\/h3>\n<p>Kaynakl\u0131 T Tipi Silindir, end\u00fcstriyel makine ve ekipmanlarda, \u00f6zellikle de hidrolik sistemlerde yayg\u0131n olarak kullan\u0131l\u0131r. Silindir, tek bir \u00fcnite olu\u015fturmak \u00fczere kaynaklanm\u0131\u015f bir piston ve bir silindir borusundan olu\u015fur. Bu tasar\u0131m, di\u011fer silindir tiplerine g\u00f6re geli\u015fmi\u015f dayan\u0131kl\u0131l\u0131k, daha y\u00fcksek mukavemet ve daha y\u00fcksek hassasiyet gibi \u00e7e\u015fitli avantajlar sunar.<\/p>\n<p>Kaynakl\u0131 T Tipi Silindirlerin end\u00fcstriyel makinelerdeki en \u00f6nemli uygulamalar\u0131ndan biri, tutarl\u0131 ve do\u011fru kuvvet sa\u011flama kabiliyetidir. Bu, nihai \u00fcr\u00fcn\u00fcn kalitesini sa\u011flamak i\u00e7in hassas kontrol\u00fcn gerekli oldu\u011fu bir\u00e7ok \u00fcretim s\u00fcreci i\u00e7in olmazsa olmazd\u0131r. Kaynakl\u0131 T Tipi Silindirler ayr\u0131ca hidrolik sistemlerdeki ak\u0131\u015fkan ak\u0131\u015f\u0131n\u0131 d\u00fczenlemek i\u00e7in de kullan\u0131labilir ve bu da \u00e7e\u015fitli end\u00fcstriyel uygulamalarda daha fazla verimlilik ve g\u00fcvenilirlik sa\u011flar.<\/li>\n<li>\n<h3>Tar\u0131m Ekipmanlar\u0131<\/h3>\n<p>Kaynakl\u0131 T Tipi Silindirler, trakt\u00f6r ve bi\u00e7erd\u00f6ver gibi tar\u0131m ekipmanlar\u0131nda da yayg\u0131n olarak kullan\u0131l\u0131r. Bu makinelerin etkili bir \u015fekilde \u00e7al\u0131\u015fmas\u0131 i\u00e7in g\u00fc\u00e7l\u00fc ve g\u00fcvenilir hidrolik sistemlere ihtiya\u00e7 vard\u0131r ve Kaynakl\u0131 T Tipi Silindirler bu ama\u00e7 i\u00e7in ideal bir se\u00e7imdir.<\/p>\n<p>Silindirin sa\u011flam yap\u0131s\u0131 ve y\u00fcksek mukavemeti, zorlu \u00e7al\u0131\u015fma ko\u015fullar\u0131nda bile a\u015f\u0131nma ve y\u0131pranmaya kar\u015f\u0131 olduk\u00e7a diren\u00e7li olmas\u0131n\u0131 sa\u011flar. Bu sayede, dayan\u0131kl\u0131l\u0131\u011f\u0131n \u00f6nemli bir fakt\u00f6r oldu\u011fu tar\u0131m ekipmanlar\u0131nda kullan\u0131m i\u00e7in ideal bir se\u00e7imdir. Kaynakl\u0131 T Tipi Silindir, ekim, hasat ve sulama gibi bir\u00e7ok tar\u0131msal i\u015flem i\u00e7in gereken hassas kontrol\u00fc sa\u011flamak i\u00e7in de kullan\u0131labilir.<\/li>\n<li>\n<h3>\u0130n\u015faat Ekipmanlar\u0131<\/h3>\n<p>Kaynakl\u0131 T Tipi Silindirler, ekskavat\u00f6rler, kep\u00e7eler ve buldozerler gibi in\u015faat ekipmanlar\u0131nda da yayg\u0131n olarak kullan\u0131l\u0131r. Bu makineler, kazma, kald\u0131rma ve a\u011f\u0131r y\u00fckleri itme gibi a\u011f\u0131r i\u015flerde kullan\u0131lmak \u00fczere g\u00fc\u00e7l\u00fc ve g\u00fcvenilir hidrolik sistemler gerektirir.<\/p>\n<p>Kaynakl\u0131 T Tipi Silindir, y\u00fcksek mukavemeti ve dayan\u0131kl\u0131l\u0131\u011f\u0131 sayesinde in\u015faat ekipmanlar\u0131nda kullan\u0131m i\u00e7in ideal bir se\u00e7imdir. Hassas kontrol ve tutarl\u0131 kuvvet sa\u011flama kabiliyeti, kaz\u0131, tesviye ve asfaltlama gibi bir\u00e7ok in\u015faat s\u00fcreci i\u00e7in olmazsa olmazd\u0131r. Kaynakl\u0131 T Tipi Silindir ayr\u0131ca hidrolik sistemlerdeki ak\u0131\u015fkan ak\u0131\u015f\u0131n\u0131 d\u00fczenlemek ve \u00e7e\u015fitli uygulamalarda in\u015faat ekipmanlar\u0131n\u0131n verimlili\u011fini ve g\u00fcvenilirli\u011fini art\u0131rmak i\u00e7in de kullan\u0131labilir.<\/li>\n<\/ul>\n<h3>FMP Hakk\u0131nda<\/h3>\n<p>FMP, 30 y\u0131l\u0131 a\u015fk\u0131n s\u00fcredir k\u00f6kl\u00fc bir Hidrolik Silindir \u00fcreticisidir. End\u00fcstriyel alan\u0131m\u0131z \u0130talya'da olup, otomatik gaz korumal\u0131 kaynak makineleri, derin delik delme makineleri, CNC torna tezgahlar\u0131, silindirik ta\u015flama makineleri, otomatik temizleme makineleri, otomatik montaj makineleri, otomatik hidrolik silindir performans test tezgahlar\u0131 ve otomatik boyama hatlar\u0131 dahil olmak \u00fczere 100'den fazla ekipman\u0131 i\u015fletiyoruz.<\/p>\n<p>Hidrolik Silindirlerimiz aras\u0131nda Hidrolik Silindir K\u00fcpe Silindiri, \u00c7ift Y\u00f6nl\u00fc Otomatik Teleskopik Hidrolik Silindir ve daha fazlas\u0131 yer almaktad\u0131r. Her Hidrolik Silindir, m\u00fc\u015fterilerimize en y\u00fcksek kaliteyi sa\u011flamak i\u00e7in s\u0131k\u0131 bir i\u015fleme ve denetimden ge\u00e7mektedir.<\/p>\n<p>Firmam\u0131z m\u00fc\u015fterilerimize bir\u00e7ok avantaj sunmaktad\u0131r, bunlar aras\u0131nda;<\/p>\n<p>1. Tasar\u0131m Hizmeti: Deneyimli tasar\u0131m ekibimiz, \u00fcniversal \u015faft \u00fcr\u00fcnlerinin tasar\u0131m ve geli\u015ftirilmesinde size yard\u0131mc\u0131 olabilir. Yeni \u00fcr\u00fcnlere veya mevcut \u00fcr\u00fcnlerde iyile\u015ftirmelere ihtiyac\u0131n\u0131z varsa, size destek olabiliriz.<br \/>\n2. \u00dcr\u00fcn Servisi: Hammaddeden nakliyeye kadar, kesim, kaba i\u015fleme, test, temizlik, montaj ve paketleme dahil olmak \u00fczere t\u00fcm \u00fcretim s\u00fcrecini denetliyoruz.<br \/>\n3. Numune S\u00fcreci: \u0130htiya\u00e7lar\u0131n\u0131za g\u00f6re numuneler geli\u015ftirebilir ve ihtiya\u00e7lar\u0131n\u0131z\u0131 kar\u015f\u0131lamak i\u00e7in bunlarda s\u00fcrekli de\u011fi\u015fiklikler yapabiliriz.<br \/>\n4. Ar-Ge: Pazara yeni otomobiller girdi\u011finde, yeni pazar ihtiya\u00e7lar\u0131n\u0131 inceliyor ve buna g\u00f6re yeni modeller geli\u015ftiriyoruz.<br \/>\n5. \u00d6zelle\u015ftirme: Her t\u00fcrl\u00fc Hidrolik Silindir i\u00e7in \u00f6zel sipari\u015fleri kabul ediyoruz.<\/p>\n<p>FMP olarak, m\u00fc\u015fterilerimize en y\u00fcksek kalitede \u00fcr\u00fcn ve hizmet sunmaya kararl\u0131y\u0131z. Hidrolik Silindir ihtiya\u00e7lar\u0131n\u0131z i\u00e7in bizi tercih edin ve fark\u0131 deneyimleyin.<\/p>\n<p><img decoding=\"async\" src=\"https:\/\/fmp-components.com\/wp-content\/uploads\/2024\/12\/fmp-factory-4.webp\" alt=\"FMP fabrikas\u0131\" width=\"800\" title=\"\"><br \/>\nYazar:CX<\/p>","protected":false},"excerpt":{"rendered":"<p>\u00c7ok Satan 10023 Mini Hidrolik Piston Silindiri, \u00f6zellikle trakt\u00f6r uygulamalar\u0131 i\u00e7in tasarlanm\u0131\u015ft\u0131r ve kompakt boyutunda g\u00fc\u00e7l\u00fc kald\u0131rma ve itme yetenekleri sunar. Bu hidrolik silindir, \u00e7e\u015fitli tar\u0131msal i\u015fler i\u00e7in idealdir ve modern tar\u0131m operasyonlar\u0131 i\u00e7in olmazsa olmaz bir \u00fcr\u00fcnd\u00fcr. Ba\u015fl\u0131ca \u00d6zellikler: Minyat\u00fcr Tasar\u0131m: Kompakt boyutu, daha k\u00fc\u00e7\u00fck trakt\u00f6rlere kolay entegrasyon sa\u011flar ve [\u2026]<\/p>","protected":false},"featured_media":1133,"comment_status":"closed","ping_status":"closed","template":"","meta":{"_et_pb_use_builder":"","_et_pb_old_content":"","_et_gb_content_width":""},"product_brand":[],"product_cat":[31],"product_tag":[34,35],"class_list":{"0":"post-943","1":"product","2":"type-product","3":"status-publish","4":"has-post-thumbnail","6":"product_cat-welded-tee-type-cylinder","7":"product_tag-hydraulic-cylinder","8":"product_tag-welded-tee-type-cylinder","10":"first","11":"instock","12":"product-type-simple"},"_links":{"self":[{"href":"https:\/\/fmp-components.com\/tr\/wp-json\/wp\/v2\/product\/943","targetHints":{"allow":["GET"]}}],"collection":[{"href":"https:\/\/fmp-components.com\/tr\/wp-json\/wp\/v2\/product"}],"about":[{"href":"https:\/\/fmp-components.com\/tr\/wp-json\/wp\/v2\/types\/product"}],"replies":[{"embeddable":true,"href":"https:\/\/fmp-components.com\/tr\/wp-json\/wp\/v2\/comments?post=943"}],"wp:featuredmedia":[{"embeddable":true,"href":"https:\/\/fmp-components.com\/tr\/wp-json\/wp\/v2\/media\/1133"}],"wp:attachment":[{"href":"https:\/\/fmp-components.com\/tr\/wp-json\/wp\/v2\/media?parent=943"}],"wp:term":[{"taxonomy":"product_brand","embeddable":true,"href":"https:\/\/fmp-components.com\/tr\/wp-json\/wp\/v2\/product_brand?post=943"},{"taxonomy":"product_cat","embeddable":true,"href":"https:\/\/fmp-components.com\/tr\/wp-json\/wp\/v2\/product_cat?post=943"},{"taxonomy":"product_tag","embeddable":true,"href":"https:\/\/fmp-components.com\/tr\/wp-json\/wp\/v2\/product_tag?post=943"}],"curies":[{"name":"wp","href":"https:\/\/api.w.org\/{rel}","templated":true}]}}