{"id":940,"date":"2024-12-19T03:39:43","date_gmt":"2024-12-19T03:39:43","guid":{"rendered":"https:\/\/fmp-components.com\/product\/10020-professional-tow-truck-double-acting-hydraulic-cylinder\/"},"modified":"2024-12-26T08:57:19","modified_gmt":"2024-12-26T08:57:19","slug":"10020-professional-tow-truck-double-acting-hydraulic-cylinder","status":"publish","type":"product","link":"https:\/\/fmp-components.com\/tr\/product\/10020-professional-tow-truck-double-acting-hydraulic-cylinder\/","title":{"rendered":"10020 Profesyonel \u00c7ekici \u00c7ift Etkili Hidrolik Silindir"},"content":{"rendered":"<p>10020 Profesyonel \u00c7ekici \u00c7ift Etkili Hidrolik Silindiri, \u00e7ekme uygulamalar\u0131nda optimum performans ve g\u00fcvenilirlik i\u00e7in tasarlanm\u0131\u015ft\u0131r. \u00c7ekici operasyonlar\u0131n\u0131n zorlu ko\u015fullar\u0131yla ba\u015fa \u00e7\u0131kmak \u00fczere tasarlanan bu hidrolik silindir, g\u00fc\u00e7l\u00fc kald\u0131rma ve indirme kabiliyetleri sunarak t\u00fcm g\u00f6revlerde verimlilik ve g\u00fcvenlik sa\u011flar.<\/p>\n<h4>Temel \u00d6zellikler:<\/h4>\n<ul>\n<li><strong>\u00c7ift Etkili Mekanizma<\/strong>: Hem uzatma hem de geri \u00e7ekmede sorunsuz \u00e7al\u0131\u015fmaya olanak tan\u0131r, \u00e7ekme ve kurtarma operasyonlar\u0131 s\u0131ras\u0131nda hassas kontrol sa\u011flar.<\/li>\n<li><strong>Profesyonel S\u0131n\u0131f \u0130n\u015faat<\/strong>: Dayan\u0131kl\u0131l\u0131k ve sa\u011flaml\u0131\u011f\u0131 garanti alt\u0131na almak i\u00e7in y\u00fcksek kaliteli malzemelerle \u00fcretilmi\u015ftir, a\u011f\u0131r y\u00fcklere ve zorlu kullan\u0131ma dayan\u0131kl\u0131d\u0131r.<\/li>\n<li><strong>Y\u00fcksek Y\u00fck Kapasitesi<\/strong>:\u00d6zellikle b\u00fcy\u00fck kuvvetleri kald\u0131racak \u015fekilde tasarlanm\u0131\u015ft\u0131r ve bu sayede profesyonel \u00e7ekici uygulamalar\u0131 i\u00e7in idealdir.<\/li>\n<li><strong>Korozyona Dayan\u0131kl\u0131 Kaplama<\/strong>: Pas ve korozyona kar\u015f\u0131 koruma sa\u011flayan kaplamas\u0131 sayesinde farkl\u0131 hava ko\u015fullar\u0131nda uzun \u00f6m\u00fcrl\u00fc performans sa\u011flar.<\/li>\n<li><strong>Kolay Kurulum<\/strong>:Mevcut \u00e7ekici sistemlerine kolayca entegre edilebilecek \u015fekilde tasarlanm\u0131\u015ft\u0131r, kurulum s\u00fcresini en aza indirir ve verimlili\u011fi en \u00fcst d\u00fczeye \u00e7\u0131kar\u0131r.<\/li>\n<\/ul>\n<p><img loading=\"lazy\" decoding=\"async\" class=\"alignnone size-full wp-image-975\" src=\"https:\/\/fmp-components.com\/wp-content\/uploads\/2024\/12\/Welded-Tee-Type-Cylinder1.webp\" alt=\"Kaynakl\u0131 T Tipi Silindir\" width=\"759\" height=\"761\" title=\"\" srcset=\"https:\/\/fmp-components.com\/wp-content\/uploads\/2024\/12\/Welded-Tee-Type-Cylinder1.webp 759w, https:\/\/fmp-components.com\/wp-content\/uploads\/2024\/12\/Welded-Tee-Type-Cylinder1-480x481.webp 480w\" sizes=\"(min-width: 0px) and (max-width: 480px) 480px, (min-width: 481px) 759px, 100vw\" \/><\/p>\n<h4>Faydalar:<\/h4>\n<ul>\n<li><strong>Artt\u0131r\u0131lm\u0131\u015f Verimlilik<\/strong>: \u00c7ekicilerin \u00e7al\u0131\u015fmas\u0131n\u0131 optimize ederek, kald\u0131rma ve indirme i\u015flemlerinin sorunsuz ve g\u00fcvenilir bir \u015fekilde yap\u0131lmas\u0131n\u0131 sa\u011flar.<\/li>\n<li><strong>\u00c7ok Y\u00f6nl\u00fc Uygulamalar<\/strong>: \u00c7e\u015fitli \u00e7ekme g\u00f6revlerine uygun olmas\u0131 onu \u00e7ekici operat\u00f6rleri i\u00e7in vazge\u00e7ilmez bir bile\u015fen haline getirir.<\/li>\n<li><strong>Azalt\u0131lm\u0131\u015f Bak\u0131m Maliyetleri<\/strong>: Dayan\u0131kl\u0131 tasar\u0131m\u0131 a\u015f\u0131nma ve y\u0131pranmay\u0131 en aza indirerek bak\u0131m ve de\u011fi\u015ftirme masraflar\u0131n\u0131 azalt\u0131r.<\/li>\n<\/ul>\n<p>10020 Profesyonel \u00c7ekici \u00c7ift Etkili Hidrolik Silindir, her \u00e7ekici i\u00e7in g\u00fcvenilir performans ve verimlilik sa\u011flayan \u00f6nemli bir bile\u015fendir. Sa\u011flam yap\u0131s\u0131 ve y\u00fcksek y\u00fck kapasitesi, \u00e7ekici ekipmanlar\u0131nda kalite ve dayan\u0131kl\u0131l\u0131k arayan profesyoneller i\u00e7in m\u00fckemmel bir se\u00e7imdir.<\/p>\n<h3>\u00d6zellikler ve \u0130\u015flevler<\/h3>\n<p>Hidrolik silindirimiz, \u00e7ok \u00e7e\u015fitli end\u00fcstriyel makineler ve a\u011f\u0131r hizmet tipi ara\u00e7larda hayati bir bile\u015fendir. Tek y\u00f6nl\u00fc bir strok ile kuvvet \u00fcretmek \u00fczere tasarlanm\u0131\u015ft\u0131r, bu da onu hassas ve g\u00fc\u00e7l\u00fc do\u011frusal hareket gerektiren uygulamalar i\u00e7in vazge\u00e7ilmez k\u0131lar. Dayan\u0131kl\u0131l\u0131\u011f\u0131 ve verimlili\u011fiyle bilinen hidrolik silindirimiz, zorlu ortamlarda m\u00fckemmel performans g\u00f6stererek \u00e7e\u015fitli ko\u015fullarda g\u00fcvenilir performans sunar.<\/p>\n<h3>Benzersiz \u00d6zellikler ve Avantajlar<\/h3>\n<ul>\n<li><strong>Enerji Verimlili\u011fi:<\/strong><br \/>\nHidrolik silindirimiz, y\u00fcksek operasyonel verimlili\u011fi korurken g\u00fc\u00e7 t\u00fcketimini azaltarak enerji kullan\u0131m\u0131n\u0131 en \u00fcst d\u00fczeye \u00e7\u0131karmak \u00fczere tasarlanm\u0131\u015ft\u0131r. Bu enerji verimlili\u011fi, yaln\u0131zca operasyonel maliyetleri d\u00fc\u015f\u00fcrmekle kalmaz, ayn\u0131 zamanda at\u0131klar\u0131 en aza indirerek \u00e7evresel s\u00fcrd\u00fcr\u00fclebilirli\u011fe de katk\u0131da bulunur.<\/li>\n<li><strong>Y\u00fcksek Performans:<\/strong><br \/>\nOptimum performans i\u00e7in tasarlanan hidrolik silindir, \u00f6nemli y\u00fckleri kald\u0131rabilir ve tutarl\u0131 bir kuvvet sa\u011flayabilir. Sa\u011flam yap\u0131s\u0131, en zorlu ko\u015fullarda bile g\u00fcvenilir bir performans sunmas\u0131n\u0131 sa\u011flayarak a\u011f\u0131r hizmet uygulamalar\u0131 i\u00e7in idealdir.<\/li>\n<li><strong>Kullan\u0131m\u0131 G\u00fcvenlidir:<\/strong><br \/>\nHidrolik silindirimizin tasar\u0131m\u0131nda g\u00fcvenlik en \u00f6nemli husustur. Kazara devreden \u00e7\u0131kmay\u0131 \u00f6nleyen ve hidrolik ar\u0131za riskini en aza indiren geli\u015fmi\u015f g\u00fcvenlik \u00f6zellikleri i\u00e7erir. Bu sayede operat\u00f6rler, ekipman\u0131n g\u00fcvenli ve g\u00fcvenilir oldu\u011fundan emin olarak g\u00fcvenle \u00e7al\u0131\u015fabilirler.<\/li>\n<\/ul>\n<h3>Hidrolik Sistem ve \u00c7al\u0131\u015fma Prensibi<\/h3>\n<p>Hidrolik silindir, do\u011frusal kuvvet ve hareket \u00fcretmek i\u00e7in kullan\u0131lan bas\u0131n\u00e7l\u0131 hidrolik s\u0131v\u0131 (genellikle ya\u011f) prensibine g\u00f6re \u00e7al\u0131\u015f\u0131r. Hidrolik s\u0131v\u0131 silindire pompaland\u0131\u011f\u0131nda, i\u00e7 pistona bas\u0131n\u00e7 uygular. Bu bas\u0131n\u00e7, pistonu ileri do\u011fru iten g\u00fc\u00e7l\u00fc bir kuvvet olu\u015fturarak kald\u0131rma, itme veya \u00e7ekme gibi \u00e7e\u015fitli uygulamalara olanak tan\u0131r.<\/p>\n<p>\u00c7ekici operasyonlar\u0131 ba\u011flam\u0131nda, bu hidrolik kuvvet a\u011f\u0131r y\u00fcklerin hassas bir \u015fekilde kald\u0131r\u0131lmas\u0131 ve manevra ettirilmesi i\u00e7in olmazsa olmazd\u0131r. Hidrolik silindirin h\u0131z\u0131n\u0131 ve y\u00f6n\u00fcn\u00fc kontrol edebilme \u00f6zelli\u011fi, operat\u00f6rlerin karma\u015f\u0131k g\u00f6revleri kolayl\u0131kla ger\u00e7ekle\u015ftirmesini sa\u011flayarak \u00e7ekme operasyonlar\u0131n\u0131n genel verimlili\u011fini art\u0131r\u0131r. Hidrolik sistemin yeteneklerini kullanarak, hidrolik silindirimiz end\u00fcstriyel makine ve ara\u00e7lar\u0131n verimlili\u011fine ve g\u00fcvenli\u011fine \u00f6nemli \u00f6l\u00e7\u00fcde katk\u0131da bulunarak en y\u00fcksek performansta \u00e7al\u0131\u015fmalar\u0131n\u0131 sa\u011flar.<\/p>\n<p><img loading=\"lazy\" decoding=\"async\" class=\"size-full wp-image-976 aligncenter\" src=\"https:\/\/fmp-components.com\/wp-content\/uploads\/2024\/12\/Welded-Tee-Type-Cylinder2.webp\" alt=\"Kaynakl\u0131 T Tipi Silindir\" width=\"764\" height=\"675\" title=\"\" srcset=\"https:\/\/fmp-components.com\/wp-content\/uploads\/2024\/12\/Welded-Tee-Type-Cylinder2.webp 764w, https:\/\/fmp-components.com\/wp-content\/uploads\/2024\/12\/Welded-Tee-Type-Cylinder2-480x424.webp 480w\" sizes=\"(min-width: 0px) and (max-width: 480px) 480px, (min-width: 481px) 764px, 100vw\" \/><\/p>\n<h2>Hidrolik Silindir Uygulamas\u0131<\/h2>\n<p>Hidrolik silindirimiz \u00f6zellikle \u00e7ekicilerde kullan\u0131l\u0131r. Ara\u00e7lar\u0131n \u00e7ekilmesinde gerekli kuvveti sa\u011flayarak kritik bir rol oynar.<\/p>\n<p>\u00dcretim s\u00fcrecimizi daha yak\u0131ndan incelemek i\u00e7in l\u00fctfen fabrikam\u0131z\u0131n sanal turunu yap\u0131n: <iframe loading=\"lazy\" id=\"FMP VR ????\" title=\"FMP VR ????\" src=\"https:\/\/v.holoworld.com.cn\/v\/virtualbuy.html?id=78a76263-47ab-485f-b978-0dafacfb4096\" width=\"800\" height=\"600\"><\/iframe><\/p>\n<h2>Hidrolik Silindir Hakk\u0131nda<\/h2>\n<p>Hidrolik silindirler zengin bir ge\u00e7mi\u015fe sahiptir ve her biri kendine \u00f6zg\u00fc avantajlara sahip \u00e7e\u015fitli tiplerde mevcuttur. Montaj\u0131 kolayd\u0131r, minimum bak\u0131m gerektirir ve uzun \u00f6m\u00fcrl\u00fcd\u00fcr.<\/p>\n<h2>\u00dcr\u00fcn Se\u00e7imi ve Promosyonu<\/h2>\n<p>Hidrolik silindirin verimli \u00e7al\u0131\u015fmas\u0131 i\u00e7in do\u011fru hidrolik ya\u011f ve contan\u0131n se\u00e7imi \u00e7ok \u00f6nemlidir. FMP olarak, \u00fcr\u00fcn se\u00e7imi, montaj\u0131 ve bak\u0131m\u0131 konusunda kapsaml\u0131 rehberlik sa\u011fl\u0131yoruz.<\/p>\n<p>FMP, \u0130talya'da mobil makinelerde hidrolik silindir alt pazar\u0131nda lider konumdad\u0131r. \u00dcr\u00fcnlerimiz aras\u0131nda hidrolik e\u011fim silindirleri, hidrolik direksiyon silindirleri ve hidrolik kald\u0131rma silindirleri bulunmaktad\u0131r. 200.000 set tasar\u0131m kapasitemiz ve 300 set \u00e7e\u015fitli tipte tam otomatik CNC \u00fcretim ekipman\u0131 ve tam otomatik hidrolik silindir montaj ekipman\u0131 ile donat\u0131lm\u0131\u015f durumday\u0131z.<\/p>\n<p>\u00c7ift etkili hidrolik silindirlere ek olarak, hava platformu silindirleri, end\u00fcstriyel ara\u00e7 hidrolik silindirleri, d\u00f6ner sondaj kulesi silindirleri, kamyon vin\u00e7 silindirleri, in\u015faat makineleri hidrolik silindirleri de tedarik ediyoruz. <b>Forklift Hidrolik Silindirleri<\/b>, damperli kamyon silindirleri ve sanitasyon makineleri hidrolik silindirleri. M\u00fc\u015fterilerimizin sipari\u015flerini ki\u015fiselle\u015ftirmelerine memnuniyetle izin veriyoruz.<\/p>\n<p><img decoding=\"async\" class=\"aligncenter\" src=\"https:\/\/hzpt.com\/wp-content\/uploads\/2023\/12\/random-4.webp\" alt=\"\" title=\"\"><\/p>\n<h2>Kaynakl\u0131 T Tipi Silindirin Avantajlar\u0131<\/h2>\n<ul>\n<li style=\"list-style-type: none;\">\n<ul>\n<li><strong>Artt\u0131r\u0131lm\u0131\u015f G\u00fc\u00e7:<\/strong> Kaynakl\u0131 T tipi silindirler, y\u00fcksek mukavemetleriyle bilinir ve a\u011f\u0131r kald\u0131rma gerektiren uygulamalar i\u00e7in uygundur. Bu silindirlerin imalat\u0131nda kullan\u0131lan kaynak i\u015flemi, silindirin zay\u0131f noktalardan ar\u0131nd\u0131r\u0131lm\u0131\u015f olmas\u0131n\u0131 ve y\u00fcksek bas\u0131n\u00e7 ve gerilime dayanabilmesini sa\u011flar.<\/li>\n<\/ul>\n<\/li>\n<\/ul>\n<p>Silindire uygulanan bas\u0131n\u00e7, t\u00fcm y\u00fczeye e\u015fit olarak da\u011f\u0131larak deformasyona kar\u015f\u0131 diren\u00e7li hale gelir. Bu \u00f6zellik, silindirin en zorlu ko\u015fullarda bile \u015feklini ve yap\u0131sal b\u00fct\u00fcnl\u00fc\u011f\u00fcn\u00fc koruyabilmesini sa\u011flar.<\/p>\n<ul>\n<li style=\"list-style-type: none;\">\n<ul>\n<li><strong>S\u0131z\u0131nt\u0131 \u00d6nleme:<\/strong> Kaynakl\u0131 T tipi silindirler, s\u0131z\u0131nt\u0131y\u0131 \u00f6nleyecek \u015fekilde tasarlanm\u0131\u015ft\u0131r. \u00dcretim s\u00fcrecinde kullan\u0131lan kaynak i\u015flemi, silindirin tamamen s\u0131zd\u0131rmaz olmas\u0131n\u0131 ve olas\u0131 s\u0131z\u0131nt\u0131lardan ar\u0131nd\u0131r\u0131lmas\u0131n\u0131 sa\u011flar. Bu \u00f6zellik, s\u0131z\u0131nt\u0131n\u0131n ciddi hasara veya yaralanmaya neden olabilece\u011fi uygulamalarda kullan\u0131m i\u00e7in uygundur.<\/li>\n<\/ul>\n<\/li>\n<\/ul>\n<p>Kaynakl\u0131 ba\u011flant\u0131lar p\u00fcr\u00fczs\u00fczd\u00fcr, d\u00f6k\u00fcnt\u00fc veya kirin birikebilece\u011fi herhangi bir yar\u0131k veya oluk yoktur, bu da korozyon ve silindire zarar verme riskini azalt\u0131r.<\/p>\n<ul>\n<li style=\"list-style-type: none;\">\n<ul>\n<li><strong>\u00d6zelle\u015ftirilebilir:<\/strong> Kaynakl\u0131 T tipi silindirler, belirli uygulamalara uyacak \u015fekilde \u00f6zelle\u015ftirilebilir. Silindirler farkl\u0131 boyut ve \u015fekillerde mevcuttur ve uygulaman\u0131n \u00f6zel gereksinimlerini kar\u015f\u0131layacak \u015fekilde \u00fcretilebilir.<\/li>\n<\/ul>\n<\/li>\n<\/ul>\n<p>\u00d6zelle\u015ftirme s\u00fcreci, silindirin performans a\u00e7\u0131s\u0131ndan optimize edilmesini ve ama\u00e7lanan uygulamaya uygun olmas\u0131n\u0131 sa\u011flar. Bu \u00f6zellik, kaynakl\u0131 T tipi silindirleri in\u015faat, madencilik ve malzeme ta\u015f\u0131ma gibi \u00e7e\u015fitli end\u00fcstriyel uygulamalarda kullan\u0131m i\u00e7in ideal hale getirir.<\/p>\n<ul>\n<li style=\"list-style-type: none;\">\n<ul>\n<li><strong>Maliyet Etkin:<\/strong> Kaynakl\u0131 T tipi silindirler, di\u011fer silindir tiplerine k\u0131yasla uygun maliyetlidir. Bu silindirlerin \u00fcretiminde kullan\u0131lan imalat s\u00fcreci basittir ve bu da onlar\u0131 di\u011fer silindir tiplerine g\u00f6re daha uygun maliyetli k\u0131lar.<\/li>\n<\/ul>\n<\/li>\n<\/ul>\n<p>Ayr\u0131ca, kaynakl\u0131 T tipi silindirlerin y\u00fcksek mukavemeti ve dayan\u0131kl\u0131l\u0131\u011f\u0131, s\u0131k onar\u0131m ve de\u011fi\u015ftirme ihtiyac\u0131n\u0131 azaltarak bak\u0131m maliyetlerinden tasarruf sa\u011flar. Bu \u00f6zellik, onlar\u0131 \u00f6zellikle s\u0131n\u0131rl\u0131 b\u00fct\u00e7eye sahip bir\u00e7ok sekt\u00f6r i\u00e7in pop\u00fcler bir tercih haline getirir.<\/p>\n<ul>\n<li style=\"list-style-type: none;\">\n<ul>\n<li><strong>Artan Verimlilik:<\/strong> Kaynakl\u0131 T tipi silindirler son derece verimli ve etkilidir. Silindirin tasar\u0131m\u0131, uygulanan kuvvetin do\u011frudan y\u00fcke aktar\u0131lmas\u0131n\u0131 sa\u011flayarak enerji kayb\u0131n\u0131 azalt\u0131r ve verimlili\u011fi art\u0131r\u0131r.<\/li>\n<\/ul>\n<\/li>\n<\/ul>\n<p>Kaynakl\u0131 ba\u011flant\u0131lar g\u00fc\u00e7l\u00fc ve sa\u011flamd\u0131r, sapmay\u0131 en aza indirir ve silindirin en zorlu ko\u015fullarda bile \u015feklini ve yap\u0131sal b\u00fct\u00fcnl\u00fc\u011f\u00fcn\u00fc korumas\u0131n\u0131 sa\u011flar. Bu \u00f6zellik, kaynakl\u0131 T tipi silindirleri y\u00fcksek verimlilik ve g\u00fcvenilirlik gerektiren uygulamalarda kullan\u0131m i\u00e7in ideal hale getirir.<\/p>\n<h2>Kaynakl\u0131 T Tipi Silindir Uygulamas\u0131<\/h2>\n<p>Kaynakl\u0131 T tipi silindir, end\u00fcstriyel uygulamalarda yayg\u0131n olarak kullan\u0131lan bir hidrolik silindir t\u00fcr\u00fcd\u00fcr. Kompakt ve uygun maliyetli bir pakette y\u00fcksek kuvvet \u00e7\u0131k\u0131\u015f\u0131 sa\u011flamak \u00fczere tasarlanm\u0131\u015ft\u0131r. Bu tip silindir, kaynakl\u0131 bir T par\u00e7as\u0131 ve bu par\u00e7aya ba\u011fl\u0131 bir piston \u00e7ubu\u011fundan olu\u015fur. T par\u00e7as\u0131, silindirin namlusuna ba\u011fl\u0131d\u0131r ve namlu i\u00e7inde ileri geri hareket ederek kuvvet \u00fcreten bir piston i\u00e7erir.<\/p>\n<p><img loading=\"lazy\" decoding=\"async\" class=\"size-full wp-image-977 aligncenter\" src=\"https:\/\/fmp-components.com\/wp-content\/uploads\/2024\/12\/Welded-Tee-Type-Cylinder3.webp\" alt=\"Kaynakl\u0131 T Tipi Silindir\" width=\"653\" height=\"600\" title=\"\" srcset=\"https:\/\/fmp-components.com\/wp-content\/uploads\/2024\/12\/Welded-Tee-Type-Cylinder3.webp 653w, https:\/\/fmp-components.com\/wp-content\/uploads\/2024\/12\/Welded-Tee-Type-Cylinder3-480x441.webp 480w\" sizes=\"(min-width: 0px) and (max-width: 480px) 480px, (min-width: 481px) 653px, 100vw\" \/><\/p>\n<h3>Kaynakl\u0131 T Tipi Silindirin Avantajlar\u0131<\/h3>\n<p>End\u00fcstriyel uygulamalarda kaynakl\u0131 T tipi silindir kullanman\u0131n bir\u00e7ok avantaj\u0131 vard\u0131r:<\/p>\n<ul>\n<li><b>Kompakt tasar\u0131m:<\/b> Kaynakl\u0131 T tipi silindirler, alan\u0131n k\u0131s\u0131tl\u0131 oldu\u011fu uygulamalarda kullan\u0131m i\u00e7in ideal olacak \u015fekilde kompakt olarak tasarlanm\u0131\u015ft\u0131r.<\/li>\n<li><b>Y\u00fcksek verimlilik:<\/b> Kaynakl\u0131 T tipi silindirler olduk\u00e7a verimlidir, bu da minimum enerji giri\u015fiyle b\u00fcy\u00fck miktarda kuvvet \u00fcretebilecekleri anlam\u0131na gelir.<\/li>\n<li><b>Dayan\u0131kl\u0131:<\/b> Kaynakl\u0131 T tipi silindirler son derece dayan\u0131kl\u0131 olacak \u015fekilde tasarlanm\u0131\u015ft\u0131r, bu da zorlu \u00e7al\u0131\u015fma ko\u015fullar\u0131na dayanabilecekleri ve uzun s\u00fcre dayanabilecekleri anlam\u0131na gelir.<\/li>\n<li><b>Maliyet etkin:<\/b> Kaynakl\u0131 T tipi silindirler maliyet a\u00e7\u0131s\u0131ndan avantajl\u0131d\u0131r, yani paran\u0131z\u0131n kar\u015f\u0131l\u0131\u011f\u0131n\u0131 fazlas\u0131yla al\u0131rs\u0131n\u0131z.<\/li>\n<\/ul>\n<h3>Kaynakl\u0131 T Tipi Silindir Uygulamalar\u0131<\/h3>\n<p>Kaynakl\u0131 T tipi silindirlerin \u00e7e\u015fitli end\u00fcstrilerde bir\u00e7ok uygulamas\u0131 vard\u0131r, bunlar aras\u0131nda \u015funlar yer al\u0131r:<\/p>\n<ul>\n<li><b>\u00dcretme:<\/b> Kaynakl\u0131 T tipi silindirler, imalat sekt\u00f6r\u00fcnde makineleri \u00e7al\u0131\u015ft\u0131rmak, a\u011f\u0131r y\u00fckleri hareket ettirmek ve metal par\u00e7alar\u0131 \u015fekillendirmek i\u00e7in kullan\u0131l\u0131r.<\/li>\n<li><b>Tar\u0131m:<\/b> Kaynakl\u0131 T tipi silindirler tar\u0131mda trakt\u00f6r, bi\u00e7erd\u00f6ver ve di\u011fer tar\u0131m ekipmanlar\u0131ndaki hidrolik sistemleri \u00e7al\u0131\u015ft\u0131rmak i\u00e7in kullan\u0131l\u0131r.<\/li>\n<li><b>Yap\u0131:<\/b> Kaynakl\u0131 T tipi silindirler in\u015faat sekt\u00f6r\u00fcnde vin\u00e7, ekskavat\u00f6r ve kep\u00e7e gibi makineleri \u00e7al\u0131\u015ft\u0131rmak i\u00e7in kullan\u0131l\u0131r.<\/li>\n<li><b>Madencilik:<\/b> Kaynakl\u0131 T tipi silindirler, madencilikte buldozer, y\u00fckleyici ve kaya delici gibi a\u011f\u0131r ekipmanlar\u0131n hidrolik sistemlerini \u00e7al\u0131\u015ft\u0131rmak i\u00e7in kullan\u0131l\u0131r.<\/li>\n<li><b>Toplu ta\u015f\u0131ma:<\/b> Kaynakl\u0131 T tipi silindirler, ta\u015f\u0131mac\u0131l\u0131kta kamyon, otob\u00fcs ve di\u011fer ara\u00e7lardaki hidrolik sistemleri \u00e7al\u0131\u015ft\u0131rmak i\u00e7in kullan\u0131l\u0131r.<\/li>\n<\/ul>\n<p>Kaynakl\u0131 T tipi silindirler, bir\u00e7ok end\u00fcstriyel uygulamada \u00f6nemli bir bile\u015fendir. Kompakt, verimli, dayan\u0131kl\u0131 ve uygun maliyetli olacak \u015fekilde tasarland\u0131klar\u0131 i\u00e7in \u00e7ok \u00e7e\u015fitli uygulamalar i\u00e7in ideal bir se\u00e7imdir. \u0130ster bir \u00fcretim tesisinde makine, ister bir \u00e7iftlikte tar\u0131m ekipman\u0131 veya bir madende a\u011f\u0131r ekipman kullan\u0131yor olun, kaynakl\u0131 T tipi silindirler i\u015finizi verimli ve etkili bir \u015fekilde yapman\u0131za yard\u0131mc\u0131 olabilir.<\/p>\n<p><img loading=\"lazy\" decoding=\"async\" class=\"size-full wp-image-974 aligncenter\" src=\"https:\/\/fmp-components.com\/wp-content\/uploads\/2024\/12\/application-of-Welded-Tee-Type-Cylinder.webp\" alt=\"Kaynakl\u0131 T Tipi Silindirin Uygulamas\u0131\" width=\"760\" height=\"860\" title=\"\" srcset=\"https:\/\/fmp-components.com\/wp-content\/uploads\/2024\/12\/application-of-Welded-Tee-Type-Cylinder.webp 760w, https:\/\/fmp-components.com\/wp-content\/uploads\/2024\/12\/application-of-Welded-Tee-Type-Cylinder-480x543.webp 480w\" sizes=\"(min-width: 0px) and (max-width: 480px) 480px, (min-width: 481px) 760px, 100vw\" \/><\/p>\n<h3>FMP Hakk\u0131nda<\/h3>\n<p>30 y\u0131l\u0131 a\u015fk\u0131n s\u00fcredir faaliyet g\u00f6steren FMP, Hidrolik Silindirler alan\u0131nda lider bir \u00fcretici ve tedarik\u00e7idir. End\u00fcstriyel b\u00f6lgemiz \u0130talya'da bulunmaktad\u0131r ve 100'den fazla \u00fcniteden olu\u015fan geni\u015f \u00fcr\u00fcn yelpazemiz ve geli\u015fmi\u015f ekipmanlar\u0131m\u0131z ile gurur duyuyoruz.<\/p>\n<p>Son teknoloji makine parkurumuzda otomatik gaz korumal\u0131 kaynak makineleri, derin delik delme makineleri, CNC torna tezgahlar\u0131, silindirik ta\u015flama makineleri, otomatik temizleme makineleri, otomatik montaj makineleri, otomatik hidrolik silindir performans test tezgahlar\u0131 ve otomatik boyama hatlar\u0131 bulunmaktad\u0131r. Hidrolik Silindir K\u00fcpe Silindiri ve \u00c7ift Y\u00f6nl\u00fc Otomatik Teleskopik Hidrolik Silindir de dahil olmak \u00fczere her bir hidrolik silindir, m\u00fc\u015fterilerimize ola\u011fan\u00fcst\u00fc kalite sa\u011flamak i\u00e7in titiz bir i\u015flem ve denetimden ge\u00e7mektedir.<\/p>\n<p>FMP'yi se\u00e7menin be\u015f temel avantaj\u0131 \u015funlard\u0131r:<\/p>\n<ol>\n<li><strong>Tasar\u0131m Hizmeti:<\/strong> Deneyimli tasar\u0131m ekibimiz, \u00fcniversal \u015faft \u00fcr\u00fcn tasar\u0131m\u0131 ve geli\u015ftirme konusunda uzmand\u0131r. \u0130ster yeni \u00fcr\u00fcnlere ister mevcut \u00fcr\u00fcnlerde iyile\u015ftirmelere ihtiyac\u0131n\u0131z olsun, s\u00fcre\u00e7 boyunca size destek olmak i\u00e7in buraday\u0131z.<\/li>\n<li><strong>\u00dcr\u00fcn Servisi:<\/strong> Kapsaml\u0131 \u00fcr\u00fcn hizmetimiz, hammadde temini, kesim, kaba i\u015fleme, test, temizlik, montaj, paketleme ve nakliye dahil olmak \u00fczere titiz bir \u00fcretim s\u00fcrecini kapsar. Detaylara g\u00f6sterdi\u011fimiz \u00f6zverili ilgi sayesinde, \u00fcr\u00fcnlerimizin en y\u00fcksek kalitede oldu\u011fundan emin olabilirsiniz.<\/li>\n<li><strong>\u00d6rnek \u0130\u015flem:<\/strong> \u00d6zel ihtiya\u00e7lar\u0131n\u0131za g\u00f6re numune geli\u015ftirme hizmeti sunuyoruz. \u0130htiya\u00e7lar\u0131n\u0131z\u0131 kar\u015f\u0131lamak i\u00e7in numuneleri s\u00fcrekli olarak g\u00fcncelleyerek, beklentilerinizle m\u00fckemmel uyum sa\u011flayan \u00fcr\u00fcnler alman\u0131z\u0131 sa\u011fl\u0131yoruz.<\/li>\n<li><strong>Ar-Ge:<\/strong> FMP olarak, pazar\u0131 s\u00fcrekli olarak inceliyor ve yeni trendleri ve talepleri yak\u0131ndan takip ediyoruz. Bu sayede yeni modeller ve tasar\u0131mlar geli\u015ftirebiliyor, \u00fcr\u00fcnlerimizin sekt\u00f6r\u00fcn en yeni standart ve gereksinimlerini kar\u015f\u0131lamas\u0131n\u0131 sa\u011fl\u0131yoruz.<\/li>\n<li><strong>\u00d6zelle\u015ftirme:<\/strong> Firmam\u0131z \u00e7e\u015fitli tipte Hidrolik Silindirlerin \u00fcretimi ve sat\u0131\u015f\u0131 konusunda uzmanla\u015fm\u0131\u015f olup, \u00f6zel sipari\u015fleri memnuniyetle kabul ediyoruz. Belirli bir boyuta, tasar\u0131ma veya i\u015flevselli\u011fe ihtiyac\u0131n\u0131z olsun, benzersiz ihtiya\u00e7lar\u0131n\u0131z\u0131 kar\u015f\u0131layacak uzmanl\u0131\u011fa ve esnekli\u011fe sahibiz.<\/li>\n<\/ol>\n<p><img decoding=\"async\" src=\"https:\/\/fmp-components.com\/wp-content\/uploads\/2024\/12\/fmp-factory-4.webp\" alt=\"FMP fabrikas\u0131\" width=\"800\" title=\"\"><\/p>\n<h2>Soru &amp; Cevap<\/h2>\n<p>S: 10020 Hidrolik Silindirin y\u00fck ta\u015f\u0131ma kapasitesi nedir?<\/p>\n<p>A: Ta\u015f\u0131ma kapasitesi modele \u00f6zeldir.<\/p>\n<p>S: Hidrolik ya\u011f\u0131n\u0131n ne s\u0131kl\u0131kla de\u011fi\u015ftirilmesi gerekir?<\/p>\n<p>C: Kullan\u0131ma g\u00f6re de\u011fi\u015fir ama optimum performans i\u00e7in ya\u011f seviyesini d\u00fczenli olarak kontrol etmenizi \u00f6neririz.<\/p>\n<p>S: Hidrolik silindiri nas\u0131l \u00f6l\u00e7erim?<\/p>\n<p>A: Hidrolik silindiri delik \u00e7ap\u0131, stroku ve \u00e7ubuk \u00e7ap\u0131n\u0131 kullanarak \u00f6l\u00e7ebilirsiniz.<\/p>\n<p>S: Hidrolik silindir nas\u0131l \u00e7al\u0131\u015f\u0131r?<\/p>\n<p>A: Hidrolik silindir, hidrolik s\u0131v\u0131y\u0131 bas\u0131n\u00e7land\u0131rarak do\u011frusal kuvvet ve hareket \u00fcreterek \u00e7al\u0131\u015f\u0131r.<\/p>\n<p>S: Sipari\u015fimi \u00f6zelle\u015ftirebilir miyim?<\/p>\n<p>C: Evet, FMP olarak m\u00fc\u015fterilerimizin sipari\u015flerini kendi ihtiya\u00e7lar\u0131na g\u00f6re \u00f6zelle\u015ftirmelerine memnuniyetle izin veriyoruz.<\/p>\n<p><img loading=\"lazy\" decoding=\"async\" class=\"\" src=\"https:\/\/hzpt.com\/wp-content\/uploads\/2023\/12\/random-6.webp\" alt=\"FMP Fabrikas\u0131\" width=\"836\" height=\"634\" title=\"\"><\/p>\n<p>Yazar:CX<\/p>","protected":false},"excerpt":{"rendered":"<p>The 10020 Professional Tow Truck Double Acting Hydraulic Cylinder is engineered for optimal performance and reliability in towing applications. Designed to handle the demanding conditions of tow truck operations, this hydraulic cylinder provides powerful lifting and lowering capabilities, ensuring efficiency and safety in all tasks. Key Features: Double Acting Mechanism: Allows for smooth operation in [&hellip;]<\/p>","protected":false},"featured_media":1133,"comment_status":"closed","ping_status":"closed","template":"","meta":{"_et_pb_use_builder":"","_et_pb_old_content":"","_et_gb_content_width":""},"product_brand":[],"product_cat":[31],"product_tag":[34,35],"class_list":{"0":"post-940","1":"product","2":"type-product","3":"status-publish","4":"has-post-thumbnail","6":"product_cat-welded-tee-type-cylinder","7":"product_tag-hydraulic-cylinder","8":"product_tag-welded-tee-type-cylinder","10":"first","11":"instock","12":"product-type-simple"},"_links":{"self":[{"href":"https:\/\/fmp-components.com\/tr\/wp-json\/wp\/v2\/product\/940","targetHints":{"allow":["GET"]}}],"collection":[{"href":"https:\/\/fmp-components.com\/tr\/wp-json\/wp\/v2\/product"}],"about":[{"href":"https:\/\/fmp-components.com\/tr\/wp-json\/wp\/v2\/types\/product"}],"replies":[{"embeddable":true,"href":"https:\/\/fmp-components.com\/tr\/wp-json\/wp\/v2\/comments?post=940"}],"wp:featuredmedia":[{"embeddable":true,"href":"https:\/\/fmp-components.com\/tr\/wp-json\/wp\/v2\/media\/1133"}],"wp:attachment":[{"href":"https:\/\/fmp-components.com\/tr\/wp-json\/wp\/v2\/media?parent=940"}],"wp:term":[{"taxonomy":"product_brand","embeddable":true,"href":"https:\/\/fmp-components.com\/tr\/wp-json\/wp\/v2\/product_brand?post=940"},{"taxonomy":"product_cat","embeddable":true,"href":"https:\/\/fmp-components.com\/tr\/wp-json\/wp\/v2\/product_cat?post=940"},{"taxonomy":"product_tag","embeddable":true,"href":"https:\/\/fmp-components.com\/tr\/wp-json\/wp\/v2\/product_tag?post=940"}],"curies":[{"name":"wp","href":"https:\/\/api.w.org\/{rel}","templated":true}]}}