{"id":938,"date":"2024-12-19T03:39:00","date_gmt":"2024-12-19T03:39:00","guid":{"rendered":"https:\/\/fmp-components.com\/product\/10018-professional-20-ton-mini-double-acting-hydraulic-cylinders\/"},"modified":"2024-12-19T09:03:31","modified_gmt":"2024-12-19T09:03:31","slug":"10018-professional-20-ton-mini-double-acting-hydraulic-cylinders","status":"publish","type":"product","link":"https:\/\/fmp-components.com\/tr\/product\/10018-professional-20-ton-mini-double-acting-hydraulic-cylinders\/","title":{"rendered":"10018 Profesyonel 20 Ton Mini \u00c7ift Etkili Hidrolik Silindirler"},"content":{"rendered":"<p>10018 Professional 20 Ton Mini \u00c7ift Etkili Hidrolik Silindirler, kompakt bir tasar\u0131mda y\u00fcksek performans ve g\u00fcvenilirlik i\u00e7in tasarlanm\u0131\u015ft\u0131r. \u00c7e\u015fitli end\u00fcstriyel ve tar\u0131msal uygulamalar i\u00e7in ideal olan bu hidrolik silindirler, yerden tasarruf sa\u011flarken g\u00fc\u00e7l\u00fc kald\u0131rma kapasitesi sunar.<\/p>\n<p><img loading=\"lazy\" decoding=\"async\" class=\"size-full wp-image-977 aligncenter\" src=\"https:\/\/fmp-components.com\/wp-content\/uploads\/2024\/12\/Welded-Tee-Type-Cylinder3.webp\" alt=\"Kaynakl\u0131 T Tipi Silindir\" width=\"653\" height=\"600\" title=\"\" srcset=\"https:\/\/fmp-components.com\/wp-content\/uploads\/2024\/12\/Welded-Tee-Type-Cylinder3.webp 653w, https:\/\/fmp-components.com\/wp-content\/uploads\/2024\/12\/Welded-Tee-Type-Cylinder3-480x441.webp 480w\" sizes=\"(min-width: 0px) and (max-width: 480px) 480px, (min-width: 481px) 653px, 100vw\" \/><\/p>\n<h4>Temel \u00d6zellikler:<\/h4>\n<ul>\n<li><strong>20 Ton Y\u00fck Kapasitesi:<\/strong><br \/>\n20 tona kadar y\u00fckleri kald\u0131racak \u015fekilde tasarlanan 10018 hidrolik silindirler, ola\u011fan\u00fcst\u00fc g\u00fc\u00e7 ve performans sunarak, bunlar\u0131 \u00e7e\u015fitli ortamlardaki a\u011f\u0131r hizmet g\u00f6revleri i\u00e7in uygun hale getirir.<\/li>\n<li><strong>\u00c7ift Etkili Tasar\u0131m:<\/strong><br \/>\n\u00c7ift etkili mekanizma, hem uzatma hem de geri \u00e7ekmede verimli bir \u00e7al\u0131\u015fma sa\u011flayarak ak\u0131c\u0131 ve kontroll\u00fc hareket sa\u011flar. Bu \u00f6zellik, kald\u0131rma, itme ve \u00e7ekme gibi uygulamalarda hassasiyeti art\u0131r\u0131r.<\/li>\n<li><strong>Kompakt Boyut:<\/strong><br \/>\nBu hidrolik silindirlerin mini tasar\u0131m\u0131, daha b\u00fcy\u00fck silindirlerin pratik olmayaca\u011f\u0131 dar alanlara s\u0131\u011fmalar\u0131n\u0131 sa\u011flar. Kompakt yap\u0131lar\u0131 g\u00fc\u00e7ten \u00f6d\u00fcn vermez ve bu da onlar\u0131 \u00e7ok \u00e7e\u015fitli kullan\u0131mlar i\u00e7in \u00e7ok y\u00f6nl\u00fc k\u0131lar.<\/li>\n<li><strong>Dayan\u0131kl\u0131 Yap\u0131:<\/strong><br \/>\nY\u00fcksek kaliteli malzemelerden \u00fcretilen 10018 hidrolik silindirler, zorlu ko\u015fullara dayanacak ve a\u015f\u0131nma ve y\u0131pranmaya kar\u015f\u0131 koyacak \u015fekilde tasarlanm\u0131\u015ft\u0131r. Sa\u011flam yap\u0131lar\u0131, zorlu i\u015f y\u00fckleri alt\u0131nda bile uzun \u00f6m\u00fcr ve g\u00fcvenilirlik sa\u011flar.<\/li>\n<li><strong>\u00c7ok Y\u00f6nl\u00fc Uygulamalar:<\/strong><br \/>\nBu hidrolik silindirler, otomotiv tamiri, in\u015faat ve tar\u0131m ekipmanlar\u0131 dahil olmak \u00fczere \u00e7e\u015fitli uygulamalar i\u00e7in uygundur. \u00c7ok y\u00f6nl\u00fcl\u00fckleri, onlar\u0131 bir\u00e7ok sekt\u00f6rdeki profesyoneller i\u00e7in paha bi\u00e7ilmez bir ara\u00e7 haline getirir.<\/li>\n<\/ul>\n<h4>Teknik \u00d6zellikler:<\/h4>\n<table style=\"width: 98.7273%; height: 271px;\">\n<thead>\n<tr>\n<th>\u015eartname<\/th>\n<th>Tan\u0131m<\/th>\n<\/tr>\n<\/thead>\n<tbody>\n<tr>\n<td><strong>Y\u00fck Kapasitesi<\/strong><\/td>\n<td>20 Ton<\/td>\n<\/tr>\n<tr>\n<td><strong>Delik Boyutu<\/strong><\/td>\n<td>\u00d6zelle\u015ftirilebilir<\/td>\n<\/tr>\n<tr>\n<td><strong>Vuru\u015f Uzunlu\u011fu<\/strong><\/td>\n<td>\u00c7e\u015fitli se\u00e7enekler mevcuttur<\/td>\n<\/tr>\n<tr>\n<td><strong>Maksimum Bas\u0131n\u00e7<\/strong><\/td>\n<td>3000 PSI'ye kadar<\/td>\n<\/tr>\n<tr>\n<td><strong>Malzeme<\/strong><\/td>\n<td>Y\u00fcksek kaliteli \u00e7elik veya al\u00fcminyum<\/td>\n<\/tr>\n<tr>\n<td><strong>Ba\u011flant\u0131 T\u00fcr\u00fc<\/strong><\/td>\n<td>Flan\u015fl\u0131 veya di\u015fli<\/td>\n<\/tr>\n<\/tbody>\n<\/table>\n<h4>\u00c7al\u0131\u015fma Prensibi:<\/h4>\n<p>10018 Mini \u00c7ift Etkili Hidrolik Silindirler, hidrolik s\u0131v\u0131 bas\u0131nc\u0131 prensibiyle \u00e7al\u0131\u015f\u0131r. Hidrolik s\u0131v\u0131 silindire pompaland\u0131\u011f\u0131nda, pistona kuvvet uygulayarak her iki y\u00f6nde de do\u011frusal hareket olu\u015fturur. Bu etkili g\u00fc\u00e7 aktar\u0131m\u0131, \u00e7e\u015fitli kald\u0131rma ve ta\u015f\u0131ma g\u00f6revlerinde hassas kontrol sa\u011flar.<\/p>\n<p>\u00d6zetle, 10018 Professional 20 Ton Mini \u00c7ift Etkili Hidrolik Silindirler, zorlu uygulamalar i\u00e7in g\u00fcvenilir ve g\u00fc\u00e7l\u00fc bir \u00e7\u00f6z\u00fcm sunar. Sa\u011flam yap\u0131lar\u0131, kompakt tasar\u0131mlar\u0131 ve y\u00fcksek y\u00fck kapasiteleri, onlar\u0131 hidrolik operasyonlar\u0131nda verimlilik ve performans arayan profesyoneller i\u00e7in vazge\u00e7ilmez bir ara\u00e7 haline getirir.<\/p>\n<p><img loading=\"lazy\" decoding=\"async\" class=\"size-full wp-image-976 aligncenter\" src=\"https:\/\/fmp-components.com\/wp-content\/uploads\/2024\/12\/Welded-Tee-Type-Cylinder2.webp\" alt=\"Kaynakl\u0131 T Tipi Silindir\" width=\"764\" height=\"675\" title=\"\" srcset=\"https:\/\/fmp-components.com\/wp-content\/uploads\/2024\/12\/Welded-Tee-Type-Cylinder2.webp 764w, https:\/\/fmp-components.com\/wp-content\/uploads\/2024\/12\/Welded-Tee-Type-Cylinder2-480x424.webp 480w\" sizes=\"(min-width: 0px) and (max-width: 480px) 480px, (min-width: 481px) 764px, 100vw\" \/><\/p>\n<h2>Kaynakl\u0131 T Tipi Silindirin Avantajlar\u0131<\/h2>\n<ul>\n<li style=\"list-style-type: none;\">\n<ul>\n<li><strong>Artt\u0131r\u0131lm\u0131\u015f G\u00fc\u00e7:<\/strong> Kaynakl\u0131 T tipi silindirler, y\u00fcksek mukavemetleriyle bilinir ve a\u011f\u0131r kald\u0131rma gerektiren uygulamalar i\u00e7in uygundur. Bu silindirlerin imalat\u0131nda kullan\u0131lan kaynak i\u015flemi, silindirin zay\u0131f noktalardan ar\u0131nd\u0131r\u0131lm\u0131\u015f olmas\u0131n\u0131 ve y\u00fcksek bas\u0131n\u00e7 ve gerilime dayanabilmesini sa\u011flar.<\/li>\n<\/ul>\n<\/li>\n<\/ul>\n<p>Silindire uygulanan bas\u0131n\u00e7, t\u00fcm y\u00fczeye e\u015fit olarak da\u011f\u0131larak deformasyona kar\u015f\u0131 diren\u00e7li hale gelir. Bu \u00f6zellik, silindirin en zorlu ko\u015fullarda bile \u015feklini ve yap\u0131sal b\u00fct\u00fcnl\u00fc\u011f\u00fcn\u00fc koruyabilmesini sa\u011flar.<\/p>\n<ul>\n<li style=\"list-style-type: none;\">\n<ul>\n<li><strong>S\u0131z\u0131nt\u0131 \u00d6nleme:<\/strong> Kaynakl\u0131 T tipi silindirler, s\u0131z\u0131nt\u0131y\u0131 \u00f6nleyecek \u015fekilde tasarlanm\u0131\u015ft\u0131r. \u00dcretim s\u00fcrecinde kullan\u0131lan kaynak i\u015flemi, silindirin tamamen s\u0131zd\u0131rmaz olmas\u0131n\u0131 ve olas\u0131 s\u0131z\u0131nt\u0131lardan ar\u0131nd\u0131r\u0131lmas\u0131n\u0131 sa\u011flar. Bu \u00f6zellik, s\u0131z\u0131nt\u0131n\u0131n ciddi hasara veya yaralanmaya neden olabilece\u011fi uygulamalarda kullan\u0131m i\u00e7in uygundur.<\/li>\n<\/ul>\n<\/li>\n<\/ul>\n<p>Kaynakl\u0131 ba\u011flant\u0131lar p\u00fcr\u00fczs\u00fczd\u00fcr, d\u00f6k\u00fcnt\u00fc veya kirin birikebilece\u011fi herhangi bir yar\u0131k veya oluk yoktur, bu da korozyon ve silindire zarar verme riskini azalt\u0131r.<\/p>\n<ul>\n<li style=\"list-style-type: none;\">\n<ul>\n<li><strong>\u00d6zelle\u015ftirilebilir:<\/strong> Kaynakl\u0131 T tipi silindirler, belirli uygulamalara uyacak \u015fekilde \u00f6zelle\u015ftirilebilir. Silindirler farkl\u0131 boyut ve \u015fekillerde mevcuttur ve uygulaman\u0131n \u00f6zel gereksinimlerini kar\u015f\u0131layacak \u015fekilde \u00fcretilebilir.<\/li>\n<\/ul>\n<\/li>\n<\/ul>\n<p>\u00d6zelle\u015ftirme s\u00fcreci, silindirin performans a\u00e7\u0131s\u0131ndan optimize edilmesini ve ama\u00e7lanan uygulamaya uygun olmas\u0131n\u0131 sa\u011flar. Bu \u00f6zellik, kaynakl\u0131 T tipi silindirleri in\u015faat, madencilik ve malzeme ta\u015f\u0131ma gibi \u00e7e\u015fitli end\u00fcstriyel uygulamalarda kullan\u0131m i\u00e7in ideal hale getirir.<\/p>\n<ul>\n<li style=\"list-style-type: none;\">\n<ul>\n<li><strong>Maliyet Etkin:<\/strong> Kaynakl\u0131 T tipi silindirler, di\u011fer silindir tiplerine k\u0131yasla uygun maliyetlidir. Bu silindirlerin \u00fcretiminde kullan\u0131lan imalat s\u00fcreci basittir ve bu da onlar\u0131 di\u011fer silindir tiplerine g\u00f6re daha uygun maliyetli k\u0131lar.<\/li>\n<\/ul>\n<\/li>\n<\/ul>\n<p>Ayr\u0131ca, kaynakl\u0131 T tipi silindirlerin y\u00fcksek mukavemeti ve dayan\u0131kl\u0131l\u0131\u011f\u0131, s\u0131k onar\u0131m ve de\u011fi\u015ftirme ihtiyac\u0131n\u0131 azaltarak bak\u0131m maliyetlerinden tasarruf sa\u011flar. Bu \u00f6zellik, onlar\u0131 \u00f6zellikle s\u0131n\u0131rl\u0131 b\u00fct\u00e7eye sahip bir\u00e7ok sekt\u00f6r i\u00e7in pop\u00fcler bir tercih haline getirir.<\/p>\n<ul>\n<li style=\"list-style-type: none;\">\n<ul>\n<li><strong>Artan Verimlilik:<\/strong> Kaynakl\u0131 T tipi silindirler son derece verimli ve etkilidir. Silindirin tasar\u0131m\u0131, uygulanan kuvvetin do\u011frudan y\u00fcke aktar\u0131lmas\u0131n\u0131 sa\u011flayarak enerji kayb\u0131n\u0131 azalt\u0131r ve verimlili\u011fi art\u0131r\u0131r.<\/li>\n<\/ul>\n<\/li>\n<\/ul>\n<p>Kaynakl\u0131 ba\u011flant\u0131lar g\u00fc\u00e7l\u00fc ve sa\u011flamd\u0131r, sapmay\u0131 en aza indirir ve silindirin en zorlu ko\u015fullarda bile \u015feklini ve yap\u0131sal b\u00fct\u00fcnl\u00fc\u011f\u00fcn\u00fc korumas\u0131n\u0131 sa\u011flar. Bu \u00f6zellik, kaynakl\u0131 T tipi silindirleri y\u00fcksek verimlilik ve g\u00fcvenilirlik gerektiren uygulamalarda kullan\u0131m i\u00e7in ideal hale getirir.<\/p>\n<p><img loading=\"lazy\" decoding=\"async\" class=\"size-full wp-image-974 aligncenter\" src=\"https:\/\/fmp-components.com\/wp-content\/uploads\/2024\/12\/application-of-Welded-Tee-Type-Cylinder.webp\" alt=\"Kaynakl\u0131 T Tipi Silindirin Uygulamas\u0131\" width=\"760\" height=\"860\" title=\"\" srcset=\"https:\/\/fmp-components.com\/wp-content\/uploads\/2024\/12\/application-of-Welded-Tee-Type-Cylinder.webp 760w, https:\/\/fmp-components.com\/wp-content\/uploads\/2024\/12\/application-of-Welded-Tee-Type-Cylinder-480x543.webp 480w\" sizes=\"(min-width: 0px) and (max-width: 480px) 480px, (min-width: 481px) 760px, 100vw\" \/><\/p>\n<h2>Kaynakl\u0131 T Tipi Silindir Uygulamas\u0131<\/h2>\n<ul>\n<li>\n<h3>End\u00fcstriyel Makine ve Ekipmanlar<\/h3>\n<p>Kaynakl\u0131 T Tipi Silindir, end\u00fcstriyel makine ve ekipmanlarda, \u00f6zellikle de hidrolik sistemlerde yayg\u0131n olarak kullan\u0131l\u0131r. Silindir, tek bir \u00fcnite olu\u015fturmak \u00fczere kaynaklanm\u0131\u015f bir piston ve bir silindir borusundan olu\u015fur. Bu tasar\u0131m, di\u011fer silindir tiplerine g\u00f6re geli\u015fmi\u015f dayan\u0131kl\u0131l\u0131k, daha y\u00fcksek mukavemet ve daha y\u00fcksek hassasiyet gibi \u00e7e\u015fitli avantajlar sunar.<\/p>\n<p>Kaynakl\u0131 T Tipi Silindirlerin end\u00fcstriyel makinelerdeki en \u00f6nemli uygulamalar\u0131ndan biri, tutarl\u0131 ve do\u011fru kuvvet sa\u011flama kabiliyetidir. Bu, nihai \u00fcr\u00fcn\u00fcn kalitesini sa\u011flamak i\u00e7in hassas kontrol\u00fcn gerekli oldu\u011fu bir\u00e7ok \u00fcretim s\u00fcreci i\u00e7in olmazsa olmazd\u0131r. Kaynakl\u0131 T Tipi Silindirler ayr\u0131ca hidrolik sistemlerdeki ak\u0131\u015fkan ak\u0131\u015f\u0131n\u0131 d\u00fczenlemek i\u00e7in de kullan\u0131labilir ve bu da \u00e7e\u015fitli end\u00fcstriyel uygulamalarda daha fazla verimlilik ve g\u00fcvenilirlik sa\u011flar.<\/li>\n<li>\n<h3>Tar\u0131m Ekipmanlar\u0131<\/h3>\n<p>Kaynakl\u0131 T Tipi Silindirler, trakt\u00f6r ve bi\u00e7erd\u00f6ver gibi tar\u0131m ekipmanlar\u0131nda da yayg\u0131n olarak kullan\u0131l\u0131r. Bu makinelerin etkili bir \u015fekilde \u00e7al\u0131\u015fmas\u0131 i\u00e7in g\u00fc\u00e7l\u00fc ve g\u00fcvenilir hidrolik sistemlere ihtiya\u00e7 vard\u0131r ve Kaynakl\u0131 T Tipi Silindirler bu ama\u00e7 i\u00e7in ideal bir se\u00e7imdir.<\/p>\n<p>Silindirin sa\u011flam yap\u0131s\u0131 ve y\u00fcksek mukavemeti, zorlu \u00e7al\u0131\u015fma ko\u015fullar\u0131nda bile a\u015f\u0131nma ve y\u0131pranmaya kar\u015f\u0131 olduk\u00e7a diren\u00e7li olmas\u0131n\u0131 sa\u011flar. Bu sayede, dayan\u0131kl\u0131l\u0131\u011f\u0131n \u00f6nemli bir fakt\u00f6r oldu\u011fu tar\u0131m ekipmanlar\u0131nda kullan\u0131m i\u00e7in ideal bir se\u00e7imdir. Kaynakl\u0131 T Tipi Silindir, ekim, hasat ve sulama gibi bir\u00e7ok tar\u0131msal i\u015flem i\u00e7in gereken hassas kontrol\u00fc sa\u011flamak i\u00e7in de kullan\u0131labilir.<\/li>\n<li>\n<h3>\u0130n\u015faat Ekipmanlar\u0131<\/h3>\n<p>Kaynakl\u0131 T Tipi Silindirler, ekskavat\u00f6rler, kep\u00e7eler ve buldozerler gibi in\u015faat ekipmanlar\u0131nda da yayg\u0131n olarak kullan\u0131l\u0131r. Bu makineler, kazma, kald\u0131rma ve a\u011f\u0131r y\u00fckleri itme gibi a\u011f\u0131r i\u015flerde kullan\u0131lmak \u00fczere g\u00fc\u00e7l\u00fc ve g\u00fcvenilir hidrolik sistemler gerektirir.<\/p>\n<p>Kaynakl\u0131 T Tipi Silindir, y\u00fcksek mukavemeti ve dayan\u0131kl\u0131l\u0131\u011f\u0131 sayesinde in\u015faat ekipmanlar\u0131nda kullan\u0131m i\u00e7in ideal bir se\u00e7imdir. Hassas kontrol ve tutarl\u0131 kuvvet sa\u011flama kabiliyeti, kaz\u0131, tesviye ve asfaltlama gibi bir\u00e7ok in\u015faat s\u00fcreci i\u00e7in olmazsa olmazd\u0131r. Kaynakl\u0131 T Tipi Silindir ayr\u0131ca hidrolik sistemlerdeki ak\u0131\u015fkan ak\u0131\u015f\u0131n\u0131 d\u00fczenlemek ve \u00e7e\u015fitli uygulamalarda in\u015faat ekipmanlar\u0131n\u0131n verimlili\u011fini ve g\u00fcvenilirli\u011fini art\u0131rmak i\u00e7in de kullan\u0131labilir.<\/li>\n<\/ul>\n<h3>FMP Hakk\u0131nda<\/h3>\n<p>30 y\u0131l\u0131 a\u015fk\u0131n bir s\u00fcredir faaliyet g\u00f6steren FMP, \u0130talya merkezli, tan\u0131nm\u0131\u015f bir Hidrolik Silindir \u00fcreticisidir. Geni\u015f \u00fcr\u00fcn yelpazemiz ve 100'den fazla son teknoloji ekipmana ev sahipli\u011fi yapan donan\u0131ml\u0131 end\u00fcstriyel alan\u0131m\u0131zla gurur duyuyoruz. \u00dcr\u00fcn yelpazemizde otomatik gaz korumal\u0131 kaynak makineleri, derin delik delme makineleri, CNC torna tezgahlar\u0131, silindirik ta\u015flama makineleri, otomatik temizleme makineleri, otomatik montaj makineleri, otomatik hidrolik silindir performans test tezgahlar\u0131 ve otomatik boyama hatlar\u0131 gibi \u00fcr\u00fcnler yer almaktad\u0131r.<\/p>\n<p><strong>Hidrolik Silindir:<\/strong> Hidrolik silindirlerimiz, de\u011ferli m\u00fc\u015fterilerimiz i\u00e7in en \u00fcst d\u00fczey kaliteyi garantilemek amac\u0131yla s\u0131k\u0131 i\u015fleme ve muayene prosed\u00fcrlerinden ge\u00e7mektedir. A\u015fa\u011f\u0131dakiler de dahil olmak \u00fczere \u00e7e\u015fitli hidrolik silindir t\u00fcrleri sunuyoruz:<\/p>\n<ol>\n<li><strong>K\u00fcpe Silindiri:<\/strong> K\u00fcpe silindirlerimiz \u00e7e\u015fitli uygulamalarda istikrarl\u0131 ve g\u00fcvenilir performans sa\u011flayacak \u015fekilde tasarlanm\u0131\u015ft\u0131r.<\/li>\n<li><strong>\u00c7ift Y\u00f6nl\u00fc Otomatik Teleskopik Hidrolik Silindir:<\/strong> \u00c7ift y\u00f6nl\u00fc otomatik teleskopik hidrolik silindirlerimiz ola\u011fan\u00fcst\u00fc dayan\u0131kl\u0131l\u0131k ve esneklik sunarak zorlu g\u00f6revler i\u00e7in uygundur.<\/li>\n<\/ol>\n<p>\u00dcr\u00fcn yelpazemizin yan\u0131 s\u0131ra m\u00fc\u015fterilerimize m\u00fckemmel hizmetler sunmaya kararl\u0131y\u0131z:<\/p>\n<ol>\n<li><strong>Tasar\u0131m Hizmeti:<\/strong> Deneyimli tasar\u0131m ekibimiz yeni \u00fcr\u00fcnler geli\u015ftirmenizde veya mevcut \u00fcr\u00fcnlerinizde iyile\u015ftirmeler yapman\u0131zda size yard\u0131mc\u0131 olabilir.<\/li>\n<li><strong>\u00dcr\u00fcn Servisi:<\/strong> Hammaddeden nakliyeye kadar t\u00fcm \u00fcretim s\u00fcrecinde s\u0131k\u0131 kalite kontrollerini s\u00fcrd\u00fcr\u00fcyor, g\u00fcvenilir ve dayan\u0131kl\u0131 \u00fcr\u00fcnler sunuyoruz.<\/li>\n<li><strong>\u00d6rnek \u0130\u015flem:<\/strong> \u00d6zel ihtiya\u00e7lar\u0131n\u0131za g\u00f6re numune geli\u015ftirme ve ihtiya\u00e7lar\u0131n\u0131z\u0131 kar\u015f\u0131lamak i\u00e7in gerekli de\u011fi\u015fiklikleri yapma esnekli\u011fini sunuyoruz.<\/li>\n<li><strong>Ar-Ge:<\/strong> Ara\u015ft\u0131rma ve geli\u015ftirme ekibimiz s\u00fcrekli olarak pazar\u0131 inceliyor ve de\u011fi\u015fen m\u00fc\u015fteri taleplerini kar\u015f\u0131lamak i\u00e7in yeni modeller geli\u015ftiriyor.<\/li>\n<\/ol>\n<p>FMP olarak, \u00e7e\u015fitli tipte Hidrolik Silindirlerin \u00fcretimi ve \u00f6zelle\u015ftirilmesi konusunda uzmanla\u015f\u0131yoruz. Ola\u011fan\u00fcst\u00fc \u00fcr\u00fcnlerimiz ve \u015firket avantajlar\u0131m\u0131z sayesinde, de\u011ferli m\u00fc\u015fterilerimizle ba\u015far\u0131l\u0131 i\u015f birlikleri kurmay\u0131 hedefliyoruz. Hidrolik silindir ihtiya\u00e7lar\u0131n\u0131z i\u00e7in FMP ile ortakl\u0131k olanaklar\u0131n\u0131 ke\u015ffetmek i\u00e7in bizimle ileti\u015fime ge\u00e7in.<\/p>\n<p><img decoding=\"async\" src=\"https:\/\/fmp-components.com\/wp-content\/uploads\/2024\/12\/fmp-factory-4.webp\" alt=\"FMP fabrikas\u0131\" width=\"800\" title=\"\"><br \/>\nYazar:CX<\/p>","protected":false},"excerpt":{"rendered":"<p>The 10018 Professional 20 Ton Mini Double Acting Hydraulic Cylinders are engineered for high performance and reliability in a compact design. Ideal for various industrial and agricultural applications, these hydraulic cylinders provide powerful lifting capabilities while maintaining a space-efficient footprint. Key Features: 20 Ton Load Capacity: Designed to handle loads up to 20 tons, the [&hellip;]<\/p>","protected":false},"featured_media":1132,"comment_status":"closed","ping_status":"closed","template":"","meta":{"_et_pb_use_builder":"","_et_pb_old_content":"","_et_gb_content_width":""},"product_brand":[],"product_cat":[31],"product_tag":[34,35],"class_list":{"0":"post-938","1":"product","2":"type-product","3":"status-publish","4":"has-post-thumbnail","6":"product_cat-welded-tee-type-cylinder","7":"product_tag-hydraulic-cylinder","8":"product_tag-welded-tee-type-cylinder","10":"first","11":"instock","12":"product-type-simple"},"_links":{"self":[{"href":"https:\/\/fmp-components.com\/tr\/wp-json\/wp\/v2\/product\/938","targetHints":{"allow":["GET"]}}],"collection":[{"href":"https:\/\/fmp-components.com\/tr\/wp-json\/wp\/v2\/product"}],"about":[{"href":"https:\/\/fmp-components.com\/tr\/wp-json\/wp\/v2\/types\/product"}],"replies":[{"embeddable":true,"href":"https:\/\/fmp-components.com\/tr\/wp-json\/wp\/v2\/comments?post=938"}],"wp:featuredmedia":[{"embeddable":true,"href":"https:\/\/fmp-components.com\/tr\/wp-json\/wp\/v2\/media\/1132"}],"wp:attachment":[{"href":"https:\/\/fmp-components.com\/tr\/wp-json\/wp\/v2\/media?parent=938"}],"wp:term":[{"taxonomy":"product_brand","embeddable":true,"href":"https:\/\/fmp-components.com\/tr\/wp-json\/wp\/v2\/product_brand?post=938"},{"taxonomy":"product_cat","embeddable":true,"href":"https:\/\/fmp-components.com\/tr\/wp-json\/wp\/v2\/product_cat?post=938"},{"taxonomy":"product_tag","embeddable":true,"href":"https:\/\/fmp-components.com\/tr\/wp-json\/wp\/v2\/product_tag?post=938"}],"curies":[{"name":"wp","href":"https:\/\/api.w.org\/{rel}","templated":true}]}}