{"id":936,"date":"2024-12-19T03:39:00","date_gmt":"2024-12-19T03:39:00","guid":{"rendered":"https:\/\/fmp-components.com\/product\/10016-hot-selling-trailer-hydraulic-cylinder-for-agriculture\/"},"modified":"2024-12-19T09:03:54","modified_gmt":"2024-12-19T09:03:54","slug":"10016-hot-selling-trailer-hydraulic-cylinder-for-agriculture","status":"publish","type":"product","link":"https:\/\/fmp-components.com\/tr\/product\/10016-hot-selling-trailer-hydraulic-cylinder-for-agriculture\/","title":{"rendered":"Tar\u0131m \u0130\u00e7in 10016 \u00c7ok Satan R\u00f6mork Hidrolik Silindiri"},"content":{"rendered":"<p>10016 \u00c7ok Satan R\u00f6mork Hidrolik Silindiri, tar\u0131m r\u00f6morklar\u0131n\u0131n i\u015flevselli\u011fini art\u0131rmak, g\u00fcvenilir performans ve sa\u011flam dayan\u0131kl\u0131l\u0131k sa\u011flamak i\u00e7in uzmanca tasarlanm\u0131\u015ft\u0131r. Bu hidrolik silindir, tar\u0131msal faaliyetlerinde verimlili\u011fi ve kullan\u0131m kolayl\u0131\u011f\u0131n\u0131 en \u00fcst d\u00fczeye \u00e7\u0131karmak isteyen \u00e7ift\u00e7iler i\u00e7in vazge\u00e7ilmez bir bile\u015fendir.<\/p>\n<h4>Temel \u00d6zellikler:<\/h4>\n<ul>\n<li><strong>Verimli Hidrolik Performans:<\/strong><br \/>\n10016 hidrolik silindir, r\u00f6mork kasalar\u0131n\u0131n kald\u0131r\u0131lmas\u0131 ve indirilmesinde sorunsuz ve g\u00fc\u00e7l\u00fc bir \u00e7al\u0131\u015fma sa\u011flayarak optimum hidrolik s\u0131v\u0131 performans\u0131 i\u00e7in tasarlanm\u0131\u015ft\u0131r. Bu verimlilik, h\u0131zl\u0131 y\u00fckleme ve bo\u015faltma i\u00e7in kritik \u00f6neme sahiptir ve genel verimlili\u011fi art\u0131r\u0131r.<\/li>\n<li><strong>Sa\u011flam Yap\u0131:<\/strong><br \/>\nY\u00fcksek kaliteli malzemelerden \u00fcretilen bu hidrolik silindir, zorlu tar\u0131m ko\u015fullar\u0131na dayanacak \u015fekilde \u00fcretilmi\u015ftir. Dayan\u0131kl\u0131 yap\u0131s\u0131, a\u011f\u0131r y\u00fckler ve s\u0131k kullan\u0131m ko\u015fullar\u0131nda bile uzun s\u00fcreli performans sa\u011flar.<\/li>\n<li><strong>\u00c7ok Y\u00f6nl\u00fc Uygulamalar:<\/strong><br \/>\nTar\u0131m r\u00f6morklar\u0131 i\u00e7in \u00f6zel olarak tasarlanan bu hidrolik silindir, saman ta\u015f\u0131mac\u0131l\u0131\u011f\u0131, hayvan ta\u015f\u0131mac\u0131l\u0131\u011f\u0131 ve genel \u00e7ift\u00e7ilik i\u015fleri de dahil olmak \u00fczere \u00e7e\u015fitli uygulamalarda kullan\u0131labilecek kadar \u00e7ok y\u00f6nl\u00fcd\u00fcr. Uyarlanabilirli\u011fi, onu her t\u00fcrl\u00fc \u00e7ift\u00e7ilik faaliyeti i\u00e7in de\u011ferli bir katk\u0131 haline getirir.<\/li>\n<li><strong>Kullan\u0131c\u0131 Dostu Tasar\u0131m:<\/strong><br \/>\n10016 silindir, kurulum ve \u00e7al\u0131\u015ft\u0131rmay\u0131 kolayla\u015ft\u0131ran sezgisel bir tasar\u0131ma sahiptir. \u00c7e\u015fitli r\u00f6mork modelleriyle uyumludur, bu da \u00e7ift\u00e7ilerin ekipmanlar\u0131n\u0131 kapsaml\u0131 modifikasyonlara gerek kalmadan y\u00fckseltmelerini kolayla\u015ft\u0131r\u0131r.<\/li>\n<li><strong>\u00c7ok Satan \u00dcr\u00fcn:<\/strong><br \/>\nKan\u0131tlanm\u0131\u015f performans\u0131 ve g\u00fcvenilirli\u011fiyle 10016 hidrolik silindir, tar\u0131m profesyonelleri aras\u0131nda \u00e7ok satan bir \u00fcr\u00fcn haline geldi. Pop\u00fclerli\u011fi, tar\u0131msal faaliyetleri iyile\u015ftirmedeki kalitesinin ve etkinli\u011finin bir kan\u0131t\u0131d\u0131r.<\/li>\n<\/ul>\n<p><img loading=\"lazy\" decoding=\"async\" class=\"size-full wp-image-976 aligncenter\" src=\"https:\/\/fmp-components.com\/wp-content\/uploads\/2024\/12\/Welded-Tee-Type-Cylinder2.webp\" alt=\"Kaynakl\u0131 T Tipi Silindir\" width=\"764\" height=\"675\" title=\"\" srcset=\"https:\/\/fmp-components.com\/wp-content\/uploads\/2024\/12\/Welded-Tee-Type-Cylinder2.webp 764w, https:\/\/fmp-components.com\/wp-content\/uploads\/2024\/12\/Welded-Tee-Type-Cylinder2-480x424.webp 480w\" sizes=\"(min-width: 0px) and (max-width: 480px) 480px, (min-width: 481px) 764px, 100vw\" \/><\/p>\n<h4>Teknik \u00d6zellikler:<\/h4>\n<table style=\"width: 97.9238%; height: 185px;\">\n<thead>\n<tr style=\"height: 23px;\">\n<th style=\"height: 23px;\">\u015eartname<\/th>\n<th style=\"height: 23px;\">Tan\u0131m<\/th>\n<\/tr>\n<\/thead>\n<tbody>\n<tr style=\"height: 23px;\">\n<td style=\"height: 23px;\"><strong>Delik Boyutu<\/strong><\/td>\n<td style=\"height: 23px;\">\u00d6zelle\u015ftirilebilir<\/td>\n<\/tr>\n<tr style=\"height: 23px;\">\n<td style=\"height: 23px;\"><strong>Vuru\u015f Uzunlu\u011fu<\/strong><\/td>\n<td style=\"height: 23px;\">\u00c7e\u015fitli se\u00e7enekler mevcuttur<\/td>\n<\/tr>\n<tr style=\"height: 23px;\">\n<td style=\"height: 23px;\"><strong>Maksimum Bas\u0131n\u00e7<\/strong><\/td>\n<td style=\"height: 23px;\">3000 PSI'ye kadar<\/td>\n<\/tr>\n<tr style=\"height: 23px;\">\n<td style=\"height: 23px;\"><strong>Malzeme<\/strong><\/td>\n<td style=\"height: 23px;\">Y\u00fcksek kaliteli \u00e7elik veya al\u00fcminyum<\/td>\n<\/tr>\n<tr style=\"height: 23px;\">\n<td style=\"height: 23px;\"><strong>Ba\u011flant\u0131 T\u00fcr\u00fc<\/strong><\/td>\n<td style=\"height: 23px;\">Flan\u015fl\u0131 veya di\u015fli<\/td>\n<\/tr>\n<\/tbody>\n<\/table>\n<h4>\u00c7al\u0131\u015fma Prensibi:<\/h4>\n<p>10016 R\u00f6mork Hidrolik Silindiri, hidrolik s\u0131v\u0131 bas\u0131nc\u0131 prensibine g\u00f6re \u00e7al\u0131\u015f\u0131r. Hidrolik s\u0131v\u0131 silindire pompaland\u0131\u011f\u0131nda, pistona kuvvet uygulayarak r\u00f6mork kasas\u0131n\u0131n kontroll\u00fc bir \u015fekilde kald\u0131r\u0131l\u0131p indirilmesini sa\u011flar. Bu etkili g\u00fc\u00e7 aktar\u0131m\u0131, \u00e7ift\u00e7ilerin a\u011f\u0131r y\u00fckleri kolayca ve hassas bir \u015fekilde kald\u0131rabilmelerini sa\u011flar.<\/p>\n<p>10016 \u00c7ok Satan R\u00f6mork Hidrolik Silindiri, tar\u0131msal r\u00f6mork operasyonlar\u0131n\u0131 iyile\u015ftirmek i\u00e7in g\u00fcvenilir ve verimli bir \u00e7\u00f6z\u00fcmd\u00fcr. Sa\u011flam yap\u0131s\u0131, kullan\u0131c\u0131 dostu tasar\u0131m\u0131 ve \u00e7ok y\u00f6nl\u00fcl\u00fc\u011f\u00fc, onu tarlada \u00fcretkenliklerini ve verimliliklerini art\u0131rmak isteyen \u00e7ift\u00e7iler i\u00e7in vazge\u00e7ilmez bir ara\u00e7 haline getirir.<\/p>\n<h3>SSS<\/h3>\n<p>\u2013 Treyler hidrolik silindirleri \u00f6zelle\u015ftirilebilir mi?<br \/>\nEvet, sizin \u00f6zellikleriniz ve ihtiya\u00e7lar\u0131n\u0131z do\u011frultusunda \u00f6zelle\u015ftirme imkan\u0131 sunuyoruz.<\/p>\n<p>\u2013 Treyler hidrolik silindirinin ta\u015f\u0131ma kapasitesi nedir?<br \/>\nTa\u015f\u0131ma kapasitesi modele g\u00f6re de\u011fi\u015fir. Daha fazla bilgi i\u00e7in l\u00fctfen \u00fcr\u00fcn detaylar\u0131na bak\u0131n.<\/p>\n<p>\u2013 Treyler hidrolik silindiri nas\u0131l \u00e7al\u0131\u015f\u0131r?<br \/>\nHidrolik silindirler, ak\u0131\u015fkanlar mekani\u011fi prensibine g\u00f6re \u00e7al\u0131\u015f\u0131r. Silindir i\u00e7indeki ak\u0131\u015fkana bas\u0131n\u00e7 uyguland\u0131\u011f\u0131nda, a\u011f\u0131r cisimleri hareket ettirebilecek bir kuvvet olu\u015fur.<\/p>\n<p>\u2013 Bu silindirlerin enerji verimlili\u011fi nedir?<br \/>\nR\u00f6mork hidrolik silindirlerimiz daha az enerji kullanacak \u015fekilde tasarlanm\u0131\u015ft\u0131r, bu sayede maliyet a\u00e7\u0131s\u0131ndan verimli ve \u00e7evre dostudur.<\/p>\n<p>\u2013 Bu silindirler g\u00fcvenli mi?<br \/>\nEvet, silindirlerimiz en kaliteli malzemeler ve ileri teknoloji kullan\u0131larak \u00fcretilmi\u015ftir, g\u00fcvenli ve g\u00fcvenilir performans sa\u011flar.<\/p>\n<h2>Kaynakl\u0131 T Tipi Silindirin Avantajlar\u0131<\/h2>\n<ul>\n<li style=\"list-style-type: none;\">\n<ul>\n<li><strong>Artt\u0131r\u0131lm\u0131\u015f G\u00fc\u00e7:<\/strong> Kaynakl\u0131 T tipi silindirler, y\u00fcksek mukavemetleriyle bilinir ve a\u011f\u0131r kald\u0131rma gerektiren uygulamalar i\u00e7in uygundur. Bu silindirlerin imalat\u0131nda kullan\u0131lan kaynak i\u015flemi, silindirin zay\u0131f noktalardan ar\u0131nd\u0131r\u0131lm\u0131\u015f olmas\u0131n\u0131 ve y\u00fcksek bas\u0131n\u00e7 ve gerilime dayanabilmesini sa\u011flar.<\/li>\n<\/ul>\n<\/li>\n<\/ul>\n<p>Silindire uygulanan bas\u0131n\u00e7, t\u00fcm y\u00fczeye e\u015fit olarak da\u011f\u0131larak deformasyona kar\u015f\u0131 diren\u00e7li hale gelir. Bu \u00f6zellik, silindirin en zorlu ko\u015fullarda bile \u015feklini ve yap\u0131sal b\u00fct\u00fcnl\u00fc\u011f\u00fcn\u00fc koruyabilmesini sa\u011flar.<\/p>\n<ul>\n<li style=\"list-style-type: none;\">\n<ul>\n<li><strong>S\u0131z\u0131nt\u0131 \u00d6nleme:<\/strong> Kaynakl\u0131 T tipi silindirler, s\u0131z\u0131nt\u0131y\u0131 \u00f6nleyecek \u015fekilde tasarlanm\u0131\u015ft\u0131r. \u00dcretim s\u00fcrecinde kullan\u0131lan kaynak i\u015flemi, silindirin tamamen s\u0131zd\u0131rmaz olmas\u0131n\u0131 ve olas\u0131 s\u0131z\u0131nt\u0131lardan ar\u0131nd\u0131r\u0131lmas\u0131n\u0131 sa\u011flar. Bu \u00f6zellik, s\u0131z\u0131nt\u0131n\u0131n ciddi hasara veya yaralanmaya neden olabilece\u011fi uygulamalarda kullan\u0131m i\u00e7in uygundur.<\/li>\n<\/ul>\n<\/li>\n<\/ul>\n<p>Kaynakl\u0131 ba\u011flant\u0131lar p\u00fcr\u00fczs\u00fczd\u00fcr, d\u00f6k\u00fcnt\u00fc veya kirin birikebilece\u011fi herhangi bir yar\u0131k veya oluk yoktur, bu da korozyon ve silindire zarar verme riskini azalt\u0131r.<\/p>\n<ul>\n<li style=\"list-style-type: none;\">\n<ul>\n<li><strong>\u00d6zelle\u015ftirilebilir:<\/strong> Kaynakl\u0131 T tipi silindirler, belirli uygulamalara uyacak \u015fekilde \u00f6zelle\u015ftirilebilir. Silindirler farkl\u0131 boyut ve \u015fekillerde mevcuttur ve uygulaman\u0131n \u00f6zel gereksinimlerini kar\u015f\u0131layacak \u015fekilde \u00fcretilebilir.<\/li>\n<\/ul>\n<\/li>\n<\/ul>\n<p>\u00d6zelle\u015ftirme s\u00fcreci, silindirin performans a\u00e7\u0131s\u0131ndan optimize edilmesini ve ama\u00e7lanan uygulamaya uygun olmas\u0131n\u0131 sa\u011flar. Bu \u00f6zellik, kaynakl\u0131 T tipi silindirleri in\u015faat, madencilik ve malzeme ta\u015f\u0131ma gibi \u00e7e\u015fitli end\u00fcstriyel uygulamalarda kullan\u0131m i\u00e7in ideal hale getirir.<\/p>\n<ul>\n<li style=\"list-style-type: none;\">\n<ul>\n<li><strong>Maliyet Etkin:<\/strong> Kaynakl\u0131 T tipi silindirler, di\u011fer silindir tiplerine k\u0131yasla uygun maliyetlidir. Bu silindirlerin \u00fcretiminde kullan\u0131lan imalat s\u00fcreci basittir ve bu da onlar\u0131 di\u011fer silindir tiplerine g\u00f6re daha uygun maliyetli k\u0131lar.<\/li>\n<\/ul>\n<\/li>\n<\/ul>\n<p>Ayr\u0131ca, kaynakl\u0131 T tipi silindirlerin y\u00fcksek mukavemeti ve dayan\u0131kl\u0131l\u0131\u011f\u0131, s\u0131k onar\u0131m ve de\u011fi\u015ftirme ihtiyac\u0131n\u0131 azaltarak bak\u0131m maliyetlerinden tasarruf sa\u011flar. Bu \u00f6zellik, onlar\u0131 \u00f6zellikle s\u0131n\u0131rl\u0131 b\u00fct\u00e7eye sahip bir\u00e7ok sekt\u00f6r i\u00e7in pop\u00fcler bir tercih haline getirir.<\/p>\n<ul>\n<li style=\"list-style-type: none;\">\n<ul>\n<li><strong>Artan Verimlilik:<\/strong> Kaynakl\u0131 T tipi silindirler son derece verimli ve etkilidir. Silindirin tasar\u0131m\u0131, uygulanan kuvvetin do\u011frudan y\u00fcke aktar\u0131lmas\u0131n\u0131 sa\u011flayarak enerji kayb\u0131n\u0131 azalt\u0131r ve verimlili\u011fi art\u0131r\u0131r.<\/li>\n<\/ul>\n<\/li>\n<\/ul>\n<p>Kaynakl\u0131 ba\u011flant\u0131lar g\u00fc\u00e7l\u00fc ve sa\u011flamd\u0131r, sapmay\u0131 en aza indirir ve silindirin en zorlu ko\u015fullarda bile \u015feklini ve yap\u0131sal b\u00fct\u00fcnl\u00fc\u011f\u00fcn\u00fc korumas\u0131n\u0131 sa\u011flar. Bu \u00f6zellik, kaynakl\u0131 T tipi silindirleri y\u00fcksek verimlilik ve g\u00fcvenilirlik gerektiren uygulamalarda kullan\u0131m i\u00e7in ideal hale getirir.<\/p>\n<h2>Kaynakl\u0131 T Tipi Silindir Uygulamas\u0131<\/h2>\n<h3>girii\u015f<\/h3>\n<p>Kaynakl\u0131 T tipi silindir, end\u00fcstriyel uygulamalarda yayg\u0131n olarak kullan\u0131lan bir hidrolik silindir t\u00fcr\u00fcd\u00fcr. Kompakt ve uygun maliyetli bir pakette y\u00fcksek kuvvet \u00e7\u0131k\u0131\u015f\u0131 sa\u011flamak \u00fczere tasarlanm\u0131\u015ft\u0131r. Bu tip silindir, kaynakl\u0131 bir T par\u00e7as\u0131 ve bu par\u00e7aya ba\u011fl\u0131 bir piston \u00e7ubu\u011fundan olu\u015fur. T par\u00e7as\u0131, silindirin namlusuna ba\u011fl\u0131d\u0131r ve namlu i\u00e7inde ileri geri hareket ederek kuvvet \u00fcreten bir piston i\u00e7erir.<\/p>\n<h3>Kaynakl\u0131 T Tipi Silindirin Avantajlar\u0131<\/h3>\n<p>End\u00fcstriyel uygulamalarda kaynakl\u0131 T tipi silindir kullanman\u0131n bir\u00e7ok avantaj\u0131 vard\u0131r:<\/p>\n<ul>\n<li><b>Kompakt tasar\u0131m:<\/b> Kaynakl\u0131 T tipi silindirler, alan\u0131n k\u0131s\u0131tl\u0131 oldu\u011fu uygulamalarda kullan\u0131m i\u00e7in ideal olacak \u015fekilde kompakt olarak tasarlanm\u0131\u015ft\u0131r.<\/li>\n<li><b>Y\u00fcksek verimlilik:<\/b> Kaynakl\u0131 T tipi silindirler olduk\u00e7a verimlidir, bu da minimum enerji giri\u015fiyle b\u00fcy\u00fck miktarda kuvvet \u00fcretebilecekleri anlam\u0131na gelir.<\/li>\n<li><b>Dayan\u0131kl\u0131:<\/b> Kaynakl\u0131 T tipi silindirler son derece dayan\u0131kl\u0131 olacak \u015fekilde tasarlanm\u0131\u015ft\u0131r, bu da zorlu \u00e7al\u0131\u015fma ko\u015fullar\u0131na dayanabilecekleri ve uzun s\u00fcre dayanabilecekleri anlam\u0131na gelir.<\/li>\n<li><b>Maliyet etkin:<\/b> Kaynakl\u0131 T tipi silindirler maliyet a\u00e7\u0131s\u0131ndan avantajl\u0131d\u0131r, yani paran\u0131z\u0131n kar\u015f\u0131l\u0131\u011f\u0131n\u0131 fazlas\u0131yla al\u0131rs\u0131n\u0131z.<\/li>\n<\/ul>\n<h3>Kaynakl\u0131 T Tipi Silindir Uygulamalar\u0131<\/h3>\n<p>Kaynakl\u0131 T tipi silindirlerin \u00e7e\u015fitli end\u00fcstrilerde bir\u00e7ok uygulamas\u0131 vard\u0131r, bunlar aras\u0131nda \u015funlar yer al\u0131r:<\/p>\n<ul>\n<li><b>\u00dcretme:<\/b> Kaynakl\u0131 T tipi silindirler, imalat sekt\u00f6r\u00fcnde makineleri \u00e7al\u0131\u015ft\u0131rmak, a\u011f\u0131r y\u00fckleri hareket ettirmek ve metal par\u00e7alar\u0131 \u015fekillendirmek i\u00e7in kullan\u0131l\u0131r.<\/li>\n<li><b>Tar\u0131m:<\/b> Kaynakl\u0131 T tipi silindirler tar\u0131mda trakt\u00f6r, bi\u00e7erd\u00f6ver ve di\u011fer tar\u0131m ekipmanlar\u0131ndaki hidrolik sistemleri \u00e7al\u0131\u015ft\u0131rmak i\u00e7in kullan\u0131l\u0131r.<\/li>\n<li><b>Yap\u0131:<\/b> Kaynakl\u0131 T tipi silindirler in\u015faat sekt\u00f6r\u00fcnde vin\u00e7, ekskavat\u00f6r ve kep\u00e7e gibi makineleri \u00e7al\u0131\u015ft\u0131rmak i\u00e7in kullan\u0131l\u0131r.<\/li>\n<li><b>Madencilik:<\/b> Kaynakl\u0131 T tipi silindirler, madencilikte buldozer, y\u00fckleyici ve kaya delici gibi a\u011f\u0131r ekipmanlar\u0131n hidrolik sistemlerini \u00e7al\u0131\u015ft\u0131rmak i\u00e7in kullan\u0131l\u0131r.<\/li>\n<li><b>Toplu ta\u015f\u0131ma:<\/b> Kaynakl\u0131 T tipi silindirler, ta\u015f\u0131mac\u0131l\u0131kta kamyon, otob\u00fcs ve di\u011fer ara\u00e7lardaki hidrolik sistemleri \u00e7al\u0131\u015ft\u0131rmak i\u00e7in kullan\u0131l\u0131r.<\/li>\n<\/ul>\n<p>Sonu\u00e7 olarak, kaynakl\u0131 T tipi silindirler bir\u00e7ok end\u00fcstriyel uygulamada \u00f6nemli bir bile\u015fendir. Kompakt, verimli, dayan\u0131kl\u0131 ve uygun maliyetli olacak \u015fekilde tasarland\u0131klar\u0131 i\u00e7in \u00e7ok \u00e7e\u015fitli uygulamalar i\u00e7in ideal bir se\u00e7imdir. \u0130ster bir \u00fcretim tesisinde makine, ister bir \u00e7iftlikte tar\u0131m ekipman\u0131 veya bir madende a\u011f\u0131r ekipman kullan\u0131yor olun, kaynakl\u0131 T tipi silindirler i\u015finizi verimli ve etkili bir \u015fekilde yapman\u0131za yard\u0131mc\u0131 olabilir.<\/p>\n<p><img loading=\"lazy\" decoding=\"async\" class=\"size-full wp-image-974 aligncenter\" src=\"https:\/\/fmp-components.com\/wp-content\/uploads\/2024\/12\/application-of-Welded-Tee-Type-Cylinder.webp\" alt=\"Kaynakl\u0131 T Tipi Silindirin Uygulamas\u0131\" width=\"760\" height=\"860\" title=\"\" srcset=\"https:\/\/fmp-components.com\/wp-content\/uploads\/2024\/12\/application-of-Welded-Tee-Type-Cylinder.webp 760w, https:\/\/fmp-components.com\/wp-content\/uploads\/2024\/12\/application-of-Welded-Tee-Type-Cylinder-480x543.webp 480w\" sizes=\"(min-width: 0px) and (max-width: 480px) 480px, (min-width: 481px) 760px, 100vw\" \/><\/p>\n<h3>FMP Hakk\u0131nda<\/h3>\n<p>\u0130talya'da 30 y\u0131l\u0131 a\u015fk\u0131n s\u00fcredir faaliyet g\u00f6steren FMP, \u00e7e\u015fitli tipte Hidrolik Silindirlerin lider \u00fcreticisi ve sat\u0131c\u0131s\u0131d\u0131r. M\u00fc\u015fterilerimizin benzersiz ihtiya\u00e7lar\u0131n\u0131 kar\u015f\u0131lamak i\u00e7in \u00f6zelle\u015ftirilmi\u015f \u00e7\u00f6z\u00fcmler sunmaktan gurur duyuyoruz. Otomatik gaz korumal\u0131 kaynak makineleri, derin delik delme makineleri, CNC torna tezgahlar\u0131, silindirik ta\u015flama makineleri, otomatik temizleme makineleri, otomatik montaj makineleri, otomatik hidrolik silindir performans test tezgahlar\u0131 ve otomatik boyama hatlar\u0131 dahil olmak \u00fczere 100'den fazla son teknoloji ekipmanla, \u00fcr\u00fcnlerimizde en y\u00fcksek kalite standartlar\u0131n\u0131 sa\u011fl\u0131yoruz.<\/p>\n<p><strong>1) Tasar\u0131m Hizmeti:<\/strong> Deneyimli tasar\u0131m ekibimiz, \u00fcr\u00fcn tasar\u0131m\u0131 ve geli\u015ftirme konusunda uzmand\u0131r. \u0130ster yeni \u00fcr\u00fcnlere ister mevcut \u00fcr\u00fcnlerinizde iyile\u015ftirmelere ihtiyac\u0131n\u0131z olsun, size destek olmak i\u00e7in buraday\u0131z.<\/p>\n<p><strong>2) \u00dcr\u00fcn Hizmeti:<\/strong> Hammaddeden kesime, kaba i\u015fleme, test, temizlik, montaj, paketleme ve nakliyeye kadar her ad\u0131m\u0131 titizlikle y\u00f6neterek \u00fcst\u00fcn kaliteyi garantiliyoruz.<\/p>\n<p><strong>3) \u00d6rnek \u0130\u015flem:<\/strong> \u00d6zel ihtiya\u00e7lar\u0131n\u0131za g\u00f6re numuneler geli\u015ftirebilir ve ihtiya\u00e7lar\u0131n\u0131z\u0131 kar\u015f\u0131lamak i\u00e7in s\u00fcrekli olarak g\u00fcncelleyebiliriz. Memnuniyetiniz bizim \u00f6nceli\u011fimizdir.<\/p>\n<p><strong>4) Ar-Ge:<\/strong> Pazar trendleri ve m\u00fc\u015fteri taleplerini g\u00f6z \u00f6n\u00fcnde bulundurarak s\u00fcrekli olarak yeni ihtiya\u00e7lar\u0131 inceliyor ve yenilik\u00e7i hidrolik silindir modelleri geli\u015ftiriyoruz.<\/p>\n<p><strong>5) S\u0131k\u0131 \u0130\u015fleme ve Denetim:<\/strong> De\u011ferli m\u00fc\u015fterilerimize ola\u011fan\u00fcst\u00fc kalite ve g\u00fcvenilirli\u011fi garanti etmek i\u00e7in her hidrolik silindir titiz bir i\u015fleme ve denetimden ge\u00e7er.<\/p>\n<p><img decoding=\"async\" src=\"https:\/\/fmp-components.com\/wp-content\/uploads\/2024\/12\/fmp-factory-4.webp\" alt=\"FMP fabrikas\u0131\" width=\"800\" title=\"\"><br \/>\nYazar:CX<\/p>","protected":false},"excerpt":{"rendered":"<p>The 10016 Hot Selling Trailer Hydraulic Cylinder is expertly designed to enhance the functionality of agricultural trailers, providing reliable performance and robust durability. This hydraulic cylinder is an essential component for farmers looking to maximize efficiency and ease of operation in their agricultural activities. Key Features: Efficient Hydraulic Performance: The 10016 hydraulic cylinder is engineered [&hellip;]<\/p>","protected":false},"featured_media":1132,"comment_status":"closed","ping_status":"closed","template":"","meta":{"_et_pb_use_builder":"","_et_pb_old_content":"","_et_gb_content_width":""},"product_brand":[],"product_cat":[31],"product_tag":[34,35],"class_list":{"0":"post-936","1":"product","2":"type-product","3":"status-publish","4":"has-post-thumbnail","6":"product_cat-welded-tee-type-cylinder","7":"product_tag-hydraulic-cylinder","8":"product_tag-welded-tee-type-cylinder","10":"first","11":"instock","12":"product-type-simple"},"_links":{"self":[{"href":"https:\/\/fmp-components.com\/tr\/wp-json\/wp\/v2\/product\/936","targetHints":{"allow":["GET"]}}],"collection":[{"href":"https:\/\/fmp-components.com\/tr\/wp-json\/wp\/v2\/product"}],"about":[{"href":"https:\/\/fmp-components.com\/tr\/wp-json\/wp\/v2\/types\/product"}],"replies":[{"embeddable":true,"href":"https:\/\/fmp-components.com\/tr\/wp-json\/wp\/v2\/comments?post=936"}],"wp:featuredmedia":[{"embeddable":true,"href":"https:\/\/fmp-components.com\/tr\/wp-json\/wp\/v2\/media\/1132"}],"wp:attachment":[{"href":"https:\/\/fmp-components.com\/tr\/wp-json\/wp\/v2\/media?parent=936"}],"wp:term":[{"taxonomy":"product_brand","embeddable":true,"href":"https:\/\/fmp-components.com\/tr\/wp-json\/wp\/v2\/product_brand?post=936"},{"taxonomy":"product_cat","embeddable":true,"href":"https:\/\/fmp-components.com\/tr\/wp-json\/wp\/v2\/product_cat?post=936"},{"taxonomy":"product_tag","embeddable":true,"href":"https:\/\/fmp-components.com\/tr\/wp-json\/wp\/v2\/product_tag?post=936"}],"curies":[{"name":"wp","href":"https:\/\/api.w.org\/{rel}","templated":true}]}}