{"id":935,"date":"2024-12-19T03:39:00","date_gmt":"2024-12-19T03:39:00","guid":{"rendered":"https:\/\/fmp-components.com\/product\/10015-factory-price-small-double-acting-hydraulic-piston-cylinder-for-agriculture\/"},"modified":"2024-12-19T09:04:10","modified_gmt":"2024-12-19T09:04:10","slug":"10015-factory-price-small-double-acting-hydraulic-piston-cylinder-for-agriculture","status":"publish","type":"product","link":"https:\/\/fmp-components.com\/tr\/product\/10015-factory-price-small-double-acting-hydraulic-piston-cylinder-for-agriculture\/","title":{"rendered":"Tar\u0131m \u0130\u00e7in 10015 Fabrika Fiyatl\u0131 K\u00fc\u00e7\u00fck \u00c7ift Etkili Hidrolik Piston Silindiri"},"content":{"rendered":"<p>10015 Fabrika Fiyatl\u0131 K\u00fc\u00e7\u00fck \u00c7ift Etkili Hidrolik Piston Silindiri, tar\u0131m uygulamalar\u0131n\u0131n zorlu ihtiya\u00e7lar\u0131n\u0131 kar\u015f\u0131lamak \u00fczere \u00f6zel olarak tasarlanm\u0131\u015ft\u0131r. Y\u00fcksek performans\u0131 uygun fiyatla birle\u015ftiren bu hidrolik silindir, tar\u0131m operasyonlar\u0131nda verimlili\u011fi ve \u00fcretkenli\u011fi art\u0131rmak i\u00e7in olmazsa olmaz bir ara\u00e7t\u0131r.<\/p>\n<h4>Temel \u00d6zellikler:<\/h4>\n<ul>\n<li><strong>\u00c7ift Etkili Mekanizma:<\/strong><br \/>\nBu hidrolik piston silindiri, hem uzatma hem de geri \u00e7ekme hareketleriyle \u00e7al\u0131\u015farak \u00e7ok \u00e7e\u015fitli tar\u0131msal g\u00f6revler i\u00e7in \u00e7ok y\u00f6nl\u00fc bir i\u015flevsellik sunar. \u00c7ift etkili tasar\u0131m\u0131, p\u00fcr\u00fczs\u00fcz ve kontroll\u00fc hareket sa\u011flayarak kald\u0131rma, itme ve \u00e7ekme gibi uygulamalar i\u00e7in idealdir.<\/li>\n<li><strong>Kompakt ve Hafif:<\/strong><br \/>\n10015 silindirin k\u00fc\u00e7\u00fck boyutu, dar alanlarda performanstan \u00f6d\u00fcn vermeden kolay kurulum sa\u011flar. Hafif tasar\u0131m\u0131 manevra kabiliyetini kolayla\u015ft\u0131rarak \u00e7e\u015fitli tar\u0131m makineleri ve ekipmanlar\u0131 i\u00e7in uygundur.<\/li>\n<li><strong>Maliyet Etkin \u00c7\u00f6z\u00fcm:<\/strong><br \/>\nFabrika fiyat\u0131yla sunulan bu hidrolik piston silindiri, kaliteden \u00f6d\u00fcn vermeden m\u00fckemmel bir de\u011fer sunar. \u00c7ift\u00e7ilerin maliyetleri etkili bir \u015fekilde y\u00f6netmelerine yard\u0131mc\u0131 olurken g\u00fcvenilir performans sunmak \u00fczere tasarlanm\u0131\u015ft\u0131r.<\/li>\n<li><strong>Dayan\u0131kl\u0131 Yap\u0131:<\/strong><br \/>\nY\u00fcksek kaliteli malzemelerden \u00fcretilen 10015 hidrolik silindir, dayan\u0131kl\u0131l\u0131k ve uzun \u00f6m\u00fcr i\u00e7in tasarlanm\u0131\u015ft\u0131r. Tar\u0131msal ortamlar\u0131n zorluklar\u0131na dayanabilir ve zorlu ko\u015fullarda bile tutarl\u0131 performans sa\u011flar.<\/li>\n<li><strong>Y\u00fcksek Y\u00fck Kapasitesi:<\/strong><br \/>\nBu hidrolik silindir, verimli \u00e7al\u0131\u015fma i\u00e7in gerekli kuvveti sa\u011flayarak a\u011f\u0131r y\u00fckleri kald\u0131racak \u015fekilde tasarlanm\u0131\u015ft\u0131r. Y\u00fcksek y\u00fck kapasitesi, toprak i\u015fleme, kald\u0131rma ekipmanlar\u0131 ve ata\u015fman \u00e7al\u0131\u015ft\u0131rma gibi i\u015flerde verimlili\u011fi art\u0131r\u0131r.<\/li>\n<\/ul>\n<p><img decoding=\"async\" src=\"https:\/\/hzpt.com\/wp-content\/uploads\/2023\/12\/random-2.webp\" alt=\"\" title=\"\"><\/p>\n<h4>Teknik \u00d6zellikler:<\/h4>\n<table style=\"width: 95.4545%; height: 176px;\">\n<thead>\n<tr>\n<th>\u015eartname<\/th>\n<th>Tan\u0131m<\/th>\n<\/tr>\n<\/thead>\n<tbody>\n<tr>\n<td><strong>Delik Boyutu<\/strong><\/td>\n<td>\u00d6zelle\u015ftirilebilir<\/td>\n<\/tr>\n<tr>\n<td><strong>Vuru\u015f Uzunlu\u011fu<\/strong><\/td>\n<td>\u00c7e\u015fitli se\u00e7enekler mevcuttur<\/td>\n<\/tr>\n<tr>\n<td><strong>Maksimum Bas\u0131n\u00e7<\/strong><\/td>\n<td>3000 PSI'ye kadar<\/td>\n<\/tr>\n<tr>\n<td><strong>Malzeme<\/strong><\/td>\n<td>Y\u00fcksek kaliteli \u00e7elik veya al\u00fcminyum<\/td>\n<\/tr>\n<tr>\n<td><strong>Ba\u011flant\u0131 T\u00fcr\u00fc<\/strong><\/td>\n<td>Flan\u015fl\u0131 veya di\u015fli<\/td>\n<\/tr>\n<\/tbody>\n<\/table>\n<h4>\u00c7al\u0131\u015fma Prensibi:<\/h4>\n<p>10015 K\u00fc\u00e7\u00fck \u00c7ift Etkili Hidrolik Piston Silindiri, hidrolik s\u0131v\u0131 bas\u0131nc\u0131 prensibiyle \u00e7al\u0131\u015f\u0131r. Hidrolik s\u0131v\u0131 silindire pompaland\u0131\u011f\u0131nda, pistona kuvvet uygulayarak her iki y\u00f6nde do\u011frusal hareket olu\u015fturur. Bu \u00f6zellik, \u00e7e\u015fitli tar\u0131msal i\u015flemler \u00fczerinde verimli ve hassas kontrol sa\u011flayarak genel verimlili\u011fi art\u0131r\u0131r.<\/p>\n<p>10015 Fabrika Fiyatl\u0131 K\u00fc\u00e7\u00fck \u00c7ift Etkili Hidrolik Piston Silindiri, tar\u0131msal uygulamalar i\u00e7in g\u00fcvenilir ve uygun maliyetli bir \u00e7\u00f6z\u00fcmd\u00fcr. Dayan\u0131kl\u0131 yap\u0131s\u0131, kompakt tasar\u0131m\u0131 ve y\u00fcksek y\u00fck kapasitesi, onu her t\u00fcrl\u00fc tar\u0131m i\u015fletmesi i\u00e7in paha bi\u00e7ilmez bir katk\u0131 haline getirerek, tarlada verimlili\u011fi ve etkinli\u011fi art\u0131rmaya yard\u0131mc\u0131 olur.<\/p>\n<h2>SSS<\/h2>\n<p>S1: Bu hidrolik piston silindirinin y\u00fck kapasitesi nedir?<\/p>\n<p>A1: Silindir a\u011f\u0131r y\u00fckleri kald\u0131rabilecek kapasitededir.<\/p>\n<p>S2: Hidrolik piston silindirinin montaj\u0131 kolay m\u0131d\u0131r?<br \/>\n<img decoding=\"async\" src=\"https:\/\/hzpt.com\/wp-content\/uploads\/2023\/12\/random-3.webp\" alt=\"\" title=\"\"><\/p>\n<p>C2: Evet, \u00fcr\u00fcn\u00fcm\u00fcz kapsaml\u0131 bir kurulum k\u0131lavuzuyla birlikte geliyor.<\/p>\n<p>S3: Hidrolik ya\u011f\u0131n\u0131n ne s\u0131kl\u0131kla de\u011fi\u015ftirilmesi gerekir?<\/p>\n<p>C3: Ya\u011f, kullan\u0131m ve bak\u0131m k\u0131lavuzunda belirtilen \u015fekilde de\u011fi\u015ftirilmelidir.<\/p>\n<p>S4: Hidrolik piston silindirinin kapasitesi nedir?<\/p>\n<p>A4: Hidrolik piston silindirimiz y\u00fcksek kapasite sunmaktad\u0131r.<\/p>\n<p>S5: Bu hidrolik piston silindiri hangi tip makineler i\u00e7in uygundur?<\/p>\n<p>A5: \u00d6zellikle tar\u0131m makinalar\u0131 i\u00e7in tasarlanm\u0131\u015ft\u0131r.<\/p>\n<h2>Kaynakl\u0131 T Tipi Silindirin Avantajlar\u0131<\/h2>\n<ul>\n<li style=\"list-style-type: none;\">\n<ul>\n<li><strong>Artt\u0131r\u0131lm\u0131\u015f G\u00fc\u00e7:<\/strong> Kaynakl\u0131 T tipi silindirler, y\u00fcksek mukavemetleriyle bilinir ve a\u011f\u0131r kald\u0131rma gerektiren uygulamalar i\u00e7in uygundur. Bu silindirlerin imalat\u0131nda kullan\u0131lan kaynak i\u015flemi, silindirin zay\u0131f noktalardan ar\u0131nd\u0131r\u0131lm\u0131\u015f olmas\u0131n\u0131 ve y\u00fcksek bas\u0131n\u00e7 ve gerilime dayanabilmesini sa\u011flar.<\/li>\n<\/ul>\n<\/li>\n<\/ul>\n<p>Silindire uygulanan bas\u0131n\u00e7, t\u00fcm y\u00fczeye e\u015fit olarak da\u011f\u0131larak deformasyona kar\u015f\u0131 diren\u00e7li hale gelir. Bu \u00f6zellik, silindirin en zorlu ko\u015fullarda bile \u015feklini ve yap\u0131sal b\u00fct\u00fcnl\u00fc\u011f\u00fcn\u00fc koruyabilmesini sa\u011flar.<\/p>\n<ul>\n<li style=\"list-style-type: none;\">\n<ul>\n<li><strong>S\u0131z\u0131nt\u0131 \u00d6nleme:<\/strong> Kaynakl\u0131 T tipi silindirler, s\u0131z\u0131nt\u0131y\u0131 \u00f6nleyecek \u015fekilde tasarlanm\u0131\u015ft\u0131r. \u00dcretim s\u00fcrecinde kullan\u0131lan kaynak i\u015flemi, silindirin tamamen s\u0131zd\u0131rmaz olmas\u0131n\u0131 ve olas\u0131 s\u0131z\u0131nt\u0131lardan ar\u0131nd\u0131r\u0131lmas\u0131n\u0131 sa\u011flar. Bu \u00f6zellik, s\u0131z\u0131nt\u0131n\u0131n ciddi hasara veya yaralanmaya neden olabilece\u011fi uygulamalarda kullan\u0131m i\u00e7in uygundur.<\/li>\n<\/ul>\n<\/li>\n<\/ul>\n<p>Kaynakl\u0131 ba\u011flant\u0131lar p\u00fcr\u00fczs\u00fczd\u00fcr, d\u00f6k\u00fcnt\u00fc veya kirin birikebilece\u011fi herhangi bir yar\u0131k veya oluk yoktur, bu da korozyon ve silindire zarar verme riskini azalt\u0131r.<\/p>\n<ul>\n<li style=\"list-style-type: none;\">\n<ul>\n<li><strong>\u00d6zelle\u015ftirilebilir:<\/strong> Kaynakl\u0131 T tipi silindirler, belirli uygulamalara uyacak \u015fekilde \u00f6zelle\u015ftirilebilir. Silindirler farkl\u0131 boyut ve \u015fekillerde mevcuttur ve uygulaman\u0131n \u00f6zel gereksinimlerini kar\u015f\u0131layacak \u015fekilde \u00fcretilebilir.<\/li>\n<\/ul>\n<\/li>\n<\/ul>\n<p>\u00d6zelle\u015ftirme s\u00fcreci, silindirin performans a\u00e7\u0131s\u0131ndan optimize edilmesini ve ama\u00e7lanan uygulamaya uygun olmas\u0131n\u0131 sa\u011flar. Bu \u00f6zellik, kaynakl\u0131 T tipi silindirleri in\u015faat, madencilik ve malzeme ta\u015f\u0131ma gibi \u00e7e\u015fitli end\u00fcstriyel uygulamalarda kullan\u0131m i\u00e7in ideal hale getirir.<\/p>\n<ul>\n<li style=\"list-style-type: none;\">\n<ul>\n<li><strong>Maliyet Etkin:<\/strong> Kaynakl\u0131 T tipi silindirler, di\u011fer silindir tiplerine k\u0131yasla uygun maliyetlidir. Bu silindirlerin \u00fcretiminde kullan\u0131lan imalat s\u00fcreci basittir ve bu da onlar\u0131 di\u011fer silindir tiplerine g\u00f6re daha uygun maliyetli k\u0131lar.<\/li>\n<\/ul>\n<\/li>\n<\/ul>\n<p>Ayr\u0131ca, kaynakl\u0131 T tipi silindirlerin y\u00fcksek mukavemeti ve dayan\u0131kl\u0131l\u0131\u011f\u0131, s\u0131k onar\u0131m ve de\u011fi\u015ftirme ihtiyac\u0131n\u0131 azaltarak bak\u0131m maliyetlerinden tasarruf sa\u011flar. Bu \u00f6zellik, onlar\u0131 \u00f6zellikle s\u0131n\u0131rl\u0131 b\u00fct\u00e7eye sahip bir\u00e7ok sekt\u00f6r i\u00e7in pop\u00fcler bir tercih haline getirir.<\/p>\n<ul>\n<li style=\"list-style-type: none;\">\n<ul>\n<li><strong>Artan Verimlilik:<\/strong> Kaynakl\u0131 T tipi silindirler son derece verimli ve etkilidir. Silindirin tasar\u0131m\u0131, uygulanan kuvvetin do\u011frudan y\u00fcke aktar\u0131lmas\u0131n\u0131 sa\u011flayarak enerji kayb\u0131n\u0131 azalt\u0131r ve verimlili\u011fi art\u0131r\u0131r.<\/li>\n<\/ul>\n<\/li>\n<\/ul>\n<p>Kaynakl\u0131 ba\u011flant\u0131lar g\u00fc\u00e7l\u00fc ve sa\u011flamd\u0131r, sapmay\u0131 en aza indirir ve silindirin en zorlu ko\u015fullarda bile \u015feklini ve yap\u0131sal b\u00fct\u00fcnl\u00fc\u011f\u00fcn\u00fc korumas\u0131n\u0131 sa\u011flar. Bu \u00f6zellik, kaynakl\u0131 T tipi silindirleri y\u00fcksek verimlilik ve g\u00fcvenilirlik gerektiren uygulamalarda kullan\u0131m i\u00e7in ideal hale getirir.<\/p>\n<h2>Kaynakl\u0131 T Tipi Silindir Uygulamas\u0131<\/h2>\n<h3>girii\u015f<\/h3>\n<p>Kaynakl\u0131 T tipi silindir, end\u00fcstriyel uygulamalarda yayg\u0131n olarak kullan\u0131lan bir hidrolik silindir t\u00fcr\u00fcd\u00fcr. Kompakt ve uygun maliyetli bir pakette y\u00fcksek kuvvet \u00e7\u0131k\u0131\u015f\u0131 sa\u011flamak \u00fczere tasarlanm\u0131\u015ft\u0131r. Bu tip silindir, kaynakl\u0131 bir T par\u00e7as\u0131 ve bu par\u00e7aya ba\u011fl\u0131 bir piston \u00e7ubu\u011fundan olu\u015fur. T par\u00e7as\u0131, silindirin namlusuna ba\u011fl\u0131d\u0131r ve namlu i\u00e7inde ileri geri hareket ederek kuvvet \u00fcreten bir piston i\u00e7erir.<\/p>\n<h3>Kaynakl\u0131 T Tipi Silindirin Avantajlar\u0131<\/h3>\n<p>End\u00fcstriyel uygulamalarda kaynakl\u0131 T tipi silindir kullanman\u0131n bir\u00e7ok avantaj\u0131 vard\u0131r:<\/p>\n<ul>\n<li><b>Kompakt tasar\u0131m:<\/b> Kaynakl\u0131 T tipi silindirler, alan\u0131n k\u0131s\u0131tl\u0131 oldu\u011fu uygulamalarda kullan\u0131m i\u00e7in ideal olacak \u015fekilde kompakt olarak tasarlanm\u0131\u015ft\u0131r.<\/li>\n<li><b>Y\u00fcksek verimlilik:<\/b> Kaynakl\u0131 T tipi silindirler olduk\u00e7a verimlidir, bu da minimum enerji giri\u015fiyle b\u00fcy\u00fck miktarda kuvvet \u00fcretebilecekleri anlam\u0131na gelir.<\/li>\n<li><b>Dayan\u0131kl\u0131:<\/b> Kaynakl\u0131 T tipi silindirler son derece dayan\u0131kl\u0131 olacak \u015fekilde tasarlanm\u0131\u015ft\u0131r, bu da zorlu \u00e7al\u0131\u015fma ko\u015fullar\u0131na dayanabilecekleri ve uzun s\u00fcre dayanabilecekleri anlam\u0131na gelir.<\/li>\n<li><b>Maliyet etkin:<\/b> Kaynakl\u0131 T tipi silindirler maliyet a\u00e7\u0131s\u0131ndan avantajl\u0131d\u0131r, yani paran\u0131z\u0131n kar\u015f\u0131l\u0131\u011f\u0131n\u0131 fazlas\u0131yla al\u0131rs\u0131n\u0131z.<\/li>\n<\/ul>\n<h3>Kaynakl\u0131 T Tipi Silindir Uygulamalar\u0131<\/h3>\n<p>Kaynakl\u0131 T tipi silindirlerin \u00e7e\u015fitli end\u00fcstrilerde bir\u00e7ok uygulamas\u0131 vard\u0131r, bunlar aras\u0131nda \u015funlar yer al\u0131r:<\/p>\n<ul>\n<li><b>\u00dcretme:<\/b> Kaynakl\u0131 T tipi silindirler, imalat sekt\u00f6r\u00fcnde makineleri \u00e7al\u0131\u015ft\u0131rmak, a\u011f\u0131r y\u00fckleri hareket ettirmek ve metal par\u00e7alar\u0131 \u015fekillendirmek i\u00e7in kullan\u0131l\u0131r.<\/li>\n<li><b>Tar\u0131m:<\/b> Kaynakl\u0131 T tipi silindirler tar\u0131mda trakt\u00f6r, bi\u00e7erd\u00f6ver ve di\u011fer tar\u0131m ekipmanlar\u0131ndaki hidrolik sistemleri \u00e7al\u0131\u015ft\u0131rmak i\u00e7in kullan\u0131l\u0131r.<\/li>\n<li><b>Yap\u0131:<\/b> Kaynakl\u0131 T tipi silindirler in\u015faat sekt\u00f6r\u00fcnde vin\u00e7, ekskavat\u00f6r ve kep\u00e7e gibi makineleri \u00e7al\u0131\u015ft\u0131rmak i\u00e7in kullan\u0131l\u0131r.<\/li>\n<li><b>Madencilik:<\/b> Kaynakl\u0131 T tipi silindirler, madencilikte buldozer, y\u00fckleyici ve kaya delici gibi a\u011f\u0131r ekipmanlar\u0131n hidrolik sistemlerini \u00e7al\u0131\u015ft\u0131rmak i\u00e7in kullan\u0131l\u0131r.<\/li>\n<li><b>Toplu ta\u015f\u0131ma:<\/b> Kaynakl\u0131 T tipi silindirler, ta\u015f\u0131mac\u0131l\u0131kta kamyon, otob\u00fcs ve di\u011fer ara\u00e7lardaki hidrolik sistemleri \u00e7al\u0131\u015ft\u0131rmak i\u00e7in kullan\u0131l\u0131r.<\/li>\n<\/ul>\n<p>Sonu\u00e7 olarak, kaynakl\u0131 T tipi silindirler bir\u00e7ok end\u00fcstriyel uygulamada \u00f6nemli bir bile\u015fendir. Kompakt, verimli, dayan\u0131kl\u0131 ve uygun maliyetli olacak \u015fekilde tasarland\u0131klar\u0131 i\u00e7in \u00e7ok \u00e7e\u015fitli uygulamalar i\u00e7in ideal bir se\u00e7imdir. \u0130ster bir \u00fcretim tesisinde makine, ister bir \u00e7iftlikte tar\u0131m ekipman\u0131 veya bir madende a\u011f\u0131r ekipman kullan\u0131yor olun, kaynakl\u0131 T tipi silindirler i\u015finizi verimli ve etkili bir \u015fekilde yapman\u0131za yard\u0131mc\u0131 olabilir.<\/p>\n<p><img loading=\"lazy\" decoding=\"async\" class=\"size-full wp-image-974 aligncenter\" src=\"https:\/\/fmp-components.com\/wp-content\/uploads\/2024\/12\/application-of-Welded-Tee-Type-Cylinder.webp\" alt=\"Kaynakl\u0131 T Tipi Silindirin Uygulamas\u0131\" width=\"760\" height=\"860\" title=\"\" srcset=\"https:\/\/fmp-components.com\/wp-content\/uploads\/2024\/12\/application-of-Welded-Tee-Type-Cylinder.webp 760w, https:\/\/fmp-components.com\/wp-content\/uploads\/2024\/12\/application-of-Welded-Tee-Type-Cylinder-480x543.webp 480w\" sizes=\"(min-width: 0px) and (max-width: 480px) 480px, (min-width: 481px) 760px, 100vw\" \/><\/p>\n<h3>FMP Hakk\u0131nda<\/h3>\n<p>FMP, 30 y\u0131l\u0131 a\u015fk\u0131n deneyime sahip, \u0130talya'da bulunan, \u00e7e\u015fitli tipte hidrolik silindirlerin profesyonel \u00fcreticisi ve sat\u0131c\u0131s\u0131d\u0131r. Otomatik gaz korumal\u0131 kaynak makineleri, derin delik delme makineleri, CNC torna tezgahlar\u0131, silindirik ta\u015flama makineleri, otomatik temizleme makineleri, otomatik montaj makineleri, otomatik hidrolik silindir performans test tezgahlar\u0131, otomatik boyama hatlar\u0131 ve daha fazlas\u0131 dahil olmak \u00fczere 100'den fazla ekipman\u0131m\u0131z bulunmaktad\u0131r.<\/p>\n<p>Hidrolik silindirlerimiz, m\u00fc\u015fterilerimize en \u00fcst d\u00fczey performans\u0131 garantilemek i\u00e7in s\u0131k\u0131 bir i\u015fleme ve denetimden ge\u00e7irilmi\u015f en y\u00fcksek kalitededir. Geni\u015f bir \u00fcr\u00fcn yelpazesi sunuyoruz:<\/p>\n<ul>\n<li>Hidrolik silindir<\/li>\n<li>Hidrolik silindir k\u00fcpe silindiri<\/li>\n<li>\u00c7ift y\u00f6nl\u00fc otomatik teleskopik hidrolik silindir<\/li>\n<\/ul>\n<p>FMP'yi se\u00e7meniz i\u00e7in be\u015f neden:<\/p>\n<ol>\n<li><strong>Tasar\u0131m hizmeti:<\/strong> Deneyimli tasar\u0131m ekibimiz, ihtiya\u00e7lar\u0131n\u0131za uygun yeni \u00fcr\u00fcnler yaratman\u0131zda veya mevcut \u00fcr\u00fcnleri iyile\u015ftirmenizde size destek olabilir.<\/li>\n<li><strong>\u00dcr\u00fcn servisi:<\/strong> \u00dcr\u00fcnlerimiz ham maddeden nakliyeye kadar kalite kontrol\u00fc i\u00e7in titiz testlerden ve montajdan ge\u00e7mektedir.<\/li>\n<li><strong>\u00d6rnek i\u015flem:<\/strong> \u0130htiya\u00e7lar\u0131n\u0131za g\u00f6re numuneler geli\u015ftirebilir ve bunlar\u0131 ihtiya\u00e7lar\u0131n\u0131za g\u00f6re de\u011fi\u015ftirebiliriz.<\/li>\n<li><strong>Ar-Ge:<\/strong> S\u00fcrekli olarak yeni pazar ihtiya\u00e7lar\u0131n\u0131 ara\u015ft\u0131r\u0131yor ve trendlerin \u00f6n\u00fcnde kalabilmek i\u00e7in yeni modeller geli\u015ftiriyoruz.<\/li>\n<li><strong>Y\u00fcksek Kaliteli \u00dcr\u00fcnler:<\/strong> Hidrolik silindirlerimiz kaliteli malzemelerden \u00fcretilir ve s\u0131k\u0131 bir i\u015fleme ve denetimden ge\u00e7er, b\u00f6ylece yat\u0131r\u0131m\u0131n\u0131z i\u00e7in en iyi performans\u0131 ve uzun \u00f6mr\u00fc elde edersiniz.<\/li>\n<\/ol>\n<p>FMP olarak, m\u00fc\u015fterilerimize piyasadaki en iyi hidrolik silindirleri sunmaya kararl\u0131y\u0131z. \u00dcr\u00fcnlerimiz ve hidrolik silindir ihtiya\u00e7lar\u0131n\u0131z\u0131 nas\u0131l kar\u015f\u0131layabilece\u011fimiz hakk\u0131nda daha fazla bilgi edinmek i\u00e7in bug\u00fcn bizimle ileti\u015fime ge\u00e7in.<\/p>\n<p><img decoding=\"async\" src=\"https:\/\/fmp-components.com\/wp-content\/uploads\/2024\/12\/fmp-factory-4.webp\" alt=\"FMP fabrikas\u0131\" width=\"800\" title=\"\"><br \/>\nYazar:CX<\/p>","protected":false},"excerpt":{"rendered":"<p>The 10015 Factory Price Small Double Acting Hydraulic Piston Cylinder is specifically designed to meet the demanding needs of agricultural applications. Combining high performance with affordability, this hydraulic cylinder is an essential tool for enhancing efficiency and productivity in farming operations. Key Features: Double Acting Mechanism: This hydraulic piston cylinder operates in both extension and [&hellip;]<\/p>","protected":false},"featured_media":1132,"comment_status":"closed","ping_status":"closed","template":"","meta":{"_et_pb_use_builder":"","_et_pb_old_content":"","_et_gb_content_width":""},"product_brand":[],"product_cat":[31],"product_tag":[34,35],"class_list":{"0":"post-935","1":"product","2":"type-product","3":"status-publish","4":"has-post-thumbnail","6":"product_cat-welded-tee-type-cylinder","7":"product_tag-hydraulic-cylinder","8":"product_tag-welded-tee-type-cylinder","10":"first","11":"instock","12":"product-type-simple"},"_links":{"self":[{"href":"https:\/\/fmp-components.com\/tr\/wp-json\/wp\/v2\/product\/935","targetHints":{"allow":["GET"]}}],"collection":[{"href":"https:\/\/fmp-components.com\/tr\/wp-json\/wp\/v2\/product"}],"about":[{"href":"https:\/\/fmp-components.com\/tr\/wp-json\/wp\/v2\/types\/product"}],"replies":[{"embeddable":true,"href":"https:\/\/fmp-components.com\/tr\/wp-json\/wp\/v2\/comments?post=935"}],"wp:featuredmedia":[{"embeddable":true,"href":"https:\/\/fmp-components.com\/tr\/wp-json\/wp\/v2\/media\/1132"}],"wp:attachment":[{"href":"https:\/\/fmp-components.com\/tr\/wp-json\/wp\/v2\/media?parent=935"}],"wp:term":[{"taxonomy":"product_brand","embeddable":true,"href":"https:\/\/fmp-components.com\/tr\/wp-json\/wp\/v2\/product_brand?post=935"},{"taxonomy":"product_cat","embeddable":true,"href":"https:\/\/fmp-components.com\/tr\/wp-json\/wp\/v2\/product_cat?post=935"},{"taxonomy":"product_tag","embeddable":true,"href":"https:\/\/fmp-components.com\/tr\/wp-json\/wp\/v2\/product_tag?post=935"}],"curies":[{"name":"wp","href":"https:\/\/api.w.org\/{rel}","templated":true}]}}