{"id":933,"date":"2024-12-19T03:39:00","date_gmt":"2024-12-19T03:39:00","guid":{"rendered":"https:\/\/fmp-components.com\/product\/10013-customized-small-double-acting-hydraulic-cylinder-trailer-hydraulic-cylinder-for-sale\/"},"modified":"2024-12-19T09:04:40","modified_gmt":"2024-12-19T09:04:40","slug":"10013-customized-small-double-acting-hydraulic-cylinder-trailer-hydraulic-cylinder-for-sale","status":"publish","type":"product","link":"https:\/\/fmp-components.com\/tr\/product\/10013-customized-small-double-acting-hydraulic-cylinder-trailer-hydraulic-cylinder-for-sale\/","title":{"rendered":"10013 \u00d6zelle\u015ftirilmi\u015f K\u00fc\u00e7\u00fck \u00c7ift Etkili Hidrolik Silindir R\u00f6mork Hidrolik Silindiri Sat\u0131l\u0131k"},"content":{"rendered":"<h3>\u0130\u015flev ve \u00d6nem<\/h3>\n<p>\u00c7ift Etkili Hidrolik Silindir, hidrolik sistemlerin vazge\u00e7ilmez bir bile\u015feni olup, hidrolik enerjinin mekanik enerjiye d\u00f6n\u00fc\u015ft\u00fcr\u00fclmesinde kritik bir rol oynar. Bu d\u00f6n\u00fc\u015f\u00fcm, \u00e7e\u015fitli end\u00fcstriyel makinelerin ve mobil ekipmanlar\u0131n \u00e7al\u0131\u015fmas\u0131 i\u00e7in hayati \u00f6nem ta\u015f\u0131r ve \u00e7ok \u00e7e\u015fitli g\u00f6revleri hassasiyet ve g\u00fc\u00e7le ger\u00e7ekle\u015ftirmelerini sa\u011flar. Her iki y\u00f6nde de kontroll\u00fc hareketi kolayla\u015ft\u0131ran \u00e7ift etkili tasar\u0131m, \u00e7ok y\u00f6nl\u00fcl\u00fc\u011f\u00fc ve verimlili\u011fi art\u0131rarak in\u015faat, imalat ve ula\u015f\u0131m gibi uygulamalarda vazge\u00e7ilmez hale getirir. Hem uzatma hem de geri \u00e7ekme hareketlerinde kuvvet \u00fcretebilme kabiliyeti, daha dinamik operasyonlara olanak tan\u0131yarak zorlu ortamlarda \u00fcretkenli\u011fi ve etkinli\u011fi art\u0131r\u0131r.<\/p>\n<p><img loading=\"lazy\" decoding=\"async\" class=\"size-full wp-image-975 aligncenter\" src=\"https:\/\/fmp-components.com\/wp-content\/uploads\/2024\/12\/Welded-Tee-Type-Cylinder1.webp\" alt=\"Kaynakl\u0131 T Tipi Silindir\" width=\"759\" height=\"761\" title=\"\" srcset=\"https:\/\/fmp-components.com\/wp-content\/uploads\/2024\/12\/Welded-Tee-Type-Cylinder1.webp 759w, https:\/\/fmp-components.com\/wp-content\/uploads\/2024\/12\/Welded-Tee-Type-Cylinder1-480x481.webp 480w\" sizes=\"(min-width: 0px) and (max-width: 480px) 480px, (min-width: 481px) 759px, 100vw\" \/><\/p>\n<h3>Benzersiz \u00d6zellikler ve Avantajlar<\/h3>\n<ul>\n<li><strong>Enerji Tasarrufu:<\/strong><br \/>\n\u00c7ift Etkili Hidrolik Silindir'in tasar\u0131m\u0131, y\u00fcksek performans\u0131 korurken enerji t\u00fcketimini optimize ederek i\u015fletme maliyetlerini d\u00fc\u015f\u00fcr\u00fcr. Hidrolik s\u0131v\u0131n\u0131n verimli kullan\u0131m\u0131, at\u0131klar\u0131 en aza indirir ve s\u00fcrd\u00fcr\u00fclebilirli\u011fi art\u0131r\u0131r.<\/li>\n<li><strong>Y\u00fcksek Verimlilik:<\/strong><br \/>\n\u00dcst\u00fcn performans i\u00e7in tasarlanan bu hidrolik silindir, h\u0131zl\u0131 ve etkili bir \u00e7al\u0131\u015fma sa\u011flar. Her iki y\u00f6nde de tutarl\u0131 kuvvet sa\u011flama yetene\u011fi, a\u011f\u0131r makinelerden otomatik sistemlere kadar \u00e7e\u015fitli uygulamalar i\u00e7in idealdir.<\/li>\n<li><strong>G\u00fcvenli ve G\u00fcvenilir:<\/strong><br \/>\n\u00c7ift Etkili Hidrolik Silindirin tasar\u0131m\u0131nda ve \u00e7al\u0131\u015fmas\u0131nda g\u00fcvenlik en \u00f6nemli \u00f6nceliktir. S\u0131z\u0131nt\u0131 ve ar\u0131zalar\u0131 \u00f6nleyen dahili g\u00fcvenlik \u00f6zellikleriyle y\u00fcksek bas\u0131n\u00e7 ko\u015fullar\u0131nda bile g\u00fcvenilir performans sa\u011flar. Bu g\u00fcvenilirlik, g\u00fcvenli\u011fin en \u00f6nemli oldu\u011fu ortamlarda hayati \u00f6nem ta\u015f\u0131r.<\/li>\n<\/ul>\n<p><img loading=\"lazy\" decoding=\"async\" class=\"size-full wp-image-976 aligncenter\" src=\"https:\/\/fmp-components.com\/wp-content\/uploads\/2024\/12\/Welded-Tee-Type-Cylinder2.webp\" alt=\"Kaynakl\u0131 T Tipi Silindir\" width=\"764\" height=\"675\" title=\"\" srcset=\"https:\/\/fmp-components.com\/wp-content\/uploads\/2024\/12\/Welded-Tee-Type-Cylinder2.webp 764w, https:\/\/fmp-components.com\/wp-content\/uploads\/2024\/12\/Welded-Tee-Type-Cylinder2-480x424.webp 480w\" sizes=\"(min-width: 0px) and (max-width: 480px) 480px, (min-width: 481px) 764px, 100vw\" \/><\/p>\n<h3>Hidrolik Sistem ve \u00c7al\u0131\u015fma Prensibi<\/h3>\n<p>Bu silindirin hidrolik sistemi, ak\u0131\u015fkanlar mekani\u011fi prensiplerine g\u00f6re \u00e7al\u0131\u015f\u0131r ve hareket olu\u015fturmak i\u00e7in bas\u0131n\u00e7l\u0131 hidrolik s\u0131v\u0131 kullan\u0131r. Hidrolik s\u0131v\u0131 silindire verildi\u011finde, pistona bas\u0131n\u00e7 uygulayarak bir kuvvet olu\u015fturur. Bu kuvvet, pistonu her iki y\u00f6nde hareket ettirerek uzama ve geri \u00e7ekilme hareketlerine olanak tan\u0131r.<\/p>\n<p>Pratik uygulamalarda bu mekanizma, makine ve ekipman \u00fczerinde hassas kontrol sa\u011flar. \u00d6rne\u011fin, in\u015faat ekipmanlar\u0131nda \u00e7ift etkili hidrolik silindir, y\u00fcklerin sorunsuz bir \u015fekilde kald\u0131r\u0131l\u0131p indirilmesini sa\u011flayarak operasyonel verimlili\u011fi art\u0131r\u0131r. Ayr\u0131ca, de\u011fi\u015fen bas\u0131n\u00e7 ve ko\u015fullar alt\u0131nda \u00e7al\u0131\u015fabilme \u00f6zelli\u011fi, imalattan ula\u015f\u0131ma kadar \u00e7ok \u00e7e\u015fitli end\u00fcstriyel uygulamalar i\u00e7in uygun olmas\u0131n\u0131 sa\u011flayarak modern hidrolik sistemlerdeki \u00f6nemini vurgular.<\/p>\n<p><img decoding=\"async\" class=\"aligncenter\" src=\"https:\/\/hzpt.com\/wp-content\/uploads\/2023\/12\/random-3.webp\" alt=\"\" title=\"\"><\/p>\n<h2>Kaynakl\u0131 T Tipi Silindirin Avantajlar\u0131<\/h2>\n<ul>\n<li style=\"list-style-type: none;\">\n<ul>\n<li><strong>Artt\u0131r\u0131lm\u0131\u015f G\u00fc\u00e7:<\/strong> Kaynakl\u0131 T tipi silindirler, y\u00fcksek mukavemetleriyle bilinir ve a\u011f\u0131r kald\u0131rma gerektiren uygulamalar i\u00e7in uygundur. Bu silindirlerin imalat\u0131nda kullan\u0131lan kaynak i\u015flemi, silindirin zay\u0131f noktalardan ar\u0131nd\u0131r\u0131lm\u0131\u015f olmas\u0131n\u0131 ve y\u00fcksek bas\u0131n\u00e7 ve gerilime dayanabilmesini sa\u011flar.<\/li>\n<\/ul>\n<\/li>\n<\/ul>\n<p>Silindire uygulanan bas\u0131n\u00e7, t\u00fcm y\u00fczeye e\u015fit olarak da\u011f\u0131larak deformasyona kar\u015f\u0131 diren\u00e7li hale gelir. Bu \u00f6zellik, silindirin en zorlu ko\u015fullarda bile \u015feklini ve yap\u0131sal b\u00fct\u00fcnl\u00fc\u011f\u00fcn\u00fc koruyabilmesini sa\u011flar.<\/p>\n<ul>\n<li style=\"list-style-type: none;\">\n<ul>\n<li><strong>S\u0131z\u0131nt\u0131 \u00d6nleme:<\/strong> Kaynakl\u0131 T tipi silindirler, s\u0131z\u0131nt\u0131y\u0131 \u00f6nleyecek \u015fekilde tasarlanm\u0131\u015ft\u0131r. \u00dcretim s\u00fcrecinde kullan\u0131lan kaynak i\u015flemi, silindirin tamamen s\u0131zd\u0131rmaz olmas\u0131n\u0131 ve olas\u0131 s\u0131z\u0131nt\u0131lardan ar\u0131nd\u0131r\u0131lmas\u0131n\u0131 sa\u011flar. Bu \u00f6zellik, s\u0131z\u0131nt\u0131n\u0131n ciddi hasara veya yaralanmaya neden olabilece\u011fi uygulamalarda kullan\u0131m i\u00e7in uygundur.<\/li>\n<\/ul>\n<\/li>\n<\/ul>\n<p>Kaynakl\u0131 ba\u011flant\u0131lar p\u00fcr\u00fczs\u00fczd\u00fcr, d\u00f6k\u00fcnt\u00fc veya kirin birikebilece\u011fi herhangi bir yar\u0131k veya oluk yoktur, bu da korozyon ve silindire zarar verme riskini azalt\u0131r.<\/p>\n<ul>\n<li style=\"list-style-type: none;\">\n<ul>\n<li><strong>\u00d6zelle\u015ftirilebilir:<\/strong> Kaynakl\u0131 T tipi silindirler, belirli uygulamalara uyacak \u015fekilde \u00f6zelle\u015ftirilebilir. Silindirler farkl\u0131 boyut ve \u015fekillerde mevcuttur ve uygulaman\u0131n \u00f6zel gereksinimlerini kar\u015f\u0131layacak \u015fekilde \u00fcretilebilir.<\/li>\n<\/ul>\n<\/li>\n<\/ul>\n<p>\u00d6zelle\u015ftirme s\u00fcreci, silindirin performans a\u00e7\u0131s\u0131ndan optimize edilmesini ve ama\u00e7lanan uygulamaya uygun olmas\u0131n\u0131 sa\u011flar. Bu \u00f6zellik, kaynakl\u0131 T tipi silindirleri in\u015faat, madencilik ve malzeme ta\u015f\u0131ma gibi \u00e7e\u015fitli end\u00fcstriyel uygulamalarda kullan\u0131m i\u00e7in ideal hale getirir.<\/p>\n<ul>\n<li style=\"list-style-type: none;\">\n<ul>\n<li><strong>Maliyet Etkin:<\/strong> Kaynakl\u0131 T tipi silindirler, di\u011fer silindir tiplerine k\u0131yasla uygun maliyetlidir. Bu silindirlerin \u00fcretiminde kullan\u0131lan imalat s\u00fcreci basittir ve bu da onlar\u0131 di\u011fer silindir tiplerine g\u00f6re daha uygun maliyetli k\u0131lar.<\/li>\n<\/ul>\n<\/li>\n<\/ul>\n<p>Ayr\u0131ca, kaynakl\u0131 T tipi silindirlerin y\u00fcksek mukavemeti ve dayan\u0131kl\u0131l\u0131\u011f\u0131, s\u0131k onar\u0131m ve de\u011fi\u015ftirme ihtiyac\u0131n\u0131 azaltarak bak\u0131m maliyetlerinden tasarruf sa\u011flar. Bu \u00f6zellik, onlar\u0131 \u00f6zellikle s\u0131n\u0131rl\u0131 b\u00fct\u00e7eye sahip bir\u00e7ok sekt\u00f6r i\u00e7in pop\u00fcler bir tercih haline getirir.<\/p>\n<ul>\n<li style=\"list-style-type: none;\">\n<ul>\n<li><strong>Artan Verimlilik:<\/strong> Kaynakl\u0131 T tipi silindirler son derece verimli ve etkilidir. Silindirin tasar\u0131m\u0131, uygulanan kuvvetin do\u011frudan y\u00fcke aktar\u0131lmas\u0131n\u0131 sa\u011flayarak enerji kayb\u0131n\u0131 azalt\u0131r ve verimlili\u011fi art\u0131r\u0131r.<\/li>\n<\/ul>\n<\/li>\n<\/ul>\n<p>Kaynakl\u0131 ba\u011flant\u0131lar g\u00fc\u00e7l\u00fc ve sa\u011flamd\u0131r, sapmay\u0131 en aza indirir ve silindirin en zorlu ko\u015fullarda bile \u015feklini ve yap\u0131sal b\u00fct\u00fcnl\u00fc\u011f\u00fcn\u00fc korumas\u0131n\u0131 sa\u011flar. Bu \u00f6zellik, kaynakl\u0131 T tipi silindirleri y\u00fcksek verimlilik ve g\u00fcvenilirlik gerektiren uygulamalarda kullan\u0131m i\u00e7in ideal hale getirir.<\/p>\n<p><img loading=\"lazy\" decoding=\"async\" class=\"size-full wp-image-977 aligncenter\" src=\"https:\/\/fmp-components.com\/wp-content\/uploads\/2024\/12\/Welded-Tee-Type-Cylinder3.webp\" alt=\"Kaynakl\u0131 T Tipi Silindir\" width=\"653\" height=\"600\" title=\"\" srcset=\"https:\/\/fmp-components.com\/wp-content\/uploads\/2024\/12\/Welded-Tee-Type-Cylinder3.webp 653w, https:\/\/fmp-components.com\/wp-content\/uploads\/2024\/12\/Welded-Tee-Type-Cylinder3-480x441.webp 480w\" sizes=\"(min-width: 0px) and (max-width: 480px) 480px, (min-width: 481px) 653px, 100vw\" \/><\/p>\n<h2>Kaynakl\u0131 T Tipi Silindir Uygulamas\u0131<\/h2>\n<h3>girii\u015f<\/h3>\n<p>Kaynakl\u0131 T tipi silindir, end\u00fcstriyel uygulamalarda yayg\u0131n olarak kullan\u0131lan bir hidrolik silindir t\u00fcr\u00fcd\u00fcr. Kompakt ve uygun maliyetli bir pakette y\u00fcksek kuvvet \u00e7\u0131k\u0131\u015f\u0131 sa\u011flamak \u00fczere tasarlanm\u0131\u015ft\u0131r. Bu tip silindir, kaynakl\u0131 bir T par\u00e7as\u0131 ve bu par\u00e7aya ba\u011fl\u0131 bir piston \u00e7ubu\u011fundan olu\u015fur. T par\u00e7as\u0131, silindirin namlusuna ba\u011fl\u0131d\u0131r ve namlu i\u00e7inde ileri geri hareket ederek kuvvet \u00fcreten bir piston i\u00e7erir.<\/p>\n<h3>Kaynakl\u0131 T Tipi Silindirin Avantajlar\u0131<\/h3>\n<p>End\u00fcstriyel uygulamalarda kaynakl\u0131 T tipi silindir kullanman\u0131n bir\u00e7ok avantaj\u0131 vard\u0131r:<\/p>\n<ul>\n<li><b>Kompakt tasar\u0131m:<\/b> Kaynakl\u0131 T tipi silindirler, alan\u0131n k\u0131s\u0131tl\u0131 oldu\u011fu uygulamalarda kullan\u0131m i\u00e7in ideal olacak \u015fekilde kompakt olarak tasarlanm\u0131\u015ft\u0131r.<\/li>\n<li><b>Y\u00fcksek verimlilik:<\/b> Kaynakl\u0131 T tipi silindirler olduk\u00e7a verimlidir, bu da minimum enerji giri\u015fiyle b\u00fcy\u00fck miktarda kuvvet \u00fcretebilecekleri anlam\u0131na gelir.<\/li>\n<li><b>Dayan\u0131kl\u0131:<\/b> Kaynakl\u0131 T tipi silindirler son derece dayan\u0131kl\u0131 olacak \u015fekilde tasarlanm\u0131\u015ft\u0131r, bu da zorlu \u00e7al\u0131\u015fma ko\u015fullar\u0131na dayanabilecekleri ve uzun s\u00fcre dayanabilecekleri anlam\u0131na gelir.<\/li>\n<li><b>Maliyet etkin:<\/b> Kaynakl\u0131 T tipi silindirler maliyet a\u00e7\u0131s\u0131ndan avantajl\u0131d\u0131r, yani paran\u0131z\u0131n kar\u015f\u0131l\u0131\u011f\u0131n\u0131 fazlas\u0131yla al\u0131rs\u0131n\u0131z.<\/li>\n<\/ul>\n<h3>Kaynakl\u0131 T Tipi Silindir Uygulamalar\u0131<\/h3>\n<p>Kaynakl\u0131 T tipi silindirlerin \u00e7e\u015fitli end\u00fcstrilerde bir\u00e7ok uygulamas\u0131 vard\u0131r, bunlar aras\u0131nda \u015funlar yer al\u0131r:<\/p>\n<ul>\n<li><b>\u00dcretme:<\/b> Kaynakl\u0131 T tipi silindirler, imalat sekt\u00f6r\u00fcnde makineleri \u00e7al\u0131\u015ft\u0131rmak, a\u011f\u0131r y\u00fckleri hareket ettirmek ve metal par\u00e7alar\u0131 \u015fekillendirmek i\u00e7in kullan\u0131l\u0131r.<\/li>\n<li><b>Tar\u0131m:<\/b> Kaynakl\u0131 T tipi silindirler tar\u0131mda trakt\u00f6r, bi\u00e7erd\u00f6ver ve di\u011fer tar\u0131m ekipmanlar\u0131ndaki hidrolik sistemleri \u00e7al\u0131\u015ft\u0131rmak i\u00e7in kullan\u0131l\u0131r.<\/li>\n<li><b>Yap\u0131:<\/b> Kaynakl\u0131 T tipi silindirler in\u015faat sekt\u00f6r\u00fcnde vin\u00e7, ekskavat\u00f6r ve kep\u00e7e gibi makineleri \u00e7al\u0131\u015ft\u0131rmak i\u00e7in kullan\u0131l\u0131r.<\/li>\n<li><b>Madencilik:<\/b> Kaynakl\u0131 T tipi silindirler, madencilikte buldozer, y\u00fckleyici ve kaya delici gibi a\u011f\u0131r ekipmanlar\u0131n hidrolik sistemlerini \u00e7al\u0131\u015ft\u0131rmak i\u00e7in kullan\u0131l\u0131r.<\/li>\n<li><b>Toplu ta\u015f\u0131ma:<\/b> Kaynakl\u0131 T tipi silindirler, ta\u015f\u0131mac\u0131l\u0131kta kamyon, otob\u00fcs ve di\u011fer ara\u00e7lardaki hidrolik sistemleri \u00e7al\u0131\u015ft\u0131rmak i\u00e7in kullan\u0131l\u0131r.<\/li>\n<\/ul>\n<p>Sonu\u00e7 olarak, kaynakl\u0131 T tipi silindirler bir\u00e7ok end\u00fcstriyel uygulamada \u00f6nemli bir bile\u015fendir. Kompakt, verimli, dayan\u0131kl\u0131 ve uygun maliyetli olacak \u015fekilde tasarland\u0131klar\u0131 i\u00e7in \u00e7ok \u00e7e\u015fitli uygulamalar i\u00e7in ideal bir se\u00e7imdir. \u0130ster bir \u00fcretim tesisinde makine, ister bir \u00e7iftlikte tar\u0131m ekipman\u0131 veya bir madende a\u011f\u0131r ekipman kullan\u0131yor olun, kaynakl\u0131 T tipi silindirler i\u015finizi verimli ve etkili bir \u015fekilde yapman\u0131za yard\u0131mc\u0131 olabilir.<\/p>\n<h3>FMP Hakk\u0131nda<\/h3>\n<p>FMP, m\u00fc\u015fterilerimizin \u00e7e\u015fitli ihtiya\u00e7lar\u0131n\u0131 kar\u015f\u0131lamak i\u00e7in \u00f6zelle\u015ftirilmi\u015f \u00e7\u00f6z\u00fcmler konusunda uzmanla\u015fm\u0131\u015f, lider bir Hidrolik Silindir \u00fcreticisi ve tedarik\u00e7isidir. 30 y\u0131l\u0131 a\u015fk\u0131n sekt\u00f6r deneyimi ve \u0130talya merkezli firmam\u0131z, pazarda g\u00fc\u00e7l\u00fc bir yer edinmi\u015ftir. Y\u00fcksek kaliteli \u00fcr\u00fcnler ve m\u00fckemmel m\u00fc\u015fteri hizmeti sunmaktan gurur duyuyoruz.<\/p>\n<p><img decoding=\"async\" src=\"https:\/\/fmp-components.com\/wp-content\/uploads\/2024\/12\/fmp-factory-4.webp\" alt=\"FMP fabrikas\u0131\" width=\"800\" title=\"\"><\/p>\n<h4>1) Geni\u015f Ekipman Yelpazesi<\/h4>\n<p>FMP olarak, otomatik gazalt\u0131 kaynak makineleri, derin delik delme makineleri, CNC torna tezgahlar\u0131, silindirik ta\u015flama makineleri, otomatik temizleme makineleri, otomatik montaj makineleri, otomatik hidrolik silindir performans test tezgahlar\u0131 ve otomatik boyama hatlar\u0131 dahil olmak \u00fczere 100'den fazla son teknoloji ekipmana sahibiz. Bu geli\u015fmi\u015f makineler, \u00fcretim s\u00fcrecinde hassasiyet ve verimlilik sa\u011flayarak \u00fcst\u00fcn kaliteli hidrolik silindirler \u00fcretmemizi sa\u011fl\u0131yor.<\/p>\n<h4>2) \u00dcst\u00fcn Kalite Kontrol\u00fc<\/h4>\n<p>M\u00fc\u015fterilerimize g\u00fcvenilir ve dayan\u0131kl\u0131 \u00fcr\u00fcnler sunman\u0131n \u00f6neminin fark\u0131nday\u0131z. Her hidrolik silindir, kalitesini garanti alt\u0131na almak i\u00e7in s\u0131k\u0131 i\u015fleme ve denetim prosed\u00fcrlerinden ge\u00e7er. Tasar\u0131mdan \u00fcretime kadar ekibimiz, \u00fcretim s\u00fcrecinin her a\u015famas\u0131n\u0131n en y\u00fcksek standartlar\u0131 kar\u015f\u0131lamas\u0131n\u0131 sa\u011flar.<\/p>\n<h4>3) Kapsaml\u0131 Tasar\u0131m Hizmetleri<\/h4>\n<p>Deneyimli tasar\u0131m ekibimiz, yenilik\u00e7i \u00e7\u00f6z\u00fcmler sunmaya kendini adam\u0131\u015ft\u0131r. \u0130ster yeni \u00fcr\u00fcn tasar\u0131mlar\u0131 ister mevcut \u00fcr\u00fcnlerinizi iyile\u015ftirme ihtiyac\u0131 duyuyor olun, size destek olmak i\u00e7in buraday\u0131z. \u00d6zel ihtiya\u00e7lar\u0131n\u0131z\u0131 anlamak ve ihtiya\u00e7lar\u0131n\u0131za g\u00f6re \u00f6zelle\u015ftirilmi\u015f hidrolik silindirler sunmak i\u00e7in sizinle yak\u0131n bir \u015fekilde \u00e7al\u0131\u015faca\u011f\u0131z.<\/p>\n<h4>4) Verimli \u00dcr\u00fcn Hizmeti<\/h4>\n<p>\u00dcr\u00fcn hizmetimiz, hammadde se\u00e7imi, kesim, kaba i\u015fleme, test, temizlik, montaj, paketleme ve nakliye gibi \u00e7e\u015fitli a\u015famalar\u0131 kapsar. Her ad\u0131m\u0131 titizlikle y\u00f6neterek, ald\u0131\u011f\u0131n\u0131z \u00fcr\u00fcnlerin en y\u00fcksek kalitede olmas\u0131n\u0131 ve zaman\u0131nda teslim edilmesini sa\u011fl\u0131yoruz.<\/p>\n<h4>5) S\u00fcrekli Ara\u015ft\u0131rma ve Geli\u015ftirme<\/h4>\n<p>Pazar geli\u015ftik\u00e7e, sekt\u00f6r trendlerinin \u00f6n\u00fcnde kalmak i\u00e7in aktif olarak ara\u015ft\u0131rma ve geli\u015ftirme faaliyetleri y\u00fcr\u00fct\u00fcyoruz. Pazar\u0131n ihtiya\u00e7lar\u0131n\u0131 inceleyerek ve inovasyonu benimseyerek, m\u00fc\u015fterilerimizin de\u011fi\u015fen ihtiya\u00e7lar\u0131n\u0131 kar\u015f\u0131layan yeni modeller s\u00fcrekli olarak geli\u015ftiriyoruz. Ar-Ge'ye olan bu ba\u011fl\u0131l\u0131\u011f\u0131m\u0131z, hidrolik silindirlerimizin teknolojik geli\u015fmelerin \u00f6n saflar\u0131nda kalmas\u0131n\u0131 sa\u011fl\u0131yor.<\/p>\n<p>Hidrolik silindir ihtiya\u00e7lar\u0131n\u0131z i\u00e7in FMP'yi se\u00e7in ve kalite, \u00f6zelle\u015ftirme ve m\u00fc\u015fteri memnuniyetine olan ba\u011fl\u0131l\u0131\u011f\u0131m\u0131z\u0131 deneyimleyin. \u0130htiya\u00e7lar\u0131n\u0131z\u0131 g\u00f6r\u00fc\u015fmek ve hidrolik silindir ihtiya\u00e7lar\u0131n\u0131z\u0131 kar\u015f\u0131lamak i\u00e7in nas\u0131l i\u015f birli\u011fi yapabilece\u011fimizi ke\u015ffetmek i\u00e7in bug\u00fcn bizimle ileti\u015fime ge\u00e7in.<\/p>\n<p>Yazar:CX<\/p>","protected":false},"excerpt":{"rendered":"<p>Function and Importance The Double Acting Hydraulic Cylinder is an essential component of hydraulic systems, serving a critical role in the conversion of hydraulic energy into mechanical energy. This conversion is vital for the operation of various industrial machinery and mobile equipment, enabling them to perform a wide range of tasks with precision and power. [&hellip;]<\/p>","protected":false},"featured_media":1132,"comment_status":"closed","ping_status":"closed","template":"","meta":{"_et_pb_use_builder":"","_et_pb_old_content":"","_et_gb_content_width":""},"product_brand":[],"product_cat":[31],"product_tag":[34,35],"class_list":{"0":"post-933","1":"product","2":"type-product","3":"status-publish","4":"has-post-thumbnail","6":"product_cat-welded-tee-type-cylinder","7":"product_tag-hydraulic-cylinder","8":"product_tag-welded-tee-type-cylinder","10":"first","11":"instock","12":"product-type-simple"},"_links":{"self":[{"href":"https:\/\/fmp-components.com\/tr\/wp-json\/wp\/v2\/product\/933","targetHints":{"allow":["GET"]}}],"collection":[{"href":"https:\/\/fmp-components.com\/tr\/wp-json\/wp\/v2\/product"}],"about":[{"href":"https:\/\/fmp-components.com\/tr\/wp-json\/wp\/v2\/types\/product"}],"replies":[{"embeddable":true,"href":"https:\/\/fmp-components.com\/tr\/wp-json\/wp\/v2\/comments?post=933"}],"wp:featuredmedia":[{"embeddable":true,"href":"https:\/\/fmp-components.com\/tr\/wp-json\/wp\/v2\/media\/1132"}],"wp:attachment":[{"href":"https:\/\/fmp-components.com\/tr\/wp-json\/wp\/v2\/media?parent=933"}],"wp:term":[{"taxonomy":"product_brand","embeddable":true,"href":"https:\/\/fmp-components.com\/tr\/wp-json\/wp\/v2\/product_brand?post=933"},{"taxonomy":"product_cat","embeddable":true,"href":"https:\/\/fmp-components.com\/tr\/wp-json\/wp\/v2\/product_cat?post=933"},{"taxonomy":"product_tag","embeddable":true,"href":"https:\/\/fmp-components.com\/tr\/wp-json\/wp\/v2\/product_tag?post=933"}],"curies":[{"name":"wp","href":"https:\/\/api.w.org\/{rel}","templated":true}]}}