{"id":932,"date":"2024-12-19T03:39:00","date_gmt":"2024-12-19T03:39:00","guid":{"rendered":"https:\/\/fmp-components.com\/product\/10012-guaranteed-quality-trailer-hydraulic-ram-cylinder-double-acting-hydraulic-cylinder\/"},"modified":"2024-12-26T09:00:30","modified_gmt":"2024-12-26T09:00:30","slug":"10012-guaranteed-quality-trailer-hydraulic-ram-cylinder-double-acting-hydraulic-cylinder","status":"publish","type":"product","link":"https:\/\/fmp-components.com\/tr\/product\/10012-guaranteed-quality-trailer-hydraulic-ram-cylinder-double-acting-hydraulic-cylinder\/","title":{"rendered":"10012 Garantili Kalite R\u00f6mork Hidrolik Ram Silindiri \u00c7ift Etkili Hidrolik Silindir"},"content":{"rendered":"<p>Hidrolik sistemlerinizin verimlili\u011fini \u00f6nemli \u00f6l\u00e7\u00fcde art\u0131ran, \u00fcst d\u00fczey bir \u00fcr\u00fcn olan Garantili Kalite R\u00f6mork Hidrolik Silindiri \u00c7ift Etkili Hidrolik Silindiri'ni sundu\u011fumuz FMP'ye ho\u015f geldiniz. 2006 y\u0131l\u0131nda kurulan FMP, merkezi \u0130talya'da bulunan hidrolik sekt\u00f6r\u00fcnde \u00f6nc\u00fc bir kurulu\u015ftur.<\/p>\n<p>Bu hidrolik silindir, hidrolik sistemlerin ayr\u0131lmaz bir par\u00e7as\u0131d\u0131r ve ak\u0131\u015fkan g\u00fcc\u00fcn\u00fc mekanik g\u00fcce d\u00f6n\u00fc\u015ft\u00fcrmede \u00f6nemli bir rol oynar. Sadece bir silindir de\u011fil, sistemlerinizin genel i\u015flevselli\u011fini ve verimlili\u011fini art\u0131ran y\u00fcksek performansl\u0131 bir makine par\u00e7as\u0131d\u0131r.<\/p>\n<p>Silindir, boyutu, kapasitesi ve y\u00fck ta\u015f\u0131ma kapasitesi gibi etkileyici \u00f6zellikleriyle bir\u00e7ok uygulama i\u00e7in g\u00fcvenilir bir tercihtir. Enerji tasarrufu sa\u011flar, y\u00fcksek verimlidir ve g\u00fcvenlidir.<\/p>\n<p>Hidrolik sistemler, Pascal yasas\u0131 prensibine g\u00f6re \u00e7al\u0131\u015f\u0131r. Bir noktaya uygulanan bas\u0131n\u00e7, s\u0131v\u0131n\u0131n her yerine e\u015fit olarak da\u011f\u0131l\u0131r ve sistemin minimum eforla b\u00fcy\u00fck miktarda kuvvet uygulamas\u0131n\u0131 sa\u011flar. Garantili Kalite R\u00f6mork Hidrolik Ram Silindiri \u00c7ift Etkili Hidrolik Silindirimiz, verimli ve g\u00fcvenilir performans sa\u011flayarak bu s\u00fcreci iyile\u015ftirir.<\/p>\n<p><img loading=\"lazy\" decoding=\"async\" class=\"alignnone size-full wp-image-976\" src=\"https:\/\/fmp-components.com\/wp-content\/uploads\/2024\/12\/Welded-Tee-Type-Cylinder2.webp\" alt=\"Kaynakl\u0131 T Tipi Silindir\" width=\"764\" height=\"675\" title=\"\" srcset=\"https:\/\/fmp-components.com\/wp-content\/uploads\/2024\/12\/Welded-Tee-Type-Cylinder2.webp 764w, https:\/\/fmp-components.com\/wp-content\/uploads\/2024\/12\/Welded-Tee-Type-Cylinder2-480x424.webp 480w\" sizes=\"(min-width: 0px) and (max-width: 480px) 480px, (min-width: 481px) 764px, 100vw\" \/><\/p>\n<p>\u0130n\u015faat makinelerinden end\u00fcstriyel ekipmanlara kadar, hidrolik silindirlerimiz geni\u015f bir uygulama yelpazesinde yer al\u0131r. Y\u00fcksek g\u00fc\u00e7 \u00e7\u0131k\u0131\u015f\u0131 ve hassas kontrol gerektiren sistemler i\u00e7in m\u00fckemmel bir se\u00e7imdir.<\/p>\n<p>FMP, \u0130talya'da hidrolik silindir pazar\u0131nda lider bir isimdir. 200.000 set tasar\u0131m kapasitesi ve 300'den fazla \u00e7e\u015fitli tam otomatik CNC \u00fcretim ekipman\u0131yla, hidrolik devirme silindirleri, hidrolik direksiyon silindirleri ve hidrolik kald\u0131rma silindirleri de dahil olmak \u00fczere geni\u015f bir \u00fcr\u00fcn yelpazesi sunuyoruz.<\/p>\n<p>FMP olarak kaliteye, uygun fiyata ve m\u00fckemmel hizmete \u00f6ncelik veriyoruz. Amiral gemisi \u00fcr\u00fcnlerimizin yan\u0131 s\u0131ra, hava \u00e7al\u0131\u015fma platformu silindirleri, end\u00fcstriyel ara\u00e7 hidrolik silindirleri, d\u00f6ner sondaj kulesi silindirleri, otomobil vin\u00e7 silindirleri, in\u015faat makineleri hidrolik silindirleri, forklift hidrolik silindirleri, maden damperli kamyon silindirleri, \u00e7evre sanitasyon makineleri hidrolik silindirleri ve daha fazlas\u0131n\u0131 da tedarik ediyoruz. M\u00fc\u015fteri ihtiya\u00e7lar\u0131na g\u00f6re \u00f6zelle\u015ftirmeye a\u00e7\u0131\u011f\u0131z.<\/p>\n<p>\u00dcr\u00fcnlerimiz hakk\u0131nda daha fazla bilgi edinmek veya sorular\u0131n\u0131z i\u00e7in l\u00fctfen VR fabrikam\u0131z\u0131 buradan ziyaret edin: <iframe loading=\"lazy\" id=\"FMP VR ????\" title=\"FMP VR ????\" src=\"https:\/\/v.holoworld.com.cn\/v\/virtualbuy.html?id=78a76263-47ab-485f-b978-0dafacfb4096\" width=\"800\" height=\"600\"><\/iframe><\/p>\n<h2>Kaynakl\u0131 T Tipi Silindirin Avantajlar\u0131<\/h2>\n<ul>\n<li style=\"list-style-type: none;\">\n<ul>\n<li><strong>Artt\u0131r\u0131lm\u0131\u015f G\u00fc\u00e7:<\/strong> Kaynakl\u0131 T tipi silindirler, y\u00fcksek mukavemetleriyle bilinir ve a\u011f\u0131r kald\u0131rma gerektiren uygulamalar i\u00e7in uygundur. Bu silindirlerin imalat\u0131nda kullan\u0131lan kaynak i\u015flemi, silindirin zay\u0131f noktalardan ar\u0131nd\u0131r\u0131lm\u0131\u015f olmas\u0131n\u0131 ve y\u00fcksek bas\u0131n\u00e7 ve gerilime dayanabilmesini sa\u011flar.<\/li>\n<\/ul>\n<\/li>\n<\/ul>\n<p>Silindire uygulanan bas\u0131n\u00e7, t\u00fcm y\u00fczeye e\u015fit olarak da\u011f\u0131larak deformasyona kar\u015f\u0131 diren\u00e7li hale gelir. Bu \u00f6zellik, silindirin en zorlu ko\u015fullarda bile \u015feklini ve yap\u0131sal b\u00fct\u00fcnl\u00fc\u011f\u00fcn\u00fc koruyabilmesini sa\u011flar.<\/p>\n<ul>\n<li style=\"list-style-type: none;\">\n<ul>\n<li><strong>S\u0131z\u0131nt\u0131 \u00d6nleme:<\/strong> Kaynakl\u0131 T tipi silindirler, s\u0131z\u0131nt\u0131y\u0131 \u00f6nleyecek \u015fekilde tasarlanm\u0131\u015ft\u0131r. \u00dcretim s\u00fcrecinde kullan\u0131lan kaynak i\u015flemi, silindirin tamamen s\u0131zd\u0131rmaz olmas\u0131n\u0131 ve olas\u0131 s\u0131z\u0131nt\u0131lardan ar\u0131nd\u0131r\u0131lmas\u0131n\u0131 sa\u011flar. Bu \u00f6zellik, s\u0131z\u0131nt\u0131n\u0131n ciddi hasara veya yaralanmaya neden olabilece\u011fi uygulamalarda kullan\u0131m i\u00e7in uygundur.<\/li>\n<\/ul>\n<\/li>\n<\/ul>\n<p>Kaynakl\u0131 ba\u011flant\u0131lar p\u00fcr\u00fczs\u00fczd\u00fcr, d\u00f6k\u00fcnt\u00fc veya kirin birikebilece\u011fi herhangi bir yar\u0131k veya oluk yoktur, bu da korozyon ve silindire zarar verme riskini azalt\u0131r.<\/p>\n<ul>\n<li style=\"list-style-type: none;\">\n<ul>\n<li><strong>\u00d6zelle\u015ftirilebilir:<\/strong> Kaynakl\u0131 T tipi silindirler, belirli uygulamalara uyacak \u015fekilde \u00f6zelle\u015ftirilebilir. Silindirler farkl\u0131 boyut ve \u015fekillerde mevcuttur ve uygulaman\u0131n \u00f6zel gereksinimlerini kar\u015f\u0131layacak \u015fekilde \u00fcretilebilir.<\/li>\n<\/ul>\n<\/li>\n<\/ul>\n<p>\u00d6zelle\u015ftirme s\u00fcreci, silindirin performans a\u00e7\u0131s\u0131ndan optimize edilmesini ve ama\u00e7lanan uygulamaya uygun olmas\u0131n\u0131 sa\u011flar. Bu \u00f6zellik, kaynakl\u0131 T tipi silindirleri in\u015faat, madencilik ve malzeme ta\u015f\u0131ma gibi \u00e7e\u015fitli end\u00fcstriyel uygulamalarda kullan\u0131m i\u00e7in ideal hale getirir.<\/p>\n<ul>\n<li style=\"list-style-type: none;\">\n<ul>\n<li><strong>Maliyet Etkin:<\/strong> Kaynakl\u0131 T tipi silindirler, di\u011fer silindir tiplerine k\u0131yasla uygun maliyetlidir. Bu silindirlerin \u00fcretiminde kullan\u0131lan imalat s\u00fcreci basittir ve bu da onlar\u0131 di\u011fer silindir tiplerine g\u00f6re daha uygun maliyetli k\u0131lar.<\/li>\n<\/ul>\n<\/li>\n<\/ul>\n<p>Ayr\u0131ca, kaynakl\u0131 T tipi silindirlerin y\u00fcksek mukavemeti ve dayan\u0131kl\u0131l\u0131\u011f\u0131, s\u0131k onar\u0131m ve de\u011fi\u015ftirme ihtiyac\u0131n\u0131 azaltarak bak\u0131m maliyetlerinden tasarruf sa\u011flar. Bu \u00f6zellik, onlar\u0131 \u00f6zellikle s\u0131n\u0131rl\u0131 b\u00fct\u00e7eye sahip bir\u00e7ok sekt\u00f6r i\u00e7in pop\u00fcler bir tercih haline getirir.<\/p>\n<ul>\n<li style=\"list-style-type: none;\">\n<ul>\n<li><strong>Artan Verimlilik:<\/strong> Kaynakl\u0131 T tipi silindirler son derece verimli ve etkilidir. Silindirin tasar\u0131m\u0131, uygulanan kuvvetin do\u011frudan y\u00fcke aktar\u0131lmas\u0131n\u0131 sa\u011flayarak enerji kayb\u0131n\u0131 azalt\u0131r ve verimlili\u011fi art\u0131r\u0131r.<\/li>\n<\/ul>\n<\/li>\n<\/ul>\n<p>Kaynakl\u0131 ba\u011flant\u0131lar g\u00fc\u00e7l\u00fc ve sa\u011flamd\u0131r, sapmay\u0131 en aza indirir ve silindirin en zorlu ko\u015fullarda bile \u015feklini ve yap\u0131sal b\u00fct\u00fcnl\u00fc\u011f\u00fcn\u00fc korumas\u0131n\u0131 sa\u011flar. Bu \u00f6zellik, kaynakl\u0131 T tipi silindirleri y\u00fcksek verimlilik ve g\u00fcvenilirlik gerektiren uygulamalarda kullan\u0131m i\u00e7in ideal hale getirir.<\/p>\n<h2>Kaynakl\u0131 T Tipi Silindir Uygulamas\u0131<\/h2>\n<h3>girii\u015f<\/h3>\n<p>Kaynakl\u0131 T tipi silindir, end\u00fcstriyel uygulamalarda yayg\u0131n olarak kullan\u0131lan bir hidrolik silindir t\u00fcr\u00fcd\u00fcr. Kompakt ve uygun maliyetli bir pakette y\u00fcksek kuvvet \u00e7\u0131k\u0131\u015f\u0131 sa\u011flamak \u00fczere tasarlanm\u0131\u015ft\u0131r. Bu tip silindir, kaynakl\u0131 bir T par\u00e7as\u0131 ve bu par\u00e7aya ba\u011fl\u0131 bir piston \u00e7ubu\u011fundan olu\u015fur. T par\u00e7as\u0131, silindirin namlusuna ba\u011fl\u0131d\u0131r ve namlu i\u00e7inde ileri geri hareket ederek kuvvet \u00fcreten bir piston i\u00e7erir.<\/p>\n<h3>Kaynakl\u0131 T Tipi Silindirin Avantajlar\u0131<\/h3>\n<p>End\u00fcstriyel uygulamalarda kaynakl\u0131 T tipi silindir kullanman\u0131n bir\u00e7ok avantaj\u0131 vard\u0131r:<\/p>\n<ul>\n<li><b>Kompakt tasar\u0131m:<\/b> Kaynakl\u0131 T tipi silindirler, alan\u0131n k\u0131s\u0131tl\u0131 oldu\u011fu uygulamalarda kullan\u0131m i\u00e7in ideal olacak \u015fekilde kompakt olarak tasarlanm\u0131\u015ft\u0131r.<\/li>\n<li><b>Y\u00fcksek verimlilik:<\/b> Kaynakl\u0131 T tipi silindirler olduk\u00e7a verimlidir, bu da minimum enerji giri\u015fiyle b\u00fcy\u00fck miktarda kuvvet \u00fcretebilecekleri anlam\u0131na gelir.<\/li>\n<li><b>Dayan\u0131kl\u0131:<\/b> Kaynakl\u0131 T tipi silindirler son derece dayan\u0131kl\u0131 olacak \u015fekilde tasarlanm\u0131\u015ft\u0131r, bu da zorlu \u00e7al\u0131\u015fma ko\u015fullar\u0131na dayanabilecekleri ve uzun s\u00fcre dayanabilecekleri anlam\u0131na gelir.<\/li>\n<li><b>Maliyet etkin:<\/b> Kaynakl\u0131 T tipi silindirler maliyet a\u00e7\u0131s\u0131ndan avantajl\u0131d\u0131r, yani paran\u0131z\u0131n kar\u015f\u0131l\u0131\u011f\u0131n\u0131 fazlas\u0131yla al\u0131rs\u0131n\u0131z.<\/li>\n<\/ul>\n<h3>Kaynakl\u0131 T Tipi Silindir Uygulamalar\u0131<\/h3>\n<p>Kaynakl\u0131 T tipi silindirlerin \u00e7e\u015fitli end\u00fcstrilerde bir\u00e7ok uygulamas\u0131 vard\u0131r, bunlar aras\u0131nda \u015funlar yer al\u0131r:<\/p>\n<ul>\n<li><b>\u00dcretme:<\/b> Kaynakl\u0131 T tipi silindirler, imalat sekt\u00f6r\u00fcnde makineleri \u00e7al\u0131\u015ft\u0131rmak, a\u011f\u0131r y\u00fckleri hareket ettirmek ve metal par\u00e7alar\u0131 \u015fekillendirmek i\u00e7in kullan\u0131l\u0131r.<\/li>\n<li><b>Tar\u0131m:<\/b> Kaynakl\u0131 T tipi silindirler tar\u0131mda trakt\u00f6r, bi\u00e7erd\u00f6ver ve di\u011fer tar\u0131m ekipmanlar\u0131ndaki hidrolik sistemleri \u00e7al\u0131\u015ft\u0131rmak i\u00e7in kullan\u0131l\u0131r.<\/li>\n<li><b>Yap\u0131:<\/b> Kaynakl\u0131 T tipi silindirler in\u015faat sekt\u00f6r\u00fcnde vin\u00e7, ekskavat\u00f6r ve kep\u00e7e gibi makineleri \u00e7al\u0131\u015ft\u0131rmak i\u00e7in kullan\u0131l\u0131r.<\/li>\n<li><b>Madencilik:<\/b> Kaynakl\u0131 T tipi silindirler, madencilikte buldozer, y\u00fckleyici ve kaya delici gibi a\u011f\u0131r ekipmanlar\u0131n hidrolik sistemlerini \u00e7al\u0131\u015ft\u0131rmak i\u00e7in kullan\u0131l\u0131r.<\/li>\n<li><b>Toplu ta\u015f\u0131ma:<\/b> Kaynakl\u0131 T tipi silindirler, ta\u015f\u0131mac\u0131l\u0131kta kamyon, otob\u00fcs ve di\u011fer ara\u00e7lardaki hidrolik sistemleri \u00e7al\u0131\u015ft\u0131rmak i\u00e7in kullan\u0131l\u0131r.<\/li>\n<\/ul>\n<p>Sonu\u00e7 olarak, kaynakl\u0131 T tipi silindirler bir\u00e7ok end\u00fcstriyel uygulamada \u00f6nemli bir bile\u015fendir. Kompakt, verimli, dayan\u0131kl\u0131 ve uygun maliyetli olacak \u015fekilde tasarland\u0131klar\u0131 i\u00e7in \u00e7ok \u00e7e\u015fitli uygulamalar i\u00e7in ideal bir se\u00e7imdir. \u0130ster bir \u00fcretim tesisinde makine, ister bir \u00e7iftlikte tar\u0131m ekipman\u0131 veya bir madende a\u011f\u0131r ekipman kullan\u0131yor olun, kaynakl\u0131 T tipi silindirler i\u015finizi verimli ve etkili bir \u015fekilde yapman\u0131za yard\u0131mc\u0131 olabilir.<\/p>\n<h3>FMP Hakk\u0131nda<\/h3>\n<p>\u0130talya'da 30 y\u0131l\u0131 a\u015fk\u0131n s\u00fcredir faaliyet g\u00f6steren FMP, hidrolik silindirlerin lider \u00fcreticisi ve tedarik\u00e7isidir. M\u00fc\u015fterilerimizin \u00f6zel ihtiya\u00e7lar\u0131n\u0131 kar\u015f\u0131lamak \u00fczere \u00e7e\u015fitli tipte hidrolik silindirler \u00fcretme ve \u00f6zelle\u015ftirme konusunda uzmanla\u015ft\u0131k. Kalite ve m\u00fc\u015fteri memnuniyetine olan ba\u011fl\u0131l\u0131\u011f\u0131m\u0131z, bizi sekt\u00f6rde g\u00fcvenilir bir isim haline getirmi\u015ftir.<\/p>\n<p><img decoding=\"async\" src=\"https:\/\/fmp-components.com\/wp-content\/uploads\/2024\/12\/fmp-factory-4.webp\" alt=\"FMP fabrikas\u0131\" width=\"800\" title=\"\"><\/p>\n<p>T\u00fcm hidrolik silindir ihtiya\u00e7lar\u0131n\u0131z i\u00e7in FMP'yi se\u00e7meniz i\u00e7in be\u015f neden:<\/p>\n<ol>\n<li style=\"list-style-type: none;\">\n<ol>\n<li>Geni\u015f Ekipman Yelpazesi<\/li>\n<\/ol>\n<\/li>\n<\/ol>\n<p>Otomatik gazalt\u0131 kaynak makinesi, derin delik delme makinesi, CNC torna tezgah\u0131, silindirik ta\u015flama makinesi, otomatik temizleme makinesi, otomatik montaj makinesi, otomatik hidrolik silindir performans test tezgah\u0131 ve otomatik boyama hatt\u0131 dahil olmak \u00fczere 100'den fazla ekipman\u0131m\u0131z ve son teknoloji tesislerimizle \u00e7e\u015fitli uygulamalar i\u00e7in y\u00fcksek kaliteli hidrolik silindirler \u00fcretme kapasitesine sahibiz.<\/p>\n<ol>\n<li style=\"list-style-type: none;\">\n<ol>\n<li>S\u0131k\u0131 Kalite Kontrol\u00fc<\/li>\n<\/ol>\n<\/li>\n<\/ol>\n<p>\u00dcst\u00fcn kaliteyi garantilemek i\u00e7in her hidrolik silindir titiz bir i\u015flemden ve denetimden ge\u00e7er. En y\u00fcksek end\u00fcstri standartlar\u0131n\u0131 kar\u015f\u0131lamak i\u00e7in \u00fcretimin her a\u015famas\u0131nda s\u0131k\u0131 kalite kontrol \u00f6nlemleri uygulad\u0131k. Kaliteye olan ba\u011fl\u0131l\u0131\u011f\u0131m\u0131z, m\u00fc\u015fterilerimize g\u00fcvenilir performans ve dayan\u0131kl\u0131l\u0131k sa\u011flar.<\/p>\n<ol>\n<li style=\"list-style-type: none;\">\n<ol>\n<li>Tasar\u0131m Hizmeti<\/li>\n<\/ol>\n<\/li>\n<\/ol>\n<p>Deneyimli tasar\u0131m ekibimiz, \u00fcr\u00fcn tasar\u0131m\u0131 ve geli\u015ftirme konusunda size yard\u0131mc\u0131 olabilir. \u0130ster yeni bir \u00fcr\u00fcne ister mevcut \u00fcr\u00fcnlerinizde iyile\u015ftirmelere ihtiyac\u0131n\u0131z olsun, size destek olmak i\u00e7in buraday\u0131z. Fikirlerinizi yenilik\u00e7i ve verimli hidrolik silindir \u00e7\u00f6z\u00fcmlerine d\u00f6n\u00fc\u015ft\u00fcrecek uzmanl\u0131\u011fa sahibiz.<\/p>\n<ol>\n<li style=\"list-style-type: none;\">\n<ol>\n<li>Verimli \u00dcretim S\u00fcreci<\/li>\n<\/ol>\n<\/li>\n<\/ol>\n<p>Hammadde tedarikinden paketleme ve nakliyeye kadar, ak\u0131c\u0131 \u00fcretim s\u00fcrecimiz, kaliteden \u00f6d\u00fcn vermeden \u00fcr\u00fcnlerin zaman\u0131nda teslim edilmesini sa\u011flar. \u00dcretim operasyonlar\u0131m\u0131zda tutarl\u0131l\u0131\u011f\u0131 ve verimlili\u011fi korumak i\u00e7in her a\u015famada s\u0131k\u0131 kalite kontrol \u00f6nlemlerine uyuyoruz.<\/p>\n<ol>\n<li style=\"list-style-type: none;\">\n<ol>\n<li>Devam Eden Ara\u015ft\u0131rma ve Geli\u015ftirme<\/li>\n<\/ol>\n<\/li>\n<\/ol>\n<p>FMP olarak, en son pazar trendleri ve gereksinimleri konusunda s\u00fcrekli g\u00fcncel kal\u0131yoruz. \u00d6zverili ara\u015ft\u0131rma ve geli\u015ftirme ekibimiz, yenilik\u00e7i hidrolik silindir modelleri geli\u015ftirmek i\u00e7in yeni teknolojileri ve tasar\u0131mlar\u0131 ara\u015ft\u0131r\u0131yor. Yenilik\u00e7ili\u011fe olan bu ba\u011fl\u0131l\u0131\u011f\u0131m\u0131z, m\u00fc\u015fterilerimize pazar\u0131n de\u011fi\u015fen ihtiya\u00e7lar\u0131n\u0131 kar\u015f\u0131layan son teknoloji \u00e7\u00f6z\u00fcmler sunmam\u0131z\u0131 sa\u011fl\u0131yor.<\/p>\n<p>Kapsaml\u0131 hidrolik silindir yelpazemiz, kaliteye olan ba\u011fl\u0131l\u0131\u011f\u0131m\u0131z ve m\u00fc\u015fteri odakl\u0131 yakla\u015f\u0131m\u0131m\u0131zla FMP, t\u00fcm hidrolik silindir ihtiya\u00e7lar\u0131n\u0131z i\u00e7in g\u00fcvenilir orta\u011f\u0131n\u0131zd\u0131r. \u0130htiya\u00e7lar\u0131n\u0131z\u0131 g\u00f6r\u00fc\u015fmek ve FMP \u00fcr\u00fcnlerinin m\u00fckemmelli\u011fini deneyimlemek i\u00e7in bug\u00fcn bizimle ileti\u015fime ge\u00e7in.<\/p>\n<p>Yazar:CX<\/p>","protected":false},"excerpt":{"rendered":"<p>Welcome to FMP, where we offer you the Guaranteed Quality Trailer Hydraulic Ram Cylinder Double Acting Hydraulic Cylinder, a top-tier product that remarkably enhances the efficiency of your hydraulic systems. Established in 2006, FMP has been a pioneer in the hydraulics industry with its headquarters in Italy City. This hydraulic cylinder is an integral component [&hellip;]<\/p>","protected":false},"featured_media":1132,"comment_status":"closed","ping_status":"closed","template":"","meta":{"_et_pb_use_builder":"","_et_pb_old_content":"","_et_gb_content_width":""},"product_brand":[],"product_cat":[31],"product_tag":[34,35],"class_list":{"0":"post-932","1":"product","2":"type-product","3":"status-publish","4":"has-post-thumbnail","6":"product_cat-welded-tee-type-cylinder","7":"product_tag-hydraulic-cylinder","8":"product_tag-welded-tee-type-cylinder","10":"first","11":"instock","12":"product-type-simple"},"_links":{"self":[{"href":"https:\/\/fmp-components.com\/tr\/wp-json\/wp\/v2\/product\/932","targetHints":{"allow":["GET"]}}],"collection":[{"href":"https:\/\/fmp-components.com\/tr\/wp-json\/wp\/v2\/product"}],"about":[{"href":"https:\/\/fmp-components.com\/tr\/wp-json\/wp\/v2\/types\/product"}],"replies":[{"embeddable":true,"href":"https:\/\/fmp-components.com\/tr\/wp-json\/wp\/v2\/comments?post=932"}],"wp:featuredmedia":[{"embeddable":true,"href":"https:\/\/fmp-components.com\/tr\/wp-json\/wp\/v2\/media\/1132"}],"wp:attachment":[{"href":"https:\/\/fmp-components.com\/tr\/wp-json\/wp\/v2\/media?parent=932"}],"wp:term":[{"taxonomy":"product_brand","embeddable":true,"href":"https:\/\/fmp-components.com\/tr\/wp-json\/wp\/v2\/product_brand?post=932"},{"taxonomy":"product_cat","embeddable":true,"href":"https:\/\/fmp-components.com\/tr\/wp-json\/wp\/v2\/product_cat?post=932"},{"taxonomy":"product_tag","embeddable":true,"href":"https:\/\/fmp-components.com\/tr\/wp-json\/wp\/v2\/product_tag?post=932"}],"curies":[{"name":"wp","href":"https:\/\/api.w.org\/{rel}","templated":true}]}}