{"id":931,"date":"2024-12-19T03:39:00","date_gmt":"2024-12-19T03:39:00","guid":{"rendered":"https:\/\/fmp-components.com\/product\/10011-excellent-quality-stainless-steel-hydraulic-cylinder-small-double-acting-hydraulic-cylinder-for-agriculture\/"},"modified":"2024-12-19T09:02:26","modified_gmt":"2024-12-19T09:02:26","slug":"10011-excellent-quality-stainless-steel-hydraulic-cylinder-small-double-acting-hydraulic-cylinder-for-agriculture","status":"publish","type":"product","link":"https:\/\/fmp-components.com\/tr\/product\/10011-excellent-quality-stainless-steel-hydraulic-cylinder-small-double-acting-hydraulic-cylinder-for-agriculture\/","title":{"rendered":"10011 M\u00fckemmel Kalite Paslanmaz \u00c7elik Hidrolik Silindir Tar\u0131m \u0130\u00e7in K\u00fc\u00e7\u00fck \u00c7ift Etkili Hidrolik Silindir"},"content":{"rendered":"<p>10011 M\u00fckemmel Kalite Paslanmaz \u00c7elik K\u00fc\u00e7\u00fck \u00c7ift Etkili Hidrolik Silindir, tar\u0131m uygulamalar\u0131n\u0131n zorlu gereksinimlerini kar\u015f\u0131lamak \u00fczere \u00f6zel olarak tasarlanm\u0131\u015ft\u0131r. Dayan\u0131kl\u0131l\u0131k ve verimlilik i\u00e7in tasarlanan bu hidrolik silindir, tar\u0131m faaliyetlerinde verimlili\u011fi art\u0131rmak i\u00e7in olmazsa olmaz bir ara\u00e7t\u0131r.<\/p>\n<p><img loading=\"lazy\" decoding=\"async\" class=\"size-full wp-image-977 aligncenter\" src=\"https:\/\/fmp-components.com\/wp-content\/uploads\/2024\/12\/Welded-Tee-Type-Cylinder3.webp\" alt=\"Kaynakl\u0131 T Tipi Silindir\" width=\"653\" height=\"600\" title=\"\" srcset=\"https:\/\/fmp-components.com\/wp-content\/uploads\/2024\/12\/Welded-Tee-Type-Cylinder3.webp 653w, https:\/\/fmp-components.com\/wp-content\/uploads\/2024\/12\/Welded-Tee-Type-Cylinder3-480x441.webp 480w\" sizes=\"(min-width: 0px) and (max-width: 480px) 480px, (min-width: 481px) 653px, 100vw\" \/><\/p>\n<h4>Temel \u00d6zellikler:<\/h4>\n<ul>\n<li><strong>\u00c7ift Etkili Tasar\u0131m:<\/strong><br \/>\nBu hidrolik silindir hem uzatma hem de geri \u00e7ekme hareketleriyle \u00e7ok y\u00f6nl\u00fc bir i\u015flevsellik sunar. \u00c7ift etkili mekanizmas\u0131 g\u00fcvenilir ve kontroll\u00fc hareket sa\u011flayarak, tar\u0131m ekipmanlar\u0131n\u0131 kald\u0131rma, itme ve \u00e7ekme gibi g\u00f6revler i\u00e7in m\u00fckemmeldir.<\/li>\n<li><strong>Paslanmaz \u00c7elik Yap\u0131:<\/strong><br \/>\nY\u00fcksek kaliteli paslanmaz \u00e7elikten \u00fcretilen bu hidrolik silindir, korozyona ve a\u015f\u0131nmaya kar\u015f\u0131 ola\u011fan\u00fcst\u00fc diren\u00e7 sunar. Dayan\u0131kl\u0131 yap\u0131s\u0131, tar\u0131m alanlar\u0131nda s\u0131kl\u0131kla kar\u015f\u0131la\u015f\u0131lan zorlu d\u0131\u015f mekan ko\u015fullar\u0131nda bile uzun \u00f6m\u00fcrl\u00fc olmas\u0131n\u0131 sa\u011flar.<\/li>\n<li><strong>Kompakt Boyut:<\/strong><br \/>\nHidrolik silindirin k\u00fc\u00e7\u00fck tasar\u0131m\u0131, performanstan \u00f6d\u00fcn vermeden dar alanlara kolayca monte edilmesini sa\u011flar. Bu kompaktl\u0131k, trakt\u00f6rler, bi\u00e7erd\u00f6verler ve di\u011fer ekipmanlar dahil olmak \u00fczere \u00e7e\u015fitli tar\u0131m makinelerinde kullan\u0131m i\u00e7in idealdir.<\/li>\n<li><strong>Y\u00fcksek Y\u00fck Kapasitesi:<\/strong><br \/>\nA\u011f\u0131r y\u00fckleri kald\u0131racak \u015fekilde tasarlanan 10011 hidrolik silindir, zorlu tar\u0131m i\u015flerinde verimli \u00e7al\u0131\u015fma i\u00e7in gerekli olan g\u00fc\u00e7l\u00fc kuvveti sa\u011flar. Y\u00fcksek y\u00fck kapasitesi, a\u011f\u0131r ekipmanlar\u0131 kald\u0131rmaktan ata\u015fman \u00e7al\u0131\u015ft\u0131rmaya kadar \u00e7e\u015fitli uygulamalar i\u00e7in uygundur.<\/li>\n<li><strong>\u00c7ok Y\u00f6nl\u00fc Uygulamalar:<\/strong><br \/>\nBu hidrolik silindir, toprak i\u015fleme, ekim ve hasat gibi \u00e7e\u015fitli tar\u0131msal uygulamalar i\u00e7in olduk\u00e7a uygundur. G\u00fcvenilirli\u011fi ve performans\u0131, onu her t\u00fcrl\u00fc tar\u0131m operasyonuna de\u011ferli bir katk\u0131 haline getirir.<\/li>\n<\/ul>\n<h4>Teknik \u00d6zellikler:<\/h4>\n<table style=\"width: 96.5357%; height: 232px;\">\n<thead>\n<tr>\n<th>\u015eartname<\/th>\n<th>Tan\u0131m<\/th>\n<\/tr>\n<\/thead>\n<tbody>\n<tr>\n<td><strong>Delik Boyutu<\/strong><\/td>\n<td>\u00d6zelle\u015ftirilebilir<\/td>\n<\/tr>\n<tr>\n<td><strong>Vuru\u015f Uzunlu\u011fu<\/strong><\/td>\n<td>\u00c7e\u015fitli se\u00e7enekler mevcuttur<\/td>\n<\/tr>\n<tr>\n<td><strong>Maksimum Bas\u0131n\u00e7<\/strong><\/td>\n<td>3000 PSI'ye kadar<\/td>\n<\/tr>\n<tr>\n<td><strong>Malzeme<\/strong><\/td>\n<td>Y\u00fcksek kaliteli paslanmaz \u00e7elik<\/td>\n<\/tr>\n<tr>\n<td><strong>Ba\u011flant\u0131 T\u00fcr\u00fc<\/strong><\/td>\n<td>Flan\u015fl\u0131 veya di\u015fli<\/td>\n<\/tr>\n<\/tbody>\n<\/table>\n<h4>\u00c7al\u0131\u015fma Prensibi:<\/h4>\n<p>10011 K\u00fc\u00e7\u00fck \u00c7ift Etkili Hidrolik Silindir, hidrolik s\u0131v\u0131 bas\u0131nc\u0131 prensibiyle \u00e7al\u0131\u015f\u0131r. Hidrolik s\u0131v\u0131 silindire pompaland\u0131\u011f\u0131nda, pistona bas\u0131n\u00e7 uygulayarak her iki y\u00f6nde de do\u011frusal kuvvet \u00fcretir. Bu \u00e7ift y\u00f6nl\u00fc kapasite, sorunsuz ve verimli bir \u00e7al\u0131\u015fma sa\u011flayarak onu tar\u0131m makinelerinin vazge\u00e7ilmez bir bile\u015feni haline getirir.<\/p>\n<p>\u00d6zetle, 10011 M\u00fckemmel Kalite Paslanmaz \u00c7elik K\u00fc\u00e7\u00fck \u00c7ift Etkili Hidrolik Silindir, tar\u0131msal uygulamalar i\u00e7in sa\u011flam ve verimli bir \u00e7\u00f6z\u00fcmd\u00fcr. \u00c7ift etkili tasar\u0131m\u0131, paslanmaz \u00e7elik yap\u0131s\u0131 ve y\u00fcksek y\u00fck kapasitesi gibi benzersiz \u00f6zellikleri, onu tar\u0131m faaliyetlerinde verimlili\u011fi ve g\u00fcvenilirli\u011fi art\u0131rmak i\u00e7in vazge\u00e7ilmez bir ara\u00e7 haline getirir.<\/p>\n<p>&nbsp;<\/p>\n<p><img decoding=\"async\" src=\"https:\/\/hzpt.com\/wp-content\/uploads\/2023\/12\/random-2.webp\" alt=\"\" title=\"\"><\/p>\n<h3>Hidrolik Silindirimizin Faydalar\u0131<\/h3>\n<p>Hidrolik silindirimiz, tar\u0131msal operasyonlar\u0131 optimize etmek i\u00e7in tasarlanm\u0131\u015f bir dizi benzersiz avantaj sunar. En \u00f6nemli avantajlardan biri: <strong>enerji verimlili\u011fi<\/strong>Geli\u015fmi\u015f m\u00fchendislik ve tasar\u0131mdan yararlanan hidrolik silindirimiz, y\u00fcksek performans seviyelerini korurken enerji t\u00fcketimini en aza indirir. Bu, yaln\u0131zca i\u015fletme maliyetlerini d\u00fc\u015f\u00fcrmekle kalmaz, ayn\u0131 zamanda tar\u0131m faaliyetlerinizin genel karbon ayak izini azaltarak s\u00fcrd\u00fcr\u00fclebilirlik giri\u015fimlerini de destekler.<\/p>\n<p>Enerji verimlili\u011finin yan\u0131 s\u0131ra hidrolik silindirimiz, <strong>y\u00fcksek performans<\/strong>G\u00fc\u00e7l\u00fc bir kuvvet ve hassas kontrol sa\u011flayarak operat\u00f6rlerin g\u00f6revleri hassasiyet ve h\u0131zla yerine getirmesini sa\u011flar. \u0130ster a\u011f\u0131r y\u00fckleri kald\u0131r\u0131n, ister ekipman konumlar\u0131n\u0131 ayarlay\u0131n veya hassas hareketler ger\u00e7ekle\u015ftirin, hidrolik silindirimiz tar\u0131m makinelerinin en y\u00fcksek verimlilikte \u00e7al\u0131\u015fmas\u0131n\u0131 sa\u011flar. Bu geli\u015fmi\u015f performans, \u00e7ift\u00e7ilerin daha k\u0131sa s\u00fcrede daha fazlas\u0131n\u0131 ba\u015farmalar\u0131n\u0131 sa\u011flayarak \u00fcretkenli\u011fi art\u0131r\u0131r.<\/p>\n<p>Hidrolik silindirimizin bir di\u011fer \u00f6nemli avantaj\u0131 da g\u00fcvenliktir. \u00c7ok say\u0131da g\u00fcvenlik \u00f6zelli\u011fiyle tasarlanan bu silindir, zorlu ko\u015fullarda bile g\u00fcvenli \u00e7al\u0131\u015fma sa\u011flar. Bu \u00f6zellikler, kazalar\u0131 ve ekipman ar\u0131zalar\u0131n\u0131 \u00f6nlemeye yard\u0131mc\u0131 olarak hem operat\u00f6rlerin hem de makinelerin g\u00fcvenli\u011fini sa\u011flar. G\u00fcvenli\u011fi \u00f6n planda tutan hidrolik silindirimiz, tar\u0131m\u0131n h\u0131zl\u0131 temposunda olmazsa olmaz olan g\u00fcvenilir bir \u00e7al\u0131\u015fma ortam\u0131 yarat\u0131r.<\/p>\n<h3>Hidrolik Sistem ve \u00c7al\u0131\u015fma Prensibi<\/h3>\n<p>Hidrolik silindirimiz, tar\u0131msal alanlarda mekanik g\u00f6revleri yerine getirmek i\u00e7in hidrolik s\u0131v\u0131y\u0131 verimli bir \u015fekilde kullanan ak\u0131\u015fkan g\u00fcc\u00fc prensibine g\u00f6re \u00e7al\u0131\u015f\u0131r. Sistem, hidrolik s\u0131v\u0131y\u0131 silindire pompalayarak ve bir pistona bas\u0131n\u00e7 uygulayarak \u00e7al\u0131\u015f\u0131r. Bu bas\u0131n\u00e7, silindirin sorunsuz bir \u015fekilde a\u00e7\u0131l\u0131p kapanmas\u0131n\u0131 sa\u011flayan do\u011frusal bir kuvvet olu\u015fturur.<\/p>\n<p>Hidrolik sistem, tutarl\u0131 ve kontroll\u00fc hareket sa\u011flamak \u00fczere tasarlanm\u0131\u015ft\u0131r ve bu sayede toprak i\u015fleme, kald\u0131rma ve a\u011f\u0131r ekipmanlar\u0131n ta\u015f\u0131nmas\u0131 gibi \u00e7e\u015fitli tar\u0131msal uygulamalar i\u00e7in idealdir. Hidrolik s\u0131v\u0131n\u0131n ak\u0131\u015f\u0131n\u0131 ve bas\u0131nc\u0131n\u0131 kontrol edebilme \u00f6zelli\u011fi, operat\u00f6rlerin hassas hareketler elde etmesini sa\u011flayarak tar\u0131m makinelerinin genel verimlili\u011fini art\u0131r\u0131r.<\/p>\n<p>Ayr\u0131ca, hidrolik sistemin \u00e7ok y\u00f6nl\u00fcl\u00fc\u011f\u00fc, trakt\u00f6rlerden bi\u00e7erd\u00f6verlere kadar \u00e7e\u015fitli ekipmanlara entegre edilebilmesini sa\u011flar. Bu uyarlanabilirlik, hidrolik silindirimizin farkl\u0131 tar\u0131msal i\u015flerde kullan\u0131labilece\u011fi ve \u00e7ift\u00e7ilere operasyonel verimlili\u011fi art\u0131ran g\u00fcvenilir bir ara\u00e7 sunaca\u011f\u0131 anlam\u0131na gelir.<\/p>\n<p>\u00d6zetle, hidrolik silindirimizin enerji verimlili\u011fi, y\u00fcksek performans ve g\u00fcvenlik gibi avantajlar\u0131, tar\u0131msal faaliyetlerin \u00fcretkenli\u011fine ve verimlili\u011fine \u00f6nemli \u00f6l\u00e7\u00fcde katk\u0131da bulunmaktad\u0131r. Ak\u0131\u015fkan g\u00fcc\u00fc prensiplerine dayal\u0131 \u00e7al\u0131\u015fmas\u0131, modern tar\u0131m\u0131n zorlu ihtiya\u00e7lar\u0131n\u0131 kar\u015f\u0131lamas\u0131n\u0131 sa\u011flayarak, tar\u0131msal ba\u015far\u0131ya ula\u015fmada vazge\u00e7ilmez bir bile\u015fen haline getirmektedir.<\/p>\n<p><img decoding=\"async\" src=\"https:\/\/hzpt.com\/wp-content\/uploads\/2023\/12\/random-3.webp\" alt=\"\" title=\"\"><\/p>\n<h2>Kaynakl\u0131 T Tipi Silindirin Avantajlar\u0131<\/h2>\n<ul>\n<li style=\"list-style-type: none;\">\n<ul>\n<li><strong>Artt\u0131r\u0131lm\u0131\u015f G\u00fc\u00e7:<\/strong> Kaynakl\u0131 T tipi silindirler, y\u00fcksek mukavemetleriyle bilinir ve a\u011f\u0131r kald\u0131rma gerektiren uygulamalar i\u00e7in uygundur. Bu silindirlerin imalat\u0131nda kullan\u0131lan kaynak i\u015flemi, silindirin zay\u0131f noktalardan ar\u0131nd\u0131r\u0131lm\u0131\u015f olmas\u0131n\u0131 ve y\u00fcksek bas\u0131n\u00e7 ve gerilime dayanabilmesini sa\u011flar.<\/li>\n<\/ul>\n<\/li>\n<\/ul>\n<p>Silindire uygulanan bas\u0131n\u00e7, t\u00fcm y\u00fczeye e\u015fit olarak da\u011f\u0131larak deformasyona kar\u015f\u0131 diren\u00e7li hale gelir. Bu \u00f6zellik, silindirin en zorlu ko\u015fullarda bile \u015feklini ve yap\u0131sal b\u00fct\u00fcnl\u00fc\u011f\u00fcn\u00fc koruyabilmesini sa\u011flar.<\/p>\n<ul>\n<li style=\"list-style-type: none;\">\n<ul>\n<li><strong>S\u0131z\u0131nt\u0131 \u00d6nleme:<\/strong> Kaynakl\u0131 T tipi silindirler, s\u0131z\u0131nt\u0131y\u0131 \u00f6nleyecek \u015fekilde tasarlanm\u0131\u015ft\u0131r. \u00dcretim s\u00fcrecinde kullan\u0131lan kaynak i\u015flemi, silindirin tamamen s\u0131zd\u0131rmaz olmas\u0131n\u0131 ve olas\u0131 s\u0131z\u0131nt\u0131lardan ar\u0131nd\u0131r\u0131lmas\u0131n\u0131 sa\u011flar. Bu \u00f6zellik, s\u0131z\u0131nt\u0131n\u0131n ciddi hasara veya yaralanmaya neden olabilece\u011fi uygulamalarda kullan\u0131m i\u00e7in uygundur.<\/li>\n<\/ul>\n<\/li>\n<\/ul>\n<p>Kaynakl\u0131 ba\u011flant\u0131lar p\u00fcr\u00fczs\u00fczd\u00fcr, d\u00f6k\u00fcnt\u00fc veya kirin birikebilece\u011fi herhangi bir yar\u0131k veya oluk yoktur, bu da korozyon ve silindire zarar verme riskini azalt\u0131r.<\/p>\n<ul>\n<li style=\"list-style-type: none;\">\n<ul>\n<li><strong>\u00d6zelle\u015ftirilebilir:<\/strong> Kaynakl\u0131 T tipi silindirler, belirli uygulamalara uyacak \u015fekilde \u00f6zelle\u015ftirilebilir. Silindirler farkl\u0131 boyut ve \u015fekillerde mevcuttur ve uygulaman\u0131n \u00f6zel gereksinimlerini kar\u015f\u0131layacak \u015fekilde \u00fcretilebilir.<\/li>\n<\/ul>\n<\/li>\n<\/ul>\n<p>\u00d6zelle\u015ftirme s\u00fcreci, silindirin performans a\u00e7\u0131s\u0131ndan optimize edilmesini ve ama\u00e7lanan uygulamaya uygun olmas\u0131n\u0131 sa\u011flar. Bu \u00f6zellik, kaynakl\u0131 T tipi silindirleri in\u015faat, madencilik ve malzeme ta\u015f\u0131ma gibi \u00e7e\u015fitli end\u00fcstriyel uygulamalarda kullan\u0131m i\u00e7in ideal hale getirir.<\/p>\n<ul>\n<li style=\"list-style-type: none;\">\n<ul>\n<li><strong>Maliyet Etkin:<\/strong> Kaynakl\u0131 T tipi silindirler, di\u011fer silindir tiplerine k\u0131yasla uygun maliyetlidir. Bu silindirlerin \u00fcretiminde kullan\u0131lan imalat s\u00fcreci basittir ve bu da onlar\u0131 di\u011fer silindir tiplerine g\u00f6re daha uygun maliyetli k\u0131lar.<\/li>\n<\/ul>\n<\/li>\n<\/ul>\n<p>Ayr\u0131ca, kaynakl\u0131 T tipi silindirlerin y\u00fcksek mukavemeti ve dayan\u0131kl\u0131l\u0131\u011f\u0131, s\u0131k onar\u0131m ve de\u011fi\u015ftirme ihtiyac\u0131n\u0131 azaltarak bak\u0131m maliyetlerinden tasarruf sa\u011flar. Bu \u00f6zellik, onlar\u0131 \u00f6zellikle s\u0131n\u0131rl\u0131 b\u00fct\u00e7eye sahip bir\u00e7ok sekt\u00f6r i\u00e7in pop\u00fcler bir tercih haline getirir.<\/p>\n<ul>\n<li style=\"list-style-type: none;\">\n<ul>\n<li><strong>Artan Verimlilik:<\/strong> Kaynakl\u0131 T tipi silindirler son derece verimli ve etkilidir. Silindirin tasar\u0131m\u0131, uygulanan kuvvetin do\u011frudan y\u00fcke aktar\u0131lmas\u0131n\u0131 sa\u011flayarak enerji kayb\u0131n\u0131 azalt\u0131r ve verimlili\u011fi art\u0131r\u0131r.<\/li>\n<\/ul>\n<\/li>\n<\/ul>\n<p>Kaynakl\u0131 ba\u011flant\u0131lar g\u00fc\u00e7l\u00fc ve sa\u011flamd\u0131r, sapmay\u0131 en aza indirir ve silindirin en zorlu ko\u015fullarda bile \u015feklini ve yap\u0131sal b\u00fct\u00fcnl\u00fc\u011f\u00fcn\u00fc korumas\u0131n\u0131 sa\u011flar. Bu \u00f6zellik, kaynakl\u0131 T tipi silindirleri y\u00fcksek verimlilik ve g\u00fcvenilirlik gerektiren uygulamalarda kullan\u0131m i\u00e7in ideal hale getirir.<\/p>\n<h2>Kaynakl\u0131 T Tipi Silindir Uygulamas\u0131<\/h2>\n<h3>girii\u015f<\/h3>\n<p>Kaynakl\u0131 T tipi silindir, end\u00fcstriyel uygulamalarda yayg\u0131n olarak kullan\u0131lan bir hidrolik silindir t\u00fcr\u00fcd\u00fcr. Kompakt ve uygun maliyetli bir pakette y\u00fcksek kuvvet \u00e7\u0131k\u0131\u015f\u0131 sa\u011flamak \u00fczere tasarlanm\u0131\u015ft\u0131r. Bu tip silindir, kaynakl\u0131 bir T par\u00e7as\u0131 ve bu par\u00e7aya ba\u011fl\u0131 bir piston \u00e7ubu\u011fundan olu\u015fur. T par\u00e7as\u0131, silindirin namlusuna ba\u011fl\u0131d\u0131r ve namlu i\u00e7inde ileri geri hareket ederek kuvvet \u00fcreten bir piston i\u00e7erir.<\/p>\n<h3>Kaynakl\u0131 T Tipi Silindirin Avantajlar\u0131<\/h3>\n<p>End\u00fcstriyel uygulamalarda kaynakl\u0131 T tipi silindir kullanman\u0131n bir\u00e7ok avantaj\u0131 vard\u0131r:<\/p>\n<ul>\n<li><b>Kompakt tasar\u0131m:<\/b> Kaynakl\u0131 T tipi silindirler, alan\u0131n k\u0131s\u0131tl\u0131 oldu\u011fu uygulamalarda kullan\u0131m i\u00e7in ideal olacak \u015fekilde kompakt olarak tasarlanm\u0131\u015ft\u0131r.<\/li>\n<li><b>Y\u00fcksek verimlilik:<\/b> Kaynakl\u0131 T tipi silindirler olduk\u00e7a verimlidir, bu da minimum enerji giri\u015fiyle b\u00fcy\u00fck miktarda kuvvet \u00fcretebilecekleri anlam\u0131na gelir.<\/li>\n<li><b>Dayan\u0131kl\u0131:<\/b> Kaynakl\u0131 T tipi silindirler son derece dayan\u0131kl\u0131 olacak \u015fekilde tasarlanm\u0131\u015ft\u0131r, bu da zorlu \u00e7al\u0131\u015fma ko\u015fullar\u0131na dayanabilecekleri ve uzun s\u00fcre dayanabilecekleri anlam\u0131na gelir.<\/li>\n<li><b>Maliyet etkin:<\/b> Kaynakl\u0131 T tipi silindirler maliyet a\u00e7\u0131s\u0131ndan avantajl\u0131d\u0131r, yani paran\u0131z\u0131n kar\u015f\u0131l\u0131\u011f\u0131n\u0131 fazlas\u0131yla al\u0131rs\u0131n\u0131z.<img loading=\"lazy\" decoding=\"async\" class=\"size-full wp-image-974 aligncenter\" src=\"https:\/\/fmp-components.com\/wp-content\/uploads\/2024\/12\/application-of-Welded-Tee-Type-Cylinder.webp\" alt=\"Kaynakl\u0131 T Tipi Silindirin Uygulamas\u0131\" width=\"760\" height=\"860\" title=\"\" srcset=\"https:\/\/fmp-components.com\/wp-content\/uploads\/2024\/12\/application-of-Welded-Tee-Type-Cylinder.webp 760w, https:\/\/fmp-components.com\/wp-content\/uploads\/2024\/12\/application-of-Welded-Tee-Type-Cylinder-480x543.webp 480w\" sizes=\"(min-width: 0px) and (max-width: 480px) 480px, (min-width: 481px) 760px, 100vw\" \/><\/li>\n<\/ul>\n<h3>Kaynakl\u0131 T Tipi Silindir Uygulamalar\u0131<\/h3>\n<p>Kaynakl\u0131 T tipi silindirlerin \u00e7e\u015fitli end\u00fcstrilerde bir\u00e7ok uygulamas\u0131 vard\u0131r, bunlar aras\u0131nda \u015funlar yer al\u0131r:<\/p>\n<ul>\n<li><b>\u00dcretme:<\/b> Kaynakl\u0131 T tipi silindirler, imalat sekt\u00f6r\u00fcnde makineleri \u00e7al\u0131\u015ft\u0131rmak, a\u011f\u0131r y\u00fckleri hareket ettirmek ve metal par\u00e7alar\u0131 \u015fekillendirmek i\u00e7in kullan\u0131l\u0131r.<\/li>\n<li><b>Tar\u0131m:<\/b> Kaynakl\u0131 T tipi silindirler tar\u0131mda trakt\u00f6r, bi\u00e7erd\u00f6ver ve di\u011fer tar\u0131m ekipmanlar\u0131ndaki hidrolik sistemleri \u00e7al\u0131\u015ft\u0131rmak i\u00e7in kullan\u0131l\u0131r.<\/li>\n<li><b>Yap\u0131:<\/b> Kaynakl\u0131 T tipi silindirler in\u015faat sekt\u00f6r\u00fcnde vin\u00e7, ekskavat\u00f6r ve kep\u00e7e gibi makineleri \u00e7al\u0131\u015ft\u0131rmak i\u00e7in kullan\u0131l\u0131r.<\/li>\n<li><b>Madencilik:<\/b> Kaynakl\u0131 T tipi silindirler, madencilikte buldozer, y\u00fckleyici ve kaya delici gibi a\u011f\u0131r ekipmanlar\u0131n hidrolik sistemlerini \u00e7al\u0131\u015ft\u0131rmak i\u00e7in kullan\u0131l\u0131r.<\/li>\n<li><b>Toplu ta\u015f\u0131ma:<\/b> Kaynakl\u0131 T tipi silindirler, ta\u015f\u0131mac\u0131l\u0131kta kamyon, otob\u00fcs ve di\u011fer ara\u00e7lardaki hidrolik sistemleri \u00e7al\u0131\u015ft\u0131rmak i\u00e7in kullan\u0131l\u0131r.<\/li>\n<\/ul>\n<p>Sonu\u00e7 olarak, kaynakl\u0131 T tipi silindirler bir\u00e7ok end\u00fcstriyel uygulamada \u00f6nemli bir bile\u015fendir. Kompakt, verimli, dayan\u0131kl\u0131 ve uygun maliyetli olacak \u015fekilde tasarland\u0131klar\u0131 i\u00e7in \u00e7ok \u00e7e\u015fitli uygulamalar i\u00e7in ideal bir se\u00e7imdir. \u0130ster bir \u00fcretim tesisinde makine, ister bir \u00e7iftlikte tar\u0131m ekipman\u0131 veya bir madende a\u011f\u0131r ekipman kullan\u0131yor olun, kaynakl\u0131 T tipi silindirler i\u015finizi verimli ve etkili bir \u015fekilde yapman\u0131za yard\u0131mc\u0131 olabilir.<\/p>\n<h3>FMP Hakk\u0131nda<\/h3>\n<p>FMP, sekt\u00f6rde 30 y\u0131l\u0131 a\u015fk\u0131n deneyime sahip lider bir Hidrolik Silindir \u00fcreticisi ve tedarik\u00e7isidir. End\u00fcstriyel alan\u0131m\u0131z \u0130talya'da olup, 100'den fazla geli\u015fmi\u015f makineyle donat\u0131lm\u0131\u015f son teknoloji tesislerimizle gurur duyuyoruz. Geni\u015f ekipman yelpazemiz aras\u0131nda otomatik gaz korumal\u0131 kaynak makineleri, derin delik delme makineleri, CNC torna tezgahlar\u0131, silindirik ta\u015flama makineleri, otomatik temizleme makineleri, otomatik montaj makineleri, otomatik hidrolik silindir performans test tezgahlar\u0131 ve otomatik boyama hatlar\u0131 bulunmaktad\u0131r.<\/p>\n<p><img decoding=\"async\" src=\"https:\/\/fmp-components.com\/wp-content\/uploads\/2024\/12\/fmp-factory-4.webp\" alt=\"FMP fabrikas\u0131\" width=\"800\" title=\"\"><\/p>\n<p>FMP olarak kaliteye \u00f6ncelik veriyor ve her hidrolik silindirin en y\u00fcksek standartlar\u0131 kar\u015f\u0131lamak i\u00e7in s\u0131k\u0131 bir i\u015flem ve denetimden ge\u00e7mesini sa\u011fl\u0131yoruz. \u00c7e\u015fitli m\u00fc\u015fteri ihtiya\u00e7lar\u0131n\u0131 kar\u015f\u0131layan Hidrolik Silindir K\u00fcpe Silindiri ve \u00c7ift Y\u00f6nl\u00fc Otomatik Teleskopik Hidrolik Silindir dahil olmak \u00fczere kapsaml\u0131 bir hidrolik silindir yelpazesi sunuyoruz.<\/p>\n<ol>\n<li><strong>Tasar\u0131m Hizmeti:<\/strong> Deneyimli tasar\u0131m ekibimiz, \u00fcniversal \u015faft \u00fcr\u00fcnleri i\u00e7in tasar\u0131m ve geli\u015ftirme \u00e7\u00f6z\u00fcmleri sunma kapasitesine sahiptir. \u0130ster yeni \u00fcr\u00fcn tasar\u0131mlar\u0131na ister mevcut \u00fcr\u00fcnlerinizi iyile\u015ftirmeye ihtiyac\u0131n\u0131z olsun, size destek olmak i\u00e7in buraday\u0131z.<\/li>\n<li><strong>\u00dcr\u00fcn Servisi:<\/strong> Hammadde se\u00e7imi, kesim, kaba i\u015fleme, test, temizlik, montaj, paketleme ve nakliyeyi kapsayan ak\u0131c\u0131 \u00fcretim s\u00fcrecimiz, en y\u00fcksek kalitede \u00fcr\u00fcnler sunmak i\u00e7in her ad\u0131m\u0131n titizlikle y\u00fcr\u00fct\u00fclmesini sa\u011flar.<\/li>\n<li><strong>\u00d6rnek \u0130\u015flem:<\/strong> \u00d6zel ihtiya\u00e7lar\u0131n\u0131za g\u00f6re numune geli\u015ftirme hizmeti sunuyoruz. Numuneleri ihtiya\u00e7lar\u0131n\u0131za g\u00f6re s\u00fcrekli olarak de\u011fi\u015ftirebilir, nihai \u00fcr\u00fcn\u00fcn beklentilerinizle m\u00fckemmel bir \u015fekilde uyumlu olmas\u0131n\u0131 sa\u011flayabiliriz.<\/li>\n<li><strong>Ar-Ge:<\/strong> \u00d6zverili ara\u015ft\u0131rma ve geli\u015ftirme ekibimiz, pazar trendlerini ve taleplerini aktif olarak inceliyor. Yeni pazar ihtiya\u00e7lar\u0131 ortaya \u00e7\u0131kt\u0131\u011f\u0131nda, s\u00fcrekli de\u011fi\u015fen otomotiv end\u00fcstrisine hitap edecek yeni modelleri h\u0131zla geli\u015ftirip piyasaya s\u00fcr\u00fcyoruz.<\/li>\n<li><strong>\u00d6zelle\u015ftirme:<\/strong> \u00c7e\u015fitli tipte Hidrolik Silindirlerin \u00fcretim ve sat\u0131\u015f\u0131nda uzmanla\u015f\u0131yoruz ve \u00f6zelle\u015ftirme taleplerinizi memnuniyetle kar\u015f\u0131l\u0131yoruz. Ekibimiz, benzersiz ihtiya\u00e7lar\u0131n\u0131z\u0131 kar\u015f\u0131lamak i\u00e7in size \u00f6zel \u00e7\u00f6z\u00fcmler sunmaya kendini adam\u0131\u015ft\u0131r.<\/li>\n<\/ol>\n<p>M\u00fckemmelli\u011fe olan ba\u011fl\u0131l\u0131\u011f\u0131m\u0131z, geli\u015fmi\u015f \u00fcretim kapasitemiz ve m\u00fc\u015fteri odakl\u0131 yakla\u015f\u0131m\u0131m\u0131zla FMP, t\u00fcm Hidrolik Silindir ihtiya\u00e7lar\u0131n\u0131z i\u00e7in ideal bir ortakt\u0131r. Hedeflerinize ula\u015fmak i\u00e7in birlikte nas\u0131l \u00e7al\u0131\u015fabilece\u011fimizi g\u00f6r\u00fc\u015fmek \u00fczere bug\u00fcn bizimle ileti\u015fime ge\u00e7in.<\/p>\n<p>Yazar:CX<\/p>","protected":false},"excerpt":{"rendered":"<p>The 10011 Excellent Quality Stainless Steel Small Double Acting Hydraulic Cylinder is specifically designed to meet the rigorous demands of agricultural applications. Engineered for durability and efficiency, this hydraulic cylinder is an essential tool for enhancing productivity in farming operations. Key Features: Double Acting Design: This hydraulic cylinder operates in both extension and retraction, providing [&hellip;]<\/p>","protected":false},"featured_media":1133,"comment_status":"closed","ping_status":"closed","template":"","meta":{"_et_pb_use_builder":"","_et_pb_old_content":"","_et_gb_content_width":""},"product_brand":[],"product_cat":[31],"product_tag":[34,35],"class_list":{"0":"post-931","1":"product","2":"type-product","3":"status-publish","4":"has-post-thumbnail","6":"product_cat-welded-tee-type-cylinder","7":"product_tag-hydraulic-cylinder","8":"product_tag-welded-tee-type-cylinder","10":"first","11":"instock","12":"product-type-simple"},"_links":{"self":[{"href":"https:\/\/fmp-components.com\/tr\/wp-json\/wp\/v2\/product\/931","targetHints":{"allow":["GET"]}}],"collection":[{"href":"https:\/\/fmp-components.com\/tr\/wp-json\/wp\/v2\/product"}],"about":[{"href":"https:\/\/fmp-components.com\/tr\/wp-json\/wp\/v2\/types\/product"}],"replies":[{"embeddable":true,"href":"https:\/\/fmp-components.com\/tr\/wp-json\/wp\/v2\/comments?post=931"}],"wp:featuredmedia":[{"embeddable":true,"href":"https:\/\/fmp-components.com\/tr\/wp-json\/wp\/v2\/media\/1133"}],"wp:attachment":[{"href":"https:\/\/fmp-components.com\/tr\/wp-json\/wp\/v2\/media?parent=931"}],"wp:term":[{"taxonomy":"product_brand","embeddable":true,"href":"https:\/\/fmp-components.com\/tr\/wp-json\/wp\/v2\/product_brand?post=931"},{"taxonomy":"product_cat","embeddable":true,"href":"https:\/\/fmp-components.com\/tr\/wp-json\/wp\/v2\/product_cat?post=931"},{"taxonomy":"product_tag","embeddable":true,"href":"https:\/\/fmp-components.com\/tr\/wp-json\/wp\/v2\/product_tag?post=931"}],"curies":[{"name":"wp","href":"https:\/\/api.w.org\/{rel}","templated":true}]}}