{"id":927,"date":"2024-12-19T03:39:00","date_gmt":"2024-12-19T03:39:00","guid":{"rendered":"https:\/\/fmp-components.com\/product\/10007-high-quality-double-acting-hydraulic-ram-cylinder-for-sale\/"},"modified":"2024-12-19T09:01:14","modified_gmt":"2024-12-19T09:01:14","slug":"10007-high-quality-double-acting-hydraulic-ram-cylinder-for-sale","status":"publish","type":"product","link":"https:\/\/fmp-components.com\/tr\/product\/10007-high-quality-double-acting-hydraulic-ram-cylinder-for-sale\/","title":{"rendered":"Sat\u0131l\u0131k 10007 Y\u00fcksek Kaliteli \u00c7ift Etkili Hidrolik Ram Silindiri"},"content":{"rendered":"<h3>Hidrolik Ko\u00e7 Silindirinin G\u00fcc\u00fcn\u00fc Ke\u015ffedin<\/h3>\n<p>FMP'nin \u00fcst\u00fcn kaliteli \u00c7ift Etkili Hidrolik Ram Silindiri ile y\u00fcksek verimli g\u00fcc\u00fc deneyimleyin. 2006 y\u0131l\u0131nda kurulan FMP, d\u00fcnya \u00e7ap\u0131ndaki end\u00fcstrilere en \u00fcst d\u00fczey hidrolik \u00e7\u00f6z\u00fcmler sunmada \u00f6nc\u00fc olmu\u015f ve hidrolik g\u00fcc\u00fc kullanma bi\u00e7imimizde devrim yaratm\u0131\u015ft\u0131r. Yenilik\u00e7ilik ve kaliteye olan ba\u011fl\u0131l\u0131\u011f\u0131yla FMP, Hidrolik Ram Silindirini modern uygulamalar\u0131n zorlu ihtiya\u00e7lar\u0131n\u0131 kar\u015f\u0131layacak \u015fekilde tasarlayarak i\u015fletmelerin en y\u00fcksek performansta \u00e7al\u0131\u015fmas\u0131n\u0131 sa\u011flam\u0131\u015ft\u0131r.<\/p>\n<p><img loading=\"lazy\" decoding=\"async\" class=\"size-full wp-image-976 aligncenter\" src=\"https:\/\/fmp-components.com\/wp-content\/uploads\/2024\/12\/Welded-Tee-Type-Cylinder2.webp\" alt=\"Kaynakl\u0131 T Tipi Silindir\" width=\"764\" height=\"675\" title=\"\" srcset=\"https:\/\/fmp-components.com\/wp-content\/uploads\/2024\/12\/Welded-Tee-Type-Cylinder2.webp 764w, https:\/\/fmp-components.com\/wp-content\/uploads\/2024\/12\/Welded-Tee-Type-Cylinder2-480x424.webp 480w\" sizes=\"(min-width: 0px) and (max-width: 480px) 480px, (min-width: 481px) 764px, 100vw\" \/><\/p>\n<h3>\u00d6zellikler ve Teknik \u00d6zellikler<\/h3>\n<h4>Temel \u00dcr\u00fcn \u00d6zellikleri<\/h4>\n<ul>\n<li><strong>Enerji Verimlili\u011fi:<\/strong><br \/>\n\u00c7ift Etkili Hidrolik Ram Silindiri, enerji verimlili\u011fini en \u00fcst d\u00fczeye \u00e7\u0131karacak \u015fekilde tasarlanm\u0131\u015ft\u0131r ve enerji t\u00fcketimini en aza indirirken verimli bir \u015fekilde \u00e7al\u0131\u015fmas\u0131n\u0131 sa\u011flar. Bu \u00f6zellik, yaln\u0131zca i\u015fletme maliyetlerini d\u00fc\u015f\u00fcrmekle kalmaz, ayn\u0131 zamanda hidrolik operasyonlar\u0131n genel enerji ayak izini azaltarak \u00e7evresel s\u00fcrd\u00fcr\u00fclebilirli\u011fe de katk\u0131da bulunur.<\/li>\n<li><strong>Y\u00fcksek \u0130\u015fletme Verimlili\u011fi:<\/strong><br \/>\nOptimum performans i\u00e7in tasarlanan bu hidrolik ko\u00e7 silindiri, ola\u011fan\u00fcst\u00fc operasyonel verimlilik sa\u011flar. Sa\u011flam yap\u0131s\u0131 ve geli\u015fmi\u015f m\u00fchendisli\u011fi, y\u00fcksek bas\u0131n\u00e7 ve a\u011f\u0131r y\u00fckler alt\u0131nda g\u00fcvenilir performans g\u00f6stermesini sa\u011flayarak \u00e7e\u015fitli zorlu end\u00fcstriyel uygulamalar i\u00e7in idealdir.<\/li>\n<li><strong>G\u00fcvenli ve G\u00fcvenilir:<\/strong><br \/>\nHidrolik Ram Silindiri tasar\u0131m\u0131nda g\u00fcvenlik en \u00f6nemli husustur. Y\u00fcksek kaliteli malzemelerle \u00fcretilen ve geli\u015fmi\u015f g\u00fcvenlik \u00f6zellikleri bar\u0131nd\u0131ran bu silindir, s\u0131z\u0131nt\u0131lara ve ar\u0131zalara kar\u015f\u0131 dayan\u0131kl\u0131d\u0131r. Bu g\u00fcvenilirlik, operat\u00f6rlerin en zorlu ortamlarda bile ekipman\u0131n g\u00fcvenli ve g\u00fcvenilir oldu\u011funu bilerek g\u00fcvenle \u00e7al\u0131\u015fabilmelerini sa\u011flar.<\/li>\n<\/ul>\n<h3>Hidrolik Sistemlerin \u00c7al\u0131\u015fma Prensibi<\/h3>\n<p>Hidrolik Ram Silindiri, ak\u0131\u015fkan bas\u0131nc\u0131 temel prensibiyle \u00e7al\u0131\u015f\u0131r. Hidrolik ak\u0131\u015fkan silindire verildi\u011finde, i\u00e7indeki pistona bas\u0131n\u00e7 uygular. Bu bas\u0131n\u00e7, pistonun her iki y\u00f6nde de hareket etmesini sa\u011flayan do\u011frusal bir kuvvet olu\u015fturur ve bu da \u00e7ok \u00e7e\u015fitli uygulamalar i\u00e7in olmazsa olmazd\u0131r.<\/p>\n<p>Hidrolik s\u0131v\u0131 silindire akt\u0131\u011f\u0131nda, pistonu iterek a\u011f\u0131r y\u00fckleri kald\u0131rmak veya ta\u015f\u0131mak i\u00e7in gerekli kuvveti olu\u015fturur. \u00c7ift etkili tasar\u0131m, silindirin hem uzama hem de geri \u00e7ekilme a\u015famalar\u0131nda i\u015f yapmas\u0131n\u0131 sa\u011flayarak verimlili\u011fi ve \u00e7ok y\u00f6nl\u00fcl\u00fc\u011f\u00fc en \u00fcst d\u00fczeye \u00e7\u0131kar\u0131r. Bu \u00e7al\u0131\u015fma prensibi, hidrolik sistemleri in\u015faattan imalata kadar \u00e7e\u015fitli end\u00fcstriyel uygulamalarda bu kadar g\u00fc\u00e7l\u00fc ve etkili k\u0131lan \u015feydir.<\/p>\n<p>\u00d6zetle, FMP'nin \u00c7ift Etkili Hidrolik Ram Silindiri, verimlilik ve g\u00fcvenilirli\u011fin bir g\u00fc\u00e7 merkezidir. Benzersiz \u00f6zellikleri, teknik \u00f6zellikleri ve sa\u011flam \u00e7al\u0131\u015fma prensibiyle, hidrolik operasyonlar\u0131n\u0131 geli\u015ftirmek ve daha y\u00fcksek verimlilik elde etmek isteyen i\u015fletmeler i\u00e7in vazge\u00e7ilmez bir ara\u00e7t\u0131r. FMP ile hidrolik teknolojisinin g\u00fcc\u00fcn\u00fc deneyimleyin ve operasyonlar\u0131n\u0131zda enerjiyi kullanma \u015feklinizi d\u00f6n\u00fc\u015ft\u00fcr\u00fcn.<\/p>\n<p><img decoding=\"async\" src=\"https:\/\/hzpt.com\/wp-content\/uploads\/2023\/12\/random-2.webp\" alt=\"\" title=\"\"><\/p>\n<h2>Kaynakl\u0131 T Tipi Silindirin Avantajlar\u0131<\/h2>\n<ul>\n<li style=\"list-style-type: none;\">\n<ul>\n<li><strong>Artt\u0131r\u0131lm\u0131\u015f G\u00fc\u00e7:<\/strong> Kaynakl\u0131 T tipi silindirler, y\u00fcksek mukavemetleriyle bilinir ve a\u011f\u0131r kald\u0131rma gerektiren uygulamalar i\u00e7in uygundur. Bu silindirlerin imalat\u0131nda kullan\u0131lan kaynak i\u015flemi, silindirin zay\u0131f noktalardan ar\u0131nd\u0131r\u0131lm\u0131\u015f olmas\u0131n\u0131 ve y\u00fcksek bas\u0131n\u00e7 ve gerilime dayanabilmesini sa\u011flar.<\/li>\n<\/ul>\n<\/li>\n<\/ul>\n<p>Silindire uygulanan bas\u0131n\u00e7, t\u00fcm y\u00fczeye e\u015fit olarak da\u011f\u0131larak deformasyona kar\u015f\u0131 diren\u00e7li hale gelir. Bu \u00f6zellik, silindirin en zorlu ko\u015fullarda bile \u015feklini ve yap\u0131sal b\u00fct\u00fcnl\u00fc\u011f\u00fcn\u00fc koruyabilmesini sa\u011flar.<\/p>\n<ul>\n<li style=\"list-style-type: none;\">\n<ul>\n<li><strong>S\u0131z\u0131nt\u0131 \u00d6nleme:<\/strong> Kaynakl\u0131 T tipi silindirler, s\u0131z\u0131nt\u0131y\u0131 \u00f6nleyecek \u015fekilde tasarlanm\u0131\u015ft\u0131r. \u00dcretim s\u00fcrecinde kullan\u0131lan kaynak i\u015flemi, silindirin tamamen s\u0131zd\u0131rmaz olmas\u0131n\u0131 ve olas\u0131 s\u0131z\u0131nt\u0131lardan ar\u0131nd\u0131r\u0131lmas\u0131n\u0131 sa\u011flar. Bu \u00f6zellik, s\u0131z\u0131nt\u0131n\u0131n ciddi hasara veya yaralanmaya neden olabilece\u011fi uygulamalarda kullan\u0131m i\u00e7in uygundur.<\/li>\n<\/ul>\n<\/li>\n<\/ul>\n<p>Kaynakl\u0131 ba\u011flant\u0131lar p\u00fcr\u00fczs\u00fczd\u00fcr, d\u00f6k\u00fcnt\u00fc veya kirin birikebilece\u011fi herhangi bir yar\u0131k veya oluk yoktur, bu da korozyon ve silindire zarar verme riskini azalt\u0131r.<\/p>\n<ul>\n<li style=\"list-style-type: none;\">\n<ul>\n<li><strong>\u00d6zelle\u015ftirilebilir:<\/strong> Kaynakl\u0131 T tipi silindirler, belirli uygulamalara uyacak \u015fekilde \u00f6zelle\u015ftirilebilir. Silindirler farkl\u0131 boyut ve \u015fekillerde mevcuttur ve uygulaman\u0131n \u00f6zel gereksinimlerini kar\u015f\u0131layacak \u015fekilde \u00fcretilebilir.<\/li>\n<\/ul>\n<\/li>\n<\/ul>\n<p>\u00d6zelle\u015ftirme s\u00fcreci, silindirin performans a\u00e7\u0131s\u0131ndan optimize edilmesini ve ama\u00e7lanan uygulamaya uygun olmas\u0131n\u0131 sa\u011flar. Bu \u00f6zellik, kaynakl\u0131 T tipi silindirleri in\u015faat, madencilik ve malzeme ta\u015f\u0131ma gibi \u00e7e\u015fitli end\u00fcstriyel uygulamalarda kullan\u0131m i\u00e7in ideal hale getirir.<\/p>\n<ul>\n<li style=\"list-style-type: none;\">\n<ul>\n<li><strong>Maliyet Etkin:<\/strong> Kaynakl\u0131 T tipi silindirler, di\u011fer silindir tiplerine k\u0131yasla uygun maliyetlidir. Bu silindirlerin \u00fcretiminde kullan\u0131lan imalat s\u00fcreci basittir ve bu da onlar\u0131 di\u011fer silindir tiplerine g\u00f6re daha uygun maliyetli k\u0131lar.<\/li>\n<\/ul>\n<\/li>\n<\/ul>\n<p>Ayr\u0131ca, kaynakl\u0131 T tipi silindirlerin y\u00fcksek mukavemeti ve dayan\u0131kl\u0131l\u0131\u011f\u0131, s\u0131k onar\u0131m ve de\u011fi\u015ftirme ihtiyac\u0131n\u0131 azaltarak bak\u0131m maliyetlerinden tasarruf sa\u011flar. Bu \u00f6zellik, onlar\u0131 \u00f6zellikle s\u0131n\u0131rl\u0131 b\u00fct\u00e7eye sahip bir\u00e7ok sekt\u00f6r i\u00e7in pop\u00fcler bir tercih haline getirir.<\/p>\n<ul>\n<li style=\"list-style-type: none;\">\n<ul>\n<li><strong>Artan Verimlilik:<\/strong> Kaynakl\u0131 T tipi silindirler son derece verimli ve etkilidir. Silindirin tasar\u0131m\u0131, uygulanan kuvvetin do\u011frudan y\u00fcke aktar\u0131lmas\u0131n\u0131 sa\u011flayarak enerji kayb\u0131n\u0131 azalt\u0131r ve verimlili\u011fi art\u0131r\u0131r.<\/li>\n<\/ul>\n<\/li>\n<\/ul>\n<p>Kaynakl\u0131 ba\u011flant\u0131lar g\u00fc\u00e7l\u00fc ve sa\u011flamd\u0131r, sapmay\u0131 en aza indirir ve silindirin en zorlu ko\u015fullarda bile \u015feklini ve yap\u0131sal b\u00fct\u00fcnl\u00fc\u011f\u00fcn\u00fc korumas\u0131n\u0131 sa\u011flar. Bu \u00f6zellik, kaynakl\u0131 T tipi silindirleri y\u00fcksek verimlilik ve g\u00fcvenilirlik gerektiren uygulamalarda kullan\u0131m i\u00e7in ideal hale getirir.<\/p>\n<p><img decoding=\"async\" class=\"aligncenter\" src=\"https:\/\/hzpt.com\/wp-content\/uploads\/2023\/12\/random-4.webp\" alt=\"\" title=\"\"><\/p>\n<h2>Kaynakl\u0131 T Tipi Silindir Uygulamas\u0131<\/h2>\n<h3>girii\u015f<\/h3>\n<p>Kaynakl\u0131 T tipi silindir, end\u00fcstriyel uygulamalarda yayg\u0131n olarak kullan\u0131lan bir hidrolik silindir t\u00fcr\u00fcd\u00fcr. Kompakt ve uygun maliyetli bir pakette y\u00fcksek kuvvet \u00e7\u0131k\u0131\u015f\u0131 sa\u011flamak \u00fczere tasarlanm\u0131\u015ft\u0131r. Bu tip silindir, kaynakl\u0131 bir T par\u00e7as\u0131 ve bu par\u00e7aya ba\u011fl\u0131 bir piston \u00e7ubu\u011fundan olu\u015fur. T par\u00e7as\u0131, silindirin namlusuna ba\u011fl\u0131d\u0131r ve namlu i\u00e7inde ileri geri hareket ederek kuvvet \u00fcreten bir piston i\u00e7erir.<\/p>\n<h3>Kaynakl\u0131 T Tipi Silindirin Avantajlar\u0131<\/h3>\n<p>End\u00fcstriyel uygulamalarda kaynakl\u0131 T tipi silindir kullanman\u0131n bir\u00e7ok avantaj\u0131 vard\u0131r:<\/p>\n<ul>\n<li><b>Kompakt tasar\u0131m:<\/b> Kaynakl\u0131 T tipi silindirler, alan\u0131n k\u0131s\u0131tl\u0131 oldu\u011fu uygulamalarda kullan\u0131m i\u00e7in ideal olacak \u015fekilde kompakt olarak tasarlanm\u0131\u015ft\u0131r.<\/li>\n<li><b>Y\u00fcksek verimlilik:<\/b> Kaynakl\u0131 T tipi silindirler olduk\u00e7a verimlidir, bu da minimum enerji giri\u015fiyle b\u00fcy\u00fck miktarda kuvvet \u00fcretebilecekleri anlam\u0131na gelir.<\/li>\n<li><b>Dayan\u0131kl\u0131:<\/b> Kaynakl\u0131 T tipi silindirler son derece dayan\u0131kl\u0131 olacak \u015fekilde tasarlanm\u0131\u015ft\u0131r, bu da zorlu \u00e7al\u0131\u015fma ko\u015fullar\u0131na dayanabilecekleri ve uzun s\u00fcre dayanabilecekleri anlam\u0131na gelir.<\/li>\n<li><b>Maliyet etkin:<\/b> Kaynakl\u0131 T tipi silindirler maliyet a\u00e7\u0131s\u0131ndan avantajl\u0131d\u0131r, yani paran\u0131z\u0131n kar\u015f\u0131l\u0131\u011f\u0131n\u0131 fazlas\u0131yla al\u0131rs\u0131n\u0131z.<\/li>\n<\/ul>\n<p><img loading=\"lazy\" decoding=\"async\" class=\"size-full wp-image-977 aligncenter\" src=\"https:\/\/fmp-components.com\/wp-content\/uploads\/2024\/12\/Welded-Tee-Type-Cylinder3.webp\" alt=\"Kaynakl\u0131 T Tipi Silindir\" width=\"653\" height=\"600\" title=\"\" srcset=\"https:\/\/fmp-components.com\/wp-content\/uploads\/2024\/12\/Welded-Tee-Type-Cylinder3.webp 653w, https:\/\/fmp-components.com\/wp-content\/uploads\/2024\/12\/Welded-Tee-Type-Cylinder3-480x441.webp 480w\" sizes=\"(min-width: 0px) and (max-width: 480px) 480px, (min-width: 481px) 653px, 100vw\" \/><\/p>\n<h3>Kaynakl\u0131 T Tipi Silindir Uygulamalar\u0131<\/h3>\n<p>Kaynakl\u0131 T tipi silindirlerin \u00e7e\u015fitli end\u00fcstrilerde bir\u00e7ok uygulamas\u0131 vard\u0131r, bunlar aras\u0131nda \u015funlar yer al\u0131r:<\/p>\n<ul>\n<li><b>\u00dcretme:<\/b> Kaynakl\u0131 T tipi silindirler, imalat sekt\u00f6r\u00fcnde makineleri \u00e7al\u0131\u015ft\u0131rmak, a\u011f\u0131r y\u00fckleri hareket ettirmek ve metal par\u00e7alar\u0131 \u015fekillendirmek i\u00e7in kullan\u0131l\u0131r.<\/li>\n<li><b>Tar\u0131m:<\/b> Kaynakl\u0131 T tipi silindirler tar\u0131mda trakt\u00f6r, bi\u00e7erd\u00f6ver ve di\u011fer tar\u0131m ekipmanlar\u0131ndaki hidrolik sistemleri \u00e7al\u0131\u015ft\u0131rmak i\u00e7in kullan\u0131l\u0131r.<\/li>\n<li><b>Yap\u0131:<\/b> Kaynakl\u0131 T tipi silindirler in\u015faat sekt\u00f6r\u00fcnde vin\u00e7, ekskavat\u00f6r ve kep\u00e7e gibi makineleri \u00e7al\u0131\u015ft\u0131rmak i\u00e7in kullan\u0131l\u0131r.<\/li>\n<li><b>Madencilik:<\/b> Kaynakl\u0131 T tipi silindirler, madencilikte buldozer, y\u00fckleyici ve kaya delici gibi a\u011f\u0131r ekipmanlar\u0131n hidrolik sistemlerini \u00e7al\u0131\u015ft\u0131rmak i\u00e7in kullan\u0131l\u0131r.<\/li>\n<li><b>Toplu ta\u015f\u0131ma:<\/b> Kaynakl\u0131 T tipi silindirler, ta\u015f\u0131mac\u0131l\u0131kta kamyon, otob\u00fcs ve di\u011fer ara\u00e7lardaki hidrolik sistemleri \u00e7al\u0131\u015ft\u0131rmak i\u00e7in kullan\u0131l\u0131r.<\/li>\n<\/ul>\n<p>Sonu\u00e7 olarak, kaynakl\u0131 T tipi silindirler bir\u00e7ok end\u00fcstriyel uygulamada \u00f6nemli bir bile\u015fendir. Kompakt, verimli, dayan\u0131kl\u0131 ve uygun maliyetli olacak \u015fekilde tasarland\u0131klar\u0131 i\u00e7in \u00e7ok \u00e7e\u015fitli uygulamalar i\u00e7in ideal bir se\u00e7imdir. \u0130ster bir \u00fcretim tesisinde makine, ister bir \u00e7iftlikte tar\u0131m ekipman\u0131 veya bir madende a\u011f\u0131r ekipman kullan\u0131yor olun, kaynakl\u0131 T tipi silindirler i\u015finizi verimli ve etkili bir \u015fekilde yapman\u0131za yard\u0131mc\u0131 olabilir.<\/p>\n<h3>FMP Hakk\u0131nda<\/h3>\n<p>30 y\u0131l\u0131 a\u015fk\u0131n s\u00fcredir faaliyet g\u00f6steren FMP, \u00e7e\u015fitli tipte Hidrolik Silindirler \u00fcreten ve tedarik eden tan\u0131nm\u0131\u015f bir firmad\u0131r. End\u00fcstriyel alan\u0131m\u0131z \u0130talya'da olup, 100'den fazla son teknoloji ekipmanla faaliyet g\u00f6stermenin gururunu ya\u015f\u0131yoruz. Geni\u015f makine yelpazemiz aras\u0131nda otomatik gaz korumal\u0131 kaynak makineleri, derin delik delme makineleri, CNC torna tezgahlar\u0131, silindirik ta\u015flama makineleri, otomatik temizleme makineleri, otomatik montaj makineleri, otomatik hidrolik silindir performans test tezgahlar\u0131, otomatik boyama hatlar\u0131 ve daha fazlas\u0131 bulunmaktad\u0131r.<\/p>\n<p><img decoding=\"async\" src=\"https:\/\/fmp-components.com\/wp-content\/uploads\/2024\/12\/fmp-factory-4.webp\" alt=\"FMP fabrikas\u0131\" width=\"800\" title=\"\"><\/p>\n<p>Hidrolik Silindirler s\u00f6z konusu oldu\u011funda, FMP en y\u00fcksek kalite ve g\u00fcvenilirli\u011fi garanti eder. Her hidrolik silindir, de\u011ferli m\u00fc\u015fterilerimize ola\u011fan\u00fcst\u00fc performans sa\u011flamak i\u00e7in titiz bir i\u015flem ve denetimden ge\u00e7er. A\u015fa\u011f\u0131daki avantajlar\u0131 sunmaktan gurur duyuyoruz:<\/p>\n<ol>\n<li><strong>Tasar\u0131m Hizmeti:<\/strong> Deneyimli tasar\u0131m ekibimiz, \u00fcniversal \u015faft \u00fcr\u00fcn tasar\u0131m\u0131 ve geli\u015ftirmesinde uzmand\u0131r. Yeni \u00fcr\u00fcnler i\u00e7in \u00f6zel gereksinimleriniz varsa veya daha fazla iyile\u015ftirme ar\u0131yorsan\u0131z, size destek olmak i\u00e7in buraday\u0131z.<\/li>\n<li><strong>\u00dcr\u00fcn Servisi:<\/strong> Kapsaml\u0131 \u00fcr\u00fcn hizmetimiz, hammaddeden nakliyeye kadar sorunsuz bir s\u00fcreci kapsar. Birinci s\u0131n\u0131f hidrolik silindirler sunmak i\u00e7in kesme, kaba i\u015fleme, test etme, temizleme, montaj, paketleme ve nakliye gibi titiz ad\u0131mlar\u0131 garanti ediyoruz.<\/li>\n<li><strong>\u00d6rnek \u0130\u015flem:<\/strong> FMP olarak, \u00f6zelle\u015ftirilmi\u015f numunelerin \u00f6neminin fark\u0131nday\u0131z. Numuneleri ihtiya\u00e7lar\u0131n\u0131za g\u00f6re geli\u015ftirme ve \u00f6zel ihtiya\u00e7lar\u0131n\u0131z\u0131 kar\u015f\u0131lamak i\u00e7in s\u00fcrekli olarak de\u011fi\u015ftirme kapasitesine sahibiz.<\/li>\n<li><strong>Ar-Ge:<\/strong> \u0130leri g\u00f6r\u00fc\u015fl\u00fc bir \u015firket olarak, \u00f6zellikle yeni ara\u00e7lar piyasaya sunuldu\u011funda, pazar\u0131n de\u011fi\u015fen ihtiya\u00e7lar\u0131n\u0131 s\u00fcrekli olarak inceliyoruz. Bu sayede yeni modeller geli\u015ftirebiliyor ve sekt\u00f6r\u00fcn \u00f6n saflar\u0131nda kalabiliyoruz.<\/li>\n<li><strong>\u00d6zelle\u015ftirme:<\/strong> \u00c7e\u015fitli tipte Hidrolik Silindirlerin \u00fcretim ve sat\u0131\u015f\u0131nda uzmanla\u015f\u0131yoruz ve \u00f6zelle\u015ftirme taleplerinizi memnuniyetle kar\u015f\u0131l\u0131yoruz. \u0130ster belirli boyutlara, ister i\u015flevlere veya di\u011fer \u00f6zelliklere ihtiyac\u0131n\u0131z olsun, ekibimiz benzersiz taleplerinizi kar\u015f\u0131lamaya kendini adam\u0131\u015ft\u0131r.<\/li>\n<\/ol>\n<p>FMP ile \u00fcr\u00fcnlerimizin hassasiyetle \u00fcretildi\u011fine ve s\u0131k\u0131 kalite kontrol s\u00fcre\u00e7lerinden ge\u00e7ti\u011fine g\u00fcvenebilirsiniz. T\u00fcm Hidrolik Silindir ihtiya\u00e7lar\u0131n\u0131z i\u00e7in bizimle i\u015f ortakl\u0131\u011f\u0131 yapmaya davet ediyoruz. Olanaklar\u0131 ke\u015ffetmek i\u00e7in bug\u00fcn bizimle ileti\u015fime ge\u00e7in.<\/p>\n<p><img loading=\"lazy\" decoding=\"async\" class=\"size-full wp-image-974 aligncenter\" src=\"https:\/\/fmp-components.com\/wp-content\/uploads\/2024\/12\/application-of-Welded-Tee-Type-Cylinder.webp\" alt=\"Kaynakl\u0131 T Tipi Silindirin Uygulamas\u0131\" width=\"760\" height=\"860\" title=\"\" srcset=\"https:\/\/fmp-components.com\/wp-content\/uploads\/2024\/12\/application-of-Welded-Tee-Type-Cylinder.webp 760w, https:\/\/fmp-components.com\/wp-content\/uploads\/2024\/12\/application-of-Welded-Tee-Type-Cylinder-480x543.webp 480w\" sizes=\"(min-width: 0px) and (max-width: 480px) 480px, (min-width: 481px) 760px, 100vw\" \/><\/p>\n<h2>S\u0131k\u00e7a Sorulan Sorular<\/h2>\n<p><b>S1:<\/b> Hidrolik Ram Silindiri Nedir?<\/p>\n<p><b>A1:<\/b> Hidrolik Ram Silindiri, ak\u0131\u015fkan bas\u0131nc\u0131n\u0131n g\u00fcc\u00fcnden yararlanarak \u00e7al\u0131\u015fan y\u00fcksek verimli bir hidrolik \u00e7\u00f6z\u00fcmd\u00fcr.<\/p>\n<p><b>S2:<\/b> Hidrolik Ko\u00e7 Silindirinin temel \u00f6zellikleri nelerdir?<\/p>\n<p><b>A2:<\/b> Hidrolik Ko\u00e7 Silindiri enerji tasarruflu, y\u00fcksek operasyonel, g\u00fcvenli ve g\u00fcvenilirdir.<\/p>\n<p><b>S3:<\/b> Hidrolik Ko\u00e7 Silindirinin baz\u0131 uygulamalar\u0131 nelerdir?<\/p>\n<p><b>A3:<\/b> Hidrolik Ko\u00e7 Silindiri yayg\u0131n olarak \u015fu alanlarda kullan\u0131l\u0131r\u2026<\/p>\n<p><b>S4:<\/b> Neden FMP Hidrolik Ram Silindirini se\u00e7meliyim?<\/p>\n<p><b>A4:<\/b> FMP'nin Hidrolik Ram Silindiri \u00fcst\u00fcn kalitede olup y\u00fcksek performans, g\u00fcvenilirlik ve enerji verimlili\u011fi sunmaktad\u0131r.<\/p>\n<p><b>S5:<\/b> FMP ba\u015fka hangi \u00fcr\u00fcnleri sunuyor?<\/p>\n<p><b>A5:<\/b> FMP, Hidrolik Ram Silindirlerine ek olarak, Forklift Hidrolik Silindirleri, maden damperli kamyon silindirleri ve sanitasyon makineleri hidrolik silindirleri dahil olmak \u00fczere farkl\u0131 end\u00fcstriler ve uygulamalar i\u00e7in \u00e7e\u015fitli di\u011fer hidrolik \u00e7\u00f6z\u00fcmler sunmaktad\u0131r.<\/p>\n<p>Yazar:CX<\/p>","protected":false},"excerpt":{"rendered":"<p>Discover the Power of the Hydraulic Ram Cylinder Experience high-efficiency power with FMP&#8217;s superior quality Double Acting Hydraulic Ram Cylinder. Since its establishment in 2006, FMP has been at the forefront of providing top-of-the-line hydraulic solutions to industries around the world, revolutionizing the way we harness and utilize hydraulic power. With a commitment to innovation [&hellip;]<\/p>","protected":false},"featured_media":1132,"comment_status":"closed","ping_status":"closed","template":"","meta":{"_et_pb_use_builder":"","_et_pb_old_content":"","_et_gb_content_width":""},"product_brand":[],"product_cat":[31],"product_tag":[34,35],"class_list":{"0":"post-927","1":"product","2":"type-product","3":"status-publish","4":"has-post-thumbnail","6":"product_cat-welded-tee-type-cylinder","7":"product_tag-hydraulic-cylinder","8":"product_tag-welded-tee-type-cylinder","10":"first","11":"instock","12":"product-type-simple"},"_links":{"self":[{"href":"https:\/\/fmp-components.com\/tr\/wp-json\/wp\/v2\/product\/927","targetHints":{"allow":["GET"]}}],"collection":[{"href":"https:\/\/fmp-components.com\/tr\/wp-json\/wp\/v2\/product"}],"about":[{"href":"https:\/\/fmp-components.com\/tr\/wp-json\/wp\/v2\/types\/product"}],"replies":[{"embeddable":true,"href":"https:\/\/fmp-components.com\/tr\/wp-json\/wp\/v2\/comments?post=927"}],"wp:featuredmedia":[{"embeddable":true,"href":"https:\/\/fmp-components.com\/tr\/wp-json\/wp\/v2\/media\/1132"}],"wp:attachment":[{"href":"https:\/\/fmp-components.com\/tr\/wp-json\/wp\/v2\/media?parent=927"}],"wp:term":[{"taxonomy":"product_brand","embeddable":true,"href":"https:\/\/fmp-components.com\/tr\/wp-json\/wp\/v2\/product_brand?post=927"},{"taxonomy":"product_cat","embeddable":true,"href":"https:\/\/fmp-components.com\/tr\/wp-json\/wp\/v2\/product_cat?post=927"},{"taxonomy":"product_tag","embeddable":true,"href":"https:\/\/fmp-components.com\/tr\/wp-json\/wp\/v2\/product_tag?post=927"}],"curies":[{"name":"wp","href":"https:\/\/api.w.org\/{rel}","templated":true}]}}