{"id":926,"date":"2024-12-19T03:39:00","date_gmt":"2024-12-19T03:39:00","guid":{"rendered":"https:\/\/fmp-components.com\/product\/10006-factory-price-stainless-steel-cylinder-piston-hydraulic-cylinder\/"},"modified":"2024-12-19T09:00:21","modified_gmt":"2024-12-19T09:00:21","slug":"10006-factory-price-stainless-steel-cylinder-piston-hydraulic-cylinder","status":"publish","type":"product","link":"https:\/\/fmp-components.com\/tr\/product\/10006-factory-price-stainless-steel-cylinder-piston-hydraulic-cylinder\/","title":{"rendered":"10006 Fabrika Fiyat\u0131 Paslanmaz \u00c7elik Silindir Piston Hidrolik Silindir"},"content":{"rendered":"<h3>Paslanmaz \u00c7elik Silindir Piston Hidrolik Silindirin \u0130\u015flevleri ve \u00d6nemi<\/h3>\n<p>Paslanmaz \u00e7elik silindir piston hidrolik silindiri, \u00e7e\u015fitli end\u00fcstrilerdeki \u00e7ok say\u0131da makinenin \u00e7al\u0131\u015fmas\u0131nda \u00f6nemli bir bile\u015fendir. Temel i\u015flevi, ak\u0131\u015fkan g\u00fcc\u00fcn\u00fc do\u011frusal mekanik kuvvete d\u00f6n\u00fc\u015ft\u00fcrerek \u00e7ok \u00e7e\u015fitli g\u00f6revlerin y\u00fcr\u00fct\u00fclmesi i\u00e7in gereken hassas hareketi sa\u011flamakt\u0131r. Bu \u00f6zelli\u011fi, imalat, in\u015faat ve otomotiv sistemleri de dahil olmak \u00fczere bir\u00e7ok end\u00fcstriyel uygulama i\u00e7in vazge\u00e7ilmezdir. Paslanmaz \u00e7elik hidrolik silindirlerin g\u00fcvenilirli\u011fi ve verimlili\u011fi, \u00fcretkenli\u011fi art\u0131r\u0131r ve sorunsuz \u00e7al\u0131\u015fma sa\u011flar; b\u00f6ylece modern makinelerdeki \u00f6nemlerini vurgular.<\/p>\n<h3>Benzersiz \u00d6zellikler ve Avantajlar<\/h3>\n<ul>\n<li><strong>Enerji Verimlili\u011fi:<\/strong><br \/>\nPaslanmaz \u00e7elik silindir pistonlu hidrolik silindirin tasar\u0131m\u0131, enerji verimlili\u011fini \u00f6n planda tutarak minimum g\u00fc\u00e7 t\u00fcketimiyle \u00e7al\u0131\u015fmas\u0131n\u0131 sa\u011flar. Bu verimlilik, i\u015fletme maliyetlerini d\u00fc\u015f\u00fcrmenin yan\u0131 s\u0131ra, at\u0131klar\u0131 en aza indirerek ve hidrolik sistemlerin genel verimlili\u011fini art\u0131rarak s\u00fcrd\u00fcr\u00fclebilirli\u011fi de destekler.<\/li>\n<li><strong>Y\u00fcksek Performans:<\/strong><br \/>\n\u00dcst\u00fcn i\u015flevsellik i\u00e7in tasarlanan bu hidrolik silindir, tutarl\u0131 ve g\u00fc\u00e7l\u00fc bir performans sunar. Sa\u011flam yap\u0131s\u0131, a\u011f\u0131r y\u00fckleri kald\u0131rabilmesini ve zorlu ortamlarda etkili bir \u015fekilde \u00e7al\u0131\u015fmas\u0131n\u0131 sa\u011flar. Paslanmaz \u00e7elik silindirlerin y\u00fcksek performans kapasitesi, onlar\u0131 hassasiyet ve g\u00fcvenilirlik gerektiren uygulamalar i\u00e7in uygun hale getirir.<\/li>\n<li><strong>Emniyet:<\/strong><br \/>\nG\u00fcvenlik, paslanmaz \u00e7elik silindir piston hidrolik silindirinin kritik bir \u00f6zelli\u011fidir. Y\u00fcksek kaliteli paslanmaz \u00e7elikten yap\u0131lm\u0131\u015f yap\u0131s\u0131, korozyon ve a\u015f\u0131nmaya kar\u015f\u0131 diren\u00e7 sa\u011flayarak uzun \u00f6m\u00fcrl\u00fc dayan\u0131kl\u0131l\u0131k sa\u011flar. Ayr\u0131ca, hidrolik silindir, s\u0131z\u0131nt\u0131 ve ar\u0131zalar\u0131 \u00f6nleyen g\u00fcvenlik mekanizmalar\u0131yla tasarlanm\u0131\u015ft\u0131r ve operat\u00f6rlerin y\u00fcksek bas\u0131n\u00e7l\u0131 ortamlarda g\u00fcvenle \u00e7al\u0131\u015fmas\u0131n\u0131 sa\u011flar.<\/li>\n<\/ul>\n<h3>Hidrolik Sistemi Anlamak<\/h3>\n<p>Hidrolik sistem, g\u00fc\u00e7 iletmek ve hareketi kolayla\u015ft\u0131rmak i\u00e7in birlikte \u00e7al\u0131\u015fan karma\u015f\u0131k bir bile\u015fen a\u011f\u0131d\u0131r. Bu sistemde, paslanmaz \u00e7elik silindir pistonlu hidrolik silindir, hidrolik enerjiyi mekanik kuvvete d\u00f6n\u00fc\u015ft\u00fcren kilit bir rol oynar.<\/p>\n<p>Hidrolik s\u0131v\u0131 silindire pompaland\u0131\u011f\u0131nda, pistona bas\u0131n\u00e7 uygular ve piston do\u011frusal bir y\u00f6nde hareket eder. Bu hareket, a\u011f\u0131r nesneleri kald\u0131rma, itme veya \u00e7ekme gibi \u00e7e\u015fitli g\u00f6revleri ger\u00e7ekle\u015ftirmek i\u00e7in gereken kuvveti \u00fcretir. Paslanmaz \u00e7elik silindir pistonunun (hidrolik silindir) i\u015flevini anlamak, hidrolik sistemin genel i\u015fleyi\u015fini kavramak i\u00e7in \u00e7ok \u00f6nemlidir.<\/p>\n<p>Hidrolik sistemdeki pompalar, valfler ve hortumlar gibi her bile\u015fen, kusursuz bir g\u00fc\u00e7 ak\u0131\u015f\u0131 olu\u015fturmak i\u00e7in hidrolik silindirle etkile\u015fime girer. Paslanmaz \u00e7elik silindir pistonunun bu di\u011fer elemanlarla nas\u0131l b\u00fct\u00fcnle\u015fti\u011fini anlayarak, hidrolik sistemlerin bir b\u00fct\u00fcn olarak karma\u015f\u0131kl\u0131\u011f\u0131n\u0131 ve verimlili\u011fini takdir edebiliriz.<\/p>\n<p>\u00d6zetle, paslanmaz \u00e7elik silindir piston hidrolik silindiri, hidrolik sistemlerin i\u015flevselli\u011fini ve g\u00fcvenli\u011fini art\u0131ran hayati bir bile\u015fendir. E\u015fsiz \u00f6zellikleri ve avantajlar\u0131, makinelerin verimli ve etkili bir \u015fekilde \u00e7al\u0131\u015fmas\u0131n\u0131 sa\u011flayarak \u00e7e\u015fitli end\u00fcstriyel uygulamalarda vazge\u00e7ilmez olmas\u0131n\u0131 sa\u011flar.<img decoding=\"async\" src=\"https:\/\/hzpt.com\/wp-content\/uploads\/2023\/12\/random-2.webp\" alt=\"\" title=\"\"><\/p>\n<h2>Kaynakl\u0131 T Tipi Silindirin Avantajlar\u0131<\/h2>\n<ul>\n<li style=\"list-style-type: none;\">\n<ul>\n<li><strong>Artt\u0131r\u0131lm\u0131\u015f G\u00fc\u00e7:<\/strong> Kaynakl\u0131 T tipi silindirler, y\u00fcksek mukavemetleriyle bilinir ve a\u011f\u0131r kald\u0131rma gerektiren uygulamalar i\u00e7in uygundur. Bu silindirlerin imalat\u0131nda kullan\u0131lan kaynak i\u015flemi, silindirin zay\u0131f noktalardan ar\u0131nd\u0131r\u0131lm\u0131\u015f olmas\u0131n\u0131 ve y\u00fcksek bas\u0131n\u00e7 ve gerilime dayanabilmesini sa\u011flar.<\/li>\n<\/ul>\n<\/li>\n<\/ul>\n<p>Silindire uygulanan bas\u0131n\u00e7, t\u00fcm y\u00fczeye e\u015fit olarak da\u011f\u0131larak deformasyona kar\u015f\u0131 diren\u00e7li hale gelir. Bu \u00f6zellik, silindirin en zorlu ko\u015fullarda bile \u015feklini ve yap\u0131sal b\u00fct\u00fcnl\u00fc\u011f\u00fcn\u00fc koruyabilmesini sa\u011flar.<\/p>\n<ul>\n<li style=\"list-style-type: none;\">\n<ul>\n<li><strong>S\u0131z\u0131nt\u0131 \u00d6nleme:<\/strong> Kaynakl\u0131 T tipi silindirler, s\u0131z\u0131nt\u0131y\u0131 \u00f6nleyecek \u015fekilde tasarlanm\u0131\u015ft\u0131r. \u00dcretim s\u00fcrecinde kullan\u0131lan kaynak i\u015flemi, silindirin tamamen s\u0131zd\u0131rmaz olmas\u0131n\u0131 ve olas\u0131 s\u0131z\u0131nt\u0131lardan ar\u0131nd\u0131r\u0131lmas\u0131n\u0131 sa\u011flar. Bu \u00f6zellik, s\u0131z\u0131nt\u0131n\u0131n ciddi hasara veya yaralanmaya neden olabilece\u011fi uygulamalarda kullan\u0131m i\u00e7in uygundur.<\/li>\n<\/ul>\n<\/li>\n<\/ul>\n<p>Kaynakl\u0131 ba\u011flant\u0131lar p\u00fcr\u00fczs\u00fczd\u00fcr, d\u00f6k\u00fcnt\u00fc veya kirin birikebilece\u011fi herhangi bir yar\u0131k veya oluk yoktur, bu da korozyon ve silindire zarar verme riskini azalt\u0131r.<\/p>\n<ul>\n<li style=\"list-style-type: none;\">\n<ul>\n<li><strong>\u00d6zelle\u015ftirilebilir:<\/strong> Kaynakl\u0131 T tipi silindirler, belirli uygulamalara uyacak \u015fekilde \u00f6zelle\u015ftirilebilir. Silindirler farkl\u0131 boyut ve \u015fekillerde mevcuttur ve uygulaman\u0131n \u00f6zel gereksinimlerini kar\u015f\u0131layacak \u015fekilde \u00fcretilebilir.<\/li>\n<\/ul>\n<\/li>\n<\/ul>\n<p>\u00d6zelle\u015ftirme s\u00fcreci, silindirin performans a\u00e7\u0131s\u0131ndan optimize edilmesini ve ama\u00e7lanan uygulamaya uygun olmas\u0131n\u0131 sa\u011flar. Bu \u00f6zellik, kaynakl\u0131 T tipi silindirleri in\u015faat, madencilik ve malzeme ta\u015f\u0131ma gibi \u00e7e\u015fitli end\u00fcstriyel uygulamalarda kullan\u0131m i\u00e7in ideal hale getirir.<\/p>\n<ul>\n<li style=\"list-style-type: none;\">\n<ul>\n<li><strong>Maliyet Etkin:<\/strong> Kaynakl\u0131 T tipi silindirler, di\u011fer silindir tiplerine k\u0131yasla uygun maliyetlidir. Bu silindirlerin \u00fcretiminde kullan\u0131lan imalat s\u00fcreci basittir ve bu da onlar\u0131 di\u011fer silindir tiplerine g\u00f6re daha uygun maliyetli k\u0131lar.<\/li>\n<\/ul>\n<\/li>\n<\/ul>\n<p>Ayr\u0131ca, kaynakl\u0131 T tipi silindirlerin y\u00fcksek mukavemeti ve dayan\u0131kl\u0131l\u0131\u011f\u0131, s\u0131k onar\u0131m ve de\u011fi\u015ftirme ihtiyac\u0131n\u0131 azaltarak bak\u0131m maliyetlerinden tasarruf sa\u011flar. Bu \u00f6zellik, onlar\u0131 \u00f6zellikle s\u0131n\u0131rl\u0131 b\u00fct\u00e7eye sahip bir\u00e7ok sekt\u00f6r i\u00e7in pop\u00fcler bir tercih haline getirir.<\/p>\n<ul>\n<li style=\"list-style-type: none;\">\n<ul>\n<li><strong>Artan Verimlilik:<\/strong> Kaynakl\u0131 T tipi silindirler son derece verimli ve etkilidir. Silindirin tasar\u0131m\u0131, uygulanan kuvvetin do\u011frudan y\u00fcke aktar\u0131lmas\u0131n\u0131 sa\u011flayarak enerji kayb\u0131n\u0131 azalt\u0131r ve verimlili\u011fi art\u0131r\u0131r.<\/li>\n<\/ul>\n<\/li>\n<\/ul>\n<p>Kaynakl\u0131 ba\u011flant\u0131lar g\u00fc\u00e7l\u00fc ve sa\u011flamd\u0131r, sapmay\u0131 en aza indirir ve silindirin en zorlu ko\u015fullarda bile \u015feklini ve yap\u0131sal b\u00fct\u00fcnl\u00fc\u011f\u00fcn\u00fc korumas\u0131n\u0131 sa\u011flar. Bu \u00f6zellik, kaynakl\u0131 T tipi silindirleri y\u00fcksek verimlilik ve g\u00fcvenilirlik gerektiren uygulamalarda kullan\u0131m i\u00e7in ideal hale getirir.<\/p>\n<p><img loading=\"lazy\" decoding=\"async\" class=\"size-full wp-image-977 aligncenter\" src=\"https:\/\/fmp-components.com\/wp-content\/uploads\/2024\/12\/Welded-Tee-Type-Cylinder3.webp\" alt=\"Kaynakl\u0131 T Tipi Silindir\" width=\"653\" height=\"600\" title=\"\" srcset=\"https:\/\/fmp-components.com\/wp-content\/uploads\/2024\/12\/Welded-Tee-Type-Cylinder3.webp 653w, https:\/\/fmp-components.com\/wp-content\/uploads\/2024\/12\/Welded-Tee-Type-Cylinder3-480x441.webp 480w\" sizes=\"(min-width: 0px) and (max-width: 480px) 480px, (min-width: 481px) 653px, 100vw\" \/><\/p>\n<h2>Kaynakl\u0131 T Tipi Silindir Uygulamas\u0131<\/h2>\n<h3>girii\u015f<\/h3>\n<p>Kaynakl\u0131 T tipi silindir, end\u00fcstriyel uygulamalarda yayg\u0131n olarak kullan\u0131lan bir hidrolik silindir t\u00fcr\u00fcd\u00fcr. Kompakt ve uygun maliyetli bir pakette y\u00fcksek kuvvet \u00e7\u0131k\u0131\u015f\u0131 sa\u011flamak \u00fczere tasarlanm\u0131\u015ft\u0131r. Bu tip silindir, kaynakl\u0131 bir T par\u00e7as\u0131 ve bu par\u00e7aya ba\u011fl\u0131 bir piston \u00e7ubu\u011fundan olu\u015fur. T par\u00e7as\u0131, silindirin namlusuna ba\u011fl\u0131d\u0131r ve namlu i\u00e7inde ileri geri hareket ederek kuvvet \u00fcreten bir piston i\u00e7erir.<\/p>\n<h3>Kaynakl\u0131 T Tipi Silindirin Avantajlar\u0131<\/h3>\n<p>End\u00fcstriyel uygulamalarda kaynakl\u0131 T tipi silindir kullanman\u0131n bir\u00e7ok avantaj\u0131 vard\u0131r:<\/p>\n<ul>\n<li><b>Kompakt tasar\u0131m:<\/b> Kaynakl\u0131 T tipi silindirler, alan\u0131n k\u0131s\u0131tl\u0131 oldu\u011fu uygulamalarda kullan\u0131m i\u00e7in ideal olacak \u015fekilde kompakt olarak tasarlanm\u0131\u015ft\u0131r.<\/li>\n<li><b>Y\u00fcksek verimlilik:<\/b> Kaynakl\u0131 T tipi silindirler olduk\u00e7a verimlidir, bu da minimum enerji giri\u015fiyle b\u00fcy\u00fck miktarda kuvvet \u00fcretebilecekleri anlam\u0131na gelir.<\/li>\n<li><b>Dayan\u0131kl\u0131:<\/b> Kaynakl\u0131 T tipi silindirler son derece dayan\u0131kl\u0131 olacak \u015fekilde tasarlanm\u0131\u015ft\u0131r, bu da zorlu \u00e7al\u0131\u015fma ko\u015fullar\u0131na dayanabilecekleri ve uzun s\u00fcre dayanabilecekleri anlam\u0131na gelir.<\/li>\n<li><b>Maliyet etkin:<\/b> Kaynakl\u0131 T tipi silindirler maliyet a\u00e7\u0131s\u0131ndan avantajl\u0131d\u0131r, yani paran\u0131z\u0131n kar\u015f\u0131l\u0131\u011f\u0131n\u0131 fazlas\u0131yla al\u0131rs\u0131n\u0131z.<\/li>\n<\/ul>\n<h3>Kaynakl\u0131 T Tipi Silindir Uygulamalar\u0131<\/h3>\n<p>Kaynakl\u0131 T tipi silindirlerin \u00e7e\u015fitli end\u00fcstrilerde bir\u00e7ok uygulamas\u0131 vard\u0131r, bunlar aras\u0131nda \u015funlar yer al\u0131r:<\/p>\n<ul>\n<li><b>\u00dcretme:<\/b> Kaynakl\u0131 T tipi silindirler, imalat sekt\u00f6r\u00fcnde makineleri \u00e7al\u0131\u015ft\u0131rmak, a\u011f\u0131r y\u00fckleri hareket ettirmek ve metal par\u00e7alar\u0131 \u015fekillendirmek i\u00e7in kullan\u0131l\u0131r.<\/li>\n<li><b>Tar\u0131m:<\/b> Kaynakl\u0131 T tipi silindirler tar\u0131mda trakt\u00f6r, bi\u00e7erd\u00f6ver ve di\u011fer tar\u0131m ekipmanlar\u0131ndaki hidrolik sistemleri \u00e7al\u0131\u015ft\u0131rmak i\u00e7in kullan\u0131l\u0131r.<\/li>\n<li><b>Yap\u0131:<\/b> Kaynakl\u0131 T tipi silindirler in\u015faat sekt\u00f6r\u00fcnde vin\u00e7, ekskavat\u00f6r ve kep\u00e7e gibi makineleri \u00e7al\u0131\u015ft\u0131rmak i\u00e7in kullan\u0131l\u0131r.<\/li>\n<li><b>Madencilik:<\/b> Kaynakl\u0131 T tipi silindirler, madencilikte buldozer, y\u00fckleyici ve kaya delici gibi a\u011f\u0131r ekipmanlar\u0131n hidrolik sistemlerini \u00e7al\u0131\u015ft\u0131rmak i\u00e7in kullan\u0131l\u0131r.<\/li>\n<li><b>Toplu ta\u015f\u0131ma:<\/b> Kaynakl\u0131 T tipi silindirler, ta\u015f\u0131mac\u0131l\u0131kta kamyon, otob\u00fcs ve di\u011fer ara\u00e7lardaki hidrolik sistemleri \u00e7al\u0131\u015ft\u0131rmak i\u00e7in kullan\u0131l\u0131r.<\/li>\n<\/ul>\n<p>Sonu\u00e7 olarak, kaynakl\u0131 T tipi silindirler bir\u00e7ok end\u00fcstriyel uygulamada \u00f6nemli bir bile\u015fendir. Kompakt, verimli, dayan\u0131kl\u0131 ve uygun maliyetli olacak \u015fekilde tasarland\u0131klar\u0131 i\u00e7in \u00e7ok \u00e7e\u015fitli uygulamalar i\u00e7in ideal bir se\u00e7imdir. \u0130ster bir \u00fcretim tesisinde makine, ister bir \u00e7iftlikte tar\u0131m ekipman\u0131 veya bir madende a\u011f\u0131r ekipman kullan\u0131yor olun, kaynakl\u0131 T tipi silindirler i\u015finizi verimli ve etkili bir \u015fekilde yapman\u0131za yard\u0131mc\u0131 olabilir.<\/p>\n<p><img loading=\"lazy\" decoding=\"async\" class=\"size-full wp-image-974 aligncenter\" src=\"https:\/\/fmp-components.com\/wp-content\/uploads\/2024\/12\/application-of-Welded-Tee-Type-Cylinder.webp\" alt=\"Kaynakl\u0131 T Tipi Silindirin Uygulamas\u0131\" width=\"760\" height=\"860\" title=\"\" srcset=\"https:\/\/fmp-components.com\/wp-content\/uploads\/2024\/12\/application-of-Welded-Tee-Type-Cylinder.webp 760w, https:\/\/fmp-components.com\/wp-content\/uploads\/2024\/12\/application-of-Welded-Tee-Type-Cylinder-480x543.webp 480w\" sizes=\"(min-width: 0px) and (max-width: 480px) 480px, (min-width: 481px) 760px, 100vw\" \/><\/p>\n<h3>FMP Hakk\u0131nda<\/h3>\n<p>FMP, 30 y\u0131l\u0131 a\u015fk\u0131n deneyime sahip lider bir Hidrolik Silindir \u00fcreticisidir. End\u00fcstriyel alan\u0131m\u0131z \u0130talya'da bulunmaktad\u0131r ve otomatik gaz korumal\u0131 kaynak makineleri, derin delik delme makineleri, CNC torna tezgahlar\u0131, silindirik ta\u015flama makineleri, otomatik temizleme makineleri, otomatik montaj makineleri, otomatik hidrolik silindir performans test tezgahlar\u0131, otomatik boyama hatlar\u0131 ve daha fazlas\u0131 dahil olmak \u00fczere 100'den fazla ekipmana sahibiz.<\/p>\n<p>Hidrolik Silindirlerimiz aras\u0131nda k\u00fcpe silindirleri, \u00e7ift y\u00f6nl\u00fc otomatik teleskopik silindirler ve di\u011ferleri yer almaktad\u0131r. Her silindir, m\u00fc\u015fterilerimize y\u00fcksek kalite sa\u011flamak i\u00e7in s\u0131k\u0131 bir i\u015fleme ve denetimden ge\u00e7mektedir.<\/p>\n<p>FMP'yi se\u00e7meniz i\u00e7in be\u015f neden:<\/p>\n<ul>\n<li><b>Tasar\u0131m Hizmeti:<\/b> Deneyimli tasar\u0131m ekibimiz yeni \u00fcr\u00fcn geli\u015ftirme ve mevcut tasar\u0131mlarda iyile\u015ftirmeler yapma konusunda yard\u0131mc\u0131 olabilir.<\/li>\n<li><b>\u00dcr\u00fcn Servisi:<\/b> Kapsaml\u0131 \u00fcretim s\u00fcrecimiz hammadde se\u00e7imi, kesim, kaba i\u015fleme, test, temizlik, montaj, paketleme ve nakliyeyi i\u00e7erir.<\/li>\n<li><b>\u00d6rnek \u0130\u015flem:<\/b> \u0130htiya\u00e7lar\u0131n\u0131za g\u00f6re numuneler geli\u015ftirebilir ve ihtiya\u00e7lar\u0131n\u0131z\u0131 kar\u015f\u0131layana kadar bunlar\u0131 de\u011fi\u015ftirebiliriz.<\/li>\n<li><b>Ar-Ge:<\/b> Yeni ihtiya\u00e7lar\u0131 belirlemek ve bu ihtiya\u00e7lar\u0131 kar\u015f\u0131layacak yeni modeller geli\u015ftirmek i\u00e7in pazar\u0131 aktif olarak inceliyoruz.<\/li>\n<li><b>Deneyim:<\/b> Sekt\u00f6rde 30 y\u0131l\u0131 a\u015fk\u0131n deneyimimizle kalite, g\u00fcvenilirlik ve m\u00fc\u015fteri memnuniyeti konusunda bir itibar olu\u015fturduk.<\/li>\n<\/ul>\n<p><img decoding=\"async\" src=\"https:\/\/fmp-components.com\/wp-content\/uploads\/2024\/12\/fmp-factory-4.webp\" alt=\"FMP fabrikas\u0131\" width=\"800\" title=\"\"><\/p>\n<h2>SSS<\/h2>\n<p>S: Hidrolik silindirin \u00f6mr\u00fc ne kadard\u0131r?<br \/>\nC: Uygun bak\u0131m yap\u0131ld\u0131\u011f\u0131nda bir hidrolik silindirin \u00f6mr\u00fc 10 y\u0131la veya daha fazlas\u0131na kadar \u00e7\u0131kabilir.<\/p>\n<p>S: Hidrolik ya\u011f\u0131n\u0131 ne s\u0131kl\u0131kla de\u011fi\u015ftirmeliyim?<br \/>\nA: Kullan\u0131ma g\u00f6re de\u011fi\u015fir ama genelde 1-2 y\u0131lda bir de\u011fi\u015ftirilmesi gerekir.<\/p>\n<p>S: Hidrolik silindirler hangi end\u00fcstrilerde kullan\u0131l\u0131r?<br \/>\nA: \u0130n\u015faat, imalat, otomotiv ve daha bir\u00e7ok sekt\u00f6r hidrolik silindir kullan\u0131r.<\/p>\n<p>S: Hidrolik silindirimin uzun \u00f6m\u00fcrl\u00fc olmas\u0131n\u0131 nas\u0131l sa\u011flayabilirim?<br \/>\nC: Hidrolik silindirin kullan\u0131m \u00f6mr\u00fcn\u00fcn uzamas\u0131na d\u00fczenli bak\u0131m, do\u011fru kullan\u0131m ve do\u011fru ya\u011f ve ke\u00e7e se\u00e7imi katk\u0131 sa\u011flar.<\/p>\n<p>S: Hidrolik silindirimi \u00f6zelle\u015ftirebilir miyim?<br \/>\nC: Evet, FMP \u00f6zel ihtiya\u00e7lar\u0131n\u0131z\u0131 kar\u015f\u0131lamak i\u00e7in \u00f6zel \u00e7\u00f6z\u00fcmler sunar.<\/p>\n<p>Yazar:CX<\/p>","protected":false},"excerpt":{"rendered":"<p>Functions and Importance of the Stainless Steel Cylinder Piston Hydraulic Cylinder The stainless steel cylinder piston hydraulic cylinder is an essential component in the operation of numerous machines across various industries. Its primary function is to convert fluid power into linear mechanical force, enabling precise movement necessary for executing a wide range of tasks. This [&hellip;]<\/p>","protected":false},"featured_media":1132,"comment_status":"closed","ping_status":"closed","template":"","meta":{"_et_pb_use_builder":"","_et_pb_old_content":"","_et_gb_content_width":""},"product_brand":[],"product_cat":[31],"product_tag":[34,35],"class_list":{"0":"post-926","1":"product","2":"type-product","3":"status-publish","4":"has-post-thumbnail","6":"product_cat-welded-tee-type-cylinder","7":"product_tag-hydraulic-cylinder","8":"product_tag-welded-tee-type-cylinder","10":"first","11":"instock","12":"product-type-simple"},"_links":{"self":[{"href":"https:\/\/fmp-components.com\/tr\/wp-json\/wp\/v2\/product\/926","targetHints":{"allow":["GET"]}}],"collection":[{"href":"https:\/\/fmp-components.com\/tr\/wp-json\/wp\/v2\/product"}],"about":[{"href":"https:\/\/fmp-components.com\/tr\/wp-json\/wp\/v2\/types\/product"}],"replies":[{"embeddable":true,"href":"https:\/\/fmp-components.com\/tr\/wp-json\/wp\/v2\/comments?post=926"}],"wp:featuredmedia":[{"embeddable":true,"href":"https:\/\/fmp-components.com\/tr\/wp-json\/wp\/v2\/media\/1132"}],"wp:attachment":[{"href":"https:\/\/fmp-components.com\/tr\/wp-json\/wp\/v2\/media?parent=926"}],"wp:term":[{"taxonomy":"product_brand","embeddable":true,"href":"https:\/\/fmp-components.com\/tr\/wp-json\/wp\/v2\/product_brand?post=926"},{"taxonomy":"product_cat","embeddable":true,"href":"https:\/\/fmp-components.com\/tr\/wp-json\/wp\/v2\/product_cat?post=926"},{"taxonomy":"product_tag","embeddable":true,"href":"https:\/\/fmp-components.com\/tr\/wp-json\/wp\/v2\/product_tag?post=926"}],"curies":[{"name":"wp","href":"https:\/\/api.w.org\/{rel}","templated":true}]}}