{"id":885,"date":"2024-12-19T02:48:59","date_gmt":"2024-12-19T02:48:59","guid":{"rendered":"https:\/\/fmp-components.com\/?page_id=8"},"modified":"2024-12-19T02:50:44","modified_gmt":"2024-12-19T02:50:44","slug":"hydraulic-cylinder-for-double-shield-tunnel-boring-machine","status":"publish","type":"product","link":"https:\/\/fmp-components.com\/tr\/product\/hydraulic-cylinder-for-double-shield-tunnel-boring-machine\/","title":{"rendered":"\u00c7ift Kalkanl\u0131 T\u00fcnel A\u00e7ma Makinesi i\u00e7in Hidrolik Silindir"},"content":{"rendered":"<p style=\"text-align: center;\"><span style=\"font-size: 18pt;\">\u00c7ift Kalkanl\u0131 T\u00fcnel A\u00e7ma Makinesi i\u00e7in Hidrolik Silindir<\/span><\/p>\n<p>\u00c7ift Kalkanl\u0131 T\u00fcnel A\u00e7ma Makineleri i\u00e7in Hidrolik Silindir, t\u00fcnel kaz\u0131s\u0131n\u0131n verimlili\u011fini ve hassasiyetini art\u0131rmak i\u00e7in tasarlanm\u0131\u015f temel bir bile\u015fendir. Bu geli\u015fmi\u015f hidrolik sistem, benzersiz \u00e7ift kalkanl\u0131 yap\u0131 i\u00e7erisinde etkili bir \u00e7al\u0131\u015fma sa\u011flayarak, ayn\u0131 anda t\u00fcnel a\u00e7ma ve destek kurulumuna olanak tan\u0131r.<\/p>\n<p><img loading=\"lazy\" decoding=\"async\" class=\"alignnone size-full wp-image-911\" src=\"https:\/\/fmp-components.com\/wp-content\/uploads\/2024\/12\/Double-Shield-Tunnel-Boring-Machine-Support-Shoe-Cylinder-1.webp\" alt=\"\u00c7ift Kalkanl\u0131 T\u00fcnel Delme Makinesi Destek Pabucu Silindiri\" width=\"980\" height=\"554\" title=\"\" srcset=\"https:\/\/fmp-components.com\/wp-content\/uploads\/2024\/12\/Double-Shield-Tunnel-Boring-Machine-Support-Shoe-Cylinder-1.webp 980w, https:\/\/fmp-components.com\/wp-content\/uploads\/2024\/12\/Double-Shield-Tunnel-Boring-Machine-Support-Shoe-Cylinder-1-480x271.webp 480w\" sizes=\"(min-width: 0px) and (max-width: 480px) 480px, (min-width: 481px) 980px, 100vw\" \/><\/p>\n<h4>Temel \u00d6zellikler:<\/h4>\n<ul>\n<li><strong>Y\u00fcksek \u0130tme Kapasitesi:<\/strong><br \/>\n\u00d6nemli bir kuvvet sa\u011flamak \u00fczere tasarlanan bu hidrolik silindirler, h\u0131zl\u0131 kaz\u0131y\u0131 kolayla\u015ft\u0131rarak proje s\u00fcrelerini \u00f6nemli \u00f6l\u00e7\u00fcde k\u0131salt\u0131r ve genel verimlili\u011fi art\u0131r\u0131r.<\/li>\n<li><strong>Sa\u011flam Dayan\u0131kl\u0131l\u0131k:<\/strong><br \/>\nY\u00fcksek mukavemetli malzemelerden \u00fcretilen silindirler, t\u00fcnelcilikte kar\u015f\u0131la\u015f\u0131lan zorlu ko\u015fullara dayanacak \u015fekilde \u00fcretilerek uzun s\u00fcreli performans ve g\u00fcvenilirlik sa\u011fl\u0131yor.<\/li>\n<li><strong>Hassas Kontrol:<\/strong><br \/>\nHidrolik sistem, delme makinesinin hassas hareketini ve kontrol\u00fcn\u00fc sa\u011flayarak, proje \u015fartnameleri ve g\u00fcvenlik standartlar\u0131n\u0131 kar\u015f\u0131lamak i\u00e7in kritik \u00f6neme sahip olan do\u011fru hizalama ve t\u00fcnel a\u00e7ma i\u015flemlerini m\u00fcmk\u00fcn k\u0131lar.<\/li>\n<li><strong>Geli\u015fmi\u015f Stabilite:<\/strong><br \/>\nBu silindirler, \u00e7ift kalkan sisteminin genel stabilitesine katk\u0131da bulunarak, \u00e7e\u015fitli jeolojik olu\u015fumlar boyunca g\u00fcvenli bir \u015fekilde \u00e7al\u0131\u015fmas\u0131n\u0131 sa\u011flar ve kaza riskini en aza indirir.<\/li>\n<li><strong>\u00c7ok Y\u00f6nl\u00fc Uygulamalar:<\/strong><br \/>\nMetro sistemleri, kamu t\u00fcnelleri ve altyap\u0131 geli\u015ftirmeleri de dahil olmak \u00fczere \u00e7ok \u00e7e\u015fitli projeler i\u00e7in uygun olan bu hidrolik silindirler, \u00e7e\u015fitli t\u00fcnel ihtiya\u00e7lar\u0131na uyarlanabilir.<\/li>\n<li><strong>D\u00fc\u015f\u00fck Bak\u0131m Gereksinimleri:<\/strong><br \/>\nDayan\u0131kl\u0131 tasar\u0131m, a\u015f\u0131nma ve y\u0131pranmay\u0131 azaltarak daha d\u00fc\u015f\u00fck bak\u0131m maliyetleri ve daha az kesinti s\u00fcresi sa\u011flar ve bu da genel proje verimlili\u011fini art\u0131r\u0131r.<\/li>\n<li><strong>Geli\u015fmi\u015f G\u00fcvenlik \u00d6zellikleri:<\/strong><br \/>\nKazara \u00e7\u0131kmalar\u0131 \u00f6nleyen emniyet mekanizmalar\u0131yla donat\u0131lan bu hidrolik silindirler, kaz\u0131 s\u0131ras\u0131nda hem m\u00fcrettebat\u0131 hem de makineleri koruyarak g\u00fcvenli bir \u00e7al\u0131\u015fma sa\u011flar.<\/li>\n<\/ul>\n<p>\u00c7ift Kalkanl\u0131 T\u00fcnel A\u00e7ma Makineleri i\u00e7in Hidrolik Silindir, modern t\u00fcnel a\u00e7ma teknolojisinde y\u00fcksek performans, dayan\u0131kl\u0131l\u0131k ve g\u00fcvenlik sa\u011flayan hayati bir bile\u015fendir. T\u00fcnel a\u00e7ma makinelerine entegrasyonu, yeralt\u0131 in\u015faat projelerinin verimlili\u011fini ve ba\u015far\u0131s\u0131n\u0131 \u00f6nemli \u00f6l\u00e7\u00fcde art\u0131rarak altyap\u0131 geli\u015ftirme i\u00e7in vazge\u00e7ilmez hale getirir.<\/p>\n<h2>\u00c7ift Kalkanl\u0131 T\u00fcnel A\u00e7ma Makinesi Destek Pabucu Silindiri<\/h2>\n<p><img loading=\"lazy\" decoding=\"async\" class=\"size-full wp-image-912 aligncenter\" src=\"https:\/\/fmp-components.com\/wp-content\/uploads\/2024\/12\/Double-Shield-Tunnel-Boring-Machine-Support-Shoe-Cylinder.webp\" alt=\"\u00c7ift Kalkanl\u0131 T\u00fcnel A\u00e7ma Makinesi Destek Pabucu Silindiri\" width=\"500\" height=\"200\" title=\"\" srcset=\"https:\/\/fmp-components.com\/wp-content\/uploads\/2024\/12\/Double-Shield-Tunnel-Boring-Machine-Support-Shoe-Cylinder.webp 500w, https:\/\/fmp-components.com\/wp-content\/uploads\/2024\/12\/Double-Shield-Tunnel-Boring-Machine-Support-Shoe-Cylinder-480x192.webp 480w\" sizes=\"(min-width: 0px) and (max-width: 480px) 480px, (min-width: 481px) 500px, 100vw\" \/><\/p>\n<table style=\"width: 94.1786%; height: 146px;\" border=\"1\" cellspacing=\"0\" cellpadding=\"0\">\n<tbody>\n<tr>\n<td>\u00dcr\u00fcn Ad\u0131<\/td>\n<td>\u00c7ift Kalkanl\u0131 T\u00fcnel A\u00e7ma Makinesi Destek Pabucu Silindiri<\/td>\n<\/tr>\n<tr>\n<td>\u00d6zellikler:<\/td>\n<td>Kesici kafa t\u00fcnelinin itme g\u00fcc\u00fcn\u00fc sa\u011flar<\/td>\n<\/tr>\n<tr>\n<td>Delik \u00e7ap\u0131:<\/td>\n<td>320 mm\uff5e700 mm<\/td>\n<\/tr>\n<tr>\n<td>\u00c7ubuk \u00e7ap\u0131:<\/td>\n<td>220 mm\uff5e500 mm<br \/>\nStrok: 300mm\uff5e1200mm<\/td>\n<\/tr>\n<tr>\n<td>Bas\u0131n\u00e7:<\/td>\n<td>35MPa'ya kadar<\/td>\n<\/tr>\n<tr>\n<td>Uygulamalar:<\/td>\n<td>\u00c7ift Kalkanl\u0131 T\u00fcnel A\u00e7ma Makinesi<\/td>\n<\/tr>\n<\/tbody>\n<\/table>\n<h2>\u00c7ift Kalkanl\u0131 T\u00fcnel A\u00e7ma Makinesi Tork Silindiri<\/h2>\n<p><img loading=\"lazy\" decoding=\"async\" class=\"size-full wp-image-907 aligncenter\" src=\"https:\/\/fmp-components.com\/wp-content\/uploads\/2024\/12\/Double-Shield-Tunnel-Boring-Machine-Torque-Cylinder.webp\" alt=\"\u00c7ift Kalkanl\u0131 T\u00fcnel A\u00e7ma Makinesi Tork Silindiri\" width=\"500\" height=\"200\" title=\"\" srcset=\"https:\/\/fmp-components.com\/wp-content\/uploads\/2024\/12\/Double-Shield-Tunnel-Boring-Machine-Torque-Cylinder.webp 500w, https:\/\/fmp-components.com\/wp-content\/uploads\/2024\/12\/Double-Shield-Tunnel-Boring-Machine-Torque-Cylinder-480x192.webp 480w\" sizes=\"(min-width: 0px) and (max-width: 480px) 480px, (min-width: 481px) 500px, 100vw\" \/><\/p>\n<table style=\"width: 94.832%; height: 150px;\" border=\"1\" cellspacing=\"0\" cellpadding=\"0\">\n<tbody>\n<tr>\n<td>\u00dcr\u00fcn Ad\u0131<\/td>\n<td>\u00c7ift Kalkanl\u0131 T\u00fcnel A\u00e7ma Makinesi Tork Silindiri<\/td>\n<\/tr>\n<tr>\n<td>\u00d6zellikler:<\/td>\n<td>Kesici kafan\u0131n torkunu iletin<\/td>\n<\/tr>\n<tr>\n<td>\u00d6zellikler:<\/td>\n<td>M\u00fc\u015fteri ihtiya\u00e7lar\u0131na g\u00f6re \u00e7e\u015fitli yap\u0131 ve \u00f6zelliklerde tork silindirleri tasarlan\u0131p \u00fcretilebilmektedir.<\/td>\n<\/tr>\n<tr>\n<td>Bas\u0131n\u00e7:<\/td>\n<td>25MPa'ya kadar<br \/>\n35MPa'ya kadar \u00f6zel gereksinimler<\/td>\n<\/tr>\n<tr>\n<td>Uygulamalar:<\/td>\n<td>\u00c7ift Kalkanl\u0131 T\u00fcnel A\u00e7ma Makinesi<\/td>\n<\/tr>\n<\/tbody>\n<\/table>\n<h2>\u00c7ift Kalkanl\u0131 T\u00fcnel A\u00e7ma Makinesi Ana \u0130tme Silindiri<\/h2>\n<p><img loading=\"lazy\" decoding=\"async\" class=\"size-full wp-image-906 aligncenter\" src=\"https:\/\/fmp-components.com\/wp-content\/uploads\/2024\/12\/Double-Shield-Tunnel-Boring-Machine-Main-Thrust-Cylinder.webp\" alt=\"\u00c7ift Kalkanl\u0131 T\u00fcnel A\u00e7ma Makinesi Ana \u0130tme Silindiri\" width=\"500\" height=\"200\" title=\"\" srcset=\"https:\/\/fmp-components.com\/wp-content\/uploads\/2024\/12\/Double-Shield-Tunnel-Boring-Machine-Main-Thrust-Cylinder.webp 500w, https:\/\/fmp-components.com\/wp-content\/uploads\/2024\/12\/Double-Shield-Tunnel-Boring-Machine-Main-Thrust-Cylinder-480x192.webp 480w\" sizes=\"(min-width: 0px) and (max-width: 480px) 480px, (min-width: 481px) 500px, 100vw\" \/><\/p>\n<table style=\"width: 96.1207%; height: 146px;\" border=\"1\" cellspacing=\"0\" cellpadding=\"0\">\n<tbody>\n<tr>\n<td>\u00dcr\u00fcn Ad\u0131<\/td>\n<td>\u00c7ift Kalkanl\u0131 T\u00fcnel A\u00e7ma Makinesi Ana \u0130tme Silindiri<\/td>\n<\/tr>\n<tr>\n<td>\u00d6zellikler:<\/td>\n<td>TBM'nin ileri t\u00fcnelleme itkisini sa\u011flay\u0131n<\/td>\n<\/tr>\n<tr>\n<td>Delik \u00e7ap\u0131:<\/td>\n<td>220 mm\uff5e380 mm<\/td>\n<\/tr>\n<tr>\n<td>\u00c7ubuk \u00e7ap\u0131:<\/td>\n<td>150 mm\uff5e280 mm<br \/>\nStrok: 1100mm\uff5e1700mm<\/td>\n<\/tr>\n<tr>\n<td>Bas\u0131n\u00e7:<\/td>\n<td>35MPa'ya kadar<\/td>\n<\/tr>\n<tr>\n<td>Uygulamalar:<\/td>\n<td>\u00c7ift Kalkanl\u0131 T\u00fcnel A\u00e7ma Makinesi<\/td>\n<\/tr>\n<\/tbody>\n<\/table>\n<h2>\u00c7ift Kalkanl\u0131 T\u00fcnel A\u00e7ma Makinesi Yard\u0131mc\u0131 \u0130tme Silindiri<\/h2>\n<p><img loading=\"lazy\" decoding=\"async\" class=\"size-full wp-image-904 aligncenter\" src=\"https:\/\/fmp-components.com\/wp-content\/uploads\/2024\/12\/Double-Shield-Tunnel-Boring-Machine-Auxiliary-Thrust-Cylinder.webp\" alt=\"\u00c7ift Kalkanl\u0131 T\u00fcnel A\u00e7ma Makinesi Yard\u0131mc\u0131 \u0130tme Silindiri\" width=\"500\" height=\"200\" title=\"\" srcset=\"https:\/\/fmp-components.com\/wp-content\/uploads\/2024\/12\/Double-Shield-Tunnel-Boring-Machine-Auxiliary-Thrust-Cylinder.webp 500w, https:\/\/fmp-components.com\/wp-content\/uploads\/2024\/12\/Double-Shield-Tunnel-Boring-Machine-Auxiliary-Thrust-Cylinder-480x192.webp 480w\" sizes=\"(min-width: 0px) and (max-width: 480px) 480px, (min-width: 481px) 500px, 100vw\" \/><\/p>\n<table style=\"width: 97.5599%; height: 190px;\" border=\"1\" cellspacing=\"0\" cellpadding=\"0\">\n<tbody>\n<tr>\n<td>\u00dcr\u00fcn Ad\u0131<\/td>\n<td>\u00c7ift Kalkanl\u0131 T\u00fcnel A\u00e7ma Makinesi Yard\u0131mc\u0131 \u0130tme Silindiri<\/td>\n<\/tr>\n<tr>\n<td>\u00d6zellikler:<\/td>\n<td>TBM'nin ileri hareket etmesini sa\u011flamak i\u00e7in yard\u0131mc\u0131 itme silindirinin tepki kuvvetine g\u00fcvenerek boru par\u00e7as\u0131n\u0131 itmek<\/td>\n<\/tr>\n<tr>\n<td>Delik \u00e7ap\u0131:<\/td>\n<td>220 mm\uff5e320 mm<\/td>\n<\/tr>\n<tr>\n<td>\u00c7ubuk \u00e7ap\u0131:<\/td>\n<td>180 mm\uff5e240 mm<br \/>\nStrok: 2100mm\uff5e2600mm<\/td>\n<\/tr>\n<tr>\n<td>Bas\u0131n\u00e7:<\/td>\n<td>35MPa'ya kadar<br \/>\n45MPa'ya kadar \u00f6zel gereksinimler<\/td>\n<\/tr>\n<tr>\n<td>Uygulamalar:<\/td>\n<td>\u00c7ift Kalkanl\u0131 T\u00fcnel A\u00e7ma Makinesi<\/td>\n<\/tr>\n<\/tbody>\n<\/table>\n<h3><\/h3>\n<h3>\u00c7ift Kalkanl\u0131 T\u00fcnel A\u00e7ma Makinas\u0131n\u0131n Hidrolik Silindiri Nas\u0131l \u00c7al\u0131\u015f\u0131r?<\/h3>\n<p>\u00c7ift Kalkanl\u0131 T\u00fcnel A\u00e7ma Makinesi'ndeki (TBM) hidrolik silindir, t\u00fcnel a\u00e7ma s\u00fcrecinde kritik bir rol oynar. \u00c7al\u0131\u015fma prensibine genel bir bak\u0131\u015f:<\/p>\n<ul>\n<li><strong>Hidrolik G\u00fc\u00e7 \u00dcretimi:<\/strong><br \/>\nHidrolik sistem, hidrolik pompalar arac\u0131l\u0131\u011f\u0131yla bas\u0131n\u00e7land\u0131r\u0131lan hidrolik s\u0131v\u0131y\u0131 kullanarak g\u00fc\u00e7 \u00fcretir. Bu bas\u0131n\u00e7land\u0131rma, hidrolik silindirlere iletilen kuvveti olu\u015fturur.<\/li>\n<li><strong>\u0130tme \u00dcretimi:<\/strong><br \/>\nHidrolik silindir, hidrolik s\u0131v\u0131 enerjisini mekanik enerjiye d\u00f6n\u00fc\u015ft\u00fcrerek TBM'ye itme g\u00fcc\u00fc sa\u011flar. Bu itme g\u00fcc\u00fc, makineyi kaya veya toprakta ileri do\u011fru iterek etkili bir kaz\u0131 yap\u0131lmas\u0131n\u0131 sa\u011flar.<\/li>\n<li><strong>\u00c7ift Kalkan Mekanizmas\u0131:<\/strong><br \/>\n\u00c7ift kalkanl\u0131 TBM'de iki kalkan bulunur: \u00f6n kalkan (kesme kalkan\u0131) ve arka kalkan (destek kalkan\u0131). Her iki kalkan da hidrolik silindirlerle entegre edilmi\u015ftir, b\u00f6ylece kaz\u0131 ve destek montaj\u0131 ayn\u0131 anda yap\u0131labilir.<\/li>\n<li><strong>Kesme Kafas\u0131 \u00c7al\u0131\u015fmas\u0131:<\/strong><br \/>\nHidrolik silindirler, TBM'nin \u00f6n taraf\u0131ndaki kesme kafas\u0131n\u0131n hareketini kontrol eder. Uzat\u0131l\u0131p geri \u00e7ekilerek, kesme aletlerinin zemini etkili bir \u015fekilde delmesini sa\u011flayacak \u015fekilde konumland\u0131r\u0131lmas\u0131na yard\u0131mc\u0131 olurlar.<\/li>\n<\/ul>\n<p><img loading=\"lazy\" decoding=\"async\" class=\"alignnone size-full wp-image-909\" src=\"https:\/\/fmp-components.com\/wp-content\/uploads\/2024\/12\/Double-Shield-Tunnel-Boring-Machine-Torque-Cylinder-1.webp\" alt=\"\u00c7ift Kalkanl\u0131 T\u00fcnel Delme Makinesi Tork Silindiri\" width=\"1024\" height=\"555\" title=\"\" srcset=\"https:\/\/fmp-components.com\/wp-content\/uploads\/2024\/12\/Double-Shield-Tunnel-Boring-Machine-Torque-Cylinder-1.webp 1024w, https:\/\/fmp-components.com\/wp-content\/uploads\/2024\/12\/Double-Shield-Tunnel-Boring-Machine-Torque-Cylinder-1-980x531.webp 980w, https:\/\/fmp-components.com\/wp-content\/uploads\/2024\/12\/Double-Shield-Tunnel-Boring-Machine-Torque-Cylinder-1-480x260.webp 480w\" sizes=\"(min-width: 0px) and (max-width: 480px) 480px, (min-width: 481px) and (max-width: 980px) 980px, (min-width: 981px) 1024px, 100vw\" \/><\/p>\n<ul>\n<li><strong>Destek Kurulumu:<\/strong><br \/>\nMakine ilerledik\u00e7e, arka kalkan hidrolik silindirleri kullanarak kesme kafas\u0131n\u0131n arkas\u0131na destek yap\u0131lar\u0131 (segmentler veya g\u00f6mlekler gibi) yerle\u015ftirir ve kaz\u0131 s\u0131ras\u0131nda t\u00fcnel stabilitesini sa\u011flar.<\/li>\n<li><strong>Geri Bildirim Kontrol\u00fc:<\/strong><br \/>\nHidrolik sistem, hidrolik silindirlerin bas\u0131nc\u0131n\u0131 ve konumunu izleyen sens\u00f6rler ve kontrol sistemleriyle donat\u0131lm\u0131\u015ft\u0131r. Bu geri bildirim, hassas ayarlamalara olanak tan\u0131yarak optimum performans ve g\u00fcvenlik sa\u011flar.<\/li>\n<li><strong>Stabilite ve G\u00fcvenlik:<\/strong><br \/>\nHidrolik silindirler, TBM'nin genel stabilitesine katk\u0131da bulunarak hizalama ve dengeyi korumaya yard\u0131mc\u0131 olur, bu da kaza ve operasyonel aksakl\u0131k riskini azalt\u0131r.<\/li>\n<li><strong>Uyum yetene\u011fi:<\/strong><br \/>\nHidrolik sistem, farkl\u0131 toprak tiplerine ve jeolojik ko\u015fullara uyum sa\u011flayacak \u015fekilde ayarlanabiliyor ve bu sayede \u00e7e\u015fitli t\u00fcnel projelerinde \u00e7ok y\u00f6nl\u00fc kullan\u0131labiliyor.<\/li>\n<\/ul>\n<p>\u00c7ift Kalkanl\u0131 T\u00fcnel A\u00e7ma Makinesindeki hidrolik silindirler, itme, denge ve deste\u011fin etkili bir \u015fekilde y\u00f6netilmesi sayesinde ba\u015far\u0131l\u0131 ve g\u00fcvenli t\u00fcnel kaz\u0131s\u0131 i\u00e7in olmazsa olmazd\u0131r ve modern yeralt\u0131 in\u015faat\u0131n\u0131n verimlili\u011fini ve g\u00fcvenilirli\u011fini art\u0131r\u0131r.<\/p>\n<p><img loading=\"lazy\" decoding=\"async\" class=\"alignnone  wp-image-914\" src=\"https:\/\/fmp-components.com\/wp-content\/uploads\/2024\/12\/Double-Shield-Tunnel-Boring-Machine-Main-Thrust-Cylinder-1.webp\" alt=\"\u00c7ift Kalkanl\u0131 T\u00fcnel A\u00e7ma Makinesi Ana \u0130tme Silindiri\" width=\"907\" height=\"305\" title=\"\" srcset=\"https:\/\/fmp-components.com\/wp-content\/uploads\/2024\/12\/Double-Shield-Tunnel-Boring-Machine-Main-Thrust-Cylinder-1.webp 907w, https:\/\/fmp-components.com\/wp-content\/uploads\/2024\/12\/Double-Shield-Tunnel-Boring-Machine-Main-Thrust-Cylinder-1-480x161.webp 480w\" sizes=\"(min-width: 0px) and (max-width: 480px) 480px, (min-width: 481px) 907px, 100vw\" \/><\/p>\n<h3>FMP Hakk\u0131nda<\/h3>\n<p>FMP, hidrolik silindir \u00fcretimine odaklanm\u0131\u015f uzman bir mekanik \u00fcretim \u015firketidir. Kurulu\u015fundan bu yana \u015firket, hidrolik teknolojisinin ara\u015ft\u0131rma ve \u00fcretimine odaklanm\u0131\u015f ve hasat ve in\u015faat makinelerini de i\u00e7eren geni\u015f \u00fcr\u00fcn yelpazesinden, tar\u0131m trakt\u00f6r\u00fc bile\u015fenlerinde uzmanla\u015fmaya ba\u015far\u0131yla ge\u00e7i\u015f yapm\u0131\u015ft\u0131r. \u00dcretim ve y\u00f6netim alan\u0131nda on y\u0131l\u0131 a\u015fk\u0131n deneyimiyle FMP, geli\u015fmi\u015f \u00fcretim teknikleri sayesinde y\u00fcksek kaliteli \u00fcr\u00fcnler sunmaktad\u0131r.<\/p>\n<p>\u015eirketimiz geli\u015ftik\u00e7e, kapsaml\u0131 bir tala\u015fl\u0131 imalat \u00fcretim hatt\u0131, montaj hatt\u0131 ve kaplama hatt\u0131 geli\u015ftirdi. Ekibimiz, istikrarl\u0131 \u00fcretim kalitesini korurken s\u00fcre\u00e7 s\u00fcreklili\u011fini ve verimlili\u011fini etkili bir \u015fekilde kontrol etmek i\u00e7in birlikte \u00e7al\u0131\u015fan yetenekli y\u00f6netim personeli, deneyimli makine tasar\u0131mc\u0131lar\u0131 ve y\u00fcksek e\u011fitimli teknisyenlerden olu\u015fmaktad\u0131r.<\/p>\n<p>FMP, \u201cTeknolojik Yenilik \u0130lerlemeyi Te\u015fvik Eder, Kalite Marka Yarat\u0131r, \u0130\u015f\u00e7ilik Kaliteyi Sa\u011flar ve Uzun Vadeli Kazan-Kazan \u0130li\u015fkileri Kurar\u201d felsefesini benimser. Y\u00fcksek kaliteli \u00fcr\u00fcnler ve \u00fcst\u00fcn m\u00fc\u015fteri hizmeti sunma taahh\u00fcd\u00fcm\u00fcz, pazar\u0131n geli\u015fen ihtiya\u00e7lar\u0131n\u0131 kar\u015f\u0131lamaya devam ederken temel hedefimiz olmaya devam etmektedir.<\/p>\n<p><img loading=\"lazy\" decoding=\"async\" class=\"alignnone size-full wp-image-426\" src=\"https:\/\/fmp-components.com\/wp-content\/uploads\/2024\/12\/Sanitation-Machinery-Locking-Hydraulic-Cylinder-factory.webp\" sizes=\"(min-width: 0px) and (max-width: 480px) 480px, (min-width: 481px) and (max-width: 980px) 980px, (min-width: 981px) and (max-width: 1280px) 1280px, (min-width: 1281px) 1414px, 100vw\" srcset=\"https:\/\/fmp-components.com\/wp-content\/uploads\/2024\/12\/Sanitation-Machinery-Locking-Hydraulic-Cylinder-factory.webp 1414w, https:\/\/fmp-components.com\/wp-content\/uploads\/2024\/12\/Sanitation-Machinery-Locking-Hydraulic-Cylinder-factory-1280x529.webp 1280w, https:\/\/fmp-components.com\/wp-content\/uploads\/2024\/12\/Sanitation-Machinery-Locking-Hydraulic-Cylinder-factory-980x405.webp 980w, https:\/\/fmp-components.com\/wp-content\/uploads\/2024\/12\/Sanitation-Machinery-Locking-Hydraulic-Cylinder-factory-480x198.webp 480w\" alt=\"Sanitasyon-Makine-Kilitleme-Hidrolik-Silindir-Fabrikas\u0131\" width=\"1414\" height=\"584\" title=\"\"><\/p>\n<p>Yazar: CX<\/p>","protected":false},"excerpt":{"rendered":"<p>\u00c7ift Kalkanl\u0131 T\u00fcnel A\u00e7ma Makineleri i\u00e7in Hidrolik Silindir, t\u00fcnel a\u00e7ma i\u015flemi s\u0131ras\u0131nda g\u00fc\u00e7l\u00fc itme g\u00fcc\u00fc ve hassas kontrol sa\u011flamak \u00fczere tasarlanm\u0131\u015f kritik bir bile\u015fendir. Zorlu jeolojik ko\u015fullarda etkili bir \u015fekilde \u00e7al\u0131\u015fmak \u00fczere tasarlanan bu silindirler, \u00e7ift kalkan sistemini destekleyerek e\u015f zamanl\u0131 kaz\u0131 ve destek kurulumuna olanak tan\u0131r. Dayan\u0131kl\u0131 yap\u0131lar\u0131 uzun \u00f6m\u00fcr ve g\u00fcvenilirlik sa\u011flarken, geli\u015fmi\u015f hidrolik teknolojisi hizalama ve g\u00fcvenli\u011fin sa\u011flanmas\u0131 i\u00e7in gerekli olan p\u00fcr\u00fczs\u00fcz ve hassas hareketler sa\u011flar. Bu hidrolik sistem, t\u00fcnel in\u015faat\u0131n\u0131n verimlili\u011fini ve etkinli\u011fini \u00f6nemli \u00f6l\u00e7\u00fcde art\u0131rarak, metro sistemleri ve altyap\u0131 t\u00fcnelleri de dahil olmak \u00fczere \u00e7e\u015fitli yeralt\u0131 projeleri i\u00e7in uygun hale getirir.<\/p>","protected":false},"featured_media":908,"comment_status":"open","ping_status":"closed","template":"","meta":{"_et_pb_use_builder":"","_et_pb_old_content":"","_et_gb_content_width":""},"product_brand":[],"product_cat":[30],"product_tag":[],"class_list":{"0":"post-885","1":"product","2":"type-product","3":"status-publish","4":"has-post-thumbnail","6":"product_cat-tunnel-boring-machine-hydraulic-cylinders","8":"first","9":"instock","10":"shipping-taxable","11":"product-type-simple"},"_links":{"self":[{"href":"https:\/\/fmp-components.com\/tr\/wp-json\/wp\/v2\/product\/885","targetHints":{"allow":["GET"]}}],"collection":[{"href":"https:\/\/fmp-components.com\/tr\/wp-json\/wp\/v2\/product"}],"about":[{"href":"https:\/\/fmp-components.com\/tr\/wp-json\/wp\/v2\/types\/product"}],"replies":[{"embeddable":true,"href":"https:\/\/fmp-components.com\/tr\/wp-json\/wp\/v2\/comments?post=885"}],"wp:featuredmedia":[{"embeddable":true,"href":"https:\/\/fmp-components.com\/tr\/wp-json\/wp\/v2\/media\/908"}],"wp:attachment":[{"href":"https:\/\/fmp-components.com\/tr\/wp-json\/wp\/v2\/media?parent=885"}],"wp:term":[{"taxonomy":"product_brand","embeddable":true,"href":"https:\/\/fmp-components.com\/tr\/wp-json\/wp\/v2\/product_brand?post=885"},{"taxonomy":"product_cat","embeddable":true,"href":"https:\/\/fmp-components.com\/tr\/wp-json\/wp\/v2\/product_cat?post=885"},{"taxonomy":"product_tag","embeddable":true,"href":"https:\/\/fmp-components.com\/tr\/wp-json\/wp\/v2\/product_tag?post=885"}],"curies":[{"name":"wp","href":"https:\/\/api.w.org\/{rel}","templated":true}]}}