{"id":883,"date":"2024-12-19T02:28:37","date_gmt":"2024-12-19T02:28:37","guid":{"rendered":"https:\/\/fmp-components.com\/?page_id=8"},"modified":"2024-12-19T02:28:37","modified_gmt":"2024-12-19T02:28:37","slug":"hydraulic-cylinder-for-open-tunnel-boring-machine","status":"publish","type":"product","link":"https:\/\/fmp-components.com\/tr\/product\/hydraulic-cylinder-for-open-tunnel-boring-machine\/","title":{"rendered":"A\u00e7\u0131k T\u00fcnel A\u00e7ma Makinesi i\u00e7in Hidrolik Silindir"},"content":{"rendered":"<p style=\"text-align: center;\"><span style=\"font-size: 18pt;\">A\u00e7\u0131k T\u00fcnel A\u00e7ma Makinesi i\u00e7in Hidrolik Silindir<\/span><\/p>\n<p>A\u00e7\u0131k T\u00fcnel A\u00e7ma Makineleri i\u00e7in Hidrolik Silindir, t\u00fcnel kaz\u0131 s\u00fcre\u00e7lerinin verimlili\u011fini ve etkinli\u011fini art\u0131rmak i\u00e7in tasarlanm\u0131\u015f temel bir bile\u015fendir. G\u00fc\u00e7l\u00fc itme g\u00fcc\u00fc ve hassas kontrol sa\u011flamak \u00fczere tasarlanan bu hidrolik silindirler, zorlu ortamlarda sorunsuz \u00e7al\u0131\u015fmay\u0131 kolayla\u015ft\u0131r\u0131r.\u00a0\u00a0\u00a0<img loading=\"lazy\" decoding=\"async\" class=\"wp-image-896 aligncenter\" src=\"https:\/\/fmp-components.com\/wp-content\/uploads\/2024\/12\/The-Role-of-Open-Tunnel-Boring-Machine-Shield-Cylinder.webp\" alt=\"A\u00e7\u0131k T\u00fcnel Delme Makinesi Kalkan Silindirinin Rol\u00fc\" width=\"722\" height=\"457\" title=\"\" srcset=\"https:\/\/fmp-components.com\/wp-content\/uploads\/2024\/12\/The-Role-of-Open-Tunnel-Boring-Machine-Shield-Cylinder.webp 722w, https:\/\/fmp-components.com\/wp-content\/uploads\/2024\/12\/The-Role-of-Open-Tunnel-Boring-Machine-Shield-Cylinder-480x304.webp 480w\" sizes=\"(min-width: 0px) and (max-width: 480px) 480px, (min-width: 481px) 722px, 100vw\" \/><\/p>\n<h4>Temel \u00d6zellikler:<\/h4>\n<ul>\n<li><strong>Y\u00fcksek Performans:<\/strong> \u00d6nemli bir kuvvet \u00fcretebilen bu silindirler, h\u0131zl\u0131 ve verimli t\u00fcnellemeyi garanti alt\u0131na alarak proje s\u00fcrelerini k\u0131salt\u0131r ve \u00fcretkenli\u011fi art\u0131r\u0131r.<\/li>\n<li><strong>Sa\u011flam Tasar\u0131m:<\/strong> Y\u00fcksek mukavemetli malzemelerden \u00fcretilen silindirler, y\u00fcksek bas\u0131n\u00e7lar ve a\u015f\u0131nd\u0131r\u0131c\u0131 ortamlar dahil olmak \u00fczere zorlu ko\u015fullara dayanacak \u015fekilde \u00fcretilmi\u015ftir ve uzun s\u00fcreli dayan\u0131kl\u0131l\u0131k sa\u011flar.<\/li>\n<li><strong>Hassas M\u00fchendislik:<\/strong> Hidrolik sistem, delme makinesinin hassas hareketini ve kontrol\u00fcn\u00fc sa\u011flayarak, ba\u015far\u0131l\u0131 bir kaz\u0131 i\u00e7in kritik \u00f6neme sahip hassas t\u00fcnel a\u00e7ma ve hizalama imkan\u0131 sa\u011flar.<\/li>\n<li><strong>Geli\u015fmi\u015f Stabilite:<\/strong> Bu silindirler sondaj makinesinin genel stabilitesine katk\u0131da bulunarak, g\u00fcvenlikten \u00f6d\u00fcn vermeden \u00e7e\u015fitli jeolojik olu\u015fumlar aras\u0131nda hareket etmesini sa\u011flar.<\/li>\n<li><strong>\u00c7ok Y\u00f6nl\u00fc Uygulamalar:<\/strong> Metrolar, kamu t\u00fcnelleri ve altyap\u0131 geli\u015ftirmeleri de dahil olmak \u00fczere \u00e7ok \u00e7e\u015fitli projeler i\u00e7in uygun olan bu silindirler, farkl\u0131 t\u00fcnel ihtiya\u00e7lar\u0131na uyarlanabilir.<\/li>\n<li><strong>Minimum Bak\u0131m:<\/strong> Dayan\u0131kl\u0131 yap\u0131s\u0131 a\u015f\u0131nma ve y\u0131pranmay\u0131 azaltarak bak\u0131m maliyetlerini d\u00fc\u015f\u00fcr\u00fcr ve aksama s\u00fcresini en aza indirir; bu da genel proje verimlili\u011fini art\u0131r\u0131r.<\/li>\n<li><strong>G\u00fcvenlik Mekanizmalar\u0131:<\/strong> Geli\u015fmi\u015f g\u00fcvenlik \u00f6zellikleriyle donat\u0131lan bu hidrolik silindirler, kaz\u0131 s\u0131ras\u0131nda kazara devreden \u00e7\u0131kmay\u0131 \u00f6nleyerek g\u00fcvenli ve g\u00fcvenilir bir \u00e7al\u0131\u015fma sa\u011flar.<\/li>\n<\/ul>\n<p>A\u00e7\u0131k T\u00fcnel A\u00e7ma Makineleri i\u00e7in Hidrolik Silindir, y\u00fcksek performans, g\u00fcvenilirlik ve emniyet sa\u011flayan modern t\u00fcnel teknolojisinde \u00f6nemli bir varl\u0131kt\u0131r. T\u00fcnel a\u00e7ma makinelerine entegrasyonu, yeralt\u0131 in\u015faat projelerinin verimlili\u011fini \u00f6nemli \u00f6l\u00e7\u00fcde art\u0131rarak temel altyap\u0131n\u0131n ba\u015far\u0131yla tamamlanmas\u0131na katk\u0131da bulunur.<\/p>\n<h2>A\u00e7\u0131k T\u00fcnel A\u00e7ma Makinesi Destek Pabucu Silindiri<\/h2>\n<p><img loading=\"lazy\" decoding=\"async\" class=\"size-full wp-image-893 aligncenter\" src=\"https:\/\/fmp-components.com\/wp-content\/uploads\/2024\/12\/Open-Tunnel-Boring-Machine-Support-Shoe-Cylinder.webp\" alt=\"A\u00e7\u0131k T\u00fcnel A\u00e7ma Makinesi Destek Pabucu Silindiri\" width=\"500\" height=\"200\" title=\"\" srcset=\"https:\/\/fmp-components.com\/wp-content\/uploads\/2024\/12\/Open-Tunnel-Boring-Machine-Support-Shoe-Cylinder.webp 500w, https:\/\/fmp-components.com\/wp-content\/uploads\/2024\/12\/Open-Tunnel-Boring-Machine-Support-Shoe-Cylinder-480x192.webp 480w\" sizes=\"(min-width: 0px) and (max-width: 480px) 480px, (min-width: 481px) 500px, 100vw\" \/><\/p>\n<table style=\"width: 95.809%; height: 180px;\" border=\"1\" cellspacing=\"0\" cellpadding=\"0\">\n<tbody>\n<tr>\n<td>\u00dcr\u00fcn Ad\u0131<\/td>\n<td>A\u00e7\u0131k T\u00fcnel A\u00e7ma Makinesi Destek Pabucu Silindiri<\/td>\n<\/tr>\n<tr>\n<td>\u00d6zellikler:<\/td>\n<td>Kesici kafa t\u00fcnelinin itme g\u00fcc\u00fcn\u00fc sa\u011flar<\/td>\n<\/tr>\n<tr>\n<td>Delik \u00e7ap\u0131:<\/td>\n<td>\u00a0480 mm\uff5e1000 mm<\/td>\n<\/tr>\n<tr>\n<td>\u00c7ubuk \u00e7ap\u0131:<\/td>\n<td>400 mm\uff5e730 mm<br \/>\nStrok 400mm\uff5e825mm<\/td>\n<\/tr>\n<tr>\n<td>Bas\u0131n\u00e7:<\/td>\n<td>35MPa'ya kadar<\/td>\n<\/tr>\n<tr>\n<td>Uygulamalar:<\/td>\n<td>A\u00e7\u0131k T\u00fcnel A\u00e7ma Makinesi<\/td>\n<\/tr>\n<\/tbody>\n<\/table>\n<h2><img loading=\"lazy\" decoding=\"async\" class=\"alignnone  wp-image-902\" src=\"https:\/\/fmp-components.com\/wp-content\/uploads\/2024\/12\/Open-Tunnel-Boring-Machine-Support-Shoe-Cylinder-1.webp\" alt=\"A\u00e7\u0131k T\u00fcnel Delme Makinesi Destek Pabucu Silindiri\" width=\"891\" height=\"502\" title=\"\">A\u00e7\u0131k T\u00fcnel A\u00e7ma Makinesi \u0130tme Silindiri<\/h2>\n<p><img loading=\"lazy\" decoding=\"async\" class=\"size-full wp-image-894 aligncenter\" src=\"https:\/\/fmp-components.com\/wp-content\/uploads\/2024\/12\/Open-Tunnel-Boring-Machine-Thrust-Cylinder.webp\" alt=\"A\u00e7\u0131k T\u00fcnel A\u00e7ma Makinesi \u0130tme Silindiri\" width=\"500\" height=\"200\" title=\"\" srcset=\"https:\/\/fmp-components.com\/wp-content\/uploads\/2024\/12\/Open-Tunnel-Boring-Machine-Thrust-Cylinder.webp 500w, https:\/\/fmp-components.com\/wp-content\/uploads\/2024\/12\/Open-Tunnel-Boring-Machine-Thrust-Cylinder-480x192.webp 480w\" sizes=\"(min-width: 0px) and (max-width: 480px) 480px, (min-width: 481px) 500px, 100vw\" \/><\/p>\n<table style=\"width: 95.7726%; height: 154px;\" border=\"1\" cellspacing=\"0\" cellpadding=\"0\">\n<tbody>\n<tr>\n<td>\u00dcr\u00fcn Ad\u0131<\/td>\n<td>A\u00e7\u0131k T\u00fcnel A\u00e7ma Makinesi \u0130tme Silindiri<\/td>\n<\/tr>\n<tr>\n<td>\u00d6zellikler:<\/td>\n<td>T\u00fcnel a\u00e7ma makinesinin ileri t\u00fcnelleme itkisini sa\u011flay\u0131n<\/td>\n<\/tr>\n<tr>\n<td>Delik \u00e7ap\u0131:<\/td>\n<td>300 mm\uff5e600 mm<\/td>\n<\/tr>\n<tr>\n<td>\u00c7ubuk \u00e7ap\u0131:<\/td>\n<td>200 mm\uff5e400 mm<br \/>\nStrok 1100mm\uff5e2050mm<\/td>\n<\/tr>\n<tr>\n<td>Bas\u0131n\u00e7:<\/td>\n<td>35MPa'ya kadar<\/td>\n<\/tr>\n<tr>\n<td>Uygulamalar:<\/td>\n<td>A\u00e7\u0131k T\u00fcnel A\u00e7ma Makinesi<\/td>\n<\/tr>\n<\/tbody>\n<\/table>\n<h2><img loading=\"lazy\" decoding=\"async\" class=\"alignnone  wp-image-898\" src=\"https:\/\/fmp-components.com\/wp-content\/uploads\/2024\/12\/Tunnel-Boring-Machine-Thrust-Cylinder-1.webp\" alt=\"T\u00fcnel Delme Makinesi \u0130tme Silindiri\" width=\"883\" height=\"474\" title=\"\">A\u00e7\u0131k T\u00fcnel Delme Makinesi Tork Silindiri<\/h2>\n<p><img loading=\"lazy\" decoding=\"async\" class=\"size-full wp-image-892 aligncenter\" src=\"https:\/\/fmp-components.com\/wp-content\/uploads\/2024\/12\/Open-Tunnel-Boring-Machine-Shield-Cylinder.webp\" alt=\"A\u00e7\u0131k T\u00fcnel A\u00e7ma Makinesi Kalkan Silindiri\" width=\"500\" height=\"200\" title=\"\" srcset=\"https:\/\/fmp-components.com\/wp-content\/uploads\/2024\/12\/Open-Tunnel-Boring-Machine-Shield-Cylinder.webp 500w, https:\/\/fmp-components.com\/wp-content\/uploads\/2024\/12\/Open-Tunnel-Boring-Machine-Shield-Cylinder-480x192.webp 480w\" sizes=\"(min-width: 0px) and (max-width: 480px) 480px, (min-width: 481px) 500px, 100vw\" \/><\/p>\n<table style=\"width: 97.0823%; height: 142px;\" border=\"1\" cellspacing=\"0\" cellpadding=\"0\">\n<tbody>\n<tr style=\"height: 23px;\">\n<td style=\"height: 23px;\">\u00dcr\u00fcn Ad\u0131<\/td>\n<td style=\"height: 23px;\">A\u00e7\u0131k T\u00fcnel Delme Makinesi Tork Silindiri<\/td>\n<\/tr>\n<tr style=\"height: 23px;\">\n<td style=\"height: 23px;\">\u00d6zellikler:<\/td>\n<td style=\"height: 23px;\">T\u00fcnel delme makinesinin y\u00f6n ayarlamas\u0131 ve kesici kafa torkunun iletimi i\u00e7in kullan\u0131l\u0131r<\/td>\n<\/tr>\n<tr style=\"height: 23px;\">\n<td style=\"height: 23px;\">Delik \u00e7ap\u0131:<\/td>\n<td style=\"height: 23px;\">220 mm\uff5e450 mm<\/td>\n<\/tr>\n<tr style=\"height: 47px;\">\n<td style=\"height: 47px;\">\u00c7ubuk \u00e7ap\u0131:<\/td>\n<td style=\"height: 47px;\">125 mm\uff5e260 mm<br \/>\nStrok 200mm\uff5e260mm<\/td>\n<\/tr>\n<tr style=\"height: 23px;\">\n<td style=\"height: 23px;\">Bas\u0131n\u00e7:<\/td>\n<td style=\"height: 23px;\">35MPa'ya kadar<\/td>\n<\/tr>\n<tr style=\"height: 23px;\">\n<td style=\"height: 23px;\">Uygulamalar:<\/td>\n<td style=\"height: 23px;\">A\u00e7\u0131k T\u00fcnel A\u00e7ma Makinesi<\/td>\n<\/tr>\n<\/tbody>\n<\/table>\n<p><img loading=\"lazy\" decoding=\"async\" class=\"alignnone  wp-image-897\" src=\"https:\/\/fmp-components.com\/wp-content\/uploads\/2024\/12\/Tunnel-Boring-Machine-Torque-Cylinder-1.webp\" alt=\"T\u00fcnel Delme Makinesi Tork Silindiri\" width=\"863\" height=\"578\" title=\"\"><\/p>\n<p><img loading=\"lazy\" decoding=\"async\" class=\"alignnone  wp-image-901\" src=\"https:\/\/fmp-components.com\/wp-content\/uploads\/2024\/12\/Open-Tunnel-Boring-Machine-Torque-Cylinder-1.webp\" alt=\"A\u00e7\u0131k T\u00fcnel Delme Makinesi Tork Silindiri\" width=\"884\" height=\"328\" title=\"\" srcset=\"https:\/\/fmp-components.com\/wp-content\/uploads\/2024\/12\/Open-Tunnel-Boring-Machine-Torque-Cylinder-1.webp 884w, https:\/\/fmp-components.com\/wp-content\/uploads\/2024\/12\/Open-Tunnel-Boring-Machine-Torque-Cylinder-1-480x178.webp 480w\" sizes=\"(min-width: 0px) and (max-width: 480px) 480px, (min-width: 481px) 884px, 100vw\" \/><\/p>\n<h2>A\u00e7\u0131k T\u00fcnel A\u00e7ma Makinesi Kalkan Silindiri<\/h2>\n<p><img loading=\"lazy\" decoding=\"async\" class=\"size-full wp-image-895 aligncenter\" src=\"https:\/\/fmp-components.com\/wp-content\/uploads\/2024\/12\/Open-Tunnel-Boring-Machine-Torque-Cylinder.webp\" alt=\"A\u00e7\u0131k T\u00fcnel Delme Makinesi Tork Silindiri\" width=\"500\" height=\"200\" title=\"\" srcset=\"https:\/\/fmp-components.com\/wp-content\/uploads\/2024\/12\/Open-Tunnel-Boring-Machine-Torque-Cylinder.webp 500w, https:\/\/fmp-components.com\/wp-content\/uploads\/2024\/12\/Open-Tunnel-Boring-Machine-Torque-Cylinder-480x192.webp 480w\" sizes=\"(min-width: 0px) and (max-width: 480px) 480px, (min-width: 481px) 500px, 100vw\" \/><\/p>\n<table style=\"width: 96.9901%; height: 226px;\" border=\"1\" cellspacing=\"0\" cellpadding=\"0\">\n<tbody>\n<tr style=\"height: 23px;\">\n<td style=\"height: 23px; width: 17.706%;\">\u00dcr\u00fcn Ad\u0131<\/td>\n<td style=\"height: 23px; width: 82.1826%;\">A\u00e7\u0131k T\u00fcnel A\u00e7ma Makinesi Kalkan Silindiri<\/td>\n<\/tr>\n<tr style=\"height: 47px;\">\n<td style=\"height: 47px; width: 17.706%;\">\u00d6zellikler:<\/td>\n<td style=\"height: 47px; width: 82.1826%;\">Kesici ba\u015fl\u0131\u011f\u0131 sabitleyin\/yak\u0131nsamadan kaynaklanan s\u0131k\u0131\u015fmay\u0131 \u00f6nleyin<\/td>\n<\/tr>\n<tr style=\"height: 47px;\">\n<td style=\"height: 47px; width: 17.706%;\">Delik \u00e7ap\u0131:<\/td>\n<td style=\"height: 47px; width: 82.1826%;\">130 mm\uff5e360 mm<\/td>\n<\/tr>\n<tr style=\"height: 47px;\">\n<td style=\"height: 47px; width: 17.706%;\">\u00c7ubuk \u00e7ap\u0131:<\/td>\n<td style=\"height: 47px; width: 82.1826%;\">80 mm\uff5e220 mm<br \/>\nStrok 100mm\uff5e420mm<\/td>\n<\/tr>\n<tr style=\"height: 47px;\">\n<td style=\"height: 47px; width: 17.706%;\">Bas\u0131n\u00e7:<\/td>\n<td style=\"height: 47px; width: 82.1826%;\">25MPa'ya kadar<br \/>\n35Mpa'ya kadar \u00f6zel gereksinimler<\/td>\n<\/tr>\n<tr style=\"height: 23px;\">\n<td style=\"height: 23px; width: 17.706%;\">Uygulamalar:<\/td>\n<td style=\"height: 23px; width: 82.1826%;\">A\u00e7\u0131k T\u00fcnel A\u00e7ma Makinesi<\/td>\n<\/tr>\n<\/tbody>\n<\/table>\n<h3><img loading=\"lazy\" decoding=\"async\" class=\"alignnone  wp-image-899\" src=\"https:\/\/fmp-components.com\/wp-content\/uploads\/2024\/12\/Open-Tunnel-Boring-Machine-Shield-Cylinder-1.webp\" alt=\"A\u00e7\u0131k T\u00fcnel Delme Makinesi Kalkan Silindiri\" width=\"900\" height=\"378\" title=\"\">A\u00e7\u0131k T\u00fcnel A\u00e7ma Makinesi Hidrolik Silindirinin Avantajlar\u0131<\/h3>\n<ol>\n<li><strong>Y\u00fcksek \u0130tme Kapasitesi:<\/strong><br \/>\nA\u00e7\u0131k T\u00fcnel A\u00e7ma Makinesi hidrolik silindirleri, g\u00fc\u00e7l\u00fc bir itme g\u00fcc\u00fc sa\u011flayarak h\u0131zl\u0131 kaz\u0131 ve verimli t\u00fcnel a\u00e7ma operasyonlar\u0131na olanak tan\u0131r. Bu kapasite, projenin daha h\u0131zl\u0131 tamamlanmas\u0131n\u0131 ve \u00fcretkenli\u011fin artmas\u0131n\u0131 sa\u011flar.<\/li>\n<li><strong>Dayan\u0131kl\u0131 Yap\u0131:<\/strong><br \/>\nY\u00fcksek mukavemetli malzemelerden \u00fcretilen bu hidrolik silindirler, zorlu ko\u015fullara ve a\u015f\u0131r\u0131 bas\u0131n\u00e7lara dayanacak \u015fekilde \u00fcretilmi\u015ftir, uzun vadeli g\u00fcvenilirlik sa\u011flar ve \u00e7al\u0131\u015fma s\u0131ras\u0131nda ar\u0131za riskini azalt\u0131r.<\/li>\n<li><strong>Hassas Kontrol:<\/strong><br \/>\nHidrolik sistem, delme makinesinin hassas hareketini ve kontrol\u00fcn\u00fc sa\u011flayarak hassas t\u00fcnel a\u00e7ma ve hizalama sa\u011flar. Bu hassasiyet, t\u00fcnelin b\u00fct\u00fcnl\u00fc\u011f\u00fcn\u00fcn korunmas\u0131 ve proje \u015fartnamelerinin kar\u015f\u0131lanmas\u0131 i\u00e7in olmazsa olmazd\u0131r.<\/li>\n<li><strong>Geli\u015fmi\u015f Stabilite:<\/strong><br \/>\nBu silindirler, sondaj makinesinin genel stabilitesine katk\u0131da bulunarak, \u00e7e\u015fitli jeolojik olu\u015fumlarda g\u00fcvenlikten \u00f6d\u00fcn vermeden hareket etmesini sa\u011flar. Bu stabilite, kaza ve operasyonel aksakl\u0131k riskini azalt\u0131r.<\/li>\n<li><strong>Azalt\u0131lm\u0131\u015f Bak\u0131m Gereksinimleri:<\/strong><br \/>\nSa\u011flam tasar\u0131m\u0131, a\u015f\u0131nma ve y\u0131pranmay\u0131 en aza indirerek daha d\u00fc\u015f\u00fck bak\u0131m maliyetleri ve daha az ar\u0131za s\u00fcresi sa\u011flar. Bu verimlilik, delme makinesinin daha uzun s\u00fcre \u00e7al\u0131\u015f\u0131r durumda kalmas\u0131n\u0131 sa\u011flayarak genel proje verimlili\u011fini art\u0131r\u0131r.<\/li>\n<li><strong>Uygulamalarda \u00c7ok Y\u00f6nl\u00fcl\u00fck:<\/strong><br \/>\nMetrolar, su iletim sistemleri ve kamu t\u00fcnelleri dahil olmak \u00fczere \u00e7e\u015fitli t\u00fcnel projelerine uygun olan bu hidrolik silindirler, farkl\u0131 ihtiya\u00e7lara uyum sa\u011flayabildi\u011finden, \u00e7e\u015fitli in\u015faat ortamlar\u0131nda de\u011ferli bir varl\u0131k haline gelir.<\/li>\n<li><strong>G\u00fcvenlik \u00d6zellikleri:<\/strong><br \/>\nGeli\u015fmi\u015f emniyet mekanizmalar\u0131yla donat\u0131lan hidrolik silindirler, kazara devreden \u00e7\u0131kmay\u0131 \u00f6nleyerek zorlu kaz\u0131 g\u00f6revlerinde g\u00fcvenli ve g\u00fcvenilir bir \u00e7al\u0131\u015fma sa\u011flar. Bu sayede hem operat\u00f6rlerin hem de ekipman\u0131n g\u00fcvenli\u011fi artar.<\/li>\n<li><strong>Y\u00fcksek G\u00fc\u00e7 \u00c7\u0131k\u0131\u015fl\u0131 Kompakt Tasar\u0131m:<\/strong><br \/>\nHidrolik tasar\u0131m, kompakt bir formda \u00f6nemli bir kuvvet \u00fcretimine olanak tan\u0131r ve makinenin genel boyutunu art\u0131rmadan a\u011f\u0131r y\u00fckleri ve karma\u015f\u0131k hareketleri y\u00f6netmeyi kolayla\u015ft\u0131r\u0131r.<\/li>\n<\/ol>\n<p>Bu avantajlardan yararlanan A\u00e7\u0131k T\u00fcnel A\u00e7ma Makinesi hidrolik silindirleri, modern t\u00fcnel projelerinin verimlili\u011fi, g\u00fcvenli\u011fi ve ba\u015far\u0131s\u0131nda kritik bir rol oynamaktad\u0131r. Performanslar\u0131 ve g\u00fcvenilirlikleri, etkili yeralt\u0131 in\u015faat\u0131n\u0131n anahtar\u0131d\u0131r.<\/p>\n<h2><img loading=\"lazy\" decoding=\"async\" class=\"alignnone  wp-image-903\" src=\"https:\/\/fmp-components.com\/wp-content\/uploads\/2024\/12\/Hydraulic-Cylinder-for-Open-Tunnel-Boring-Machine-1.webp\" alt=\"A\u00e7\u0131k T\u00fcnel Delme Makinesi i\u00e7in Hidrolik Silindir\" width=\"893\" height=\"607\" title=\"\"><\/h2>\n<h3>A\u00e7\u0131k T\u00fcnel A\u00e7ma Makinesi Hidrolik Silindirinin Uygulamas\u0131<\/h3>\n<p>A\u00e7\u0131k T\u00fcnel A\u00e7ma Makinesi (OTBM) hidrolik silindirleri, \u00e7e\u015fitli yeralt\u0131 kaz\u0131 projelerinin ayr\u0131lmaz bir par\u00e7as\u0131d\u0131r ve uygulamalar\u0131nda \u00e7ok y\u00f6nl\u00fcl\u00fck ve verimlilik sunar. \u0130\u015fte baz\u0131 \u00f6nemli uygulamalar:<\/p>\n<ol>\n<li><strong>Metro \u0130n\u015faat\u0131:<\/strong><br \/>\nHidrolik silindirler, metro sistemlerinde t\u00fcnellerin kaz\u0131lmas\u0131nda kullan\u0131larak kentsel alanlarda yeralt\u0131 ula\u015f\u0131m g\u00fczergahlar\u0131n\u0131n h\u0131zl\u0131 ve g\u00fcvenli bir \u015fekilde olu\u015fturulmas\u0131n\u0131 sa\u011flar.<\/li>\n<li><strong>Altyap\u0131 T\u00fcnelcili\u011fi:<\/strong><br \/>\nBu silindirler, su, gaz ve elektrik gibi temel hizmet hatlar\u0131n\u0131n yer alt\u0131nda bar\u0131nd\u0131r\u0131lmas\u0131n\u0131 sa\u011flayan t\u00fcnellerin olu\u015fturulmas\u0131n\u0131 sa\u011flayarak bu hatlar\u0131n d\u00f6\u015fenmesini kolayla\u015ft\u0131r\u0131r.<\/li>\n<li><strong>Kanalizasyon ve Drenaj Sistemleri:<\/strong><br \/>\nOTBM hidrolik silindirleri, kentsel ortamlarda etkili at\u0131k y\u00f6netimi ve ya\u011fmur suyu kontrol\u00fc sa\u011flamak amac\u0131yla kanalizasyon ve drenaj t\u00fcnellerinin yap\u0131m\u0131nda kullan\u0131lmaktad\u0131r.<\/li>\n<li><strong>Yeralt\u0131 Depolama Tesisleri:<\/strong><br \/>\nYak\u0131t depolar\u0131 veya veri merkezleri gibi yer alt\u0131 depolama ama\u00e7l\u0131 t\u00fcnellerin kaz\u0131lmas\u0131nda kullan\u0131larak hassas malzemeler i\u00e7in g\u00fcvenli bir ortam sa\u011flarlar.<\/li>\n<li><strong>Madencilik Faaliyetleri:<\/strong><br \/>\nMadencilik faaliyetlerinde t\u00fcnel a\u00e7mada hidrolik silindirler \u00f6nemli rol oynar ve yer alt\u0131ndaki minerallerin ve kaynaklar\u0131n \u00e7\u0131kar\u0131lmas\u0131n\u0131 sa\u011flar.<\/li>\n<li><strong>Ula\u015f\u0131m T\u00fcnelleri:<\/strong><br \/>\nBu silindirler, ara\u00e7lar ve demiryollar\u0131 i\u00e7in olanlar da dahil olmak \u00fczere ula\u015f\u0131m t\u00fcnellerinin in\u015fas\u0131nda kullan\u0131larak, da\u011fl\u0131k veya kentsel arazilerden g\u00fcvenli ve verimli ge\u00e7i\u015fi sa\u011flar.<\/li>\n<li><strong>Altyap\u0131 Geli\u015ftirme:<\/strong><br \/>\nOTBM hidrolik silindirleri, yer alt\u0131 otoparklar\u0131 ve bina bodrum katlar\u0131 in\u015faat\u0131 da dahil olmak \u00fczere \u00e7e\u015fitli altyap\u0131 projelerine katk\u0131 sa\u011flamaktad\u0131r.<\/li>\n<li><strong>\u00c7evre Projeleri:<\/strong><br \/>\nAyr\u0131ca yeralt\u0131 suyu y\u00f6netimi i\u00e7in t\u00fcneller olu\u015fturulmas\u0131 veya kirlenmi\u015f alanlar\u0131n temizlenmesi gibi \u00e7evresel iyile\u015ftirmeyi ama\u00e7layan projelerde de kullan\u0131lmaktad\u0131r.<\/li>\n<\/ol>\n<p>A\u00e7\u0131k T\u00fcnel A\u00e7ma Makinesi hidrolik silindirleri, bu \u00e7e\u015fitli uygulamalar\u0131 destekleyerek modern yeralt\u0131 in\u015faat projelerinin verimlili\u011fini, g\u00fcvenli\u011fini ve etkinli\u011fini art\u0131r\u0131r. Temel altyap\u0131 ve hizmetlerin geli\u015ftirilmesini kolayla\u015ft\u0131rmada kritik bir rol oynarlar.<\/p>\n<p><img loading=\"lazy\" decoding=\"async\" class=\"alignnone  wp-image-900\" src=\"https:\/\/fmp-components.com\/wp-content\/uploads\/2024\/12\/Open-Tunnel-Boring-Machine-Thrust-Cylinder-1.webp\" alt=\"A\u00e7\u0131k T\u00fcnel A\u00e7ma Makinesi \u0130tme Silindiri\" width=\"897\" height=\"345\" title=\"\" srcset=\"https:\/\/fmp-components.com\/wp-content\/uploads\/2024\/12\/Open-Tunnel-Boring-Machine-Thrust-Cylinder-1.webp 897w, https:\/\/fmp-components.com\/wp-content\/uploads\/2024\/12\/Open-Tunnel-Boring-Machine-Thrust-Cylinder-1-480x184.webp 480w\" sizes=\"(min-width: 0px) and (max-width: 480px) 480px, (min-width: 481px) 897px, 100vw\" \/><\/p>\n<h3>FMP Hakk\u0131nda<\/h3>\n<p>FMP, hidrolik silindir \u00fcretimine odaklanm\u0131\u015f uzman bir mekanik \u00fcretim \u015firketidir. Kurulu\u015fundan bu yana \u015firket, hidrolik teknolojisinin ara\u015ft\u0131rma ve \u00fcretimine odaklanm\u0131\u015f ve hasat ve in\u015faat makinelerini de i\u00e7eren geni\u015f \u00fcr\u00fcn yelpazesinden, tar\u0131m trakt\u00f6r\u00fc bile\u015fenlerinde uzmanla\u015fmaya ba\u015far\u0131yla ge\u00e7i\u015f yapm\u0131\u015ft\u0131r. \u00dcretim ve y\u00f6netim alan\u0131nda on y\u0131l\u0131 a\u015fk\u0131n deneyimiyle FMP, geli\u015fmi\u015f \u00fcretim teknikleri sayesinde y\u00fcksek kaliteli \u00fcr\u00fcnler sunmaktad\u0131r.<\/p>\n<p>\u015eirketimiz geli\u015ftik\u00e7e, kapsaml\u0131 bir tala\u015fl\u0131 imalat \u00fcretim hatt\u0131, montaj hatt\u0131 ve kaplama hatt\u0131 geli\u015ftirdi. Ekibimiz, istikrarl\u0131 \u00fcretim kalitesini korurken s\u00fcre\u00e7 s\u00fcreklili\u011fini ve verimlili\u011fini etkili bir \u015fekilde kontrol etmek i\u00e7in birlikte \u00e7al\u0131\u015fan yetenekli y\u00f6netim personeli, deneyimli makine tasar\u0131mc\u0131lar\u0131 ve y\u00fcksek e\u011fitimli teknisyenlerden olu\u015fmaktad\u0131r.<\/p>\n<p>FMP, \u201cTeknolojik Yenilik \u0130lerlemeyi Te\u015fvik Eder, Kalite Marka Yarat\u0131r, \u0130\u015f\u00e7ilik Kaliteyi Sa\u011flar ve Uzun Vadeli Kazan-Kazan \u0130li\u015fkileri Kurar\u201d felsefesini benimser. Y\u00fcksek kaliteli \u00fcr\u00fcnler ve \u00fcst\u00fcn m\u00fc\u015fteri hizmeti sunma taahh\u00fcd\u00fcm\u00fcz, pazar\u0131n geli\u015fen ihtiya\u00e7lar\u0131n\u0131 kar\u015f\u0131lamaya devam ederken temel hedefimiz olmaya devam etmektedir.<\/p>\n<p><img loading=\"lazy\" decoding=\"async\" class=\"alignnone size-full wp-image-426\" src=\"https:\/\/fmp-components.com\/wp-content\/uploads\/2024\/12\/Sanitation-Machinery-Locking-Hydraulic-Cylinder-factory.webp\" sizes=\"(min-width: 0px) and (max-width: 480px) 480px, (min-width: 481px) and (max-width: 980px) 980px, (min-width: 981px) and (max-width: 1280px) 1280px, (min-width: 1281px) 1414px, 100vw\" srcset=\"https:\/\/fmp-components.com\/wp-content\/uploads\/2024\/12\/Sanitation-Machinery-Locking-Hydraulic-Cylinder-factory.webp 1414w, https:\/\/fmp-components.com\/wp-content\/uploads\/2024\/12\/Sanitation-Machinery-Locking-Hydraulic-Cylinder-factory-1280x529.webp 1280w, https:\/\/fmp-components.com\/wp-content\/uploads\/2024\/12\/Sanitation-Machinery-Locking-Hydraulic-Cylinder-factory-980x405.webp 980w, https:\/\/fmp-components.com\/wp-content\/uploads\/2024\/12\/Sanitation-Machinery-Locking-Hydraulic-Cylinder-factory-480x198.webp 480w\" alt=\"Sanitasyon-Makine-Kilitleme-Hidrolik-Silindir-Fabrikas\u0131\" width=\"1414\" height=\"584\" title=\"\"><\/p>\n<p>Yazar: CX<\/p>","protected":false},"excerpt":{"rendered":"<p>A\u00e7\u0131k T\u00fcnel A\u00e7ma Makineleri i\u00e7in Hidrolik Silindir, kaz\u0131 s\u00fcrecinde g\u00fc\u00e7l\u00fc itme g\u00fcc\u00fc ve hassas kontrol sa\u011flamak \u00fczere tasarlanm\u0131\u015f hayati bir bile\u015fendir. Y\u00fcksek bas\u0131n\u00e7lara ve zorlu \u00e7evre ko\u015fullar\u0131na dayanacak \u015fekilde tasarlanan bu silindirler, delme makinesinin sorunsuz hareket etmesini ve dengesini sa\u011flayarak verimli t\u00fcnel a\u00e7ma operasyonlar\u0131 sa\u011flar. Sa\u011flam yap\u0131lar\u0131 uzun vadeli dayan\u0131kl\u0131l\u0131k sa\u011flayarak, b\u00fcy\u00fck \u00f6l\u00e7ekli altyap\u0131 geli\u015ftirmeleri de dahil olmak \u00fczere \u00e7e\u015fitli yeralt\u0131 projeleri i\u00e7in idealdir. Geli\u015fmi\u015f hidrolik performanslar\u0131yla bu silindirler, a\u00e7\u0131k t\u00fcnel a\u00e7ma operasyonlar\u0131n\u0131n genel etkinli\u011fine ve g\u00fcvenli\u011fine \u00f6nemli \u00f6l\u00e7\u00fcde katk\u0131da bulunur.<\/p>","protected":false},"featured_media":891,"comment_status":"open","ping_status":"closed","template":"","meta":{"_et_pb_use_builder":"","_et_pb_old_content":"","_et_gb_content_width":""},"product_brand":[],"product_cat":[30],"product_tag":[],"class_list":{"0":"post-883","1":"product","2":"type-product","3":"status-publish","4":"has-post-thumbnail","6":"product_cat-tunnel-boring-machine-hydraulic-cylinders","8":"first","9":"instock","10":"shipping-taxable","11":"product-type-simple"},"_links":{"self":[{"href":"https:\/\/fmp-components.com\/tr\/wp-json\/wp\/v2\/product\/883","targetHints":{"allow":["GET"]}}],"collection":[{"href":"https:\/\/fmp-components.com\/tr\/wp-json\/wp\/v2\/product"}],"about":[{"href":"https:\/\/fmp-components.com\/tr\/wp-json\/wp\/v2\/types\/product"}],"replies":[{"embeddable":true,"href":"https:\/\/fmp-components.com\/tr\/wp-json\/wp\/v2\/comments?post=883"}],"wp:featuredmedia":[{"embeddable":true,"href":"https:\/\/fmp-components.com\/tr\/wp-json\/wp\/v2\/media\/891"}],"wp:attachment":[{"href":"https:\/\/fmp-components.com\/tr\/wp-json\/wp\/v2\/media?parent=883"}],"wp:term":[{"taxonomy":"product_brand","embeddable":true,"href":"https:\/\/fmp-components.com\/tr\/wp-json\/wp\/v2\/product_brand?post=883"},{"taxonomy":"product_cat","embeddable":true,"href":"https:\/\/fmp-components.com\/tr\/wp-json\/wp\/v2\/product_cat?post=883"},{"taxonomy":"product_tag","embeddable":true,"href":"https:\/\/fmp-components.com\/tr\/wp-json\/wp\/v2\/product_tag?post=883"}],"curies":[{"name":"wp","href":"https:\/\/api.w.org\/{rel}","templated":true}]}}