{"id":866,"date":"2024-12-19T00:54:04","date_gmt":"2024-12-19T00:54:04","guid":{"rendered":"https:\/\/fmp-components.com\/?page_id=8"},"modified":"2024-12-19T02:46:26","modified_gmt":"2024-12-19T02:46:26","slug":"hydraulic-cylinder-for-shield-machine","status":"publish","type":"product","link":"https:\/\/fmp-components.com\/tr\/product\/hydraulic-cylinder-for-shield-machine\/","title":{"rendered":"Kalkan Makinesi i\u00e7in Hidrolik Silindir"},"content":{"rendered":"<p style=\"text-align: center;\"><span style=\"font-size: 18pt;\">Kalkan Makinesi i\u00e7in Hidrolik Silindir<\/span><\/p>\n<p>Kalkan Makineleri i\u00e7in Hidrolik Silindir, \u00f6zellikle t\u00fcnel a\u00e7ma uygulamalar\u0131 i\u00e7in tasarlanm\u0131\u015f temel bir bile\u015fendir. Y\u00fcksek performansl\u0131 itme ve destek sa\u011flamak \u00fczere tasarlanan bu silindirler, yeralt\u0131 kaz\u0131lar\u0131nda kullan\u0131lan kalkan makinelerinin verimli \u00e7al\u0131\u015fmas\u0131nda \u00f6nemli bir rol oynar.<\/p>\n<p><img loading=\"lazy\" decoding=\"async\" class=\"alignnone size-full wp-image-870\" src=\"https:\/\/fmp-components.com\/wp-content\/uploads\/2024\/12\/Shield-Machine-Thrust-Cylinder-2.webp\" alt=\"Kalkan-Makine-\u0130tme-Silindiri\" width=\"1024\" height=\"559\" title=\"\" srcset=\"https:\/\/fmp-components.com\/wp-content\/uploads\/2024\/12\/Shield-Machine-Thrust-Cylinder-2.webp 1024w, https:\/\/fmp-components.com\/wp-content\/uploads\/2024\/12\/Shield-Machine-Thrust-Cylinder-2-980x535.webp 980w, https:\/\/fmp-components.com\/wp-content\/uploads\/2024\/12\/Shield-Machine-Thrust-Cylinder-2-480x262.webp 480w\" sizes=\"(min-width: 0px) and (max-width: 480px) 480px, (min-width: 481px) and (max-width: 980px) 980px, (min-width: 981px) 1024px, 100vw\" \/><\/p>\n<h4>Temel \u00d6zellikler:<\/h4>\n<ul>\n<li><strong>Y\u00fcksek Bas\u0131n\u00e7 Dayan\u0131m\u0131:<\/strong> A\u015f\u0131r\u0131 bas\u0131n\u00e7lara dayanacak \u015fekilde \u00fcretilen bu hidrolik silindirler, zorlu jeolojik ko\u015fullarda bile g\u00fcvenilir performans sa\u011flar.<\/li>\n<li><strong>Dayan\u0131kl\u0131 Yap\u0131:<\/strong> Y\u00fcksek mukavemetli malzemelerden \u00fcretilen bu \u00fcr\u00fcnler, zorlu ortamlara dayanacak, uzun \u00f6m\u00fcrl\u00fc olacak ve bak\u0131m ihtiyac\u0131n\u0131 azaltacak \u015fekilde tasarlanm\u0131\u015ft\u0131r.<\/li>\n<li><strong>Hassas Hareket:<\/strong> Hidrolik silindirler kalkan\u0131n hassas ve kontroll\u00fc hareketini kolayla\u015ft\u0131rarak, delik i\u00e7erisinde etkili t\u00fcnelleme ve hizalama yap\u0131lmas\u0131na olanak tan\u0131r.<\/li>\n<li><strong>\u0130stikrar ve Destek:<\/strong> Kalkan makinesinin genel stabilitesine \u00f6nemli \u00f6l\u00e7\u00fcde katk\u0131da bulunarak, \u00e7e\u015fitli toprak tiplerinde hareket edebilmesini ve operasyonel b\u00fct\u00fcnl\u00fc\u011f\u00fcn\u00fc koruyabilmesini sa\u011flarlar.<\/li>\n<li><strong>\u00c7ok Y\u00f6nl\u00fc Uygulamalar:<\/strong> \u00c7e\u015fitli t\u00fcnel projelerinde kullan\u0131lmaya uygun olan bu silindirler, metro, kanalizasyon sistemleri ve di\u011fer yeralt\u0131 altyap\u0131lar\u0131n\u0131n in\u015fas\u0131 i\u00e7in idealdir.<\/li>\n<\/ul>\n<p>Kalkan Makineleri i\u00e7in Hidrolik Silindir, modern t\u00fcnel teknolojisinde hayati bir \u00f6neme sahip olup, g\u00fcvenli, verimli ve etkili kaz\u0131 s\u00fcre\u00e7lerini garanti eder. Sa\u011flam tasar\u0131m\u0131 ve y\u00fcksek performans \u00f6zellikleri, onu ba\u015far\u0131l\u0131 yeralt\u0131 projeleri i\u00e7in vazge\u00e7ilmez bir bile\u015fen haline getirir.<\/p>\n<p><img loading=\"lazy\" decoding=\"async\" class=\"alignnone wp-image-868\" src=\"https:\/\/fmp-components.com\/wp-content\/uploads\/2024\/12\/Shield-Machine-Articulated-Cylinder-for-Tunnel-Boring.webp\" alt=\"T\u00fcnel Delme i\u00e7in Kalkan Makinesi Mafsall\u0131 Silindir\" width=\"904\" height=\"303\" title=\"\" srcset=\"https:\/\/fmp-components.com\/wp-content\/uploads\/2024\/12\/Shield-Machine-Articulated-Cylinder-for-Tunnel-Boring.webp 904w, https:\/\/fmp-components.com\/wp-content\/uploads\/2024\/12\/Shield-Machine-Articulated-Cylinder-for-Tunnel-Boring-480x161.webp 480w\" sizes=\"(min-width: 0px) and (max-width: 480px) 480px, (min-width: 481px) 904px, 100vw\" \/><\/p>\n<h2>Kalkan Makinesi \u0130tme Silindiri<\/h2>\n<p><img loading=\"lazy\" decoding=\"async\" class=\"size-full wp-image-878 aligncenter\" src=\"https:\/\/fmp-components.com\/wp-content\/uploads\/2024\/12\/Shield-Machine-Thrust-Cylinder-for-Tunnel-Boring.webp\" alt=\"T\u00fcnel Delme i\u00e7in Kalkan Makinesi \u0130tme Silindiri\" width=\"500\" height=\"200\" title=\"\" srcset=\"https:\/\/fmp-components.com\/wp-content\/uploads\/2024\/12\/Shield-Machine-Thrust-Cylinder-for-Tunnel-Boring.webp 500w, https:\/\/fmp-components.com\/wp-content\/uploads\/2024\/12\/Shield-Machine-Thrust-Cylinder-for-Tunnel-Boring-480x192.webp 480w\" sizes=\"(min-width: 0px) and (max-width: 480px) 480px, (min-width: 481px) 500px, 100vw\" \/><\/p>\n<table style=\"width: 97.095%; height: 210px;\" border=\"1\" cellspacing=\"0\" cellpadding=\"0\">\n<tbody>\n<tr>\n<td>\u00dcr\u00fcn Ad\u0131<\/td>\n<td>Kalkan Makinesi \u0130tme Silindiri<\/td>\n<\/tr>\n<tr>\n<td>\u00d6zellikler:<\/td>\n<td>Kalkan makinesini ileri do\u011fru hareket ettirin<\/td>\n<\/tr>\n<tr>\n<td>Delik \u00e7ap\u0131:<\/td>\n<td>140 mm\uff5e550 mm<\/td>\n<\/tr>\n<tr>\n<td>\u00c7ubuk \u00e7ap\u0131:<\/td>\n<td>120 mm\uff5e420 mm<br \/>\nStrok: 900mm\uff5e4100mm<\/td>\n<\/tr>\n<tr>\n<td>Bas\u0131n\u00e7:<\/td>\n<td>35Mpa'ya kadar<br \/>\n\u00d6zel gereksinimler 45Mpa'ya kadar ula\u015fabilir<\/td>\n<\/tr>\n<tr>\n<td>Uygulamalar:<\/td>\n<td>Kalkan Makinesi, T\u00fcnel A\u00e7ma Makineleri<\/td>\n<\/tr>\n<\/tbody>\n<\/table>\n<h2><img loading=\"lazy\" decoding=\"async\" class=\"alignnone wp-image-872\" src=\"https:\/\/fmp-components.com\/wp-content\/uploads\/2024\/12\/Shield-Machine-Thrust-Cylinder.webp\" alt=\"Kalkan-Makine-\u0130tme-Silindiri\" width=\"901\" height=\"513\" title=\"\">Kalkan Makinesi Mafsall\u0131 Silindir<\/h2>\n<p><img loading=\"lazy\" decoding=\"async\" class=\"size-full wp-image-875 aligncenter\" src=\"https:\/\/fmp-components.com\/wp-content\/uploads\/2024\/12\/Shield-Machine-Articulated-Cylinder-for-Tunnel-Boring-1.webp\" alt=\"T\u00fcnel Delme i\u00e7in Kalkan Makinesi Mafsall\u0131 Silindir\" width=\"500\" height=\"200\" title=\"\" srcset=\"https:\/\/fmp-components.com\/wp-content\/uploads\/2024\/12\/Shield-Machine-Articulated-Cylinder-for-Tunnel-Boring-1.webp 500w, https:\/\/fmp-components.com\/wp-content\/uploads\/2024\/12\/Shield-Machine-Articulated-Cylinder-for-Tunnel-Boring-1-480x192.webp 480w\" sizes=\"(min-width: 0px) and (max-width: 480px) 480px, (min-width: 481px) 500px, 100vw\" \/><\/p>\n<table style=\"width: 97.2566%; height: 209px;\" border=\"1\" cellspacing=\"0\" cellpadding=\"0\">\n<tbody>\n<tr>\n<td>\u00dcr\u00fcn Ad\u0131<\/td>\n<td>Kalkan Makinesi Mafsall\u0131 Silindir<\/td>\n<\/tr>\n<tr>\n<td>\u00d6zellikler:<\/td>\n<td>Aktif eklemlenme: kesici kafa y\u00f6nlendirmesi\/koordineli tak\u0131m de\u011fi\u015fimi<br \/>\nPasif eklemlenme: Kalkan\u0131n kuyru\u011funu \u00f6ne do\u011fru s\u00fcr\u00fckleyin<\/td>\n<\/tr>\n<tr>\n<td>Delik \u00e7ap\u0131:<\/td>\n<td>125 mm\uff5e550 mm<\/td>\n<\/tr>\n<tr>\n<td>\u00c7ubuk \u00e7ap\u0131:<\/td>\n<td>\u00a070 mm\uff5e370 mm<br \/>\nStrok 140mm\uff5e1200mm<\/td>\n<\/tr>\n<tr>\n<td>Bas\u0131n\u00e7:<\/td>\n<td>35MPa'ya kadar<\/td>\n<\/tr>\n<tr>\n<td>Uygulamalar:<\/td>\n<td>Kalkan Makinesi, T\u00fcnel A\u00e7ma Makineleri<\/td>\n<\/tr>\n<\/tbody>\n<\/table>\n<p><img loading=\"lazy\" decoding=\"async\" class=\"alignnone wp-image-882\" src=\"https:\/\/fmp-components.com\/wp-content\/uploads\/2024\/12\/Shield-Machine-Articulated-Cylinder-1.webp\" alt=\"Kalkan-Makine-Mafsall\u0131-Silindir\" width=\"901\" height=\"501\" title=\"\" srcset=\"https:\/\/fmp-components.com\/wp-content\/uploads\/2024\/12\/Shield-Machine-Articulated-Cylinder-1.webp 901w, https:\/\/fmp-components.com\/wp-content\/uploads\/2024\/12\/Shield-Machine-Articulated-Cylinder-1-480x267.webp 480w\" sizes=\"(min-width: 0px) and (max-width: 480px) 480px, (min-width: 481px) 901px, 100vw\" \/><\/p>\n<h2>Kalkan Makinesi Montaj Kald\u0131rma Silindiri<\/h2>\n<p><img loading=\"lazy\" decoding=\"async\" class=\"size-full wp-image-876 aligncenter\" src=\"https:\/\/fmp-components.com\/wp-content\/uploads\/2024\/12\/Shield-Machine-Assembly-Lifting-Cylinder-for-Tunnel-Boring.webp\" alt=\"T\u00fcnel A\u00e7ma i\u00e7in Kalkan Makinesi Montaj Kald\u0131rma Silindiri\" width=\"500\" height=\"200\" title=\"\" srcset=\"https:\/\/fmp-components.com\/wp-content\/uploads\/2024\/12\/Shield-Machine-Assembly-Lifting-Cylinder-for-Tunnel-Boring.webp 500w, https:\/\/fmp-components.com\/wp-content\/uploads\/2024\/12\/Shield-Machine-Assembly-Lifting-Cylinder-for-Tunnel-Boring-480x192.webp 480w\" sizes=\"(min-width: 0px) and (max-width: 480px) 480px, (min-width: 481px) 500px, 100vw\" \/><\/p>\n<table style=\"width: 97.9899%; height: 171px;\" border=\"1\" cellspacing=\"0\" cellpadding=\"0\">\n<tbody>\n<tr>\n<td>\u00dcr\u00fcn Ad\u0131<\/td>\n<td>Kalkan Makinesi Montaj Kald\u0131rma Silindiri<\/td>\n<\/tr>\n<tr>\n<td>\u00d6zellikler:<\/td>\n<td>Segmentleri belirlenen konuma ta\u015f\u0131y\u0131n ve bir halka halinde birle\u015ftirin<\/td>\n<\/tr>\n<tr>\n<td>\u00d6zellikler:<\/td>\n<td>Genellikle iki seviyeli yap\u0131<br \/>\n\u0130tme ve \u00e7ekme, dahili k\u00fc\u00e7\u00fck ya\u011f silindiri taraf\u0131ndan sa\u011flan\u0131r<br \/>\nK\u00fc\u00e7\u00fck piston \u00e7ubu\u011fu sabitlendi<br \/>\nTeleskopik hareket s\u0131ras\u0131nda b\u00fcy\u00fck piston \u00e7ubuklar\u0131 b\u00fcy\u00fck yanal kuvvetlere dayanabilir<\/td>\n<\/tr>\n<tr>\n<td>Uygulamalar:<\/td>\n<td>Kalkan Makinesi, T\u00fcnel A\u00e7ma Makineleri<\/td>\n<\/tr>\n<\/tbody>\n<\/table>\n<h2><img loading=\"lazy\" decoding=\"async\" class=\"alignnone wp-image-881\" src=\"https:\/\/fmp-components.com\/wp-content\/uploads\/2024\/12\/Shield-Machine-Assembly-Lifting-Cylinder-1.webp\" alt=\"Kalkan-Makine-Montaj-Kald\u0131rma-Silindiri\" width=\"896\" height=\"637\" title=\"\" srcset=\"https:\/\/fmp-components.com\/wp-content\/uploads\/2024\/12\/Shield-Machine-Assembly-Lifting-Cylinder-1.webp 896w, https:\/\/fmp-components.com\/wp-content\/uploads\/2024\/12\/Shield-Machine-Assembly-Lifting-Cylinder-1-480x341.webp 480w\" sizes=\"(min-width: 0px) and (max-width: 480px) 480px, (min-width: 481px) 896px, 100vw\" \/>Kalkan Makinesi Anti-tork Silindiri<\/h2>\n<p><img loading=\"lazy\" decoding=\"async\" class=\"size-full wp-image-874 aligncenter\" src=\"https:\/\/fmp-components.com\/wp-content\/uploads\/2024\/12\/Shield-Machine-Anti-torque-Cylinder-for-Tunnel-Boring-1.webp\" alt=\"T\u00fcnel Delme i\u00e7in Kalkan Makinesi Anti-tork Silindiri\" width=\"500\" height=\"200\" title=\"\" srcset=\"https:\/\/fmp-components.com\/wp-content\/uploads\/2024\/12\/Shield-Machine-Anti-torque-Cylinder-for-Tunnel-Boring-1.webp 500w, https:\/\/fmp-components.com\/wp-content\/uploads\/2024\/12\/Shield-Machine-Anti-torque-Cylinder-for-Tunnel-Boring-1-480x192.webp 480w\" sizes=\"(min-width: 0px) and (max-width: 480px) 480px, (min-width: 481px) 500px, 100vw\" \/><\/p>\n<table style=\"width: 97.4236%; height: 200px;\" border=\"1\" cellspacing=\"0\" cellpadding=\"0\">\n<tbody>\n<tr>\n<td>\u00dcr\u00fcn Ad\u0131<\/td>\n<td>Kalkan Makinesi Anti-tork Silindiri<\/td>\n<\/tr>\n<tr>\n<td>\u00d6zellikler:<\/td>\n<td>Kesici kafa d\u00f6nd\u00fc\u011f\u00fcnde torku iletin<\/td>\n<\/tr>\n<tr>\n<td>Delik \u00e7ap\u0131:<\/td>\n<td>330 mm\uff5e570 mm<\/td>\n<\/tr>\n<tr>\n<td>\u00c7ubuk \u00e7ap\u0131:<\/td>\n<td>260 mm\uff5e530 mm<br \/>\nStrok 120mm\uff5e160mm<\/td>\n<\/tr>\n<tr>\n<td>Bas\u0131n\u00e7:<\/td>\n<td>Genellikle 35Mpa'ya kadar<br \/>\nMaksimum 42MPa'ya kadar<\/td>\n<\/tr>\n<tr>\n<td>Uygulamalar:<\/td>\n<td>Kalkan Makinesi, T\u00fcnel A\u00e7ma Makineleri<\/td>\n<\/tr>\n<\/tbody>\n<\/table>\n<p><img loading=\"lazy\" decoding=\"async\" class=\"alignnone wp-image-880\" src=\"https:\/\/fmp-components.com\/wp-content\/uploads\/2024\/12\/Shield-Machine-Anti-torque-Cylinder-1.webp\" alt=\"Kalkan Makinesi Anti Tork Silindiri\" width=\"906\" height=\"453\" title=\"\"><\/p>\n<h2>Kalkan Makinesi K\u0131r\u0131c\u0131 Silindir<\/h2>\n<p><img loading=\"lazy\" decoding=\"async\" class=\"size-full wp-image-877 aligncenter\" src=\"https:\/\/fmp-components.com\/wp-content\/uploads\/2024\/12\/Shield-Machine-Crusher-Cylinder-for-Tunnel-Boring.webp\" alt=\"T\u00fcnel Delme i\u00e7in Kalkan Makinesi K\u0131r\u0131c\u0131 Silindiri\" width=\"500\" height=\"200\" title=\"\" srcset=\"https:\/\/fmp-components.com\/wp-content\/uploads\/2024\/12\/Shield-Machine-Crusher-Cylinder-for-Tunnel-Boring.webp 500w, https:\/\/fmp-components.com\/wp-content\/uploads\/2024\/12\/Shield-Machine-Crusher-Cylinder-for-Tunnel-Boring-480x192.webp 480w\" sizes=\"(min-width: 0px) and (max-width: 480px) 480px, (min-width: 481px) 500px, 100vw\" \/><\/p>\n<table style=\"width: 97.4971%; height: 117px;\" border=\"1\" cellspacing=\"0\" cellpadding=\"0\">\n<tbody>\n<tr style=\"height: 23px;\">\n<td style=\"height: 23px;\">\u00dcr\u00fcn Ad\u0131<\/td>\n<td style=\"height: 23px;\">Kalkan Makinesi K\u0131r\u0131c\u0131 Silindir<\/td>\n<\/tr>\n<tr style=\"height: 23px;\">\n<td style=\"height: 23px;\">\u00d6zellikler:<\/td>\n<td style=\"height: 23px;\">B\u00fcy\u00fck \u00e7ak\u0131l par\u00e7alar\u0131n\u0131n bo\u015faltma portuna girmeden \u00f6nce ezildi\u011finden emin olmak i\u00e7in k\u0131rma ma\u015fas\u0131n\u0131 s\u0131k\u0131\u015ft\u0131r\u0131n<\/td>\n<\/tr>\n<tr style=\"height: 23px;\">\n<td style=\"height: 23px;\">\n<div class=\"txtboxL\">\u00d6zellikler:<\/div>\n<\/td>\n<td style=\"height: 23px;\">M\u00fc\u015fteri gereksinimlerine g\u00f6re \u00e7e\u015fitli k\u0131r\u0131c\u0131 silindir \u00f6zellikleri tasarlan\u0131p \u00fcretilebilir.<\/td>\n<\/tr>\n<tr style=\"height: 23px;\">\n<td style=\"height: 23px;\">Uygulamalar:<\/td>\n<td style=\"height: 23px;\">Kalkan Makinesi, T\u00fcnel A\u00e7ma Makineleri<\/td>\n<\/tr>\n<\/tbody>\n<\/table>\n<p><img loading=\"lazy\" decoding=\"async\" class=\"alignnone wp-image-869\" src=\"https:\/\/fmp-components.com\/wp-content\/uploads\/2024\/12\/Shield-Machine-Crusher-Cylinder-for-Tunnel-Boring2.webp\" alt=\"T\u00fcnel Delme i\u00e7in Kalkan Makinesi K\u0131r\u0131c\u0131 Silindiri2\" width=\"907\" height=\"324\" title=\"\" srcset=\"https:\/\/fmp-components.com\/wp-content\/uploads\/2024\/12\/Shield-Machine-Crusher-Cylinder-for-Tunnel-Boring2.webp 907w, https:\/\/fmp-components.com\/wp-content\/uploads\/2024\/12\/Shield-Machine-Crusher-Cylinder-for-Tunnel-Boring2-480x171.webp 480w\" sizes=\"(min-width: 0px) and (max-width: 480px) 480px, (min-width: 481px) 907px, 100vw\" \/><\/p>\n<h3>Kalkan Makinesi Hidrolik Silindirinin Avantajlar\u0131<\/h3>\n<ol>\n<li><strong>Y\u00fcksek Verimlilik:<\/strong><br \/>\nShield makinesi hidrolik silindirleri, t\u00fcnel a\u00e7ma operasyonlar\u0131n\u0131n h\u0131z\u0131n\u0131 ve verimlili\u011fini \u00f6nemli \u00f6l\u00e7\u00fcde art\u0131ran g\u00fc\u00e7l\u00fc bir itme g\u00fcc\u00fc sa\u011flayacak \u015fekilde tasarlanm\u0131\u015ft\u0131r. Bu \u00f6zellik, in\u015faat ekiplerinin projeleri daha h\u0131zl\u0131 tamamlamas\u0131n\u0131 ve b\u00f6ylece genel proje s\u00fcrelerini k\u0131saltmas\u0131n\u0131 sa\u011flar. Daha h\u0131zl\u0131 kaz\u0131 h\u0131zlar\u0131 sayesinde, y\u00fckleniciler teslim tarihlerine daha etkili bir \u015fekilde uyabilir ve bu da \u00fcretkenli\u011fin artmas\u0131na ve maliyet tasarrufuna yol a\u00e7ar.<\/li>\n<li><strong>Sa\u011flam Dayan\u0131kl\u0131l\u0131k:<\/strong><br \/>\nBu hidrolik silindirler, zorlu \u00e7evre ko\u015fullar\u0131na ve t\u00fcnel a\u00e7ma s\u0131ras\u0131nda kar\u015f\u0131la\u015f\u0131lan a\u015f\u0131r\u0131 bas\u0131n\u00e7lara dayanacak \u015fekilde \u00f6zel olarak tasarlanm\u0131\u015f y\u00fcksek mukavemetli malzemelerden \u00fcretilmi\u015ftir. Sa\u011flam dayan\u0131kl\u0131l\u0131klar\u0131, uzun vadeli g\u00fcvenilirlik sa\u011flayarak maliyetli gecikmelere yol a\u00e7abilecek ar\u0131za riskini en aza indirir. Bu dayan\u0131kl\u0131l\u0131k, onlar\u0131 \u00e7e\u015fitli jeolojik olu\u015fumlar i\u00e7in uygun hale getirerek proje ya\u015fam d\u00f6ng\u00fcs\u00fc boyunca tutarl\u0131 bir performans sa\u011flar.<\/li>\n<li><strong>Hassas Kontrol:<\/strong><br \/>\nKalkan makinesi silindirlerindeki hidrolik sistem, hassas t\u00fcnel a\u00e7ma ve hizalama i\u00e7in olmazsa olmaz olan kalkan\u0131n son derece hassas hareketini sa\u011flar. Bu hassasiyet, ba\u015far\u0131l\u0131 kaz\u0131 i\u00e7in hayati \u00f6nem ta\u015f\u0131r ve operat\u00f6rlerin karma\u015f\u0131k yeralt\u0131 ortamlar\u0131nda g\u00fcvenle hareket etmelerini sa\u011flar. Hassas hareketleri kontrol edebilme yetene\u011fi, hizalama hatas\u0131 riskini azalt\u0131r ve t\u00fcnelin belirtilen tasar\u0131m parametrelerini kar\u015f\u0131lamas\u0131n\u0131 sa\u011flar.<\/li>\n<li><strong>Geli\u015fmi\u015f Stabilite:<\/strong><br \/>\nBu silindirler, \u00e7al\u0131\u015fma s\u0131ras\u0131nda kalkan makinesinin stabilitesini korumada hayati bir rol oynar. Tutarl\u0131 destek sa\u011flayarak, makinenin \u00e7e\u015fitli jeolojik ko\u015fullarda g\u00fcvenlikten \u00f6d\u00fcn vermeden hareket etmesini sa\u011flar. Bu stabilite, \u00f6zellikle \u00f6ng\u00f6r\u00fclemeyen ortamlarda kazalar\u0131 \u00f6nlemek ve hem i\u015f\u00e7ilerin hem de makinenin g\u00fcvenli\u011fini sa\u011flamak i\u00e7in hayati \u00f6nem ta\u015f\u0131r.<\/li>\n<li><strong>Azalt\u0131lm\u0131\u015f Bak\u0131m:<\/strong><br \/>\nKalkan makinesi hidrolik silindirlerinin dayan\u0131kl\u0131 tasar\u0131m\u0131, a\u015f\u0131nma ve y\u0131pranmay\u0131 en aza indirerek daha d\u00fc\u015f\u00fck bak\u0131m maliyetleri ve daha az ar\u0131za s\u00fcresi sa\u011flar. Daha az onar\u0131m ve de\u011fi\u015ftirme gerektiren bu silindirler, genel proje verimlili\u011fine katk\u0131da bulunur. Bak\u0131m maliyetlerinin bu \u015fekilde azalt\u0131lmas\u0131, sadece para tasarrufu sa\u011flamakla kalmaz, ayn\u0131 zamanda daha kesintisiz bir \u00e7al\u0131\u015fma sa\u011flayarak sahadaki verimlili\u011fi art\u0131r\u0131r.<\/li>\n<li><strong>\u00c7ok y\u00f6nl\u00fcl\u00fck:<\/strong><br \/>\nShield Machine hidrolik silindirleri, metrolar, kanalizasyon sistemleri ve di\u011fer yeralt\u0131 altyap\u0131lar\u0131 dahil olmak \u00fczere \u00e7ok \u00e7e\u015fitli uygulamalar i\u00e7in uygundur. Uyarlanabilirlikleri, onlar\u0131 \u00e7e\u015fitli t\u00fcnel ihtiya\u00e7lar\u0131 i\u00e7in ideal bir se\u00e7im haline getirerek, y\u00fcklenicilerin farkl\u0131 projelerde ayn\u0131 ekipman\u0131 kullanmalar\u0131na olanak tan\u0131r. Bu \u00e7ok y\u00f6nl\u00fcl\u00fck, lojisti\u011fi basitle\u015ftirir ve birden fazla \u00f6zel araca olan ihtiyac\u0131 azalt\u0131r.<\/li>\n<li><strong>G\u00fcvenlik \u00d6zellikleri:<\/strong><br \/>\nGeli\u015fmi\u015f g\u00fcvenlik mekanizmalar\u0131yla donat\u0131lan bu hidrolik silindirler, \u00e7al\u0131\u015fma s\u0131ras\u0131nda kazara devreden \u00e7\u0131kmay\u0131 \u00f6nlemeye yard\u0131mc\u0131 olur. Bu \u00f6zellik, zorlu kaz\u0131 g\u00f6revlerinde bile g\u00fcvenli \u00e7al\u0131\u015fma sa\u011flayarak t\u00fcnel a\u00e7ma s\u00fcrecinin g\u00fcvenli\u011fini \u00f6nemli \u00f6l\u00e7\u00fcde art\u0131r\u0131r. Bu g\u00fcvenlik \u00f6nlemleri, g\u00fcvenli bir \u00e7al\u0131\u015fma ortam\u0131 sa\u011flamak ve \u00e7al\u0131\u015fanlar\u0131n refah\u0131n\u0131 korumak i\u00e7in hayati \u00f6nem ta\u015f\u0131r.<\/li>\n<li><strong>Hidrolik G\u00fc\u00e7:<\/strong><br \/>\nBu silindirlerde hidrolik sistemlerin kullan\u0131lmas\u0131, kompakt bir tasar\u0131mda daha fazla kuvvet \u00fcretimine olanak tan\u0131r. Bu \u00f6zellik, a\u011f\u0131r y\u00fcklerin y\u00f6netilmesini ve karma\u015f\u0131k hareketlerin hassasiyetle ger\u00e7ekle\u015ftirilmesini kolayla\u015ft\u0131r\u0131r. Hidrolik g\u00fc\u00e7, kalkan makinelerinin zorlu ko\u015fullarda bile verimli bir \u015fekilde \u00e7al\u0131\u015fmas\u0131n\u0131 sa\u011flayarak t\u00fcnel a\u00e7ma operasyonlar\u0131n\u0131n genel verimlili\u011fini art\u0131r\u0131r.<\/li>\n<\/ol>\n<p>Kalkan makinesi hidrolik silindirleri, bu avantajlardan yararlanarak modern t\u00fcnel projelerinin ba\u015far\u0131s\u0131nda \u00f6nemli bir rol oynar ve kaz\u0131 s\u00fcreci boyunca verimlilik, emniyet ve g\u00fcvenilirlik sa\u011flar. T\u00fcnel a\u00e7ma makinelerine entegre edilmeleri, \u00e7a\u011fda\u015f altyap\u0131 geli\u015ftirme taleplerini kar\u015f\u0131lamak i\u00e7in hayati \u00f6nem ta\u015f\u0131r.<\/p>\n<p><img loading=\"lazy\" decoding=\"async\" class=\"alignnone wp-image-879\" src=\"https:\/\/fmp-components.com\/wp-content\/uploads\/2024\/12\/Shield-Machine-Crusher-Cylinder-1.webp\" alt=\"Kalkan-Makine-K\u0131r\u0131c\u0131-Silindir\" width=\"903\" height=\"601\" title=\"\"><\/p>\n<h3>FMP Hakk\u0131nda<\/h3>\n<p>FMP, hidrolik silindir \u00fcretimine odaklanm\u0131\u015f uzman bir mekanik \u00fcretim \u015firketidir. Kurulu\u015fundan bu yana \u015firket, hidrolik teknolojisinin ara\u015ft\u0131rma ve \u00fcretimine odaklanm\u0131\u015f ve hasat ve in\u015faat makinelerini de i\u00e7eren geni\u015f \u00fcr\u00fcn yelpazesinden, tar\u0131m trakt\u00f6r\u00fc bile\u015fenlerinde uzmanla\u015fmaya ba\u015far\u0131yla ge\u00e7i\u015f yapm\u0131\u015ft\u0131r. \u00dcretim ve y\u00f6netim alan\u0131nda on y\u0131l\u0131 a\u015fk\u0131n deneyimiyle FMP, geli\u015fmi\u015f \u00fcretim teknikleri sayesinde y\u00fcksek kaliteli \u00fcr\u00fcnler sunmaktad\u0131r.<\/p>\n<p>\u015eirketimiz geli\u015ftik\u00e7e, kapsaml\u0131 bir tala\u015fl\u0131 imalat \u00fcretim hatt\u0131, montaj hatt\u0131 ve kaplama hatt\u0131 geli\u015ftirdi. Ekibimiz, istikrarl\u0131 \u00fcretim kalitesini korurken s\u00fcre\u00e7 s\u00fcreklili\u011fini ve verimlili\u011fini etkili bir \u015fekilde kontrol etmek i\u00e7in birlikte \u00e7al\u0131\u015fan yetenekli y\u00f6netim personeli, deneyimli makine tasar\u0131mc\u0131lar\u0131 ve y\u00fcksek e\u011fitimli teknisyenlerden olu\u015fmaktad\u0131r.<\/p>\n<p>FMP, \u201cTeknolojik Yenilik \u0130lerlemeyi Te\u015fvik Eder, Kalite Marka Yarat\u0131r, \u0130\u015f\u00e7ilik Kaliteyi Sa\u011flar ve Uzun Vadeli Kazan-Kazan \u0130li\u015fkileri Kurar\u201d felsefesini benimser. Y\u00fcksek kaliteli \u00fcr\u00fcnler ve \u00fcst\u00fcn m\u00fc\u015fteri hizmeti sunma taahh\u00fcd\u00fcm\u00fcz, pazar\u0131n geli\u015fen ihtiya\u00e7lar\u0131n\u0131 kar\u015f\u0131lamaya devam ederken temel hedefimiz olmaya devam etmektedir.<\/p>\n<p><img loading=\"lazy\" decoding=\"async\" class=\"alignnone size-full wp-image-426\" src=\"https:\/\/fmp-components.com\/wp-content\/uploads\/2024\/12\/Sanitation-Machinery-Locking-Hydraulic-Cylinder-factory.webp\" sizes=\"(min-width: 0px) and (max-width: 480px) 480px, (min-width: 481px) and (max-width: 980px) 980px, (min-width: 981px) and (max-width: 1280px) 1280px, (min-width: 1281px) 1414px, 100vw\" srcset=\"https:\/\/fmp-components.com\/wp-content\/uploads\/2024\/12\/Sanitation-Machinery-Locking-Hydraulic-Cylinder-factory.webp 1414w, https:\/\/fmp-components.com\/wp-content\/uploads\/2024\/12\/Sanitation-Machinery-Locking-Hydraulic-Cylinder-factory-1280x529.webp 1280w, https:\/\/fmp-components.com\/wp-content\/uploads\/2024\/12\/Sanitation-Machinery-Locking-Hydraulic-Cylinder-factory-980x405.webp 980w, https:\/\/fmp-components.com\/wp-content\/uploads\/2024\/12\/Sanitation-Machinery-Locking-Hydraulic-Cylinder-factory-480x198.webp 480w\" alt=\"Sanitasyon-Makine-Kilitleme-Hidrolik-Silindir-Fabrikas\u0131\" width=\"1414\" height=\"584\" title=\"\"><\/p>\n<p>Yazar: CX<\/p>","protected":false},"excerpt":{"rendered":"<p>Kalkan Makineleri i\u00e7in Hidrolik Silindir, t\u00fcnel a\u00e7ma operasyonlar\u0131nda g\u00fc\u00e7l\u00fc itme ve destek sa\u011flamak \u00fczere tasarlanm\u0131\u015f kritik bir bile\u015fendir. Bu silindirler, y\u00fcksek bas\u0131n\u00e7lara ve zorlu ko\u015fullara dayanacak \u015fekilde tasarlanm\u0131\u015f olup, kaz\u0131 s\u00fcrecinde g\u00fcvenilir performans sa\u011flar. Sa\u011flam yap\u0131lar\u0131 sayesinde kalkan\u0131n hassas hareketlerini kolayla\u015ft\u0131rarak hassas t\u00fcnel a\u00e7ma ve verimli \u00e7al\u0131\u015fma sa\u011flarlar. Hidrolik silindirler ayr\u0131ca, makinenin stabilitesini korumada ve \u00e7e\u015fitli jeolojik olu\u015fumlarda hareket etmesini sa\u011flamada hayati bir rol oynar. Dayan\u0131kl\u0131l\u0131klar\u0131 ve verimlilikleri, onlar\u0131 modern t\u00fcnel projelerinde vazge\u00e7ilmez k\u0131lar ve yeralt\u0131 altyap\u0131s\u0131n\u0131n ba\u015far\u0131yla tamamlanmas\u0131na katk\u0131da bulunur.<\/p>","protected":false},"featured_media":873,"comment_status":"open","ping_status":"closed","template":"","meta":{"_et_pb_use_builder":"","_et_pb_old_content":"","_et_gb_content_width":""},"product_brand":[],"product_cat":[30],"product_tag":[],"class_list":{"0":"post-866","1":"product","2":"type-product","3":"status-publish","4":"has-post-thumbnail","6":"product_cat-tunnel-boring-machine-hydraulic-cylinders","8":"first","9":"instock","10":"shipping-taxable","11":"product-type-simple"},"_links":{"self":[{"href":"https:\/\/fmp-components.com\/tr\/wp-json\/wp\/v2\/product\/866","targetHints":{"allow":["GET"]}}],"collection":[{"href":"https:\/\/fmp-components.com\/tr\/wp-json\/wp\/v2\/product"}],"about":[{"href":"https:\/\/fmp-components.com\/tr\/wp-json\/wp\/v2\/types\/product"}],"replies":[{"embeddable":true,"href":"https:\/\/fmp-components.com\/tr\/wp-json\/wp\/v2\/comments?post=866"}],"wp:featuredmedia":[{"embeddable":true,"href":"https:\/\/fmp-components.com\/tr\/wp-json\/wp\/v2\/media\/873"}],"wp:attachment":[{"href":"https:\/\/fmp-components.com\/tr\/wp-json\/wp\/v2\/media?parent=866"}],"wp:term":[{"taxonomy":"product_brand","embeddable":true,"href":"https:\/\/fmp-components.com\/tr\/wp-json\/wp\/v2\/product_brand?post=866"},{"taxonomy":"product_cat","embeddable":true,"href":"https:\/\/fmp-components.com\/tr\/wp-json\/wp\/v2\/product_cat?post=866"},{"taxonomy":"product_tag","embeddable":true,"href":"https:\/\/fmp-components.com\/tr\/wp-json\/wp\/v2\/product_tag?post=866"}],"curies":[{"name":"wp","href":"https:\/\/api.w.org\/{rel}","templated":true}]}}