{"id":816,"date":"2024-12-18T07:55:12","date_gmt":"2024-12-18T07:55:12","guid":{"rendered":"https:\/\/fmp-components.com\/?page_id=8"},"modified":"2024-12-18T08:06:02","modified_gmt":"2024-12-18T08:06:02","slug":"hydraulic-cylinder-for-wave-tide-power-generation","status":"publish","type":"product","link":"https:\/\/fmp-components.com\/tr\/product\/hydraulic-cylinder-for-wave-tide-power-generation\/","title":{"rendered":"Dalga\/Gelgit Enerji \u00dcretimi i\u00e7in Hidrolik Silindir"},"content":{"rendered":"<p style=\"text-align: center;\"><span style=\"font-size: 18pt;\">Dalga\/Gelgit Enerji \u00dcretimi i\u00e7in Hidrolik Silindir<\/span><\/p>\n<p>Dalga\/Gelgit Enerjisi \u00dcretimi i\u00e7in Hidrolik Silindir, okyanus dalgalar\u0131ndan ve gelgit hareketlerinden enerji elde etmek i\u00e7in tasarlanm\u0131\u015f son teknoloji bir cihazd\u0131r. Bu yenilik\u00e7i \u00e7\u00f6z\u00fcm, kinetik enerjiyi kullan\u0131labilir g\u00fcce d\u00f6n\u00fc\u015ft\u00fcrerek s\u00fcrd\u00fcr\u00fclebilir enerji \u00fcretimine katk\u0131da bulunur.<\/p>\n<h4>Temel \u00d6zellikler:<\/h4>\n<ul>\n<li><strong>Sa\u011flam Tasar\u0131m:<\/strong> Zorlu deniz ko\u015fullar\u0131na dayan\u0131kl\u0131 olarak tasarlanan hidrolik silindirimiz, korozyona ve a\u015f\u0131nmaya dayan\u0131kl\u0131 y\u00fcksek mukavemetli malzemelerden \u00fcretilmi\u015ftir.<\/li>\n<li><strong>Y\u00fcksek Verimlilik:<\/strong> Maksimum enerji elde etmek i\u00e7in optimize edilen hidrolik sistem, dalga ve gelgit enerjisinin hidrolik g\u00fcce etkili bir \u015fekilde d\u00f6n\u00fc\u015ft\u00fcr\u00fclmesini sa\u011flar.<\/li>\n<li><strong>\u00c7ok Y\u00f6nl\u00fc Uygulama:<\/strong> A\u00e7\u0131k deniz ve k\u0131y\u0131 tesisleri dahil olmak \u00fczere \u00e7e\u015fitli deniz enerjisi projelerine uygun olan bu hidrolik silindir, mevcut g\u00fc\u00e7 sistemlerine entegre edilebilir veya yeni geli\u015ftirmelerde kullan\u0131labilir.<\/li>\n<li><strong>Kolay Bak\u0131m:<\/strong> Eri\u015filebilirlik i\u00e7in tasarlanan hidrolik silindir, bak\u0131m prosed\u00fcrlerini basitle\u015ftirerek uzun vadeli g\u00fcvenilirlik ve daha az ar\u0131za s\u00fcresi sa\u011flar.<\/li>\n<li><strong>\u00c7evre Dostu:<\/strong> Yenilenebilir deniz enerjisinden yararlan\u0131larak \u00fcretilen bu \u00fcr\u00fcn, karbon emisyonlar\u0131n\u0131n azalt\u0131lmas\u0131na katk\u0131da bulunuyor ve s\u00fcrd\u00fcr\u00fclebilir enerji \u00e7\u00f6z\u00fcmlerini te\u015fvik ediyor.<\/li>\n<\/ul>\n<p>Dalga\/Gelgit Enerji \u00dcretimi i\u00e7in Hidrolik Silindir, yenilenebilir enerji alan\u0131nda \u00f6nemli bir ilerlemeyi temsil etmektedir. Okyanus hareketlerinin g\u00fcc\u00fcn\u00fc etkili bir \u015fekilde yakalayarak, daha s\u00fcrd\u00fcr\u00fclebilir bir enerji gelece\u011fine ge\u00e7i\u015fte \u00f6nemli bir rol oynamaktad\u0131r.<\/p>\n<h2>Dalga\/Gelgit G\u00fc\u00e7 \u00dcretim Ekipmanlar\u0131 Hidrolik Silindir<\/h2>\n<table border=\"1\" cellspacing=\"0\" cellpadding=\"0\">\n<tbody>\n<tr>\n<td>\u00dcr\u00fcn Ad\u0131<\/td>\n<td>Dalga\/Gelgit G\u00fc\u00e7 \u00dcretim Ekipman\u0131 Silindiri<\/td>\n<\/tr>\n<tr>\n<td>\u00d6zellikler:<\/td>\n<td>Dalga enerjisini hidrolik silindirleri hareket ettirmek i\u00e7in hidrolik enerjiye d\u00f6n\u00fc\u015ft\u00fcr\u00fcn. Y\u00fcksek bas\u0131n\u00e7l\u0131 ya\u011f daha sonra elektrik motorunu \u00e7al\u0131\u015ft\u0131rarak elektrik \u00fcretir ve bu elektrik enerjisi en sonunda elektrik enerjisine d\u00f6n\u00fc\u015ft\u00fcr\u00fcl\u00fcr.<\/td>\n<\/tr>\n<tr>\n<td>Delik \u00e7ap\u0131:<\/td>\n<td>\u00a0250 mm'ye kadar<\/td>\n<\/tr>\n<tr>\n<td>\u00c7ubuk \u00e7ap\u0131:<\/td>\n<td>190 mm'ye kadar<br \/>\n4800 mm'ye kadar strok<\/td>\n<\/tr>\n<tr>\n<td>Bas\u0131n\u00e7:<\/td>\n<td>31,5 MPa'ya kadar<\/td>\n<\/tr>\n<tr>\n<td>Uygulamalar:<\/td>\n<td>Dalga\/Gelgit Enerji \u00dcretimi<\/td>\n<\/tr>\n<\/tbody>\n<\/table>\n<h3>Dalga\/Gelgit G\u00fc\u00e7 \u00dcretim Ekipmanlar\u0131nda Hidrolik Silindirlerin Avantajlar\u0131<\/h3>\n<p>Hidrolik silindirler, dalga ve gelgit enerji \u00fcretim sistemlerinin i\u015fleyi\u015finde \u00f6nemli bir rol oynar. Bu ba\u011flamda hidrolik silindir kullan\u0131m\u0131n\u0131n temel avantajlar\u0131 \u015funlard\u0131r:<\/p>\n<ol>\n<li><strong>Y\u00fcksek G\u00fc\u00e7 Yo\u011funlu\u011fu:<\/strong> Hidrolik silindirler, kompakt ve verimli tasar\u0131mlara olanak tan\u0131yan m\u00fckemmel bir g\u00fc\u00e7-a\u011f\u0131rl\u0131k oran\u0131 sunar. Bu, \u00f6zellikle alan\u0131n s\u0131n\u0131rl\u0131 oldu\u011fu ve ekipmanlar\u0131n s\u0131kl\u0131kla su alt\u0131nda olmas\u0131 gereken dalga ve gelgit enerjisi uygulamalar\u0131nda faydal\u0131d\u0131r.<\/li>\n<li><strong>Dayan\u0131kl\u0131l\u0131k ve G\u00fcvenilirlik:<\/strong> Sa\u011flaml\u0131klar\u0131yla bilinen hidrolik silindirler, tuzlu su ve a\u015f\u0131r\u0131 hava ko\u015fullar\u0131 da dahil olmak \u00fczere zorlu deniz ko\u015fullar\u0131na dayan\u0131kl\u0131d\u0131r. Minimum bak\u0131mla uzun s\u00fcreli \u00e7al\u0131\u015fma i\u00e7in \u00fcretildikleri i\u00e7in, s\u00fcrekli olarak d\u0131\u015f etkenlere maruz kalan sistemler i\u00e7in idealdirler.<\/li>\n<li><strong>Hassas Kontrol:<\/strong> Bu silindirler, dalga ve gelgit enerji sistemlerindeki bile\u015fen hareketleri \u00fczerinde hassas kontrol sa\u011flar. Bu, enerji yakalamay\u0131 optimize etmek ve de\u011fi\u015fen \u00e7evre ko\u015fullar\u0131na uyum sa\u011flamak i\u00e7in olmazsa olmazd\u0131r.<\/li>\n<li><strong>\u00d6l\u00e7eklenebilirlik:<\/strong> Hidrolik sistemler kolayca \u00f6l\u00e7eklenebilir ve de\u011fi\u015fen g\u00fc\u00e7 \u00fcretim ihtiya\u00e7lar\u0131na g\u00f6re \u00f6zelle\u015ftirilebilir. Silindirlerin boyutu ve say\u0131s\u0131 de\u011fi\u015ftirilerek, ekipmanlar belirli enerji gereksinimlerine g\u00f6re uyarlanabilir.<\/li>\n<li><strong>Enerji D\u00f6n\u00fc\u015f\u00fcm Verimlili\u011fi:<\/strong> Hidrolik silindirler, dalga ve gelgit hareketlerini etkili bir \u015fekilde mekanik g\u00fcce d\u00f6n\u00fc\u015ft\u00fcrerek enerjiyi verimli bir \u015fekilde yakalar ve jenerat\u00f6rler veya di\u011fer cihazlar i\u00e7in d\u00f6nme hareketine d\u00f6n\u00fc\u015ft\u00fcr\u00fcr.<\/li>\n<li><strong>Minimum \u00c7evresel Etki:<\/strong> Di\u011fer enerji \u00fcretim y\u00f6ntemlerine k\u0131yasla hidrolik silindirler d\u00fc\u015f\u00fck \u00e7evresel ayak izine sahiptir. Do\u011frudan emisyon \u00fcretmezler ve sessiz \u00e7al\u0131\u015farak g\u00fcr\u00fclt\u00fc kirlili\u011fini en aza indirir ve deniz ekosistemlerini korurlar.<\/li>\n<li><strong>Tasar\u0131m Esnekli\u011fi:<\/strong> Hidrolik silindirler, m\u00fchendislerin belirli dalga ve gelgit g\u00fc\u00e7 \u00fcretim uygulamalar\u0131 i\u00e7in sistem performans\u0131n\u0131 ve verimlili\u011fini optimize etmek amac\u0131yla boyutu, strok uzunlu\u011funu ve kuvvet \u00e7\u0131k\u0131\u015f\u0131n\u0131 \u00f6zelle\u015ftirmelerine olanak tan\u0131yan \u00f6nemli bir tasar\u0131m esnekli\u011fi sunar.<\/li>\n<\/ol>\n<p><img loading=\"lazy\" decoding=\"async\" class=\"alignnone  wp-image-819\" src=\"https:\/\/fmp-components.com\/wp-content\/uploads\/2024\/12\/Wave-Tide-Power-Generation-Equipment-Hydraulic-Cylinder.webp\" alt=\"Dalga Gelgit G\u00fc\u00e7 \u00dcretim Ekipman\u0131 Hidrolik Silindir\" width=\"925\" height=\"308\" title=\"\" srcset=\"https:\/\/fmp-components.com\/wp-content\/uploads\/2024\/12\/Wave-Tide-Power-Generation-Equipment-Hydraulic-Cylinder.webp 925w, https:\/\/fmp-components.com\/wp-content\/uploads\/2024\/12\/Wave-Tide-Power-Generation-Equipment-Hydraulic-Cylinder-480x160.webp 480w\" sizes=\"(min-width: 0px) and (max-width: 480px) 480px, (min-width: 481px) 925px, 100vw\" \/><\/p>\n<h3>Dalga\/Gelgit Enerji \u00dcretimi i\u00e7in FMP Hidrolik Silindirleri Se\u00e7in<\/h3>\n<p>FMP, dalga ve gelgit enerjisi \u00fcretimi i\u00e7in \u00f6zel olarak tasarlanm\u0131\u015f hidrolik silindirlerin lider \u00fcreticisidir. Kalitesi, dayan\u0131kl\u0131l\u0131\u011f\u0131 ve g\u00fcvenilirli\u011fiyle tan\u0131nan FMP silindirleri, zorlu deniz ko\u015fullar\u0131 i\u00e7in m\u00fckemmeldir.<\/p>\n<h4>FMP Hidrolik Silindirleri Se\u00e7menin Faydalar\u0131:<\/h4>\n<ul>\n<li><strong>Y\u00fcksek Verimlilik:<\/strong> FMP hidrolik silindirleri, dalga ve gelgit enerjisini minimum kay\u0131pla hidrolik g\u00fcce d\u00f6n\u00fc\u015ft\u00fcrerek optimum verimlilik sa\u011flayacak \u015fekilde tasarlanm\u0131\u015ft\u0131r.<\/li>\n<li><strong>Uzun Hizmet \u00d6mr\u00fc:<\/strong> Dayan\u0131kl\u0131 olacak \u015fekilde \u00fcretilen bu silindirler, zorlu deniz ko\u015fullar\u0131na dayan\u0131kl\u0131 sa\u011flam bile\u015fenlere ve yap\u0131ya sahiptir.<\/li>\n<li><strong>D\u00fc\u015f\u00fck Bak\u0131m:<\/strong> Minimum bak\u0131m i\u00e7in tasarlanan FMP hidrolik silindirleri, g\u00fcvenilir performans sa\u011flarken \u00e7ok az bak\u0131m gerektirir.<\/li>\n<li><strong>\u00d6zelle\u015ftirilebilir Tasar\u0131m:<\/strong> FMP, her dalga ve gelgit enerjisi \u00fcretim projesinin \u00f6zel gereksinimlerini kar\u015f\u0131lamak \u00fczere tasarlanm\u0131\u015f \u00e7e\u015fitli hidrolik silindir tasar\u0131mlar\u0131 sunmaktad\u0131r.<\/li>\n<\/ul>\n<p>FMP hidrolik silindirleri, \u0130sko\u00e7ya'n\u0131n Orkney kentindeki Oyster dalga enerjisi santrali ve Tayvan'daki Penghu Tidal Lag\u00fcn\u00fc de dahil olmak \u00fczere d\u00fcnya \u00e7ap\u0131nda \u00e7e\u015fitli projelerde ba\u015far\u0131yla uyguland\u0131.<\/p>\n<h4>FMP Hidrolik Silindirlerin Se\u00e7iminde Dikkat Edilmesi Gerekenler:<\/h4>\n<ol>\n<li><strong>G\u00fc\u00e7 \u00dcretim Cihaz\u0131n\u0131n T\u00fcr\u00fc:<\/strong> Hidrolik silindirlerinizin \u00f6zel gereksinimleri, kullan\u0131lan cihaza ba\u011fl\u0131 olacakt\u0131r. \u00d6rne\u011fin, dalga enerjisi d\u00f6n\u00fc\u015ft\u00fcr\u00fcc\u00fcler (WEC'ler) y\u00fcksek g\u00fc\u00e7 yo\u011funlu\u011funa ve daha uzun strok uzunluklar\u0131na sahip silindirlere ihtiya\u00e7 duyarken, gelgit barajlar\u0131 daha y\u00fcksek kuvvet kapasitesine sahip silindirler gerektirir.<\/li>\n<li><strong>\u00c7al\u0131\u015fma Ortam\u0131:<\/strong> Hidrolik silindirlerin performans\u0131n\u0131 ve \u00f6mr\u00fcn\u00fc etkileyebilecek su derinli\u011fi, tuzluluk ve s\u0131cakl\u0131k gibi fakt\u00f6rleri g\u00f6z \u00f6n\u00fcnde bulundurun.<\/li>\n<li><strong>B\u00fct\u00e7e:<\/strong> FMP, farkl\u0131 fiyat aral\u0131klar\u0131nda \u00e7e\u015fitli hidrolik silindirler sunar. B\u00fct\u00e7eniz ile ihtiya\u00e7 duydu\u011funuz kalite ve performans aras\u0131nda bir denge kurman\u0131z \u00e7ok \u00f6nemlidir.<\/li>\n<\/ol>\n<p>Dalga veya gelgit enerji \u00fcretim projeniz i\u00e7in do\u011fru FMP hidrolik silindirlerini se\u00e7me konusunda yard\u0131ma ihtiyac\u0131n\u0131z varsa, do\u011frudan FMP ile ileti\u015fime ge\u00e7mekten \u00e7ekinmeyin. Deneyimli m\u00fchendislerimiz, \u00f6zel ihtiya\u00e7lar\u0131n\u0131za uygun en iyi \u00e7\u00f6z\u00fcmleri belirlemenize yard\u0131mc\u0131 olmaya haz\u0131rd\u0131r.<\/p>\n<p><img loading=\"lazy\" decoding=\"async\" class=\"alignnone size-full wp-image-818\" src=\"https:\/\/fmp-components.com\/wp-content\/uploads\/2024\/12\/Wave-Tide-Power-Generation-Equipment-Hydraulic-Cylinder-Advantages.webp\" alt=\"Dalga-Gelgit-G\u00fc\u00e7-\u00dcretim-Ekipmanlar\u0131-Hidrolik-Silindir-Avantajlar\u0131\" width=\"1000\" height=\"501\" title=\"\" srcset=\"https:\/\/fmp-components.com\/wp-content\/uploads\/2024\/12\/Wave-Tide-Power-Generation-Equipment-Hydraulic-Cylinder-Advantages.webp 1000w, https:\/\/fmp-components.com\/wp-content\/uploads\/2024\/12\/Wave-Tide-Power-Generation-Equipment-Hydraulic-Cylinder-Advantages-980x491.webp 980w, https:\/\/fmp-components.com\/wp-content\/uploads\/2024\/12\/Wave-Tide-Power-Generation-Equipment-Hydraulic-Cylinder-Advantages-480x240.webp 480w\" sizes=\"(min-width: 0px) and (max-width: 480px) 480px, (min-width: 481px) and (max-width: 980px) 980px, (min-width: 981px) 1000px, 100vw\" \/><\/p>\n<h3>FMP Hakk\u0131nda<\/h3>\n<p>FMP, hidrolik silindir \u00fcretimine odaklanm\u0131\u015f uzman bir mekanik \u00fcretim \u015firketidir. Kurulu\u015fundan bu yana \u015firket, hidrolik teknolojisinin ara\u015ft\u0131rma ve \u00fcretimine odaklanm\u0131\u015f ve hasat ve in\u015faat makinelerini de i\u00e7eren geni\u015f \u00fcr\u00fcn yelpazesinden, tar\u0131m trakt\u00f6r\u00fc bile\u015fenlerinde uzmanla\u015fmaya ba\u015far\u0131yla ge\u00e7i\u015f yapm\u0131\u015ft\u0131r. \u00dcretim ve y\u00f6netim alan\u0131nda on y\u0131l\u0131 a\u015fk\u0131n deneyimiyle FMP, geli\u015fmi\u015f \u00fcretim teknikleri sayesinde y\u00fcksek kaliteli \u00fcr\u00fcnler sunmaktad\u0131r.<\/p>\n<p>\u015eirketimiz geli\u015ftik\u00e7e, kapsaml\u0131 bir tala\u015fl\u0131 imalat \u00fcretim hatt\u0131, montaj hatt\u0131 ve kaplama hatt\u0131 geli\u015ftirdi. Ekibimiz, istikrarl\u0131 \u00fcretim kalitesini korurken s\u00fcre\u00e7 s\u00fcreklili\u011fini ve verimlili\u011fini etkili bir \u015fekilde kontrol etmek i\u00e7in birlikte \u00e7al\u0131\u015fan yetenekli y\u00f6netim personeli, deneyimli makine tasar\u0131mc\u0131lar\u0131 ve y\u00fcksek e\u011fitimli teknisyenlerden olu\u015fmaktad\u0131r.<\/p>\n<p>FMP, \u201cTeknolojik Yenilik \u0130lerlemeyi Te\u015fvik Eder, Kalite Marka Yarat\u0131r, \u0130\u015f\u00e7ilik Kaliteyi Sa\u011flar ve Uzun Vadeli Kazan-Kazan \u0130li\u015fkileri Kurar\u201d felsefesini benimser. Y\u00fcksek kaliteli \u00fcr\u00fcnler ve \u00fcst\u00fcn m\u00fc\u015fteri hizmeti sunma taahh\u00fcd\u00fcm\u00fcz, pazar\u0131n geli\u015fen ihtiya\u00e7lar\u0131n\u0131 kar\u015f\u0131lamaya devam ederken temel hedefimiz olmaya devam etmektedir.<\/p>\n<p><img loading=\"lazy\" decoding=\"async\" class=\"alignnone size-full wp-image-426\" src=\"https:\/\/fmp-components.com\/wp-content\/uploads\/2024\/12\/Sanitation-Machinery-Locking-Hydraulic-Cylinder-factory.webp\" sizes=\"(min-width: 0px) and (max-width: 480px) 480px, (min-width: 481px) and (max-width: 980px) 980px, (min-width: 981px) and (max-width: 1280px) 1280px, (min-width: 1281px) 1414px, 100vw\" srcset=\"https:\/\/fmp-components.com\/wp-content\/uploads\/2024\/12\/Sanitation-Machinery-Locking-Hydraulic-Cylinder-factory.webp 1414w, https:\/\/fmp-components.com\/wp-content\/uploads\/2024\/12\/Sanitation-Machinery-Locking-Hydraulic-Cylinder-factory-1280x529.webp 1280w, https:\/\/fmp-components.com\/wp-content\/uploads\/2024\/12\/Sanitation-Machinery-Locking-Hydraulic-Cylinder-factory-980x405.webp 980w, https:\/\/fmp-components.com\/wp-content\/uploads\/2024\/12\/Sanitation-Machinery-Locking-Hydraulic-Cylinder-factory-480x198.webp 480w\" alt=\"Sanitasyon-Makine-Kilitleme-Hidrolik-Silindir-Fabrikas\u0131\" width=\"1414\" height=\"584\" title=\"\"><\/p>\n<p>Yazar: CX<\/p>","protected":false},"excerpt":{"rendered":"<p>Dalga\/Gelgit G\u00fc\u00e7 \u00dcretim Ekipman\u0131 Hidrolik Silindiri, okyanus dalgalar\u0131ndan ve gelgit hareketlerinden enerji elde etmek i\u00e7in tasarlanm\u0131\u015f hayati bir hidrolik bile\u015fendir. Bu silindir, suyun kinetik enerjisini mekanik g\u00fcce d\u00f6n\u00fc\u015ft\u00fcrmede \u00f6nemli bir rol oynar ve \u00e7e\u015fitli enerji \u00fcretim mekanizmalar\u0131n\u0131n \u00e7al\u0131\u015fmas\u0131n\u0131 kolayla\u015ft\u0131r\u0131r. Y\u00fcksek mukavemetli ve korozyona dayan\u0131kl\u0131 malzemelerden \u00fcretilen silindir, tuzlu su ve a\u015f\u0131r\u0131 hava ko\u015fullar\u0131 gibi zorlu deniz ko\u015fullar\u0131na dayanacak \u015fekilde tasarlanm\u0131\u015ft\u0131r. Hidrolik sistem, enerji kazan\u0131m\u0131n\u0131 en \u00fcst d\u00fczeye \u00e7\u0131kar\u0131rken ekipman\u0131n g\u00fcvenilirli\u011fini ve dayan\u0131kl\u0131l\u0131\u011f\u0131n\u0131 da sa\u011flayarak p\u00fcr\u00fczs\u00fcz ve verimli hareketler sa\u011flar. Bu hidrolik silindir, dalga ve gelgit enerji sistemlerinin performans\u0131n\u0131 optimize etmek i\u00e7in olmazsa olmazd\u0131r ve s\u00fcrd\u00fcr\u00fclebilir ve yenilenebilir enerji \u00e7\u00f6z\u00fcmlerine \u00f6nemli \u00f6l\u00e7\u00fcde katk\u0131da bulunur.<\/p>","protected":false},"featured_media":817,"comment_status":"open","ping_status":"closed","template":"","meta":{"_et_pb_use_builder":"","_et_pb_old_content":"","_et_gb_content_width":""},"product_brand":[],"product_cat":[29],"product_tag":[],"class_list":{"0":"post-816","1":"product","2":"type-product","3":"status-publish","4":"has-post-thumbnail","6":"product_cat-energy-technology-hydraulic-cylinders","8":"first","9":"instock","10":"shipping-taxable","11":"product-type-simple"},"_links":{"self":[{"href":"https:\/\/fmp-components.com\/tr\/wp-json\/wp\/v2\/product\/816","targetHints":{"allow":["GET"]}}],"collection":[{"href":"https:\/\/fmp-components.com\/tr\/wp-json\/wp\/v2\/product"}],"about":[{"href":"https:\/\/fmp-components.com\/tr\/wp-json\/wp\/v2\/types\/product"}],"replies":[{"embeddable":true,"href":"https:\/\/fmp-components.com\/tr\/wp-json\/wp\/v2\/comments?post=816"}],"wp:featuredmedia":[{"embeddable":true,"href":"https:\/\/fmp-components.com\/tr\/wp-json\/wp\/v2\/media\/817"}],"wp:attachment":[{"href":"https:\/\/fmp-components.com\/tr\/wp-json\/wp\/v2\/media?parent=816"}],"wp:term":[{"taxonomy":"product_brand","embeddable":true,"href":"https:\/\/fmp-components.com\/tr\/wp-json\/wp\/v2\/product_brand?post=816"},{"taxonomy":"product_cat","embeddable":true,"href":"https:\/\/fmp-components.com\/tr\/wp-json\/wp\/v2\/product_cat?post=816"},{"taxonomy":"product_tag","embeddable":true,"href":"https:\/\/fmp-components.com\/tr\/wp-json\/wp\/v2\/product_tag?post=816"}],"curies":[{"name":"wp","href":"https:\/\/api.w.org\/{rel}","templated":true}]}}