{"id":7992,"date":"2025-04-15T03:11:58","date_gmt":"2025-04-15T03:11:58","guid":{"rendered":"https:\/\/fmp-components.com\/?post_type=product&#038;p=7992"},"modified":"2025-04-15T03:37:35","modified_gmt":"2025-04-15T03:37:35","slug":"plastic-planetary-gear","status":"publish","type":"product","link":"https:\/\/fmp-components.com\/tr\/product\/plastic-planetary-gear\/","title":{"rendered":"Plastik Planet Di\u015fli"},"content":{"rendered":"<h2>Plastik Planet Di\u015fliler: Hassasiyet ve Verimlilik<\/h2>\n<p>Plastik planet di\u015fliler, tork iletimi ve hareket kontrol\u00fc i\u00e7in kompakt, verimli ve \u00e7ok y\u00f6nl\u00fc bir \u00e7\u00f6z\u00fcm sunarak modern makine m\u00fchendisli\u011finin temel ta\u015flar\u0131ndan birini olu\u015fturmaktad\u0131r. Merkezi bir g\u00fcne\u015f di\u015flisi, \u00e7ok say\u0131da planet di\u015fli ve d\u0131\u015f halka di\u015flisinden olu\u015fan bu di\u015fli sistemleri, k\u00fc\u00e7\u00fck bir alanda y\u00fcksek red\u00fcksiyon oranlar\u0131 sa\u011flamak \u00fczere tasarlanm\u0131\u015ft\u0131r. \u0130talya'da, kentsel end\u00fcstriler, hafiflikleri, d\u00fc\u015f\u00fck g\u00fcr\u00fclt\u00fc seviyeleri ve maliyet etkinli\u011fi nedeniyle plastik planet di\u015flilere g\u00fcvenmektedir; bu da onlar\u0131 robotiklerden otomotiv sistemlerine kadar geni\u015f bir uygulama yelpazesi i\u00e7in ideal k\u0131lmaktad\u0131r.<\/p>\n<p>Naylon, polioksimetilen ve di\u011fer geli\u015fmi\u015f plastikler gibi y\u00fcksek kaliteli malzemelerden \u00fcretilen plastik planet di\u015fliler, ola\u011fan\u00fcst\u00fc dayan\u0131kl\u0131l\u0131k ve performans sunar. Geleneksel metal di\u015flilerden farkl\u0131 olarak, bu plastik sistemler, \u00f6zellikle a\u011f\u0131rl\u0131k, g\u00fcr\u00fclt\u00fc ve korozyon direncinin kritik oldu\u011fu ortamlarda, modern teknolojinin taleplerini kar\u015f\u0131layan benzersiz avantajlar sunar.<\/p>\n<p><img loading=\"lazy\" decoding=\"async\" class=\"size-full wp-image-8002 aligncenter\" src=\"https:\/\/fmp-components.com\/wp-content\/uploads\/2025\/04\/plastic-planetary-gear-product-1.webp\" alt=\"plastik planet di\u015fli \u00fcr\u00fcn\u00fc\" width=\"750\" height=\"1288\" title=\"\" srcset=\"https:\/\/fmp-components.com\/wp-content\/uploads\/2025\/04\/plastic-planetary-gear-product-1.webp 750w, https:\/\/fmp-components.com\/wp-content\/uploads\/2025\/04\/plastic-planetary-gear-product-1-480x824.webp 480w\" sizes=\"(min-width: 0px) and (max-width: 480px) 480px, (min-width: 481px) 750px, 100vw\" \/><\/p>\n<div>\n<div>\n<h3 dir=\"auto\">Plastik Planet Di\u015flilerin Avantajlar\u0131<\/h3>\n<h4 dir=\"auto\">Hafif ve Kompakt Tasar\u0131m<\/h4>\n<p class=\"break-words\" dir=\"auto\">Plastik planet di\u015flilerin en belirgin \u00f6zelliklerinden biri hafif yap\u0131lar\u0131d\u0131r. D\u0131\u015f halka di\u015flisi i\u00e7in plastik ve i\u00e7 bile\u015fenler i\u00e7in sinterlenmi\u015f metal kullan\u0131larak, bu di\u015fliler metal alternatiflerine k\u0131yasla a\u011f\u0131rl\u0131klar\u0131n\u0131 \u00f6nemli \u00f6l\u00e7\u00fcde azalt\u0131r. Bu da onlar\u0131, ta\u015f\u0131nabilir cihazlar veya alan k\u0131s\u0131tlamal\u0131 ekipmanlar gibi a\u011f\u0131rl\u0131\u011f\u0131 en aza indirmenin kritik oldu\u011fu uygulamalar i\u00e7in ideal hale getirir.<\/p>\n<h4 dir=\"auto\">D\u00fc\u015f\u00fck G\u00fcr\u00fclt\u00fc ve Titre\u015fim<\/h4>\n<p class=\"break-words\" dir=\"auto\">Plastik planet di\u015fliler, plastik malzemelerin s\u00f6n\u00fcmleme \u00f6zellikleri sayesinde g\u00fcr\u00fclt\u00fc ve titre\u015fimi azaltmada \u00fcst\u00fcn ba\u015far\u0131 g\u00f6sterir. Bu \u00f6zellik, \u00f6zellikle sessiz \u00e7al\u0131\u015fman\u0131n kullan\u0131c\u0131 deneyimini ve i\u015f yeri g\u00fcvenli\u011fini art\u0131rd\u0131\u011f\u0131 t\u0131bbi ekipman ve t\u00fcketici elektroni\u011fi gibi sekt\u00f6rlerde son derece de\u011ferlidir.<\/p>\n<h4 dir=\"auto\">Korozyon Direnci<\/h4>\n<p class=\"break-words\" dir=\"auto\">Metal di\u015flilerin aksine, plastik planet di\u015fliler ya\u011flama gerektirmeden korozyona kar\u015f\u0131 dayan\u0131kl\u0131d\u0131r. Bu da onlar\u0131 kimyasal i\u015fleme veya nemli ko\u015fullar gibi zorlu ortamlara uygun hale getirerek \u00e7e\u015fitli end\u00fcstrilerde g\u00fcvenilir performans sa\u011flar.<\/p>\n<h4 dir=\"auto\">Maliyet Etkin \u00c7\u00f6z\u00fcm<\/h4>\n<p class=\"break-words\" dir=\"auto\">Plastik di\u015fliler genellikle metal di\u015flilere g\u00f6re \u00fcretimi daha ucuzdur ve \u00fcreticiler i\u00e7in uygun maliyetli bir se\u00e7enek sunar. D\u00fc\u015f\u00fck \u00fcretim maliyetleri kaliteyi etkilemez, bu da onlar\u0131 y\u00fcksek performans arayan b\u00fct\u00e7e bilincine sahip i\u015fletmeler i\u00e7in ak\u0131ll\u0131 bir se\u00e7im haline getirir.<\/p>\n<h4 dir=\"auto\">\u00d6zelle\u015ftirme ve Esneklik<\/h4>\n<p class=\"break-words\" dir=\"auto\">Plastik planet di\u015fliler karma\u015f\u0131k \u015fekillere kal\u0131planabilir, bu da \u00f6zel gereksinimleri kar\u015f\u0131lamak i\u00e7in \u00f6zel tasar\u0131mlara olanak tan\u0131r. Di\u015fli oranlar\u0131n\u0131n, boyutlar\u0131n veya tork kapasitelerinin ayarlanmas\u0131nda bu esneklik, benzersiz uygulamalar i\u00e7in performans\u0131 optimize eder.<\/p>\n<h4 dir=\"auto\">Manyetik Olmayan \u00d6zellikler<\/h4>\n<p class=\"break-words\" dir=\"auto\">Plastik di\u015flilerin manyetik olmamas\u0131, t\u0131bbi g\u00f6r\u00fcnt\u00fcleme cihazlar\u0131 veya elektronik ekipmanlar gibi hassas uygulamalarda \u00f6nemli bir avantajd\u0131r. Bu \u00f6zellik, minimum paraziti sa\u011flayarak y\u00fcksek teknoloji end\u00fcstrilerinde hassasiyeti destekler.<\/p>\n<h3 dir=\"auto\">Plastik Planet Di\u015flilerin Uygulamalar\u0131<\/h3>\n<p class=\"break-words\" dir=\"auto\">Plastik planet di\u015fliler, g\u00fcvenilir hareket kontrol\u00fc ve tork iletimi sa\u011flayarak bir\u00e7ok end\u00fcstri i\u00e7in vazge\u00e7ilmezdir:<\/p>\n<ul class=\"marker:text-secondary\" dir=\"auto\">\n<li class=\"break-words\"><strong>Robotik<\/strong>Plastik planet di\u015fliler, robotik sistemlerde hassas hareketleri sa\u011flayarak otomasyon uygulamalar\u0131nda verimlili\u011fi art\u0131r\u0131r.<\/li>\n<li class=\"break-words\"><strong>Otomotiv<\/strong>Hafif di\u015fliler, elektrikli ara\u00e7 bile\u015fenlerinde kompakt tasar\u0131mlar\u0131 destekleyerek yenilik\u00e7i otomotiv \u00e7\u00f6z\u00fcmlerine katk\u0131da bulunur.<\/li>\n<li class=\"break-words\"><strong>Ev Aletleri<\/strong>Plastik di\u015fliler, \u00e7ama\u015f\u0131r makineleri ve blenderler gibi cihazlarda sorunsuz \u00e7al\u0131\u015fma sa\u011flayarak tutarl\u0131 performans sunar.<\/li>\n<li class=\"break-words\"><strong>T\u0131bbi Ekipman<\/strong>Korozyona dayan\u0131kl\u0131 di\u015fliler, g\u00fcvenilirlik ve dayan\u0131kl\u0131l\u0131\u011f\u0131n esas oldu\u011fu t\u0131bbi cihazlar i\u00e7in hayati \u00f6neme sahiptir.<\/li>\n<li class=\"break-words\"><strong>Ofis Ekipmanlar\u0131<\/strong>Yaz\u0131c\u0131lardan fotokopi makinelerine kadar, plastik planet di\u015fliler ticari uygulamalarda g\u00fcvenilir performans sa\u011flar.<\/li>\n<\/ul>\n<p class=\"break-words\" dir=\"auto\">Bu uygulamalar, plastik planet di\u015fli sistemlerinin \u00e7ok y\u00f6nl\u00fcl\u00fc\u011f\u00fcn\u00fc vurgulayarak, hassasiyet ve dayan\u0131kl\u0131l\u0131kla \u00e7e\u015fitli end\u00fcstriyel ihtiya\u00e7lar\u0131 kar\u015f\u0131lad\u0131\u011f\u0131n\u0131 g\u00f6stermektedir.<\/p>\n<\/div>\n<div>\n<h3 dir=\"auto\">Plastik Planet Di\u015flilerin S\u0131n\u0131rlamalar\u0131<\/h3>\n<p class=\"break-words\" dir=\"auto\">Plastik planet di\u015fliler bir\u00e7ok avantaj sunarken, metal di\u015flilere k\u0131yasla baz\u0131 s\u0131n\u0131rlamalar\u0131 da vard\u0131r:<\/p>\n<ul class=\"marker:text-secondary\" dir=\"auto\">\n<li class=\"break-words\"><strong>Y\u00fck Kapasitesi<\/strong>Plastik di\u015fliler, metal di\u015fliler kadar a\u015f\u0131r\u0131 y\u00fcksek tork y\u00fcklerini etkili bir \u015fekilde kald\u0131ramayabilir; bu nedenle dikkatli bir uygulama de\u011ferlendirmesi gereklidir.<\/li>\n<li class=\"break-words\"><strong>Is\u0131 Direnci<\/strong>Plastik di\u015fliler y\u00fcksek s\u0131cakl\u0131klarda deforme olabildi\u011finden, a\u015f\u0131r\u0131 termal ortamlar i\u00e7in daha az uygundur.<\/li>\n<li class=\"break-words\"><strong>Kesinlik<\/strong>Metal di\u015fliler genellikle daha dar toleranslar sunar ve bu da ultra hassas uygulamalar i\u00e7in tercih edilebilir.<\/li>\n<\/ul>\n<p class=\"break-words\" dir=\"auto\">Ancak \u00e7o\u011fu uygulama i\u00e7in, \u00f6zellikle belirli ihtiya\u00e7lara g\u00f6re \u00f6zelle\u015ftirildi\u011finde, plastik planet di\u015fliler performans, maliyet ve pratiklik a\u00e7\u0131s\u0131ndan m\u00fckemmel bir denge sunar.<\/p>\n<div>\n<h2 class=\"\" dir=\"auto\">Plastik Planet Di\u015fliler ve Plastik Planet Di\u015fli Kutular\u0131<\/h2>\n<p class=\"break-words\" dir=\"auto\">Plastik planet di\u015fliler, di\u015flileri motor, g\u00f6vde ve ta\u015f\u0131y\u0131c\u0131 plakalarla birlikte komple bir sisteme entegre eden plastik planet di\u015fli kutular\u0131n\u0131n temel bile\u015fenleridir. G\u00fcne\u015f di\u015flisi, planet di\u015flisi ve halka di\u015flisinden olu\u015fan di\u015fliler tork iletimini ve hareket kontrol\u00fcn\u00fc sa\u011flarken, di\u015fli kutusu verimlili\u011fi art\u0131ran ve entegrasyonu basitle\u015ftiren kompakt, kullan\u0131ma haz\u0131r bir \u00e7\u00f6z\u00fcm sunar. \u00d6z\u00fcnde, di\u015fliler belirli performans \u00f6l\u00e7\u00fctleri i\u00e7in tasarlanm\u0131\u015f di\u015fli kutusunun fonksiyonel kalbidir, di\u015fli kutusu ise \u00e7e\u015fitli end\u00fcstriyel uygulamalar i\u00e7in tak ve \u00e7al\u0131\u015ft\u0131r bir sistem sunar. \u0130ster ba\u011f\u0131ms\u0131z di\u015flilere ister komple bir di\u015fli kutusuna ihtiyac\u0131n\u0131z olsun, her ikisi de plastik malzemelerin hafiflik ve d\u00fc\u015f\u00fck g\u00fcr\u00fclt\u00fc avantajlar\u0131ndan yararlan\u0131r.<\/p>\n<table style=\"border-collapse: collapse; width: 97.6042%; height: 220px;\" border=\"0\" width=\"180\" cellspacing=\"0\" cellpadding=\"0\">\n<tbody>\n<tr style=\"height: 14.40pt;\">\n<td style=\"height: 14.40pt; width: 54.00pt;\" align=\"right\" width=\"90\" height=\"24\"><img loading=\"lazy\" decoding=\"async\" class=\"size-full wp-image-7996 aligncenter\" src=\"https:\/\/fmp-components.com\/wp-content\/uploads\/2025\/04\/plastic-planetary-gear-product-5.webp\" alt=\"plastik planet di\u015fli \u00fcr\u00fcn\u00fc\" width=\"800\" height=\"800\" title=\"\" srcset=\"https:\/\/fmp-components.com\/wp-content\/uploads\/2025\/04\/plastic-planetary-gear-product-5.webp 800w, https:\/\/fmp-components.com\/wp-content\/uploads\/2025\/04\/plastic-planetary-gear-product-5-480x480.webp 480w\" sizes=\"(min-width: 0px) and (max-width: 480px) 480px, (min-width: 481px) 800px, 100vw\" \/><\/td>\n<td style=\"width: 54.00pt;\" align=\"right\" width=\"90\"><img loading=\"lazy\" decoding=\"async\" class=\"size-full wp-image-7995 aligncenter\" src=\"https:\/\/fmp-components.com\/wp-content\/uploads\/2025\/04\/plastic-planetary-gear-product-4.webp\" alt=\"plastik planet di\u015fli \u00fcr\u00fcn\u00fc\" width=\"800\" height=\"800\" title=\"\" srcset=\"https:\/\/fmp-components.com\/wp-content\/uploads\/2025\/04\/plastic-planetary-gear-product-4.webp 800w, https:\/\/fmp-components.com\/wp-content\/uploads\/2025\/04\/plastic-planetary-gear-product-4-480x480.webp 480w\" sizes=\"(min-width: 0px) and (max-width: 480px) 480px, (min-width: 481px) 800px, 100vw\" \/><\/td>\n<\/tr>\n<tr style=\"height: 14.40pt;\">\n<td style=\"height: 14.40pt;\" align=\"right\" height=\"24\"><img loading=\"lazy\" decoding=\"async\" class=\"size-full wp-image-7998 aligncenter\" src=\"https:\/\/fmp-components.com\/wp-content\/uploads\/2025\/04\/plastic-planetary-gear-product-7.webp\" alt=\"plastik planet di\u015fli \u00fcr\u00fcn\u00fc\" width=\"800\" height=\"800\" title=\"\" srcset=\"https:\/\/fmp-components.com\/wp-content\/uploads\/2025\/04\/plastic-planetary-gear-product-7.webp 800w, https:\/\/fmp-components.com\/wp-content\/uploads\/2025\/04\/plastic-planetary-gear-product-7-480x480.webp 480w\" sizes=\"(min-width: 0px) and (max-width: 480px) 480px, (min-width: 481px) 800px, 100vw\" \/><\/td>\n<td align=\"right\"><img loading=\"lazy\" decoding=\"async\" class=\"size-full wp-image-7997 aligncenter\" src=\"https:\/\/fmp-components.com\/wp-content\/uploads\/2025\/04\/plastic-planetary-gear-product-6.webp\" alt=\"plastik planet di\u015fli \u00fcr\u00fcn\u00fc\" width=\"800\" height=\"800\" title=\"\" srcset=\"https:\/\/fmp-components.com\/wp-content\/uploads\/2025\/04\/plastic-planetary-gear-product-6.webp 800w, https:\/\/fmp-components.com\/wp-content\/uploads\/2025\/04\/plastic-planetary-gear-product-6-480x480.webp 480w\" sizes=\"(min-width: 0px) and (max-width: 480px) 480px, (min-width: 481px) 800px, 100vw\" \/><\/td>\n<\/tr>\n<\/tbody>\n<\/table>\n<div>\n<table style=\"border-collapse: collapse; width: 98.4086%; height: 29px;\" border=\"0\" width=\"180\" cellspacing=\"0\" cellpadding=\"0\">\n<tbody>\n<tr style=\"height: 14.40pt;\">\n<td style=\"height: 14.4pt; width: 49.7337%;\" align=\"right\" width=\"90\" height=\"24\"><img loading=\"lazy\" decoding=\"async\" class=\"wp-image-7999 aligncenter\" src=\"https:\/\/fmp-components.com\/wp-content\/uploads\/2025\/04\/plastic-planetary-gearbox-product-1.webp\" alt=\"plastik planet di\u015fli kutusu \u00fcr\u00fcn\u00fc\" width=\"746\" height=\"746\" title=\"\"><\/td>\n<td style=\"width: 53.0741%;\" align=\"right\" width=\"90\"><img loading=\"lazy\" decoding=\"async\" class=\"wp-image-8001 aligncenter\" src=\"https:\/\/fmp-components.com\/wp-content\/uploads\/2025\/04\/plastic-planetary-gearbox-product-2.webp\" alt=\"plastik planet di\u015fli kutusu \u00fcr\u00fcn\u00fc\" width=\"469\" height=\"469\" title=\"\"><\/td>\n<\/tr>\n<\/tbody>\n<\/table>\n<h3>\u0130lgili \u00dcr\u00fcnler \u2013 Planet Di\u015fli Kutusu<\/h3>\n<p>FMP olarak, kapsaml\u0131 bir plastik planet di\u015fli yelpazesi sunmaktan gurur duyuyoruz ve <a href=\"https:\/\/fmp-components.com\/tr\/planetary-gearbox\/\">planet di\u015fli kutular\u0131<\/a>\u00c7e\u015fitli end\u00fcstriyel ihtiya\u00e7lar\u0131 kar\u015f\u0131lamak \u00fczere tasarlanm\u0131\u015ft\u0131r. Plastik planet di\u015flilerimiz tork iletiminde hassasiyet ve verimlilik sa\u011flarken, planet di\u015fli kutular\u0131m\u0131z bu di\u015flileri motorlar, g\u00f6vdeler ve ta\u015f\u0131y\u0131c\u0131 plakalarla entegre ederek kompakt, kullan\u0131ma haz\u0131r \u00e7\u00f6z\u00fcmler sunar. Her iki \u00fcr\u00fcn serisi de naylon ve asetal gibi y\u00fcksek kaliteli malzemelerden \u00fcretilmi\u015ftir ve hafif yap\u0131, d\u00fc\u015f\u00fck g\u00fcr\u00fclt\u00fc ve dayan\u0131kl\u0131l\u0131k sa\u011flar. \u0130ster ba\u011f\u0131ms\u0131z di\u015flilere ister komple di\u015fli kutusu sistemlerine ihtiyac\u0131n\u0131z olsun, FMP, \u00f6zel uygulamalar\u0131n\u0131za g\u00f6re uyarlanm\u0131\u015f, \u00f6zelle\u015ftirilebilir, y\u00fcksek performansl\u0131 \u00e7\u00f6z\u00fcmler sunar.<\/p>\n<p><img loading=\"lazy\" decoding=\"async\" class=\"size-full wp-image-6316 aligncenter\" src=\"https:\/\/fmp-components.com\/wp-content\/uploads\/2025\/03\/planetary-gearbox-banner.webp\" alt=\"planet di\u015fli kutusu afi\u015fi\" width=\"1772\" height=\"945\" title=\"\" srcset=\"https:\/\/fmp-components.com\/wp-content\/uploads\/2025\/03\/planetary-gearbox-banner.webp 1772w, https:\/\/fmp-components.com\/wp-content\/uploads\/2025\/03\/planetary-gearbox-banner-1280x683.webp 1280w, https:\/\/fmp-components.com\/wp-content\/uploads\/2025\/03\/planetary-gearbox-banner-980x523.webp 980w, https:\/\/fmp-components.com\/wp-content\/uploads\/2025\/03\/planetary-gearbox-banner-480x256.webp 480w\" sizes=\"(min-width: 0px) and (max-width: 480px) 480px, (min-width: 481px) and (max-width: 980px) 980px, (min-width: 981px) and (max-width: 1280px) 1280px, (min-width: 1281px) 1772px, 100vw\" \/><\/p>\n<p style=\"text-align: center;\"><strong>L\u00fctfen <a href=\"mailto:info@fmpcomponents.it\">bize Ula\u015f\u0131n<\/a> daha fazla \u00fcr\u00fcn i\u00e7in<\/strong><\/p>\n<\/div>\n<div>\n<h2 class=\"\" dir=\"auto\">FMP Hakk\u0131nda: \u0130talya'da Plastik Planet Di\u015fliler Konusunda G\u00fcvenilir Orta\u011f\u0131n\u0131z<\/h2>\n<p class=\"break-words\" dir=\"auto\">FMP olarak, Milano, Venedik, Floransa ve Bologna'daki end\u00fcstrilere hizmet veren geni\u015f bir yelpazede plastik planet di\u015fliler ve ilgili \u00fcr\u00fcnlerin \u00fcretiminde uzmanla\u015fm\u0131\u015f bulunuyoruz. \u00dcr\u00fcnlerimiz aras\u0131nda naylon ve asetal gibi birinci s\u0131n\u0131f malzemelerden \u00fcretilmi\u015f, y\u00fcksek verimlilik, dayan\u0131kl\u0131l\u0131k ve hassasiyet sunacak \u015fekilde tasarlanm\u0131\u015f standart ve \u00f6zel di\u015fliler yer almaktad\u0131r. Robotik, otomotiv veya t\u0131bbi uygulamalar olsun, m\u00fc\u015fterilerimizin benzersiz ihtiya\u00e7lar\u0131n\u0131 kar\u015f\u0131lamaktan gurur duyuyoruz.<\/p>\n<p class=\"break-words\" dir=\"auto\">FMP ayr\u0131ca \u00f6zelle\u015ftirme hizmetleri de sunarak, plastik planet di\u015flilerini tam olarak sizin spesifikasyonlar\u0131n\u0131za g\u00f6re uyarlamam\u0131za olanak tan\u0131r. \u00dcr\u00fcn listelerimizde ihtiyac\u0131n\u0131z olan modeli bulamazsan\u0131z, hen\u00fcz y\u00fcklenmemi\u015f olabilir. \u0130htiya\u00e7lar\u0131n\u0131z\u0131 bize e-posta ile iletmeniz yeterlidir; uzman m\u00fchendislerimiz 24 saat i\u00e7inde ihtiya\u00e7lar\u0131n\u0131z\u0131 kar\u015f\u0131layacak bir \u00e7\u00f6z\u00fcmle size yan\u0131t verecektir. \u0130talya genelindeki projelerinizde ba\u015far\u0131y\u0131 art\u0131ran yenilik\u00e7i, y\u00fcksek kaliteli plastik di\u015fli \u00e7\u00f6z\u00fcmleri sunmak i\u00e7in FMP'ye g\u00fcvenin.<\/p>\n<\/div>\n<\/div>\n<\/div>\n<div>\n<p dir=\"auto\"><img loading=\"lazy\" decoding=\"async\" class=\"wp-image-8000 aligncenter\" src=\"https:\/\/fmp-components.com\/wp-content\/uploads\/2025\/04\/plastic-planetary-gear-product-2.webp\" alt=\"plastik planet di\u015fli \u00fcr\u00fcn\u00fc\" width=\"880\" height=\"880\" title=\"\" srcset=\"https:\/\/fmp-components.com\/wp-content\/uploads\/2025\/04\/plastic-planetary-gear-product-2.webp 880w, https:\/\/fmp-components.com\/wp-content\/uploads\/2025\/04\/plastic-planetary-gear-product-2-480x480.webp 480w\" sizes=\"(min-width: 0px) and (max-width: 480px) 480px, (min-width: 481px) 880px, 100vw\" \/><\/p>\n<\/div>\n<\/div>","protected":false},"excerpt":{"rendered":"<p>Plastic Planetary Gears: Precision and Efficiency Plastic planetary gears are a cornerstone of modern mechanical engineering, providing a compact, efficient and versatile solution for torque transmission and motion control. Consisting of a central sun gear, multiple planetary gears and an outer ring gear, these gear systems are designed to provide high reduction ratios in a [&hellip;]<\/p>","protected":false},"featured_media":7994,"comment_status":"open","ping_status":"closed","template":"","meta":{"_et_pb_use_builder":"","_et_pb_old_content":"","_et_gb_content_width":""},"product_brand":[],"product_cat":[117],"product_tag":[],"class_list":{"0":"post-7992","1":"product","2":"type-product","3":"status-publish","4":"has-post-thumbnail","6":"product_cat-plastic-gears","8":"first","9":"instock","10":"shipping-taxable","11":"product-type-simple"},"_links":{"self":[{"href":"https:\/\/fmp-components.com\/tr\/wp-json\/wp\/v2\/product\/7992","targetHints":{"allow":["GET"]}}],"collection":[{"href":"https:\/\/fmp-components.com\/tr\/wp-json\/wp\/v2\/product"}],"about":[{"href":"https:\/\/fmp-components.com\/tr\/wp-json\/wp\/v2\/types\/product"}],"replies":[{"embeddable":true,"href":"https:\/\/fmp-components.com\/tr\/wp-json\/wp\/v2\/comments?post=7992"}],"wp:featuredmedia":[{"embeddable":true,"href":"https:\/\/fmp-components.com\/tr\/wp-json\/wp\/v2\/media\/7994"}],"wp:attachment":[{"href":"https:\/\/fmp-components.com\/tr\/wp-json\/wp\/v2\/media?parent=7992"}],"wp:term":[{"taxonomy":"product_brand","embeddable":true,"href":"https:\/\/fmp-components.com\/tr\/wp-json\/wp\/v2\/product_brand?post=7992"},{"taxonomy":"product_cat","embeddable":true,"href":"https:\/\/fmp-components.com\/tr\/wp-json\/wp\/v2\/product_cat?post=7992"},{"taxonomy":"product_tag","embeddable":true,"href":"https:\/\/fmp-components.com\/tr\/wp-json\/wp\/v2\/product_tag?post=7992"}],"curies":[{"name":"wp","href":"https:\/\/api.w.org\/{rel}","templated":true}]}}