{"id":7925,"date":"2025-04-11T05:36:47","date_gmt":"2025-04-11T05:36:47","guid":{"rendered":"https:\/\/fmp-components.com\/?post_type=product&#038;p=7925"},"modified":"2025-04-11T05:45:56","modified_gmt":"2025-04-11T05:45:56","slug":"flywheel-ring-gear","status":"publish","type":"product","link":"https:\/\/fmp-components.com\/tr\/product\/flywheel-ring-gear\/","title":{"rendered":"Volan Halkas\u0131 Di\u015flisi"},"content":{"rendered":"<h2>Volan Halka Di\u015flileri: \u0130talyan End\u00fcstrileri i\u00e7in Hassasiyet ve Performans<\/h2>\n<div>\u00c7ark <a href=\"https:\/\/fmp-components.com\/tr\/ring-gear\/\">halka di\u015flileri<\/a> Otomotiv ve end\u00fcstriyel makinelerde kritik bile\u015fenler olan bu di\u015fliler, motor ile mar\u015f motoru aras\u0131nda sorunsuz g\u00fc\u00e7 aktar\u0131m\u0131 sa\u011flar. Dayan\u0131kl\u0131l\u0131k ve hassasiyet i\u00e7in tasarlanan bu di\u015fliler, Milano'nun hareketli sokaklar\u0131ndan Floransa'n\u0131n manzaral\u0131 yollar\u0131na kadar \u0130talya genelinde kullan\u0131lan ara\u00e7lar ve ekipmanlar i\u00e7in olmazsa olmazd\u0131r. FMP olarak, s\u0131k\u0131 kalite standartlar\u0131n\u0131 kar\u015f\u0131layan ve \u00e7ok \u00e7e\u015fitli uygulamalar i\u00e7in g\u00fcvenilir performans sunan volan halka di\u015flileri \u00fcretiyoruz. \u0130ster Venedik'te deniz motorlar\u0131n\u0131n bak\u0131m\u0131n\u0131 yap\u0131yor olun, ister Bologna'da a\u011f\u0131r makinelerin bak\u0131m\u0131n\u0131 yap\u0131yor olun, halka di\u015flilerimiz y\u00fcksek torka ve zorlu ko\u015fullara dayanacak \u015fekilde tasarlanarak uzun s\u00fcreli verimlilik sa\u011flar.<\/div>\n<p><img loading=\"lazy\" decoding=\"async\" class=\"alignnone size-full wp-image-7927\" src=\"https:\/\/fmp-components.com\/wp-content\/uploads\/2025\/04\/flywheel-ring-gear-product-detail.webp\" alt=\"volan halka di\u015flisi \u00fcr\u00fcn detay\u0131\" width=\"1200\" height=\"1200\" title=\"\" srcset=\"https:\/\/fmp-components.com\/wp-content\/uploads\/2025\/04\/flywheel-ring-gear-product-detail.webp 1200w, https:\/\/fmp-components.com\/wp-content\/uploads\/2025\/04\/flywheel-ring-gear-product-detail-980x980.webp 980w, https:\/\/fmp-components.com\/wp-content\/uploads\/2025\/04\/flywheel-ring-gear-product-detail-480x480.webp 480w\" sizes=\"(min-width: 0px) and (max-width: 480px) 480px, (min-width: 481px) and (max-width: 980px) 980px, (min-width: 981px) 1200px, 100vw\" \/><\/p>\n<h2>Neden FMP'nin Y\u00fcksek Kaliteli Volan Di\u015flilerini Se\u00e7melisiniz?<\/h2>\n<div>\u0130talya'n\u0131n \u00e7e\u015fitli end\u00fcstriyel ortam\u0131nda, Floransa'daki el sanatlar\u0131 at\u00f6lyelerinden Milano'daki otomotiv merkezlerine kadar, sa\u011flam volan di\u015fli kutular\u0131na olan talep s\u00fcrekli artmaktad\u0131r. Bu di\u015fli kutular\u0131, a\u015f\u0131nma ve y\u0131pranmaya kar\u015f\u0131 dayan\u0131kl\u0131 birinci s\u0131n\u0131f malzemelerden \u00fcretilerek mar\u015f motorlar\u0131yla kusursuz bir \u015fekilde etkile\u015fime girer. FMP olarak, otomobiller, kamyonlar ve end\u00fcstriyel ekipmanlar i\u00e7in uygun, \u00e7e\u015fitli modellerle uyumlu, geni\u015f bir di\u015fli kutusu yelpazesi sunuyoruz. Venedik veya Bologna'daysan\u0131z ve ihtiyac\u0131n\u0131z olan \u00f6zel di\u015fli kutusu modelini bulam\u0131yorsan\u0131z endi\u015felenmeyin; ekibimiz ihtiya\u00e7lar\u0131n\u0131za \u00f6zel \u00e7\u00f6z\u00fcmler sunarak, operasyonlar\u0131n\u0131z\u0131n sorunsuz bir \u015fekilde ilerlemesini sa\u011flayan hassas m\u00fchendislik \u00fcr\u00fcn\u00fc \u00fcr\u00fcnler sunar.<\/div>\n<div>\n<h3>FMP: \u0130talya'daki G\u00fcvenilir Volan Halkas\u0131 Di\u015fli Orta\u011f\u0131n\u0131z<\/h3>\n<p>FMP, lider bir volan di\u015fli \u00e7ark \u00fcreticisidir. \u015eirketimiz, geni\u015f bir yelpazede di\u015fli \u00e7arklar\u0131nda uzmanla\u015fm\u0131\u015f olup, benzersiz \u00f6zelliklerinizi kar\u015f\u0131lamak i\u00e7in \u00f6zel hizmetler sunmaktad\u0131r. \u0130htiyac\u0131n\u0131z olan modeli \u00fcr\u00fcn listemizde g\u00f6remiyorsan\u0131z, bunun nedeni hen\u00fcz y\u00fcklememi\u015f olmam\u0131z olabilir. \u0130htiya\u00e7lar\u0131n\u0131z\u0131 bize e-posta yoluyla bildirmeniz yeterli; profesyonel m\u00fchendislerimizden biri 24 saat i\u00e7inde size \u00f6zel bir \u00e7\u00f6z\u00fcmle yan\u0131t verecektir. \u0130talya'n\u0131n neresinde olursan\u0131z olun, FMP i\u015fletmenize g\u00fc\u00e7 katacak y\u00fcksek kaliteli ve dayan\u0131kl\u0131 di\u015fli \u00e7arklar sa\u011flayabilir.<\/p>\n<table style=\"border-collapse: collapse; width: 103.578%; height: 58px;\" border=\"0\" width=\"240\" cellspacing=\"0\" cellpadding=\"0\">\n<tbody>\n<tr style=\"height: 14.40pt;\">\n<td style=\"height: 14.40pt; width: 48.00pt;\" align=\"right\" width=\"80\" height=\"24\"><img loading=\"lazy\" decoding=\"async\" class=\"size-full wp-image-7931 aligncenter\" src=\"https:\/\/fmp-components.com\/wp-content\/uploads\/2025\/04\/flywheel-ring-gear-product-1.webp\" alt=\"volan halka di\u015fli \u00fcr\u00fcn\u00fc\" width=\"750\" height=\"750\" title=\"\" srcset=\"https:\/\/fmp-components.com\/wp-content\/uploads\/2025\/04\/flywheel-ring-gear-product-1.webp 750w, https:\/\/fmp-components.com\/wp-content\/uploads\/2025\/04\/flywheel-ring-gear-product-1-480x480.webp 480w\" sizes=\"(min-width: 0px) and (max-width: 480px) 480px, (min-width: 481px) 750px, 100vw\" \/><\/td>\n<td style=\"width: 48.00pt;\" align=\"right\" width=\"80\"><img loading=\"lazy\" decoding=\"async\" class=\"size-full wp-image-7929 aligncenter\" src=\"https:\/\/fmp-components.com\/wp-content\/uploads\/2025\/04\/flywheel-ring-gear-product-2.webp\" alt=\"volan halka di\u015fli \u00fcr\u00fcn\u00fc\" width=\"800\" height=\"800\" title=\"\" srcset=\"https:\/\/fmp-components.com\/wp-content\/uploads\/2025\/04\/flywheel-ring-gear-product-2.webp 800w, https:\/\/fmp-components.com\/wp-content\/uploads\/2025\/04\/flywheel-ring-gear-product-2-480x480.webp 480w\" sizes=\"(min-width: 0px) and (max-width: 480px) 480px, (min-width: 481px) 800px, 100vw\" \/><\/td>\n<td style=\"width: 48.00pt;\" align=\"right\" width=\"80\"><img loading=\"lazy\" decoding=\"async\" class=\"size-full wp-image-7930 aligncenter\" src=\"https:\/\/fmp-components.com\/wp-content\/uploads\/2025\/04\/flywheel-ring-gear-product-3.webp\" alt=\"volan halka di\u015fli \u00fcr\u00fcn\u00fc\" width=\"800\" height=\"800\" title=\"\" srcset=\"https:\/\/fmp-components.com\/wp-content\/uploads\/2025\/04\/flywheel-ring-gear-product-3.webp 800w, https:\/\/fmp-components.com\/wp-content\/uploads\/2025\/04\/flywheel-ring-gear-product-3-480x480.webp 480w\" sizes=\"(min-width: 0px) and (max-width: 480px) 480px, (min-width: 481px) 800px, 100vw\" \/><\/td>\n<\/tr>\n<\/tbody>\n<\/table>\n<\/div>","protected":false},"excerpt":{"rendered":"<p>Flywheel Ring Gears: Precision and Performance for Italian Industries Flywheel ring gears are critical components in automotive and industrial machinery, ensuring smooth power transmission between the engine and the starter motor. Designed for durability and precision, these gears are essential for vehicles and equipment used across Italy, from the bustling streets of Milan to the [&hellip;]<\/p>","protected":false},"featured_media":7926,"comment_status":"open","ping_status":"closed","template":"","meta":{"_et_pb_use_builder":"","_et_pb_old_content":"","_et_gb_content_width":""},"product_brand":[],"product_cat":[114],"product_tag":[],"class_list":{"0":"post-7925","1":"product","2":"type-product","3":"status-publish","4":"has-post-thumbnail","6":"product_cat-ring-gear","8":"first","9":"instock","10":"shipping-taxable","11":"product-type-simple"},"_links":{"self":[{"href":"https:\/\/fmp-components.com\/tr\/wp-json\/wp\/v2\/product\/7925","targetHints":{"allow":["GET"]}}],"collection":[{"href":"https:\/\/fmp-components.com\/tr\/wp-json\/wp\/v2\/product"}],"about":[{"href":"https:\/\/fmp-components.com\/tr\/wp-json\/wp\/v2\/types\/product"}],"replies":[{"embeddable":true,"href":"https:\/\/fmp-components.com\/tr\/wp-json\/wp\/v2\/comments?post=7925"}],"wp:featuredmedia":[{"embeddable":true,"href":"https:\/\/fmp-components.com\/tr\/wp-json\/wp\/v2\/media\/7926"}],"wp:attachment":[{"href":"https:\/\/fmp-components.com\/tr\/wp-json\/wp\/v2\/media?parent=7925"}],"wp:term":[{"taxonomy":"product_brand","embeddable":true,"href":"https:\/\/fmp-components.com\/tr\/wp-json\/wp\/v2\/product_brand?post=7925"},{"taxonomy":"product_cat","embeddable":true,"href":"https:\/\/fmp-components.com\/tr\/wp-json\/wp\/v2\/product_cat?post=7925"},{"taxonomy":"product_tag","embeddable":true,"href":"https:\/\/fmp-components.com\/tr\/wp-json\/wp\/v2\/product_tag?post=7925"}],"curies":[{"name":"wp","href":"https:\/\/api.w.org\/{rel}","templated":true}]}}