{"id":7920,"date":"2025-04-11T03:30:53","date_gmt":"2025-04-11T03:30:53","guid":{"rendered":"https:\/\/fmp-components.com\/?post_type=product&#038;p=7920"},"modified":"2025-04-11T03:45:02","modified_gmt":"2025-04-11T03:45:02","slug":"external-ring-gear","status":"publish","type":"product","link":"https:\/\/fmp-components.com\/tr\/product\/external-ring-gear\/","title":{"rendered":"D\u0131\u015f Halka Di\u015flisi"},"content":{"rendered":"<h2>Hassas M\u00fchendislik i\u00e7in Y\u00fcksek Kaliteli D\u0131\u015f Halka Di\u015flileri<\/h2>\n<p>D\u0131\u015f \u00e7ember di\u015flileri, dayan\u0131kl\u0131l\u0131klar\u0131 ve tork ve hareket iletimindeki hassasiyetleriyle bilinen \u00e7e\u015fitli mekanik sistemlerde kritik bile\u015fenlerdir. D\u0131\u015f \u00e7evrelerinde di\u015fler bulunan bu di\u015fliler, otomotiv, havac\u0131l\u0131k ve end\u00fcstriyel makine gibi end\u00fcstrilerde yayg\u0131n olarak kullan\u0131lmaktad\u0131r. Geli\u015fmi\u015f \u00fcretimin geli\u015fti\u011fi Milano ve Venedik gibi \u015fehirlerde, d\u0131\u015f \u00e7ember di\u015flileri, y\u00fcksek performansl\u0131 ekipmanlar\u0131n sorunsuz \u00e7al\u0131\u015fmas\u0131n\u0131 sa\u011flamada \u00f6nemli bir rol oynar. Pinyonlar veya di\u011fer di\u015flilerle uyumlu olacak \u015fekilde tasarlanan bu di\u015fliler, g\u00fcvenilir g\u00fc\u00e7 iletimi sa\u011flayarak sa\u011flam ve verimli mekanik \u00e7\u00f6z\u00fcmler gerektiren uygulamalar i\u00e7in vazge\u00e7ilmezdir.<\/p>\n<h2>\u00c7imento Par\u00e7a Kar\u0131\u015ft\u0131r\u0131c\u0131s\u0131 Mikro 5000mm D\u0131\u015f D\u00f6k\u00fcm \u00c7elik Halka Di\u015fli<\/h2>\n<p>FMP, a\u011f\u0131rl\u0131kl\u0131 olarak d\u00fc\u015f\u00fck h\u0131zl\u0131, a\u011f\u0131r y\u00fck ve y\u00fcksek g\u00fc\u00e7l\u00fc di\u015flilerin ara\u015ft\u0131rma, geli\u015ftirme ve \u00fcretimiyle ilgilenmektedir. Tasar\u0131m, \u00fcretim, test ve muayene i\u00e7in geli\u015fmi\u015f standartlara dayal\u0131 standart bir spesifikasyon sistemi olu\u015fturmu\u015f olup, yenilik\u00e7i bir m\u00fchendislik ve teknik personel ekibine sahiptir.<\/p>\n<p><img loading=\"lazy\" decoding=\"async\" class=\"size-full wp-image-7922 aligncenter\" src=\"https:\/\/fmp-components.com\/wp-content\/uploads\/2025\/04\/External-Ring-Gear-1.webp\" alt=\"D\u0131\u015f Halka Di\u015flisi\" width=\"790\" height=\"686\" title=\"\" srcset=\"https:\/\/fmp-components.com\/wp-content\/uploads\/2025\/04\/External-Ring-Gear-1.webp 790w, https:\/\/fmp-components.com\/wp-content\/uploads\/2025\/04\/External-Ring-Gear-1-480x417.webp 480w\" sizes=\"(min-width: 0px) and (max-width: 480px) 480px, (min-width: 481px) 790px, 100vw\" \/><\/p>\n<table style=\"width: 100%;\" border=\"1\" width=\"100%\" cellspacing=\"0\" cellpadding=\"0\">\n<tbody>\n<tr>\n<th style=\"width: 13.8116%;\">\u015eekil:<\/th>\n<td style=\"width: 35.9743%;\">Solucan<\/td>\n<th style=\"width: 15.2034%;\">Durum:<\/th>\n<td style=\"width: 34.6895%;\">Yeni<\/td>\n<\/tr>\n<tr class=\"bg_gray\">\n<th style=\"width: 13.8116%;\">Uygulanabilir End\u00fcstriler:<\/th>\n<td style=\"width: 35.9743%;\">\u00dcretim Tesisi, \u0130n\u015faat \u0130\u015fleri, Enerji ve Madencilik<\/td>\n<th style=\"width: 15.2034%;\">Sergi Salonu Konumu:<\/th>\n<td style=\"width: 34.6895%;\">Hi\u00e7biri<\/td>\n<\/tr>\n<tr>\n<th style=\"width: 13.8116%;\">Malzeme:<\/th>\n<td style=\"width: 35.9743%;\">Paslanmaz \u00c7elik, ZG35CrMo\/42CrMo<\/td>\n<th style=\"width: 15.2034%;\">Standart veya Standart D\u0131\u015f\u0131:<\/th>\n<td style=\"width: 34.6895%;\">Standart d\u0131\u015f\u0131<\/td>\n<\/tr>\n<tr class=\"bg_gray\">\n<th style=\"width: 13.8116%;\">Y\u00f6n:<\/th>\n<td style=\"width: 35.9743%;\">Sol, Sa\u011f<\/td>\n<th style=\"width: 15.2034%;\">\u0130sim:<\/th>\n<td style=\"width: 34.6895%;\">\u00c7imento Mikseri Par\u00e7alar\u0131 Mikro \u00c7elik Sonsuz Di\u015fli<\/td>\n<\/tr>\n<tr>\n<th style=\"width: 13.8116%;\">\u00c7ap:<\/th>\n<td style=\"width: 35.9743%;\">2000-8000mm<\/td>\n<th style=\"width: 15.2034%;\">\u0130\u015flem T\u00fcr\u00fc:<\/th>\n<td style=\"width: 34.6895%;\">D\u00f6k\u00fcm<\/td>\n<\/tr>\n<tr class=\"bg_gray\">\n<th style=\"width: 13.8116%;\">Sertifika:<\/th>\n<td style=\"width: 35.9743%;\">ISO 9001:2000, ANSI, ASME, GES<\/td>\n<th style=\"width: 15.2034%;\">Uygulama Aral\u0131\u011f\u0131:<\/th>\n<td style=\"width: 34.6895%;\">\u00c7imento ve Maden Tesisleri, H\u0131z D\u00fc\u015f\u00fcr\u00fcc\u00fc, Bilyal\u0131 De\u011firmen, Maden Vin\u00e7leri<\/td>\n<\/tr>\n<tr>\n<th style=\"width: 13.8116%;\">\u0130hracat B\u00f6lgeleri:<\/th>\n<td style=\"width: 35.9743%;\">Rusya, G\u00fcneydo\u011fu Asya, Hindistan, G\u00fcney Afrika, Avustralya<\/td>\n<th style=\"width: 15.2034%;\">Sertlik:<\/th>\n<td style=\"width: 34.6895%;\">&lt;=217<\/td>\n<\/tr>\n<tr>\n<th style=\"width: 13.8116%;\" colspan=\"1\">\u00d6ne \u00c7\u0131kanlar:<\/th>\n<td style=\"width: 85.8672%;\" colspan=\"3\">mikro \u00e7elik sonsuz di\u015fli, 5000 mm \u00e7elik sonsuz di\u015fli<\/td>\n<\/tr>\n<\/tbody>\n<\/table>\n<h3>FMP: D\u0131\u015f Halka Di\u015fliler i\u00e7in G\u00fcvenilir Orta\u011f\u0131n\u0131z<\/h3>\n<p>FMP'de, geni\u015f bir yelpazede d\u0131\u015f mekan \u00fcr\u00fcnleri \u00fcretmekle gurur duyuyoruz <a href=\"https:\/\/fmp-components.com\/tr\/ring-gear\/\">halka di\u015flileri<\/a>En y\u00fcksek end\u00fcstri standartlar\u0131n\u0131 kar\u015f\u0131layacak \u015fekilde tasarlanm\u0131\u015ft\u0131r. \u0130talya'n\u0131n end\u00fcstriyel a\u011f\u0131n\u0131n kalbinde yer alan firmam\u0131z, Milano, Venedik, Floransa, Bologna ve \u00f6tesindeki i\u015fletmelere hem standart hem de \u00f6zel \u00e7\u00f6z\u00fcmler sunarak hizmet vermektedir. \u00dcr\u00fcn listemizde ihtiyac\u0131n\u0131z olan \u00f6zel di\u015fli kutusu modelini bulamazsan\u0131z endi\u015felenmeyin; muhtemelen hen\u00fcz y\u00fckleme f\u0131rsat\u0131m\u0131z olmam\u0131\u015ft\u0131r. \u0130htiya\u00e7lar\u0131n\u0131z\u0131 bize e-posta ile iletin; yetenekli m\u00fchendislerimiz 24 saat i\u00e7inde operasyonlar\u0131n\u0131z\u0131 g\u00fc\u00e7lendirecek \u00f6zel \u00e7\u00f6z\u00fcmlerle size geri d\u00f6necektir. \u0130talya genelinde hassasiyet, g\u00fcvenilirlik ve e\u015fsiz m\u00fc\u015fteri hizmetleri i\u00e7in FMP'yi tercih edin.<\/p>\n<p><img loading=\"lazy\" decoding=\"async\" class=\"wp-image-7924 aligncenter\" src=\"https:\/\/fmp-components.com\/wp-content\/uploads\/2025\/04\/external_casting_steel_ring_gear_1.webp\" alt=\"d\u0131\u015f d\u00f6k\u00fcm \u00e7elik halka di\u015flisi \" width=\"913\" height=\"667\" title=\"\" srcset=\"https:\/\/fmp-components.com\/wp-content\/uploads\/2025\/04\/external_casting_steel_ring_gear_1.webp 913w, https:\/\/fmp-components.com\/wp-content\/uploads\/2025\/04\/external_casting_steel_ring_gear_1-480x351.webp 480w\" sizes=\"(min-width: 0px) and (max-width: 480px) 480px, (min-width: 481px) 913px, 100vw\" \/><\/p>","protected":false},"excerpt":{"rendered":"<p>Hassas M\u00fchendislik \u0130\u00e7in Y\u00fcksek Kaliteli D\u0131\u015f Halka Di\u015flileri D\u0131\u015f halka di\u015flileri, dayan\u0131kl\u0131l\u0131klar\u0131 ve tork ve hareket iletimindeki hassasiyetleriyle bilinen, \u00e7e\u015fitli mekanik sistemlerde kritik bile\u015fenlerdir. D\u0131\u015f \u00e7evrelerinde di\u015fler bulunan bu di\u015fliler, otomotiv, havac\u0131l\u0131k ve end\u00fcstriyel makine gibi end\u00fcstrilerde yayg\u0131n olarak kullan\u0131lmaktad\u0131r. Milano ve Venedik gibi \u015fehirlerde [\u2026]<\/p>","protected":false},"featured_media":7923,"comment_status":"open","ping_status":"closed","template":"","meta":{"_et_pb_use_builder":"on","_et_pb_old_content":"<h2>High-Quality External Ring Gears for Precision Engineering<\/h2>\r\nExternal ring gears are critical components in various mechanical systems, known for their durability and precision in transmitting torque and motion. These gears, featuring teeth on the outer circumference, are widely used in industries such as automotive, aerospace, and industrial machinery. In cities like Milan and Venice, where advanced manufacturing thrives, external ring gears play a pivotal role in ensuring seamless operations for high-performance equipment. Designed to mesh with pinions or other gears, they provide reliable power transmission, making them indispensable for applications requiring robust and efficient mechanical solutions.\r\n<h2>Cement Parts Mixer Micro 5000mm External Casting Steel Ring Gear<\/h2>\r\nFMP is mainly engaged in the research, development and manufacturing of low-speed, heavy-load and high-power gears. It has established a standard specification system for design, manufacturing, testing and inspection based on advanced standards and has a group of innovative engineering and technical personnel.\r\n\r\n<img class=\"size-full wp-image-7922 aligncenter\" src=\"https:\/\/fmp-components.com\/wp-content\/uploads\/2025\/04\/External-Ring-Gear-1.webp\" alt=\"External Ring Gear\" width=\"790\" height=\"686\" \/>\r\n<table style=\"width: 100%;\" border=\"1\" width=\"100%\" cellspacing=\"0\" cellpadding=\"0\">\r\n<tbody>\r\n<tr>\r\n<th style=\"width: 13.8116%;\">Shape:<\/th>\r\n<td style=\"width: 35.9743%;\">Worm<\/td>\r\n<th style=\"width: 15.2034%;\">Condition:<\/th>\r\n<td style=\"width: 34.6895%;\">New<\/td>\r\n<\/tr>\r\n<tr class=\"bg_gray\">\r\n<th style=\"width: 13.8116%;\">Applicable Industries:<\/th>\r\n<td style=\"width: 35.9743%;\">Manufacturing Plant, Construction Works\u00a0, Energy &amp; Mining<\/td>\r\n<th style=\"width: 15.2034%;\">Showroom Location:<\/th>\r\n<td style=\"width: 34.6895%;\">None<\/td>\r\n<\/tr>\r\n<tr>\r\n<th style=\"width: 13.8116%;\">Material:<\/th>\r\n<td style=\"width: 35.9743%;\">Stainless Steel, ZG35CrMo\/42CrMo<\/td>\r\n<th style=\"width: 15.2034%;\">Standard Or Nonstandard:<\/th>\r\n<td style=\"width: 34.6895%;\">Nonstandard<\/td>\r\n<\/tr>\r\n<tr class=\"bg_gray\">\r\n<th style=\"width: 13.8116%;\">Direction:<\/th>\r\n<td style=\"width: 35.9743%;\">Left, Right<\/td>\r\n<th style=\"width: 15.2034%;\">Name:<\/th>\r\n<td style=\"width: 34.6895%;\">Cement Mixer Parts Micro Steel Worm Gear<\/td>\r\n<\/tr>\r\n<tr>\r\n<th style=\"width: 13.8116%;\">Diameter:<\/th>\r\n<td style=\"width: 35.9743%;\">2000-8000mm<\/td>\r\n<th style=\"width: 15.2034%;\">Processing Type:<\/th>\r\n<td style=\"width: 34.6895%;\">Casting<\/td>\r\n<\/tr>\r\n<tr class=\"bg_gray\">\r\n<th style=\"width: 13.8116%;\">Certificate:<\/th>\r\n<td style=\"width: 35.9743%;\">ISO 9001:2000,ANSI,ASME,GES<\/td>\r\n<th style=\"width: 15.2034%;\">Application Range:<\/th>\r\n<td style=\"width: 34.6895%;\">Cement And Mining Facilities,speed Reducer,ball Mill,mine Hoist<\/td>\r\n<\/tr>\r\n<tr>\r\n<th style=\"width: 13.8116%;\">Export Areas:<\/th>\r\n<td style=\"width: 35.9743%;\">Russia, Southeast Asia, India,South Africa, Australia<\/td>\r\n<th style=\"width: 15.2034%;\">Hardness:<\/th>\r\n<td style=\"width: 34.6895%;\">&lt;=217<\/td>\r\n<\/tr>\r\n<tr>\r\n<th style=\"width: 13.8116%;\" colspan=\"1\">High Light:<\/th>\r\n<td style=\"width: 85.8672%;\" colspan=\"3\">micro steel worm gear,\u00a0 5000mm steel worm gear<\/td>\r\n<\/tr>\r\n<\/tbody>\r\n<\/table>\r\n<h3>FMP: Your Trusted Partner for External Ring Gears<\/h3>\r\nAt FMP, we pride ourselves on manufacturing a wide range of external <a href=\"https:\/\/fmp-components.com\/en\/ring-gear\">ring gears<\/a>, crafted to meet the highest industry standards. Based in the heart of Italy\u2019s industrial network, we serve businesses in Milan, Venice, Florence, Bologna, and beyond, offering both standard and custom solutions. If you don\u2019t find the specific ring gear model you need in our product list, don\u2019t worry\u2014we likely haven\u2019t had the chance to upload it yet. Simply email us with your requirements, and our skilled engineers will respond within 24 hours with tailored solutions to power your operations. Choose FMP for precision, reliability, and unmatched customer service across Italy.\r\n\r\n<img class=\"wp-image-7924 aligncenter\" src=\"https:\/\/fmp-components.com\/wp-content\/uploads\/2025\/04\/external_casting_steel_ring_gear_1.webp\" alt=\"external casting steel ring gear \" width=\"913\" height=\"667\" \/>","_et_gb_content_width":""},"product_brand":[],"product_cat":[114],"product_tag":[],"class_list":{"0":"post-7920","1":"product","2":"type-product","3":"status-publish","4":"has-post-thumbnail","6":"product_cat-ring-gear","8":"first","9":"instock","10":"shipping-taxable","11":"product-type-simple"},"_links":{"self":[{"href":"https:\/\/fmp-components.com\/tr\/wp-json\/wp\/v2\/product\/7920","targetHints":{"allow":["GET"]}}],"collection":[{"href":"https:\/\/fmp-components.com\/tr\/wp-json\/wp\/v2\/product"}],"about":[{"href":"https:\/\/fmp-components.com\/tr\/wp-json\/wp\/v2\/types\/product"}],"replies":[{"embeddable":true,"href":"https:\/\/fmp-components.com\/tr\/wp-json\/wp\/v2\/comments?post=7920"}],"wp:featuredmedia":[{"embeddable":true,"href":"https:\/\/fmp-components.com\/tr\/wp-json\/wp\/v2\/media\/7923"}],"wp:attachment":[{"href":"https:\/\/fmp-components.com\/tr\/wp-json\/wp\/v2\/media?parent=7920"}],"wp:term":[{"taxonomy":"product_brand","embeddable":true,"href":"https:\/\/fmp-components.com\/tr\/wp-json\/wp\/v2\/product_brand?post=7920"},{"taxonomy":"product_cat","embeddable":true,"href":"https:\/\/fmp-components.com\/tr\/wp-json\/wp\/v2\/product_cat?post=7920"},{"taxonomy":"product_tag","embeddable":true,"href":"https:\/\/fmp-components.com\/tr\/wp-json\/wp\/v2\/product_tag?post=7920"}],"curies":[{"name":"wp","href":"https:\/\/api.w.org\/{rel}","templated":true}]}}