{"id":791,"date":"2024-12-18T06:57:05","date_gmt":"2024-12-18T06:57:05","guid":{"rendered":"https:\/\/fmp-components.com\/?page_id=8"},"modified":"2024-12-18T07:38:40","modified_gmt":"2024-12-18T07:38:40","slug":"hydraulic-cylinder-for-stacker-reclaimer","status":"publish","type":"product","link":"https:\/\/fmp-components.com\/tr\/product\/hydraulic-cylinder-for-stacker-reclaimer\/","title":{"rendered":"\u0130stifleyici ve Geri Kazan\u0131m Makinesi i\u00e7in Hidrolik Silindir"},"content":{"rendered":"<p style=\"text-align: center;\"><span style=\"font-size: 18pt;\">\u0130stifleyici ve Geri Kazan\u0131m Makinesi i\u00e7in Hidrolik Silindir<\/span><\/p>\n<p>Y\u0131\u011f\u0131nlay\u0131c\u0131 ve Geri Kazan\u0131c\u0131 Hidrolik Silindiri, d\u00f6kme malzeme ta\u015f\u0131ma operasyonlar\u0131nda kullan\u0131lan y\u0131\u011f\u0131nlay\u0131c\u0131 ve geri kazan\u0131c\u0131lar\u0131n verimlili\u011fini ve i\u015flevselli\u011fini art\u0131rmak i\u00e7in tasarlanm\u0131\u015f temel bir hidrolik bile\u015fendir. Bu silindir, k\u00f6m\u00fcr, tah\u0131l ve mineraller gibi malzemelerin hassas bir \u015fekilde istiflenmesi ve geri kazan\u0131lmas\u0131 i\u00e7in gereken kald\u0131rma ve hareket kabiliyetlerini sa\u011flamada kritik bir rol oynar.<\/p>\n<p><img loading=\"lazy\" decoding=\"async\" class=\"alignnone size-full wp-image-804\" src=\"https:\/\/fmp-components.com\/wp-content\/uploads\/2024\/12\/Stacker-Reclaimer-Belt-Tensioning-Cylinder-1-1.webp\" alt=\"Y\u0131\u011f\u0131c\u0131-Geri Kazan\u0131c\u0131-Kay\u0131\u015f-Gerilim-Silindiri-1\" width=\"1024\" height=\"545\" title=\"\" srcset=\"https:\/\/fmp-components.com\/wp-content\/uploads\/2024\/12\/Stacker-Reclaimer-Belt-Tensioning-Cylinder-1-1.webp 1024w, https:\/\/fmp-components.com\/wp-content\/uploads\/2024\/12\/Stacker-Reclaimer-Belt-Tensioning-Cylinder-1-1-980x522.webp 980w, https:\/\/fmp-components.com\/wp-content\/uploads\/2024\/12\/Stacker-Reclaimer-Belt-Tensioning-Cylinder-1-1-480x255.webp 480w\" sizes=\"(min-width: 0px) and (max-width: 480px) 480px, (min-width: 481px) and (max-width: 980px) 980px, (min-width: 981px) 1024px, 100vw\" \/><\/p>\n<h4>Temel \u00d6zellikler:<\/h4>\n<ul>\n<li><strong>Y\u00fcksek Y\u00fck Kapasitesi:<\/strong> B\u00fcy\u00fck a\u011f\u0131rl\u0131klar\u0131 kald\u0131racak \u015fekilde tasarlanan bu hidrolik silindir, etkili malzeme y\u00f6netimi i\u00e7in kritik \u00f6neme sahip olan a\u011f\u0131r kald\u0131rma g\u00f6revleri s\u0131ras\u0131nda g\u00fcvenli ve g\u00fcvenilir bir \u00e7al\u0131\u015fma sa\u011flar.<\/li>\n<li><strong>Sa\u011flam Yap\u0131:<\/strong> Y\u00fcksek mukavemetli malzemelerden \u00fcretilen bu \u00fcr\u00fcn, a\u015f\u0131nd\u0131r\u0131c\u0131 malzemeler, nem ve a\u015f\u0131r\u0131 s\u0131cakl\u0131klara maruz kalma gibi end\u00fcstriyel ortamlar\u0131n zorlu ko\u015fullar\u0131na dayanacak \u015fekilde tasarlanm\u0131\u015ft\u0131r ve uzun s\u00fcreli dayan\u0131kl\u0131l\u0131k sa\u011flar.<\/li>\n<li><strong>Sorunsuz \u00c7al\u0131\u015fma:<\/strong> Geli\u015fmi\u015f hidrolik tasar\u0131m\u0131 ak\u0131c\u0131 ve kontroll\u00fc hareketlere olanak tan\u0131r ve istifleme ve geri kazan\u0131m i\u015flemleri s\u0131ras\u0131nda bomun ve di\u011fer bile\u015fenlerin optimum konumland\u0131r\u0131lmas\u0131 i\u00e7in h\u0131zl\u0131 ayarlamalar yap\u0131lmas\u0131n\u0131 m\u00fcmk\u00fcn k\u0131lar.<\/li>\n<li><strong>Geli\u015fmi\u015f G\u00fcvenlik:<\/strong> A\u015f\u0131r\u0131 y\u00fcklemeyi \u00f6nleyen ve g\u00fcvenli \u00e7al\u0131\u015fmay\u0131 sa\u011flayan g\u00fcvenlik \u00f6zellikleriyle donat\u0131lm\u0131\u015f olup, malzeme ta\u015f\u0131ma g\u00f6revleri s\u0131ras\u0131nda hem operat\u00f6rleri hem de ekipman\u0131 korur.<\/li>\n<li><strong>\u00c7ok Y\u00f6nl\u00fc Uygulama:<\/strong> \u00c7e\u015fitli istifleyici ve geri kazan\u0131m konfig\u00fcrasyonlar\u0131na uygun olan bu hidrolik silindir, farkl\u0131 operasyonel ihtiya\u00e7lara uyum sa\u011flayabilir ve bu da onu \u00e7e\u015fitli toplu ta\u015f\u0131ma uygulamalar\u0131 i\u00e7in ideal hale getirir.<\/li>\n<li><strong>D\u00fc\u015f\u00fck Bak\u0131m Gereksinimleri:<\/strong> Minimum a\u015f\u0131nma i\u00e7in tasarlanan bu sistem, s\u0131k bak\u0131m ihtiyac\u0131n\u0131 azaltarak \u00fcretkenli\u011fin artmas\u0131na ve i\u015fletme maliyetlerinin d\u00fc\u015fmesine katk\u0131da bulunur.<\/li>\n<\/ul>\n<p>\u00d6zetle, Stacker Reclaimer i\u00e7in Hidrolik Silindir, \u00e7e\u015fitli end\u00fcstrilerdeki d\u00f6kme malzeme ta\u015f\u0131ma operasyonlar\u0131nda etkinliklerini \u00f6nemli \u00f6l\u00e7\u00fcde art\u0131rarak, stacker ve reclaimer'lar\u0131n performans\u0131n\u0131 ve verimlili\u011fini optimize eden hayati bir bile\u015fendir.<\/p>\n<h2>Y\u0131\u011f\u0131nlay\u0131c\u0131 Geri Kazan\u0131m Makinesi \u0130skelet Pitch Silindiri<\/h2>\n<p>Y\u0131\u011f\u0131nlay\u0131c\u0131 Geri Kazan\u0131m Makinesi \u0130skelet Pitch Silindiri, y\u0131\u011f\u0131nlay\u0131c\u0131 geri kazan\u0131m makinelerinde iskelet \u00e7er\u00e7evesinin e\u011fim hareketini kontrol etmek i\u00e7in tasarlanm\u0131\u015f hayati bir hidrolik bile\u015fendir. Bu silindir, \u00e7er\u00e7evenin a\u00e7\u0131s\u0131n\u0131 ayarlamak i\u00e7in gerekli kuvveti sa\u011flayarak k\u00f6m\u00fcr, tah\u0131l ve mineraller gibi d\u00f6kme malzemelerin istiflenmesi ve geri kazan\u0131m\u0131 s\u0131ras\u0131nda hassas konumland\u0131rma sa\u011flar. Y\u00fcksek mukavemetli malzemelerden \u00fcretilen bu silindir, end\u00fcstriyel ortamlar\u0131n zorlu ko\u015fullar\u0131na dayanacak \u015fekilde tasarlanm\u0131\u015f olup, a\u011f\u0131r y\u00fckler alt\u0131nda dayan\u0131kl\u0131l\u0131k ve g\u00fcvenilirlik sa\u011flar. P\u00fcr\u00fczs\u00fcz hidrolik hareketi, h\u0131zl\u0131 ve hassas ayarlamalar sa\u011flayarak operasyonel verimlili\u011fi ve g\u00fcvenli\u011fi art\u0131r\u0131r. Bu e\u011fim silindiri, y\u0131\u011f\u0131nlay\u0131c\u0131 geri kazan\u0131m makinelerinin performans\u0131n\u0131 optimize etmek i\u00e7in olmazsa olmazd\u0131r ve \u00e7e\u015fitli uygulamalarda etkili d\u00f6kme malzeme elle\u00e7lemesine \u00f6nemli \u00f6l\u00e7\u00fcde katk\u0131da bulunur.<\/p>\n<p><img loading=\"lazy\" decoding=\"async\" class=\"size-full wp-image-799 aligncenter\" src=\"https:\/\/fmp-components.com\/wp-content\/uploads\/2024\/12\/Stacker-Reclaimer-Skeleton-Pitch-Cylinder.webp\" alt=\"Y\u0131\u011f\u0131nlay\u0131c\u0131 Geri Kazan\u0131m Makinesi \u0130skelet Pitch Silindiri\" width=\"500\" height=\"200\" title=\"\" srcset=\"https:\/\/fmp-components.com\/wp-content\/uploads\/2024\/12\/Stacker-Reclaimer-Skeleton-Pitch-Cylinder.webp 500w, https:\/\/fmp-components.com\/wp-content\/uploads\/2024\/12\/Stacker-Reclaimer-Skeleton-Pitch-Cylinder-480x192.webp 480w\" sizes=\"(min-width: 0px) and (max-width: 480px) 480px, (min-width: 481px) 500px, 100vw\" \/><\/p>\n<table style=\"width: 91.0504%; height: 178px;\" border=\"1\" cellspacing=\"0\" cellpadding=\"0\">\n<tbody>\n<tr style=\"height: 23px;\">\n<td style=\"height: 23px;\">\u00dcr\u00fcn Ad\u0131<\/td>\n<td style=\"height: 23px;\">Y\u0131\u011f\u0131nlay\u0131c\u0131 Geri Kazan\u0131m Makinesi \u0130skelet Pitch Silindiri<\/td>\n<\/tr>\n<tr style=\"height: 23px;\">\n<td style=\"height: 23px;\">\u00d6zellikler:<\/td>\n<td style=\"height: 23px;\">Konsollu at\u0131\u015f eylemini ger\u00e7ekle\u015ftirin<\/td>\n<\/tr>\n<tr style=\"height: 23px;\">\n<td style=\"height: 23px;\">Delik \u00e7ap\u0131:<\/td>\n<td style=\"height: 23px;\">300 mm\uff5e400 m<\/td>\n<\/tr>\n<tr style=\"height: 47px;\">\n<td style=\"height: 47px;\">\u00c7ubuk \u00e7ap\u0131:<\/td>\n<td style=\"height: 47px;\">200 mm\uff5e320 mm<br \/>\nStrok 1000mm\uff5e4500mm<\/td>\n<\/tr>\n<tr style=\"height: 23px;\">\n<td style=\"height: 23px;\">Bas\u0131n\u00e7:<\/td>\n<td style=\"height: 23px;\">35MPa'ya kadar<\/td>\n<\/tr>\n<tr style=\"height: 23px;\">\n<td style=\"height: 23px;\">Uygulamalar:<\/td>\n<td style=\"height: 23px;\">Y\u0131\u011f\u0131c\u0131 Geri Kazan\u0131c\u0131<\/td>\n<\/tr>\n<\/tbody>\n<\/table>\n<p><img loading=\"lazy\" decoding=\"async\" class=\"alignnone  wp-image-807\" src=\"https:\/\/fmp-components.com\/wp-content\/uploads\/2024\/12\/Stacker-Reclaimer-Skeleton-Pitch-Cylinder-2.webp\" alt=\"Y\u0131\u011f\u0131c\u0131-Geri Kazan\u0131c\u0131-\u0130skelet-Zift-Silindir\" width=\"849\" height=\"433\" title=\"\"><\/p>\n<p><img loading=\"lazy\" decoding=\"async\" class=\"alignnone  wp-image-803\" src=\"https:\/\/fmp-components.com\/wp-content\/uploads\/2024\/12\/Stacker-Reclaimer-Skeleton-Pitch-Cylinder-1.webp\" alt=\"Y\u0131\u011f\u0131nlay\u0131c\u0131 Geri Kazan\u0131m Makinesi \u0130skelet Pitch Silindiri\" width=\"864\" height=\"259\" title=\"\" srcset=\"https:\/\/fmp-components.com\/wp-content\/uploads\/2024\/12\/Stacker-Reclaimer-Skeleton-Pitch-Cylinder-1.webp 864w, https:\/\/fmp-components.com\/wp-content\/uploads\/2024\/12\/Stacker-Reclaimer-Skeleton-Pitch-Cylinder-1-480x144.webp 480w\" sizes=\"(min-width: 0px) and (max-width: 480px) 480px, (min-width: 481px) 864px, 100vw\" \/><\/p>\n<h2>Y\u0131\u011f\u0131c\u0131 Geri Kazan\u0131c\u0131 Kovalay\u0131c\u0131 Pitch Silindiri<\/h2>\n<p>Stacker Reclaimer Kovalama Silindiri, istifleyici geri kazan\u0131m makinelerinde kovalama mekanizmas\u0131n\u0131n e\u011fim a\u00e7\u0131s\u0131n\u0131 kontrol etmek i\u00e7in kullan\u0131lan \u00f6nemli bir hidrolik bile\u015fendir. Bu silindir, hassas ayarlamalar i\u00e7in gerekli kuvveti sa\u011flayarak kovalama makinesinin k\u00f6m\u00fcr, demir cevheri ve tah\u0131l gibi d\u00f6kme malzemeleri etkili bir \u015fekilde istiflemesini ve geri kazanmas\u0131n\u0131 sa\u011flar. Y\u00fcksek mukavemetli malzemelerden \u00fcretilen bu silindir, end\u00fcstriyel ortamlar\u0131n zorlu ko\u015fullar\u0131na dayanacak \u015fekilde tasarlanm\u0131\u015ft\u0131r ve \u00f6nemli y\u00fckler alt\u0131nda dayan\u0131kl\u0131l\u0131k ve g\u00fcvenilir performans sa\u011flar. P\u00fcr\u00fczs\u00fcz hidrolik hareketi, h\u0131zl\u0131 ve do\u011fru konumland\u0131rma sa\u011flayarak malzeme ta\u015f\u0131ma operasyonlar\u0131 s\u0131ras\u0131nda operasyonel verimlili\u011fi ve g\u00fcvenli\u011fi art\u0131r\u0131r. Bu e\u011fim silindiri, istifleyici geri kazan\u0131m makinelerinin i\u015flevselli\u011fini optimize etmek ve d\u00f6kme malzeme y\u00f6netim sistemlerinin etkinli\u011fini \u00f6nemli \u00f6l\u00e7\u00fcde art\u0131rmak i\u00e7in gereklidir.<\/p>\n<p><img loading=\"lazy\" decoding=\"async\" class=\"size-full wp-image-798 aligncenter\" src=\"https:\/\/fmp-components.com\/wp-content\/uploads\/2024\/12\/Stacker-Reclaimer-Chaser-Pitch-Cylinder.webp\" alt=\"Y\u0131\u011f\u0131c\u0131 Geri Kazan\u0131c\u0131 Kovalay\u0131c\u0131 Pitch Silindiri\" width=\"500\" height=\"200\" title=\"\" srcset=\"https:\/\/fmp-components.com\/wp-content\/uploads\/2024\/12\/Stacker-Reclaimer-Chaser-Pitch-Cylinder.webp 500w, https:\/\/fmp-components.com\/wp-content\/uploads\/2024\/12\/Stacker-Reclaimer-Chaser-Pitch-Cylinder-480x192.webp 480w\" sizes=\"(min-width: 0px) and (max-width: 480px) 480px, (min-width: 481px) 500px, 100vw\" \/><\/p>\n<table style=\"width: 93.3894%; height: 160px;\" border=\"1\" cellspacing=\"0\" cellpadding=\"0\">\n<tbody>\n<tr>\n<td>\u00dcr\u00fcn Ad\u0131<\/td>\n<td>Y\u0131\u011f\u0131c\u0131 Geri Kazan\u0131c\u0131 Kovalay\u0131c\u0131 Pitch Silindiri<\/td>\n<\/tr>\n<tr>\n<td>\u00d6zellikler:<\/td>\n<td>Kuyruk kay\u0131\u015f\u0131 mekanizmas\u0131n\u0131n f\u0131rlatma hareketini ger\u00e7ekle\u015ftirin<\/td>\n<\/tr>\n<tr>\n<td>Delik \u00e7ap\u0131:<\/td>\n<td>300 mm\uff5e400 m<\/td>\n<\/tr>\n<tr>\n<td>\u00c7ubuk \u00e7ap\u0131:<\/td>\n<td>200 mm\uff5e320 mm<br \/>\nStrok 1000mm\uff5e4500mm<\/td>\n<\/tr>\n<tr>\n<td>Bas\u0131n\u00e7:<\/td>\n<td>35MPa'ya kadar<\/td>\n<\/tr>\n<tr>\n<td>Uygulamalar:<\/td>\n<td>Y\u0131\u011f\u0131c\u0131 Geri Kazan\u0131c\u0131<\/td>\n<\/tr>\n<\/tbody>\n<\/table>\n<p><img loading=\"lazy\" decoding=\"async\" class=\"alignnone  wp-image-808\" src=\"https:\/\/fmp-components.com\/wp-content\/uploads\/2024\/12\/Stacker-Reclaimer-Chaser-Pitch-Cylinders-1-1.webp\" alt=\"Y\u0131\u011f\u0131c\u0131-Geri Kazan\u0131c\u0131-Kovalay\u0131c\u0131-Pitch-Silindirler-1\" width=\"860\" height=\"475\" title=\"\"><\/p>\n<p><img loading=\"lazy\" decoding=\"async\" class=\"alignnone  wp-image-802\" src=\"https:\/\/fmp-components.com\/wp-content\/uploads\/2024\/12\/Stacker-Reclaimer-Chaser-Pitch-Cylinder-1.webp\" alt=\"Y\u0131\u011f\u0131c\u0131 Geri Kazan\u0131c\u0131 Kovalay\u0131c\u0131 Pitch Silindiri\" width=\"871\" height=\"289\" title=\"\" srcset=\"https:\/\/fmp-components.com\/wp-content\/uploads\/2024\/12\/Stacker-Reclaimer-Chaser-Pitch-Cylinder-1.webp 871w, https:\/\/fmp-components.com\/wp-content\/uploads\/2024\/12\/Stacker-Reclaimer-Chaser-Pitch-Cylinder-1-480x159.webp 480w\" sizes=\"(min-width: 0px) and (max-width: 480px) 480px, (min-width: 481px) 871px, 100vw\" \/><\/p>\n<h2>\u0130stifleyici Geri Kazan\u0131m Kay\u0131\u015f Germe Silindiri<\/h2>\n<p>Y\u0131\u011f\u0131nlay\u0131c\u0131 Geri Kazan\u0131m Bant Germe Silindiri, y\u0131\u011f\u0131nlay\u0131c\u0131 geri kazan\u0131m makinelerinin konvey\u00f6r bantlar\u0131nda uygun gerginli\u011fi korumak i\u00e7in tasarlanm\u0131\u015f temel bir hidrolik bile\u015fendir. Bu silindir, bant gerginli\u011fini ayarlamak ve korumak i\u00e7in gerekli kuvveti sa\u011flayarak k\u00f6m\u00fcr, tah\u0131l ve mineraller gibi d\u00f6kme malzemelerin istiflenmesi ve geri kazan\u0131m\u0131 s\u0131ras\u0131nda optimum performans sa\u011flar. Y\u00fcksek mukavemetli malzemelerden \u00fcretilen bu silindir, end\u00fcstriyel ortamlar\u0131n zorlu ko\u015fullar\u0131na dayanacak \u015fekilde tasarlanm\u0131\u015f olup, a\u011f\u0131r y\u00fckler alt\u0131nda dayan\u0131kl\u0131l\u0131k ve g\u00fcvenilirlik sunar. Sorunsuz hidrolik \u00e7al\u0131\u015fmas\u0131, hassas ayarlamalar yap\u0131lmas\u0131n\u0131 sa\u011flayarak operasyonel verimlili\u011fi art\u0131r\u0131r ve bant kaymas\u0131n\u0131 veya a\u015f\u0131nmas\u0131n\u0131 \u00f6nler. Bu gerdirme silindiri, d\u00f6kme malzeme ta\u015f\u0131ma uygulamalar\u0131nda konvey\u00f6r sistemlerinin performans\u0131n\u0131 ve \u00f6mr\u00fcn\u00fc optimize etmek i\u00e7in kritik \u00f6neme sahiptir.<\/p>\n<p><img loading=\"lazy\" decoding=\"async\" class=\"size-full wp-image-797 aligncenter\" src=\"https:\/\/fmp-components.com\/wp-content\/uploads\/2024\/12\/Stacker-Reclaimer-Belt-Tensioning-Cylinder.webp\" alt=\"\u0130stifleyici Geri Kazan\u0131m Kay\u0131\u015f Germe Silindiri\" width=\"500\" height=\"200\" title=\"\" srcset=\"https:\/\/fmp-components.com\/wp-content\/uploads\/2024\/12\/Stacker-Reclaimer-Belt-Tensioning-Cylinder.webp 500w, https:\/\/fmp-components.com\/wp-content\/uploads\/2024\/12\/Stacker-Reclaimer-Belt-Tensioning-Cylinder-480x192.webp 480w\" sizes=\"(min-width: 0px) and (max-width: 480px) 480px, (min-width: 481px) 500px, 100vw\" \/><\/p>\n<table style=\"width: 93.3905%; height: 211px;\" border=\"1\" cellspacing=\"0\" cellpadding=\"0\">\n<tbody>\n<tr style=\"height: 47px;\">\n<td style=\"height: 47px;\">\u00dcr\u00fcn Ad\u0131<\/td>\n<td style=\"height: 47px;\">\u0130stifleyici Geri Kazan\u0131m Kay\u0131\u015f Germe Silindiri<\/td>\n<\/tr>\n<tr style=\"height: 23px;\">\n<td style=\"height: 23px;\">\u00d6zellikler:<\/td>\n<td style=\"height: 23px;\">Kay\u0131\u015f gerginli\u011fini ve gev\u015fekli\u011fini fark edin<\/td>\n<\/tr>\n<tr style=\"height: 47px;\">\n<td style=\"height: 47px;\">Delik \u00e7ap\u0131:<\/td>\n<td style=\"height: 47px;\">80 mm\uff5e180 m<\/td>\n<\/tr>\n<tr style=\"height: 47px;\">\n<td style=\"height: 47px;\">\u00c7ubuk \u00e7ap\u0131:<\/td>\n<td style=\"height: 47px;\">45 mm\uff5e120 mm<br \/>\nStrok500mm\uff5e1500mm<\/td>\n<\/tr>\n<tr style=\"height: 23px;\">\n<td style=\"height: 23px;\">Bas\u0131n\u00e7:<\/td>\n<td style=\"height: 23px;\">35MPa'ya kadar<\/td>\n<\/tr>\n<tr style=\"height: 23px;\">\n<td style=\"height: 23px;\">Uygulamalar:<\/td>\n<td style=\"height: 23px;\">Y\u0131\u011f\u0131c\u0131 Geri Kazan\u0131c\u0131<\/td>\n<\/tr>\n<\/tbody>\n<\/table>\n<h2><img loading=\"lazy\" decoding=\"async\" class=\"alignnone  wp-image-801\" src=\"https:\/\/fmp-components.com\/wp-content\/uploads\/2024\/12\/Stacker-Reclaimer-Belt-Tensioning-Cylinder-1.webp\" alt=\"\u0130stifleyici Geri Kazan\u0131m Kay\u0131\u015f Germe Silindiri\" width=\"865\" height=\"255\" title=\"\" srcset=\"https:\/\/fmp-components.com\/wp-content\/uploads\/2024\/12\/Stacker-Reclaimer-Belt-Tensioning-Cylinder-1.webp 865w, https:\/\/fmp-components.com\/wp-content\/uploads\/2024\/12\/Stacker-Reclaimer-Belt-Tensioning-Cylinder-1-480x141.webp 480w\" sizes=\"(min-width: 0px) and (max-width: 480px) 480px, (min-width: 481px) 865px, 100vw\" \/>Y\u0131\u011f\u0131c\u0131 Geri Kazan\u0131m Hidrolik Silindirinin Avantajlar\u0131<\/h2>\n<p>Stacker Reclaimer Hidrolik Silindir, y\u0131\u011f\u0131n malzeme ta\u015f\u0131ma operasyonlar\u0131nda stacker reclaimer'lar\u0131n performans\u0131n\u0131 ve g\u00fcvenilirli\u011fini art\u0131ran bir\u00e7ok \u00f6nemli avantaj sunar.<\/p>\n<ol>\n<li><strong>Y\u00fcksek Y\u00fck Kapasitesi:<\/strong> B\u00fcy\u00fck a\u011f\u0131rl\u0131klar\u0131 kald\u0131racak \u015fekilde tasarlanan bu hidrolik silindir, end\u00fcstriyel ortamlarda etkili performans i\u00e7in kritik \u00f6neme sahip olan a\u011f\u0131r kald\u0131rma ve malzeme ta\u015f\u0131ma g\u00f6revleri s\u0131ras\u0131nda g\u00fcvenli ve verimli bir \u00e7al\u0131\u015fma sa\u011flar.<\/li>\n<li><strong>Hassas Kontrol:<\/strong> Hidrolik sistem, operat\u00f6rlerin istifleyiciyi etkili bir \u015fekilde konumland\u0131rmas\u0131n\u0131 sa\u011flayarak sorunsuz ve hassas ayarlamalar sa\u011flar. Bu hassasiyet, kaza riskini azalt\u0131r ve genel operasyonel verimlili\u011fi art\u0131r\u0131r.<\/li>\n<li><strong>Sa\u011flam Yap\u0131:<\/strong> Y\u00fcksek mukavemetli malzemelerden \u00fcretilen hidrolik silindir, a\u015f\u0131nd\u0131r\u0131c\u0131 malzemeler, nem ve a\u015f\u0131r\u0131 s\u0131cakl\u0131klara maruz kalma gibi zorlu end\u00fcstriyel ko\u015fullara dayanacak \u015fekilde \u00fcretilmi\u015ftir, dayan\u0131kl\u0131l\u0131k ve uzun s\u00fcreli performans sa\u011flar.<\/li>\n<li><strong>Geli\u015fmi\u015f G\u00fcvenlik \u00d6zellikleri:<\/strong> A\u015f\u0131r\u0131 y\u00fcklemeyi \u00f6nleyen ve g\u00fcvenli \u00e7al\u0131\u015fmay\u0131 sa\u011flayan emniyet mekanizmalar\u0131yla donat\u0131lan hidrolik silindir, malzeme ta\u015f\u0131ma s\u00fcre\u00e7lerinde hem operat\u00f6rleri hem de ekipman\u0131 korur.<\/li>\n<li><strong>Verimli \u00c7al\u0131\u015fma:<\/strong> P\u00fcr\u00fczs\u00fcz hidrolik hareket, hem silindirde hem de istifleyici geri kazan\u0131m cihaz\u0131nda a\u015f\u0131nma ve y\u0131pranmay\u0131 en aza indirerek bak\u0131m ihtiya\u00e7lar\u0131n\u0131n azalmas\u0131na ve \u00fcretkenli\u011fin artmas\u0131na katk\u0131da bulunur.<\/li>\n<li><strong>\u00c7ok Y\u00f6nl\u00fc Uygulama:<\/strong> \u00c7e\u015fitli istifleyici ve geri kazan\u0131m konfig\u00fcrasyonlar\u0131na uygun olan bu hidrolik silindir, farkl\u0131 operasyonel ihtiya\u00e7lara uyum sa\u011flayabilir ve bu da onu \u00e7ok \u00e7e\u015fitli toplu ta\u015f\u0131ma uygulamalar\u0131 i\u00e7in ideal hale getirir.<\/li>\n<li><strong>D\u00fc\u015f\u00fck Bak\u0131m Gereksinimleri:<\/strong> Minimum a\u015f\u0131nma ve y\u0131pranma i\u00e7in tasarlanan bu sistem, bak\u0131m ve duru\u015f s\u0131kl\u0131\u011f\u0131n\u0131 azaltarak i\u015fletme maliyetlerini d\u00fc\u015f\u00fcr\u00fcrken, \u00fcretkenli\u011fi de art\u0131r\u0131yor.<\/li>\n<li><strong>Geli\u015ftirilmi\u015f Malzeme Ta\u015f\u0131ma:<\/strong> Hidrolik silindir, bile\u015fenlerin gerginli\u011fini ve konumunu optimum d\u00fczeyde tutarak istifleme ve geri kazan\u0131m i\u015flemlerinin verimlili\u011fini art\u0131r\u0131r ve toplu malzemelerin genel y\u00f6netiminin daha iyi olmas\u0131na katk\u0131da bulunur.<\/li>\n<\/ol>\n<p>\u00d6zetle, Stacker Reclaimer Hidrolik Silindiri, stacker reclaimer'lar\u0131n verimlili\u011fini, emniyetini ve g\u00fcvenilirli\u011fini optimize etmek ve \u00e7e\u015fitli end\u00fcstriyel uygulamalarda performanslar\u0131n\u0131 \u00f6nemli \u00f6l\u00e7\u00fcde art\u0131rmak i\u00e7in gereklidir.<\/p>\n<p><img loading=\"lazy\" decoding=\"async\" class=\"alignnone  wp-image-805\" src=\"https:\/\/fmp-components.com\/wp-content\/uploads\/2024\/12\/Chaser-Pitch-Cylinder-for-Stacker-Reclaimer.webp\" alt=\"Kovalay\u0131c\u0131-Pitch-Silindir-\u0130stifleyici-Geri Kazan\u0131m Makinesi i\u00e7in\" width=\"911\" height=\"501\" title=\"\"><\/p>\n<h3>FMP Hakk\u0131nda<\/h3>\n<p>FMP, hidrolik silindir \u00fcretimine odaklanm\u0131\u015f uzman bir mekanik \u00fcretim \u015firketidir. Kurulu\u015fundan bu yana \u015firket, hidrolik teknolojisinin ara\u015ft\u0131rma ve \u00fcretimine odaklanm\u0131\u015f ve hasat ve in\u015faat makinelerini de i\u00e7eren geni\u015f \u00fcr\u00fcn yelpazesinden, tar\u0131m trakt\u00f6r\u00fc bile\u015fenlerinde uzmanla\u015fmaya ba\u015far\u0131yla ge\u00e7i\u015f yapm\u0131\u015ft\u0131r. \u00dcretim ve y\u00f6netim alan\u0131nda on y\u0131l\u0131 a\u015fk\u0131n deneyimiyle FMP, geli\u015fmi\u015f \u00fcretim teknikleri sayesinde y\u00fcksek kaliteli \u00fcr\u00fcnler sunmaktad\u0131r.<\/p>\n<p>\u015eirketimiz geli\u015ftik\u00e7e, kapsaml\u0131 bir tala\u015fl\u0131 imalat \u00fcretim hatt\u0131, montaj hatt\u0131 ve kaplama hatt\u0131 geli\u015ftirdi. Ekibimiz, istikrarl\u0131 \u00fcretim kalitesini korurken s\u00fcre\u00e7 s\u00fcreklili\u011fini ve verimlili\u011fini etkili bir \u015fekilde kontrol etmek i\u00e7in birlikte \u00e7al\u0131\u015fan yetenekli y\u00f6netim personeli, deneyimli makine tasar\u0131mc\u0131lar\u0131 ve y\u00fcksek e\u011fitimli teknisyenlerden olu\u015fmaktad\u0131r.<\/p>\n<p>FMP, \u201cTeknolojik Yenilik \u0130lerlemeyi Te\u015fvik Eder, Kalite Marka Yarat\u0131r, \u0130\u015f\u00e7ilik Kaliteyi Sa\u011flar ve Uzun Vadeli Kazan-Kazan \u0130li\u015fkileri Kurar\u201d felsefesini benimser. Y\u00fcksek kaliteli \u00fcr\u00fcnler ve \u00fcst\u00fcn m\u00fc\u015fteri hizmeti sunma taahh\u00fcd\u00fcm\u00fcz, pazar\u0131n geli\u015fen ihtiya\u00e7lar\u0131n\u0131 kar\u015f\u0131lamaya devam ederken temel hedefimiz olmaya devam etmektedir.<\/p>\n<p><img loading=\"lazy\" decoding=\"async\" class=\"alignnone size-full wp-image-426\" src=\"https:\/\/fmp-components.com\/wp-content\/uploads\/2024\/12\/Sanitation-Machinery-Locking-Hydraulic-Cylinder-factory.webp\" sizes=\"(min-width: 0px) and (max-width: 480px) 480px, (min-width: 481px) and (max-width: 980px) 980px, (min-width: 981px) and (max-width: 1280px) 1280px, (min-width: 1281px) 1414px, 100vw\" srcset=\"https:\/\/fmp-components.com\/wp-content\/uploads\/2024\/12\/Sanitation-Machinery-Locking-Hydraulic-Cylinder-factory.webp 1414w, https:\/\/fmp-components.com\/wp-content\/uploads\/2024\/12\/Sanitation-Machinery-Locking-Hydraulic-Cylinder-factory-1280x529.webp 1280w, https:\/\/fmp-components.com\/wp-content\/uploads\/2024\/12\/Sanitation-Machinery-Locking-Hydraulic-Cylinder-factory-980x405.webp 980w, https:\/\/fmp-components.com\/wp-content\/uploads\/2024\/12\/Sanitation-Machinery-Locking-Hydraulic-Cylinder-factory-480x198.webp 480w\" alt=\"Sanitasyon-Makine-Kilitleme-Hidrolik-Silindir-Fabrikas\u0131\" width=\"1414\" height=\"584\" title=\"\"><\/p>\n<p>Yazar: CX<\/p>","protected":false},"excerpt":{"rendered":"<p>Y\u0131\u011f\u0131nlay\u0131c\u0131 Geri Kazan\u0131m Makinesi Hidrolik Silindiri, y\u0131\u011f\u0131n malzeme ta\u015f\u0131ma sistemlerinde kullan\u0131lan ve y\u0131\u011f\u0131nlay\u0131c\u0131lar ve geri kazan\u0131m makineleri i\u00e7in gerekli kald\u0131rma ve hareket kabiliyetlerini sa\u011flamak \u00fczere tasarlanm\u0131\u015f \u00f6nemli bir hidrolik bile\u015fendir. Bu silindir, bom ve di\u011fer \u00e7al\u0131\u015fma mekanizmalar\u0131n\u0131n konumu \u00fczerinde hassas kontrol sa\u011flayarak k\u00f6m\u00fcr, tah\u0131l ve mineral gibi malzemelerin verimli bir \u015fekilde istiflenmesini ve geri kazan\u0131lmas\u0131n\u0131 sa\u011flar. Y\u00fcksek mukavemetli malzemelerden \u00fcretilen silindir, end\u00fcstriyel ortamlar\u0131n zorlu ko\u015fullar\u0131na dayanacak \u015fekilde tasarlanm\u0131\u015f olup, a\u011f\u0131r y\u00fckler alt\u0131nda dayan\u0131kl\u0131l\u0131k ve g\u00fcvenilirlik sa\u011flar. P\u00fcr\u00fczs\u00fcz hidrolik hareketi, h\u0131zl\u0131 ayarlamalar\u0131 kolayla\u015ft\u0131r\u0131r ve operasyonel verimlili\u011fi art\u0131r\u0131r; bu da onu limanlar, enerji santralleri ve \u00fcretim tesisleri dahil olmak \u00fczere \u00e7e\u015fitli uygulamalarda y\u0131\u011f\u0131nlay\u0131c\u0131 geri kazan\u0131m makinelerinin performans\u0131n\u0131 optimize etmek i\u00e7in vazge\u00e7ilmez k\u0131lar.<\/p>","protected":false},"featured_media":796,"comment_status":"open","ping_status":"closed","template":"","meta":{"_et_pb_use_builder":"","_et_pb_old_content":"","_et_gb_content_width":""},"product_brand":[],"product_cat":[28],"product_tag":[],"class_list":{"0":"post-791","1":"product","2":"type-product","3":"status-publish","4":"has-post-thumbnail","6":"product_cat-offshore-hydraulic-cylinders","8":"first","9":"instock","10":"shipping-taxable","11":"product-type-simple"},"_links":{"self":[{"href":"https:\/\/fmp-components.com\/tr\/wp-json\/wp\/v2\/product\/791","targetHints":{"allow":["GET"]}}],"collection":[{"href":"https:\/\/fmp-components.com\/tr\/wp-json\/wp\/v2\/product"}],"about":[{"href":"https:\/\/fmp-components.com\/tr\/wp-json\/wp\/v2\/types\/product"}],"replies":[{"embeddable":true,"href":"https:\/\/fmp-components.com\/tr\/wp-json\/wp\/v2\/comments?post=791"}],"wp:featuredmedia":[{"embeddable":true,"href":"https:\/\/fmp-components.com\/tr\/wp-json\/wp\/v2\/media\/796"}],"wp:attachment":[{"href":"https:\/\/fmp-components.com\/tr\/wp-json\/wp\/v2\/media?parent=791"}],"wp:term":[{"taxonomy":"product_brand","embeddable":true,"href":"https:\/\/fmp-components.com\/tr\/wp-json\/wp\/v2\/product_brand?post=791"},{"taxonomy":"product_cat","embeddable":true,"href":"https:\/\/fmp-components.com\/tr\/wp-json\/wp\/v2\/product_cat?post=791"},{"taxonomy":"product_tag","embeddable":true,"href":"https:\/\/fmp-components.com\/tr\/wp-json\/wp\/v2\/product_tag?post=791"}],"curies":[{"name":"wp","href":"https:\/\/api.w.org\/{rel}","templated":true}]}}