{"id":7898,"date":"2025-04-09T08:43:15","date_gmt":"2025-04-09T08:43:15","guid":{"rendered":"https:\/\/fmp-components.com\/?post_type=product&#038;p=7898"},"modified":"2025-04-14T08:55:11","modified_gmt":"2025-04-14T08:55:11","slug":"internal-ring-gear","status":"publish","type":"product","link":"https:\/\/fmp-components.com\/tr\/product\/internal-ring-gear\/","title":{"rendered":"\u0130\u00e7 Halka Di\u015flisi"},"content":{"rendered":"<h2>\u0130\u00e7 Halka Di\u015flilerini Anlamak<\/h2>\n<div><\/div>\n<div>Dahili <a href=\"https:\/\/fmp-components.com\/tr\/ring-gear\/\">halka di\u015flileri<\/a> S\u0131ral\u0131 \u015faft uygulamalar\u0131nda h\u0131z\u0131 d\u00fc\u015f\u00fcrmek ve torku art\u0131rmak i\u00e7in tasarlanm\u0131\u015f mekanik sistemlerdeki temel bile\u015fenlerdir. D\u0131\u015f di\u015flilerin aksine, bu silindirik di\u015fliler i\u00e7 \u00e7apa kesilmi\u015f di\u015flere sahiptir ve bu da d\u00fcz di\u015fliler veya pinyonlarla sorunsuz bir \u015fekilde ge\u00e7melerini sa\u011flar. Bu tasar\u0131m, tahrik pinyonunun di\u015fli i\u00e7inde d\u00f6nmesini sa\u011flayarak p\u00fcr\u00fczs\u00fcz ve verimli bir performans sunar. \u0130\u00e7 halka di\u015fliler, planet di\u015fli sistemlerinde, di\u015fli kaplinlerinde ve kompakt, y\u00fcksek torklu \u00e7\u00f6z\u00fcmler gerektiren di\u011fer kurulumlarda yayg\u0131n olarak kullan\u0131l\u0131r. Bu di\u015flilerin \u00fcretimi genellikle pinyon kesicili di\u015fli \u015fekillendirme makinelerini i\u00e7erir, ancak s\u0131y\u0131rma gibi modern teknikler \u00fcretim verimlili\u011fini art\u0131rm\u0131\u015ft\u0131r. Bununla birlikte, karma\u015f\u0131k geometrileri zorluklar yarat\u0131r; \u00f6zellikle de yap\u0131sal b\u00fct\u00fcnl\u00fck sorunlar\u0131 veya i\u015flemeden kaynaklanan gerilimlerle kar\u015f\u0131la\u015fabilen daha ince halkalar i\u00e7in.<\/div>\n<h3>\u015eartname<\/h3>\n<p>Jant\u0131n\u0131n i\u00e7 y\u00fczeyinde di\u015fli bulunan i\u00e7 halka di\u015flisi.<\/p>\n<table border=\"1\" width=\"881\" cellspacing=\"0\" cellpadding=\"0\">\n<tbody>\n<tr>\n<td height=\"39\">\u00dcr\u00fcnler<\/td>\n<td>\u0130\u00e7 Halka Di\u015flisi<\/td>\n<\/tr>\n<tr>\n<td height=\"39\">\u00d6zel yap\u0131lm\u0131\u015f<\/td>\n<td>\u221a<\/td>\n<\/tr>\n<tr>\n<td height=\"39\">Di\u015fli Profil Tipi<\/td>\n<td>Silindirik Halka Di\u015fli<\/td>\n<\/tr>\n<tr>\n<td height=\"39\">Di\u015fli Di\u015fleri imalat\u0131<\/td>\n<td>Di\u015fli \u015eekillendirme<\/td>\n<\/tr>\n<tr>\n<td height=\"39\">Di\u015fli Di\u015f Ta\u015flama<\/td>\n<td>* Gerekirse<\/td>\n<\/tr>\n<tr>\n<td height=\"39\">Mod\u00fcl (M)<\/td>\n<td>Gelenek<\/td>\n<\/tr>\n<tr>\n<td height=\"39\">Di\u015f Say\u0131s\u0131 (Z)<\/td>\n<td>Gelenek<\/td>\n<\/tr>\n<tr>\n<td>Bas\u0131n\u00e7 A\u00e7\u0131s\u0131 (\u03b1)<\/td>\n<td>Gelenek<\/td>\n<\/tr>\n<tr>\n<td height=\"31\">Helix A\u00e7\u0131s\u0131 (\u03b2)<\/td>\n<td>Gelenek<\/td>\n<\/tr>\n<tr>\n<td height=\"23\">Di\u015f Do\u011fruluk Derecesi<\/td>\n<td>ISO 8-9 S\u0131n\u0131f\u0131<\/td>\n<\/tr>\n<tr>\n<td height=\"15\">Is\u0131l \u0130\u015flem<\/td>\n<td>S\u00f6nd\u00fcrme ve Temperleme\/ \u0130nd\u00fcksiyon Sertle\u015ftirme<\/td>\n<\/tr>\n<tr>\n<td>Sertlik<\/td>\n<td>230-260 HB<\/td>\n<\/tr>\n<\/tbody>\n<\/table>\n<p>&nbsp;<\/p>\n<table style=\"width: 99.1544%;\" border=\"1\" width=\"796\" cellspacing=\"0\" cellpadding=\"0\">\n<tbody>\n<tr>\n<td style=\"width: 116.377%;\" colspan=\"6\" height=\"36\">\u00c7EL\u0130K KOD SINIFLARININ KAR\u015eILA\u015eTIRILMASI<\/td>\n<\/tr>\n<tr>\n<td style=\"width: 18.5139%;\" height=\"36\">\u00c7\u0130N\/GB<\/td>\n<td style=\"width: 18.136%;\">ISO<\/td>\n<td style=\"width: 17.3804%;\">\u0413\u041f\u0421\u0422<\/td>\n<td style=\"width: 10.0756%;\">ASTM<\/td>\n<td style=\"width: 16.4987%;\">JIS<\/td>\n<td style=\"width: 35.7722%;\">DIN<\/td>\n<\/tr>\n<tr>\n<td style=\"width: 18.5139%;\" height=\"36\">45<\/td>\n<td style=\"width: 18.136%;\">C45E4<\/td>\n<td style=\"width: 17.3804%;\">45<\/td>\n<td style=\"width: 10.0756%;\">1045<\/td>\n<td style=\"width: 16.4987%;\">S45C<\/td>\n<td style=\"width: 35.7722%;\">CK45<\/td>\n<\/tr>\n<tr>\n<td style=\"width: 18.5139%;\" height=\"36\">40Cr<\/td>\n<td style=\"width: 18.136%;\">41Cr4<\/td>\n<td style=\"width: 17.3804%;\">40X<\/td>\n<td style=\"width: 10.0756%;\">5140<\/td>\n<td style=\"width: 16.4987%;\">SCr440<\/td>\n<td style=\"width: 35.7722%;\">41Cr4<\/td>\n<\/tr>\n<tr>\n<td style=\"width: 18.5139%;\" height=\"36\">20CrMo<\/td>\n<td style=\"width: 18.136%;\">18CrMo4<\/td>\n<td style=\"width: 17.3804%;\">20\u0425\u041c<\/td>\n<td style=\"width: 10.0756%;\">4118<\/td>\n<td style=\"width: 16.4987%;\">SCM22<\/td>\n<td style=\"width: 35.7722%;\">25CrMo4<\/td>\n<\/tr>\n<tr>\n<td style=\"width: 18.5139%;\" height=\"36\">42CrMo<\/td>\n<td style=\"width: 18.136%;\">42CrMo4<\/td>\n<td style=\"width: 17.3804%;\">38XM<\/td>\n<td style=\"width: 10.0756%;\">4140<\/td>\n<td style=\"width: 16.4987%;\">SCM440<\/td>\n<td style=\"width: 35.7722%;\">42CrMo4<\/td>\n<\/tr>\n<tr>\n<td style=\"width: 18.5139%;\" height=\"36\">20CrMnTi<\/td>\n<td style=\"width: 18.136%;\"><\/td>\n<td style=\"width: 17.3804%;\">18X\u0413T<\/td>\n<td style=\"width: 10.0756%;\"><\/td>\n<td style=\"width: 16.4987%;\">SMK22<\/td>\n<td style=\"width: 35.7722%;\"><\/td>\n<\/tr>\n<tr>\n<td style=\"width: 18.5139%;\" height=\"36\">20Cr2Ni4<\/td>\n<td style=\"width: 18.136%;\"><\/td>\n<td style=\"width: 17.3804%;\">20X2H4A<\/td>\n<td style=\"width: 10.0756%;\"><\/td>\n<td style=\"width: 16.4987%;\"><\/td>\n<td style=\"width: 35.7722%;\"><\/td>\n<\/tr>\n<tr>\n<td style=\"width: 18.5139%;\" height=\"36\">20CrNiMo<\/td>\n<td style=\"width: 18.136%;\">20CrNiMo2<\/td>\n<td style=\"width: 17.3804%;\">20XHM<\/td>\n<td style=\"width: 10.0756%;\">8720<\/td>\n<td style=\"width: 16.4987%;\">SNCM220<\/td>\n<td style=\"width: 35.7722%;\">21NiCrMo2<\/td>\n<\/tr>\n<tr>\n<td style=\"width: 18.5139%;\" height=\"36\">40CrNiMoA<\/td>\n<td style=\"width: 18.136%;\"><\/td>\n<td style=\"width: 17.3804%;\">40XH2MA\/<br \/>\n40XHMA<\/td>\n<td style=\"width: 10.0756%;\">4340<\/td>\n<td style=\"width: 16.4987%;\">SNCM439<\/td>\n<td style=\"width: 35.7722%;\">40NiCrMo6\/<br \/>\n36NiCrMo4<\/td>\n<\/tr>\n<tr>\n<td style=\"width: 18.5139%;\" height=\"36\">20CrNi2Mo<\/td>\n<td style=\"width: 18.136%;\">20NiCrMo7<\/td>\n<td style=\"width: 17.3804%;\">20XH2MA<\/td>\n<td style=\"width: 10.0756%;\">4320<\/td>\n<td style=\"width: 16.4987%;\">SNCM420<\/td>\n<td style=\"width: 35.7722%;\"><\/td>\n<\/tr>\n<\/tbody>\n<\/table>\n<p><img loading=\"lazy\" decoding=\"async\" class=\"alignnone size-full wp-image-7899\" src=\"https:\/\/fmp-components.com\/wp-content\/uploads\/2025\/04\/internal-ring-gear-product-image.webp\" alt=\"i\u00e7-halka-di\u015fli-\u00fcr\u00fcn-g\u00f6r\u00fcnt\u00fcs\u00fc\" width=\"2000\" height=\"1400\" title=\"\" srcset=\"https:\/\/fmp-components.com\/wp-content\/uploads\/2025\/04\/internal-ring-gear-product-image.webp 2000w, https:\/\/fmp-components.com\/wp-content\/uploads\/2025\/04\/internal-ring-gear-product-image-1280x896.webp 1280w, https:\/\/fmp-components.com\/wp-content\/uploads\/2025\/04\/internal-ring-gear-product-image-980x686.webp 980w, https:\/\/fmp-components.com\/wp-content\/uploads\/2025\/04\/internal-ring-gear-product-image-480x336.webp 480w\" sizes=\"(min-width: 0px) and (max-width: 480px) 480px, (min-width: 481px) and (max-width: 980px) 980px, (min-width: 981px) and (max-width: 1280px) 1280px, (min-width: 1281px) 2000px, 100vw\" \/><\/p>\n<h2>Tasar\u0131m ve Uygulama \u0130\u00e7g\u00f6r\u00fcleri<\/h2>\n<div>Bir i\u00e7 halka di\u015flisinin performans\u0131, d\u0131\u015f \u00e7ap, kal\u0131nl\u0131k ve di\u015f profili gibi temel parametrelere ba\u011fl\u0131d\u0131r. Yeterince b\u00fcy\u00fck bir d\u0131\u015f \u00e7ap yap\u0131sal stabilite sa\u011flarken, yeterli kal\u0131nl\u0131k \u00e7al\u0131\u015fma s\u0131ras\u0131nda a\u015f\u0131r\u0131 gerilimi \u00f6nler. Bu di\u015fliler, \u00e7elik, pirin\u00e7, bronz veya plastik gibi malzemelerden \u00fcretilebilir ve mukavemet ve dayan\u0131kl\u0131l\u0131k ihtiya\u00e7lar\u0131na g\u00f6re sertle\u015ftirme uygulanabilir. Bir mahmuz di\u015fli veya pinyon di\u015fli ile e\u015fle\u015ftirildi\u011finde, ad\u0131m, bas\u0131n\u00e7 a\u00e7\u0131s\u0131 ve helis a\u00e7\u0131s\u0131 (helisel di\u015fliler i\u00e7in) uyumlulu\u011funun yan\u0131 s\u0131ra, kusursuz i\u015flevselli\u011fi sa\u011flamak i\u00e7in invol\u00fct, trokoid ve trimleme m\u00fcdahalelerinin kontrol edilmesi kritik \u00f6neme sahiptir. \u0130\u00e7 di\u015fliler, planet di\u015fli tahriklerinde \u00f6ne \u00e7\u0131kar ve konfig\u00fcrasyona ba\u011fl\u0131 olarak \u00e7e\u015fitli h\u0131z aktar\u0131m oranlar\u0131 ve d\u00f6n\u00fc\u015f y\u00f6nleri sunarak, onlar\u0131 end\u00fcstriler aras\u0131nda \u00e7ok y\u00f6nl\u00fc bir se\u00e7enek haline getirir.<\/div>\n<div><img loading=\"lazy\" decoding=\"async\" class=\"size-full wp-image-7913 aligncenter\" src=\"https:\/\/fmp-components.com\/wp-content\/uploads\/2025\/04\/internal_spur_ring_gear.webp\" alt=\"dahili_mahmuz_halkas\u0131_di\u015flisi\" width=\"1024\" height=\"764\" title=\"\" srcset=\"https:\/\/fmp-components.com\/wp-content\/uploads\/2025\/04\/internal_spur_ring_gear.webp 1024w, https:\/\/fmp-components.com\/wp-content\/uploads\/2025\/04\/internal_spur_ring_gear-980x731.webp 980w, https:\/\/fmp-components.com\/wp-content\/uploads\/2025\/04\/internal_spur_ring_gear-480x358.webp 480w\" sizes=\"(min-width: 0px) and (max-width: 480px) 480px, (min-width: 481px) and (max-width: 980px) 980px, (min-width: 981px) 1024px, 100vw\" \/><\/div>\n<div>\n<h2>FMP: \u0130talya'daki G\u00fcvenilir Orta\u011f\u0131n\u0131z<\/h2>\n<p>FMP olarak, Milano'nun geli\u015fen \u00fcretim merkezlerinden Venedik'in hassas m\u00fchendislik merkezlerine, Floransa'n\u0131n el sanatlar\u0131 at\u00f6lyelerinden Bologna'n\u0131n otomotiv sekt\u00f6r\u00fcne kadar \u0130talya genelindeki end\u00fcstriyel talepleri kar\u015f\u0131lamak i\u00e7in geni\u015f bir yelpazede i\u00e7 di\u015fli \u00fcretmekle gurur duyuyoruz. \u00dcr\u00fcn yelpazemizde \u00e7e\u015fitli boyut ve \u00f6zelliklerde standart i\u00e7 di\u015fliler bulunsa da, g\u00fcc\u00fcm\u00fcz \u00f6zelle\u015ftirmede yat\u0131yor; yani ihtiya\u00e7lar\u0131n\u0131za \u00f6zel \u00e7\u00f6z\u00fcmler sunuyoruz. \u0130stedi\u011finiz modeli \u00fcr\u00fcn listemizde g\u00f6rm\u00fcyorsan\u0131z, bu, hen\u00fcz listelemedi\u011fimiz anlam\u0131na gelir. Teknik \u00f6zelliklerinizi e-posta yoluyla bize bildirin; yetenekli m\u00fchendislerimiz 24 saat i\u00e7inde size \u00f6zel bir \u00e7\u00f6z\u00fcmle geri d\u00f6n\u00fc\u015f yapacakt\u0131r.<\/p>\n<p><img loading=\"lazy\" decoding=\"async\" class=\"size-full wp-image-7914 aligncenter\" src=\"https:\/\/fmp-components.com\/wp-content\/uploads\/2025\/04\/fmp-ring-gear-product.webp\" alt=\"fmp halka di\u015fli \u00fcr\u00fcn\u00fc\" width=\"1040\" height=\"502\" title=\"\" srcset=\"https:\/\/fmp-components.com\/wp-content\/uploads\/2025\/04\/fmp-ring-gear-product.webp 1040w, https:\/\/fmp-components.com\/wp-content\/uploads\/2025\/04\/fmp-ring-gear-product-980x473.webp 980w, https:\/\/fmp-components.com\/wp-content\/uploads\/2025\/04\/fmp-ring-gear-product-480x232.webp 480w\" sizes=\"(min-width: 0px) and (max-width: 480px) 480px, (min-width: 481px) and (max-width: 980px) 980px, (min-width: 981px) 1040px, 100vw\" \/><\/p>\n<\/div>","protected":false},"excerpt":{"rendered":"<p>Understanding Internal Ring Gears Internal ring gears are essential components in mechanical systems designed to reduce speed and increase torque in inline shaft applications. Unlike external gears, these cylindrical gears feature teeth cut into the inside diameter, allowing them to mesh seamlessly with spur gears or pinions. This design enables the driving pinion to rotate [&hellip;]<\/p>","protected":false},"featured_media":7911,"comment_status":"open","ping_status":"closed","template":"","meta":{"_et_pb_use_builder":"","_et_pb_old_content":"","_et_gb_content_width":""},"product_brand":[],"product_cat":[114],"product_tag":[],"class_list":{"0":"post-7898","1":"product","2":"type-product","3":"status-publish","4":"has-post-thumbnail","6":"product_cat-ring-gear","8":"first","9":"instock","10":"shipping-taxable","11":"product-type-simple"},"_links":{"self":[{"href":"https:\/\/fmp-components.com\/tr\/wp-json\/wp\/v2\/product\/7898","targetHints":{"allow":["GET"]}}],"collection":[{"href":"https:\/\/fmp-components.com\/tr\/wp-json\/wp\/v2\/product"}],"about":[{"href":"https:\/\/fmp-components.com\/tr\/wp-json\/wp\/v2\/types\/product"}],"replies":[{"embeddable":true,"href":"https:\/\/fmp-components.com\/tr\/wp-json\/wp\/v2\/comments?post=7898"}],"wp:featuredmedia":[{"embeddable":true,"href":"https:\/\/fmp-components.com\/tr\/wp-json\/wp\/v2\/media\/7911"}],"wp:attachment":[{"href":"https:\/\/fmp-components.com\/tr\/wp-json\/wp\/v2\/media?parent=7898"}],"wp:term":[{"taxonomy":"product_brand","embeddable":true,"href":"https:\/\/fmp-components.com\/tr\/wp-json\/wp\/v2\/product_brand?post=7898"},{"taxonomy":"product_cat","embeddable":true,"href":"https:\/\/fmp-components.com\/tr\/wp-json\/wp\/v2\/product_cat?post=7898"},{"taxonomy":"product_tag","embeddable":true,"href":"https:\/\/fmp-components.com\/tr\/wp-json\/wp\/v2\/product_tag?post=7898"}],"curies":[{"name":"wp","href":"https:\/\/api.w.org\/{rel}","templated":true}]}}