{"id":7815,"date":"2025-04-08T06:12:57","date_gmt":"2025-04-08T06:12:57","guid":{"rendered":"https:\/\/fmp-components.com\/?post_type=product&#038;p=7815"},"modified":"2025-04-08T06:18:48","modified_gmt":"2025-04-08T06:18:48","slug":"differential-ring-and-pinion-gears10-bolt-fmp-d30-513rjk","status":"publish","type":"product","link":"https:\/\/fmp-components.com\/tr\/product\/differential-ring-and-pinion-gears10-bolt-fmp-d30-513rjk\/","title":{"rendered":"Diferansiyel Halka ve Pinyon Di\u015flileri (10 C\u0131vata) FMP-D30-513RJK"},"content":{"rendered":"<div class=\"Message_messageMetadataContainer__nBPq7\">\n<h2>\u015eartname<\/h2>\n<table style=\"width: 100%; height: 414px;\" border=\"1\" width=\"100%\" cellspacing=\"0\" cellpadding=\"0\">\n<thead>\n<tr style=\"height: 23px;\">\n<th style=\"height: 23px;\"><strong>\u015eartname<\/strong><\/th>\n<th style=\"height: 23px;\"><strong>De\u011fer<\/strong><\/th>\n<\/tr>\n<\/thead>\n<tbody>\n<tr style=\"height: 23px;\">\n<td style=\"height: 23px;\">Uygulama Modeli<\/td>\n<td style=\"height: 23px;\">Dana AdvanTEK M186, Dana 30 JK Ters, Dana 30 JL Ters<\/td>\n<\/tr>\n<tr style=\"height: 23px;\">\n<td style=\"height: 23px;\">Kapak C\u0131vatas\u0131 Miktar\u0131<\/td>\n<td style=\"height: 23px;\">10<\/td>\n<\/tr>\n<tr style=\"height: 23px;\">\n<td style=\"height: 23px;\">Diferansiyel Ta\u015f\u0131y\u0131c\u0131 K\u0131r\u0131lmas\u0131<\/td>\n<td style=\"height: 23px;\">3.73 Oran ve \u00dczeri<\/td>\n<\/tr>\n<tr style=\"height: 23px;\">\n<td style=\"height: 23px;\">Diferansiyel Kasa Tasar\u0131m Tipi<\/td>\n<td style=\"height: 23px;\">Dana AdvanTEK M186, Dana 30 JK Ters, Dana 30 JL Ters<\/td>\n<\/tr>\n<tr style=\"height: 23px;\">\n<td style=\"height: 23px;\">Di\u015fli Oran\u0131<\/td>\n<td style=\"height: 23px;\">5.13<\/td>\n<\/tr>\n<tr style=\"height: 23px;\">\n<td style=\"height: 23px;\">Pinyon Di\u015fli Di\u015f Miktar\u0131<\/td>\n<td style=\"height: 23px;\">8<\/td>\n<\/tr>\n<tr style=\"height: 23px;\">\n<td style=\"height: 23px;\">Pinyon Mil \u00c7ap\u0131<\/td>\n<td style=\"height: 23px;\">1.376 (\u0130n\u00e7)<\/td>\n<\/tr>\n<tr style=\"height: 23px;\">\n<td style=\"height: 23px;\">Pinyon Spline Say\u0131s\u0131<\/td>\n<td style=\"height: 23px;\">24<\/td>\n<\/tr>\n<tr style=\"height: 23px;\">\n<td style=\"height: 23px;\">Halka Di\u015fli C\u0131vata Miktar\u0131<\/td>\n<td style=\"height: 23px;\">10<\/td>\n<\/tr>\n<tr style=\"height: 23px;\">\n<td style=\"height: 23px;\">Halka Di\u015fli Malzemesi<\/td>\n<td style=\"height: 23px;\">8620 \u00c7elik<\/td>\n<\/tr>\n<tr style=\"height: 23px;\">\n<td style=\"height: 23px;\">Halka Di\u015fli D\u0131\u015f \u00c7ap\u0131<\/td>\n<td style=\"height: 23px;\">7.125 (\u0130n\u00e7)<\/td>\n<\/tr>\n<tr style=\"height: 23px;\">\n<td style=\"height: 23px;\">Halka Di\u015fli D\u00f6n\u00fc\u015f\u00fc<\/td>\n<td style=\"height: 23px;\">Tersi<\/td>\n<\/tr>\n<tr style=\"height: 23px;\">\n<td style=\"height: 23px;\">Halka Di\u015fli Di\u015f Miktar\u0131<\/td>\n<td style=\"height: 23px;\">41<\/td>\n<\/tr>\n<tr style=\"height: 23px;\">\n<td style=\"height: 23px;\">Taksonomi A<\/td>\n<td style=\"height: 23px;\">LD Fark\u0131<\/td>\n<\/tr>\n<tr style=\"height: 23px;\">\n<td style=\"height: 23px;\">Taksonomi B<\/td>\n<td style=\"height: 23px;\">Halka ve Pinyon<\/td>\n<\/tr>\n<tr style=\"height: 23px;\">\n<td style=\"height: 23px;\">Taksonomi C<\/td>\n<td style=\"height: 23px;\">\u00d6n<\/td>\n<\/tr>\n<tr style=\"height: 23px;\">\n<td style=\"height: 23px;\">Taksonomi D<\/td>\n<td style=\"height: 23px;\">5.13<\/td>\n<\/tr>\n<\/tbody>\n<\/table>\n<div><\/div>\n<div class=\"Message_messageMetadataContainer__nBPq7\"><img loading=\"lazy\" decoding=\"async\" class=\"size-full wp-image-7812 aligncenter\" src=\"https:\/\/fmp-components.com\/wp-content\/uploads\/2025\/04\/Differential-Ring-and-Pinion-10-BoltD30_513RJK_4.webp\" alt=\"Diferansiyel Di\u015fli \u00c7ark\u0131 (10 C\u0131vatal\u0131)D30_513RJK_4\" width=\"1500\" height=\"500\" title=\"\" srcset=\"https:\/\/fmp-components.com\/wp-content\/uploads\/2025\/04\/Differential-Ring-and-Pinion-10-BoltD30_513RJK_4.webp 1500w, https:\/\/fmp-components.com\/wp-content\/uploads\/2025\/04\/Differential-Ring-and-Pinion-10-BoltD30_513RJK_4-1280x427.webp 1280w, https:\/\/fmp-components.com\/wp-content\/uploads\/2025\/04\/Differential-Ring-and-Pinion-10-BoltD30_513RJK_4-980x327.webp 980w, https:\/\/fmp-components.com\/wp-content\/uploads\/2025\/04\/Differential-Ring-and-Pinion-10-BoltD30_513RJK_4-480x160.webp 480w\" sizes=\"(min-width: 0px) and (max-width: 480px) 480px, (min-width: 481px) and (max-width: 980px) 980px, (min-width: 981px) and (max-width: 1280px) 1280px, (min-width: 1281px) 1500px, 100vw\" \/><\/div>\n<div>\n<h3 class=\"\" dir=\"auto\">FMP: Premium Halka ve Pinyon Di\u015fli \u00c7\u00f6z\u00fcmleri<\/h3>\n<p class=\"break-words\" dir=\"auto\">FMP olarak, Ford 10,5 in\u00e7 diferansiyelleriyle uyumlu olacak \u015fekilde tasarlanm\u0131\u015f, birinci s\u0131n\u0131f halka ve pinyon di\u015fli setleri \u00fcreterek, farkl\u0131 arazi ko\u015fullar\u0131nda s\u00fcr\u00fcc\u00fclere ola\u011fan\u00fcst\u00fc performans sunuyoruz. \u0130ster engebeli arazi yollar\u0131nda m\u00fccadele ediyor olun, ister otoyolda sorunsuz bir \u015fekilde yol al\u0131yor olun, birinci s\u0131n\u0131f di\u015fli setlerimiz s\u00fcr\u00fc\u015f deneyiminizi geli\u015ftirmek i\u00e7in tasarlanm\u0131\u015ft\u0131r. 40 y\u0131l\u0131 a\u015fk\u0131n uzmanl\u0131\u011f\u0131yla FMP, ara\u00e7 kabiliyetini art\u0131ran ve direksiyon ba\u015f\u0131nda hem g\u00fcc\u00fcn hem de hassasiyetin keyfini \u00e7\u0131karman\u0131z\u0131 sa\u011flayan y\u00fcksek kaliteli bile\u015fenler sunmaya kendini adam\u0131\u015ft\u0131r.<\/p>\n<p class=\"break-words\" dir=\"auto\">Halka ve pinyon di\u015fli setlerimiz, ihtiya\u00e7lar\u0131n\u0131za g\u00f6re uyarlanm\u0131\u015f bir dizi \u00f6nemli avantaj sunar. Geli\u015fmi\u015f hassas kesim ve \u0131s\u0131l i\u015flem s\u00fcre\u00e7leriyle y\u00fcksek kaliteli \u00e7elikten \u00fcretilen bu setler, \u00fcst\u00fcn mukavemet ve dayan\u0131kl\u0131l\u0131k sa\u011flayarak orijinal ekipman standartlar\u0131n\u0131 kar\u015f\u0131lar veya a\u015far. Bu sayede g\u00fcnl\u00fck s\u00fcr\u00fc\u015f ko\u015fullar\u0131 veya zorlu arazi ko\u015fullar\u0131nda g\u00fcvenilir performans sa\u011flar. Optimize edilmi\u015f di\u015fli oranlar\u0131, daha iyi \u00e7eki\u015f, \u00e7ekme verimlili\u011fi ve kontrol i\u00e7in tork iletimini iyile\u015ftirirken, ideal motor devirlerini koruyarak otoyol h\u0131zlar\u0131nda yak\u0131t verimlili\u011fini de art\u0131r\u0131r. Ayr\u0131ca, di\u015fli setlerimiz kolay montaj ve sessiz \u00e7al\u0131\u015fma i\u00e7in tasarlanm\u0131\u015ft\u0131r ve istenmeyen g\u00fcr\u00fclt\u00fcy\u00fc ortadan kald\u0131rarak konforlu bir s\u00fcr\u00fc\u015f sunar.<\/p>\n<p class=\"break-words\" dir=\"auto\">FMP, her \u00fcr\u00fcn\u00fcn arkas\u0131nda g\u00fcvenle durur ve \u00fcretim hatalar\u0131na kar\u015f\u0131 2 y\u0131l garanti sunar. Halka ve pinyon di\u015fli setlerimiz, sokak, arazi ve hatta yar\u0131\u015f uygulamalar\u0131 i\u00e7in titizlikle test edilmi\u015ftir ve bu da onlar\u0131 hem merakl\u0131lar hem de profesyoneller i\u00e7in g\u00fcvenilir bir tercih haline getirir. FMP ile y\u00fckseltme yapmak sadece bir modifikasyon de\u011fil, ayn\u0131 zamanda performans, verimlilik ve uzun \u00f6m\u00fcrl\u00fc g\u00fcvenilirli\u011fe bir yat\u0131r\u0131md\u0131r. \u00d6zel \u00e7\u00f6z\u00fcmler veya \u00f6zel sorular\u0131n\u0131z i\u00e7in bizimle ileti\u015fime ge\u00e7in; uzman ekibimiz arac\u0131n\u0131z i\u00e7in m\u00fckemmel di\u015fli setine sahip olman\u0131z\u0131 sa\u011flayacakt\u0131r.<\/p>\n<\/div>\n<\/div>","protected":false},"excerpt":{"rendered":"<p>Teknik \u00d6zellikler Teknik \u00d6zellik De\u011feri Uygulama Modeli Dana AdvanTEK M186, Dana 30 JK Geri Vites, Dana 30 JL Geri Vites Kapak C\u0131vata Say\u0131s\u0131 10 Diferansiyel Ta\u015f\u0131y\u0131c\u0131 K\u0131r\u0131lma Oran\u0131 3.73 ve \u00dczeri Diferansiyel Kasa Tasar\u0131m Tipi Dana AdvanTEK M186, Dana 30 JK Geri Vites, Dana 30 JL Geri Vites Di\u015fli Oran\u0131 5.13 Pinyon Di\u015fli Di\u015f Say\u0131s\u0131 8 Pinyon Mil \u00c7ap\u0131 1.376 (\u0130n\u00e7) [\u2026]<\/p>","protected":false},"featured_media":7814,"comment_status":"open","ping_status":"closed","template":"","meta":{"_et_pb_use_builder":"","_et_pb_old_content":"","_et_gb_content_width":""},"product_brand":[],"product_cat":[115],"product_tag":[],"class_list":{"0":"post-7815","1":"product","2":"type-product","3":"status-publish","4":"has-post-thumbnail","6":"product_cat-ring-and-pinion-gears","8":"first","9":"instock","10":"shipping-taxable","11":"product-type-simple"},"_links":{"self":[{"href":"https:\/\/fmp-components.com\/tr\/wp-json\/wp\/v2\/product\/7815","targetHints":{"allow":["GET"]}}],"collection":[{"href":"https:\/\/fmp-components.com\/tr\/wp-json\/wp\/v2\/product"}],"about":[{"href":"https:\/\/fmp-components.com\/tr\/wp-json\/wp\/v2\/types\/product"}],"replies":[{"embeddable":true,"href":"https:\/\/fmp-components.com\/tr\/wp-json\/wp\/v2\/comments?post=7815"}],"wp:featuredmedia":[{"embeddable":true,"href":"https:\/\/fmp-components.com\/tr\/wp-json\/wp\/v2\/media\/7814"}],"wp:attachment":[{"href":"https:\/\/fmp-components.com\/tr\/wp-json\/wp\/v2\/media?parent=7815"}],"wp:term":[{"taxonomy":"product_brand","embeddable":true,"href":"https:\/\/fmp-components.com\/tr\/wp-json\/wp\/v2\/product_brand?post=7815"},{"taxonomy":"product_cat","embeddable":true,"href":"https:\/\/fmp-components.com\/tr\/wp-json\/wp\/v2\/product_cat?post=7815"},{"taxonomy":"product_tag","embeddable":true,"href":"https:\/\/fmp-components.com\/tr\/wp-json\/wp\/v2\/product_tag?post=7815"}],"curies":[{"name":"wp","href":"https:\/\/api.w.org\/{rel}","templated":true}]}}