{"id":7791,"date":"2025-04-04T07:56:43","date_gmt":"2025-04-04T07:56:43","guid":{"rendered":"https:\/\/fmp-components.com\/?post_type=product&#038;p=7791"},"modified":"2025-04-04T08:14:26","modified_gmt":"2025-04-04T08:14:26","slug":"ring-gear-for-aerospace-and-satellite","status":"publish","type":"product","link":"https:\/\/fmp-components.com\/tr\/product\/ring-gear-for-aerospace-and-satellite\/","title":{"rendered":"Havac\u0131l\u0131k ve Uydu \u0130\u00e7in Halka Di\u015fli"},"content":{"rendered":"<p>A <a href=\"https:\/\/fmp-components.com\/tr\/ring-gear\/\">halka di\u015flisi<\/a> Havac\u0131l\u0131k ve uydu uygulamalar\u0131 i\u00e7in tasarlanan bu di\u015fli, hafif ve dayan\u0131kl\u0131 bir silindirik halkan\u0131n i\u00e7 y\u00fczeyinde genellikle i\u00e7e do\u011fru k\u0131vr\u0131lm\u0131\u015f bir di\u015f profiline sahip, hassas m\u00fchendislikle \u00fcretilmi\u015f bir i\u00e7 di\u015flidir. Planet di\u015fli sistemlerinde kritik bir rol oynar ve havac\u0131l\u0131k ortamlar\u0131n\u0131n zorlu boyut ve a\u011f\u0131rl\u0131k k\u0131s\u0131tlamalar\u0131 dahilinde y\u00fcksek tork ve g\u00fcvenilir g\u00fc\u00e7 iletimi sa\u011flar. Titanyum veya y\u00fcksek mukavemetli ala\u015f\u0131mlar gibi geli\u015fmi\u015f malzemelerden \u00fcretilen bu di\u015fli, ola\u011fan\u00fcst\u00fc mukavemet-a\u011f\u0131rl\u0131k oran\u0131 ve a\u015f\u0131r\u0131 s\u0131cakl\u0131klara ve titre\u015fimlere kar\u015f\u0131 diren\u00e7 sa\u011flar. Bu di\u015fli, planet di\u015flileriyle sorunsuz ve verimli bir \u015fekilde birle\u015ferek, do\u011fruluk ve g\u00fcvenilirli\u011fin en \u00f6nemli oldu\u011fu uydu konumland\u0131rma mekanizmalar\u0131 veya u\u00e7ak tahrik sistemleri gibi kritik i\u015flevleri destekler.<\/p>\n<h2>Halka Di\u015fli \u00d6zellikleri<\/h2>\n<table border=\"1\">\n<tbody>\n<tr>\n<td>Kullanmak<\/td>\n<td>Halka Di\u015fliler havac\u0131l\u0131k ve uydu uygulamalar\u0131nda veya torkun d\u00f6n\u00fc\u015ft\u00fcr\u00fclmesinin gerekli oldu\u011fu her durumda s\u0131kl\u0131kla kullan\u0131l\u0131r.<\/td>\n<\/tr>\n<tr>\n<td>Di\u015f Say\u0131s\u0131<\/td>\n<td>197'ye kadar di\u015f mevcuttur<\/td>\n<\/tr>\n<tr>\n<td>Bas\u0131n\u00e7 A\u00e7\u0131s\u0131<\/td>\n<td>14, 20 ve 25 Derece Bas\u0131n\u00e7 A\u00e7\u0131s\u0131 mevcuttur<\/td>\n<\/tr>\n<tr>\n<td>Kal\u0131nl\u0131k<\/td>\n<td>1'e kadar a\u00e7\u0131n.\u201d<\/td>\n<\/tr>\n<tr>\n<td>DP \u2013 Diametral Pitch<\/td>\n<td>250+ DP'ye kadar<\/td>\n<\/tr>\n<tr>\n<td>\u0130\u00e7 \u00c7ap<\/td>\n<td>48'e kadar a\u00e7\u0131k.\u201d<\/td>\n<\/tr>\n<tr>\n<td>D\u0131\u015f \u00c7ap<\/td>\n<td>Di\u015fli d\u0131\u015f \u00e7ap\u0131 0,05\" ila 30\" aras\u0131nda mevcuttur<\/td>\n<\/tr>\n<tr>\n<td>Kalite Kontrol<\/td>\n<td>A\u015fa\u011f\u0131daki genel Askeri Kalite Kontrol gerekliliklerine uygundur: MIL-I-45208A, MIL-STD-45662A, ISO 9001:2000 uyumlu ve ISO 13485 T\u0131bbi Cihaz Sertifikasyonu beklenmektedir.<\/td>\n<\/tr>\n<tr>\n<td>Uygulamalar<\/td>\n<td>Uydu, askeri ve havac\u0131l\u0131k end\u00fcstrilerine halka di\u015flileri sa\u011flamaya odaklan\u0131yoruz.<\/td>\n<\/tr>\n<tr>\n<td>Miktarlar<\/td>\n<td>10+<\/td>\n<\/tr>\n<tr>\n<td>Kur\u015fun zaman\u0131<\/td>\n<td>Halka di\u015fli sipari\u015flerinde ortalama teslim s\u00fcresi d\u00f6rt haftad\u0131r<\/td>\n<\/tr>\n<tr>\n<td>Tercih Edilen \u00c7izim Formatlar\u0131<\/td>\n<td>Tasar\u0131mlar\u0131n\u0131z\u0131n CAD dosyalar\u0131n\u0131 DXF format\u0131nda kabul etmeyi tercih ediyoruz.<\/td>\n<\/tr>\n<\/tbody>\n<\/table>\n<h2>Yetenekler<\/h2>\n<table border=\"1\">\n<tbody>\n<tr>\n<td>End\u00fcstriler<\/td>\n<td>Havac\u0131l\u0131k Di\u015flileri<br \/>\nSavunma Ekipmanlar\u0131<br \/>\nH\u00fck\u00fcmet Di\u015flileri<br \/>\nEnd\u00fcstriyel Di\u015flilerEnstr\u00fcman Di\u015flileri<br \/>\nT\u0131bbi Cihaz Ekipmanlar\u0131<br \/>\nAskeri Ekipmanlar<br \/>\nPetrol ve Gaz Di\u015flileri<\/td>\n<\/tr>\n<tr>\n<td>Malzemeler<\/td>\n<td>\u00c7elik<br \/>\n303 Paslanmaz \u00c7elik<br \/>\n17-4 Paslanmaz \u00c7elik<br \/>\n440 Is\u0131l \u0130\u015flem G\u00f6rm\u00fc\u015f Paslanmaz \u00c7elik<br \/>\nKarbon \u00c7elik<br \/>\nKrom Paslanmaz \u00c7elik<br \/>\nKrom \u00c7elik<br \/>\nKrom-Molibden \u00c7elik<br \/>\nKrom-Molibden-Vanadyum \u00c7elik<br \/>\nKrom-Vanadyum \u00e7eli\u011fi<br \/>\nY\u00fcksek Dayan\u0131kl\u0131 \u00c7elik (Impact\u2122, MicroTec\u00ae, WHS-100\u2122)<br \/>\nY\u00fcksek S\u0131cakl\u0131k \u00c7elikleri<br \/>\nManganez \u00c7elikMolibden \u00c7elik<br \/>\nNikel-Krom \u00c7elik<br \/>\nNikel-Krom-Molibden \u00c7elik<br \/>\nNikel-Molibden \u00c7elik<br \/>\nSilisyum-Manganez \u00c7elik<br \/>\n\u00d6zel Rulman \u00c7eli\u011fi<br \/>\nAl\u00fcminyum<br \/>\nD\u00f6kme demir<br \/>\nBronz<br \/>\nPlastik<br \/>\nAVEC<br \/>\nNaylon<br \/>\nDelrin<\/td>\n<\/tr>\n<tr>\n<td>Standartlar<\/td>\n<td>T\u00fcm di\u015fliler (Precision 3) ve ANSI\/AGMA 2001 i\u00e7in AGMA kalite seviyesi 12'yi kar\u015f\u0131layabilir. T\u0131bbi Cihaz Di\u015flileri, \u00d6zel Havac\u0131l\u0131k Di\u015flileri, \u00d6zel Robotik Di\u015flileri, \u00d6zel Di\u015fli Tedarik\u00e7isi.<\/td>\n<\/tr>\n<\/tbody>\n<\/table>\n<h2>Ring Gear'\u0131n \u00d6zellikleri<\/h2>\n<div>\n<p class=\"break-words\" dir=\"auto\">Genellikle bir i\u00e7 di\u015fli olan halka di\u015fli, silindirik bir halkan\u0131n i\u00e7 y\u00fczeyinde kesilmi\u015f di\u015flere sahiptir ve genellikle planet di\u015fli sistemlerindeki planet di\u015flileri gibi d\u0131\u015f di\u015flilerle sorunsuz ve verimli bir \u015fekilde birle\u015fmek i\u00e7in i\u00e7e do\u011fru k\u0131vr\u0131lm\u0131\u015f bir profil izler. Bu tasar\u0131m, sabit bir a\u00e7\u0131sal h\u0131z oran\u0131 ve di\u015fler aras\u0131nda etkili bir y\u00fck da\u011f\u0131l\u0131m\u0131 sa\u011flayarak dayan\u0131kl\u0131l\u0131\u011f\u0131 ve performans\u0131 art\u0131r\u0131r. \u0130\u00e7sel y\u00f6nelimi, e\u015fle\u015fen di\u015flileri \u00e7evrelemesini sa\u011flayarak \u00e7e\u015fitli mekanik sistemler i\u00e7in uygun, benzersiz bir kompaktl\u0131k ve mukavemet kombinasyonu sunar.<\/p>\n<p class=\"break-words\" dir=\"auto\">Halka di\u015flinin geni\u015f \u00e7ap\u0131 ve i\u00e7b\u00fckey di\u015f geometrisi, y\u00fcksek tork iletimi ve \u00f6nemli red\u00fcksiyon oranlar\u0131 sa\u011flayarak, dar alanlarda g\u00fc\u00e7 gerektiren uygulamalarda kritik bir bile\u015fen haline getirir. E\u015fle\u015fen di\u015flilerle ayn\u0131 y\u00f6nde d\u00f6nerek, planet di\u015fli tahrikleri gibi sistemlerde hareket dinamiklerini basitle\u015ftirir. Genellikle, m\u00fcdahaleyi \u00f6nlemek ve di\u015f mukavemetini art\u0131rmak i\u00e7in profil kayd\u0131rmal\u0131 olarak \u00fcretilen bu di\u015fli, otomotiv diferansiyellerinden end\u00fcstriyel makinelere kadar y\u00fcksek y\u00fck senaryolar\u0131nda m\u00fckemmel performans g\u00f6sterir.<\/p>\n<p class=\"break-words\" dir=\"auto\">Bir halka di\u015flinin \u00fcretimi, i\u00e7 yap\u0131s\u0131 nedeniyle genellikle di\u015f a\u00e7ma i\u015flemi yerine di\u015fli \u015fekillendirmeyi i\u00e7erir ve s\u0131k\u0131 toleranslar\u0131 korumak ve birbirine ge\u00e7me sorunlar\u0131n\u0131 \u00f6nlemek i\u00e7in hassasiyet gerektirir. Malzemeler, genel kullan\u0131m i\u00e7in \u00e7elikten, \u00f6zel uygulamalar i\u00e7in hafif ala\u015f\u0131mlara kadar \u00e7e\u015fitlilik g\u00f6sterir ve mukavemet ve a\u011f\u0131rl\u0131\u011f\u0131 dengeler. \u00c7ok y\u00f6nl\u00fcl\u00fc\u011f\u00fc, g\u00fcvenilirli\u011fi ve karma\u015f\u0131k y\u00fck ko\u015fullar\u0131n\u0131 idare edebilme kabiliyeti, onu havac\u0131l\u0131k, otomotiv ve robotik gibi sekt\u00f6rlerde vazge\u00e7ilmez k\u0131lar.<\/p>\n<\/div>","protected":false},"excerpt":{"rendered":"<p>A ring gear designed for aerospace and satellite applications is a precision-engineered internal gear, typically featuring an involute tooth profile on the inner surface of a lightweight, durable cylindrical ring. It plays a critical role in planetary gear systems, providing high torque and reliable power transmission within the stringent size and weight constraints of aerospace [&hellip;]<\/p>","protected":false},"featured_media":4644,"comment_status":"open","ping_status":"closed","template":"","meta":{"_et_pb_use_builder":"","_et_pb_old_content":"","_et_gb_content_width":""},"product_brand":[],"product_cat":[114],"product_tag":[],"class_list":{"0":"post-7791","1":"product","2":"type-product","3":"status-publish","4":"has-post-thumbnail","6":"product_cat-ring-gear","8":"first","9":"instock","10":"shipping-taxable","11":"product-type-simple"},"_links":{"self":[{"href":"https:\/\/fmp-components.com\/tr\/wp-json\/wp\/v2\/product\/7791","targetHints":{"allow":["GET"]}}],"collection":[{"href":"https:\/\/fmp-components.com\/tr\/wp-json\/wp\/v2\/product"}],"about":[{"href":"https:\/\/fmp-components.com\/tr\/wp-json\/wp\/v2\/types\/product"}],"replies":[{"embeddable":true,"href":"https:\/\/fmp-components.com\/tr\/wp-json\/wp\/v2\/comments?post=7791"}],"wp:featuredmedia":[{"embeddable":true,"href":"https:\/\/fmp-components.com\/tr\/wp-json\/wp\/v2\/media\/4644"}],"wp:attachment":[{"href":"https:\/\/fmp-components.com\/tr\/wp-json\/wp\/v2\/media?parent=7791"}],"wp:term":[{"taxonomy":"product_brand","embeddable":true,"href":"https:\/\/fmp-components.com\/tr\/wp-json\/wp\/v2\/product_brand?post=7791"},{"taxonomy":"product_cat","embeddable":true,"href":"https:\/\/fmp-components.com\/tr\/wp-json\/wp\/v2\/product_cat?post=7791"},{"taxonomy":"product_tag","embeddable":true,"href":"https:\/\/fmp-components.com\/tr\/wp-json\/wp\/v2\/product_tag?post=7791"}],"curies":[{"name":"wp","href":"https:\/\/api.w.org\/{rel}","templated":true}]}}