{"id":7787,"date":"2025-04-04T07:21:01","date_gmt":"2025-04-04T07:21:01","guid":{"rendered":"https:\/\/fmp-components.com\/?post_type=product&#038;p=7787"},"modified":"2025-04-04T07:21:43","modified_gmt":"2025-04-04T07:21:43","slug":"internal-spur-gear","status":"publish","type":"product","link":"https:\/\/fmp-components.com\/tr\/product\/internal-spur-gear\/","title":{"rendered":"\u0130\u00e7ten Mahmuzlu Di\u015fli"},"content":{"rendered":"<div>\n<p class=\"break-words\" dir=\"auto\">\u0130\u00e7ten di\u015fli \u00e7arklar, di\u015flerinin i\u015f par\u00e7as\u0131n\u0131n i\u00e7 y\u00fczeyinde olu\u015fturulmas\u0131 bak\u0131m\u0131ndan tipik d\u00fcz di\u015fli \u00e7arklardan farkl\u0131d\u0131r. Bu di\u015fliler, e\u015fle\u015ftikleri pinyon di\u015fliye k\u0131yasla daha g\u00fc\u00e7l\u00fc ve daha verimli olma e\u011filimindedir. Do\u011fru \u00e7al\u0131\u015fmas\u0131 i\u00e7in, i\u00e7ten di\u015fli \u00e7ark\u0131n ad\u0131m \u00e7ap\u0131, e\u015fle\u015fen pinyonun ad\u0131m \u00e7ap\u0131n\u0131n en az 1,5 kat\u0131 olmal\u0131d\u0131r; aksi takdirde, di\u015f u\u00e7lar\u0131 birbirine m\u00fcdahale edecektir.<\/p>\n<p class=\"break-words\" dir=\"auto\">\u0130\u00e7ten di\u015fli \u00e7arklar, tasar\u0131mc\u0131lara standart d\u00fcz di\u015fli \u00e7arklara g\u00f6re daha k\u0131sa merkez mesafelerinde daha y\u00fcksek temas ve tahrik oranlar\u0131 elde etme avantaj\u0131 sunar. Ek olarak, y\u00f6n\u00fc de\u011fi\u015ftirmeden h\u0131z ayarlamalar\u0131na olanak tan\u0131yarak, geleneksel d\u00fcz di\u015fli \u00e7arklarda gerekli olacak bir ara di\u015fliye olan ihtiyac\u0131 ortadan kald\u0131r\u0131rlar.<\/p>\n<\/div>\n<h2>\u00dcr\u00fcn \u00d6zellikleri<\/h2>\n<div class=\"table-responsive\">\n<table class=\"table\" style=\"width: 101.427%; height: 279px;\" border=\"1\">\n<tbody>\n<tr>\n<td>Di\u015f Formu<\/td>\n<td>M\u00fc\u015fteri talebine g\u00f6re<\/td>\n<\/tr>\n<tr>\n<td>Malzeme<\/td>\n<td>M\u00fc\u015fteri talebine g\u00f6re<\/td>\n<\/tr>\n<tr>\n<td>\u015eekil<\/td>\n<td>M\u00fc\u015fteri talebine g\u00f6re<\/td>\n<\/tr>\n<tr>\n<td>Seviye<\/td>\n<td>M\u00fc\u015fteri talebine g\u00f6re<\/td>\n<\/tr>\n<tr>\n<td>Teknik<\/td>\n<td>M\u00fc\u015fteri talebine g\u00f6re<\/td>\n<\/tr>\n<tr>\n<td>Bas\u0131n\u00e7 A\u00e7\u0131s\u0131<\/td>\n<td>M\u00fc\u015fteri talebine g\u00f6re<\/td>\n<\/tr>\n<tr>\n<td>\u00c7ap<\/td>\n<td>M\u00fc\u015fteri talebine g\u00f6re<\/td>\n<\/tr>\n<tr>\n<td>Boyut<\/td>\n<td>M\u00fc\u015fteri talebine g\u00f6re<\/td>\n<\/tr>\n<tr>\n<td>Minimum Sipari\u015f Miktar\u0131<\/td>\n<td>1 Birim<\/td>\n<\/tr>\n<\/tbody>\n<\/table>\n<div>\n<h3 class=\"\" dir=\"auto\">\u0130talyan Pazarlar\u0131 i\u00e7in FMP Taraf\u0131ndan \u00dcretilen \u0130\u00e7ten Di\u015fli \u00c7ark M\u00fckemmelli\u011fi<\/h3>\n<p class=\"break-words\" dir=\"auto\">FMP, en y\u00fcksek kalitede i\u00e7ten di\u015fli \u00e7arklar \u00fcreten \u00f6nde gelen bir \u00fcreticidir. <a href=\"https:\/\/fmp-components.com\/tr\/ring-gear\/\">halka di\u015flileri<\/a> Milano'dan Venedik'e kadar \u0130talya genelindeki end\u00fcstrilere hizmet veriyoruz. Geni\u015f katalo\u011fumuzda, makine, otomotiv ve daha bir\u00e7ok alanda hassasiyet ve g\u00fcvenilirlik sa\u011flamak \u00fczere tasarlanm\u0131\u015f \u00e7ok \u00e7e\u015fitli di\u015fli tipleri bulunmaktad\u0131r. Floransa'da veya Bologna'da faaliyet g\u00f6steriyor olun, FMP, \u0130talya'n\u0131n geli\u015fen sanayi sekt\u00f6rlerini desteklemek i\u00e7in en son teknolojiyle \u00fcretilmi\u015f her bir i\u00e7 d\u00fcz di\u015flinin en y\u00fcksek standartlar\u0131 kar\u015f\u0131lad\u0131\u011f\u0131ndan emin olur. Yerel ihtiya\u00e7lara g\u00f6re uyarlanm\u0131\u015f dayan\u0131kl\u0131 ve verimli di\u015fli \u00e7\u00f6z\u00fcmleri i\u00e7in ba\u015fvurabilece\u011finiz i\u015f orta\u011f\u0131n\u0131z biziz.<\/p>\n<h3 class=\"\" dir=\"auto\">\u0130htiya\u00e7lar\u0131n\u0131za \u00d6zel \u0130\u00e7ten Di\u015fli \u00c7arklar<\/h3>\n<p class=\"break-words\" dir=\"auto\">FMP olarak, standart \u00fcr\u00fcnlerin \u00f6tesine ge\u00e7erek, \u00f6zel projelerinize uygun, tamamen \u00f6zelle\u015ftirilebilir i\u00e7 di\u015fli \u00e7arklar sunuyoruz. Milano, Venedik, Floransa veya Bologna'da bulunuyorsan\u0131z ve \u00fcr\u00fcn listemizde tam olarak ihtiyac\u0131n\u0131z olan modeli g\u00f6remiyorsan\u0131z, muhtemelen hen\u00fcz y\u00fcklememi\u015fizdir; envanterimiz s\u00fcrekli geni\u015fliyor. \u00d6zelliklerinizi e-posta yoluyla bize iletin, yetenekli m\u00fchendislerimiz 24 saat i\u00e7inde size \u00f6zel se\u00e7eneklerle geri d\u00f6necektir. Talebinizin karma\u015f\u0131kl\u0131\u011f\u0131 ne olursa olsun, FMP, \u0130talya genelindeki i\u015fletmelere h\u0131zl\u0131, uzman hizmet ve y\u00fcksek kaliteli di\u015fli \u00e7arklar sunmaya kendini adam\u0131\u015ft\u0131r.<\/p>\n<\/div>\n<\/div>","protected":false},"excerpt":{"rendered":"<p>Internal Spur Gears differ from typical spur gears in that their teeth are formed on the inner surface of the blank. These gears tend to be stronger and more efficient compared to the pinion gear they mesh with. For proper function, the pitch diameter of the internal gear should be at least 1.5 times that [&hellip;]<\/p>","protected":false},"featured_media":4639,"comment_status":"open","ping_status":"closed","template":"","meta":{"_et_pb_use_builder":"","_et_pb_old_content":"","_et_gb_content_width":""},"product_brand":[],"product_cat":[114],"product_tag":[],"class_list":{"0":"post-7787","1":"product","2":"type-product","3":"status-publish","4":"has-post-thumbnail","6":"product_cat-ring-gear","8":"first","9":"instock","10":"shipping-taxable","11":"product-type-simple"},"_links":{"self":[{"href":"https:\/\/fmp-components.com\/tr\/wp-json\/wp\/v2\/product\/7787","targetHints":{"allow":["GET"]}}],"collection":[{"href":"https:\/\/fmp-components.com\/tr\/wp-json\/wp\/v2\/product"}],"about":[{"href":"https:\/\/fmp-components.com\/tr\/wp-json\/wp\/v2\/types\/product"}],"replies":[{"embeddable":true,"href":"https:\/\/fmp-components.com\/tr\/wp-json\/wp\/v2\/comments?post=7787"}],"wp:featuredmedia":[{"embeddable":true,"href":"https:\/\/fmp-components.com\/tr\/wp-json\/wp\/v2\/media\/4639"}],"wp:attachment":[{"href":"https:\/\/fmp-components.com\/tr\/wp-json\/wp\/v2\/media?parent=7787"}],"wp:term":[{"taxonomy":"product_brand","embeddable":true,"href":"https:\/\/fmp-components.com\/tr\/wp-json\/wp\/v2\/product_brand?post=7787"},{"taxonomy":"product_cat","embeddable":true,"href":"https:\/\/fmp-components.com\/tr\/wp-json\/wp\/v2\/product_cat?post=7787"},{"taxonomy":"product_tag","embeddable":true,"href":"https:\/\/fmp-components.com\/tr\/wp-json\/wp\/v2\/product_tag?post=7787"}],"curies":[{"name":"wp","href":"https:\/\/api.w.org\/{rel}","templated":true}]}}