{"id":7784,"date":"2025-04-04T07:00:59","date_gmt":"2025-04-04T07:00:59","guid":{"rendered":"https:\/\/fmp-components.com\/?post_type=product&#038;p=7784"},"modified":"2025-04-04T07:02:10","modified_gmt":"2025-04-04T07:02:10","slug":"industrial-internal-gear","status":"publish","type":"product","link":"https:\/\/fmp-components.com\/tr\/product\/industrial-internal-gear\/","title":{"rendered":"End\u00fcstriyel \u0130\u00e7 Di\u015fli"},"content":{"rendered":"<h3 class=\"\" dir=\"auto\">End\u00fcstriyel \u0130\u00e7 Di\u015fliler: FMP ile Hassasiyet ve \u00d6zelle\u015ftirme<\/h3>\n<p class=\"break-words\" dir=\"auto\">Planet di\u015fli \u015fanz\u0131manlar\u0131 ve di\u015fli kaplinlerinin temel bile\u015fenleri olan i\u00e7 di\u015fliler, silindirin i\u00e7 y\u00fczeyine oyulmu\u015f di\u015flerle benzersiz bir \u015fekilde tasarlanm\u0131\u015ft\u0131r ve d\u00fcz di\u015flilerle kusursuz bir \u015fekilde birle\u015fir. FMP olarak, Milano'nun hareketli sanayi merkezlerinden Venedik'in m\u00fchendislik at\u00f6lyelerine kadar \u0130talya genelinde \u00e7e\u015fitli mekanik ihtiya\u00e7lar\u0131 kar\u015f\u0131lamak \u00fczere tasarlanm\u0131\u015f end\u00fcstriyel i\u00e7 di\u015fliler de dahil olmak \u00fczere geni\u015f bir yelpazede halka di\u015fli \u00fcretimi konusunda uzmanla\u015f\u0131yoruz. 32 ila 120 DP di\u015f a\u00e7\u0131kl\u0131\u011f\u0131 ve al\u00fcminyum ve paslanmaz \u00e7elik gibi malzemelerle sunulan \u00fcr\u00fcnlerimiz dayan\u0131kl\u0131l\u0131k ve verimlilik sa\u011flar. Kapsaml\u0131 katalo\u011fumuzun yan\u0131 s\u0131ra, ister Floransa'n\u0131n el yap\u0131m\u0131 makine sekt\u00f6r\u00fcnde ister Bologna'n\u0131n geli\u015fmi\u015f \u00fcretim tesislerinde olun, FMP, \u00f6zel ihtiya\u00e7lar\u0131n\u0131za g\u00f6re tasarlanm\u0131\u015f \u00f6zel i\u00e7 di\u015fli \u00e7\u00f6z\u00fcmleri sunmaktan gurur duyar.<\/p>\n<p class=\"break-words\" dir=\"auto\">Planet di\u015fli sistemleri gibi hassasiyetin \u00e7ok \u00f6nemli oldu\u011fu uygulamalar i\u00e7in FMP'nin i\u00e7 di\u015flileri, y\u00fcksek temas oranlar\u0131 ve kompakt tasar\u0131mlar sunarak kaliteden \u00f6d\u00fcn vermeden performans\u0131 optimize eder. Belirli bir model ar\u0131yorsan\u0131z ve \u00fcr\u00fcn listemizde bulam\u0131yorsan\u0131z (ister Milano, Venedik, Floransa veya Bologna'daki bir proje i\u00e7in olsun), muhtemelen y\u00fcklenmeyi bekliyordur. \u0130stedi\u011finiz \u00f6zellikleri bize e-posta ile g\u00f6nderin; uzman m\u00fchendislerimiz 24 saat i\u00e7inde size \u00f6zel \u00e7\u00f6z\u00fcmlerle yan\u0131t verecektir. FMP olarak, \u0130talya'n\u0131n end\u00fcstriyel yenilik\u00e7ilerini en \u00fcst d\u00fczey \u00e7\u00f6z\u00fcmlerle desteklemeye kararl\u0131y\u0131z. <a href=\"https:\/\/fmp-components.com\/tr\/ring-gear\/\">halka di\u015flileri<\/a> ve e\u015fsiz m\u00fc\u015fteri hizmetleri.<\/p>\n<h2>\u00dcr\u00fcn \u00d6zellikleri<\/h2>\n<div class=\"table-responsive\">\n<table class=\"table\" style=\"width: 101.056%;\" border=\"1\">\n<tbody>\n<tr>\n<td style=\"width: 31.6708%;\">Malzeme<\/td>\n<td style=\"width: 202.494%;\">Yumu\u015fak \u00c7elik<\/td>\n<\/tr>\n<tr>\n<td style=\"width: 31.6708%;\">\u015eekil<\/td>\n<td style=\"width: 202.494%;\">Yuvarlak<\/td>\n<\/tr>\n<tr>\n<td style=\"width: 31.6708%;\">Teknik<\/td>\n<td style=\"width: 202.494%;\">So\u011fuk Haddelenmi\u015f<\/td>\n<\/tr>\n<tr>\n<td style=\"width: 31.6708%;\">Korozyona dayan\u0131kl\u0131<\/td>\n<td style=\"width: 202.494%;\">Evet<\/td>\n<\/tr>\n<tr>\n<td style=\"width: 31.6708%;\">\u00c7ekme Dayan\u0131m\u0131<\/td>\n<td style=\"width: 202.494%;\">300-400 MPa<\/td>\n<\/tr>\n<tr>\n<td style=\"width: 31.6708%;\">Sertlik<\/td>\n<td style=\"width: 202.494%;\">60-70 HRC<\/td>\n<\/tr>\n<tr>\n<td style=\"width: 31.6708%;\">Kullan\u0131m\/Uygulama<\/td>\n<td style=\"width: 202.494%;\">Makine, Tar\u0131m Makineleri, Sanayi<\/td>\n<\/tr>\n<\/tbody>\n<\/table>\n<\/div>","protected":false},"excerpt":{"rendered":"<p>Industrial Internal Gears: Precision and Customization by FMP Internal gears, essential components in planetary gear transmissions and gear couplings, are uniquely designed with teeth cut into the inner surface of a cylinder, engaging seamlessly with spur gears. At FMP, we specialize in manufacturing a wide range of ring gears, including industrial internal gears, crafted to [&hellip;]<\/p>","protected":false},"featured_media":4637,"comment_status":"open","ping_status":"closed","template":"","meta":{"_et_pb_use_builder":"","_et_pb_old_content":"","_et_gb_content_width":""},"product_brand":[],"product_cat":[114],"product_tag":[],"class_list":{"0":"post-7784","1":"product","2":"type-product","3":"status-publish","4":"has-post-thumbnail","6":"product_cat-ring-gear","8":"first","9":"instock","10":"shipping-taxable","11":"product-type-simple"},"_links":{"self":[{"href":"https:\/\/fmp-components.com\/tr\/wp-json\/wp\/v2\/product\/7784","targetHints":{"allow":["GET"]}}],"collection":[{"href":"https:\/\/fmp-components.com\/tr\/wp-json\/wp\/v2\/product"}],"about":[{"href":"https:\/\/fmp-components.com\/tr\/wp-json\/wp\/v2\/types\/product"}],"replies":[{"embeddable":true,"href":"https:\/\/fmp-components.com\/tr\/wp-json\/wp\/v2\/comments?post=7784"}],"wp:featuredmedia":[{"embeddable":true,"href":"https:\/\/fmp-components.com\/tr\/wp-json\/wp\/v2\/media\/4637"}],"wp:attachment":[{"href":"https:\/\/fmp-components.com\/tr\/wp-json\/wp\/v2\/media?parent=7784"}],"wp:term":[{"taxonomy":"product_brand","embeddable":true,"href":"https:\/\/fmp-components.com\/tr\/wp-json\/wp\/v2\/product_brand?post=7784"},{"taxonomy":"product_cat","embeddable":true,"href":"https:\/\/fmp-components.com\/tr\/wp-json\/wp\/v2\/product_cat?post=7784"},{"taxonomy":"product_tag","embeddable":true,"href":"https:\/\/fmp-components.com\/tr\/wp-json\/wp\/v2\/product_tag?post=7784"}],"curies":[{"name":"wp","href":"https:\/\/api.w.org\/{rel}","templated":true}]}}