{"id":7781,"date":"2025-04-04T06:46:54","date_gmt":"2025-04-04T06:46:54","guid":{"rendered":"https:\/\/fmp-components.com\/?post_type=product&#038;p=7781"},"modified":"2025-04-04T06:48:36","modified_gmt":"2025-04-04T06:48:36","slug":"internal-gears-for-tractors-and-cranes","status":"publish","type":"product","link":"https:\/\/fmp-components.com\/tr\/product\/internal-gears-for-tractors-and-cranes\/","title":{"rendered":"Trakt\u00f6rler ve Vin\u00e7ler \u0130\u00e7in \u0130\u00e7 Di\u015fliler"},"content":{"rendered":"<h2>\u00dcr\u00fcn \u00d6zellikleri<\/h2>\n<div class=\"table-responsive\">\n<table class=\"table\" style=\"width: 99.2193%;\" border=\"1\">\n<tbody>\n<tr>\n<td style=\"width: 56.4286%;\">\u00dcr\u00fcn T\u00fcr\u00fc<\/td>\n<td style=\"width: 281.083%;\">Di\u015fli Par\u00e7alar\u0131<\/td>\n<\/tr>\n<tr>\n<td style=\"width: 56.4286%;\">Kullan\u0131m\/Uygulama<\/td>\n<td style=\"width: 281.083%;\">Trakt\u00f6r ve vin\u00e7<\/td>\n<\/tr>\n<tr>\n<td style=\"width: 56.4286%;\">Malzeme<\/td>\n<td style=\"width: 281.083%;\">Yumu\u015fak \u00c7elik<\/td>\n<\/tr>\n<tr>\n<td style=\"width: 56.4286%;\">\u015eekil<\/td>\n<td style=\"width: 281.083%;\">Yuvarlak<\/td>\n<\/tr>\n<tr>\n<td style=\"width: 56.4286%;\">Paketleme T\u00fcr\u00fc<\/td>\n<td style=\"width: 281.083%;\">Kutu<\/td>\n<\/tr>\n<tr>\n<td style=\"width: 56.4286%;\">Minimum Sipari\u015f Miktar\u0131<\/td>\n<td style=\"width: 281.083%;\">10 Say\u0131<\/td>\n<\/tr>\n<\/tbody>\n<\/table>\n<\/div>\n<p>Profesyonellerimizin samimiyeti ve s\u0131k\u0131 \u00e7al\u0131\u015fmas\u0131yla, bu alanda kendimize bir yer edindik ve birinci s\u0131n\u0131f kalitede \u0130\u00e7 Di\u015fli yelpazesini sunduk.<\/p>\n<div>\n<h3 class=\"\" dir=\"auto\">\u0130talya'dan FMP'nin \u0130\u00e7 Di\u015flileriyle Trakt\u00f6r ve Vin\u00e7 Performans\u0131n\u0131 Art\u0131r\u0131n<\/h3>\n<p class=\"break-words\" dir=\"auto\">\u0130\u00e7 di\u015fliler, trakt\u00f6r ve vin\u00e7 gibi a\u011f\u0131r makinelerin sorunsuz \u00e7al\u0131\u015fmas\u0131nda kritik bir rol oynar ve en \u00e7ok ihtiya\u00e7 duyulan yerlerde g\u00fc\u00e7 ve hassasiyet sa\u011flar. FMP olarak, tar\u0131m ve in\u015faat ortamlar\u0131n\u0131n taleplerine dayanacak \u015fekilde tasarlanm\u0131\u015f y\u00fcksek kaliteli i\u00e7 di\u015fliler de dahil olmak \u00fczere \u00e7ok \u00e7e\u015fitli di\u015fli \u00e7arklar \u00fcretiyoruz. Floransa yak\u0131nlar\u0131ndaki verimli tarlalardan Milano'nun sanayi merkezlerine kadar, di\u015flilerimiz ekipmanlar\u0131n\u0131z i\u00e7in dayan\u0131kl\u0131l\u0131k, verimlilik ve daha az bak\u0131m sa\u011flar. \u0130ster Venedik'in hareketli limanlar\u0131nda vin\u00e7, ister Bologna k\u0131rsal\u0131nda trakt\u00f6r kullan\u0131yor olun, FMP \u0130talya'n\u0131n \u00e7e\u015fitli end\u00fcstrilerine \u00f6zel g\u00fcvenilir \u00e7\u00f6z\u00fcmler sunar.<\/p>\n<h3 class=\"\" dir=\"auto\">\u0130htiya\u00e7lar\u0131n\u0131za Uygun \u00d6zel \u0130\u00e7 Di\u015fliler \u2013 Bug\u00fcn FMP ile \u0130leti\u015fime Ge\u00e7in!<\/h3>\n<p class=\"break-words\" dir=\"auto\">FMP, geni\u015f \u00fcr\u00fcn yelpazemizle \u00f6zel ihtiya\u00e7lar\u0131n\u0131z\u0131 kar\u015f\u0131lamaya kendini adam\u0131\u015ft\u0131r. <a href=\"https:\/\/fmp-components.com\/tr\/ring-gear\/\">halka di\u015flileri<\/a> ve \u00f6zel \u00fcretim olanaklar\u0131. Trakt\u00f6r veya vin\u00e7ler i\u00e7in i\u00e7 di\u015fliler ar\u0131yorsan\u0131z ve \u00fcr\u00fcn listemizde tam modeli g\u00f6remiyorsan\u0131z, muhtemelen hen\u00fcz y\u00fcklememi\u015fizdir; envanterimiz s\u00fcrekli b\u00fcy\u00fcyor. Milano, Venedik, Floransa veya daha uzak bir yerde olun, ihtiya\u00e7lar\u0131n\u0131z i\u00e7in bize e-posta yoluyla ula\u015f\u0131n; yetenekli m\u00fchendislerimiz 24 saat i\u00e7inde size \u00f6zel bir \u00e7\u00f6z\u00fcmle geri d\u00f6n\u00fc\u015f yapacakt\u0131r. \u0130talya genelindeki makinelerinize hassasiyet ve uzmanl\u0131kla g\u00fc\u00e7 katan FMP'ye g\u00fcvenin ve ola\u011fan\u00fcst\u00fc kalite ve destek sa\u011flay\u0131n.<\/p>\n<\/div>","protected":false},"excerpt":{"rendered":"<p>\u00dcr\u00fcn \u00d6zellikleri \u00dcr\u00fcn Tipi Di\u015fli Par\u00e7alar\u0131 Kullan\u0131m\/Uygulama Trakt\u00f6r ve vin\u00e7 Malzeme Yumu\u015fak \u00c7elik \u015eekil Yuvarlak Ambalaj Tipi Kutu Minimum Sipari\u015f Miktar\u0131 10 Adet Profesyonellerimizin samimiyeti ve s\u0131k\u0131 \u00e7al\u0131\u015fmas\u0131yla, \u00fcst\u00fcn kaliteli \u0130\u00e7 Di\u015fli \u00fcr\u00fcn yelpazesi sunarak bu alanda kendimize bir yer edindik. Trakt\u00f6r ve Vin\u00e7 Performans\u0131n\u0131 Art\u0131r\u0131n [\u2026]<\/p>","protected":false},"featured_media":4638,"comment_status":"open","ping_status":"closed","template":"","meta":{"_et_pb_use_builder":"","_et_pb_old_content":"","_et_gb_content_width":""},"product_brand":[],"product_cat":[114],"product_tag":[],"class_list":{"0":"post-7781","1":"product","2":"type-product","3":"status-publish","4":"has-post-thumbnail","6":"product_cat-ring-gear","8":"first","9":"instock","10":"shipping-taxable","11":"product-type-simple"},"_links":{"self":[{"href":"https:\/\/fmp-components.com\/tr\/wp-json\/wp\/v2\/product\/7781","targetHints":{"allow":["GET"]}}],"collection":[{"href":"https:\/\/fmp-components.com\/tr\/wp-json\/wp\/v2\/product"}],"about":[{"href":"https:\/\/fmp-components.com\/tr\/wp-json\/wp\/v2\/types\/product"}],"replies":[{"embeddable":true,"href":"https:\/\/fmp-components.com\/tr\/wp-json\/wp\/v2\/comments?post=7781"}],"wp:featuredmedia":[{"embeddable":true,"href":"https:\/\/fmp-components.com\/tr\/wp-json\/wp\/v2\/media\/4638"}],"wp:attachment":[{"href":"https:\/\/fmp-components.com\/tr\/wp-json\/wp\/v2\/media?parent=7781"}],"wp:term":[{"taxonomy":"product_brand","embeddable":true,"href":"https:\/\/fmp-components.com\/tr\/wp-json\/wp\/v2\/product_brand?post=7781"},{"taxonomy":"product_cat","embeddable":true,"href":"https:\/\/fmp-components.com\/tr\/wp-json\/wp\/v2\/product_cat?post=7781"},{"taxonomy":"product_tag","embeddable":true,"href":"https:\/\/fmp-components.com\/tr\/wp-json\/wp\/v2\/product_tag?post=7781"}],"curies":[{"name":"wp","href":"https:\/\/api.w.org\/{rel}","templated":true}]}}