{"id":7773,"date":"2025-04-04T06:08:44","date_gmt":"2025-04-04T06:08:44","guid":{"rendered":"https:\/\/fmp-components.com\/?post_type=product&#038;p=7773"},"modified":"2025-04-04T06:38:52","modified_gmt":"2025-04-04T06:38:52","slug":"metal-internal-gear","status":"publish","type":"product","link":"https:\/\/fmp-components.com\/tr\/product\/metal-internal-gear\/","title":{"rendered":"Metal \u0130\u00e7 Di\u015fli"},"content":{"rendered":"<h2>Metal \u0130\u00e7ten Di\u015fli Nedir?<\/h2>\n<p>Metal i\u00e7 di\u015fli, mekanik sistemlerde yayg\u0131n olarak kullan\u0131lan, hassas m\u00fchendislik \u00fcr\u00fcn\u00fc bir bile\u015fendir ve di\u015flerinin silindirik bir metal halkan\u0131n i\u00e7 y\u00fczeyine oyulmas\u0131yla karakterize edilir. D\u0131\u015f di\u015flilerden farkl\u0131 olarak, i\u00e7 di\u015fliler \u00e7evreleri i\u00e7inde d\u0131\u015f di\u015flilerle kenetlenir, bu da kompakt tasar\u0131mlar ve verimli g\u00fc\u00e7 aktar\u0131m\u0131 sa\u011flar. Genellikle \u00e7elik veya ala\u015f\u0131mlar gibi y\u00fcksek mukavemetli metallerden \u00fcretilen bu di\u015fliler, dayan\u0131kl\u0131l\u0131k ve a\u015f\u0131nmaya kar\u015f\u0131 diren\u00e7 sunarak otomotiv \u015fanz\u0131manlar\u0131, end\u00fcstriyel makineler ve robotik uygulamalar\u0131 i\u00e7in idealdir. Benzersiz tasar\u0131mlar\u0131, s\u0131n\u0131rl\u0131 alanlarda sorunsuz \u00e7al\u0131\u015fma, d\u00fc\u015f\u00fck g\u00fcr\u00fclt\u00fc ve art\u0131r\u0131lm\u0131\u015f tork kapasitesi sa\u011flar.<\/p>\n<h3>\u015eartname<\/h3>\n<table class=\"table\" style=\"width: 100.982%; height: 321px;\" border=\"1\">\n<tbody>\n<tr>\n<td colspan=\"2\">Metal \u0130\u00e7 Di\u015fli<\/td>\n<\/tr>\n<tr>\n<td>Boyut<\/td>\n<td>\u03a660mm<\/td>\n<\/tr>\n<tr>\n<td>Mod\u00fcl<\/td>\n<td>M0.15-M3.0<\/td>\n<\/tr>\n<tr>\n<td>Malzeme T\u00fcr\u00fc<\/td>\n<td>Metal, Bronz, \u00c7elik, Ala\u015f\u0131m, POM, \u00c7inko, Al\u00fcminyum, Demir, Paslanmaz \u00c7elik, Pirin\u00e7, Bak\u0131r<\/td>\n<\/tr>\n<tr>\n<td>Meshing S\u0131n\u0131f\u0131<\/td>\n<td>ISO6, JGMA 1, JIS 6, AGMA 13, DIN 6,Din5,AGMA12<\/td>\n<\/tr>\n<tr>\n<td>Ba\u015fvuru<\/td>\n<td>Otomotiv, Askeri, U\u00e7ak, Mekanik, End\u00fcstriyel, T\u0131bbi<\/td>\n<\/tr>\n<tr>\n<td>\u00d6zelle\u015ftirilmi\u015f<\/td>\n<td>ODM\/OEM<\/td>\n<\/tr>\n<tr>\n<td>\u00d6rnek<\/td>\n<td>\u00d6rnek mevcut<\/td>\n<\/tr>\n<tr>\n<td>Paketleme Y\u00f6ntemleri<\/td>\n<td>Plastik Tepsi ile Vakumlu Paketlenmi\u015f<\/td>\n<\/tr>\n<tr>\n<td>Teslimat \u015eekilleri<\/td>\n<td>DHL ve UPS<\/td>\n<\/tr>\n<tr>\n<td>Sertifika<\/td>\n<td>ISO 9001: 2008\/TS16949<\/td>\n<\/tr>\n<\/tbody>\n<\/table>\n<div>\n<h3 class=\"\" dir=\"auto\">Metal \u0130\u00e7 Di\u015fli: FMP Taraf\u0131ndan Hassas M\u00fchendislik<\/h3>\n<p class=\"break-words\" dir=\"auto\">Metal i\u00e7 di\u015fliler s\u00f6z konusu oldu\u011funda, FMP, Milano'nun sanayi devlerinden Venedik'in yetenekli at\u00f6lyelerine kadar \u0130talya genelindeki sekt\u00f6rler i\u00e7in en \u00fcst d\u00fczey halka di\u015fliler \u00fcreten lider bir \u00fcreticidir. Bu di\u015fliler, makinelerde verimli g\u00fc\u00e7 aktar\u0131m\u0131 i\u00e7in vazge\u00e7ilmezdir ve otomotivden a\u011f\u0131r ekipmanlara kadar \u00e7e\u015fitli uygulamalarda dayan\u0131kl\u0131l\u0131k ve hassasiyet sunar. FMP olarak, \u00e7ok \u00e7e\u015fitli \u00fcr\u00fcnler \u00fcretiyoruz. <a href=\"https:\/\/fmp-components.com\/tr\/ring-gear\/\">Halka Di\u015fliler<\/a> Y\u00fcksek mukavemetli metaller ve en son teknolojiyi kullanarak, Floransa, Bologna ve \u00f6tesindeki m\u00fc\u015fterilerin ihtiya\u00e7lar\u0131na g\u00f6re uyarlanm\u0131\u015f \u00fcst\u00fcn performans sa\u011fl\u0131yoruz. Kaliteye olan ba\u011fl\u0131l\u0131\u011f\u0131m\u0131z, g\u00fcvenilir mekanik \u00e7\u00f6z\u00fcmler arayan i\u015fletmeler i\u00e7in bizi g\u00fcvenilir bir ortak haline getiriyor.<\/p>\n<h3 class=\"\" dir=\"auto\">\u0130talyan M\u00fc\u015fteriler \u0130\u00e7in \u00d6zelle\u015ftirme ve Destek<\/h3>\n<p class=\"break-words\" dir=\"auto\">\u00dcr\u00fcn listemizde tam olarak istedi\u011finiz modeli bulamad\u0131n\u0131z m\u0131? Endi\u015felenmeyin, bu sadece hen\u00fcz y\u00fcklemedi\u011fimiz anlam\u0131na geliyor. \u0130htiya\u00e7lar\u0131n\u0131z\u0131 bize e-posta ile bildirin, uzman m\u00fchendislerimiz 24 saat i\u00e7inde size \u00f6zel bir \u00e7\u00f6z\u00fcmle yan\u0131t verecektir. \u00dcretti\u011fimiz her ekipmanda hassasiyet, esneklik ve \u0130talyan esintili m\u00fckemmellik i\u00e7in FMP'yi tercih edin!<\/p>\n<\/div>","protected":false},"excerpt":{"rendered":"<p>What is Metal Internal Gear? Metal Internal Gear is a precision-engineered component widely used in mechanical systems, characterized by its teeth being cut into the inner surface of a cylindrical metal ring. Unlike external gears, internal gears mesh with external gears inside their circumference, enabling compact designs and efficient power transmission. Typically made from high-strength [&hellip;]<\/p>","protected":false},"featured_media":4641,"comment_status":"open","ping_status":"closed","template":"","meta":{"_et_pb_use_builder":"","_et_pb_old_content":"","_et_gb_content_width":""},"product_brand":[],"product_cat":[114],"product_tag":[],"class_list":{"0":"post-7773","1":"product","2":"type-product","3":"status-publish","4":"has-post-thumbnail","6":"product_cat-ring-gear","8":"first","9":"instock","10":"shipping-taxable","11":"product-type-simple"},"_links":{"self":[{"href":"https:\/\/fmp-components.com\/tr\/wp-json\/wp\/v2\/product\/7773","targetHints":{"allow":["GET"]}}],"collection":[{"href":"https:\/\/fmp-components.com\/tr\/wp-json\/wp\/v2\/product"}],"about":[{"href":"https:\/\/fmp-components.com\/tr\/wp-json\/wp\/v2\/types\/product"}],"replies":[{"embeddable":true,"href":"https:\/\/fmp-components.com\/tr\/wp-json\/wp\/v2\/comments?post=7773"}],"wp:featuredmedia":[{"embeddable":true,"href":"https:\/\/fmp-components.com\/tr\/wp-json\/wp\/v2\/media\/4641"}],"wp:attachment":[{"href":"https:\/\/fmp-components.com\/tr\/wp-json\/wp\/v2\/media?parent=7773"}],"wp:term":[{"taxonomy":"product_brand","embeddable":true,"href":"https:\/\/fmp-components.com\/tr\/wp-json\/wp\/v2\/product_brand?post=7773"},{"taxonomy":"product_cat","embeddable":true,"href":"https:\/\/fmp-components.com\/tr\/wp-json\/wp\/v2\/product_cat?post=7773"},{"taxonomy":"product_tag","embeddable":true,"href":"https:\/\/fmp-components.com\/tr\/wp-json\/wp\/v2\/product_tag?post=7773"}],"curies":[{"name":"wp","href":"https:\/\/api.w.org\/{rel}","templated":true}]}}