{"id":7760,"date":"2025-04-04T04:01:26","date_gmt":"2025-04-04T04:01:26","guid":{"rendered":"https:\/\/fmp-components.com\/?post_type=product&#038;p=7760"},"modified":"2025-04-04T05:33:52","modified_gmt":"2025-04-04T05:33:52","slug":"stainless-steel-ring-gear-for-wind-turbine","status":"publish","type":"product","link":"https:\/\/fmp-components.com\/tr\/product\/stainless-steel-ring-gear-for-wind-turbine\/","title":{"rendered":"R\u00fczgar T\u00fcrbini \u0130\u00e7in Paslanmaz \u00c7elik Halka Di\u015flisi"},"content":{"rendered":"<div>\n<h2 dir=\"auto\">Paslanmaz \u00c7elik Halkalar: R\u00fczgar T\u00fcrbinlerine G\u00fc\u00e7 Sa\u011flama<\/h2>\n<p class=\"break-words\" dir=\"auto\">Paslanmaz \u00e7elik halkalar, ola\u011fan\u00fcst\u00fc korozyon direnci, a\u015f\u0131nma dayan\u0131kl\u0131l\u0131\u011f\u0131 ve paslanmazl\u0131k \u00f6zellikleri nedeniyle modern m\u00fchendislikte kritik bile\u015fenlerdir. R\u00fczgar t\u00fcrbinlerinde, genellikle i\u00e7 di\u015fli \u00e7arklar olarak tasarlanan bu halkalar, hassas hareket ve zorlu \u00e7evre ko\u015fullar\u0131nda uzun vadeli g\u00fcvenilirlik sa\u011flayarak, d\u00f6n\u00fc\u015f ve e\u011fim sistemlerinde hayati bir rol oynar. Milano ve Bologna gibi \u015fehirlerde b\u00fcy\u00fcyen yenilenebilir enerji sekt\u00f6r\u00fcyle \u0130talya, s\u00fcrd\u00fcr\u00fclebilir enerji \u00fcretimi i\u00e7in bu t\u00fcr y\u00fcksek hassasiyetli bile\u015fenlere g\u00fcvenmektedir. Birinci s\u0131n\u0131f paslanmaz \u00e7elikten \u00fcretilen bu halkalar, Venedik'teki a\u011f\u0131r makinelerden denizcilik ekipmanlar\u0131na ve Floransa'daki havac\u0131l\u0131k yeniliklerine kadar zorlu uygulamalarda \u00fcst\u00fcn performans g\u00f6stererek, end\u00fcstriyel m\u00fckemmellik i\u00e7in vazge\u00e7ilmez hale gelmektedir.<\/p>\n<\/div>\n<table class=\"aliDataTable\" style=\"width: 100.293%;\" border=\"1\">\n<tbody>\n<tr>\n<td style=\"width: 374.349%;\" colspan=\"2\">\n<div><b data-spm-anchor-id=\"a2700.details.0.i27.bf425d5dOqoAqD\">\u00d6zellikler<\/b><\/div>\n<\/td>\n<\/tr>\n<tr>\n<td style=\"width: 33.7449%;\">\n<div>\u015eekil<\/div>\n<\/td>\n<td style=\"width: 340.604%;\">\n<div><a href=\"https:\/\/fmp-components.com\/tr\/ring-gear\/\">Halka Di\u015fli<\/a><\/div>\n<\/td>\n<\/tr>\n<tr>\n<td style=\"width: 33.7449%;\">\n<div>Di\u015f Profili<\/div>\n<\/td>\n<td style=\"width: 340.604%;\">i\u00e7e do\u011fru k\u0131vr\u0131lm\u0131\u015f<\/td>\n<\/tr>\n<tr>\n<td style=\"width: 33.7449%;\">\n<div>Tan\u0131m<\/div>\n<\/td>\n<td style=\"width: 340.604%;\">\n<div>\u0130letim Di\u015fli Halkas\u0131<\/div>\n<\/td>\n<\/tr>\n<tr>\n<td style=\"width: 33.7449%;\">\n<div>Boyut<\/div>\n<\/td>\n<td style=\"width: 340.604%;\">\n<div>\u00c7izime g\u00f6re<\/div>\n<\/td>\n<\/tr>\n<\/tbody>\n<\/table>\n<div><\/div>\n<div>\n<div id=\"3u9z5\">\n<div id=\"ali-anchor-AliMaya-kiqiy\" data-section=\"AliMaya-kiqiy\" data-section-title=\"Technical Detail\" data-spm-anchor-id=\"a2700.details.0.i29.bf425d5dOqoAqD\">Teknik Detay<\/div>\n<\/div>\n<div>\n<div id=\"6re8y\">\n<table class=\"aliDataTable\" style=\"width: 99.9363%;\" border=\"1\">\n<tbody>\n<tr>\n<td style=\"width: 16.5312%;\" rowspan=\"3\">\n<div>\n<div><\/div>\n<div><\/div>\n<div>Se\u00e7ilen Malzeme<\/div>\n<\/div>\n<\/td>\n<td style=\"width: 18.6992%;\">\n<div>Karbon \u00c7elik<\/div>\n<\/td>\n<td style=\"width: 90.1521%;\">\n<div>SAE1020, SAE1045, Cr12, 40Cr, Y15Pb, 1214L vb.<\/div>\n<\/td>\n<\/tr>\n<tr>\n<td style=\"width: 18.6992%;\">\n<div>Ala\u015f\u0131ml\u0131 \u00c7elik<\/div>\n<\/td>\n<td style=\"width: 90.1521%;\">\n<div>20CrMnTi, 16MnCr5, 20CrMnMo, 41CrMo, 17CrNiMo5 vb.<\/div>\n<\/td>\n<\/tr>\n<tr>\n<td style=\"width: 18.6992%;\">\n<div>Pirin\u00e7\/Bronz<\/div>\n<\/td>\n<td style=\"width: 90.1521%;\">\n<div>HPb59-1, H70, CuZn39Pb2, CuZn40Pb2, C38000, CuZn40 vb.<\/div>\n<\/td>\n<\/tr>\n<tr>\n<td style=\"width: 16.5312%;\">\n<div>\n<div>Mod\u00fcller<\/div>\n<\/div>\n<\/td>\n<td style=\"width: 108.851%;\" colspan=\"2\">\n<div>1.0, 1.25, 1.5, 1.75, 2.0, 2.25, 2.5\u2026.8.0 vb.<\/div>\n<\/td>\n<\/tr>\n<tr>\n<td style=\"width: 16.5312%;\">\n<div>\n<div>\u0130\u015fleme S\u00fcreci<\/div>\n<\/div>\n<\/td>\n<td style=\"width: 108.851%;\" colspan=\"2\">\n<div>Di\u015fli Azd\u0131rma, Di\u015fli Frezeleme, Di\u015fli \u015eekillendirme, Di\u015fli Bro\u015flama,<br \/>\nDi\u015fli T\u0131ra\u015flama, Di\u015fli Ta\u015flama ve Di\u015fli Parlatma<\/div>\n<\/td>\n<\/tr>\n<tr>\n<td style=\"width: 16.5312%;\" rowspan=\"2\">\n<div>\n<div><\/div>\n<div>Tolerans Kontrol\u00fc<\/div>\n<\/div>\n<\/td>\n<td style=\"width: 18.6992%;\">\n<div>D\u0131\u015f \u00c7ap<\/div>\n<\/td>\n<td style=\"width: 90.1521%;\">\n<div>\u00b10,005 mm<\/div>\n<\/td>\n<\/tr>\n<tr>\n<td style=\"width: 18.6992%;\">\n<div>Uzunluk Boyutu<\/div>\n<\/td>\n<td style=\"width: 90.1521%;\">\n<div>\u00b10,05 mm<\/div>\n<\/td>\n<\/tr>\n<tr>\n<td style=\"width: 16.5312%;\">\n<div>\n<div>Is\u0131l \u0130\u015flem<\/div>\n<\/div>\n<\/td>\n<td style=\"width: 108.851%;\" colspan=\"2\">\n<div>Sertle\u015ftirme ve Tavlama, Karb\u00fcrleme ve Sertle\u015ftirme, Y\u00fcksek Frekansl\u0131 Sertle\u015ftirme, Karbonitr\u00fcrleme\u2026<\/div>\n<\/td>\n<\/tr>\n<tr>\n<td style=\"width: 16.5312%;\">\n<div>\n<div>Di\u015f Do\u011frulu\u011fu<\/div>\n<\/div>\n<\/td>\n<td style=\"width: 108.851%;\" colspan=\"2\">\n<div>DIN S\u0131n\u0131f 4, ISO\/GB S\u0131n\u0131f 4, AGMA S\u0131n\u0131f 13, JIS S\u0131n\u0131f 0<\/div>\n<\/td>\n<\/tr>\n<tr>\n<td style=\"width: 16.5312%;\">\n<div>\n<div>Y\u00fczey \u0130\u015flem<\/div>\n<\/div>\n<\/td>\n<td style=\"width: 108.851%;\" colspan=\"2\">\n<div>Karartma, Parlatma, Eloksal Kaplama, Krom Kaplama, \u00c7inko Kaplama, Nikel Kaplama\u2026<\/div>\n<\/td>\n<\/tr>\n<\/tbody>\n<\/table>\n<div class=\"sliderTable mt10 mb10 sliderTable-index0 change-to-org\">\n<div class=\"inner\">\n<table border=\"1\" width=\"100%\">\n<tbody>\n<tr class=\"firstRow\">\n<th colspan=\"2\" valign=\"top\">Di\u015fli Temel Verileri<\/th>\n<\/tr>\n<tr>\n<td valign=\"center\">Di\u015fli Di\u015f \u015eekli<\/td>\n<td valign=\"center\">i\u00e7e do\u011fru k\u0131vr\u0131lm\u0131\u015f<\/td>\n<\/tr>\n<tr>\n<td valign=\"center\">Di\u015fli Malzemesi<\/td>\n<td valign=\"center\">42CrMo<\/td>\n<\/tr>\n<tr>\n<td valign=\"center\">Di\u015fli \u0130\u015flemi<\/td>\n<td valign=\"center\">sisleme, kal\u0131c\u0131, di\u015f frezeleme, i\u00e7 ve d\u00fczlem ta\u015flama, di\u015f ta\u015flama<\/td>\n<\/tr>\n<tr>\n<td valign=\"center\">Bas\u0131n\u00e7 A\u00e7\u0131s\u0131<\/td>\n<td valign=\"center\">20\u00b0<\/td>\n<\/tr>\n<tr>\n<td valign=\"center\">Kalite seviyesi<\/td>\n<td valign=\"center\">DIN 3962 s\u0131n\u0131f 7<\/td>\n<\/tr>\n<tr>\n<td valign=\"center\">Di\u015fli Tipi<\/td>\n<td valign=\"center\">Mn=6, Z=109, \u03b2=0\u00b0, X=-0.25<\/td>\n<\/tr>\n<\/tbody>\n<\/table>\n<\/div>\n<\/div>\n<p>D\u0130\u015eL\u0130\/SPLINE'IN YETENEKLER\u0130<\/p>\n<div class=\"sliderTable mt10 mb10 sliderTable-index1 change-to-org\">\n<div class=\"inner\">\n<table border=\"1\" width=\"100%\">\n<tbody>\n<tr class=\"firstRow\">\n<th colspan=\"4\" valign=\"top\">\u0130\u00c7 D\u0130\u015eL\u0130LER VE \u0130\u00c7 D\u0130\u015eL\u0130LER<\/th>\n<\/tr>\n<tr>\n<td valign=\"top\"><\/td>\n<td valign=\"top\">\u00d6\u011e\u00dcTME<\/td>\n<td valign=\"top\">\u015eEK\u0130LLEND\u0130RME<\/td>\n<td valign=\"top\">D\u0130\u015e GICIRDATMA<\/td>\n<\/tr>\n<tr>\n<td valign=\"top\">Maksimum OD<\/td>\n<td valign=\"top\">2500 mm<\/td>\n<td valign=\"top\">2500 mm<\/td>\n<td valign=\"top\">2500 mm<\/td>\n<\/tr>\n<tr>\n<td valign=\"top\">Minimum Kimlik<\/td>\n<td valign=\"top\">650 mm<\/td>\n<td valign=\"top\">50 mm<\/td>\n<td valign=\"top\">100 mm<\/td>\n<\/tr>\n<tr>\n<td valign=\"top\">Maksimum Y\u00fcz Geni\u015fli\u011fi<\/td>\n<td valign=\"top\">500 mm<\/td>\n<td valign=\"top\">500 mm<\/td>\n<td valign=\"top\">500 mm<\/td>\n<\/tr>\n<tr>\n<td valign=\"top\">Maksimum \u00c7apsal E\u011fim<\/td>\n<td valign=\"top\">DP 1<\/td>\n<td valign=\"top\">DP 1<\/td>\n<td valign=\"top\">DP 0,5<\/td>\n<\/tr>\n<tr>\n<td valign=\"top\">Maksimum Mod\u00fcl<\/td>\n<td valign=\"top\">26 mm<\/td>\n<td valign=\"top\">26 mm<\/td>\n<td valign=\"top\">45 mm<\/td>\n<\/tr>\n<tr>\n<td valign=\"top\">AGMA Seviyesi\/ DIN Seviyesi<\/td>\n<td valign=\"top\">DIN S\u0131n\u0131f 8<\/td>\n<td valign=\"top\">DIN S\u0131n\u0131f 8<\/td>\n<td valign=\"top\">DIN S\u0131n\u0131f 4<\/td>\n<\/tr>\n<tr>\n<td valign=\"top\">Di\u015f Y\u00fczeyi Kaplamas\u0131<\/td>\n<td valign=\"top\">Ra 3.2<\/td>\n<td valign=\"top\">Ra 3.2<\/td>\n<td valign=\"top\">Ra 0.6<\/td>\n<\/tr>\n<tr>\n<td valign=\"top\">Maksimum Helis A\u00e7\u0131s\u0131<\/td>\n<td valign=\"top\">\u00b122,5\u00b0<\/td>\n<td valign=\"top\">\u00b122,5\u00b0<\/td>\n<td valign=\"top\">\u00b145\u00b0<\/td>\n<\/tr>\n<tr>\n<th colspan=\"4\" valign=\"top\">DI\u015e D\u0130\u015eL\u0130LER VE DI\u015e D\u0130\u015eL\u0130LER<\/th>\n<\/tr>\n<tr>\n<td valign=\"top\"><\/td>\n<td valign=\"top\">HOBBING<\/td>\n<td valign=\"top\">\u00d6\u011e\u00dcTME<\/td>\n<td valign=\"top\">D\u0130\u015e GICIRDATMA<\/td>\n<\/tr>\n<tr>\n<td valign=\"top\">Maksimum OD<\/td>\n<td valign=\"top\">1250 mm<\/td>\n<td valign=\"top\">2500 mm<\/td>\n<td valign=\"top\">2500 mm<\/td>\n<\/tr>\n<tr>\n<td valign=\"top\">Minimum OD<\/td>\n<td valign=\"top\">20 mm<\/td>\n<td valign=\"top\">200 mm<\/td>\n<td valign=\"top\">20 mm<\/td>\n<\/tr>\n<tr>\n<td valign=\"top\">Maksimum Y\u00fcz Geni\u015fli\u011fi<\/td>\n<td valign=\"top\">500 mm<\/td>\n<td valign=\"top\">500 mm<\/td>\n<td valign=\"top\">1480 mm<\/td>\n<\/tr>\n<tr>\n<td valign=\"top\">Maksimum \u00c7apsal E\u011fim<\/td>\n<td valign=\"top\">DP 1<\/td>\n<td valign=\"top\">DP 1<\/td>\n<td valign=\"top\">DP 0,5<\/td>\n<\/tr>\n<tr>\n<td valign=\"top\">Maksimum Mod\u00fcl<\/td>\n<td valign=\"top\">26 mm<\/td>\n<td valign=\"top\">26 mm<\/td>\n<td valign=\"top\">45 mm<\/td>\n<\/tr>\n<tr>\n<td valign=\"top\">AGMA Seviyesi\/ DIN Seviyesi<\/td>\n<td valign=\"top\">DIN S\u0131n\u0131f 8<\/td>\n<td valign=\"top\">DIN S\u0131n\u0131f 8<\/td>\n<td valign=\"top\">DIN S\u0131n\u0131f 4<\/td>\n<\/tr>\n<tr>\n<td valign=\"top\">Di\u015f Y\u00fczeyi Kaplamas\u0131<\/td>\n<td valign=\"top\">Ra 3.2<\/td>\n<td valign=\"top\">Ra 3.2<\/td>\n<td valign=\"top\">Ra 0.6<\/td>\n<\/tr>\n<tr>\n<td valign=\"top\">Maksimum Helis A\u00e7\u0131s\u0131<\/td>\n<td valign=\"top\">\u00b145\u00b0<\/td>\n<td valign=\"top\">\u00b145\u00b0<\/td>\n<td valign=\"top\">\u00b145\u00b0<\/td>\n<\/tr>\n<\/tbody>\n<\/table>\n<p><span style=\"color: #333333; font-size: 22px;\">FMP: Birinci S\u0131n\u0131f Paslanmaz \u00c7elik Di\u015fli \u00c7arklar\u0131 \u0130\u00e7in Kayna\u011f\u0131n\u0131z<\/span><\/p>\n<div>\n<p class=\"break-words\" dir=\"auto\">FMP, geni\u015f bir yelpazede y\u00fcksek kaliteli a\u011f\u0131r makine bile\u015fenleri de dahil olmak \u00fczere, \u00f6nde gelen bir \u00fcretici, ihracat\u00e7\u0131 ve tedarik\u00e7idir. <strong>halka di\u015flileri<\/strong> Paslanmaz \u00e7elikten \u00fcretilmi\u015ftir. \u0130talya merkezli firmam\u0131z, Milano, Venedik, Floransa ve Bologna'daki end\u00fcstrilere, a\u015f\u0131nmaya dayan\u0131kl\u0131, dayan\u0131kl\u0131 y\u00fczey i\u015flemleriyle korozyonu en aza indiren ve uzun \u00f6m\u00fcrl\u00fcl\u00fc\u011f\u00fc en \u00fcst d\u00fczeye \u00e7\u0131karan sa\u011flam \u00fcr\u00fcnler sunmaktad\u0131r; \u00fcstelik rekabet\u00e7i fiyatlarla. Uzmanl\u0131\u011f\u0131m\u0131z, \u015feker fabrikas\u0131 di\u015flileri, mekanik halka di\u015flileri ve r\u00fczgar t\u00fcrbinleri i\u00e7in \u00f6zel paslanmaz \u00e7elik halkalar i\u00e7in \u00f6zel \u00e7\u00f6z\u00fcmleri kapsamaktad\u0131r. \u0130ster Bologna'da yenilenebilir enerji projelerine g\u00fc\u00e7 veriyor olun, ister Venedik'te denizcilik sistemlerine, FMP, en y\u00fcksek performans\u0131 ve yap\u0131sal b\u00fct\u00fcnl\u00fc\u011f\u00fc sa\u011flayarak, tam spesifikasyonlar\u0131n\u0131za uygun \u00f6zel tasar\u0131mlar sunar.<\/p>\n<\/div>\n<table style=\"border-collapse: collapse; width: 100.345%; height: 5px;\" border=\"0\" width=\"243\" cellspacing=\"0\" cellpadding=\"0\">\n<tbody>\n<tr style=\"height: 14.40pt;\">\n<td style=\"height: 14.4pt; width: 33.2978%;\" align=\"right\" width=\"81\" height=\"24\">\u00a0<img loading=\"lazy\" decoding=\"async\" class=\"alignnone size-full wp-image-7766\" src=\"https:\/\/fmp-components.com\/wp-content\/uploads\/2025\/04\/Stainless_Steel_Ring_Gear_For_Wind_Turbine_1.webp\" alt=\"R\u00fczgar T\u00fcrbini \u0130\u00e7in Paslanmaz \u00c7elik Halka Di\u015fli\" width=\"1024\" height=\"1024\" title=\"\" srcset=\"https:\/\/fmp-components.com\/wp-content\/uploads\/2025\/04\/Stainless_Steel_Ring_Gear_For_Wind_Turbine_1.webp 1024w, https:\/\/fmp-components.com\/wp-content\/uploads\/2025\/04\/Stainless_Steel_Ring_Gear_For_Wind_Turbine_1-980x980.webp 980w, https:\/\/fmp-components.com\/wp-content\/uploads\/2025\/04\/Stainless_Steel_Ring_Gear_For_Wind_Turbine_1-480x480.webp 480w\" sizes=\"(min-width: 0px) and (max-width: 480px) 480px, (min-width: 481px) and (max-width: 980px) 980px, (min-width: 981px) 1024px, 100vw\" \/><\/td>\n<td style=\"width: 33.2978%;\" align=\"right\" width=\"81\"><img loading=\"lazy\" decoding=\"async\" class=\"alignnone size-full wp-image-7765\" src=\"https:\/\/fmp-components.com\/wp-content\/uploads\/2025\/04\/Stainless_Steel_Ring_Gear_For_Wind_Turbine_3.webp\" alt=\"R\u00fczgar T\u00fcrbini \u0130\u00e7in Paslanmaz \u00c7elik Halka Di\u015fli\" width=\"1024\" height=\"1024\" title=\"\" srcset=\"https:\/\/fmp-components.com\/wp-content\/uploads\/2025\/04\/Stainless_Steel_Ring_Gear_For_Wind_Turbine_3.webp 1024w, https:\/\/fmp-components.com\/wp-content\/uploads\/2025\/04\/Stainless_Steel_Ring_Gear_For_Wind_Turbine_3-980x980.webp 980w, https:\/\/fmp-components.com\/wp-content\/uploads\/2025\/04\/Stainless_Steel_Ring_Gear_For_Wind_Turbine_3-480x480.webp 480w\" sizes=\"(min-width: 0px) and (max-width: 480px) 480px, (min-width: 481px) and (max-width: 980px) 980px, (min-width: 981px) 1024px, 100vw\" \/><\/td>\n<td style=\"width: 33.2978%;\" align=\"right\" width=\"81\"><img loading=\"lazy\" decoding=\"async\" class=\"alignnone size-full wp-image-7767\" src=\"https:\/\/fmp-components.com\/wp-content\/uploads\/2025\/04\/Stainless_Steel_Ring_Gear_For_Wind_Turbine_2.webp\" alt=\"R\u00fczgar T\u00fcrbini \u0130\u00e7in Paslanmaz \u00c7elik Halka Di\u015fli\" width=\"1024\" height=\"1024\" title=\"\" srcset=\"https:\/\/fmp-components.com\/wp-content\/uploads\/2025\/04\/Stainless_Steel_Ring_Gear_For_Wind_Turbine_2.webp 1024w, https:\/\/fmp-components.com\/wp-content\/uploads\/2025\/04\/Stainless_Steel_Ring_Gear_For_Wind_Turbine_2-980x980.webp 980w, https:\/\/fmp-components.com\/wp-content\/uploads\/2025\/04\/Stainless_Steel_Ring_Gear_For_Wind_Turbine_2-480x480.webp 480w\" sizes=\"(min-width: 0px) and (max-width: 480px) 480px, (min-width: 481px) and (max-width: 980px) 980px, (min-width: 981px) 1024px, 100vw\" \/><\/td>\n<\/tr>\n<\/tbody>\n<\/table>\n<div>\n<h3 class=\"\" dir=\"auto\">FMP'den \u00d6zel Sipari\u015fler ve H\u0131zl\u0131 Destek<\/h3>\n<p class=\"break-words\" dir=\"auto\">R\u00fczgar t\u00fcrbininiz veya di\u011fer uygulamalar\u0131n\u0131z i\u00e7in ihtiyac\u0131n\u0131z olan paslanmaz \u00e7elik halka di\u015fli modelini bulam\u0131yor musunuz? FMP olarak, \u00e7ok \u00e7e\u015fitli halka di\u015fliler \u00fcretiyoruz ve benzersiz gereksinimlerinize uygun \u00f6zel sipari\u015fleri memnuniyetle kar\u015f\u0131l\u0131yoruz. \u0130stedi\u011finiz model listede yoksa, muhtemelen hen\u00fcz y\u00fcklemedik demektir; \u00f6zelliklerinizi bize e-posta ile g\u00f6nderin, uzman m\u00fchendislerimiz 24 saat i\u00e7inde bir \u00e7\u00f6z\u00fcmle size yan\u0131t verecektir. Milano, Floransa, Venedik ve Bologna gibi \u0130talya'n\u0131n sanayi merkezlerine hizmet veren firmam\u0131z, projelerinizi hassasiyet ve h\u0131zla desteklemeye kendini adam\u0131\u015ft\u0131r. Se\u00e7kin paslanmaz \u00e7elik halka di\u015flilerimizle r\u00fczgar t\u00fcrbini sistemlerinizi geli\u015ftirmek i\u00e7in bug\u00fcn FMP ile ileti\u015fime ge\u00e7in!<\/p>\n<\/div>\n<\/div>\n<\/div>\n<\/div>\n<\/div>\n<\/div>","protected":false},"excerpt":{"rendered":"<p>Stainless Steel Rings: Powering Wind Turbines Stainless steel rings are critical components in modern engineering, prized for their exceptional corrosion resistance, wear durability, and rust-proof properties. In wind turbines, these rings\u2014often designed as internal ring gears\u2014play a vital role in the yaw and pitch systems, ensuring precise movement and long-term reliability under harsh environmental conditions. [&hellip;]<\/p>","protected":false},"featured_media":7766,"comment_status":"open","ping_status":"closed","template":"","meta":{"_et_pb_use_builder":"","_et_pb_old_content":"","_et_gb_content_width":""},"product_brand":[],"product_cat":[114],"product_tag":[],"class_list":{"0":"post-7760","1":"product","2":"type-product","3":"status-publish","4":"has-post-thumbnail","6":"product_cat-ring-gear","8":"first","9":"instock","10":"shipping-taxable","11":"product-type-simple"},"_links":{"self":[{"href":"https:\/\/fmp-components.com\/tr\/wp-json\/wp\/v2\/product\/7760","targetHints":{"allow":["GET"]}}],"collection":[{"href":"https:\/\/fmp-components.com\/tr\/wp-json\/wp\/v2\/product"}],"about":[{"href":"https:\/\/fmp-components.com\/tr\/wp-json\/wp\/v2\/types\/product"}],"replies":[{"embeddable":true,"href":"https:\/\/fmp-components.com\/tr\/wp-json\/wp\/v2\/comments?post=7760"}],"wp:featuredmedia":[{"embeddable":true,"href":"https:\/\/fmp-components.com\/tr\/wp-json\/wp\/v2\/media\/7766"}],"wp:attachment":[{"href":"https:\/\/fmp-components.com\/tr\/wp-json\/wp\/v2\/media?parent=7760"}],"wp:term":[{"taxonomy":"product_brand","embeddable":true,"href":"https:\/\/fmp-components.com\/tr\/wp-json\/wp\/v2\/product_brand?post=7760"},{"taxonomy":"product_cat","embeddable":true,"href":"https:\/\/fmp-components.com\/tr\/wp-json\/wp\/v2\/product_cat?post=7760"},{"taxonomy":"product_tag","embeddable":true,"href":"https:\/\/fmp-components.com\/tr\/wp-json\/wp\/v2\/product_tag?post=7760"}],"curies":[{"name":"wp","href":"https:\/\/api.w.org\/{rel}","templated":true}]}}