{"id":7748,"date":"2025-04-04T02:01:13","date_gmt":"2025-04-04T02:01:13","guid":{"rendered":"https:\/\/fmp-components.com\/?post_type=product&#038;p=7748"},"modified":"2025-04-04T05:32:58","modified_gmt":"2025-04-04T05:32:58","slug":"helical-angle-7-internal-helical-ring-gear-2","status":"publish","type":"product","link":"https:\/\/fmp-components.com\/tr\/product\/helical-angle-7-internal-helical-ring-gear-2\/","title":{"rendered":"Helisel a\u00e7\u0131 7 Dahili Helisel Halka Di\u015fli"},"content":{"rendered":"<div class=\"J_module\">\n<div class=\"detail-decorate-json-renderer-container\">\n<div class=\"magic-1\">\n<div class=\"magic-2\">\n<div class=\"magic-3\">\n<div class=\"magic-4\">\n<div>\n<h2 dir=\"auto\">Helisel A\u00e7\u0131 7 \u0130\u00e7ten Helisel Halka Di\u015flisi nedir?<\/h2>\n<p class=\"break-words\" dir=\"auto\">\u0130\u00e7sel bir sarmal <a href=\"https:\/\/fmp-components.com\/tr\/ring-gear\/\">halka di\u015flisi<\/a> 7 derecelik helis a\u00e7\u0131s\u0131na sahip di\u015fliler, minimum eksenel itme kuvveti ve d\u00fczg\u00fcn \u00e7al\u0131\u015fma i\u00e7in tasarlanm\u0131\u015f, halkan\u0131n i\u00e7 k\u0131sm\u0131nda d\u00fc\u015f\u00fck a\u00e7\u0131yla kesilmi\u015f di\u015flere sahiptir. Bu tip, sessiz performans ve y\u00fcksek y\u00fck kapasitesinin esas oldu\u011fu otomotiv \u015fanz\u0131manlar\u0131 gibi planet di\u015fli sistemlerinde s\u0131kl\u0131kla kullan\u0131l\u0131r. Tipik aral\u0131klardan (genellikle tek helisel di\u015fliler i\u00e7in 12\u00b0-20\u00b0) daha d\u00fc\u015f\u00fck olan 7 derecelik a\u00e7\u0131, belirli d\u00fc\u015f\u00fck itme kuvveti gerektiren uygulamalar i\u00e7in uygun olabilir, ancak bu a\u00e7\u0131ya ili\u015fkin kesin ayr\u0131nt\u0131lar standart kaynaklarda daha az yayg\u0131nd\u0131r.<\/p>\n<\/div>\n<h3 class=\"magic-5\" data-spm-anchor-id=\"a2700.details.0.i31.212e5440VhHX7p\">Di\u015fli\/Kamal\u0131 Mil Yetene\u011fi<\/h3>\n<\/div>\n<\/div>\n<\/div>\n<\/div>\n<\/div>\n<\/div>\n<div class=\"J_module\">\n<div class=\"ife-detail-decorate-table\">\n<table class=\"all magic-7\" style=\"width: 101.538%; height: 278px;\" border=\"1\">\n<tbody>\n<tr style=\"height: 23px;\">\n<td style=\"height: 23px; width: 215.138%;\" colspan=\"4\" rowspan=\"1\">\n<div class=\"magic-8\">\n<div class=\"magic-5\" data-spm-anchor-id=\"a2700.siteadmin.0.i174.58853333j5JHlI\"><strong>\u0130\u00e7 di\u015fliler ve i\u00e7 yivler<\/strong><\/div>\n<\/div>\n<\/td>\n<\/tr>\n<tr style=\"height: 47px;\">\n<td style=\"height: 47px; width: 37.3853%;\" colspan=\"1\" rowspan=\"1\">\n<div class=\"magic-13\"><\/div>\n<\/td>\n<td style=\"height: 47px; width: 18.578%;\" colspan=\"1\" rowspan=\"1\">\n<div class=\"magic-10\">\n<div class=\"magic-5\"><span class=\"magic-14\">Di\u015f Frezeleme<\/span><\/div>\n<\/div>\n<\/td>\n<td style=\"height: 47px; width: 21.1009%;\" colspan=\"1\" rowspan=\"1\">\n<div class=\"magic-11\">\n<div class=\"magic-5\"><span class=\"magic-14\">Di\u015f \u015eekillendirme<\/span><\/div>\n<\/div>\n<\/td>\n<td style=\"height: 47px; width: 138.073%;\" colspan=\"1\" rowspan=\"1\">\n<div class=\"magic-15\">\n<div class=\"magic-5\"><span class=\"magic-14\">Di\u015f g\u0131c\u0131rdatma<\/span><\/div>\n<\/div>\n<\/td>\n<\/tr>\n<tr style=\"height: 23px;\">\n<td style=\"height: 23px; width: 37.3853%;\" colspan=\"1\" rowspan=\"1\">\n<div class=\"magic-13\"><span class=\"magic-14\">Maksimum OD<\/span><\/div>\n<\/td>\n<td style=\"height: 23px; width: 18.578%;\" colspan=\"1\" rowspan=\"1\">\n<div class=\"magic-10\"><span class=\"magic-14\">2500 mm<\/span><\/div>\n<\/td>\n<td style=\"height: 23px; width: 21.1009%;\" colspan=\"1\" rowspan=\"1\">\n<div class=\"magic-11\"><span class=\"magic-14\">2500 mm<\/span><\/div>\n<\/td>\n<td style=\"height: 23px; width: 138.073%;\" colspan=\"1\" rowspan=\"1\">\n<div class=\"magic-15\"><span class=\"magic-14\">2500 mm<\/span><\/div>\n<\/td>\n<\/tr>\n<tr style=\"height: 23px;\">\n<td style=\"height: 23px; width: 37.3853%;\" colspan=\"1\" rowspan=\"1\">\n<div class=\"magic-13\"><span class=\"magic-14\">Minimum Kimlik<\/span><\/div>\n<\/td>\n<td style=\"height: 23px; width: 18.578%;\" colspan=\"1\" rowspan=\"1\">\n<div class=\"magic-10\"><span class=\"magic-14\">650 mm<\/span><\/div>\n<\/td>\n<td style=\"height: 23px; width: 21.1009%;\" colspan=\"1\" rowspan=\"1\">\n<div class=\"magic-11\"><span class=\"magic-14\">50 mm<\/span><\/div>\n<\/td>\n<td style=\"height: 23px; width: 138.073%;\" colspan=\"1\" rowspan=\"1\">\n<div class=\"magic-15\"><span class=\"magic-14\">100 mm<\/span><\/div>\n<\/td>\n<\/tr>\n<tr style=\"height: 23px;\">\n<td style=\"height: 23px; width: 37.3853%;\" colspan=\"1\" rowspan=\"1\">\n<div class=\"magic-13\"><span class=\"magic-14\">Maksimum Y\u00fcz Geni\u015fli\u011fi<\/span><\/div>\n<\/td>\n<td style=\"height: 23px; width: 18.578%;\" colspan=\"1\" rowspan=\"1\">\n<div class=\"magic-10\"><span class=\"magic-14\">500 mm<\/span><\/div>\n<\/td>\n<td style=\"height: 23px; width: 21.1009%;\" colspan=\"1\" rowspan=\"1\">\n<div class=\"magic-11\"><span class=\"magic-14\">500 mm<\/span><\/div>\n<\/td>\n<td style=\"height: 23px; width: 138.073%;\" colspan=\"1\" rowspan=\"1\">\n<div class=\"magic-15\"><span class=\"magic-14\">500 mm<\/span><\/div>\n<\/td>\n<\/tr>\n<tr style=\"height: 23px;\">\n<td style=\"height: 23px; width: 37.3853%;\" colspan=\"1\" rowspan=\"1\">\n<div class=\"magic-13\"><span class=\"magic-14\">Maksimum \u00c7apsal E\u011fim<\/span><\/div>\n<\/td>\n<td style=\"height: 23px; width: 18.578%;\" colspan=\"1\" rowspan=\"1\">\n<div class=\"magic-10\"><span class=\"magic-14\">DP1<\/span><\/div>\n<\/td>\n<td style=\"height: 23px; width: 21.1009%;\" colspan=\"1\" rowspan=\"1\">\n<div class=\"magic-11\"><span class=\"magic-14\">DP1<\/span><\/div>\n<\/td>\n<td style=\"height: 23px; width: 138.073%;\" colspan=\"1\" rowspan=\"1\">\n<div class=\"magic-15\"><span class=\"magic-14\">DP0.5<\/span><\/div>\n<\/td>\n<\/tr>\n<tr style=\"height: 23px;\">\n<td style=\"height: 23px; width: 37.3853%;\" colspan=\"1\" rowspan=\"1\">\n<div class=\"magic-13\"><span class=\"magic-14\">Maksimum Mod\u00fcl<\/span><\/div>\n<\/td>\n<td style=\"height: 23px; width: 18.578%;\" colspan=\"1\" rowspan=\"1\">\n<div class=\"magic-10\"><span class=\"magic-14\">26 mm<\/span><\/div>\n<\/td>\n<td style=\"height: 23px; width: 21.1009%;\" colspan=\"1\" rowspan=\"1\">\n<div class=\"magic-11\"><span class=\"magic-14\">26 mm<\/span><\/div>\n<\/td>\n<td style=\"height: 23px; width: 138.073%;\" colspan=\"1\" rowspan=\"1\">\n<div class=\"magic-15\"><span class=\"magic-14\">45 mm<\/span><\/div>\n<\/td>\n<\/tr>\n<tr style=\"height: 47px;\">\n<td style=\"height: 47px; width: 37.3853%;\" colspan=\"1\" rowspan=\"1\">\n<div class=\"magic-13\"><span class=\"magic-14\">AGMA S\u0131n\u0131f\u0131 \/ DIN S\u0131n\u0131f\u0131<\/span><\/div>\n<\/td>\n<td style=\"height: 47px; width: 18.578%;\" colspan=\"1\" rowspan=\"1\">\n<div class=\"magic-10\"><span class=\"magic-14\">DIN 8. s\u0131n\u0131f<\/span><\/div>\n<\/td>\n<td style=\"height: 47px; width: 21.1009%;\" colspan=\"1\" rowspan=\"1\">\n<div class=\"magic-11\"><span class=\"magic-14\">DIN 8. s\u0131n\u0131f<\/span><\/div>\n<\/td>\n<td style=\"height: 47px; width: 138.073%;\" colspan=\"1\" rowspan=\"1\">\n<div class=\"magic-15\"><span class=\"magic-14\">DIN s\u0131n\u0131f\u0131 4<\/span><\/div>\n<\/td>\n<\/tr>\n<tr style=\"height: 23px;\">\n<td style=\"height: 23px; width: 37.3853%;\" colspan=\"1\" rowspan=\"1\">\n<div class=\"magic-13\"><span class=\"magic-14\">Di\u015f Kaplamas\u0131<\/span><\/div>\n<\/td>\n<td style=\"height: 23px; width: 18.578%;\" colspan=\"1\" rowspan=\"1\">\n<div class=\"magic-10\"><span class=\"magic-14\">Ra 3.2<\/span><\/div>\n<\/td>\n<td style=\"height: 23px; width: 21.1009%;\" colspan=\"1\" rowspan=\"1\">\n<div class=\"magic-11\"><span class=\"magic-14\">Ra 3.2<\/span><\/div>\n<\/td>\n<td style=\"height: 23px; width: 138.073%;\" colspan=\"1\" rowspan=\"1\">\n<div class=\"magic-15\"><span class=\"magic-14\">Ra 0.6<\/span><\/div>\n<\/td>\n<\/tr>\n<tr style=\"height: 23px;\">\n<td style=\"height: 23px; width: 37.3853%;\" colspan=\"1\" rowspan=\"1\">\n<div class=\"magic-13\"><span class=\"magic-14\">Maksimum Helis A\u00e7\u0131s\u0131<\/span><\/div>\n<\/td>\n<td style=\"height: 23px; width: 18.578%;\" colspan=\"1\" rowspan=\"1\">\n<div class=\"magic-10\"><span class=\"magic-14\">\u00b122,5\u00b0<\/span><\/div>\n<\/td>\n<td style=\"height: 23px; width: 21.1009%;\" colspan=\"1\" rowspan=\"1\">\n<div class=\"magic-11\"><span class=\"magic-14\">\u00b122,5\u00b0<\/span><\/div>\n<\/td>\n<td style=\"height: 23px; width: 138.073%;\" colspan=\"1\" rowspan=\"1\">\n<div class=\"magic-15\"><span class=\"magic-14\">\u00b145\u00b0<\/span><\/div>\n<\/td>\n<\/tr>\n<\/tbody>\n<\/table>\n<\/div>\n<\/div>\n<div class=\"J_module\">\n<div class=\"ife-detail-decorate-table\">\n<table class=\"all magic-7\" style=\"width: 101.751%; height: 259px;\" border=\"1\">\n<tbody>\n<tr>\n<td style=\"width: 231.63%;\" colspan=\"4\" rowspan=\"1\">\n<div class=\"magic-16\">\n<div class=\"magic-5\" data-spm-anchor-id=\"a2700.siteadmin.0.i170.58853333j5JHlI\"><strong>D\u0131\u015f di\u015fliler ve d\u0131\u015f yivler<\/strong><\/div>\n<\/div>\n<\/td>\n<\/tr>\n<tr>\n<td style=\"width: 39.9027%;\" colspan=\"1\" rowspan=\"1\">\n<div class=\"magic-19\"><span class=\"magic-14\">Maksimum OD<\/span><\/div>\n<\/td>\n<td style=\"width: 19.2214%;\" colspan=\"1\" rowspan=\"1\">\n<div class=\"magic-17\"><span class=\"magic-14\">1250 mm<\/span><\/div>\n<\/td>\n<td style=\"width: 19.2214%;\" colspan=\"1\" rowspan=\"1\">\n<div class=\"magic-11\"><span class=\"magic-14\">2500 mm<\/span><\/div>\n<\/td>\n<td style=\"width: 153.285%;\" colspan=\"1\" rowspan=\"1\">\n<div class=\"magic-11\"><span class=\"magic-14\">2500 mm<\/span><\/div>\n<\/td>\n<\/tr>\n<tr>\n<td style=\"width: 39.9027%;\" colspan=\"1\" rowspan=\"1\">\n<div class=\"magic-19\"><span class=\"magic-14\">Minimum Kimlik<\/span><\/div>\n<\/td>\n<td style=\"width: 19.2214%;\" colspan=\"1\" rowspan=\"1\">\n<div class=\"magic-17\"><span class=\"magic-14\">20 mm<\/span><\/div>\n<\/td>\n<td style=\"width: 19.2214%;\" colspan=\"1\" rowspan=\"1\">\n<div class=\"magic-11\"><span class=\"magic-14\">200 mm<\/span><\/div>\n<\/td>\n<td style=\"width: 153.285%;\" colspan=\"1\" rowspan=\"1\">\n<div class=\"magic-11\"><span class=\"magic-14\">20 mm<\/span><\/div>\n<\/td>\n<\/tr>\n<tr>\n<td style=\"width: 39.9027%;\" colspan=\"1\" rowspan=\"1\">\n<div class=\"magic-19\"><span class=\"magic-14\">Maksimum Y\u00fcz Geni\u015fli\u011fi<\/span><\/div>\n<\/td>\n<td style=\"width: 19.2214%;\" colspan=\"1\" rowspan=\"1\">\n<div class=\"magic-17\"><span class=\"magic-14\">500 mm<\/span><\/div>\n<\/td>\n<td style=\"width: 19.2214%;\" colspan=\"1\" rowspan=\"1\">\n<div class=\"magic-11\"><span class=\"magic-14\">500 mm<\/span><\/div>\n<\/td>\n<td style=\"width: 153.285%;\" colspan=\"1\" rowspan=\"1\">\n<div class=\"magic-11\"><span class=\"magic-14\">1480 mm<\/span><\/div>\n<\/td>\n<\/tr>\n<tr>\n<td style=\"width: 39.9027%;\" colspan=\"1\" rowspan=\"1\">\n<div class=\"magic-19\"><span class=\"magic-14\">Maksimum \u00c7apsal E\u011fim<\/span><\/div>\n<\/td>\n<td style=\"width: 19.2214%;\" colspan=\"1\" rowspan=\"1\">\n<div class=\"magic-17\"><span class=\"magic-14\">DP 1<\/span><\/div>\n<\/td>\n<td style=\"width: 19.2214%;\" colspan=\"1\" rowspan=\"1\">\n<div class=\"magic-11\"><span class=\"magic-14\">DP 1<\/span><\/div>\n<\/td>\n<td style=\"width: 153.285%;\" colspan=\"1\" rowspan=\"1\">\n<div class=\"magic-11\"><span class=\"magic-14\">DP 0,5<\/span><\/div>\n<\/td>\n<\/tr>\n<tr>\n<td style=\"width: 39.9027%;\" colspan=\"1\" rowspan=\"1\">\n<div class=\"magic-19\"><span class=\"magic-14\">Maksimum Mod\u00fcl<\/span><\/div>\n<\/td>\n<td style=\"width: 19.2214%;\" colspan=\"1\" rowspan=\"1\">\n<div class=\"magic-17\"><span class=\"magic-14\">26 mm<\/span><\/div>\n<\/td>\n<td style=\"width: 19.2214%;\" colspan=\"1\" rowspan=\"1\">\n<div class=\"magic-11\"><span class=\"magic-14\">26 mm<\/span><\/div>\n<\/td>\n<td style=\"width: 153.285%;\" colspan=\"1\" rowspan=\"1\">\n<div class=\"magic-11\"><span class=\"magic-14\">45 mm<\/span><\/div>\n<\/td>\n<\/tr>\n<tr>\n<td style=\"width: 39.9027%;\" colspan=\"1\" rowspan=\"1\">\n<div class=\"magic-19\"><span class=\"magic-14\">AGMA S\u0131n\u0131f\u0131 \/ DIN S\u0131n\u0131f\u0131<\/span><\/div>\n<\/td>\n<td style=\"width: 19.2214%;\" colspan=\"1\" rowspan=\"1\">\n<div class=\"magic-17\"><span class=\"magic-14\">DIN 8. s\u0131n\u0131f<\/span><\/div>\n<\/td>\n<td style=\"width: 19.2214%;\" colspan=\"1\" rowspan=\"1\">\n<div class=\"magic-11\"><span class=\"magic-14\">DIN 8. s\u0131n\u0131f<\/span><\/div>\n<\/td>\n<td style=\"width: 153.285%;\" colspan=\"1\" rowspan=\"1\">\n<div class=\"magic-11\"><span class=\"magic-14\">DIN s\u0131n\u0131f\u0131 4<\/span><\/div>\n<\/td>\n<\/tr>\n<tr>\n<td style=\"width: 39.9027%;\" colspan=\"1\" rowspan=\"1\">\n<div class=\"magic-19\"><span class=\"magic-14\">Di\u015f Kaplamas\u0131<\/span><\/div>\n<\/td>\n<td style=\"width: 19.2214%;\" colspan=\"1\" rowspan=\"1\">\n<div class=\"magic-17\"><span class=\"magic-14\">Ra 3.2<\/span><\/div>\n<\/td>\n<td style=\"width: 19.2214%;\" colspan=\"1\" rowspan=\"1\">\n<div class=\"magic-11\"><span class=\"magic-14\">Ra 3.2<\/span><\/div>\n<\/td>\n<td style=\"width: 153.285%;\" colspan=\"1\" rowspan=\"1\">\n<div class=\"magic-11\"><span class=\"magic-14\">Ra 0.6<\/span><\/div>\n<\/td>\n<\/tr>\n<tr>\n<td style=\"width: 39.9027%;\" colspan=\"1\" rowspan=\"1\">\n<div class=\"magic-19\"><span class=\"magic-14\">Maksimum Helis A\u00e7\u0131s\u0131<\/span><\/div>\n<\/td>\n<td style=\"width: 19.2214%;\" colspan=\"1\" rowspan=\"1\">\n<div class=\"magic-17\"><span class=\"magic-14\">\u00b145\u00b0<\/span><\/div>\n<\/td>\n<td style=\"width: 19.2214%;\" colspan=\"1\" rowspan=\"1\">\n<div class=\"magic-11\"><span class=\"magic-14\">\u00b145\u00b0<\/span><\/div>\n<\/td>\n<td style=\"width: 153.285%;\" colspan=\"1\" rowspan=\"1\">\n<div class=\"magic-11\"><span class=\"magic-14\">\u00b145\u00b0<\/span><\/div>\n<\/td>\n<\/tr>\n<\/tbody>\n<\/table>\n<div>\n<h2 dir=\"auto\">FMP'nin Sundu\u011fu Hizmetler ve Yerel Uygunluk<\/h2>\n<p class=\"break-words\" dir=\"auto\">FMP, Milano, Venedik, Floransa ve Bologna'daki end\u00fcstrilere hizmet veren, \u00f6zel i\u00e7ten helisel tasar\u0131mlar da dahil olmak \u00fczere geni\u015f bir yelpazede halka di\u015fli \u00fcretimi konusunda uzmanla\u015fm\u0131\u015ft\u0131r. Helisel a\u00e7\u0131l\u0131 7 i\u00e7ten helisel halka di\u015fli gibi bir model listede yoksa, m\u00fc\u015fteriler \u00f6zelliklerini e-posta ile g\u00f6nderebilir ve FMP m\u00fchendisleri 24 saat i\u00e7inde yan\u0131t verecektir. Bu hizmet, \u0130talya'n\u0131n dinamik m\u00fchendislik ortam\u0131na uygun olarak tasarlanm\u0131\u015f olup, Bologna'daki otomotiv ve Floransa'daki hassas imalat gibi sekt\u00f6rleri desteklemektedir.<\/p>\n<\/div>\n<\/div>\n<\/div>","protected":false},"excerpt":{"rendered":"<p>What is a Helical Angle 7 Internal Helical Ring Gear? An internal helical ring gear with a helix angle of 7 degrees has teeth cut at a low angle on the inside of a ring, designed for minimal axial thrust and smooth operation. This type is often used in planetary gear systems, such as those [&hellip;]<\/p>","protected":false},"featured_media":4589,"comment_status":"open","ping_status":"closed","template":"","meta":{"_et_pb_use_builder":"","_et_pb_old_content":"","_et_gb_content_width":""},"product_brand":[],"product_cat":[114],"product_tag":[],"class_list":{"0":"post-7748","1":"product","2":"type-product","3":"status-publish","4":"has-post-thumbnail","6":"product_cat-ring-gear","8":"first","9":"instock","10":"shipping-taxable","11":"product-type-simple"},"_links":{"self":[{"href":"https:\/\/fmp-components.com\/tr\/wp-json\/wp\/v2\/product\/7748","targetHints":{"allow":["GET"]}}],"collection":[{"href":"https:\/\/fmp-components.com\/tr\/wp-json\/wp\/v2\/product"}],"about":[{"href":"https:\/\/fmp-components.com\/tr\/wp-json\/wp\/v2\/types\/product"}],"replies":[{"embeddable":true,"href":"https:\/\/fmp-components.com\/tr\/wp-json\/wp\/v2\/comments?post=7748"}],"wp:featuredmedia":[{"embeddable":true,"href":"https:\/\/fmp-components.com\/tr\/wp-json\/wp\/v2\/media\/4589"}],"wp:attachment":[{"href":"https:\/\/fmp-components.com\/tr\/wp-json\/wp\/v2\/media?parent=7748"}],"wp:term":[{"taxonomy":"product_brand","embeddable":true,"href":"https:\/\/fmp-components.com\/tr\/wp-json\/wp\/v2\/product_brand?post=7748"},{"taxonomy":"product_cat","embeddable":true,"href":"https:\/\/fmp-components.com\/tr\/wp-json\/wp\/v2\/product_cat?post=7748"},{"taxonomy":"product_tag","embeddable":true,"href":"https:\/\/fmp-components.com\/tr\/wp-json\/wp\/v2\/product_tag?post=7748"}],"curies":[{"name":"wp","href":"https:\/\/api.w.org\/{rel}","templated":true}]}}