{"id":7721,"date":"2025-04-03T05:48:55","date_gmt":"2025-04-03T05:48:55","guid":{"rendered":"https:\/\/fmp-components.com\/?post_type=product&#038;p=7721"},"modified":"2025-04-03T05:54:27","modified_gmt":"2025-04-03T05:54:27","slug":"internal-planetary-gear","status":"publish","type":"product","link":"https:\/\/fmp-components.com\/tr\/product\/internal-planetary-gear\/","title":{"rendered":"Dahili Planet Di\u015fli"},"content":{"rendered":"<h2>Dahili Planet Di\u015fliler: FMP ile Hassasiyet ve G\u00fc\u00e7<\/h2>\n<p>Planet di\u015fli mekanizmalar\u0131n\u0131n hayati bir bile\u015feni olan i\u00e7 planet di\u015flileri, kompakt tasar\u0131mlarda y\u00fcksek tork ve hassas h\u0131z azalt\u0131m\u0131 sa\u011flama kabiliyetleriyle \u00fcnl\u00fcd\u00fcr. Bu sistemler, merkezi bir g\u00fcne\u015f di\u015flisi, y\u00f6r\u00fcngeli planet di\u015flileri ve planet di\u015flileriyle i\u00e7ten i\u00e7 i\u00e7e ge\u00e7en bir i\u00e7 halka di\u015flisinden olu\u015fur. Bu benzersiz konfig\u00fcrasyon, i\u00e7 planet di\u015flilerini Milano'daki otomotiv at\u00f6lyelerinden Bologna'daki makine merkezlerine kadar \u0130talya genelindeki end\u00fcstriler i\u00e7in vazge\u00e7ilmez k\u0131lar. FMP olarak, bu geli\u015fmi\u015f di\u015fli sistemlerini tasarlama konusunda uzmanla\u015f\u0131yor ve m\u00fc\u015fterilerimizin \u00e7e\u015fitli ihtiya\u00e7lar\u0131n\u0131 kar\u015f\u0131lamak i\u00e7in \u00f6zel \u00e7\u00f6z\u00fcmler sunuyoruz.<\/p>\n<div>\n<h3>\u0130\u00e7 Planet Di\u015fliler Nelerdir?<\/h3>\n<p class=\"break-words\">Dahili planet di\u015fli sistemi \u015funlardan olu\u015fur:<\/p>\n<ul class=\"marker:text-secondary\">\n<li class=\"break-words\"><strong>G\u00fcne\u015f Di\u015flisi<\/strong>: Mekanizmay\u0131 \u00e7al\u0131\u015ft\u0131ran merkezi di\u015fli.<\/li>\n<li class=\"break-words\"><strong>Gezegen Di\u015flileri<\/strong>: G\u00fcne\u015f di\u015flisinin etraf\u0131nda d\u00f6nen ve bir ta\u015f\u0131y\u0131c\u0131 ile birbirine ba\u011flanan di\u015fliler.<\/li>\n<li class=\"break-words\"><strong>\u0130\u00e7 Di\u015fli (Halka Di\u015fli)<\/strong>: \u0130\u00e7 y\u00fczeyinde di\u015fler bulunan ve planet di\u015flileriyle i\u00e7 i\u00e7e ge\u00e7en di\u015fli.<\/li>\n<\/ul>\n<p class=\"break-words\">D\u0131\u015f di\u015fli sistemlerinin aksine, i\u00e7 di\u015fli tasar\u0131m\u0131 daha k\u00fc\u00e7\u00fck bir alanda daha y\u00fcksek red\u00fcksiyon oranlar\u0131na olanak tan\u0131r ve bu da onu g\u00fc\u00e7 ve alan verimlili\u011fi gerektiren uygulamalar i\u00e7in ideal hale getirir. Sistem, farkl\u0131 bile\u015fenleri (i\u00e7 di\u015fli veya ta\u015f\u0131y\u0131c\u0131 gibi) sabitleyerek farkl\u0131 red\u00fcksiyon oranlar\u0131 elde edebilir ve bu da her yerdeki m\u00fchendislere esneklik sa\u011flar.<\/p>\n<\/div>\n<h3>\u015eartname<\/h3>\n<table style=\"width: 100%;\" border=\"1\" width=\"100%\" cellspacing=\"0\" cellpadding=\"0\">\n<tbody>\n<tr>\n<td width=\"80\">Model Numaras\u0131<\/td>\n<td width=\"531\">M3,M4,M5,M8,M12 vb.<\/td>\n<\/tr>\n<tr>\n<td width=\"80\">Malzeme<\/td>\n<td width=\"531\">Pirin\u00e7, C45 \u00e7elik, Paslanmaz \u00e7elik, Bak\u0131r, POM, Al\u00fcminyum, Ala\u015f\u0131m vb.<\/td>\n<\/tr>\n<tr>\n<td rowspan=\"2\" width=\"80\">Y\u00fczey i\u015fleme<\/td>\n<td width=\"531\">\u00c7inko kaplama, Nikel kaplama, Pasivasyon, Oksidasyon, Anodizasyon,<\/td>\n<\/tr>\n<tr>\n<td width=\"531\">Geomet, Dacromet, Siyah Oksit, Fosfatlama, Toz Kaplama ve Elektroforez<\/td>\n<\/tr>\n<tr>\n<td width=\"80\">Standart<\/td>\n<td width=\"531\">ISO, DIN, ANSI, JIS, BS ve Standart D\u0131\u015f\u0131.<\/td>\n<\/tr>\n<tr>\n<td width=\"80\">Kesinlik<\/td>\n<td width=\"531\">DIN6,DIN7,DIN8,DIN9.<\/td>\n<\/tr>\n<tr>\n<td width=\"80\">Di\u015f tedavisi<\/td>\n<td width=\"531\">Sertle\u015ftirilmi\u015f, Frezelenmi\u015f veya Zeminlenmi\u015f<\/td>\n<\/tr>\n<tr>\n<td width=\"80\">Ho\u015fg\u00f6r\u00fc<\/td>\n<td width=\"531\">0,001 mm-0,01 mm-0,1 mm<\/td>\n<\/tr>\n<tr>\n<td width=\"80\">Sona ermek<\/td>\n<td width=\"531\">kumlama\/kum p\u00fcsk\u00fcrtme, \u0131s\u0131l i\u015flem, tavlama, temperleme, parlatma, eloksallama, \u00e7inko kaplama<\/td>\n<\/tr>\n<tr>\n<td width=\"80\">\u00d6\u011felerin paketlenmesi<\/td>\n<td width=\"531\">Plastik torba + Karton veya Ah\u015fap Ambalaj<\/td>\n<\/tr>\n<tr>\n<td width=\"80\">\u00dcretim s\u00fcresi<\/td>\n<td width=\"531\">Numune i\u00e7in 20 i\u015f g\u00fcn\u00fc, toplu sipari\u015f i\u00e7in 25 g\u00fcn<\/td>\n<\/tr>\n<tr>\n<td rowspan=\"8\" width=\"80\">Ba\u015fvuru<\/td>\n<td width=\"531\">1. Otomatik kontrol makinesi<\/td>\n<\/tr>\n<tr>\n<td width=\"531\">2. Yar\u0131 iletken end\u00fcstrisi<\/td>\n<\/tr>\n<tr>\n<td width=\"531\">3. Genel sanayi makineleri<\/td>\n<\/tr>\n<tr>\n<td width=\"531\">4. T\u0131bbi ekipman<\/td>\n<\/tr>\n<tr>\n<td width=\"531\">5. G\u00fcne\u015f enerjisi ekipmanlar\u0131<\/td>\n<\/tr>\n<tr>\n<td width=\"531\">6. Tak\u0131m tezgah\u0131<\/td>\n<\/tr>\n<tr>\n<td width=\"531\">7. Park sistemi<\/td>\n<\/tr>\n<tr>\n<td width=\"531\">8. Y\u00fcksek h\u0131zl\u0131 tren ve havac\u0131l\u0131k ula\u015f\u0131m ekipmanlar\u0131 vb.<\/td>\n<\/tr>\n<\/tbody>\n<\/table>\n<div>\n<h3>Neden \u0130\u00e7 Planet Di\u015flileri Se\u00e7melisiniz?<\/h3>\n<p class=\"break-words\">\u0130\u00e7 planet di\u015flilerinin faydalar\u0131 \u015funlard\u0131r:<\/p>\n<ul class=\"marker:text-secondary\">\n<li class=\"break-words\"><strong>Y\u00fcksek Azaltma Oranlar\u0131<\/strong>: \u0130\u00e7 di\u015flinin planet di\u015flilerle etkile\u015fimi ile elde edilir.<\/li>\n<li class=\"break-words\"><strong>Kompakt Boyut<\/strong>: Alan k\u0131s\u0131tlamas\u0131 olan uygulamalar i\u00e7in m\u00fckemmeldir.<\/li>\n<li class=\"break-words\"><strong>G\u00fc\u00e7l\u00fc Tork \u00c7\u0131k\u0131\u015f\u0131<\/strong>: A\u011f\u0131r i\u015fler i\u00e7in idealdir.<\/li>\n<li class=\"break-words\"><strong>\u00c7ok y\u00f6nl\u00fcl\u00fck<\/strong>: Ayarlanabilir konfig\u00fcrasyonlar \u00e7e\u015fitli ihtiya\u00e7lara uygundur.<\/li>\n<\/ul>\n<p class=\"break-words\">Milano'nun otomotiv sekt\u00f6r\u00fcndeki veya Floransa'n\u0131n sanayi b\u00f6lgelerindeki i\u015fletmeler i\u00e7in bu avantajlar, geli\u015fmi\u015f verimlilik ve dayan\u0131kl\u0131l\u0131k anlam\u0131na geliyor.<\/p>\n<h2>FMP: \u0130talya'daki \u0130\u00e7 Planet Di\u015fli Uzman\u0131n\u0131z<\/h2>\n<p class=\"break-words\">FMP olarak, Venedik'ten Bologna'ya kadar bir\u00e7ok m\u00fc\u015fteriye hizmet veren lider bir i\u00e7 planet di\u015fli \u00fcreticisi olmaktan gurur duyuyoruz. Sundu\u011fumuz hizmetler \u015funlard\u0131r:<\/p>\n<ul class=\"marker:text-secondary\">\n<li class=\"break-words\"><strong>\u00c7e\u015fitlilik<\/strong>:Standart tasar\u0131mlardan karma\u015f\u0131k sistemlere kadar \u00e7e\u015fitli tipte i\u00e7 planet di\u015flileri \u00fcretiyoruz.<\/li>\n<li class=\"break-words\"><strong>\u00d6zelle\u015ftirme<\/strong>: \u00d6zel bir \u00e7\u00f6z\u00fcme mi ihtiyac\u0131n\u0131z var? M\u00fchendislerimiz, ihtiya\u00e7lar\u0131n\u0131za g\u00f6re \u00f6zelle\u015ftirilmi\u015f i\u00e7 planet di\u015flileri tasarlay\u0131p \u00fcretebilir.<\/li>\n<li class=\"break-words\"><strong>Hassas \u0130\u015f\u00e7ilik<\/strong>: Geli\u015fmi\u015f teknolojiden yararlanarak her ekipman\u0131n s\u0131k\u0131 kalite standartlar\u0131n\u0131 kar\u015f\u0131lamas\u0131n\u0131 sa\u011fl\u0131yoruz.<\/li>\n<\/ul>\n<table style=\"width: 100.875%; height: 89px;\" border=\"0\" width=\"240\" cellspacing=\"0\" cellpadding=\"0\">\n<tbody>\n<tr>\n<td width=\"80\" height=\"24\"><img loading=\"lazy\" decoding=\"async\" class=\"size-full wp-image-7717 aligncenter\" src=\"https:\/\/fmp-components.com\/wp-content\/uploads\/2025\/04\/Planetary-Gear-set-factory-2-scaled.webp\" sizes=\"(min-width: 0px) and (max-width: 480px) 480px, (min-width: 481px) and (max-width: 980px) 980px, (min-width: 981px) and (max-width: 1280px) 1280px, (min-width: 1281px) 2560px, 100vw\" srcset=\"https:\/\/fmp-components.com\/wp-content\/uploads\/2025\/04\/Planetary-Gear-set-factory-2-scaled.webp 2560w, https:\/\/fmp-components.com\/wp-content\/uploads\/2025\/04\/Planetary-Gear-set-factory-2-1280x1280.webp 1280w, https:\/\/fmp-components.com\/wp-content\/uploads\/2025\/04\/Planetary-Gear-set-factory-2-980x980.webp 980w, https:\/\/fmp-components.com\/wp-content\/uploads\/2025\/04\/Planetary-Gear-set-factory-2-480x480.webp 480w\" alt=\"\u884c\u661f\u9f7f\u8f6e\u7ec4\u5de5\u5382\" width=\"2560\" height=\"2560\" title=\"\"><\/td>\n<td width=\"80\"><img loading=\"lazy\" decoding=\"async\" class=\"size-full wp-image-7718 aligncenter\" src=\"https:\/\/fmp-components.com\/wp-content\/uploads\/2025\/04\/Planetary-Gear-set-factory-4.webp\" sizes=\"(min-width: 0px) and (max-width: 480px) 480px, (min-width: 481px) 600px, 100vw\" srcset=\"https:\/\/fmp-components.com\/wp-content\/uploads\/2025\/04\/Planetary-Gear-set-factory-4.webp 600w, https:\/\/fmp-components.com\/wp-content\/uploads\/2025\/04\/Planetary-Gear-set-factory-4-480x480.webp 480w\" alt=\"\u884c\u661f\u9f7f\u8f6e\u7ec4\u5de5\u5382\" width=\"600\" height=\"600\" title=\"\"><\/td>\n<td width=\"80\"><strong><img loading=\"lazy\" decoding=\"async\" class=\"size-full wp-image-7719 aligncenter\" src=\"https:\/\/fmp-components.com\/wp-content\/uploads\/2025\/04\/Planetary-Gear-set-factory-1-scaled.webp\" sizes=\"(min-width: 0px) and (max-width: 480px) 480px, (min-width: 481px) and (max-width: 980px) 980px, (min-width: 981px) and (max-width: 1280px) 1280px, (min-width: 1281px) 2560px, 100vw\" srcset=\"https:\/\/fmp-components.com\/wp-content\/uploads\/2025\/04\/Planetary-Gear-set-factory-1-scaled.webp 2560w, https:\/\/fmp-components.com\/wp-content\/uploads\/2025\/04\/Planetary-Gear-set-factory-1-1280x1280.webp 1280w, https:\/\/fmp-components.com\/wp-content\/uploads\/2025\/04\/Planetary-Gear-set-factory-1-980x980.webp 980w, https:\/\/fmp-components.com\/wp-content\/uploads\/2025\/04\/Planetary-Gear-set-factory-1-480x480.webp 480w\" alt=\"\u884c\u661f\u9f7f\u8f6e\u7ec4\u5de5\u5382\" width=\"2560\" height=\"2560\" title=\"\"><\/strong><\/td>\n<\/tr>\n<\/tbody>\n<\/table>\n<\/div>","protected":false},"excerpt":{"rendered":"<p>Internal Planetary Gears: Precision and Power by FMP Internal planetary gears, a vital component of planetary gear mechanisms, are renowned for their ability to deliver high torque and precise speed reduction in compact designs. These systems feature a central sun gear, orbiting planet gears, and an internal ring gear that meshes internally with the planet [&hellip;]<\/p>","protected":false},"featured_media":4625,"comment_status":"open","ping_status":"closed","template":"","meta":{"_et_pb_use_builder":"","_et_pb_old_content":"","_et_gb_content_width":""},"product_brand":[],"product_cat":[113],"product_tag":[],"class_list":{"0":"post-7721","1":"product","2":"type-product","3":"status-publish","4":"has-post-thumbnail","6":"product_cat-planetary-gear","8":"first","9":"instock","10":"shipping-taxable","11":"product-type-simple"},"_links":{"self":[{"href":"https:\/\/fmp-components.com\/tr\/wp-json\/wp\/v2\/product\/7721","targetHints":{"allow":["GET"]}}],"collection":[{"href":"https:\/\/fmp-components.com\/tr\/wp-json\/wp\/v2\/product"}],"about":[{"href":"https:\/\/fmp-components.com\/tr\/wp-json\/wp\/v2\/types\/product"}],"replies":[{"embeddable":true,"href":"https:\/\/fmp-components.com\/tr\/wp-json\/wp\/v2\/comments?post=7721"}],"wp:featuredmedia":[{"embeddable":true,"href":"https:\/\/fmp-components.com\/tr\/wp-json\/wp\/v2\/media\/4625"}],"wp:attachment":[{"href":"https:\/\/fmp-components.com\/tr\/wp-json\/wp\/v2\/media?parent=7721"}],"wp:term":[{"taxonomy":"product_brand","embeddable":true,"href":"https:\/\/fmp-components.com\/tr\/wp-json\/wp\/v2\/product_brand?post=7721"},{"taxonomy":"product_cat","embeddable":true,"href":"https:\/\/fmp-components.com\/tr\/wp-json\/wp\/v2\/product_cat?post=7721"},{"taxonomy":"product_tag","embeddable":true,"href":"https:\/\/fmp-components.com\/tr\/wp-json\/wp\/v2\/product_tag?post=7721"}],"curies":[{"name":"wp","href":"https:\/\/api.w.org\/{rel}","templated":true}]}}