{"id":7713,"date":"2025-04-03T05:19:05","date_gmt":"2025-04-03T05:19:05","guid":{"rendered":"https:\/\/fmp-components.com\/?post_type=product&#038;p=7713"},"modified":"2025-04-03T05:39:42","modified_gmt":"2025-04-03T05:39:42","slug":"planetary-gear-sets","status":"publish","type":"product","link":"https:\/\/fmp-components.com\/tr\/product\/planetary-gear-sets\/","title":{"rendered":"Planet Di\u015fli Setleri"},"content":{"rendered":"<div>\n<h2>Planet Di\u015fli Setlerinin Temelleri<\/h2>\n<p class=\"break-words\">Episiklik di\u015fli sistemleri olarak da bilinen planet di\u015fli tak\u0131mlar\u0131, modern makine m\u00fchendisli\u011finin temel ta\u015flar\u0131ndan biridir. Bu sistemler \u00f6z\u00fcnde, merkezi bir g\u00fcne\u015f di\u015flisi, bir ta\u015f\u0131y\u0131c\u0131ya monte edilmi\u015f y\u00f6r\u00fcngesel planet di\u015flileri ve bir d\u0131\u015f halka di\u015flisinden olu\u015fur. Bu benzersiz d\u00fczenleme, planet di\u015fli tak\u0131mlar\u0131n\u0131n kompakt bir tasar\u0131mda ola\u011fan\u00fcst\u00fc tork, h\u0131z azalt\u0131m\u0131 ve verimlilik sa\u011flamas\u0131n\u0131 m\u00fcmk\u00fcn k\u0131lar. \u0130ster Milano, ister Venedik, Floransa veya Bologna'da olun, \u0130talya genelindeki end\u00fcstriler, otomotiv \u015fanz\u0131manlar\u0131ndan end\u00fcstriyel makinelere kadar uzanan uygulamalar i\u00e7in bu sa\u011flam sistemlere g\u00fcvenmektedir.<\/p>\n<p class=\"break-words\">FMP olarak, \u00e7e\u015fitli ihtiya\u00e7lar\u0131 kar\u015f\u0131lamak \u00fczere tasarlanm\u0131\u015f y\u00fcksek kaliteli planet di\u015fli tak\u0131mlar\u0131 \u00fcretme konusunda uzmanla\u015f\u0131yoruz. Hassasiyet ve inovasyona olan ba\u011fl\u0131l\u0131\u011f\u0131m\u0131zla, \u0130talya ve \u00f6tesindeki m\u00fc\u015fterilerimize hizmet veriyor ve \u00fcretti\u011fimiz her di\u015flide en \u00fcst d\u00fczey performans\u0131 garantiliyoruz.<\/p>\n<\/div>\n<p><img loading=\"lazy\" decoding=\"async\" class=\"size-full wp-image-7714 aligncenter\" src=\"https:\/\/fmp-components.com\/wp-content\/uploads\/2025\/04\/Planetary-Gear-set-1.webp\" alt=\"Planet Di\u015fli Seti\" width=\"943\" height=\"634\" title=\"\" srcset=\"https:\/\/fmp-components.com\/wp-content\/uploads\/2025\/04\/Planetary-Gear-set-1.webp 943w, https:\/\/fmp-components.com\/wp-content\/uploads\/2025\/04\/Planetary-Gear-set-1-480x323.webp 480w\" sizes=\"(min-width: 0px) and (max-width: 480px) 480px, (min-width: 481px) 943px, 100vw\" \/><\/p>\n<div>\n<h4>Planet Di\u015fli Setleri Nelerdir?<\/h4>\n<p class=\"break-words\">Bir planet di\u015fli tak\u0131m\u0131 \u00fc\u00e7 temel bile\u015fenle \u00e7al\u0131\u015f\u0131r:<\/p>\n<ul class=\"marker:text-secondary\">\n<li class=\"break-words\"><strong>G\u00fcne\u015f Di\u015flisi<\/strong>:Sistemi \u00e7al\u0131\u015ft\u0131ran merkezi di\u015fli (genellikle sar\u0131 renkle g\u00f6sterilir).<\/li>\n<li class=\"break-words\"><strong>Gezegen Di\u015flileri<\/strong>: G\u00fcne\u015f di\u015flisinin etraf\u0131nda d\u00f6nen, hareketli bir ta\u015f\u0131y\u0131c\u0131ya (ye\u015fil) monte edilmi\u015f birden fazla di\u015fli (genellikle mavi).<\/li>\n<li class=\"break-words\"><strong>Halka Di\u015fli<\/strong>: Sistemi \u00e7evreleyen, planet di\u015flileriyle i\u00e7 i\u00e7e ge\u00e7en d\u0131\u015f di\u015fli (pembe).<\/li>\n<\/ul>\n<p class=\"break-words\">Bu konfig\u00fcrasyon, \u00e7ok y\u00f6nl\u00fc di\u015fli oranlar\u0131 ve y\u00fcksek tork \u00e7\u0131k\u0131\u015f\u0131 sa\u011flayarak, planet di\u015fli setlerini alan ve a\u011f\u0131rl\u0131\u011f\u0131n kritik \u00f6neme sahip oldu\u011fu uygulamalar i\u00e7in ideal hale getirir. Basit tasar\u0131mlardan karma\u015f\u0131k bile\u015fik sistemlere kadar, uyarlanabilirlikleri \u00e7ok \u00e7e\u015fitli sekt\u00f6rlere uygundur.<\/p>\n<h4>Planet Di\u015fli Setlerinin Uygulamalar\u0131<\/h4>\n<p class=\"break-words\">Planet di\u015fli tak\u0131mlar\u0131, Milano ve Bologna'n\u0131n sanayi merkezlerinden Floransa ve Venedik'in m\u00fchendislik at\u00f6lyelerine kadar \u0130talya genelinde yayg\u0131n olarak kullan\u0131lmaktad\u0131r. Kompakt bir yap\u0131da \u00f6nemli \u00f6l\u00e7\u00fcde h\u0131z azalt\u0131m\u0131 ve tork sa\u011flama kabiliyetleri, onlar\u0131 \u015fu alanlarda vazge\u00e7ilmez k\u0131lmaktad\u0131r:<\/p>\n<ul class=\"marker:text-secondary\">\n<li class=\"break-words\"><strong>Otomotiv ve Arazi Ara\u00e7lar\u0131<\/strong>: Otomatik \u015fanz\u0131manlarda ve tekerlekten \u00e7eki\u015flerde bulunur.<\/li>\n<li class=\"break-words\"><strong>End\u00fcstriyel Makineler<\/strong>: Konvey\u00f6rlere, mikserlere ve ormanc\u0131l\u0131k ekipmanlar\u0131na g\u00fc\u00e7 sa\u011flamak.<\/li>\n<li class=\"break-words\"><strong>T\u00fcketici \u00dcr\u00fcnleri<\/strong>: Elektrikli tornavidalarda ve bisiklet vites sistemlerinde kullan\u0131l\u0131r.<\/li>\n<li class=\"break-words\"><strong>A\u011f\u0131r Hizmet Uygulamalar\u0131<\/strong>:Trakt\u00f6rlere, in\u015faat ekipmanlar\u0131na ve t\u00fcrbin motorlar\u0131na destek sa\u011flar.<\/li>\n<\/ul>\n<p class=\"break-words\">\u00c7oklu planet di\u015flilerinin y\u00fck payla\u015f\u0131m \u00f6zelli\u011fi, dayan\u0131kl\u0131l\u0131k ve a\u015f\u0131nmaya kar\u015f\u0131 diren\u00e7 sa\u011flar; bu \u00f6zellik, Milano ve Bologna gibi \u015fehirlerdeki \u0130talyan \u00fcreticilerin ve m\u00fchendislerin y\u00fcksek etkili operasyonlar i\u00e7in \u00f6zellikle de\u011fer verdi\u011fi bir \u00f6zelliktir.<\/p>\n<div>\n<h4>Planet Di\u015fli Setlerini Neden Se\u00e7melisiniz?<\/h4>\n<p class=\"break-words\">Planet di\u015fli setlerinin avantajlar\u0131 a\u00e7\u0131kt\u0131r:<\/p>\n<ul class=\"marker:text-secondary\">\n<li class=\"break-words\"><strong>Y\u00fcksek Tork Yo\u011funlu\u011fu<\/strong>:Birden fazla planet di\u015flisi y\u00fck\u00fc da\u011f\u0131tarak g\u00fc\u00e7 \u00e7\u0131k\u0131\u015f\u0131n\u0131 art\u0131r\u0131r.<\/li>\n<li class=\"break-words\"><strong>Kompakt Tasar\u0131m<\/strong>: Alan k\u0131s\u0131tlamas\u0131 olan uygulamalar i\u00e7in idealdir.<\/li>\n<li class=\"break-words\"><strong>Dayan\u0131kl\u0131l\u0131k<\/strong>: Y\u00fck\u00fcn e\u015fit da\u011f\u0131l\u0131m\u0131 di\u015fli \u00f6mr\u00fcn\u00fc uzat\u0131r.<\/li>\n<li class=\"break-words\"><strong>Esneklik<\/strong>:Ta\u015f\u0131y\u0131c\u0131 veya g\u00fcne\u015f di\u015flisini de\u011fi\u015ftirerek kolayca ayarlanabilen di\u015fli oranlar\u0131.<\/li>\n<\/ul>\n<p class=\"break-words\">Venedik veya Floransa'da makine performans\u0131n\u0131 optimize etmek isteyen i\u015fletmeler i\u00e7in bu avantajlar, verimlilik ve g\u00fcvenilirlik anlam\u0131na geliyor, b\u00f6ylece duru\u015f s\u00fcreleri ve bak\u0131m maliyetleri azal\u0131yor.<\/p>\n<p><img loading=\"lazy\" decoding=\"async\" class=\"wp-image-7716 aligncenter\" src=\"https:\/\/fmp-components.com\/wp-content\/uploads\/2025\/04\/Planetary-Gear-set-2.webp\" alt=\"Planet Di\u015fli Seti\" width=\"809\" height=\"539\" title=\"\" srcset=\"https:\/\/fmp-components.com\/wp-content\/uploads\/2025\/04\/Planetary-Gear-set-2.webp 809w, https:\/\/fmp-components.com\/wp-content\/uploads\/2025\/04\/Planetary-Gear-set-2-480x320.webp 480w\" sizes=\"(min-width: 0px) and (max-width: 480px) 480px, (min-width: 481px) 809px, 100vw\" \/><\/p>\n<h4>FMP: \u0130talya'daki G\u00fcvenilir Planet Di\u015fli Tak\u0131m\u0131 \u00dcreticiniz<\/h4>\n<p class=\"break-words\">FMP olarak, \u0130talya ve d\u00fcnya genelindeki m\u00fc\u015fterilerimize hizmet veren lider bir planet di\u015fli seti \u00fcreticisi olmaktan gurur duyuyoruz. Kapsaml\u0131 m\u00fchendislik uzmanl\u0131\u011f\u0131m\u0131za dayanarak \u015funlar\u0131 sunuyoruz:<\/p>\n<ul class=\"marker:text-secondary\">\n<li class=\"break-words\"><strong>\u00c7e\u015fitli T\u00fcrler<\/strong>:Standart tasar\u0131mlardan karma\u015f\u0131k bile\u015fik sistemlere kadar her t\u00fcrl\u00fc uygulama i\u00e7in planet di\u015fli tak\u0131mlar\u0131 \u00fcretiyoruz.<\/li>\n<li class=\"break-words\"><strong>\u00d6zelle\u015ftirme<\/strong>: Belirli bir konfig\u00fcrasyona m\u0131 ihtiyac\u0131n\u0131z var? \u0130talya'daki yetenekli m\u00fchendislerimiz, tam olarak ihtiya\u00e7lar\u0131n\u0131z\u0131 kar\u015f\u0131layacak \u015fekilde \u00f6zel planet di\u015fli setleri tasarlay\u0131p \u00fcretebilir.<\/li>\n<li class=\"break-words\"><strong>Hassas \u00dcretim<\/strong>: \u0130leri teknikler kullanarak her di\u015flinin en y\u00fcksek kalite ve performans standartlar\u0131n\u0131 kar\u015f\u0131lamas\u0131n\u0131 sa\u011fl\u0131yoruz.<\/li>\n<\/ul>\n<p class=\"break-words\">\u0130ster Milano'nun hareketli sanayi sekt\u00f6r\u00fcnde, ister Venedik'in yenilik\u00e7i at\u00f6lyelerinde, ister Bologna'n\u0131n makine merkezlerinde, ister Floransa'n\u0131n zanaatkar m\u00fchendislik alanlar\u0131nda olun, FMP planet di\u015fli \u00e7\u00f6z\u00fcmleri i\u00e7in ba\u015fvuraca\u011f\u0131n\u0131z orta\u011f\u0131n\u0131zd\u0131r.<\/p>\n<table style=\"border-collapse: collapse; width: 101.625%; height: 50px;\" border=\"0\" width=\"240\" cellspacing=\"0\" cellpadding=\"0\">\n<tbody>\n<tr style=\"height: 14.40pt;\">\n<td style=\"height: 14.40pt; width: 48.00pt;\" width=\"80\" height=\"24\"><img loading=\"lazy\" decoding=\"async\" class=\"size-full wp-image-7717 aligncenter\" src=\"https:\/\/fmp-components.com\/wp-content\/uploads\/2025\/04\/Planetary-Gear-set-factory-2-scaled.webp\" alt=\"Planet Di\u015fli Seti Fabrikas\u0131\" width=\"2560\" height=\"2560\" title=\"\" srcset=\"https:\/\/fmp-components.com\/wp-content\/uploads\/2025\/04\/Planetary-Gear-set-factory-2-scaled.webp 2560w, https:\/\/fmp-components.com\/wp-content\/uploads\/2025\/04\/Planetary-Gear-set-factory-2-1280x1280.webp 1280w, https:\/\/fmp-components.com\/wp-content\/uploads\/2025\/04\/Planetary-Gear-set-factory-2-980x980.webp 980w, https:\/\/fmp-components.com\/wp-content\/uploads\/2025\/04\/Planetary-Gear-set-factory-2-480x480.webp 480w\" sizes=\"(min-width: 0px) and (max-width: 480px) 480px, (min-width: 481px) and (max-width: 980px) 980px, (min-width: 981px) and (max-width: 1280px) 1280px, (min-width: 1281px) 2560px, 100vw\" \/><\/td>\n<td style=\"width: 48.00pt;\" width=\"80\"><img loading=\"lazy\" decoding=\"async\" class=\"size-full wp-image-7718 aligncenter\" src=\"https:\/\/fmp-components.com\/wp-content\/uploads\/2025\/04\/Planetary-Gear-set-factory-4.webp\" alt=\"Planet Di\u015fli Seti Fabrikas\u0131\" width=\"600\" height=\"600\" title=\"\" srcset=\"https:\/\/fmp-components.com\/wp-content\/uploads\/2025\/04\/Planetary-Gear-set-factory-4.webp 600w, https:\/\/fmp-components.com\/wp-content\/uploads\/2025\/04\/Planetary-Gear-set-factory-4-480x480.webp 480w\" sizes=\"(min-width: 0px) and (max-width: 480px) 480px, (min-width: 481px) 600px, 100vw\" \/><\/td>\n<td style=\"width: 48.00pt;\" width=\"80\"><strong><img loading=\"lazy\" decoding=\"async\" class=\"size-full wp-image-7719 aligncenter\" src=\"https:\/\/fmp-components.com\/wp-content\/uploads\/2025\/04\/Planetary-Gear-set-factory-1-scaled.webp\" alt=\"Planet Di\u015fli Seti Fabrikas\u0131\" width=\"2560\" height=\"2560\" title=\"\" srcset=\"https:\/\/fmp-components.com\/wp-content\/uploads\/2025\/04\/Planetary-Gear-set-factory-1-scaled.webp 2560w, https:\/\/fmp-components.com\/wp-content\/uploads\/2025\/04\/Planetary-Gear-set-factory-1-1280x1280.webp 1280w, https:\/\/fmp-components.com\/wp-content\/uploads\/2025\/04\/Planetary-Gear-set-factory-1-980x980.webp 980w, https:\/\/fmp-components.com\/wp-content\/uploads\/2025\/04\/Planetary-Gear-set-factory-1-480x480.webp 480w\" sizes=\"(min-width: 0px) and (max-width: 480px) 480px, (min-width: 481px) and (max-width: 980px) 980px, (min-width: 981px) and (max-width: 1280px) 1280px, (min-width: 1281px) 2560px, 100vw\" \/><\/strong><\/td>\n<\/tr>\n<\/tbody>\n<\/table>\n<\/div>\n<\/div>","protected":false},"excerpt":{"rendered":"<p>The Fundamentals of Planetary Gear Sets Planetary gear sets, also known as epicyclic gear systems, are a cornerstone of modern mechanical engineering. At their core, these systems consist of a central sun gear, orbiting planet gears mounted on a carrier, and an outer ring gear. This unique arrangement allows planetary gear sets to deliver exceptional [&hellip;]<\/p>","protected":false},"featured_media":7720,"comment_status":"open","ping_status":"closed","template":"","meta":{"_et_pb_use_builder":"","_et_pb_old_content":"","_et_gb_content_width":""},"product_brand":[],"product_cat":[113],"product_tag":[],"class_list":{"0":"post-7713","1":"product","2":"type-product","3":"status-publish","4":"has-post-thumbnail","6":"product_cat-planetary-gear","8":"first","9":"instock","10":"shipping-taxable","11":"product-type-simple"},"_links":{"self":[{"href":"https:\/\/fmp-components.com\/tr\/wp-json\/wp\/v2\/product\/7713","targetHints":{"allow":["GET"]}}],"collection":[{"href":"https:\/\/fmp-components.com\/tr\/wp-json\/wp\/v2\/product"}],"about":[{"href":"https:\/\/fmp-components.com\/tr\/wp-json\/wp\/v2\/types\/product"}],"replies":[{"embeddable":true,"href":"https:\/\/fmp-components.com\/tr\/wp-json\/wp\/v2\/comments?post=7713"}],"wp:featuredmedia":[{"embeddable":true,"href":"https:\/\/fmp-components.com\/tr\/wp-json\/wp\/v2\/media\/7720"}],"wp:attachment":[{"href":"https:\/\/fmp-components.com\/tr\/wp-json\/wp\/v2\/media?parent=7713"}],"wp:term":[{"taxonomy":"product_brand","embeddable":true,"href":"https:\/\/fmp-components.com\/tr\/wp-json\/wp\/v2\/product_brand?post=7713"},{"taxonomy":"product_cat","embeddable":true,"href":"https:\/\/fmp-components.com\/tr\/wp-json\/wp\/v2\/product_cat?post=7713"},{"taxonomy":"product_tag","embeddable":true,"href":"https:\/\/fmp-components.com\/tr\/wp-json\/wp\/v2\/product_tag?post=7713"}],"curies":[{"name":"wp","href":"https:\/\/api.w.org\/{rel}","templated":true}]}}