{"id":7653,"date":"2025-04-02T07:39:15","date_gmt":"2025-04-02T07:39:15","guid":{"rendered":"https:\/\/fmp-components.com\/?post_type=product&#038;p=7653"},"modified":"2025-04-02T08:44:40","modified_gmt":"2025-04-02T08:44:40","slug":"bevel-gear-set","status":"publish","type":"product","link":"https:\/\/fmp-components.com\/tr\/product\/bevel-gear-set\/","title":{"rendered":"Konik Di\u015fli Tak\u0131m\u0131"},"content":{"rendered":"<div>\n<h2>Konik Di\u015fli Tak\u0131m\u0131: FMP'nin Her \u0130htiyaca Y\u00f6nelik Y\u00fcksek Kaliteli \u00c7\u00f6z\u00fcmleri<\/h2>\n<p class=\"break-words\">Konik di\u015fli tak\u0131mlar\u0131, genellikle 90 derecelik a\u00e7\u0131yla kesi\u015fen eksenler aras\u0131nda g\u00fc\u00e7 aktar\u0131m\u0131 i\u00e7in kullan\u0131lan hareket iletim sistemlerinin temel bile\u015fenleridir. \u00c7ok y\u00f6nl\u00fcl\u00fckleri nedeniyle, otomotivden imalat sanayine kadar \u00e7e\u015fitli sekt\u00f6rlerde uygulama alan\u0131 bulurlar. FMP olarak, her t\u00fcrl\u00fc ihtiyac\u0131 kar\u015f\u0131lamak i\u00e7in \u00fcst\u00fcn kaliteyi \u00f6zelle\u015ftirme se\u00e7enekleriyle birle\u015ftiren, tamamen \u0130talya'da \u00fcretilen kapsaml\u0131 bir konik di\u015fli tak\u0131m\u0131 yelpazesi sunmaktan gurur duyuyoruz.<\/p>\n<\/div>\n<p><img loading=\"lazy\" decoding=\"async\" class=\"size-full wp-image-7654 alignnone\" src=\"https:\/\/fmp-components.com\/wp-content\/uploads\/2025\/04\/coppia-conica.webp\" alt=\"coppia-conica\" width=\"1400\" height=\"700\" title=\"\" srcset=\"https:\/\/fmp-components.com\/wp-content\/uploads\/2025\/04\/coppia-conica.webp 1400w, https:\/\/fmp-components.com\/wp-content\/uploads\/2025\/04\/coppia-conica-1280x640.webp 1280w, https:\/\/fmp-components.com\/wp-content\/uploads\/2025\/04\/coppia-conica-980x490.webp 980w, https:\/\/fmp-components.com\/wp-content\/uploads\/2025\/04\/coppia-conica-480x240.webp 480w\" sizes=\"(min-width: 0px) and (max-width: 480px) 480px, (min-width: 481px) and (max-width: 980px) 980px, (min-width: 981px) and (max-width: 1280px) 1280px, (min-width: 1281px) 1400px, 100vw\" \/><\/p>\n<div>\n<h3>FMP Taraf\u0131ndan \u00dcretilen Konik Di\u015fli Tak\u0131mlar\u0131n\u0131n \u00c7e\u015fitleri<\/h3>\n<p class=\"break-words\">FMP, \u00e7e\u015fitli teknik ihtiya\u00e7lar\u0131 kar\u015f\u0131lamak \u00fczere tasarlanm\u0131\u015f \u00e7ok \u00e7e\u015fitli konik di\u015fli tak\u0131mlar\u0131 sunmaktad\u0131r:<\/p>\n<ul class=\"marker:text-secondary\">\n<li class=\"break-words\"><strong>Standart konik di\u015fli tak\u0131mlar\u0131:<\/strong> C45 E \u00e7elikten \u00fcretilmi\u015f, d\u00fcz veya helisel di\u015fli, 1'den 5'e kadar mod\u00fcl se\u00e7enekleriyle sunulan bu konik di\u015fli tak\u0131mlar\u0131, UNI 6588 (tip A) standartlar\u0131na uygundur ve i\u015fleme kolayl\u0131\u011f\u0131 i\u00e7in \u00f6nceden delinmi\u015f deliklere sahiptir. 1:1 veya 1:4'e kadar aktar\u0131m oranlar\u0131 gerektiren uygulamalar i\u00e7in idealdir.<\/li>\n<li class=\"break-words\"><strong>\u00d6zel yap\u0131m konik di\u015fli tak\u0131mlar\u0131:<\/strong> \u00d6zel ihtiya\u00e7lar\u0131 olan m\u00fc\u015fterilerimiz i\u00e7in, en benzersiz gereksinimlere uyarlanm\u0131\u015f, \u00f6zel di\u015flere, malzemelere ve y\u00fczey i\u015flemlerine sahip konik di\u015fli tak\u0131mlar\u0131 tasarlama se\u00e7ene\u011fi sunuyoruz.<\/li>\n<\/ul>\n<p class=\"break-words\">\u0130ster otomotiv diferansiyeli, ister karma\u015f\u0131k bir end\u00fcstriyel sistem olsun, konik di\u015fli tak\u0131mlar\u0131m\u0131z g\u00fcvenilir ve uzun \u00f6m\u00fcrl\u00fc performans sa\u011flar.<\/p>\n<p><img loading=\"lazy\" decoding=\"async\" class=\"size-full wp-image-7656 aligncenter\" src=\"https:\/\/fmp-components.com\/wp-content\/uploads\/2025\/04\/coppia-conica-1.webp\" alt=\"coppia-conica\" width=\"1600\" height=\"800\" title=\"\" srcset=\"https:\/\/fmp-components.com\/wp-content\/uploads\/2025\/04\/coppia-conica-1.webp 1600w, https:\/\/fmp-components.com\/wp-content\/uploads\/2025\/04\/coppia-conica-1-1280x640.webp 1280w, https:\/\/fmp-components.com\/wp-content\/uploads\/2025\/04\/coppia-conica-1-980x490.webp 980w, https:\/\/fmp-components.com\/wp-content\/uploads\/2025\/04\/coppia-conica-1-480x240.webp 480w\" sizes=\"(min-width: 0px) and (max-width: 480px) 480px, (min-width: 481px) and (max-width: 980px) 980px, (min-width: 981px) and (max-width: 1280px) 1280px, (min-width: 1281px) 1600px, 100vw\" \/><\/p>\n<h3>Baz\u0131 \u00fcr\u00fcn \u00f6zellikleri<\/h3>\n<h4>Oran 3:1<\/h4>\n<table style=\"width: 100%; height: 369px;\" border=\"1\" width=\"100%\" cellspacing=\"0\" cellpadding=\"0\">\n<tbody>\n<tr style=\"height: 47px;\">\n<td style=\"height: 47px;\" width=\"80\">Mod\u00fcl<\/td>\n<td style=\"height: 47px;\" width=\"80\">Di\u015f say\u0131s\u0131<\/td>\n<td style=\"height: 47px;\" width=\"80\">da<br \/>\n(mm)<\/td>\n<td style=\"height: 47px;\" width=\"80\">D<br \/>\n(mm)<\/td>\n<td style=\"height: 47px;\" width=\"80\">ND<br \/>\n(mm)<\/td>\n<td style=\"height: 47px;\" width=\"80\">Hollanda<br \/>\n(mm)<\/td>\n<td style=\"height: 47px;\" width=\"80\">L1<br \/>\n(mm)<\/td>\n<td style=\"height: 47px;\" width=\"80\">L<br \/>\n(mm)<\/td>\n<td style=\"height: 47px;\" width=\"80\">S1) (mm)<\/td>\n<td style=\"height: 47px;\" width=\"80\">B<br \/>\n(mm)<\/td>\n<td style=\"height: 47px;\" width=\"80\">BH7 (mm)<\/td>\n<td style=\"height: 47px;\" width=\"80\">E<br \/>\n(mm)<\/td>\n<td style=\"height: 47px;\" width=\"80\">Tork* (Nm)<\/td>\n<td style=\"height: 47px;\" width=\"80\">A\u011f\u0131rl\u0131k g\/\u00c7ift<\/td>\n<\/tr>\n<tr style=\"height: 23px;\">\n<td style=\"height: 46px;\" rowspan=\"2\" width=\"80\">0,6<\/td>\n<td style=\"height: 23px;\" width=\"80\">20<\/td>\n<td style=\"height: 23px;\" width=\"80\">19<\/td>\n<td style=\"height: 23px;\" width=\"80\">18<\/td>\n<td style=\"height: 23px;\" width=\"80\">15<\/td>\n<td style=\"height: 23px;\" width=\"80\">7<\/td>\n<td style=\"height: 23px;\" width=\"80\">17,<\/td>\n<td style=\"height: 23px;\" width=\"80\">17,7<\/td>\n<td style=\"height: 23px;\" width=\"80\">8,2<\/td>\n<td style=\"height: 23px;\" width=\"80\">10<\/td>\n<td style=\"height: 23px;\" width=\"80\">6<\/td>\n<td style=\"height: 23px;\" width=\"80\">35<\/td>\n<td style=\"height: 23px;\" width=\"80\">2<\/td>\n<td style=\"height: 23px;\" width=\"80\">175<\/td>\n<\/tr>\n<tr style=\"height: 23px;\">\n<td style=\"height: 23px;\" width=\"80\">60<\/td>\n<td style=\"height: 23px;\" width=\"80\">54,<\/td>\n<td style=\"height: 23px;\" width=\"80\">54<\/td>\n<td style=\"height: 23px;\" width=\"80\">45<\/td>\n<td style=\"height: 23px;\" width=\"80\">8<\/td>\n<td style=\"height: 23px;\" width=\"80\">16<\/td>\n<td style=\"height: 23px;\" width=\"80\">1<\/td>\n<td style=\"height: 23px;\" width=\"80\">16<\/td>\n<td style=\"height: 23px;\" width=\"80\">10<\/td>\n<td style=\"height: 23px;\" width=\"80\">10<\/td>\n<td style=\"height: 23px;\" width=\"80\">2<\/td>\n<td style=\"height: 23px;\" width=\"80\">6,3<\/td>\n<td style=\"height: 23px;\" width=\"80\">175<\/td>\n<\/tr>\n<tr style=\"height: 23px;\">\n<td style=\"height: 46px;\" rowspan=\"2\" width=\"80\">1<\/td>\n<td style=\"height: 23px;\" width=\"80\">16<\/td>\n<td style=\"height: 23px;\" width=\"80\">26,1<\/td>\n<td style=\"height: 23px;\" width=\"80\">2<\/td>\n<td style=\"height: 23px;\" width=\"80\">20<\/td>\n<td style=\"height: 23px;\" width=\"80\">8,3<\/td>\n<td style=\"height: 23px;\" width=\"80\">2<\/td>\n<td style=\"height: 23px;\" width=\"80\">22,6<\/td>\n<td style=\"height: 23px;\" width=\"80\">9<\/td>\n<td style=\"height: 23px;\" width=\"80\">14<\/td>\n<td style=\"height: 23px;\" width=\"80\">8<\/td>\n<td style=\"height: 23px;\" width=\"80\">45<\/td>\n<td style=\"height: 23px;\" width=\"80\">5<\/td>\n<td style=\"height: 23px;\" width=\"80\">380<\/td>\n<\/tr>\n<tr style=\"height: 23px;\">\n<td style=\"height: 23px;\" width=\"80\">48<\/td>\n<td style=\"height: 23px;\" width=\"80\">72,5<\/td>\n<td style=\"height: 23px;\" width=\"80\">72<\/td>\n<td style=\"height: 23px;\" width=\"80\">50<\/td>\n<td style=\"height: 23px;\" width=\"80\">8<\/td>\n<td style=\"height: 23px;\" width=\"80\">1<\/td>\n<td style=\"height: 23px;\" width=\"80\">21,3<\/td>\n<td style=\"height: 23px;\" width=\"80\">16,8<\/td>\n<td style=\"height: 23px;\" width=\"80\">14<\/td>\n<td style=\"height: 23px;\" width=\"80\">1<\/td>\n<td style=\"height: 23px;\" width=\"80\">28<\/td>\n<td style=\"height: 23px;\" width=\"80\">17,<\/td>\n<td style=\"height: 23px;\" width=\"80\">380<\/td>\n<\/tr>\n<tr style=\"height: 23px;\">\n<td style=\"height: 46px;\" rowspan=\"2\" width=\"80\">1,3<\/td>\n<td style=\"height: 23px;\" width=\"80\">11<\/td>\n<td style=\"height: 23px;\" width=\"80\">2<\/td>\n<td style=\"height: 23px;\" width=\"80\">22<\/td>\n<td style=\"height: 23px;\" width=\"80\">1<\/td>\n<td style=\"height: 23px;\" width=\"80\">6<\/td>\n<td style=\"height: 23px;\" width=\"80\">17<\/td>\n<td style=\"height: 23px;\" width=\"80\">17,<\/td>\n<td style=\"height: 23px;\" width=\"80\">7,5<\/td>\n<td style=\"height: 23px;\" width=\"80\">11<\/td>\n<td style=\"height: 23px;\" width=\"80\">8<\/td>\n<td style=\"height: 23px;\" width=\"80\">4<\/td>\n<td style=\"height: 23px;\" width=\"80\">7,7<\/td>\n<td style=\"height: 23px;\" width=\"80\">320<\/td>\n<\/tr>\n<tr style=\"height: 23px;\">\n<td style=\"height: 23px;\" width=\"80\">33<\/td>\n<td style=\"height: 23px;\" width=\"80\">6<\/td>\n<td style=\"height: 23px;\" width=\"80\">60<\/td>\n<td style=\"height: 23px;\" width=\"80\">4<\/td>\n<td style=\"height: 23px;\" width=\"80\">8<\/td>\n<td style=\"height: 23px;\" width=\"80\">1<\/td>\n<td style=\"height: 23px;\" width=\"80\">2<\/td>\n<td style=\"height: 23px;\" width=\"80\">16,9<\/td>\n<td style=\"height: 23px;\" width=\"80\">11<\/td>\n<td style=\"height: 23px;\" width=\"80\">12<\/td>\n<td style=\"height: 23px;\" width=\"80\">27<\/td>\n<td style=\"height: 23px;\" width=\"80\">23<\/td>\n<td style=\"height: 23px;\" width=\"80\">320<\/td>\n<\/tr>\n<tr style=\"height: 23px;\">\n<td style=\"height: 46px;\" rowspan=\"2\" width=\"80\">1,5<\/td>\n<td style=\"height: 23px;\" width=\"80\">10<\/td>\n<td style=\"height: 23px;\" width=\"80\">26,0<\/td>\n<td style=\"height: 23px;\" width=\"80\">22<\/td>\n<td style=\"height: 23px;\" width=\"80\">17<\/td>\n<td style=\"height: 23px;\" width=\"80\">8<\/td>\n<td style=\"height: 23px;\" width=\"80\">19<\/td>\n<td style=\"height: 23px;\" width=\"80\">20,1<\/td>\n<td style=\"height: 23px;\" width=\"80\">9,6<\/td>\n<td style=\"height: 23px;\" width=\"80\">11<\/td>\n<td style=\"height: 23px;\" width=\"80\">8<\/td>\n<td style=\"height: 23px;\" width=\"80\">42<\/td>\n<td style=\"height: 23px;\" width=\"80\">9,1<\/td>\n<td style=\"height: 23px;\" width=\"80\">380<\/td>\n<\/tr>\n<tr style=\"height: 23px;\">\n<td style=\"height: 23px;\" width=\"80\">30<\/td>\n<td style=\"height: 23px;\" width=\"80\">66,6<\/td>\n<td style=\"height: 23px;\" width=\"80\">66<\/td>\n<td style=\"height: 23px;\" width=\"80\">40<\/td>\n<td style=\"height: 23px;\" width=\"80\">8<\/td>\n<td style=\"height: 23px;\" width=\"80\">17<\/td>\n<td style=\"height: 23px;\" width=\"80\">21,3<\/td>\n<td style=\"height: 23px;\" width=\"80\">17,8<\/td>\n<td style=\"height: 23px;\" width=\"80\">11<\/td>\n<td style=\"height: 23px;\" width=\"80\">12<\/td>\n<td style=\"height: 23px;\" width=\"80\">28<\/td>\n<td style=\"height: 23px;\" width=\"80\">27,3<\/td>\n<td style=\"height: 23px;\" width=\"80\">380<\/td>\n<\/tr>\n<tr style=\"height: 23px;\">\n<td style=\"height: 46px;\" rowspan=\"2\" width=\"80\">22,291<\/td>\n<td style=\"height: 23px;\" width=\"80\">9<\/td>\n<td style=\"height: 23px;\" width=\"80\">36,5<\/td>\n<td style=\"height: 23px;\" width=\"80\">32<\/td>\n<td style=\"height: 23px;\" width=\"80\">22<\/td>\n<td style=\"height: 23px;\" width=\"80\">11<\/td>\n<td style=\"height: 23px;\" width=\"80\">24<\/td>\n<td style=\"height: 23px;\" width=\"80\">25,8<\/td>\n<td style=\"height: 23px;\" width=\"80\">15,4<\/td>\n<td style=\"height: 23px;\" width=\"80\">13<\/td>\n<td style=\"height: 23px;\" width=\"80\">8<\/td>\n<td style=\"height: 23px;\" width=\"80\">60,52<\/td>\n<td style=\"height: 23px;\" width=\"80\">28<\/td>\n<td style=\"height: 23px;\" width=\"80\">638<\/td>\n<\/tr>\n<tr style=\"height: 23px;\">\n<td style=\"height: 23px;\" width=\"80\">27<\/td>\n<td style=\"height: 23px;\" width=\"80\">96,0<\/td>\n<td style=\"height: 23px;\" width=\"80\">96<\/td>\n<td style=\"height: 23px;\" width=\"80\">48<\/td>\n<td style=\"height: 23px;\" width=\"80\">19<\/td>\n<td style=\"height: 23px;\" width=\"80\">25<\/td>\n<td style=\"height: 23px;\" width=\"80\">29,5<\/td>\n<td style=\"height: 23px;\" width=\"80\">25,5<\/td>\n<td style=\"height: 23px;\" width=\"80\">13<\/td>\n<td style=\"height: 23px;\" width=\"80\">20<\/td>\n<td style=\"height: 23px;\" width=\"80\">40<\/td>\n<td style=\"height: 23px;\" width=\"80\">84<\/td>\n<td style=\"height: 23px;\" width=\"80\">638<\/td>\n<\/tr>\n<tr style=\"height: 23px;\">\n<td style=\"height: 46px;\" rowspan=\"2\" width=\"80\">25,736<\/td>\n<td style=\"height: 23px;\" width=\"80\">9<\/td>\n<td style=\"height: 23px;\" width=\"80\">42,0<\/td>\n<td style=\"height: 23px;\" width=\"80\">37,5<\/td>\n<td style=\"height: 23px;\" width=\"80\">27<\/td>\n<td style=\"height: 23px;\" width=\"80\">12<\/td>\n<td style=\"height: 23px;\" width=\"80\">26,5<\/td>\n<td style=\"height: 23px;\" width=\"80\">28,64<\/td>\n<td style=\"height: 23px;\" width=\"80\">15,1<\/td>\n<td style=\"height: 23px;\" width=\"80\">15<\/td>\n<td style=\"height: 23px;\" width=\"80\">12<\/td>\n<td style=\"height: 23px;\" width=\"80\">69,84<\/td>\n<td style=\"height: 23px;\" width=\"80\">46<\/td>\n<td style=\"height: 23px;\" width=\"80\">1100<\/td>\n<\/tr>\n<tr style=\"height: 23px;\">\n<td style=\"height: 23px;\" width=\"80\">27<\/td>\n<td style=\"height: 23px;\" width=\"80\">113,0<\/td>\n<td style=\"height: 23px;\" width=\"80\">112,5<\/td>\n<td style=\"height: 23px;\" width=\"80\">54<\/td>\n<td style=\"height: 23px;\" width=\"80\">24<\/td>\n<td style=\"height: 23px;\" width=\"80\">32<\/td>\n<td style=\"height: 23px;\" width=\"80\">38,41<\/td>\n<td style=\"height: 23px;\" width=\"80\">33,9<\/td>\n<td style=\"height: 23px;\" width=\"80\">15<\/td>\n<td style=\"height: 23px;\" width=\"80\">25<\/td>\n<td style=\"height: 23px;\" width=\"80\">50<\/td>\n<td style=\"height: 23px;\" width=\"80\">138<\/td>\n<td style=\"height: 23px;\" width=\"80\">1100<\/td>\n<\/tr>\n<tr style=\"height: 23px;\">\n<td style=\"height: 46px;\" rowspan=\"2\" width=\"80\">3,5<\/td>\n<td style=\"height: 23px;\" width=\"80\">9<\/td>\n<td style=\"height: 23px;\" width=\"80\">59,0<\/td>\n<td style=\"height: 23px;\" width=\"80\">52,5<\/td>\n<td style=\"height: 23px;\" width=\"80\">40<\/td>\n<td style=\"height: 23px;\" width=\"80\">12<\/td>\n<td style=\"height: 23px;\" width=\"80\">33<\/td>\n<td style=\"height: 23px;\" width=\"80\">36,2<\/td>\n<td style=\"height: 23px;\" width=\"80\">18,9<\/td>\n<td style=\"height: 23px;\" width=\"80\">22<\/td>\n<td style=\"height: 23px;\" width=\"80\">16<\/td>\n<td style=\"height: 23px;\" width=\"80\">92,64<\/td>\n<td style=\"height: 23px;\" width=\"80\">132<\/td>\n<td style=\"height: 23px;\" width=\"80\">2700<\/td>\n<\/tr>\n<tr style=\"height: 23px;\">\n<td style=\"height: 23px;\" width=\"80\">27<\/td>\n<td style=\"height: 23px;\" width=\"80\">158,5<\/td>\n<td style=\"height: 23px;\" width=\"80\">157,5<\/td>\n<td style=\"height: 23px;\" width=\"80\">70<\/td>\n<td style=\"height: 23px;\" width=\"80\">29<\/td>\n<td style=\"height: 23px;\" width=\"80\">40<\/td>\n<td style=\"height: 23px;\" width=\"80\">47,9<\/td>\n<td style=\"height: 23px;\" width=\"80\">41,2<\/td>\n<td style=\"height: 23px;\" width=\"80\">22<\/td>\n<td style=\"height: 23px;\" width=\"80\">30<\/td>\n<td style=\"height: 23px;\" width=\"80\">65<\/td>\n<td style=\"height: 23px;\" width=\"80\">396<\/td>\n<td style=\"height: 23px;\" width=\"80\">2700<\/td>\n<\/tr>\n<\/tbody>\n<\/table>\n<h4>Oran 4:1<\/h4>\n<table style=\"width: 100%;\" border=\"1\" width=\"100%\" cellspacing=\"0\" cellpadding=\"0\">\n<tbody>\n<tr>\n<td width=\"80\">Mod\u00fcl<\/td>\n<td width=\"80\">Di\u015f say\u0131s\u0131<\/td>\n<td width=\"80\">da<br \/>\n(mm)<\/td>\n<td width=\"80\">D<br \/>\n(mm)<\/td>\n<td width=\"80\">ND<br \/>\n(mm)<\/td>\n<td width=\"80\">Hollanda<br \/>\n(mm)<\/td>\n<td width=\"80\">L1<br \/>\n(mm)<\/td>\n<td width=\"80\">L<br \/>\n(mm)<\/td>\n<td width=\"80\">S1) (mm)<\/td>\n<td width=\"80\">B<br \/>\n(mm)<\/td>\n<td width=\"80\">BH7 (mm)<\/td>\n<td width=\"80\">E<br \/>\n(mm)<\/td>\n<td width=\"80\">Tork* (Nm)<\/td>\n<td width=\"80\">A\u011f\u0131rl\u0131k g\/\u00c7ift<\/td>\n<\/tr>\n<tr>\n<td rowspan=\"2\" width=\"80\">1<\/td>\n<td width=\"80\">16<\/td>\n<td width=\"80\">25,9<\/td>\n<td width=\"80\">24<\/td>\n<td width=\"80\">20<\/td>\n<td width=\"80\">7,3<\/td>\n<td width=\"80\">21<\/td>\n<td width=\"80\">21,8<\/td>\n<td width=\"80\">8,2<\/td>\n<td width=\"80\">14<\/td>\n<td width=\"80\">8<\/td>\n<td width=\"80\">56<\/td>\n<td width=\"80\">7,8<\/td>\n<td rowspan=\"2\" width=\"80\">842<\/td>\n<\/tr>\n<tr>\n<td width=\"80\">64<\/td>\n<td width=\"80\">96,5<\/td>\n<td width=\"80\">96<\/td>\n<td width=\"80\">70<\/td>\n<td width=\"80\">8<\/td>\n<td width=\"80\">19<\/td>\n<td width=\"80\">22,4<\/td>\n<td width=\"80\">19<\/td>\n<td width=\"80\">14<\/td>\n<td width=\"80\">20<\/td>\n<td width=\"80\">30<\/td>\n<td width=\"80\">31,2<\/td>\n<\/tr>\n<tr>\n<td rowspan=\"2\" width=\"80\">1,5<\/td>\n<td width=\"80\">11<\/td>\n<td width=\"80\">27,8<\/td>\n<td width=\"80\">24,2<\/td>\n<td width=\"80\">20<\/td>\n<td width=\"80\">8<\/td>\n<td width=\"80\">19<\/td>\n<td width=\"80\">20,7<\/td>\n<td width=\"80\">9<\/td>\n<td width=\"80\">12<\/td>\n<td width=\"80\">8<\/td>\n<td width=\"80\">57<\/td>\n<td width=\"80\">11,3<\/td>\n<td rowspan=\"2\" width=\"80\">775<\/td>\n<\/tr>\n<tr>\n<td width=\"80\">44<\/td>\n<td width=\"80\">97,3<\/td>\n<td width=\"80\">96,8<\/td>\n<td width=\"80\">70<\/td>\n<td width=\"80\">8<\/td>\n<td width=\"80\">17<\/td>\n<td width=\"80\">21,9<\/td>\n<td width=\"80\">19<\/td>\n<td width=\"80\">12<\/td>\n<td width=\"80\">20<\/td>\n<td width=\"80\">30<\/td>\n<td width=\"80\">45,2<\/td>\n<\/tr>\n<\/tbody>\n<\/table>\n<\/div>\n<div>\n<h3>Neden FMP'nin Konik Di\u015fli Tak\u0131mlar\u0131n\u0131 Se\u00e7melisiniz?<\/h3>\n<p class=\"break-words\">FMP'nin konik di\u015fli tak\u0131mlar\u0131 \u00e7e\u015fitli avantajlar\u0131yla \u00f6ne \u00e7\u0131kmaktad\u0131r:<\/p>\n<ul class=\"marker:text-secondary\">\n<li class=\"break-words\"><strong>Y\u00fcksek kaliteli malzemeler:<\/strong> Sa\u011flaml\u0131\u011f\u0131 ve dayan\u0131kl\u0131l\u0131\u011f\u0131yla bilinen C45 E \u00e7eli\u011fini kullanarak, sa\u011flam ve g\u00fcvenilir \u00fcr\u00fcnler \u00fcretiyoruz.<\/li>\n<li class=\"break-words\"><strong>\u0130talyan yap\u0131m\u0131:<\/strong> T\u00fcm konik di\u015fli tak\u0131mlar\u0131m\u0131z, Milano yak\u0131nlar\u0131ndaki tesislerimizde \u00fcretilmekte olup, en y\u00fcksek standartlar\u0131 kar\u015f\u0131lamak i\u00e7in s\u0131k\u0131 kalite kontrolleri uygulanmaktad\u0131r.<\/li>\n<li class=\"break-words\"><strong>Teknik hassasiyet:<\/strong> UNI 6588 standartlar\u0131na uygun di\u015fliler, pinyon ve ta\u00e7 di\u015flisi aras\u0131nda optimum oran sa\u011flayarak, sorunsuz ve sessiz hareket iletimi sa\u011flar.<\/li>\n<\/ul>\n<p class=\"break-words\">Bu \u00f6zellikler, Venedik'te denizcilik uygulamalar\u0131 i\u00e7in veya Bologna'da otomotiv sekt\u00f6r\u00fc i\u00e7in m\u00fckemmel bile\u015fenler arayanlar i\u00e7in konik di\u015fli tak\u0131mlar\u0131m\u0131z\u0131 ideal bir se\u00e7im haline getiriyor.<\/p>\n<h3>Katalogda Bulunmayan Modeller \u0130\u00e7in \u00d6zelle\u015ftirme ve Destek<\/h3>\n<p>FMP'nin g\u00fc\u00e7l\u00fc y\u00f6nlerinden biri, m\u00fc\u015fterilerimizin \u00f6zel ihtiya\u00e7lar\u0131n\u0131 kar\u015f\u0131layabilme yetene\u011fimizdir. Katalo\u011fumuzda ihtiyac\u0131n\u0131z olan konik di\u015fli seti modelini bulam\u0131yorsan\u0131z endi\u015felenmeyin; hen\u00fcz sitemize y\u00fcklenmemi\u015f olabilir. L\u00fctfen bizimle e-posta yoluyla ileti\u015fime ge\u00e7in. <a href=\"mailto:info@fmpcomponents.it\">info@fmpcomponents.it<\/a> \u0130stenilen modeli talep etmek i\u00e7in.<\/p>\n<p><img loading=\"lazy\" decoding=\"async\" class=\"wp-image-7659 aligncenter\" src=\"https:\/\/fmp-components.com\/wp-content\/uploads\/2025\/04\/coppia-conica-3.webp\" alt=\"coppia-conica\" width=\"820\" height=\"820\" title=\"\" srcset=\"https:\/\/fmp-components.com\/wp-content\/uploads\/2025\/04\/coppia-conica-3.webp 820w, https:\/\/fmp-components.com\/wp-content\/uploads\/2025\/04\/coppia-conica-3-480x480.webp 480w\" sizes=\"(min-width: 0px) and (max-width: 480px) 480px, (min-width: 481px) 820px, 100vw\" \/><\/p>\n<\/div>","protected":false},"excerpt":{"rendered":"<p>Bevel Gear Set: FMP&#8217;s High-Quality Solutions for Every Need Bevel gear sets are essential components in motion transmission systems, used to transfer power between intersecting axes, often at a 90-degree angle. Due to their versatility, they find applications in various sectors, from automotive to manufacturing industries. At FMP, we take pride in offering a comprehensive [&hellip;]<\/p>","protected":false},"featured_media":7657,"comment_status":"open","ping_status":"closed","template":"","meta":{"_et_pb_use_builder":"","_et_pb_old_content":"","_et_gb_content_width":""},"product_brand":[],"product_cat":[106],"product_tag":[],"class_list":{"0":"post-7653","1":"product","2":"type-product","3":"status-publish","4":"has-post-thumbnail","6":"product_cat-bevel-gears","8":"first","9":"instock","10":"shipping-taxable","11":"product-type-simple"},"_links":{"self":[{"href":"https:\/\/fmp-components.com\/tr\/wp-json\/wp\/v2\/product\/7653","targetHints":{"allow":["GET"]}}],"collection":[{"href":"https:\/\/fmp-components.com\/tr\/wp-json\/wp\/v2\/product"}],"about":[{"href":"https:\/\/fmp-components.com\/tr\/wp-json\/wp\/v2\/types\/product"}],"replies":[{"embeddable":true,"href":"https:\/\/fmp-components.com\/tr\/wp-json\/wp\/v2\/comments?post=7653"}],"wp:featuredmedia":[{"embeddable":true,"href":"https:\/\/fmp-components.com\/tr\/wp-json\/wp\/v2\/media\/7657"}],"wp:attachment":[{"href":"https:\/\/fmp-components.com\/tr\/wp-json\/wp\/v2\/media?parent=7653"}],"wp:term":[{"taxonomy":"product_brand","embeddable":true,"href":"https:\/\/fmp-components.com\/tr\/wp-json\/wp\/v2\/product_brand?post=7653"},{"taxonomy":"product_cat","embeddable":true,"href":"https:\/\/fmp-components.com\/tr\/wp-json\/wp\/v2\/product_cat?post=7653"},{"taxonomy":"product_tag","embeddable":true,"href":"https:\/\/fmp-components.com\/tr\/wp-json\/wp\/v2\/product_tag?post=7653"}],"curies":[{"name":"wp","href":"https:\/\/api.w.org\/{rel}","templated":true}]}}