{"id":761,"date":"2024-12-18T06:11:37","date_gmt":"2024-12-18T06:11:37","guid":{"rendered":"https:\/\/fmp-components.com\/?page_id=8"},"modified":"2024-12-18T06:27:29","modified_gmt":"2024-12-18T06:27:29","slug":"hydraulic-cylinder-for-offshore-crane","status":"publish","type":"product","link":"https:\/\/fmp-components.com\/tr\/product\/hydraulic-cylinder-for-offshore-crane\/","title":{"rendered":"A\u00e7\u0131k Deniz Vin\u00e7leri i\u00e7in Hidrolik Silindir"},"content":{"rendered":"<p style=\"text-align: center;\"><span style=\"font-size: 18pt;\">A\u00e7\u0131k Deniz Vin\u00e7leri i\u00e7in Hidrolik Silindir<\/span><\/p>\n<p>A\u00e7\u0131k Deniz Vin\u00e7leri i\u00e7in Hidrolik Silindir, a\u00e7\u0131k deniz vin\u00e7lerinin \u00e7al\u0131\u015fmas\u0131 i\u00e7in gerekli kald\u0131rma ve indirme kabiliyetlerini sa\u011flamak \u00fczere tasarlanm\u0131\u015f temel bir hidrolik bile\u015fendir. Bu silindir, vincin bomu ve di\u011fer mekanizmalar\u0131n\u0131n hassas kontrol\u00fcn\u00fc ve hareketini sa\u011flayarak, zorlu deniz ko\u015fullar\u0131nda a\u011f\u0131r y\u00fcklerin g\u00fcvenli ve verimli bir \u015fekilde ta\u015f\u0131nmas\u0131n\u0131 sa\u011flamada kritik bir rol oynar.<\/p>\n<p><img loading=\"lazy\" decoding=\"async\" class=\"alignnone wp-image-780\" src=\"https:\/\/fmp-components.com\/wp-content\/uploads\/2024\/12\/Offshore-Crane-Folding-Arm-Tilt-Cylinder-2.webp\" alt=\"A\u00e7\u0131k Deniz Vin\u00e7 Katlan\u0131r Kol E\u011fim Silindiri\" width=\"935\" height=\"304\" title=\"\" srcset=\"https:\/\/fmp-components.com\/wp-content\/uploads\/2024\/12\/Offshore-Crane-Folding-Arm-Tilt-Cylinder-2.webp 935w, https:\/\/fmp-components.com\/wp-content\/uploads\/2024\/12\/Offshore-Crane-Folding-Arm-Tilt-Cylinder-2-480x156.webp 480w\" sizes=\"(min-width: 0px) and (max-width: 480px) 480px, (min-width: 481px) 935px, 100vw\" \/><\/p>\n<h4>Temel \u00d6zellikler:<\/h4>\n<ul>\n<li><strong>Y\u00fcksek Y\u00fck Kapasitesi:<\/strong> B\u00fcy\u00fck a\u011f\u0131rl\u0131klar\u0131 y\u00f6netmek i\u00e7in tasarlanan bu hidrolik silindir, a\u00e7\u0131k deniz in\u015faat\u0131 ve bak\u0131m\u0131 i\u00e7in hayati \u00f6nem ta\u015f\u0131yan a\u011f\u0131r kald\u0131rma operasyonlar\u0131 s\u0131ras\u0131nda g\u00fcvenilir performans sa\u011flar.<\/li>\n<li><strong>Sa\u011flam Yap\u0131:<\/strong> Y\u00fcksek mukavemetli malzemelerden \u00fcretilen bu \u00fcr\u00fcn, tuzlu suya maruz kalma, y\u00fcksek bas\u0131n\u00e7 ve a\u015f\u0131r\u0131 hava ko\u015fullar\u0131 gibi a\u00e7\u0131k deniz ortamlar\u0131n\u0131n zorlu ko\u015fullar\u0131na dayanacak \u015fekilde tasarlanm\u0131\u015ft\u0131r.<\/li>\n<li><strong>Sorunsuz \u00c7al\u0131\u015fma:<\/strong> Geli\u015fmi\u015f hidrolik tasar\u0131m\u0131, p\u00fcr\u00fczs\u00fcz ve kontroll\u00fc hareketlere olanak tan\u0131yarak h\u0131zl\u0131 ayarlamalara olanak tan\u0131r ve genel operasyonel verimlili\u011fi art\u0131r\u0131r.<\/li>\n<li><strong>G\u00fcvenlik Mekanizmalar\u0131:<\/strong> A\u015f\u0131r\u0131 y\u00fcklemeyi \u00f6nlemek ve g\u00fcvenli \u00e7al\u0131\u015fmay\u0131 sa\u011flamak i\u00e7in dahili g\u00fcvenlik \u00f6zellikleriyle donat\u0131lm\u0131\u015ft\u0131r, kald\u0131rma faaliyetleri s\u0131ras\u0131nda hem personeli hem de ekipman\u0131 korur.<\/li>\n<li><strong>\u00c7ok Y\u00f6nl\u00fc Uygulama:<\/strong> \u00c7e\u015fitli a\u00e7\u0131k deniz vin\u00e7 konfig\u00fcrasyonlar\u0131na uygun olan bu hidrolik silindir, farkl\u0131 operasyonel ihtiya\u00e7lara uyum sa\u011flayabilir ve bu da onu \u00e7e\u015fitli deniz uygulamalar\u0131 i\u00e7in \u00e7ok y\u00f6nl\u00fc hale getirir.<\/li>\n<li><strong>D\u00fc\u015f\u00fck Bak\u0131m Gereksinimleri:<\/strong> Minimum a\u015f\u0131nma ve y\u0131pranma i\u00e7in tasarlanan bu sistem, bak\u0131m ihtiyac\u0131n\u0131 ve operasyonel duru\u015f s\u00fcresini azaltarak \u00fcretkenli\u011fin artmas\u0131na katk\u0131da bulunur.<\/li>\n<\/ul>\n<p>\u00d6zetle, A\u00e7\u0131k Deniz Vin\u00e7leri i\u00e7in Hidrolik Silindir, a\u00e7\u0131k deniz vin\u00e7lerinin performans\u0131n\u0131 ve g\u00fcvenli\u011fini optimize eden, deniz in\u015faat\u0131, sondaj ve bak\u0131m operasyonlar\u0131n\u0131n etkinli\u011fini \u00f6nemli \u00f6l\u00e7\u00fcde art\u0131ran hayati bir bile\u015fendir.<\/p>\n<h2>A\u00e7\u0131k Deniz Vin\u00e7 Ana Bom Kald\u0131rma Silindiri<\/h2>\n<p>A\u00e7\u0131k Deniz Vin\u00e7 Ana Bom Kald\u0131rma Silindiri, vincin ana bomunun kald\u0131rma hareketini kontrol etmekten sorumlu kritik bir hidrolik bile\u015fendir. Bu silindir, bomun hassas bir \u015fekilde kald\u0131r\u0131l\u0131p indirilmesini sa\u011flayarak kald\u0131rma i\u015flemleri s\u0131ras\u0131nda optimum konumland\u0131rma sa\u011flar. Y\u00fcksek mukavemetli malzemelerden \u00fcretilen bu silindir, tuzlu su ve a\u015f\u0131r\u0131 hava ko\u015fullar\u0131 gibi zorlu a\u00e7\u0131k deniz ko\u015fullar\u0131na dayanacak \u015fekilde tasarlanm\u0131\u015ft\u0131r. P\u00fcr\u00fczs\u00fcz hidrolik hareketi, h\u0131zl\u0131 ve hassas ayarlamalar sa\u011flayarak operasyonel verimlili\u011fi ve g\u00fcvenli\u011fi art\u0131r\u0131r. Bu kald\u0131rma silindiri, a\u00e7\u0131k deniz vin\u00e7lerinin etkili performans\u0131 i\u00e7in olmazsa olmazd\u0131r ve deniz in\u015faat\u0131, bak\u0131m\u0131 ve sondaj faaliyetlerinin ba\u015far\u0131s\u0131na \u00f6nemli \u00f6l\u00e7\u00fcde katk\u0131da bulunur.<\/p>\n<p><img loading=\"lazy\" decoding=\"async\" class=\"size-full wp-image-773 aligncenter\" src=\"https:\/\/fmp-components.com\/wp-content\/uploads\/2024\/12\/Offshore-Crane-Main-Boom-Luffing-Cylinder.webp\" alt=\"A\u00e7\u0131k Deniz Vin\u00e7 Ana Bom Kald\u0131rma Silindiri\" width=\"500\" height=\"200\" title=\"\" srcset=\"https:\/\/fmp-components.com\/wp-content\/uploads\/2024\/12\/Offshore-Crane-Main-Boom-Luffing-Cylinder.webp 500w, https:\/\/fmp-components.com\/wp-content\/uploads\/2024\/12\/Offshore-Crane-Main-Boom-Luffing-Cylinder-480x192.webp 480w\" sizes=\"(min-width: 0px) and (max-width: 480px) 480px, (min-width: 481px) 500px, 100vw\" \/><\/p>\n<table style=\"width: 87.4644%; height: 209px;\" border=\"1\" cellspacing=\"0\" cellpadding=\"0\">\n<tbody>\n<tr>\n<td>\u00dcr\u00fcn Ad\u0131<\/td>\n<td>A\u00e7\u0131k Deniz Vin\u00e7 Ana Bom Kald\u0131rma Silindiri<\/td>\n<\/tr>\n<tr>\n<td>\u00d6zellikler:<\/td>\n<td>Vin\u00e7 bomunun e\u011fimini ger\u00e7ekle\u015ftirmek i\u00e7in itme kuvveti sa\u011flar<\/td>\n<\/tr>\n<tr>\n<td>Delik \u00e7ap\u0131:<\/td>\n<td>580 mm'ye kadar<\/td>\n<\/tr>\n<tr>\n<td>\u00c7ubuk \u00e7ap\u0131:<\/td>\n<td>440 mm'ye kadar<br \/>\n5635 mm'ye kadar strok<\/td>\n<\/tr>\n<tr>\n<td>\u0130tme kuvveti:<\/td>\n<td>Maksimum 8454KN<br \/>\n(Silindir \u00e7ap\u0131 580mm\/bas\u0131n\u00e7 32MPa)<\/td>\n<\/tr>\n<tr>\n<td>Uygulamalar:<\/td>\n<td>A\u00e7\u0131k Deniz Vin\u00e7<\/td>\n<\/tr>\n<\/tbody>\n<\/table>\n<p><img loading=\"lazy\" decoding=\"async\" class=\"alignnone wp-image-778\" src=\"https:\/\/fmp-components.com\/wp-content\/uploads\/2024\/12\/Offshore-Crane-Main-Boom-Luffing-Cylinder-1.webp\" alt=\"A\u00e7\u0131k Deniz Vin\u00e7 Ana Bom Kald\u0131rma Silindiri 1\" width=\"810\" height=\"480\" title=\"\"><\/p>\n<p><img loading=\"lazy\" decoding=\"async\" class=\"alignnone wp-image-781\" src=\"https:\/\/fmp-components.com\/wp-content\/uploads\/2024\/12\/Offshore-Crane-Main-Boom-Luffing-Cylinder-2.webp\" alt=\"A\u00e7\u0131k Deniz Vin\u00e7 Ana Bom Kald\u0131rma Silindiri\" width=\"813\" height=\"254\" title=\"\" srcset=\"https:\/\/fmp-components.com\/wp-content\/uploads\/2024\/12\/Offshore-Crane-Main-Boom-Luffing-Cylinder-2.webp 813w, https:\/\/fmp-components.com\/wp-content\/uploads\/2024\/12\/Offshore-Crane-Main-Boom-Luffing-Cylinder-2-480x150.webp 480w\" sizes=\"(min-width: 0px) and (max-width: 480px) 480px, (min-width: 481px) 813px, 100vw\" \/><\/p>\n<h2>A\u00e7\u0131k Deniz Vin\u00e7 Katlan\u0131r Kol E\u011fim Silindiri<\/h2>\n<p>A\u00e7\u0131k Deniz Vin\u00e7 Katlan\u0131r Kol E\u011fim Silindiri, vincin katlan\u0131r kolunun e\u011fim hareketini kolayla\u015ft\u0131ran hayati bir hidrolik bile\u015fendir. Bu silindir, kolu kald\u0131r\u0131p indirmek i\u00e7in gerekli kuvveti sa\u011flayarak y\u00fckleme ve bo\u015faltma i\u015flemleri s\u0131ras\u0131nda hassas konumland\u0131rma sa\u011flar. Y\u00fcksek mukavemetli malzemelerden \u00fcretilen bu silindir, tuzlu su ve y\u00fcksek bas\u0131n\u00e7 gibi zorlu deniz ko\u015fullar\u0131na dayanacak \u015fekilde tasarlanm\u0131\u015ft\u0131r. Hidrolik sistem, vin\u00e7 operasyonlar\u0131 s\u0131ras\u0131nda operasyonel verimlili\u011fi ve g\u00fcvenli\u011fi art\u0131rarak, sorunsuz ve kontroll\u00fc hareketler sa\u011flar. Bu e\u011fim silindiri, a\u00e7\u0131k deniz vin\u00e7lerinin performans\u0131n\u0131 optimize etmek i\u00e7in olmazsa olmazd\u0131r ve deniz in\u015faat\u0131, bak\u0131m ve lojistik g\u00f6revlerinin etkinli\u011fine \u00f6nemli \u00f6l\u00e7\u00fcde katk\u0131da bulunur.<\/p>\n<p><img loading=\"lazy\" decoding=\"async\" class=\"size-full wp-image-772 aligncenter\" src=\"https:\/\/fmp-components.com\/wp-content\/uploads\/2024\/12\/Offshore-Crane-Folding-Arm-Tilt-Cylinder.webp\" alt=\"A\u00e7\u0131k Deniz Vin\u00e7 Katlan\u0131r Kol E\u011fim Silindiri\" width=\"500\" height=\"200\" title=\"\" srcset=\"https:\/\/fmp-components.com\/wp-content\/uploads\/2024\/12\/Offshore-Crane-Folding-Arm-Tilt-Cylinder.webp 500w, https:\/\/fmp-components.com\/wp-content\/uploads\/2024\/12\/Offshore-Crane-Folding-Arm-Tilt-Cylinder-480x192.webp 480w\" sizes=\"(min-width: 0px) and (max-width: 480px) 480px, (min-width: 481px) 500px, 100vw\" \/><\/p>\n<table style=\"width: 86.8088%; height: 199px;\" border=\"1\" cellspacing=\"0\" cellpadding=\"0\">\n<tbody>\n<tr>\n<td>\u00dcr\u00fcn Ad\u0131<\/td>\n<td>A\u00e7\u0131k Deniz Vin\u00e7 Katlan\u0131r Kol E\u011fim Silindiri<\/td>\n<\/tr>\n<tr>\n<td>\u00d6zellikler:<\/td>\n<td>Vincin \u00f6n kolunun yatay a\u00e7\u0131s\u0131n\u0131 ayarlamak i\u00e7in kullan\u0131lan itme kuvvetini ve \u00e7ekme kuvvetini sa\u011flay\u0131n<\/td>\n<\/tr>\n<tr>\n<td>Delik \u00e7ap\u0131:<\/td>\n<td>580 mm'ye kadar<\/td>\n<\/tr>\n<tr>\n<td>\u00c7ubuk \u00e7ap\u0131:<\/td>\n<td>400 mm'ye kadar<br \/>\n5170 mm'ye kadar strok<\/td>\n<\/tr>\n<tr>\n<td>\u0130tme kuvveti\/\u00c7ekme kuvveti:<\/td>\n<td>Maksimum 8454KN\/3589KN<br \/>\n(Silindir \u00e7ap\u0131 580mm\/bas\u0131n\u00e7 32MPa)<\/td>\n<\/tr>\n<tr>\n<td>Uygulamalar:<\/td>\n<td>A\u00e7\u0131k Deniz Vin\u00e7<\/td>\n<\/tr>\n<\/tbody>\n<\/table>\n<p><img loading=\"lazy\" decoding=\"async\" class=\"alignnone wp-image-777\" src=\"https:\/\/fmp-components.com\/wp-content\/uploads\/2024\/12\/Offshore-Crane-Folding-Arm-Tilt-Cylinder-1.webp\" alt=\"A\u00e7\u0131k Deniz Vin\u00e7 Katlan\u0131r Kol E\u011fimli Silindir\" width=\"803\" height=\"481\" title=\"\"><\/p>\n<h2>A\u00e7\u0131k Deniz Vin\u00e7 A Tipi Direkli Vin\u00e7 Bom Silindiri<\/h2>\n<p>A\u00e7\u0131k Deniz Vin\u00e7 A Tipi Direkli Vin\u00e7 Kald\u0131rma Silindiri, vincin dire\u011finin kald\u0131rma hareketini kontrol etmek i\u00e7in tasarlanm\u0131\u015f \u00f6nemli bir hidrolik bile\u015fendir. Bu silindir, dire\u011fi kald\u0131r\u0131p indirmek i\u00e7in gerekli kuvveti sa\u011flayarak kald\u0131rma i\u015flemleri s\u0131ras\u0131nda optimum konumland\u0131rma i\u00e7in hassas ayarlamalar yap\u0131lmas\u0131n\u0131 sa\u011flar. Y\u00fcksek mukavemetli malzemelerden \u00fcretilen bu silindir, tuzlu su ve a\u015f\u0131r\u0131 hava ko\u015fullar\u0131 gibi a\u00e7\u0131k deniz ortamlar\u0131n\u0131n zorlu ko\u015fullar\u0131na dayanacak \u015fekilde tasarlanm\u0131\u015ft\u0131r. D\u00fczg\u00fcn hidrolik hareketi, h\u0131zl\u0131 ve hassas hareketler sa\u011flayarak operasyonel verimlili\u011fi ve g\u00fcvenli\u011fi art\u0131r\u0131r. Bu kald\u0131rma silindiri, A Tipi direkli vin\u00e7lerin etkili performans\u0131 i\u00e7in olmazsa olmazd\u0131r ve deniz in\u015faat\u0131, sondaj ve bak\u0131m faaliyetlerinin ba\u015far\u0131s\u0131na \u00f6nemli \u00f6l\u00e7\u00fcde katk\u0131da bulunur.<\/p>\n<p><img loading=\"lazy\" decoding=\"async\" class=\"size-full wp-image-771 aligncenter\" src=\"https:\/\/fmp-components.com\/wp-content\/uploads\/2024\/12\/Offshore-Crane-A-Type-Mast-Crane-Luffing-Cylinder.webp\" alt=\"A\u00e7\u0131k Deniz Vin\u00e7 A Tipi Direkli Vin\u00e7 Bom Silindiri\" width=\"500\" height=\"200\" title=\"\" srcset=\"https:\/\/fmp-components.com\/wp-content\/uploads\/2024\/12\/Offshore-Crane-A-Type-Mast-Crane-Luffing-Cylinder.webp 500w, https:\/\/fmp-components.com\/wp-content\/uploads\/2024\/12\/Offshore-Crane-A-Type-Mast-Crane-Luffing-Cylinder-480x192.webp 480w\" sizes=\"(min-width: 0px) and (max-width: 480px) 480px, (min-width: 481px) 500px, 100vw\" \/><\/p>\n<table style=\"width: 87.239%; height: 196px;\" border=\"1\" cellspacing=\"0\" cellpadding=\"0\">\n<tbody>\n<tr>\n<td>\u00dcr\u00fcn Ad\u0131<\/td>\n<td>A\u00e7\u0131k Deniz Vin\u00e7 A Tipi Direkli Vin\u00e7 Bom Silindiri<\/td>\n<\/tr>\n<tr>\n<td>\u00d6zellikler:<\/td>\n<td>Vincin \u00f6n kolunun yatay a\u00e7\u0131s\u0131n\u0131 ayarlamak i\u00e7in kullan\u0131lan itme kuvvetini ve \u00e7ekme kuvvetini sa\u011flay\u0131n<\/td>\n<\/tr>\n<tr>\n<td>Delik \u00e7ap\u0131:<\/td>\n<td>580 mm'ye kadar<\/td>\n<\/tr>\n<tr>\n<td>\u00c7ubuk \u00e7ap\u0131:<\/td>\n<td>400 mm'ye kadar<br \/>\n5170 mm'ye kadar strok<\/td>\n<\/tr>\n<tr>\n<td>\u0130tme kuvveti\/\u00c7ekme kuvveti:<\/td>\n<td>Maksimum 8454KN\/3589KN<br \/>\n(Silindir \u00e7ap\u0131 580mm\/bas\u0131n\u00e7 32MPa)<\/td>\n<\/tr>\n<tr>\n<td>Uygulamalar:<\/td>\n<td>A\u00e7\u0131k Deniz Vin\u00e7<\/td>\n<\/tr>\n<\/tbody>\n<\/table>\n<p data-sourcepos=\"14:1-14:90\"><img loading=\"lazy\" decoding=\"async\" class=\"alignnone wp-image-779\" src=\"https:\/\/fmp-components.com\/wp-content\/uploads\/2024\/12\/Offshore-Crane-A-Type-Mast-Crane-Luffing-Cylinder-1.webp\" alt=\"A\u00e7\u0131k Deniz Vin\u00e7 A Tipi Direkli Vin\u00e7 Bom Silindiri\" width=\"811\" height=\"404\" title=\"\" srcset=\"https:\/\/fmp-components.com\/wp-content\/uploads\/2024\/12\/Offshore-Crane-A-Type-Mast-Crane-Luffing-Cylinder-1.webp 811w, https:\/\/fmp-components.com\/wp-content\/uploads\/2024\/12\/Offshore-Crane-A-Type-Mast-Crane-Luffing-Cylinder-1-480x239.webp 480w\" sizes=\"(min-width: 0px) and (max-width: 480px) 480px, (min-width: 481px) 811px, 100vw\" \/><\/p>\n<h2>A\u00e7\u0131k Deniz Vin\u00e7 Hidrolik Silindirinin Avantajlar\u0131<\/h2>\n<p>A\u00e7\u0131k Deniz Vin\u00e7 Hidrolik Silindiri, deniz ve end\u00fcstriyel uygulamalarda a\u00e7\u0131k deniz vin\u00e7lerinin performans\u0131n\u0131 ve g\u00fcvenilirli\u011fini art\u0131ran bir\u00e7ok \u00f6nemli avantaj sunar.<\/p>\n<p>Ba\u015fl\u0131ca avantajlar\u0131ndan biri, a\u00e7\u0131k deniz operasyonlar\u0131nda s\u0131kl\u0131kla kar\u015f\u0131la\u015f\u0131lan a\u011f\u0131r y\u00fcklerin g\u00fcvenli bir \u015fekilde kald\u0131r\u0131lmas\u0131n\u0131 ve elle\u00e7lenmesini sa\u011flayan y\u00fcksek y\u00fck kapasitesidir. Bu kapasite, karma\u015f\u0131k kald\u0131rma g\u00f6revleri s\u0131ras\u0131nda operasyonel verimlili\u011fi ve g\u00fcvenli\u011fi korumak i\u00e7in olmazsa olmazd\u0131r.<\/p>\n<p>Hidrolik silindir ayn\u0131 zamanda hassas kontrol sa\u011flayarak bom konumland\u0131rmas\u0131nda sorunsuz ve hassas ayarlamalar yap\u0131lmas\u0131n\u0131 sa\u011flar. Bu hassasiyet, \u00f6zellikle ko\u015fullar\u0131n h\u0131zla de\u011fi\u015febildi\u011fi zorlu a\u00e7\u0131k deniz ortamlar\u0131nda g\u00fcvenli operasyonlar sa\u011flamak i\u00e7in hayati \u00f6nem ta\u015f\u0131r.<\/p>\n<p>Sa\u011flam malzemelerden \u00fcretilen silindir, tuzlu su, a\u015f\u0131nd\u0131r\u0131c\u0131 elementler ve a\u015f\u0131r\u0131 s\u0131cakl\u0131klar gibi zorlu deniz ko\u015fullar\u0131na dayanacak \u015fekilde tasarlanm\u0131\u015ft\u0131r. Bu dayan\u0131kl\u0131l\u0131k, uzun \u00f6m\u00fcrl\u00fc performans sa\u011flar ve s\u0131k s\u0131k de\u011fi\u015ftirme ihtiyac\u0131n\u0131 azalt\u0131r.<\/p>\n<p>Hidrolik tasar\u0131ma entegre edilmi\u015f geli\u015fmi\u015f g\u00fcvenlik \u00f6zellikleri de bir di\u011fer \u00f6nemli avantajd\u0131r. Bu \u00f6zellikler, a\u015f\u0131r\u0131 y\u00fcklemeyi \u00f6nlemeye ve g\u00fcvenli \u00e7al\u0131\u015fmay\u0131 sa\u011flayarak kald\u0131rma faaliyetleri s\u0131ras\u0131nda hem personeli hem de ekipman\u0131 korumaya yard\u0131mc\u0131 olur.<\/p>\n<p>Hidrolik sistem ayn\u0131 zamanda sorunsuz \u00e7al\u0131\u015fmay\u0131 kolayla\u015ft\u0131rarak hem silindirde hem de vincin kendisinde a\u015f\u0131nma ve y\u0131pranmay\u0131 en aza indirir. Bu sorunsuz i\u015flevsellik, genel operasyonel verimlili\u011fi art\u0131rmaya ve bak\u0131m gereksinimlerini azaltmaya yard\u0131mc\u0131 olur.<\/p>\n<p>Ayr\u0131ca hidrolik silindirin \u00e7ok y\u00f6nl\u00fcl\u00fc\u011f\u00fc, \u00e7e\u015fitli a\u00e7\u0131k deniz vin\u00e7 konfig\u00fcrasyonlar\u0131na uyarlanabilmesini sa\u011flayarak, in\u015faattan bak\u0131m ve sondaj g\u00f6revlerine kadar \u00e7ok \u00e7e\u015fitli uygulamalar i\u00e7in uygun hale getirir.<\/p>\n<p>Son olarak, hidrolik silindirin d\u00fc\u015f\u00fck bak\u0131m gereksinimleri, ar\u0131za s\u00fcrelerinin ve i\u015fletme maliyetlerinin azalt\u0131lmas\u0131na katk\u0131da bulunur. Tasar\u0131m\u0131, g\u00fcvenilirlik ve uzun \u00f6m\u00fcrl\u00fcl\u00fc\u011fe odaklanarak a\u00e7\u0131k deniz operasyonlar\u0131n\u0131n kesintisiz devam etmesini sa\u011flar.<\/p>\n<p>\u00d6zetle, A\u00e7\u0131k Deniz Vin\u00e7 Hidrolik Silindiri, a\u00e7\u0131k deniz vin\u00e7lerinin verimlili\u011fini, emniyetini ve g\u00fcvenilirli\u011fini optimize etmek ve zorlu deniz ortamlar\u0131ndaki performanslar\u0131n\u0131 \u00f6nemli \u00f6l\u00e7\u00fcde art\u0131rmak i\u00e7in olmazsa olmazd\u0131r.<\/p>\n<p data-sourcepos=\"14:1-14:90\"><img loading=\"lazy\" decoding=\"async\" class=\"alignnone wp-image-776\" src=\"https:\/\/fmp-components.com\/wp-content\/uploads\/2024\/12\/A-Type-Mast-Crane-Luffing-Cylinder-for-Offshore-Crane.webp\" alt=\"A\u00e7\u0131k Deniz Vin\u00e7leri i\u00e7in A Tipi Direkli Vin\u00e7 Kald\u0131rma Silindiri\" width=\"840\" height=\"442\" title=\"\"><\/p>\n<h3>FMP Hakk\u0131nda<\/h3>\n<p>FMP, hidrolik silindir \u00fcretimine odaklanm\u0131\u015f uzman bir mekanik \u00fcretim \u015firketidir. Kurulu\u015fundan bu yana \u015firket, hidrolik teknolojisinin ara\u015ft\u0131rma ve \u00fcretimine odaklanm\u0131\u015f ve hasat ve in\u015faat makinelerini de i\u00e7eren geni\u015f \u00fcr\u00fcn yelpazesinden, tar\u0131m trakt\u00f6r\u00fc bile\u015fenlerinde uzmanla\u015fmaya ba\u015far\u0131yla ge\u00e7i\u015f yapm\u0131\u015ft\u0131r. \u00dcretim ve y\u00f6netim alan\u0131nda on y\u0131l\u0131 a\u015fk\u0131n deneyimiyle FMP, geli\u015fmi\u015f \u00fcretim teknikleri sayesinde y\u00fcksek kaliteli \u00fcr\u00fcnler sunmaktad\u0131r.<\/p>\n<p>\u015eirketimiz geli\u015ftik\u00e7e, kapsaml\u0131 bir tala\u015fl\u0131 imalat \u00fcretim hatt\u0131, montaj hatt\u0131 ve kaplama hatt\u0131 geli\u015ftirdi. Ekibimiz, istikrarl\u0131 \u00fcretim kalitesini korurken s\u00fcre\u00e7 s\u00fcreklili\u011fini ve verimlili\u011fini etkili bir \u015fekilde kontrol etmek i\u00e7in birlikte \u00e7al\u0131\u015fan yetenekli y\u00f6netim personeli, deneyimli makine tasar\u0131mc\u0131lar\u0131 ve y\u00fcksek e\u011fitimli teknisyenlerden olu\u015fmaktad\u0131r.<\/p>\n<p>FMP, \u201cTeknolojik Yenilik \u0130lerlemeyi Te\u015fvik Eder, Kalite Marka Yarat\u0131r, \u0130\u015f\u00e7ilik Kaliteyi Sa\u011flar ve Uzun Vadeli Kazan-Kazan \u0130li\u015fkileri Kurar\u201d felsefesini benimser. Y\u00fcksek kaliteli \u00fcr\u00fcnler ve \u00fcst\u00fcn m\u00fc\u015fteri hizmeti sunma taahh\u00fcd\u00fcm\u00fcz, pazar\u0131n geli\u015fen ihtiya\u00e7lar\u0131n\u0131 kar\u015f\u0131lamaya devam ederken temel hedefimiz olmaya devam etmektedir.<\/p>\n<p><img loading=\"lazy\" decoding=\"async\" class=\"alignnone size-full wp-image-426\" src=\"https:\/\/fmp-components.com\/wp-content\/uploads\/2024\/12\/Sanitation-Machinery-Locking-Hydraulic-Cylinder-factory.webp\" sizes=\"(min-width: 0px) and (max-width: 480px) 480px, (min-width: 481px) and (max-width: 980px) 980px, (min-width: 981px) and (max-width: 1280px) 1280px, (min-width: 1281px) 1414px, 100vw\" srcset=\"https:\/\/fmp-components.com\/wp-content\/uploads\/2024\/12\/Sanitation-Machinery-Locking-Hydraulic-Cylinder-factory.webp 1414w, https:\/\/fmp-components.com\/wp-content\/uploads\/2024\/12\/Sanitation-Machinery-Locking-Hydraulic-Cylinder-factory-1280x529.webp 1280w, https:\/\/fmp-components.com\/wp-content\/uploads\/2024\/12\/Sanitation-Machinery-Locking-Hydraulic-Cylinder-factory-980x405.webp 980w, https:\/\/fmp-components.com\/wp-content\/uploads\/2024\/12\/Sanitation-Machinery-Locking-Hydraulic-Cylinder-factory-480x198.webp 480w\" alt=\"Sanitasyon-Makine-Kilitleme-Hidrolik-Silindir-Fabrikas\u0131\" width=\"1414\" height=\"584\" title=\"\"><\/p>\n<p>Yazar: CX<\/p>","protected":false},"excerpt":{"rendered":"<p>A\u00e7\u0131k Deniz Vin\u00e7leri i\u00e7in Hidrolik Silindir, vincin bomu ve di\u011fer \u00e7al\u0131\u015fma mekanizmalar\u0131 i\u00e7in gerekli kald\u0131rma ve indirme kuvvetini sa\u011flamak \u00fczere tasarlanm\u0131\u015f hayati bir bile\u015fendir. Bu hidrolik silindir, hassas kontrol ve hareket sa\u011flayarak zorlu a\u00e7\u0131k deniz ortamlar\u0131nda a\u011f\u0131r y\u00fcklerin g\u00fcvenli bir \u015fekilde ta\u015f\u0131nmas\u0131n\u0131 sa\u011flar. Y\u00fcksek mukavemetli malzemelerden \u00fcretilen bu silindir, tuzlu suya maruz kalma ve a\u015f\u0131r\u0131 hava ko\u015fullar\u0131 gibi zorlu deniz ko\u015fullar\u0131na dayanacak \u015fekilde tasarlanm\u0131\u015f olup dayan\u0131kl\u0131l\u0131k ve g\u00fcvenilirlik sa\u011flar. P\u00fcr\u00fczs\u00fcz hidrolik hareketi, h\u0131zl\u0131 ayarlamalar\u0131 kolayla\u015ft\u0131rarak kald\u0131rma i\u015flemleri s\u0131ras\u0131nda operasyonel verimlili\u011fi ve g\u00fcvenli\u011fi art\u0131r\u0131r. Bu hidrolik silindir, a\u00e7\u0131k deniz vin\u00e7lerinin performans\u0131n\u0131 optimize etmek i\u00e7in olmazsa olmazd\u0131r ve deniz in\u015faat\u0131, sondaj ve bak\u0131m faaliyetlerinin etkinli\u011fine \u00f6nemli \u00f6l\u00e7\u00fcde katk\u0131da bulunur.<\/p>","protected":false},"featured_media":770,"comment_status":"open","ping_status":"closed","template":"","meta":{"_et_pb_use_builder":"","_et_pb_old_content":"","_et_gb_content_width":""},"product_brand":[],"product_cat":[28],"product_tag":[],"class_list":{"0":"post-761","1":"product","2":"type-product","3":"status-publish","4":"has-post-thumbnail","6":"product_cat-offshore-hydraulic-cylinders","8":"first","9":"instock","10":"shipping-taxable","11":"product-type-simple"},"_links":{"self":[{"href":"https:\/\/fmp-components.com\/tr\/wp-json\/wp\/v2\/product\/761","targetHints":{"allow":["GET"]}}],"collection":[{"href":"https:\/\/fmp-components.com\/tr\/wp-json\/wp\/v2\/product"}],"about":[{"href":"https:\/\/fmp-components.com\/tr\/wp-json\/wp\/v2\/types\/product"}],"replies":[{"embeddable":true,"href":"https:\/\/fmp-components.com\/tr\/wp-json\/wp\/v2\/comments?post=761"}],"wp:featuredmedia":[{"embeddable":true,"href":"https:\/\/fmp-components.com\/tr\/wp-json\/wp\/v2\/media\/770"}],"wp:attachment":[{"href":"https:\/\/fmp-components.com\/tr\/wp-json\/wp\/v2\/media?parent=761"}],"wp:term":[{"taxonomy":"product_brand","embeddable":true,"href":"https:\/\/fmp-components.com\/tr\/wp-json\/wp\/v2\/product_brand?post=761"},{"taxonomy":"product_cat","embeddable":true,"href":"https:\/\/fmp-components.com\/tr\/wp-json\/wp\/v2\/product_cat?post=761"},{"taxonomy":"product_tag","embeddable":true,"href":"https:\/\/fmp-components.com\/tr\/wp-json\/wp\/v2\/product_tag?post=761"}],"curies":[{"name":"wp","href":"https:\/\/api.w.org\/{rel}","templated":true}]}}