{"id":7460,"date":"2025-03-26T08:31:31","date_gmt":"2025-03-26T08:31:31","guid":{"rendered":"https:\/\/fmp-components.com\/?post_type=product&#038;p=7460"},"modified":"2025-03-26T08:38:13","modified_gmt":"2025-03-26T08:38:13","slug":"spur-gears-european-standard","status":"publish","type":"product","link":"https:\/\/fmp-components.com\/tr\/product\/spur-gears-european-standard\/","title":{"rendered":"D\u00fcz Di\u015fliler (Avrupa Standard\u0131)"},"content":{"rendered":"<div>\n<h3>FMP taraf\u0131ndan \u00fcretilen y\u00fcksek kaliteli d\u00fcz di\u015fli \u00e7arklar (Avrupa Standard\u0131)<\/h3>\n<p class=\"break-words\">FMP, \u00e7e\u015fitli sekt\u00f6rlerin ihtiya\u00e7lar\u0131n\u0131 kar\u015f\u0131lamak \u00fczere tasarlanm\u0131\u015f geni\u015f bir yelpazede d\u00fcz di\u015fli \u00e7ark (Avrupa Standard\u0131) sunan, \u00f6nde gelen bir \u0130talyan d\u00fcz di\u015fli \u00e7ark \u00fcreticisidir. D\u00fcz di\u015fli \u00e7arklar\u0131m\u0131z, DIN standard\u0131 gibi Avrupa standartlar\u0131na uygun olup, ola\u011fan\u00fcst\u00fc hassasiyet ve g\u00fcvenilirlik sa\u011flar. \u0130ster makine m\u00fchendisli\u011fi, ister otomotiv, ister havac\u0131l\u0131k sekt\u00f6rlerinde olun, FMP ihtiya\u00e7lar\u0131n\u0131za g\u00f6re uyarlanm\u0131\u015f birinci s\u0131n\u0131f \u00fcr\u00fcnler sunar. Standart \u00fcr\u00fcnlerimizin \u00f6tesinde, \u00f6zel d\u00fcz di\u015fli \u00e7ark \u00e7\u00f6z\u00fcmlerinde uzmanla\u015fm\u0131\u015f durumday\u0131z. \u00dcr\u00fcn listemizde ihtiyac\u0131n\u0131z olan belirli modeli bulamazsan\u0131z endi\u015felenmeyin; bu, hen\u00fcz y\u00fcklemedi\u011fimiz anlam\u0131na gelir. \u0130htiya\u00e7lar\u0131n\u0131z\u0131 bize e-posta ile iletebilirsiniz ve yetenekli m\u00fchendislerimiz 24 saat i\u00e7inde profesyonel bir \u00e7\u00f6z\u00fcmle yan\u0131t verecektir.<\/p>\n<h3>\u015eartname<\/h3>\n<\/div>\n<p><img loading=\"lazy\" decoding=\"async\" class=\"size-full wp-image-7461 aligncenter\" src=\"https:\/\/fmp-components.com\/wp-content\/uploads\/2025\/03\/hex5.webp\" alt=\"D\u00fcz Di\u015fliler (Avrupa Standard\u0131)\" width=\"664\" height=\"934\" title=\"\" srcset=\"https:\/\/fmp-components.com\/wp-content\/uploads\/2025\/03\/hex5.webp 664w, https:\/\/fmp-components.com\/wp-content\/uploads\/2025\/03\/hex5-480x675.webp 480w\" sizes=\"(min-width: 0px) and (max-width: 480px) 480px, (min-width: 481px) 664px, 100vw\" \/> <img loading=\"lazy\" decoding=\"async\" class=\"size-full wp-image-7462 aligncenter\" src=\"https:\/\/fmp-components.com\/wp-content\/uploads\/2025\/03\/hex5-1.webp\" alt=\"D\u00fcz Di\u015fliler (Avrupa Standard\u0131)\" width=\"664\" height=\"918\" title=\"\" srcset=\"https:\/\/fmp-components.com\/wp-content\/uploads\/2025\/03\/hex5-1.webp 664w, https:\/\/fmp-components.com\/wp-content\/uploads\/2025\/03\/hex5-1-480x664.webp 480w\" sizes=\"(min-width: 0px) and (max-width: 480px) 480px, (min-width: 481px) 664px, 100vw\" \/><\/p>\n<div>\n<h3>\u0130talya'ya Yerel Uzmanl\u0131kla Hizmet Veriyoruz<\/h3>\n<p class=\"break-words\">\u00dcr\u00fcnlerimiz \u0130talya'da ve d\u00fcnyan\u0131n d\u00f6rt bir yan\u0131nda g\u00fcvenilir olup, i\u015fletmelere ba\u015far\u0131ya ula\u015fmalar\u0131na yard\u0131mc\u0131 olan y\u00fcksek kaliteli ekipman \u00e7\u00f6z\u00fcmleri sunmaktad\u0131r. FMP'yi se\u00e7ti\u011finizde, m\u00fckemmelli\u011fe kendini adam\u0131\u015f, standart ve \u00f6zel \u00e7\u00f6z\u00fcmler sunan bir \u0130talyan \u015firketiyle \u00e7al\u0131\u015fm\u0131\u015f olursunuz. <a href=\"https:\/\/fmp-components.com\/tr\/spur-gear-2\/\">mahmuzlu di\u015fliler<\/a> Operasyonlar\u0131n\u0131z\u0131 geli\u015ftirmek i\u00e7in. Bug\u00fcn bizimle ileti\u015fime ge\u00e7in ve Avrupa Standartlar\u0131na uygun d\u00fcz di\u015fli \u00e7arklar konusundaki uzmanl\u0131\u011f\u0131m\u0131zla i\u015fletmenizin geli\u015fmesine yard\u0131mc\u0131 olal\u0131m!<\/p>\n<\/div>","protected":false},"excerpt":{"rendered":"<p>High-Quality Spur Gears (European Standard) by FMP FMP is a leading Italian manufacturer of Spur Gears (European Standard), offering a wide range of spur gears designed to meet the needs of various industries. Our spur gears comply with European standards, such as the DIN standard, ensuring exceptional precision and reliability. Whether you\u2019re in mechanical engineering, [&hellip;]<\/p>","protected":false},"featured_media":7463,"comment_status":"open","ping_status":"closed","template":"","meta":{"_et_pb_use_builder":"","_et_pb_old_content":"","_et_gb_content_width":""},"product_brand":[],"product_cat":[109],"product_tag":[],"class_list":{"0":"post-7460","1":"product","2":"type-product","3":"status-publish","4":"has-post-thumbnail","6":"product_cat-spur-gear","8":"first","9":"instock","10":"shipping-taxable","11":"product-type-simple"},"_links":{"self":[{"href":"https:\/\/fmp-components.com\/tr\/wp-json\/wp\/v2\/product\/7460","targetHints":{"allow":["GET"]}}],"collection":[{"href":"https:\/\/fmp-components.com\/tr\/wp-json\/wp\/v2\/product"}],"about":[{"href":"https:\/\/fmp-components.com\/tr\/wp-json\/wp\/v2\/types\/product"}],"replies":[{"embeddable":true,"href":"https:\/\/fmp-components.com\/tr\/wp-json\/wp\/v2\/comments?post=7460"}],"wp:featuredmedia":[{"embeddable":true,"href":"https:\/\/fmp-components.com\/tr\/wp-json\/wp\/v2\/media\/7463"}],"wp:attachment":[{"href":"https:\/\/fmp-components.com\/tr\/wp-json\/wp\/v2\/media?parent=7460"}],"wp:term":[{"taxonomy":"product_brand","embeddable":true,"href":"https:\/\/fmp-components.com\/tr\/wp-json\/wp\/v2\/product_brand?post=7460"},{"taxonomy":"product_cat","embeddable":true,"href":"https:\/\/fmp-components.com\/tr\/wp-json\/wp\/v2\/product_cat?post=7460"},{"taxonomy":"product_tag","embeddable":true,"href":"https:\/\/fmp-components.com\/tr\/wp-json\/wp\/v2\/product_tag?post=7460"}],"curies":[{"name":"wp","href":"https:\/\/api.w.org\/{rel}","templated":true}]}}