{"id":7437,"date":"2025-03-26T06:16:07","date_gmt":"2025-03-26T06:16:07","guid":{"rendered":"https:\/\/fmp-components.com\/?post_type=product&#038;p=7437"},"modified":"2025-03-26T08:37:43","modified_gmt":"2025-03-26T08:37:43","slug":"nylon-spur-gears","status":"publish","type":"product","link":"https:\/\/fmp-components.com\/tr\/product\/nylon-spur-gears\/","title":{"rendered":"Naylon D\u00fcz Di\u015fliler"},"content":{"rendered":"<h2>Naylon Di\u015fli \u00c7arklar Nedir?<\/h2>\n<p class=\"break-words\">Naylon <a href=\"https:\/\/fmp-components.com\/tr\/spur-gear-2\/\">D\u00fcz Di\u015fliler<\/a> Plastik di\u015fliler, ola\u011fan\u00fcst\u00fc \u00f6zellikleri nedeniyle end\u00fcstrilerde yayg\u0131n olarak kullan\u0131lan bir t\u00fcrd\u00fcr. MC Naylon (bir poliamid re\u00e7ine) ve poliasetal (POM) gibi m\u00fchendislik plastiklerinden \u00fcretilen bu di\u015fliler, silindirik bir y\u00fczey \u00fczerinde d\u00fcz di\u015flere sahiptir ve bu da onlar\u0131 paralel miller aras\u0131nda hareket ve g\u00fc\u00e7 iletimi i\u00e7in ideal hale getirir. Hafif tasar\u0131mlar\u0131, paslanmaz yap\u0131lar\u0131 ve sessiz \u00e7al\u0131\u015fmalar\u0131 sayesinde g\u0131da \u00fcretimi, t\u00fcketici elektroni\u011fi, kimya, oyuncak ve t\u0131bbi ekipman gibi sekt\u00f6rlerde \u00f6nem ta\u015f\u0131rlar.<\/p>\n<p><img loading=\"lazy\" decoding=\"async\" class=\"size-full wp-image-7447 aligncenter\" src=\"https:\/\/fmp-components.com\/wp-content\/uploads\/2025\/03\/Nylon-Spur-Gears-2.webp\" alt=\"Naylon-D\u00fcz Di\u015fliler\" width=\"1024\" height=\"800\" title=\"\" srcset=\"https:\/\/fmp-components.com\/wp-content\/uploads\/2025\/03\/Nylon-Spur-Gears-2.webp 1024w, https:\/\/fmp-components.com\/wp-content\/uploads\/2025\/03\/Nylon-Spur-Gears-2-980x766.webp 980w, https:\/\/fmp-components.com\/wp-content\/uploads\/2025\/03\/Nylon-Spur-Gears-2-480x375.webp 480w\" sizes=\"(min-width: 0px) and (max-width: 480px) 480px, (min-width: 481px) and (max-width: 980px) 980px, (min-width: 981px) 1024px, 100vw\" \/><\/p>\n<div>\n<h2>Naylon Di\u015fli \u00c7arklar\u0131 Neden Tercih Etmelisiniz?<\/h2>\n<h3>Temel Avantajlar<\/h3>\n<ul class=\"marker:text-secondary\">\n<li class=\"break-words\"><strong>Hafif<\/strong>Metal di\u015flilere k\u0131yasla, naylon d\u00fcz di\u015fliler makinelerin a\u011f\u0131rl\u0131\u011f\u0131n\u0131 \u00f6nemli \u00f6l\u00e7\u00fcde azaltarak verimlili\u011fi art\u0131r\u0131r.<\/li>\n<li class=\"break-words\"><strong>Paslanmaz<\/strong>\u00c7elikten farkl\u0131 olarak naylon korozyona u\u011framaz, bu da onu nemli veya a\u015f\u0131nd\u0131r\u0131c\u0131 ortamlar i\u00e7in m\u00fckemmel k\u0131lar.<\/li>\n<li class=\"break-words\"><strong>Sessiz \u00c7al\u0131\u015fma<\/strong>\u0130\u00e7erdikleri kayganl\u0131k sayesinde, t\u00fcketici elektroni\u011fi veya t\u0131bbi cihazlar i\u00e7in ideal olan, sorunsuz ve sessiz bir performans sa\u011flarlar.<\/li>\n<li class=\"break-words\"><strong>Kendinden Ya\u011flamal\u0131<\/strong>Bir\u00e7ok naylon di\u015fli, metal di\u015flilerle e\u015fle\u015ftirildi\u011finde ek ya\u011flama gerektirmeden \u00e7al\u0131\u015f\u0131r ve bu da bak\u0131m maliyetlerini d\u00fc\u015f\u00fcr\u00fcr.<\/li>\n<li class=\"break-words\"><strong>Maliyet Etkin<\/strong>Enjeksiyon kal\u0131plama, daha d\u00fc\u015f\u00fck maliyetle b\u00fcy\u00fck \u00f6l\u00e7ekli \u00fcretime olanak tan\u0131r.<\/li>\n<\/ul>\n<h3>\u0130talya genelinde ba\u015fvurular<\/h3>\n<p class=\"break-words\">Milano'daki g\u0131da i\u015fleme tesislerinden Floransa'daki oyuncak \u00fcretimine ve Bologna'daki t\u0131bbi ekipman \u00fcretimine kadar, naylon d\u00fcz di\u015fli \u00e7arklar \u00e7ok y\u00f6nl\u00fc bir tercihtir. Nemli iklim nedeniyle neme dayan\u0131kl\u0131l\u0131\u011f\u0131n \u00f6nemli oldu\u011fu Venedik'te ise paslanmaz \u00f6zellikleri \u00f6ne \u00e7\u0131kmaktad\u0131r.<\/p>\n<h2>B\u00fcy\u00fcn\u00fcn Ard\u0131ndaki Malzemeler<\/h2>\n<p class=\"break-words\">FMP \u015eirketi a\u015fa\u011f\u0131daki gibi y\u00fcksek performansl\u0131 plastikler kullanmaktad\u0131r:<\/p>\n<ul class=\"marker:text-secondary\">\n<li class=\"break-words\"><strong>MC Naylon<\/strong>Y\u00fcksek mukavemeti ve termal kararl\u0131l\u0131\u011f\u0131yla bilinen bu malzeme, standart PS ve PSA serilerimizin vazge\u00e7ilmez bir bile\u015fenidir.<\/li>\n<li class=\"break-words\"><strong>Asetal Kopolimer (POM)<\/strong>Kristal yap\u0131l\u0131, m\u00fckemmel kimyasal diren\u00e7 ve dayan\u0131kl\u0131l\u0131k sunan bir termoplastik malzeme olup, kal\u0131planm\u0131\u015f d\u00fcz di\u015fli \u00e7arklar\u0131m\u0131zda kullan\u0131lmaktad\u0131r.<\/li>\n<\/ul>\n<p class=\"break-words\">S\u0131cakl\u0131k de\u011fi\u015fimlerinin y\u00fcksek oldu\u011fu veya a\u011f\u0131r y\u00fcklerin s\u00f6z konusu oldu\u011fu zorlu uygulamalar i\u00e7in, plastik malzemenin avantajlar\u0131ndan \u00f6d\u00fcn vermeden dayan\u0131kl\u0131l\u0131\u011f\u0131 sa\u011flamak amac\u0131yla naylon di\u015flere kaynaklanm\u0131\u015f veya vidalanm\u0131\u015f metal g\u00f6bekler (\u00f6rne\u011fin, S45C veya paslanmaz \u00e7elik) kullanabiliriz.<\/p>\n<h3>Mekanik ve Termal \u00d6zellikler<\/h3>\n<p class=\"break-words\">\u0130\u015fte bu malzemeleri \u00f6ne \u00e7\u0131karan \u00f6zelliklerin k\u0131sa bir \u00f6zeti:<\/p>\n<div class=\"overflow-x-auto my-2\">\n<table style=\"width: 100%;\" border=\"1\" width=\"100%\" cellspacing=\"0\" cellpadding=\"0\">\n<thead class=\"border-b border-primary\/20\">\n<tr class=\"border-primary\/10\">\n<th class=\"break-words\"><strong>M\u00fclk<\/strong><\/th>\n<th class=\"break-words\"><strong>MC Naylon<\/strong><\/th>\n<th class=\"break-words\"><strong>Asetal Kopolimer<\/strong><\/th>\n<\/tr>\n<\/thead>\n<tbody>\n<tr class=\"border-primary\/10\">\n<td class=\"break-words\"><strong>\u00c7ekme Dayan\u0131m\u0131<\/strong><\/td>\n<td class=\"break-words\">Y\u00fcksek<\/td>\n<td class=\"break-words\">Il\u0131man<\/td>\n<\/tr>\n<tr class=\"border-primary\/10\">\n<td class=\"break-words\"><strong>Termal Genle\u015fme<\/strong><\/td>\n<td class=\"break-words\">9\u00d710\u207b\u2075 \/\u00b0C<\/td>\n<td class=\"break-words\">Naylondan daha d\u00fc\u015f\u00fck<\/td>\n<\/tr>\n<tr class=\"border-primary\/10\">\n<td class=\"break-words\"><strong>Kimyasal Diren\u00e7<\/strong><\/td>\n<td class=\"break-words\">Harika<\/td>\n<td class=\"break-words\">Harika<\/td>\n<\/tr>\n<tr class=\"border-primary\/10\">\n<td class=\"break-words\"><strong>Su Emilimi<\/strong><\/td>\n<td class=\"break-words\">Daha y\u00fcksek<\/td>\n<td class=\"break-words\">Daha d\u00fc\u015f\u00fck<\/td>\n<\/tr>\n<\/tbody>\n<\/table>\n<\/div>\n<p class=\"break-words\"><em>Not<\/em>MC Naylon verileri kuru ko\u015fullara dayanmaktad\u0131r; mukavemet s\u0131cakl\u0131k art\u0131\u015f\u0131yla veya nem emilimiyle azal\u0131r.<\/p>\n<div>\n<h4>Boyutsal De\u011fi\u015fim \u00d6rne\u011fi<\/h4>\n<p class=\"break-words\">20\u00b0C'de bulunan 1010 mm uzunlu\u011funda bir MC Naylon di\u015fli \u00e7ark\u0131n\u0131 ele alal\u0131m. S\u0131cakl\u0131k 40\u00b0C'ye y\u00fckselirse:<\/p>\n<ul class=\"marker:text-secondary\">\n<li class=\"break-words\"><strong>Do\u011frusal Geni\u015fleme Katsay\u0131s\u0131<\/strong>: 9\u00d710\u207b\u2075 \/\u00b0C<\/li>\n<li class=\"break-words\"><strong>Hesaplama<\/strong>Boyutsal De\u011fi\u015fim = 9\u00d710\u207b\u2075 \u00d7 1010 mm \u00d7 20\u00b0C = 1,818 mm<\/li>\n<\/ul>\n<p class=\"break-words\">Bu uzama, tasar\u0131mda termal ve nem etkilerinin dikkate al\u0131nmas\u0131 gerekti\u011finin alt\u0131n\u0131 \u00e7iziyor; FMP'nin m\u00fchendisleri bu konuyu ustal\u0131kla ele al\u0131yor.<\/p>\n<div>\n<h2>FMP \u015eirketi: Naylon Di\u015fli \u00c7ark Uzmanlar\u0131n\u0131z<\/h2>\n<p class=\"break-words\">At <strong>FMP \u015eirketi<\/strong>\u0130talya ve \u00f6tesindeki \u00e7e\u015fitli ihtiya\u00e7lar\u0131 kar\u015f\u0131lamak \u00fczere geni\u015f bir yelpazede naylon d\u00fcz di\u015fli \u00e7ark \u00fcretimi konusunda uzmanla\u015fm\u0131\u015f bulunuyoruz. \u00dcr\u00fcnlerimiz \u015funlard\u0131r:<\/p>\n<ul class=\"marker:text-secondary\">\n<li class=\"break-words\"><strong>DSL Serisi<\/strong>Di\u015fliler ve akslar i\u00e7in kolay sabitleme.<\/li>\n<li class=\"break-words\"><strong>NSU ve PU Serisi<\/strong>: Daha fazla dayan\u0131kl\u0131l\u0131k ve i\u015fleme kolayl\u0131\u011f\u0131 i\u00e7in metal \u00e7ekirdekli naylon di\u015fler.<\/li>\n<li class=\"break-words\"><strong>PS ve PSA Serisi<\/strong>: Standart MC Naylon se\u00e7enekleri, PSA'da \u00e7\u0131k\u0131nt\u0131s\u0131z tasar\u0131m \u00f6zelli\u011fiyle sunulmaktad\u0131r.<\/li>\n<li class=\"break-words\"><strong>DS Serisi<\/strong>Enjeksiyon kal\u0131plama y\u00f6ntemiyle \u00fcretilen, uygun maliyetli ve d\u00fc\u015f\u00fck mukavemetli di\u015fliler.<\/li>\n<\/ul>\n<h3>\u00d6zel \u00c7\u00f6z\u00fcmler<\/h3>\n<p class=\"break-words\">Katalo\u011fumuzda ihtiyac\u0131n\u0131z olan modeli bulamad\u0131n\u0131z m\u0131? Sorun de\u011fil! FMP \u015eirketi \u00f6zel sipari\u015flerde uzmand\u0131r. \u0130ster Milano'da t\u00fcketici elektroni\u011fi tasarl\u0131yor olun, ister Venedik'te kimyasal ekipman \u00fcretiyor olun, \u00f6zelliklerinize g\u00f6re \u00f6zel di\u015fliler \u00fcretece\u011fiz. Bir model listede yoksa, hen\u00fcz y\u00fcklemedi\u011fimiz anlam\u0131na gelir. Bize e-posta g\u00f6nderin: <a href=\"mailto:info@fmpcomponents.it\">info@fmpcomponents.it<\/a> \u0130htiya\u00e7lar\u0131n\u0131z\u0131 belirtin, m\u00fchendislerimiz en k\u0131sa s\u00fcrede size yan\u0131t verecektir. <strong>24 saat<\/strong> Bir \u00e7\u00f6z\u00fcmle birlikte.<\/p>\n<table style=\"border-collapse: collapse; width: 99.375%; height: 66px;\" border=\"0\" width=\"240\" cellspacing=\"0\" cellpadding=\"0\">\n<tbody>\n<tr style=\"height: 14.40pt;\">\n<td style=\"height: 14.40pt; width: 48.00pt;\" align=\"right\" width=\"80\" height=\"24\"><img loading=\"lazy\" decoding=\"async\" class=\"alignnone size-full wp-image-7448\" src=\"https:\/\/fmp-components.com\/wp-content\/uploads\/2025\/03\/nylon-spur-gear-5.webp\" alt=\"naylon di\u015fli \u00e7ark\" width=\"768\" height=\"768\" title=\"\" srcset=\"https:\/\/fmp-components.com\/wp-content\/uploads\/2025\/03\/nylon-spur-gear-5.webp 768w, https:\/\/fmp-components.com\/wp-content\/uploads\/2025\/03\/nylon-spur-gear-5-480x480.webp 480w\" sizes=\"(min-width: 0px) and (max-width: 480px) 480px, (min-width: 481px) 768px, 100vw\" \/><\/td>\n<td style=\"width: 48.00pt;\" align=\"right\" width=\"80\"><img loading=\"lazy\" decoding=\"async\" class=\"alignnone size-full wp-image-7449\" src=\"https:\/\/fmp-components.com\/wp-content\/uploads\/2025\/03\/nylon-spur-gear-6.webp\" alt=\"naylon di\u015fli \u00e7ark\" width=\"750\" height=\"750\" title=\"\" srcset=\"https:\/\/fmp-components.com\/wp-content\/uploads\/2025\/03\/nylon-spur-gear-6.webp 750w, https:\/\/fmp-components.com\/wp-content\/uploads\/2025\/03\/nylon-spur-gear-6-480x480.webp 480w\" sizes=\"(min-width: 0px) and (max-width: 480px) 480px, (min-width: 481px) 750px, 100vw\" \/><\/td>\n<td style=\"width: 48.00pt;\" align=\"right\" width=\"80\"><img loading=\"lazy\" decoding=\"async\" class=\"alignnone size-full wp-image-7450\" src=\"https:\/\/fmp-components.com\/wp-content\/uploads\/2025\/03\/nylon-spur-gear-7.webp\" alt=\"naylon di\u015fli \u00e7ark\" width=\"540\" height=\"540\" title=\"\" srcset=\"https:\/\/fmp-components.com\/wp-content\/uploads\/2025\/03\/nylon-spur-gear-7.webp 540w, https:\/\/fmp-components.com\/wp-content\/uploads\/2025\/03\/nylon-spur-gear-7-480x480.webp 480w\" sizes=\"(min-width: 0px) and (max-width: 480px) 480px, (min-width: 481px) 540px, 100vw\" \/><\/td>\n<\/tr>\n<\/tbody>\n<\/table>\n<\/div>\n<\/div>\n<\/div>","protected":false},"excerpt":{"rendered":"<p>What Are Nylon Spur Gears? Nylon Spur Gears are a type of plastic gear widely used across industries for their exceptional properties. Made from engineering plastics like MC Nylon (a polyamide resin) and polyacetal (POM), these gears feature straight teeth on a cylindrical surface, making them ideal for transmitting motion and power between parallel shafts. [&hellip;]<\/p>","protected":false},"featured_media":7445,"comment_status":"open","ping_status":"closed","template":"","meta":{"_et_pb_use_builder":"","_et_pb_old_content":"","_et_gb_content_width":""},"product_brand":[],"product_cat":[109],"product_tag":[],"class_list":{"0":"post-7437","1":"product","2":"type-product","3":"status-publish","4":"has-post-thumbnail","6":"product_cat-spur-gear","8":"first","9":"instock","10":"shipping-taxable","11":"product-type-simple"},"_links":{"self":[{"href":"https:\/\/fmp-components.com\/tr\/wp-json\/wp\/v2\/product\/7437","targetHints":{"allow":["GET"]}}],"collection":[{"href":"https:\/\/fmp-components.com\/tr\/wp-json\/wp\/v2\/product"}],"about":[{"href":"https:\/\/fmp-components.com\/tr\/wp-json\/wp\/v2\/types\/product"}],"replies":[{"embeddable":true,"href":"https:\/\/fmp-components.com\/tr\/wp-json\/wp\/v2\/comments?post=7437"}],"wp:featuredmedia":[{"embeddable":true,"href":"https:\/\/fmp-components.com\/tr\/wp-json\/wp\/v2\/media\/7445"}],"wp:attachment":[{"href":"https:\/\/fmp-components.com\/tr\/wp-json\/wp\/v2\/media?parent=7437"}],"wp:term":[{"taxonomy":"product_brand","embeddable":true,"href":"https:\/\/fmp-components.com\/tr\/wp-json\/wp\/v2\/product_brand?post=7437"},{"taxonomy":"product_cat","embeddable":true,"href":"https:\/\/fmp-components.com\/tr\/wp-json\/wp\/v2\/product_cat?post=7437"},{"taxonomy":"product_tag","embeddable":true,"href":"https:\/\/fmp-components.com\/tr\/wp-json\/wp\/v2\/product_tag?post=7437"}],"curies":[{"name":"wp","href":"https:\/\/api.w.org\/{rel}","templated":true}]}}