{"id":7423,"date":"2025-03-26T04:00:13","date_gmt":"2025-03-26T04:00:13","guid":{"rendered":"https:\/\/fmp-components.com\/?post_type=product&#038;p=7423"},"modified":"2025-03-26T08:37:09","modified_gmt":"2025-03-26T08:37:09","slug":"double-spur-gear","status":"publish","type":"product","link":"https:\/\/fmp-components.com\/tr\/product\/double-spur-gear\/","title":{"rendered":"\u00c7ift Mahmuzlu Di\u015fli"},"content":{"rendered":"<h2>\u00c7ift Mahmuzlu Di\u015fliler: FMP \u015eirketi Taraf\u0131ndan \u0130talya ve \u00d6tesi \u0130\u00e7in Tasarlanm\u0131\u015f M\u00fckemmellik<\/h2>\n<p class=\"break-words\">\u0130talya merkezli lider bir \u00c7ift Mahmuzlu Di\u015fli \u00fcreticisi olan FMP \u015eirketi, Milano, Venedik, Floransa ve Bologna gibi \u00f6nemli \u0130talyan pazarlar\u0131 da dahil olmak \u00fczere d\u00fcnya \u00e7ap\u0131ndaki end\u00fcstrilere y\u00fcksek kaliteli di\u015fli \u00e7\u00f6z\u00fcmleri sunmaktan gurur duymaktad\u0131r. Plastik \u00c7ift Mahmuzlu Di\u015fliler de dahil olmak \u00fczere geni\u015f bir \u00c7ift Mahmuzlu Di\u015fli yelpazesinde uzmanla\u015fm\u0131\u015ft\u0131r. <a href=\"https:\/\/fmp-components.com\/tr\/spur-gear-2\/\">D\u00fcz Di\u015fliler<\/a>\u2014benzersiz ihtiya\u00e7lar\u0131n\u0131z\u0131 kar\u015f\u0131lamak i\u00e7in hassas m\u00fchendisli\u011fi \u00f6zelle\u015ftirme yetenekleriyle birle\u015ftiriyoruz.<\/p>\n<p><img loading=\"lazy\" decoding=\"async\" class=\"size-full wp-image-7434 aligncenter\" src=\"https:\/\/fmp-components.com\/wp-content\/uploads\/2025\/03\/double-spur-gear.webp\" alt=\"\u00e7ift \u200b\u200bmahmuzlu di\u015fli\" width=\"1024\" height=\"862\" title=\"\" srcset=\"https:\/\/fmp-components.com\/wp-content\/uploads\/2025\/03\/double-spur-gear.webp 1024w, https:\/\/fmp-components.com\/wp-content\/uploads\/2025\/03\/double-spur-gear-980x825.webp 980w, https:\/\/fmp-components.com\/wp-content\/uploads\/2025\/03\/double-spur-gear-480x404.webp 480w\" sizes=\"(min-width: 0px) and (max-width: 480px) 480px, (min-width: 481px) and (max-width: 980px) 980px, (min-width: 981px) 1024px, 100vw\" \/><\/p>\n<h2>\u00c7ift Mahmuzlu Di\u015fliler Nelerdir?<\/h2>\n<p class=\"break-words\">Genellikle d\u00fcz di\u015fliler olarak da adland\u0131r\u0131lan \u00c7ift Mahmuzlu Di\u015fliler, en basit ve en yayg\u0131n olarak bilinen di\u015fli t\u00fcr\u00fcd\u00fcr. \u0130ki paralel \u015faft aras\u0131nda hareket ve g\u00fc\u00e7 iletmek \u00fczere tasarlanm\u0131\u015f olup, kusursuz bir \u015fekilde birbirine ge\u00e7en d\u00fcz di\u015flere sahiptir. \u0130ki \u00c7ift Mahmuzlu Di\u015fli birbirine ge\u00e7ti\u011finde, daha fazla di\u015fe sahip olan di\u015fliye \"di\u015fli\", daha az di\u015fe sahip olana ise \"pinyon\" denir.<\/p>\n<p class=\"break-words\">Basit tasar\u0131mlar\u0131 g\u00f6rselle\u015ftirmeyi ve uygulamay\u0131 kolayla\u015ft\u0131rsa da, \u00c7ift Mahmuzlu Di\u015flilerin \u00f6nemli bir dezavantaj\u0131 vard\u0131r: di\u015flilerin birbirine ge\u00e7mesi s\u0131ras\u0131nda di\u015flerin \u00e7arp\u0131\u015fmas\u0131 nedeniyle g\u00fcr\u00fclt\u00fc \u00fcretebilirler. Buna ra\u011fmen, verimlilikleri ve \u00e7ok y\u00f6nl\u00fcl\u00fckleri onlar\u0131 bir\u00e7ok end\u00fcstrideki mekanik sistemlerde vazge\u00e7ilmez k\u0131lar.<\/p>\n<p class=\"break-words\">FMP \u015eirketi olarak, uluslararas\u0131 standartlara uygun \u00c7ift Mahmuzlu Di\u015fliler \u00fcretiyoruz. Ortak boyut birimi \"mod\u00fcl\" (ISO y\u00f6nergelerine g\u00f6re) ve tipik bas\u0131n\u00e7 a\u00e7\u0131s\u0131 20 derecedir. Di\u015flilerimiz genellikle ticari makinelerde optimum performans i\u00e7in yayg\u0131n olarak kullan\u0131lan i\u00e7e do\u011fru k\u0131vr\u0131lm\u0131\u015f di\u015f profiline sahiptir.<\/p>\n<div>\n<h3>\u00c7ift Mahmuzlu Di\u015flilerin Temel Fonksiyonlar\u0131<\/h3>\n<p class=\"break-words\">\u00c7ift Mahmuzlu Di\u015fliler mekanik sistemlerin ayr\u0131lmaz bir par\u00e7as\u0131d\u0131r ve bir\u00e7ok kritik i\u015flevi sunar:<\/p>\n<ul class=\"marker:text-secondary\">\n<li class=\"break-words\"><strong>H\u0131z Ayar\u0131:<\/strong> Belirli uygulamalar i\u00e7in h\u0131z\u0131 d\u00fc\u015f\u00fcr\u00fcp torku art\u0131rmak veya tam tersine h\u0131z\u0131 art\u0131rmak i\u00e7in di\u015fli k\u00fc\u00e7\u00fcltmeyi sa\u011flarlar.<\/li>\n<li class=\"break-words\"><strong>Kuvvet Amplifikasyonu:<\/strong> K\u00fc\u00e7\u00fck, h\u0131zl\u0131 d\u00f6nen bir motor ve di\u015fli red\u00fckt\u00f6r\u00fc \u00f6nemli bir tork sa\u011flayabilir ve bu da \u00c7ift Mahmuzlu Di\u015flileri motorlu ekipmanlar i\u00e7in ideal hale getirir.<\/li>\n<li class=\"break-words\"><strong>Y\u00f6n De\u011fi\u015fikli\u011fi:<\/strong> \u0130ki di\u015fli birbirine ge\u00e7ti\u011finde, ikincisi ters y\u00f6nde d\u00f6ner. Diferansiyellerdeki konik di\u015fliler gibi \u00f6zel tasar\u0131mlar, g\u00fcc\u00fc a\u00e7\u0131lar (\u00f6rne\u011fin 90 derece) arac\u0131l\u0131\u011f\u0131yla yeniden y\u00f6nlendirebilir.<\/li>\n<\/ul>\n<p class=\"break-words\">Bu \u00f6zellikler, \u00c7ift Mahmuzlu Di\u015flileri end\u00fcstriyel makinelerden t\u00fcketici cihazlar\u0131na kadar \u00e7e\u015fitli uygulamalar i\u00e7in vazge\u00e7ilmez hale getirir.<\/p>\n<div>\n<h3>\u00c7ift Mahmuzlu Di\u015flilerin \u00c7ok Y\u00f6nl\u00fc Uygulamalar\u0131<\/h3>\n<p class=\"break-words\">FMP'nin \u00c7ift Mahmuzlu Di\u015flileri, a\u015fa\u011f\u0131dakiler de dahil olmak \u00fczere \u00e7ok \u00e7e\u015fitli end\u00fcstrilere g\u00fc\u00e7 sa\u011flar:<\/p>\n<ul class=\"marker:text-secondary\">\n<li class=\"break-words\">Tar\u0131m makineleri<\/li>\n<li class=\"break-words\">M\u00fchendislik ve in\u015faat ekipmanlar\u0131<\/li>\n<li class=\"break-words\">Fabrika otomasyonu ve end\u00fcstriyel robotlar<\/li>\n<li class=\"break-words\">Paketleme ve g\u0131da i\u015fleme makineleri<\/li>\n<li class=\"break-words\">Otomobil \u00fcretimi ve makine aletleri end\u00fcstrileri<\/li>\n<li class=\"break-words\">Malzeme ta\u015f\u0131ma ve bask\u0131 makineleri<\/li>\n<li class=\"break-words\">T\u0131bbi, kozmetik ve ah\u015fap\/cam i\u015fleme ekipmanlar\u0131<\/li>\n<li class=\"break-words\">Petrol, \u015feker \u00fcretimi, termik enerji \u00fcretimi ve daha fazlas\u0131<\/li>\n<\/ul>\n<p class=\"break-words\">Floransa'n\u0131n zanaat at\u00f6lyelerinden Milano'nun end\u00fcstriyel merkezlerine kadar, di\u015flilerimiz tutarl\u0131, y\u00fcksek performansl\u0131 sonu\u00e7lar sunar.<\/p>\n<h3>\u00dcr\u00fcn \u00d6zellikleri<\/h3>\n<p class=\"break-words\">\u00c7ift Mahmuzlu Di\u015flilerimiz \u00e7e\u015fitli malzeme ve konfig\u00fcrasyonlarda mevcuttur:<\/p>\n<ul class=\"marker:text-secondary\">\n<li class=\"break-words\"><strong>Malzemeler:<\/strong> C45 (1045), A3 (d\u00fc\u015f\u00fck karbonlu \u00e7elik), 40Cr, 20CrMnTi, 42CrMo, d\u00f6kme demir, s\u00fcnek demir, bak\u0131r, paslanmaz \u00e7elik ve plastikler.<\/li>\n<li class=\"break-words\"><strong>Is\u0131l \u0130\u015flem:<\/strong> Y\u00fcksek frekansl\u0131 s\u00f6nd\u00fcrme, karb\u00fcrleme, bilyal\u0131 p\u00fcsk\u00fcrtme, s\u00f6nd\u00fcrme ve temperleme, nitr\u00fcrleme.<\/li>\n<li class=\"break-words\"><strong>Y\u00fczey \u0130\u015flem:<\/strong> Siyah kaplama, galvanizleme, krom kaplama, \u00e7inko kaplama, kumlama, toz boya ve daha fazlas\u0131.<\/li>\n<li class=\"break-words\"><strong>Performans:<\/strong> Y\u00fcksek hassasiyet, a\u015f\u0131nma direnci, sa\u011flaml\u0131k, d\u00fc\u015f\u00fck g\u00fcr\u00fclt\u00fc ve d\u00fczg\u00fcn \u00e7al\u0131\u015fma.<\/li>\n<li class=\"break-words\"><strong>Standartlar:<\/strong> ANSI, DIN, JIS ve standart d\u0131\u015f\u0131 se\u00e7enekler.<\/li>\n<\/ul>\n<\/div>\n<div>\n<h2>FMP \u015eirketinin \u00dcretim Uzmanl\u0131\u011f\u0131<\/h2>\n<p class=\"break-words\">FMP Company olarak, ihtiya\u00e7lar\u0131n\u0131za g\u00f6re uyarlanm\u0131\u015f \u00c7ift Mahmuzlu Di\u015fliler \u00fcretmek i\u00e7in en son teknikleri kullan\u0131yoruz. Temel y\u00f6ntemimiz, di\u015fli freze tezgahlar\u0131 ve CNC i\u015fleme gibi geli\u015fmi\u015f aletler kullanarak di\u015fli kesmeyi i\u00e7erir. A\u015f\u0131r\u0131 hassasiyet veya sertli\u011fin kritik olmad\u0131\u011f\u0131 uygulamalar i\u00e7in s\u00fcrecimiz \u015funlar\u0131 i\u00e7erir:<\/p>\n<ol class=\"marker:text-secondary\">\n<li class=\"break-words\">Yuvarlak \u00e7ubuk malzeme kesimi<\/li>\n<li class=\"break-words\">Torna tezgah\u0131nda i\u015f par\u00e7alar\u0131n\u0131n tornalanmas\u0131<\/li>\n<li class=\"break-words\">Di\u015f kesme yoluyla di\u015f kesme<\/li>\n<li class=\"break-words\">P\u00fcr\u00fczs\u00fcz bir y\u00fczey i\u00e7in \u00e7apaks\u0131zla\u015ft\u0131rma<\/li>\n<li class=\"break-words\">Gerekti\u011finde set vida delikleri veya kama yollar\u0131 ekleme<\/li>\n<\/ol>\n<p class=\"break-words\">\u0130\u015fleme yeteneklerimiz kesmenin \u00f6tesine ge\u00e7erek CNC i\u015fleme, spline olu\u015fturma, di\u015f a\u00e7ma, merkezsiz ta\u015flama, delme, frezeleme, tornalama, bro\u015flama, di\u015f a\u00e7ma ve tel erezyon i\u015flemlerini de kapsamaktad\u0131r.<\/p>\n<p class=\"break-words\">Dayan\u0131kl\u0131l\u0131\u011f\u0131 art\u0131rmak i\u00e7in \u00c7ift Mahmuzlu Di\u015flilerimiz, y\u00fcksek mukavemet ve a\u011f\u0131r y\u00fckler alt\u0131nda deformasyona kar\u015f\u0131 diren\u00e7 sa\u011flayan entegre s\u00f6nd\u00fcrme ve temperleme i\u015fleminden ge\u00e7er. Ayr\u0131ca, y\u00fcksek frekansl\u0131 s\u00f6nd\u00fcrme, di\u015f sertli\u011fini ve a\u015f\u0131nma direncini art\u0131rarak uzun \u00f6m\u00fcrl\u00fc performans sa\u011flar.<\/p>\n<div>\n<h2>\u00d6zelle\u015ftirme: \u0130htiya\u00e7lar\u0131n\u0131za G\u00f6re \u00d6zel \u00c7ift Mahmuzlu Di\u015fliler<\/h2>\n<p class=\"break-words\">FMP \u015eirketi tasar\u0131m ve \u00fcretimde m\u00fckemmeldir <strong>\u00f6zel \u00c7ift Mahmuzlu Di\u015fliler<\/strong>, i\u00e7ermek <strong>plastik \u00c7ift Mahmuzlu Di\u015fliler<\/strong>, \u00f6zelliklerinize uyacak \u015fekilde. Belirli bir mod\u00fcl, bas\u0131n\u00e7 a\u00e7\u0131s\u0131, di\u015f say\u0131s\u0131 veya malzemeye ihtiyac\u0131n\u0131z olsun, m\u00fchendislerimiz bunlar\u0131 sa\u011flamak i\u00e7in donan\u0131ml\u0131d\u0131r.<\/p>\n<p class=\"break-words\">\u00dcr\u00fcn listemizde tam olarak ihtiyac\u0131n\u0131z olan modeli bulamazsan\u0131z endi\u015felenmeyin; katalo\u011fumuz s\u00fcrekli geni\u015fliyor ve baz\u0131 \u00fcr\u00fcnler hen\u00fcz listelenmemi\u015f olabilir. Bize \u015fu adresten e-posta g\u00f6nderebilirsiniz: <a href=\"mailto:info@fmpcomponents.it\">info@fmpcomponents.it<\/a>\u00a0\u0130htiya\u00e7lar\u0131n\u0131zla ilgili olarak ekibimiz size en k\u0131sa s\u00fcrede cevap verecektir. <strong>24 saat<\/strong> Ki\u015fiye \u00f6zel bir \u00e7\u00f6z\u00fcmle. Milano'dan Bologna'ya, \u0130talyan i\u015fletmelerinin ihtiya\u00e7lar\u0131n\u0131 hassasiyet ve h\u0131zla kar\u015f\u0131lamaya kararl\u0131y\u0131z.<\/p>\n<div>\n<h2>Zorlu Uygulamalar \u0130\u00e7in A\u011f\u0131r Hizmet Tipi \u00c7ift Mahmuzlu Di\u015fliler<\/h2>\n<p class=\"break-words\">Sa\u011flam \u00e7\u00f6z\u00fcmlere ihtiya\u00e7 duyan end\u00fcstriler i\u00e7in FMP Company, zorlu ko\u015fullara dayanacak \u015fekilde tasarlanm\u0131\u015f, a\u011f\u0131r hizmet tipi \u00c7ift Mahmuzlu Di\u015fliler \u00fcretmektedir. Bu di\u015fliler, makine kesimi, alevli kesim veya lazer kesim (daha ince malzemeler i\u00e7in) kullan\u0131larak, maliyet etkinli\u011fi ve hassasiyeti dengeleyerek \u00fcretilir. Yayg\u0131n uygulama alanlar\u0131 \u015funlard\u0131r:<\/p>\n<ul class=\"marker:text-secondary\">\n<li class=\"break-words\">Madencilik ve ta\u015f oca\u011f\u0131 i\u015fletmecili\u011fi<\/li>\n<li class=\"break-words\">Yap\u0131<\/li>\n<li class=\"break-words\">Deniz ve a\u00e7\u0131k deniz operasyonlar\u0131<\/li>\n<li class=\"break-words\">At\u0131k ve geri d\u00f6n\u00fc\u015f\u00fcm sistemleri<\/li>\n<li class=\"break-words\">Su ar\u0131tma tesisleri<\/li>\n<\/ul>\n<p class=\"break-words\">A\u011f\u0131r hizmet tipi di\u015flilerimiz sorunsuz kurulum ve ola\u011fan\u00fcst\u00fc uzun \u00f6m\u00fcr sa\u011flayarak, onlar\u0131 \u0130talya genelindeki i\u015fletmeler i\u00e7in g\u00fcvenilir bir se\u00e7im haline getirir.<\/p>\n<\/div>\n<\/div>\n<\/div>\n<\/div>","protected":false},"excerpt":{"rendered":"<p>Double Spur Gears: Engineered Excellence by FMP Company for Italy and Beyond As a leading Double Spur Gear manufacturer based in Italy, FMP Company is proud to deliver high-quality gear solutions to industries worldwide, including key Italian markets such as Milan, Venice, Florence, and Bologna. Specializing in a wide range of Double Spur Gears\u2014including plastic [&hellip;]<\/p>","protected":false},"featured_media":7433,"comment_status":"open","ping_status":"closed","template":"","meta":{"_et_pb_use_builder":"","_et_pb_old_content":"","_et_gb_content_width":""},"product_brand":[],"product_cat":[109],"product_tag":[],"class_list":{"0":"post-7423","1":"product","2":"type-product","3":"status-publish","4":"has-post-thumbnail","6":"product_cat-spur-gear","8":"first","9":"instock","10":"shipping-taxable","11":"product-type-simple"},"_links":{"self":[{"href":"https:\/\/fmp-components.com\/tr\/wp-json\/wp\/v2\/product\/7423","targetHints":{"allow":["GET"]}}],"collection":[{"href":"https:\/\/fmp-components.com\/tr\/wp-json\/wp\/v2\/product"}],"about":[{"href":"https:\/\/fmp-components.com\/tr\/wp-json\/wp\/v2\/types\/product"}],"replies":[{"embeddable":true,"href":"https:\/\/fmp-components.com\/tr\/wp-json\/wp\/v2\/comments?post=7423"}],"wp:featuredmedia":[{"embeddable":true,"href":"https:\/\/fmp-components.com\/tr\/wp-json\/wp\/v2\/media\/7433"}],"wp:attachment":[{"href":"https:\/\/fmp-components.com\/tr\/wp-json\/wp\/v2\/media?parent=7423"}],"wp:term":[{"taxonomy":"product_brand","embeddable":true,"href":"https:\/\/fmp-components.com\/tr\/wp-json\/wp\/v2\/product_brand?post=7423"},{"taxonomy":"product_cat","embeddable":true,"href":"https:\/\/fmp-components.com\/tr\/wp-json\/wp\/v2\/product_cat?post=7423"},{"taxonomy":"product_tag","embeddable":true,"href":"https:\/\/fmp-components.com\/tr\/wp-json\/wp\/v2\/product_tag?post=7423"}],"curies":[{"name":"wp","href":"https:\/\/api.w.org\/{rel}","templated":true}]}}