{"id":7420,"date":"2025-03-26T03:25:42","date_gmt":"2025-03-26T03:25:42","guid":{"rendered":"https:\/\/fmp-components.com\/?post_type=product&#038;p=7420"},"modified":"2025-03-26T08:36:10","modified_gmt":"2025-03-26T08:36:10","slug":"forging-spur-gear","status":"publish","type":"product","link":"https:\/\/fmp-components.com\/tr\/product\/forging-spur-gear\/","title":{"rendered":"D\u00f6vme Mahmuz Di\u015flisi"},"content":{"rendered":"<h2>D\u00f6vme D\u00fcz Di\u015fliler: FMP \u015eirketi Taraf\u0131ndan \u0130talya ve \u00d6tesi \u0130\u00e7in Hassas \u00dcretim<\/h2>\n<p class=\"break-words\">Y\u00fcksek kaliteli \u00fcretim s\u00f6z konusu oldu\u011funda <a href=\"https:\/\/fmp-components.com\/tr\/spur-gear-2\/\">mahmuzlu di\u015fliler<\/a>D\u00f6vme, k\u00f6kl\u00fc ve geli\u015fmi\u015f bir \u00fcretim tekni\u011fi olmaya devam etmektedir. FMP \u015eirketi olarak, Milano'nun otomotiv merkezlerinden Venedik'in m\u00fchendislik at\u00f6lyelerine, Floransa'n\u0131n makine yenilik\u00e7ilerinden Bologna'n\u0131n end\u00fcstriyel devlerine kadar \u0130talya genelindeki \u00e7e\u015fitli sekt\u00f6rlerin ihtiya\u00e7lar\u0131n\u0131 kar\u015f\u0131layan d\u00f6vme d\u00fcz di\u015fliler \u00fcretme konusunda uzmanla\u015fm\u0131\u015f bulunuyoruz. Otomotiv, havac\u0131l\u0131k, tar\u0131m, enerji ve daha bir\u00e7ok sekt\u00f6rdeki uygulamalar i\u00e7in minimum son i\u015flem gerektiren, mukavemet, dayan\u0131kl\u0131l\u0131k ve verimlilik sa\u011flayan, neredeyse nihai veya nihai \u015fekle yak\u0131n d\u00fcz di\u015fliler sunuyoruz.<\/p>\n<p><img loading=\"lazy\" decoding=\"async\" class=\"size-full wp-image-7421 aligncenter\" src=\"https:\/\/fmp-components.com\/wp-content\/uploads\/2025\/03\/forged-spur-gears-product-1.webp\" alt=\"d\u00f6vme d\u00fcz di\u015fliler\" width=\"2000\" height=\"800\" title=\"\" srcset=\"https:\/\/fmp-components.com\/wp-content\/uploads\/2025\/03\/forged-spur-gears-product-1.webp 2000w, https:\/\/fmp-components.com\/wp-content\/uploads\/2025\/03\/forged-spur-gears-product-1-1280x512.webp 1280w, https:\/\/fmp-components.com\/wp-content\/uploads\/2025\/03\/forged-spur-gears-product-1-980x392.webp 980w, https:\/\/fmp-components.com\/wp-content\/uploads\/2025\/03\/forged-spur-gears-product-1-480x192.webp 480w\" sizes=\"(min-width: 0px) and (max-width: 480px) 480px, (min-width: 481px) and (max-width: 980px) 980px, (min-width: 981px) and (max-width: 1280px) 1280px, (min-width: 1281px) 2000px, 100vw\" \/><\/p>\n<h3>D\u00f6vme D\u00fcz Di\u015fliler Nedir?<\/h3>\n<p class=\"break-words\">D\u00f6vme d\u00fcz di\u015fliler, d\u00fc\u015f\u00fck ala\u015f\u0131ml\u0131 \u00e7elik, pirin\u00e7, al\u00fcminyum ala\u015f\u0131mlar\u0131, paslanmaz \u00e7elik, titanyum veya \u0131s\u0131ya dayan\u0131kl\u0131 ala\u015f\u0131mlar gibi \u0131s\u0131t\u0131lm\u0131\u015f metal k\u00fct\u00fcklerin \u00f6zel kal\u0131plar kullan\u0131larak yo\u011fun bas\u0131n\u00e7 alt\u0131nda \u015fekillendirildi\u011fi titiz bir kal\u0131p d\u00f6vme i\u015flemiyle \u00fcretilir. Bu i\u015flem, metal tanelerini s\u0131k\u0131\u015ft\u0131rarak ola\u011fan\u00fcst\u00fc yorulma direnci ve y\u00fck ta\u015f\u0131ma kapasitesine sahip di\u015fliler elde edilmesini sa\u011flar. Kesme di\u015flilerden farkl\u0131 olarak, d\u00f6vme d\u00fcz di\u015fliler, di\u015f profilini takip eden konturlu bir tane ak\u0131\u015f\u0131na sahiptir ve bu da boyutu art\u0131rmadan mukavemeti art\u0131r\u0131r. FMP'de, kat\u0131 tolerans ve y\u00fczey kalitesi standartlar\u0131n\u0131 kar\u015f\u0131layan di\u015fliler \u00fcretmek i\u00e7in kapal\u0131 kal\u0131p d\u00f6vme ve y\u00fcksek enerji oranl\u0131 d\u00f6vme (HERF) gibi teknikler kullan\u0131yoruz.<\/p>\n<div>\n<h3>FMP'deki D\u00f6vme \u0130\u015flemi<\/h3>\n<p class=\"break-words\">FMP \u015eirketi'nde, d\u00f6vme i\u015flemimiz, \u0130talya ve \u00f6tesindeki a\u011f\u0131r makine uygulamalar\u0131 da dahil olmak \u00fczere \u00e7ok \u00e7e\u015fitli end\u00fcstrilere hitap eden hassasiyet, verimlilik ve dayan\u0131kl\u0131l\u0131k sa\u011flamak \u00fczere tasarlanm\u0131\u015ft\u0131r. \u0130ster otomotiv kullan\u0131m\u0131 i\u00e7in kompakt bir d\u00fcz di\u015fli, ister bilyal\u0131 de\u011firmenler i\u00e7in 600 mm \u00e7ap\u0131nda devasa bir 40CrMn d\u00f6vme d\u00fcz di\u015fli olsun, geli\u015fmi\u015f tekniklerimiz en \u00fcst d\u00fczey kaliteyi garanti eder. \u0130\u015fte d\u00f6vme d\u00fcz di\u015flilerimizi nas\u0131l hayata ge\u00e7irdi\u011fimiz:<\/p>\n<ol class=\"marker:text-secondary\">\n<li class=\"break-words\"><strong>Di\u015fli Bo\u015flu\u011fu Is\u0131tma<\/strong>Metal k\u00fcl\u00e7elerini, i\u015flenebilirli\u011fi art\u0131rmak ve d\u00fczg\u00fcn d\u00f6vme sa\u011flamak i\u00e7in, \u00f6rne\u011fin 8620 \u00e7eli\u011fi i\u00e7in 1230\u00b0C veya 40CrMn i\u00e7in \u00f6zel aral\u0131klar gibi hassas s\u0131cakl\u0131klara \u0131s\u0131t\u0131yoruz. Bu ad\u0131m, a\u011f\u0131r hizmet tipi di\u015flilerde gereken mukavemeti elde etmek i\u00e7in kritik \u00f6neme sahiptir.<\/li>\n<li class=\"break-words\"><strong>Kal\u0131p D\u00f6vme<\/strong>Son teknoloji presler ve y\u00fcksek enerji oranl\u0131 d\u00f6vme (HERF) y\u00f6ntemini kullanarak, k\u00fct\u00fckleri minimum darbeyle neredeyse nihai formlar\u0131na getiriyoruz. Y\u00fcksek h\u0131zl\u0131 pistonlar, 75 mm'lik 8620 \u00e7elik k\u00fct\u00fckten 4,5 kg'l\u0131k bir d\u00fcz di\u015fliyi tek seferde d\u00f6vmek i\u00e7in 353.000 J veya 40 kalite gri d\u00f6kme demirden yap\u0131lm\u0131\u015f 11 kg'l\u0131k bir otomotiv volan\u0131n\u0131 d\u00f6vmek i\u00e7in 271.000 J'ye kadar kuvvet uygular.<\/li>\n<li class=\"break-words\"><strong>Kesme ve Son \u0130\u015flemler<\/strong>Fazla malzeme uzmanl\u0131kla kesilir ve di\u015fliler tam spesifikasyonlara g\u00f6re i\u015flenir. Standart di\u015fliler i\u00e7in son i\u015fleme i\u00e7in 0,13\u20130,51 mm stok b\u0131rak\u0131rken, bilyal\u0131 de\u011firmenler i\u00e7in 600 mm 40CrMn d\u00fcz di\u015flilerimiz gibi a\u011f\u0131r hizmet tipi bile\u015fenler, +0,00\/-0,18 mm kadar dar toleranslarla neredeyse bitmi\u015f boyutlara d\u00f6v\u00fcl\u00fcr.<\/li>\n<\/ol>\n<h4>A\u011f\u0131r Makineler \u0130\u00e7in D\u00f6vme \u0130\u015flemi<\/h4>\n<p class=\"break-words\">Standart uygulamalar\u0131n \u00f6tesinde, FMP a\u011f\u0131r makineler i\u00e7in d\u00f6vme d\u00fcz di\u015fli \u00e7ark \u00fcretiminde de \u00fcst\u00fcn ba\u015far\u0131 g\u00f6stermektedir. \u00d6rne\u011fin, 600 mm \u00e7ap\u0131ndaki 40CrMn d\u00f6vme d\u00fcz di\u015fli \u00e7ark\u0131m\u0131z, madencilik ve end\u00fcstriyel i\u015flemede kullan\u0131lan bilyal\u0131 de\u011firmenler i\u00e7in \u00f6zel olarak tasarlanm\u0131\u015ft\u0131r. Y\u00fcksek mukavemetli 40CrMn \u00e7elikten d\u00f6v\u00fclm\u00fc\u015f olan bu di\u015fli \u00e7ark, ola\u011fan\u00fcst\u00fc dayan\u0131kl\u0131l\u0131k ve a\u015f\u0131nma direnci sunarak zorlu ortamlar i\u00e7in idealdir. Luoyang'da \u00fcretilen bu di\u015fli \u00e7ark, minimum 10 adet sipari\u015fle, sa\u011flam ah\u015fap kasalarda paketlenerek ve 25 i\u015f g\u00fcn\u00fc i\u00e7inde teslim edilmektedir. 10.000 adetlik tedarik kapasitesi ve 40 tonluk maksimum d\u00f6vme a\u011f\u0131rl\u0131\u011f\u0131 ile FMP, Milano'daki \u00fcretim tesislerinden Bologna'daki madencilik ekipman\u0131 tedarik\u00e7ilerine kadar \u0130talya'n\u0131n a\u011f\u0131r sanayilerinin ihtiya\u00e7lar\u0131n\u0131 kar\u015f\u0131layacak donan\u0131ma sahiptir.<\/p>\n<table style=\"border-collapse: collapse; width: 99.375%; height: 139px;\" border=\"0\" width=\"160\" cellspacing=\"0\" cellpadding=\"0\">\n<tbody>\n<tr style=\"height: 14.40pt;\">\n<td class=\"et2\" style=\"height: 28.8pt; width: 67.3831%;\" rowspan=\"2\" width=\"80\" height=\"48\"><img loading=\"lazy\" decoding=\"async\" class=\"alignnone size-full wp-image-7427\" src=\"https:\/\/fmp-components.com\/wp-content\/uploads\/2025\/03\/Forging-Spur-Gear-heavy-machinery-4.webp\" alt=\"D\u00f6vme-D\u00fcz Di\u015fli-A\u011f\u0131r Makineler\" width=\"1024\" height=\"1024\" title=\"\" srcset=\"https:\/\/fmp-components.com\/wp-content\/uploads\/2025\/03\/Forging-Spur-Gear-heavy-machinery-4.webp 1024w, https:\/\/fmp-components.com\/wp-content\/uploads\/2025\/03\/Forging-Spur-Gear-heavy-machinery-4-980x980.webp 980w, https:\/\/fmp-components.com\/wp-content\/uploads\/2025\/03\/Forging-Spur-Gear-heavy-machinery-4-480x480.webp 480w\" sizes=\"(min-width: 0px) and (max-width: 480px) 480px, (min-width: 481px) and (max-width: 980px) 980px, (min-width: 981px) 1024px, 100vw\" \/><\/td>\n<td style=\"width: 32.4905%;\" align=\"right\" width=\"80\"><img loading=\"lazy\" decoding=\"async\" class=\"size-full wp-image-7426 aligncenter\" src=\"https:\/\/fmp-components.com\/wp-content\/uploads\/2025\/03\/Forging-Spur-Gear-heavy-machinery-3.webp\" alt=\"D\u00f6vme-D\u00fcz Di\u015fli-A\u011f\u0131r Makineler\" width=\"1024\" height=\"1024\" title=\"\" srcset=\"https:\/\/fmp-components.com\/wp-content\/uploads\/2025\/03\/Forging-Spur-Gear-heavy-machinery-3.webp 1024w, https:\/\/fmp-components.com\/wp-content\/uploads\/2025\/03\/Forging-Spur-Gear-heavy-machinery-3-980x980.webp 980w, https:\/\/fmp-components.com\/wp-content\/uploads\/2025\/03\/Forging-Spur-Gear-heavy-machinery-3-480x480.webp 480w\" sizes=\"(min-width: 0px) and (max-width: 480px) 480px, (min-width: 481px) and (max-width: 980px) 980px, (min-width: 981px) 1024px, 100vw\" \/><\/td>\n<\/tr>\n<tr style=\"height: 14.40pt;\">\n<td style=\"width: 32.4905%;\" align=\"right\"><img loading=\"lazy\" decoding=\"async\" class=\"size-full wp-image-7428 aligncenter\" src=\"https:\/\/fmp-components.com\/wp-content\/uploads\/2025\/03\/Forging-Spur-Gear-heavy-machinery-5.webp\" alt=\"D\u00f6vme-D\u00fcz Di\u015fli-A\u011f\u0131r Makineler\" width=\"1024\" height=\"1024\" title=\"\" srcset=\"https:\/\/fmp-components.com\/wp-content\/uploads\/2025\/03\/Forging-Spur-Gear-heavy-machinery-5.webp 1024w, https:\/\/fmp-components.com\/wp-content\/uploads\/2025\/03\/Forging-Spur-Gear-heavy-machinery-5-980x980.webp 980w, https:\/\/fmp-components.com\/wp-content\/uploads\/2025\/03\/Forging-Spur-Gear-heavy-machinery-5-480x480.webp 480w\" sizes=\"(min-width: 0px) and (max-width: 480px) 480px, (min-width: 481px) and (max-width: 980px) 980px, (min-width: 981px) 1024px, 100vw\" \/><\/td>\n<\/tr>\n<\/tbody>\n<\/table>\n<table style=\"border-collapse: collapse; width: 97.3538%; height: 5px;\" border=\"0\" width=\"162\" cellspacing=\"0\" cellpadding=\"0\">\n<tbody>\n<tr style=\"height: 14.40pt;\">\n<td style=\"height: 14.4pt; width: 43.6129%;\" align=\"right\" width=\"81\" height=\"24\"><img loading=\"lazy\" decoding=\"async\" class=\"size-full wp-image-7425 aligncenter\" src=\"https:\/\/fmp-components.com\/wp-content\/uploads\/2025\/03\/Forging-Spur-Gear-heavy-machinery-2.webp\" alt=\"D\u00f6vme-D\u00fcz Di\u015fli-A\u011f\u0131r Makineler\" width=\"1024\" height=\"1024\" title=\"\" srcset=\"https:\/\/fmp-components.com\/wp-content\/uploads\/2025\/03\/Forging-Spur-Gear-heavy-machinery-2.webp 1024w, https:\/\/fmp-components.com\/wp-content\/uploads\/2025\/03\/Forging-Spur-Gear-heavy-machinery-2-980x980.webp 980w, https:\/\/fmp-components.com\/wp-content\/uploads\/2025\/03\/Forging-Spur-Gear-heavy-machinery-2-480x480.webp 480w\" sizes=\"(min-width: 0px) and (max-width: 480px) 480px, (min-width: 481px) and (max-width: 980px) 980px, (min-width: 981px) 1024px, 100vw\" \/><\/td>\n<td style=\"width: 56.2581%;\" align=\"right\" width=\"81\"><img loading=\"lazy\" decoding=\"async\" class=\"size-full wp-image-7429 aligncenter\" src=\"https:\/\/fmp-components.com\/wp-content\/uploads\/2025\/03\/Forging-Spur-Gear-heavy-machinery-1.webp\" alt=\"D\u00f6vme-D\u00fcz Di\u015fli-A\u011f\u0131r Makineler\" width=\"1024\" height=\"768\" title=\"\" srcset=\"https:\/\/fmp-components.com\/wp-content\/uploads\/2025\/03\/Forging-Spur-Gear-heavy-machinery-1.webp 1024w, https:\/\/fmp-components.com\/wp-content\/uploads\/2025\/03\/Forging-Spur-Gear-heavy-machinery-1-980x735.webp 980w, https:\/\/fmp-components.com\/wp-content\/uploads\/2025\/03\/Forging-Spur-Gear-heavy-machinery-1-480x360.webp 480w\" sizes=\"(min-width: 0px) and (max-width: 480px) 480px, (min-width: 481px) and (max-width: 980px) 980px, (min-width: 981px) 1024px, 100vw\" \/><\/td>\n<\/tr>\n<\/tbody>\n<\/table>\n<h4>Her Viteste Teknik M\u00fckemmellik<\/h4>\n<p class=\"break-words\">\u00dcretim kapasitemiz, 35#, 45#, 40Cr veya 42CrMo gibi malzemelerden \u00fcretilen, \u00f6zel olarak tasarlanm\u0131\u015f b\u00fcy\u00fck mod\u00fcll\u00fc d\u00fcz di\u015fli milleri gibi b\u00fcy\u00fck \u00f6l\u00e7ekli di\u015fli milleri ve \u00f6zel d\u00f6vme par\u00e7alar\u0131n\u0131 da kapsamaktad\u0131r. \u00c7aplar\u0131 1850 mm'ye ve uzunluklar\u0131 12 metreye kadar ula\u015fan bu bile\u015fenler, sivil ve end\u00fcstriyel ekipmanlarda \u015fanz\u0131manlarda, h\u0131z de\u011fi\u015fimlerinde ve d\u00f6ner sistemlerde yayg\u0131n olarak kullan\u0131lmaktad\u0131r. 0,01 mm'lik i\u015fleme hassasiyeti ve titiz testler (ultrasonik, manyetik, \u00e7ekme ve penetrasyon) ile her di\u015flinin DIN, GB ve ISO gibi uluslararas\u0131 standartlara uygun olmas\u0131n\u0131 sa\u011fl\u0131yoruz.<\/p>\n<h4>Ger\u00e7ek D\u00fcnya \u00d6rnekleri<\/h4>\n<ul class=\"marker:text-secondary\">\n<li class=\"break-words\">8620 \u00e7elikten d\u00f6v\u00fclm\u00fc\u015f 4,5 kg'l\u0131k d\u00fcz di\u015fli \u00e7ark, nihai kal\u0131nl\u0131kta bir g\u00f6vde ve minimum di\u015f sto\u011fu ile neredeyse nihai \u015fekle ula\u015farak, otomotiv \u015fanz\u0131manlar\u0131 gibi uygulamalarda son i\u015fleme haz\u0131r hale gelir.<\/li>\n<li class=\"break-words\">955\u00b0C'de 271.000 J ile 40 kalite gri d\u00f6kme demirden d\u00f6v\u00fclm\u00fc\u015f, 11 kg a\u011f\u0131rl\u0131\u011f\u0131ndaki otomotiv volan\u0131, hemen kullan\u0131ma haz\u0131r olmas\u0131 i\u00e7in s\u0131k\u0131 toleranslara sahiptir.<\/li>\n<li class=\"break-words\">Bilyal\u0131 de\u011firmenler i\u00e7in \u00fcretilen 600 mm'lik 40CrMn d\u00fcz di\u015fli \u00e7ark\u0131m\u0131z, a\u011f\u0131r makineler i\u00e7in b\u00fcy\u00fck, y\u00fcksek performansl\u0131 di\u015fli \u00e7arklar d\u00f6vme yetene\u011fimizi sergiliyor; iste\u011fe ba\u011fl\u0131 olarak sertle\u015ftirme veya parlatma gibi y\u00fczey i\u015flemleri de mevcuttur.<\/li>\n<\/ul>\n<p class=\"break-words\">FMP'de, hassas d\u00f6vme i\u015flemini a\u011f\u0131r hizmet taleplerini kar\u015f\u0131lama yetene\u011fiyle birle\u015ftirerek, di\u015flilerimizin e\u015fsiz g\u00fcvenilirlik ve performans sunmas\u0131n\u0131 sa\u011fl\u0131yoruz.<\/p>\n<table style=\"border-collapse: collapse; width: 99.875%; height: 99px;\" border=\"0\" width=\"160\" cellspacing=\"0\" cellpadding=\"0\">\n<tbody>\n<tr style=\"height: 14.40pt;\">\n<td style=\"height: 14.40pt; width: 48.00pt;\" align=\"right\" width=\"80\" height=\"24\"><img loading=\"lazy\" decoding=\"async\" class=\"size-full wp-image-7430 aligncenter\" src=\"https:\/\/fmp-components.com\/wp-content\/uploads\/2025\/03\/Forging-Spur-Gear-heavy-machinery-7.webp\" alt=\"D\u00f6vme-D\u00fcz Di\u015fli-A\u011f\u0131r Makineler\" width=\"680\" height=\"680\" title=\"\" srcset=\"https:\/\/fmp-components.com\/wp-content\/uploads\/2025\/03\/Forging-Spur-Gear-heavy-machinery-7.webp 680w, https:\/\/fmp-components.com\/wp-content\/uploads\/2025\/03\/Forging-Spur-Gear-heavy-machinery-7-480x480.webp 480w\" sizes=\"(min-width: 0px) and (max-width: 480px) 480px, (min-width: 481px) 680px, 100vw\" \/><\/td>\n<td style=\"width: 48.00pt;\" align=\"right\" width=\"80\"><img loading=\"lazy\" decoding=\"async\" class=\"size-full wp-image-7431 aligncenter\" src=\"https:\/\/fmp-components.com\/wp-content\/uploads\/2025\/03\/Forging-Spur-Gear-heavy-machinery-6.webp\" alt=\"D\u00f6vme-D\u00fcz Di\u015fli-A\u011f\u0131r Makineler\" width=\"680\" height=\"680\" title=\"\" srcset=\"https:\/\/fmp-components.com\/wp-content\/uploads\/2025\/03\/Forging-Spur-Gear-heavy-machinery-6.webp 680w, https:\/\/fmp-components.com\/wp-content\/uploads\/2025\/03\/Forging-Spur-Gear-heavy-machinery-6-480x480.webp 480w\" sizes=\"(min-width: 0px) and (max-width: 480px) 480px, (min-width: 481px) 680px, 100vw\" \/><\/td>\n<\/tr>\n<\/tbody>\n<\/table>\n<\/div>","protected":false},"excerpt":{"rendered":"<p>Forging Spur Gears: Precision Manufacturing by FMP Company for Italy and Beyond When it comes to producing high-quality spur gears, forging remains a time-honored and advanced manufacturing technique. At FMP Company, we specialize in crafting forging spur gears that meet the diverse needs of industries across Italy\u2014from Milan\u2019s automotive hubs to Venice\u2019s engineering workshops, Florence\u2019s [&hellip;]<\/p>","protected":false},"featured_media":7422,"comment_status":"open","ping_status":"closed","template":"","meta":{"_et_pb_use_builder":"","_et_pb_old_content":"","_et_gb_content_width":""},"product_brand":[],"product_cat":[109],"product_tag":[],"class_list":{"0":"post-7420","1":"product","2":"type-product","3":"status-publish","4":"has-post-thumbnail","6":"product_cat-spur-gear","8":"first","9":"instock","10":"shipping-taxable","11":"product-type-simple"},"_links":{"self":[{"href":"https:\/\/fmp-components.com\/tr\/wp-json\/wp\/v2\/product\/7420","targetHints":{"allow":["GET"]}}],"collection":[{"href":"https:\/\/fmp-components.com\/tr\/wp-json\/wp\/v2\/product"}],"about":[{"href":"https:\/\/fmp-components.com\/tr\/wp-json\/wp\/v2\/types\/product"}],"replies":[{"embeddable":true,"href":"https:\/\/fmp-components.com\/tr\/wp-json\/wp\/v2\/comments?post=7420"}],"wp:featuredmedia":[{"embeddable":true,"href":"https:\/\/fmp-components.com\/tr\/wp-json\/wp\/v2\/media\/7422"}],"wp:attachment":[{"href":"https:\/\/fmp-components.com\/tr\/wp-json\/wp\/v2\/media?parent=7420"}],"wp:term":[{"taxonomy":"product_brand","embeddable":true,"href":"https:\/\/fmp-components.com\/tr\/wp-json\/wp\/v2\/product_brand?post=7420"},{"taxonomy":"product_cat","embeddable":true,"href":"https:\/\/fmp-components.com\/tr\/wp-json\/wp\/v2\/product_cat?post=7420"},{"taxonomy":"product_tag","embeddable":true,"href":"https:\/\/fmp-components.com\/tr\/wp-json\/wp\/v2\/product_tag?post=7420"}],"curies":[{"name":"wp","href":"https:\/\/api.w.org\/{rel}","templated":true}]}}