{"id":7404,"date":"2025-03-25T07:23:21","date_gmt":"2025-03-25T07:23:21","guid":{"rendered":"https:\/\/fmp-components.com\/?post_type=product&#038;p=7404"},"modified":"2025-03-26T08:39:36","modified_gmt":"2025-03-26T08:39:36","slug":"medical-stainless-spur-gear","status":"publish","type":"product","link":"https:\/\/fmp-components.com\/tr\/product\/medical-stainless-spur-gear\/","title":{"rendered":"T\u0131bbi Paslanmaz \u00c7elik Mahmuz Di\u015flisi"},"content":{"rendered":"<div>\n<h3>T\u0131bbi Uygulamalarda Paslanmaz \u00c7elik D\u00fcz Di\u015fliler<\/h3>\n<p class=\"break-words\">Hassas m\u00fchendislik s\u00f6z konusu oldu\u011funda, paslanmaz \u00e7elik d\u00fcz di\u015fliler \u00e7e\u015fitli sekt\u00f6rlerde, \u00f6zellikle de t\u0131p sekt\u00f6r\u00fcnde hayati bir bile\u015fen olarak \u00f6ne \u00e7\u0131kmaktad\u0131r. FMP olarak, t\u0131bbi ekipmanlar\u0131n zorlu taleplerini kar\u015f\u0131lamak \u00fczere tasarlanm\u0131\u015f y\u00fcksek kaliteli paslanmaz \u00e7elik d\u00fcz di\u015fliler \u00fcretme konusunda uzmanla\u015fm\u0131\u015f bulunuyoruz. \u0130ster Milano, Venedik, Floransa, Bologna veya \u0130talya'n\u0131n herhangi bir yerinde olun, uzmanl\u0131\u011f\u0131m\u0131z dayan\u0131kl\u0131 ve g\u00fcvenilir ihtiya\u00e7lar\u0131n\u0131z\u0131n kar\u015f\u0131lanmas\u0131n\u0131 sa\u011flar. <a href=\"https:\/\/fmp-components.com\/tr\/spur-gear-2\/\">mahmuzlu di\u015fliler<\/a> M\u00fckemmellikle kar\u015f\u0131lan\u0131rlar.<\/p>\n<table style=\"border-collapse: collapse; width: 98.7077%; height: 14px;\" border=\"0\" width=\"162\" cellspacing=\"0\" cellpadding=\"0\">\n<tbody>\n<tr style=\"height: 14.40pt;\">\n<td style=\"height: 14px; width: 49.8728%;\" align=\"right\" width=\"81\" height=\"24\"><img loading=\"lazy\" decoding=\"async\" class=\"size-full wp-image-7414 aligncenter\" src=\"https:\/\/fmp-components.com\/wp-content\/uploads\/2025\/03\/Stainless-steel-Spur-Gear-1.webp\" alt=\"Paslanmaz \u00e7elik mahmuzlu di\u015fli\" width=\"250\" height=\"250\" title=\"\" srcset=\"https:\/\/fmp-components.com\/wp-content\/uploads\/2025\/03\/Stainless-steel-Spur-Gear-1.webp 250w, https:\/\/fmp-components.com\/wp-content\/uploads\/2025\/03\/Stainless-steel-Spur-Gear-1-150x150.webp 150w, https:\/\/fmp-components.com\/wp-content\/uploads\/2025\/03\/Stainless-steel-Spur-Gear-1-12x12.webp 12w, https:\/\/fmp-components.com\/wp-content\/uploads\/2025\/03\/Stainless-steel-Spur-Gear-1-100x100.webp 100w\" sizes=\"(max-width: 250px) 100vw, 250px\" \/><\/td>\n<td style=\"width: 49.8728%; height: 14px;\" align=\"right\" width=\"81\"><img loading=\"lazy\" decoding=\"async\" class=\"size-full wp-image-7413 aligncenter\" src=\"https:\/\/fmp-components.com\/wp-content\/uploads\/2025\/03\/Stainless-steel-Spur-Gear-2.webp\" alt=\"Paslanmaz \u00e7elik mahmuzlu di\u015fli\" width=\"300\" height=\"300\" title=\"\" srcset=\"https:\/\/fmp-components.com\/wp-content\/uploads\/2025\/03\/Stainless-steel-Spur-Gear-2.webp 300w, https:\/\/fmp-components.com\/wp-content\/uploads\/2025\/03\/Stainless-steel-Spur-Gear-2-150x150.webp 150w, https:\/\/fmp-components.com\/wp-content\/uploads\/2025\/03\/Stainless-steel-Spur-Gear-2-12x12.webp 12w, https:\/\/fmp-components.com\/wp-content\/uploads\/2025\/03\/Stainless-steel-Spur-Gear-2-100x100.webp 100w\" sizes=\"(max-width: 300px) 100vw, 300px\" \/><\/td>\n<\/tr>\n<\/tbody>\n<\/table>\n<h2>Paslanmaz \u00c7elik D\u00fcz Di\u015fli \u00c7arklar Nedir?<\/h2>\n<p class=\"break-words\">D\u00fcz di\u015fli \u00e7arklar, hassas di\u015fli \u00e7arklar\u0131n en basit ve en uygun maliyetli t\u00fcr\u00fcd\u00fcr ve di\u015fli \u00e7ark\u0131n d\u00f6n\u00fc\u015f eksenine paralel olarak hizalanm\u0131\u015f d\u00fcz di\u015flere sahiptir. Bu di\u015fli \u00e7arklar, z\u0131t y\u00f6nlerde d\u00f6nen paralel miller aras\u0131nda hareketi ve g\u00fcc\u00fc verimli bir \u015fekilde aktar\u0131r. Paslanmaz \u00e7elik, korozyon direnci ve dayan\u0131kl\u0131l\u0131\u011f\u0131 sayesinde, hijyen ve uzun \u00f6m\u00fcrl\u00fcl\u00fck gerektiren uygulamalar i\u00e7in ideal bir se\u00e7imdir; bu \u00f6zellikler t\u0131p alan\u0131nda olduk\u00e7a \u00f6nemlidir.<\/p>\n<p class=\"break-words\">FMP olarak, AGMA (Amerikan Di\u015fli \u00dcreticileri Birli\u011fi) kalite standartlar\u0131n\u0131 kar\u015f\u0131layan ve a\u015fan d\u00fcz di\u015fliler sunuyoruz. Paslanmaz \u00e7elik d\u00fcz di\u015flilerimiz, 14,5\u00b0 veya 20\u00b0 bas\u0131n\u00e7 a\u00e7\u0131lar\u0131, \u00e7e\u015fitli i\u00e7 \u00e7aplar ve 4 DP ile 96 DP aras\u0131nda de\u011fi\u015fen hatve \u00e7aplar\u0131 dahil olmak \u00fczere \u00f6zelle\u015ftirilebilir se\u00e7eneklerle birlikte gelir.<\/p>\n<\/div>\n<h2>\u015eartname<\/h2>\n<p>Boyut:\u03a63mm-\u03a6120mm<br \/>\nMod\u00fcl: M0.25<br \/>\nMalzeme T\u00fcr\u00fc: Paslanmaz \u00e7elik, m\u00fc\u015fteri iste\u011fine g\u00f6re.<\/p>\n<div class=\"table-responsive\">\n<table class=\"table\" style=\"width: 101.186%; height: 344px;\" border=\"1\">\n<tbody>\n<tr>\n<td colspan=\"2\">T\u0131bbi Paslanmaz Mahmuzlu Di\u015fli<\/td>\n<\/tr>\n<tr>\n<td>Boyut<\/td>\n<td>\u03a65mm<\/td>\n<\/tr>\n<tr>\n<td>Mod\u00fcl<\/td>\n<td>M0.15, M0.2, M0.25-M0.8, M0.8<br \/>\nM1.0<\/td>\n<\/tr>\n<tr>\n<td>Malzeme T\u00fcr\u00fc<\/td>\n<td>Paslanmaz \u00e7elik<\/td>\n<\/tr>\n<tr>\n<td>Meshing S\u0131n\u0131f\u0131<\/td>\n<td>ISO 6, JGMA 1, JIS 6, AGMA 13, DIN 6,Din5,AGMA12<\/td>\n<\/tr>\n<tr>\n<td>Ba\u015fvuru<\/td>\n<td>Otomotiv, Askeri, U\u00e7ak, Mekanik,<\/td>\n<\/tr>\n<tr>\n<td>\u00d6zelle\u015ftirilmi\u015f<\/td>\n<td>ODM\/OEM<\/td>\n<\/tr>\n<tr>\n<td>\u00d6rnek<\/td>\n<td>\u00d6rnek mevcut<\/td>\n<\/tr>\n<tr>\n<td>Paketleme Y\u00f6ntemleri<\/td>\n<td>Plastik Tepsi ile Vakumlu Paketlenmi\u015f<\/td>\n<\/tr>\n<tr>\n<td>Teslimat \u015eekilleri<\/td>\n<td>DHL UPS<\/td>\n<\/tr>\n<tr>\n<td>Sertifika<\/td>\n<td>ISO 9001: 2008\/TS16949<\/td>\n<\/tr>\n<\/tbody>\n<\/table>\n<div>\n<h3>T\u0131bbi Cihazlarda Paslanmaz \u00c7elik D\u00fcz Di\u015fli \u00c7arklar\u0131n Uygulamalar\u0131<\/h3>\n<p class=\"break-words\">T\u0131p sekt\u00f6r\u00fcnde hassasiyet, g\u00fcvenilirlik ve temizlik vazge\u00e7ilmezdir. Paslanmaz \u00e7elik d\u00fcz di\u015fliler, a\u015fa\u011f\u0131daki gibi cihazlarda kritik bir rol oynar:<\/p>\n<ul class=\"marker:text-secondary\">\n<li class=\"break-words\"><strong>Santrif\u00fcjler<\/strong>Milano ve Bologna'daki laboratuvarlarda s\u0131v\u0131lar\u0131 ay\u0131rmak i\u00e7in kullan\u0131lan bu makineler, tutarl\u0131 d\u00f6nme g\u00fcc\u00fc i\u00e7in d\u00fcz di\u015fli \u00e7arklara dayanmaktad\u0131r.<\/li>\n<li class=\"break-words\"><strong>T\u0131bbi Pompalar<\/strong>\u0130nf\u00fczyon pompalar\u0131ndan diyaliz makinelerine kadar, paslanmaz \u00e7elik d\u00fcz di\u015fliler, Venedik ve Floransa'daki hastanelerde olmazsa olmaz olan d\u00fczg\u00fcn ve hassas s\u0131v\u0131 iletimini sa\u011flar.<\/li>\n<li class=\"break-words\"><strong>Cerrahi Aletler<\/strong>Robotik cerrahi sistemleri gibi hassas aletler, kusursuz performans i\u00e7in paslanmaz \u00e7elik di\u015flilerin dayan\u0131kl\u0131l\u0131\u011f\u0131na ve korozyon direncine ba\u011fl\u0131d\u0131r.<\/li>\n<li class=\"break-words\"><strong>Krikolar ve Kald\u0131rma Cihazlar\u0131<\/strong>Rehabilitasyon ekipmanlar\u0131nda veya ameliyat masalar\u0131nda, d\u00fcz di\u015fli \u00e7arklar, hastan\u0131n g\u00fcvenli bir \u015fekilde ta\u015f\u0131nmas\u0131 i\u00e7in gerekli mekanik avantaj\u0131 sa\u011flar.<\/li>\n<\/ul>\n<p class=\"break-words\">Paslanmaz \u00e7eli\u011fin paslanmaya kar\u015f\u0131 direnci, sterilizasyon kolayl\u0131\u011f\u0131 ve sa\u011flaml\u0131\u011f\u0131 gibi do\u011fal \u00f6zellikleri, onu bu uygulamalar i\u00e7in tercih edilen malzeme haline getirerek, kat\u0131 t\u0131bbi standartlara uyumu sa\u011flar.<\/p>\n<div>\n<h4>FMP: \u0130talya'da Paslanmaz \u00c7elik Di\u015fli \u00c7arklar \u0130\u00e7in G\u00fcvenilir Orta\u011f\u0131n\u0131z<\/h4>\n<p class=\"break-words\">FMP olarak, OEM'lere, distrib\u00fct\u00f6rlere ve hassas makine pazarlar\u0131na hizmet veren, paslanmaz \u00e7elik d\u00fcz di\u015fli \u00e7arklar\u0131n \u00f6nde gelen \u00fcreticisi olmaktan gurur duyuyoruz. Y\u0131llar s\u00fcren uzmanl\u0131\u011f\u0131m\u0131za dayanarak, \u00e7elik, paslanmaz \u00e7elik, al\u00fcminyum ve pirin\u00e7 dahil olmak \u00fczere \u00e7e\u015fitli malzemelerden geni\u015f bir yelpazede d\u00fcz di\u015fli \u00e7ark \u00fcretiyoruz. \u00dcr\u00fcnlerimiz \u015funlar\u0131 i\u00e7erir:<\/p>\n<ul class=\"marker:text-secondary\">\n<li class=\"break-words\"><strong>Stok D\u00fcz Di\u015fliler<\/strong>G\u00f6bekli, 0,437 in\u00e7ten ba\u015flayan delik \u00e7apl\u0131 ve \u00f6zelle\u015ftirilebilir hatve \u00e7aplar\u0131yla mevcuttur.<\/li>\n<li class=\"break-words\"><strong>\u00d6zel D\u00fcz Di\u015fliler<\/strong>\u0130htiya\u00e7lar\u0131n\u0131za \u00f6zel olarak uyarlanm\u0131\u015ft\u0131r; ister benzersiz di\u015f say\u0131s\u0131, ister bas\u0131n\u00e7 a\u00e7\u0131s\u0131 veya malzeme olsun.<\/li>\n<\/ul>\n<p class=\"break-words\">Her projenin benzersiz oldu\u011funu biliyoruz. Bu nedenle, Milano'nun hareketli sanayi merkezlerinden Venedik'in yenilik\u00e7i teknoloji ortamlar\u0131na kadar \u0130talya genelindeki m\u00fc\u015fterilerimize \u00f6zel di\u015fli imalat\u0131 sunuyoruz. D\u00fcz di\u015fliler, konik di\u015fliler, helisel di\u015fliler veya hatta di\u015fli bo\u015fluklar\u0131na ihtiyac\u0131n\u0131z olsun, m\u00fchendislerimiz hassas bir \u015fekilde \u00fcretilmi\u015f \u00e7\u00f6z\u00fcmler sunmak i\u00e7in donan\u0131ml\u0131d\u0131r.<\/p>\n<h4>Arad\u0131\u011f\u0131n\u0131z modeli bulamad\u0131n\u0131z m\u0131? Bize ula\u015f\u0131n!<\/h4>\n<p class=\"break-words\">\u00dcr\u00fcn listemizde arad\u0131\u011f\u0131n\u0131z tam paslanmaz \u00e7elik di\u015fliyi bulam\u0131yorsan\u0131z endi\u015felenmeyin; muhtemelen hen\u00fcz y\u00fckleme f\u0131rsat\u0131m\u0131z olmad\u0131. Stoklar\u0131m\u0131z \u00e7ok geni\u015f ve yeteneklerimiz listede yer alanlar\u0131n \u00e7ok \u00f6tesine uzan\u0131yor. \u0130htiya\u00e7lar\u0131n\u0131z\u0131 belirten bir e-posta g\u00f6ndermeniz yeterli, ekibimiz en k\u0131sa s\u00fcrede size yan\u0131t verecektir. <strong>24 saat<\/strong>.<\/p>\n<p class=\"break-words\">\n<\/div>\n<\/div>\n<\/div>","protected":false},"excerpt":{"rendered":"<p>Stainless Steel Spur Gears in Medical Applications When it comes to precision engineering, stainless steel spur gears stand out as a vital component across various industries, particularly in the medical sector. At FMP, we specialize in producing high-quality stainless steel spur gears tailored to meet the rigorous demands of medical equipment. Whether you\u2019re in Milan, [&hellip;]<\/p>","protected":false},"featured_media":7412,"comment_status":"open","ping_status":"closed","template":"","meta":{"_et_pb_use_builder":"","_et_pb_old_content":"","_et_gb_content_width":""},"product_brand":[],"product_cat":[109],"product_tag":[],"class_list":{"0":"post-7404","1":"product","2":"type-product","3":"status-publish","4":"has-post-thumbnail","6":"product_cat-spur-gear","8":"first","9":"instock","10":"shipping-taxable","11":"product-type-simple"},"_links":{"self":[{"href":"https:\/\/fmp-components.com\/tr\/wp-json\/wp\/v2\/product\/7404","targetHints":{"allow":["GET"]}}],"collection":[{"href":"https:\/\/fmp-components.com\/tr\/wp-json\/wp\/v2\/product"}],"about":[{"href":"https:\/\/fmp-components.com\/tr\/wp-json\/wp\/v2\/types\/product"}],"replies":[{"embeddable":true,"href":"https:\/\/fmp-components.com\/tr\/wp-json\/wp\/v2\/comments?post=7404"}],"wp:featuredmedia":[{"embeddable":true,"href":"https:\/\/fmp-components.com\/tr\/wp-json\/wp\/v2\/media\/7412"}],"wp:attachment":[{"href":"https:\/\/fmp-components.com\/tr\/wp-json\/wp\/v2\/media?parent=7404"}],"wp:term":[{"taxonomy":"product_brand","embeddable":true,"href":"https:\/\/fmp-components.com\/tr\/wp-json\/wp\/v2\/product_brand?post=7404"},{"taxonomy":"product_cat","embeddable":true,"href":"https:\/\/fmp-components.com\/tr\/wp-json\/wp\/v2\/product_cat?post=7404"},{"taxonomy":"product_tag","embeddable":true,"href":"https:\/\/fmp-components.com\/tr\/wp-json\/wp\/v2\/product_tag?post=7404"}],"curies":[{"name":"wp","href":"https:\/\/api.w.org\/{rel}","templated":true}]}}