{"id":7391,"date":"2025-03-25T02:52:39","date_gmt":"2025-03-25T02:52:39","guid":{"rendered":"https:\/\/fmp-components.com\/?post_type=product&#038;p=7391"},"modified":"2025-03-26T08:40:15","modified_gmt":"2025-03-26T08:40:15","slug":"automotive-spur-gear","status":"publish","type":"product","link":"https:\/\/fmp-components.com\/tr\/product\/automotive-spur-gear\/","title":{"rendered":"Otomotiv Mahmuz Di\u015flisi"},"content":{"rendered":"<div class=\"message-bubble rounded-3xl prose dark:prose-invert break-words text-primary min-h-7 prose-p:opacity-95 prose-strong:opacity-100 bg-foreground border border-input-border max-w-[100%] sm:max-w-[90%] px-4 py-2.5 rounded-br-lg\" dir=\"auto\">\n<div>\n<h2>Otomotiv M\u00fchendisli\u011finde D\u00fcz Di\u015fli \u00c7arklar\u0131n Rol\u00fc<\/h2>\n<p class=\"break-words\">D\u00fcz di\u015fli \u00e7arklar, otomotiv m\u00fchendisli\u011finin temel ta\u015flar\u0131ndan biridir ve ara\u00e7lardaki \u00e7e\u015fitli mekanik sistemlerde verimlili\u011fi, g\u00fcvenilirli\u011fi ve yenili\u011fi art\u0131r\u0131r. Basit tasar\u0131mlar\u0131 ve sa\u011flam performanslar\u0131yla bilinen d\u00fcz di\u015fli \u00e7arklar, \u0130talya'n\u0131n d\u00f6rt bir yan\u0131ndaki otomotiv uygulamalar\u0131nda yayg\u0131n olarak kullan\u0131lmaktad\u0131r; Milano'nun hareketli sokaklar\u0131ndan Venedik, Floransa ve Bologna'n\u0131n manzaral\u0131 yollar\u0131na kadar. FMP \u015eirketi olarak, \u0130talya ve \u00f6tesindeki m\u00fc\u015fterilerimiz i\u00e7in \u00f6zel \u00e7\u00f6z\u00fcmler de dahil olmak \u00fczere, sekt\u00f6r\u00fcn \u00e7e\u015fitli ihtiya\u00e7lar\u0131n\u0131 kar\u015f\u0131lamak \u00fczere tasarlanm\u0131\u015f y\u00fcksek kaliteli otomotiv d\u00fcz di\u015fli \u00e7arklar\u0131 \u00fcretme konusunda uzmanla\u015fm\u0131\u015f bulunuyoruz.<\/p>\n<p><img loading=\"lazy\" decoding=\"async\" class=\"size-full wp-image-7397 aligncenter\" src=\"https:\/\/fmp-components.com\/wp-content\/uploads\/2025\/03\/Automotive-Spur-Gear.webp\" alt=\"Otomotiv-D\u00fcz Di\u015fli\" width=\"1114\" height=\"918\" title=\"\" srcset=\"https:\/\/fmp-components.com\/wp-content\/uploads\/2025\/03\/Automotive-Spur-Gear.webp 1114w, https:\/\/fmp-components.com\/wp-content\/uploads\/2025\/03\/Automotive-Spur-Gear-980x808.webp 980w, https:\/\/fmp-components.com\/wp-content\/uploads\/2025\/03\/Automotive-Spur-Gear-480x396.webp 480w\" sizes=\"(min-width: 0px) and (max-width: 480px) 480px, (min-width: 481px) and (max-width: 980px) 980px, (min-width: 981px) 1114px, 100vw\" \/><\/p>\n<h2>\u015eartname<\/h2>\n<\/div>\n<\/div>\n<p>\u00d6l\u00e7\u00fcler: \u03a63mm - \u03a6120mm<br \/>\nMod\u00fcl: M0.15-M2.2<br \/>\nMalzeme T\u00fcr\u00fc: M\u00fc\u015fterinin iste\u011fine g\u00f6re Metal, Bronz, \u00c7elik, Ala\u015f\u0131m, \u00c7inko, Al\u00fcminyum, Demir, Paslanmaz \u00c7elik, Pirin\u00e7, Bak\u0131r.<\/p>\n<div class=\"table-responsive\">\n<table class=\"table\" style=\"width: 102%; height: 289px;\" border=\"1\">\n<tbody>\n<tr style=\"height: 24px;\">\n<td style=\"height: 24px;\" colspan=\"2\">Otomotiv Mahmuz Di\u015flisi<\/td>\n<\/tr>\n<tr style=\"height: 24px;\">\n<td style=\"height: 24px;\">Boyut<\/td>\n<td style=\"height: 24px;\">\u03a616mm<\/td>\n<\/tr>\n<tr style=\"height: 49px;\">\n<td style=\"height: 49px;\">Mod\u00fcl<\/td>\n<td style=\"height: 49px;\">M0.15, M0.2, M0.25-M0.8,<br \/>\nM1.0<\/td>\n<\/tr>\n<tr style=\"height: 24px;\">\n<td style=\"height: 24px;\">Malzeme T\u00fcr\u00fc<\/td>\n<td style=\"height: 24px;\">Metal, Bronz, \u00c7elik, Ala\u015f\u0131m, POM, \u00c7inko, Al\u00fcminyum, Demir, Paslanmaz \u00c7elik, Pirin\u00e7, Bak\u0131r<\/td>\n<\/tr>\n<tr style=\"height: 24px;\">\n<td style=\"height: 24px;\">Meshing S\u0131n\u0131f\u0131<\/td>\n<td style=\"height: 24px;\">GB 6, ISO 6, JGMA 1, JIS 6, AGMA 13, DIN 6, AGMA12<\/td>\n<\/tr>\n<tr style=\"height: 24px;\">\n<td style=\"height: 24px;\">Ba\u015fvuru<\/td>\n<td style=\"height: 24px;\">T\u0131p, Otomotiv, Askeri, U\u00e7ak, Mekanik.<\/td>\n<\/tr>\n<tr style=\"height: 24px;\">\n<td style=\"height: 24px;\">\u00d6zelle\u015ftirilmi\u015f<\/td>\n<td style=\"height: 24px;\">ODM\/OEM<\/td>\n<\/tr>\n<tr style=\"height: 24px;\">\n<td style=\"height: 24px;\">\u00d6rnek<\/td>\n<td style=\"height: 24px;\">\u00d6rnek mevcut<\/td>\n<\/tr>\n<tr style=\"height: 24px;\">\n<td style=\"height: 24px;\">Paketleme Y\u00f6ntemleri<\/td>\n<td style=\"height: 24px;\">Plastik Tepsi ile Vakumlu Paketlenmi\u015f<\/td>\n<\/tr>\n<tr style=\"height: 24px;\">\n<td style=\"height: 24px;\">Teslimat \u015eekilleri<\/td>\n<td style=\"height: 24px;\">DHL &amp; TNT &amp; FedEx &amp; UPS<\/td>\n<\/tr>\n<tr style=\"height: 24px;\">\n<td style=\"height: 24px;\">Sertifika<\/td>\n<td style=\"height: 24px;\">ISO 9001: 2008\/TS16949.<\/td>\n<\/tr>\n<\/tbody>\n<\/table>\n<div>\n<h4>G\u00fc\u00e7 Aktar\u0131m\u0131: Otomotiv Hareketinin Kalbi<\/h4>\n<p class=\"break-words\">Otomotiv d\u00fcnyas\u0131nda, d\u00fcz di\u015fli \u00e7arklar g\u00fc\u00e7 aktar\u0131m\u0131 i\u00e7in vazge\u00e7ilmezdir. Motorun d\u00f6nme hareketini ve torkunu \u015fanz\u0131man, diferansiyel ve tekerlekler gibi bile\u015fenlere verimli bir \u015fekilde aktar\u0131rlar. \u0130ster Toskana'n\u0131n k\u0131vr\u0131ml\u0131 yollar\u0131nda, ister Milano'nun kentsel yay\u0131l\u0131m\u0131nda ilerliyor olun, d\u00fcz di\u015fli \u00e7arklar kusursuz g\u00fc\u00e7 aktar\u0131m\u0131 sa\u011flayarak ara\u00e7lar\u0131n hassas bir \u015fekilde ileri veya geri hareket etmesini m\u00fcmk\u00fcn k\u0131lar. FMP'de, otomotiv d\u00fcz di\u015fli \u00e7arklar\u0131m\u0131z dayan\u0131kl\u0131l\u0131k ve performans i\u00e7in tasarlanm\u0131\u015ft\u0131r ve \u0130talya genelindeki \u00fcreticilerin g\u00fcvenilir ara\u00e7lar \u00fcretmesine destek olmaktad\u0131r.<\/p>\n<h4>Di\u015fli Azaltma: Performans ve Verimlili\u011fin Optimize Edilmesi<\/h4>\n<p class=\"break-words\">D\u00fcz di\u015fli \u00e7arklar, otomobillerde h\u0131z ve torku dengelemek i\u00e7in hayati \u00f6nem ta\u015f\u0131yan di\u015fli k\u00fc\u00e7\u00fcltme sistemlerinde m\u00fckemmel performans g\u00f6sterir. Di\u015fli oranlar\u0131n\u0131 ayarlayarak, d\u00fcz di\u015fli \u00e7arklar motorun y\u00fcksek h\u0131zl\u0131, d\u00fc\u015f\u00fck torklu \u00e7\u0131k\u0131\u015f\u0131n\u0131 tekerleklerde ihtiya\u00e7 duyulan daha d\u00fc\u015f\u00fck h\u0131zl\u0131, y\u00fcksek torklu g\u00fcce d\u00f6n\u00fc\u015ft\u00fcr\u00fcr. Bu, yak\u0131t verimlili\u011fini ve motor performans\u0131n\u0131 art\u0131r\u0131r; Floransa ve Bologna gibi \u00e7evre bilincine sahip \u015fehirlerdeki s\u00fcr\u00fcc\u00fcler i\u00e7in \u00f6nemli \u00f6nceliklerdir. FMP'nin hassas bir \u015fekilde \u00fcretilen d\u00fcz di\u015fli \u00e7arklar\u0131, optimum di\u015fli k\u00fc\u00e7\u00fcltmeyi sa\u011flayarak \u0130talyan otomobil \u00fcreticilerinin kat\u0131 verimlilik standartlar\u0131n\u0131 kar\u015f\u0131lamas\u0131na yard\u0131mc\u0131 olur.<\/p>\n<h4>Aktarma Sistemleri: Sorunsuz Vites De\u011fi\u015fimlerini Sa\u011flamak<\/h4>\n<p class=\"break-words\">Manuelden otomatik \u015fanz\u0131manlara kadar, d\u00fcz di\u015fliler \u015fanz\u0131man sistemlerinin ayr\u0131lmaz bir par\u00e7as\u0131d\u0131r. Manuel sistemlerde, yumu\u015fak vites ge\u00e7i\u015fi i\u00e7in giri\u015f miliyle farkl\u0131 di\u015flileri birbirine ba\u011flarlar; otomatik sistemlerde ise kusursuz ge\u00e7i\u015fler i\u00e7in planet di\u015fli konfig\u00fcrasyonlar\u0131na katk\u0131da bulunurlar. \u0130ster Venedik'te bir tamirci, ister Milano'da bir m\u00fchendis olun, FMP, \u015fanz\u0131man g\u00fcvenilirli\u011fini ve s\u00fcr\u00fcc\u00fc konforunu art\u0131rmak i\u00e7in tasarlanm\u0131\u015f bir dizi d\u00fcz di\u015fli sunmaktad\u0131r.<\/p>\n<div>\n<h3>FMP \u015eirketi: \u0130talya'da Otomotiv Di\u015fli \u00c7arklar\u0131 \u0130\u00e7in G\u00fcvenilir Orta\u011f\u0131n\u0131z<\/h3>\n<p class=\"break-words\">FMP \u015eirketi olarak, standart tasar\u0131mlardan tamamen \u00f6zelle\u015ftirilmi\u015f \u00e7\u00f6z\u00fcmlere kadar geni\u015f bir yelpazede otomotiv d\u00fcz di\u015fli \u00e7arklar\u0131 \u00fcretmekten gurur duyuyoruz. Milano, Venedik, Floransa veya Bologna'da olsun, \u0130talya genelindeki m\u00fc\u015fterilerimize hassasiyet ve uzmanl\u0131kla hizmet veriyoruz. \u00dcretim s\u00fcrecimiz, \u00fcst\u00fcn do\u011fruluk ve dayan\u0131kl\u0131l\u0131k sa\u011flamak i\u00e7in di\u015fli ta\u015flama ve t\u0131ra\u015flama gibi geli\u015fmi\u015f teknikleri i\u00e7ermekte olup, di\u015fli \u00e7arklar\u0131m\u0131z\u0131 \u0130talyan m\u00fchendisler i\u00e7in en iyi tercih haline getirmektedir.<\/p>\n<p class=\"break-words\">E\u011fer belirtilen se\u00e7ene\u011fi g\u00f6remiyorsan\u0131z <a href=\"https:\/\/fmp-components.com\/tr\/spur-gear-2\/\">d\u00fcz di\u015fli<\/a> \u00dcr\u00fcn listemizde ihtiyac\u0131n\u0131z olan modeli bulam\u0131yorsan\u0131z endi\u015felenmeyin; bu sadece hen\u00fcz y\u00fckleme f\u0131rsat\u0131m\u0131z olmad\u0131\u011f\u0131 anlam\u0131na gelir. \u00d6zel sipari\u015fleri memnuniyetle kar\u015f\u0131l\u0131yoruz ve sizi de davet ediyoruz. <strong>bize e-posta g\u00f6nderin<\/strong> \u0130htiya\u00e7lar\u0131n\u0131z\u0131 belirtin. Alan\u0131nda uzman m\u00fchendislerimiz en k\u0131sa s\u00fcrede yan\u0131t verecektir. <strong>24 saat<\/strong>\u0130htiya\u00e7lar\u0131n\u0131za uygun \u00f6zel \u00e7\u00f6z\u00fcmler sunuyoruz.<\/p>\n<\/div>\n<\/div>\n<\/div>","protected":false},"excerpt":{"rendered":"<p>The Role of Spur Gears in Automotive Engineering Spur gears are a cornerstone of automotive engineering, driving efficiency, reliability, and innovation across various mechanical systems in vehicles. Known for their straightforward design and robust performance, spur gears are widely utilized in automotive applications throughout Italy\u2014from the bustling streets of Milan to the scenic roads of [&hellip;]<\/p>","protected":false},"featured_media":4606,"comment_status":"open","ping_status":"closed","template":"","meta":{"_et_pb_use_builder":"","_et_pb_old_content":"","_et_gb_content_width":""},"product_brand":[],"product_cat":[109],"product_tag":[],"class_list":{"0":"post-7391","1":"product","2":"type-product","3":"status-publish","4":"has-post-thumbnail","6":"product_cat-spur-gear","8":"first","9":"instock","10":"shipping-taxable","11":"product-type-simple"},"_links":{"self":[{"href":"https:\/\/fmp-components.com\/tr\/wp-json\/wp\/v2\/product\/7391","targetHints":{"allow":["GET"]}}],"collection":[{"href":"https:\/\/fmp-components.com\/tr\/wp-json\/wp\/v2\/product"}],"about":[{"href":"https:\/\/fmp-components.com\/tr\/wp-json\/wp\/v2\/types\/product"}],"replies":[{"embeddable":true,"href":"https:\/\/fmp-components.com\/tr\/wp-json\/wp\/v2\/comments?post=7391"}],"wp:featuredmedia":[{"embeddable":true,"href":"https:\/\/fmp-components.com\/tr\/wp-json\/wp\/v2\/media\/4606"}],"wp:attachment":[{"href":"https:\/\/fmp-components.com\/tr\/wp-json\/wp\/v2\/media?parent=7391"}],"wp:term":[{"taxonomy":"product_brand","embeddable":true,"href":"https:\/\/fmp-components.com\/tr\/wp-json\/wp\/v2\/product_brand?post=7391"},{"taxonomy":"product_cat","embeddable":true,"href":"https:\/\/fmp-components.com\/tr\/wp-json\/wp\/v2\/product_cat?post=7391"},{"taxonomy":"product_tag","embeddable":true,"href":"https:\/\/fmp-components.com\/tr\/wp-json\/wp\/v2\/product_tag?post=7391"}],"curies":[{"name":"wp","href":"https:\/\/api.w.org\/{rel}","templated":true}]}}