{"id":7390,"date":"2025-03-25T02:48:22","date_gmt":"2025-03-25T02:48:22","guid":{"rendered":"https:\/\/fmp-components.com\/?post_type=product&#038;p=7390"},"modified":"2025-03-26T08:40:29","modified_gmt":"2025-03-26T08:40:29","slug":"tractor-spur-gears","status":"publish","type":"product","link":"https:\/\/fmp-components.com\/tr\/product\/tractor-spur-gears\/","title":{"rendered":"Trakt\u00f6r Mahmuz Di\u015flileri"},"content":{"rendered":"<div>\n<h3>Trakt\u00f6rlerde D\u00fcz Di\u015fli \u00c7arklar\u0131n Rol\u00fc<\/h3>\n<p class=\"break-words\">\u0130talya'n\u0131n tar\u0131m merkezleri olan Milano yak\u0131nlar\u0131ndaki verimli tarlalar, Floransa \u00e7evresindeki Toskana tepeleri veya Bologna'n\u0131n verimli ovalar\u0131 gibi b\u00f6lgelerde kullan\u0131lan g\u00fc\u00e7l\u00fc makineler s\u00f6z konusu oldu\u011funda, trakt\u00f6rler vazge\u00e7ilmezdir. Bu makinelerin \u00f6z\u00fcnde kritik bir bile\u015fen yatmaktad\u0131r: <a href=\"https:\/\/fmp-components.com\/tr\/spur-gear-2\/\">d\u00fcz di\u015fli<\/a>Y\u00fcksek kaliteli d\u00fcz di\u015fli \u00e7arklar\u0131n \u00f6nde gelen \u00fcreticisi olan FMP \u015eirketi, Venedik'ten Floransa'ya kadar \u0130talya genelindeki end\u00fcstrileri, trakt\u00f6r uygulamalar\u0131na ve \u00f6tesine \u00f6zel olarak tasarlanm\u0131\u015f hassas m\u00fchendislik \u00e7\u00f6z\u00fcmleriyle gururla desteklemektedir.<\/p>\n<table style=\"border-collapse: collapse; width: 97.3608%; height: 31px;\" border=\"0\" width=\"243\" cellspacing=\"0\" cellpadding=\"0\">\n<tbody>\n<tr style=\"height: 14.40pt;\">\n<td style=\"height: 14.40pt; width: 48.60pt;\" align=\"right\" width=\"81\" height=\"24\">\u00a0<img loading=\"lazy\" decoding=\"async\" class=\"size-full wp-image-7393 aligncenter\" src=\"https:\/\/fmp-components.com\/wp-content\/uploads\/2025\/03\/spur-gear-in-tractor-2.webp\" alt=\"trakt\u00f6rdeki mahmuz di\u015flisi\" width=\"800\" height=\"800\" title=\"\" srcset=\"https:\/\/fmp-components.com\/wp-content\/uploads\/2025\/03\/spur-gear-in-tractor-2.webp 800w, https:\/\/fmp-components.com\/wp-content\/uploads\/2025\/03\/spur-gear-in-tractor-2-480x480.webp 480w\" sizes=\"(min-width: 0px) and (max-width: 480px) 480px, (min-width: 481px) 800px, 100vw\" \/><\/td>\n<td style=\"width: 48.60pt;\" align=\"right\" width=\"81\"><img loading=\"lazy\" decoding=\"async\" class=\"size-full wp-image-7394 aligncenter\" src=\"https:\/\/fmp-components.com\/wp-content\/uploads\/2025\/03\/spur-gear-in-tractor-3.webp\" alt=\"trakt\u00f6rdeki mahmuz di\u015flisi\" width=\"800\" height=\"800\" title=\"\" srcset=\"https:\/\/fmp-components.com\/wp-content\/uploads\/2025\/03\/spur-gear-in-tractor-3.webp 800w, https:\/\/fmp-components.com\/wp-content\/uploads\/2025\/03\/spur-gear-in-tractor-3-480x480.webp 480w\" sizes=\"(min-width: 0px) and (max-width: 480px) 480px, (min-width: 481px) 800px, 100vw\" \/><\/td>\n<td style=\"width: 48.60pt;\" align=\"right\" width=\"81\"><img loading=\"lazy\" decoding=\"async\" class=\"size-full wp-image-7392 aligncenter\" src=\"https:\/\/fmp-components.com\/wp-content\/uploads\/2025\/03\/spur-gear-in-tractor-1.webp\" alt=\"trakt\u00f6rdeki mahmuz di\u015flisi\" width=\"800\" height=\"800\" title=\"\" srcset=\"https:\/\/fmp-components.com\/wp-content\/uploads\/2025\/03\/spur-gear-in-tractor-1.webp 800w, https:\/\/fmp-components.com\/wp-content\/uploads\/2025\/03\/spur-gear-in-tractor-1-480x480.webp 480w\" sizes=\"(min-width: 0px) and (max-width: 480px) 480px, (min-width: 481px) 800px, 100vw\" \/><\/td>\n<\/tr>\n<\/tbody>\n<\/table>\n<\/div>\n<h3>\u00d6zellikler<\/h3>\n<table style=\"width: 103.5%; height: 281px;\" border=\"1\">\n<tbody>\n<tr>\n<td style=\"width: 33.1311%;\"><strong>\u00dcr\u00fcn ad\u0131<\/strong><\/td>\n<td style=\"width: 66.1408%;\">17 vitesli trakt\u00f6r d\u00fcz di\u015flisi<\/td>\n<\/tr>\n<tr>\n<td style=\"width: 33.1311%;\"><strong>Ba\u015fvuru\u00a0<\/strong><\/td>\n<td style=\"width: 66.1408%;\">Trakt\u00f6r<\/td>\n<\/tr>\n<tr>\n<td style=\"width: 33.1311%;\"><strong>Malzemeler<\/strong><\/td>\n<td style=\"width: 66.1408%;\">\u00c7elik<\/td>\n<\/tr>\n<tr>\n<td style=\"width: 33.1311%;\"><strong>Boyut<\/strong><\/td>\n<td style=\"width: 66.1408%;\">5cm*9cm*9cm<\/td>\n<\/tr>\n<tr>\n<td style=\"width: 33.1311%;\"><strong>A\u011f\u0131rl\u0131k<\/strong><\/td>\n<td style=\"width: 66.1408%;\">0,87 kg<\/td>\n<\/tr>\n<tr>\n<td style=\"width: 33.1311%;\"><strong>OEM\u00a0<\/strong><\/td>\n<td style=\"width: 66.1408%;\">50-1701212A<\/td>\n<\/tr>\n<tr>\n<td style=\"width: 33.1311%;\"><strong>Minimum Sipari\u015f Miktar\u0131<\/strong><\/td>\n<td style=\"width: 66.1408%;\">30<\/td>\n<\/tr>\n<tr>\n<td style=\"width: 33.1311%;\"><strong>\u00c7ap<\/strong><\/td>\n<td style=\"width: 66.1408%;\">9 cm<\/td>\n<\/tr>\n<tr>\n<td style=\"width: 33.1311%;\"><strong>Kalite<\/strong><\/td>\n<td style=\"width: 66.1408%;\">100%tested<\/td>\n<\/tr>\n<tr>\n<td style=\"width: 33.1311%;\"><strong>Paketleme<\/strong><\/td>\n<td style=\"width: 66.1408%;\">Karton<\/td>\n<\/tr>\n<\/tbody>\n<\/table>\n<div>\n<h2>Trakt\u00f6r Makinelerinde D\u00fcz Di\u015fliler<\/h2>\n<p class=\"break-words\">Trakt\u00f6rlerde, d\u00fcz di\u015fli \u00e7arklar, motorun g\u00fcc\u00fcn\u00fcn tekerleklere sorunsuz bir \u015fekilde iletilmesini sa\u011flayarak, \u015fanz\u0131man sisteminde \u00e7ok \u00f6nemli bir rol oynar. \u00d6rne\u011fin, metalurjik par\u00e7alar ve trakt\u00f6r makineleri toz uygulamalar\u0131nda kullan\u0131lanlar gibi d\u00fcz di\u015fli \u00e7arklar\u0131m\u0131z, tar\u0131msal i\u015flerin zorlu ko\u015fullar\u0131na dayanacak \u015fekilde hassas bir \u015fekilde (ISO6 do\u011fruluk) tasarlanm\u0131\u015ft\u0131r. \u0130\u015fte katk\u0131lar\u0131:<\/p>\n<ul class=\"marker:text-secondary\">\n<li class=\"break-words\"><strong>G\u00fc\u00e7 Aktar\u0131m\u0131<\/strong>D\u00fcz di\u015fli \u00e7arklar, paralel miller aras\u0131nda d\u00f6nme enerjisini verimli bir \u015fekilde aktararak trakt\u00f6r\u00fcn tekerleklerini ve ekipmanlar\u0131n\u0131 tahrik eder.<\/li>\n<li class=\"break-words\"><strong>Dayan\u0131kl\u0131l\u0131k<\/strong>16MnCrn5 gibi sa\u011flam malzemelerden \u00fcretilen ve 58-62 HRC sertli\u011fe kadar karb\u00fcrleme yoluyla \u0131s\u0131l i\u015flemden ge\u00e7irilen di\u015flilerimiz, a\u011f\u0131r i\u015flerin a\u015f\u0131nma ve y\u0131pranmas\u0131na dayan\u0131kl\u0131d\u0131r.<\/li>\n<li class=\"break-words\"><strong>Kesinlik<\/strong>4,6 mod\u00fcl ve 20\u00b0 bas\u0131n\u00e7 a\u00e7\u0131s\u0131yla, d\u00fcz di\u015fli \u00e7arklar\u0131m\u0131z minimum g\u00fcr\u00fclt\u00fc ve maksimum verimlilik i\u00e7in profil ve hatve modifikasyonlar\u0131na (K-\u015femas\u0131 optimizasyonlu) sahiptir.<\/li>\n<\/ul>\n<p class=\"break-words\">Floransa'n\u0131n \u00fcz\u00fcm ba\u011flar\u0131ndan Milano'nun sanayi merkezlerine kadar, \u0130talyan \u00e7ift\u00e7iler ve \u00fcreticiler verimlili\u011fi korumak i\u00e7in g\u00fcvenilir d\u00fcz di\u015fli trakt\u00f6rlere g\u00fcveniyor. \u0130ster Bologna yak\u0131nlar\u0131nda tarlalar\u0131 s\u00fcr\u00fcyor olsunlar, ister Venedik'te mal ta\u015f\u0131yor olsunlar, bu di\u015fliler tutarl\u0131 performans sa\u011fl\u0131yor.<\/p>\n<div>\n<h4>D\u00fcz di\u015fli \u00e7arklar i\u00e7in neden FMP \u015firketini tercih etmelisiniz?<\/h4>\n<p class=\"break-words\">FMP olarak, tar\u0131m da dahil olmak \u00fczere \u00e7e\u015fitli sekt\u00f6rlere \u00f6zel olarak tasarlanm\u0131\u015f geni\u015f bir yelpazede d\u00fcz di\u015fli \u00e7ark \u00fcretimi konusunda uzmanla\u015fm\u0131\u015f bulunuyoruz. \u00dcr\u00fcn yelpazemiz, standart tasar\u0131mlar\u0131n yan\u0131 s\u0131ra \u00f6zel ihtiya\u00e7lar\u0131n\u0131z\u0131 kar\u015f\u0131lamak \u00fczere tamamen \u00f6zelle\u015ftirilebilir se\u00e7enekleri de i\u00e7ermektedir. Y\u0131llar\u0131n verdi\u011fi deneyime dayanarak, \u0130talya genelindeki m\u00fc\u015fterilerimize hizmet veriyor ve Milano, Venedik, Floransa, Bologna ve \u00f6tesindeki i\u015fletmelerin en \u00fcst d\u00fczey bile\u015fenlere eri\u015fimini sa\u011fl\u0131yoruz.<\/p>\n<ul class=\"marker:text-secondary\">\n<li class=\"break-words\"><strong>\u00c7e\u015fitlilik<\/strong>Trakt\u00f6rler, metalurji ekipmanlar\u0131 ve daha fazlas\u0131 i\u00e7in hassasiyet ve \u00f6zenle \u00fcretilmi\u015f d\u00fcz di\u015fli \u00e7arklar imal ediyoruz.<\/li>\n<li class=\"break-words\"><strong>\u00d6zelle\u015ftirme<\/strong>Trakt\u00f6r\u00fcn\u00fcz i\u00e7in benzersiz bir di\u015fli mi \u043d\u0443\u0436\u043d\u0430? Tam olarak sizin \u00f6zelliklerinize uygun \u00f6zel sipari\u015fler kabul ediyoruz.<\/li>\n<li class=\"break-words\"><strong>Destek<\/strong>\u00dcr\u00fcn listemizde ihtiyac\u0131n\u0131z olan modeli g\u00f6remiyorsan\u0131z endi\u015felenmeyin! Hen\u00fcz y\u00fcklenmemi\u015f olabilir. \u0130htiya\u00e7lar\u0131n\u0131z\u0131 bize e-posta ile iletin, m\u00fchendislerimiz 24 saat i\u00e7inde bir \u00e7\u00f6z\u00fcmle size yan\u0131t verecektir.<\/li>\n<\/ul>\n<p class=\"break-words\">\u0130talya'n\u0131n tar\u0131m sekt\u00f6r\u00fc yenilik\u00e7ilik ve g\u00fcvenilirlik \u00fczerine kuruludur ve FMP bu mirasa katk\u0131da bulunmaktan gurur duyar. FMP'de, ba\u015far\u0131n\u0131z\u0131 ad\u0131m ad\u0131m desteklemeye kararl\u0131y\u0131z.<\/p>\n<\/div>\n<\/div>","protected":false},"excerpt":{"rendered":"<p>The Role of Spur Gears in Tractors When it comes to the robust machinery powering Italy\u2019s agricultural heartlands\u2014such as the fertile fields near Milan, the rolling hills of Tuscany around Florence, or the productive plains of Bologna\u2014tractors are indispensable. At the core of these machines lies a critical component: the spur gear. As a leading [&hellip;]<\/p>","protected":false},"featured_media":7393,"comment_status":"open","ping_status":"closed","template":"","meta":{"_et_pb_use_builder":"","_et_pb_old_content":"","_et_gb_content_width":""},"product_brand":[],"product_cat":[109],"product_tag":[],"class_list":{"0":"post-7390","1":"product","2":"type-product","3":"status-publish","4":"has-post-thumbnail","6":"product_cat-spur-gear","8":"first","9":"instock","10":"shipping-taxable","11":"product-type-simple"},"_links":{"self":[{"href":"https:\/\/fmp-components.com\/tr\/wp-json\/wp\/v2\/product\/7390","targetHints":{"allow":["GET"]}}],"collection":[{"href":"https:\/\/fmp-components.com\/tr\/wp-json\/wp\/v2\/product"}],"about":[{"href":"https:\/\/fmp-components.com\/tr\/wp-json\/wp\/v2\/types\/product"}],"replies":[{"embeddable":true,"href":"https:\/\/fmp-components.com\/tr\/wp-json\/wp\/v2\/comments?post=7390"}],"wp:featuredmedia":[{"embeddable":true,"href":"https:\/\/fmp-components.com\/tr\/wp-json\/wp\/v2\/media\/7393"}],"wp:attachment":[{"href":"https:\/\/fmp-components.com\/tr\/wp-json\/wp\/v2\/media?parent=7390"}],"wp:term":[{"taxonomy":"product_brand","embeddable":true,"href":"https:\/\/fmp-components.com\/tr\/wp-json\/wp\/v2\/product_brand?post=7390"},{"taxonomy":"product_cat","embeddable":true,"href":"https:\/\/fmp-components.com\/tr\/wp-json\/wp\/v2\/product_cat?post=7390"},{"taxonomy":"product_tag","embeddable":true,"href":"https:\/\/fmp-components.com\/tr\/wp-json\/wp\/v2\/product_tag?post=7390"}],"curies":[{"name":"wp","href":"https:\/\/api.w.org\/{rel}","templated":true}]}}