{"id":7384,"date":"2025-03-24T06:59:56","date_gmt":"2025-03-24T06:59:56","guid":{"rendered":"https:\/\/fmp-components.com\/?post_type=product&#038;p=7384"},"modified":"2025-03-26T08:41:37","modified_gmt":"2025-03-26T08:41:37","slug":"ground-helical-gears","status":"publish","type":"product","link":"https:\/\/fmp-components.com\/tr\/product\/ground-helical-gears\/","title":{"rendered":"Zemin Helisel Di\u015fliler"},"content":{"rendered":"<div>\n<p class=\"break-words\">Hassasiyet, dayan\u0131kl\u0131l\u0131k ve sorunsuz \u00e7al\u0131\u015fma \u00f6n planda oldu\u011funda, Ta\u015flanm\u0131\u015f Helisel Di\u015fliler g\u00fc\u00e7 aktar\u0131m sistemleri i\u00e7in ola\u011fan\u00fcst\u00fc bir se\u00e7im olarak ortaya \u00e7\u0131kar. A\u00e7\u0131l\u0131 di\u015fleri ve titizlikle ta\u015flanm\u0131\u015f y\u00fczeyleriyle \u00f6ne \u00e7\u0131kan bu di\u015fliler, y\u00fcksek y\u00fck ve y\u00fcksek h\u0131zl\u0131 uygulamalarda \u00fcst\u00fcn performans sunar. FMP Company olarak, \u00e7ok \u00e7e\u015fitli ta\u015flanm\u0131\u015f di\u015fliler \u00fcretmekten gurur duyuyoruz. <a href=\"https:\/\/fmp-components.com\/tr\/helical-gears\/\">helisel di\u015fliler<\/a>, d\u00fcnya \u00e7ap\u0131ndaki end\u00fcstrilere hem standart hem de \u00f6zel \u00e7\u00f6z\u00fcmler sunmaktad\u0131r. Bu makalede, kullan\u0131lan malzemeleri, mevcut modelleri ve FMP'nin ihtiya\u00e7lar\u0131n\u0131za g\u00f6re uyarlanm\u0131\u015f en y\u00fcksek kaliteli di\u015flileri nas\u0131l sundu\u011funu inceleyece\u011fiz.<\/p>\n<h2>Ta\u015flanm\u0131\u015f Helisel Di\u015fliler Nelerdir?<\/h2>\n<p class=\"break-words\">Ta\u015flanm\u0131\u015f helisel di\u015fliler, di\u015f y\u00fczeylerinin \u0131s\u0131l i\u015flemden sonra hassas ta\u015flanarak ola\u011fan\u00fcst\u00fc hassasiyet ve p\u00fcr\u00fczs\u00fczl\u00fck elde edildi\u011fi bir helisel di\u015fli t\u00fcr\u00fcd\u00fcr. Di\u015fli eksenine a\u00e7\u0131l\u0131 olarak kesilmi\u015f di\u015flere sahip helisel tasar\u0131m, kademeli kavrama sa\u011flayarak d\u00fcz di\u015flilere k\u0131yasla g\u00fcr\u00fclt\u00fc ve titre\u015fimi azalt\u0131r. Ta\u015flama i\u015flemi, y\u00fczey kalitesini ve boyut hassasiyetini art\u0131rarak bu di\u015flileri, di\u015fli kutular\u0131, otomotiv sistemleri ve end\u00fcstriyel makineler gibi minimum bo\u015fluk ve maksimum verimlilik gerektiren uygulamalar i\u00e7in ideal hale getirir.<\/p>\n<\/div>\n<h2>\u015eartname<\/h2>\n<table style=\"width: 100%;\" border=\"1\" width=\"100%\" cellspacing=\"0\" cellpadding=\"0\">\n<thead><\/thead>\n<tbody>\n<tr>\n<td>Delik Tipi<\/td>\n<td>Zemin<\/td>\n<\/tr>\n<tr>\n<td>Enine Mod\u00fcl<\/td>\n<td>1<\/td>\n<\/tr>\n<tr>\n<td>Di\u015f say\u0131s\u0131<\/td>\n<td>100<\/td>\n<\/tr>\n<tr>\n<td>Helix'in y\u00f6n\u00fc<\/td>\n<td>Sol El<\/td>\n<\/tr>\n<tr>\n<td>\u015eekil<\/td>\n<td>S1<\/td>\n<\/tr>\n<tr>\n<td>Delik (A)<\/td>\n<td>15,0 (mm)<\/td>\n<\/tr>\n<tr>\n<td>G\u00f6bek \u00c7ap\u0131 (B)<\/td>\n<td>50,0 (mm)<\/td>\n<\/tr>\n<tr>\n<td>Ad\u0131m \u00c7ap\u0131 (C)<\/td>\n<td>100,00 (mm)<\/td>\n<\/tr>\n<tr>\n<td>D\u0131\u015f \u00c7ap (D)<\/td>\n<td>102,00 (mm)<\/td>\n<\/tr>\n<tr>\n<td>Y\u00fcz Geni\u015fli\u011fi (E)<\/td>\n<td>8,0 (mm)<\/td>\n<\/tr>\n<tr>\n<td>G\u00f6bek Geni\u015fli\u011fi (F)<\/td>\n<td>10,0 (mm)<\/td>\n<\/tr>\n<tr>\n<td>Toplam Uzunluk (G)<\/td>\n<td>18.00 (mm)<\/td>\n<\/tr>\n<tr>\n<td>Helix A\u00e7\u0131s\u0131<\/td>\n<td>21\u00b030\u2032<\/td>\n<\/tr>\n<tr>\n<td>Bas\u0131n\u00e7 A\u00e7\u0131s\u0131<\/td>\n<td>20\u00b0<\/td>\n<\/tr>\n<\/tbody>\n<\/table>\n<div>\n<h3>Ta\u015flanm\u0131\u015f Helisel Di\u015flilerde Kullan\u0131lan Malzemeler<\/h3>\n<p class=\"break-words\">Malzeme se\u00e7imi, ta\u015flanm\u0131\u015f helisel di\u015flilerin performans\u0131 i\u00e7in kritik \u00f6neme sahiptir. FMP olarak, mukavemet, a\u015f\u0131nma direnci ve uzun \u00f6m\u00fcr sa\u011flamak i\u00e7in y\u00fcksek kaliteli malzemeler se\u00e7iyoruz. A\u015fa\u011f\u0131da, yayg\u0131n malzemeleri ve \u00f6zelliklerini ayr\u0131nt\u0131l\u0131 olarak a\u00e7\u0131klayan bir tablo bulunmaktad\u0131r:<\/p>\n<div class=\"overflow-x-auto my-2\">\n<table style=\"width: 100%;\" border=\"1\" width=\"100%\" cellspacing=\"0\" cellpadding=\"0\">\n<thead class=\"border-b border-primary\/20\">\n<tr class=\"border-primary\/10\">\n<th class=\"break-words\"><strong>Malzeme<\/strong><\/th>\n<th class=\"break-words\"><strong>\u00d6zellikler<\/strong><\/th>\n<th class=\"break-words\"><strong>Ortak Uygulamalar<\/strong><\/th>\n<\/tr>\n<\/thead>\n<tbody>\n<tr class=\"border-primary\/10\">\n<td class=\"break-words\"><strong>Karbon \u00c7elik (\u00f6rne\u011fin, C45)<\/strong><\/td>\n<td class=\"break-words\">Y\u00fcksek mukavemet, uygun maliyet, iyi i\u015flenebilirlik<\/td>\n<td class=\"break-words\">Genel makine, otomotiv di\u015flileri<\/td>\n<\/tr>\n<tr class=\"border-primary\/10\">\n<td class=\"break-words\"><strong>Ala\u015f\u0131ml\u0131 \u00c7elik (\u00f6rne\u011fin, 4140)<\/strong><\/td>\n<td class=\"break-words\">Geli\u015ftirilmi\u015f tokluk, a\u015f\u0131nma direnci<\/td>\n<td class=\"break-words\">A\u011f\u0131r hizmet tipi di\u015fli kutular\u0131, end\u00fcstriyel tahrikler<\/td>\n<\/tr>\n<tr class=\"border-primary\/10\">\n<td class=\"break-words\"><strong>Paslanmaz \u00e7elik<\/strong><\/td>\n<td class=\"break-words\">Korozyon direnci, dayan\u0131kl\u0131l\u0131k<\/td>\n<td class=\"break-words\">G\u0131da i\u015fleme, denizcilik uygulamalar\u0131<\/td>\n<\/tr>\n<tr class=\"border-primary\/10\">\n<td class=\"break-words\"><strong>Sertle\u015ftirilmi\u015f \u00c7elik<\/strong><\/td>\n<td class=\"break-words\">Sert y\u00fczey, sa\u011flam \u00e7ekirdek<\/td>\n<td class=\"break-words\">Y\u00fcksek y\u00fck, y\u00fcksek hassasiyetli sistemler<\/td>\n<\/tr>\n<tr class=\"border-primary\/10\">\n<td class=\"break-words\"><strong>Tak\u0131m \u00c7eli\u011fi<\/strong><\/td>\n<td class=\"break-words\">A\u015f\u0131r\u0131 sertlik, \u0131s\u0131ya dayan\u0131kl\u0131l\u0131k<\/td>\n<td class=\"break-words\">\u00d6zel y\u00fcksek h\u0131zl\u0131 makineler<\/td>\n<\/tr>\n<\/tbody>\n<\/table>\n<\/div>\n<p class=\"break-words\">Bu malzemeler, end\u00fcstriyel tesislerden hassas m\u00fchendislik at\u00f6lyelerine kadar zorlu ortamlar\u0131n zorluklar\u0131na dayan\u0131kl\u0131 di\u015fliler \u00fcretmemizi sa\u011fl\u0131yor.<\/p>\n<h3>Zemin Helisel Di\u015flilerin Mevcut Modelleri<\/h3>\n<p class=\"break-words\">FMP \u015eirketi, \u00e7e\u015fitli gereksinimleri kar\u015f\u0131lamak i\u00e7in \u00e7e\u015fitli ta\u015flanm\u0131\u015f helezon di\u015fli modelleri sunmaktad\u0131r. A\u015fa\u011f\u0131daki tablo standart \u00fcr\u00fcnlerimizden baz\u0131lar\u0131n\u0131 g\u00f6stermektedir, ancak ihtiya\u00e7lar\u0131n\u0131za g\u00f6re \u00f6zelle\u015ftirebiliriz:<\/p>\n<div class=\"overflow-x-auto my-2\">\n<table style=\"width: 100%;\" border=\"1\" width=\"100%\" cellspacing=\"0\" cellpadding=\"0\">\n<thead class=\"border-b border-primary\/20\">\n<tr class=\"border-primary\/10\">\n<th class=\"break-words\"><strong>Model<\/strong><\/th>\n<th class=\"break-words\"><strong>Mod\u00fcl<\/strong><\/th>\n<th class=\"break-words\"><strong>Di\u015f Say\u0131s\u0131<\/strong><\/th>\n<th class=\"break-words\"><strong>Bas\u0131n\u00e7 A\u00e7\u0131s\u0131<\/strong><\/th>\n<th class=\"break-words\"><strong>Helix A\u00e7\u0131s\u0131<\/strong><\/th>\n<th class=\"break-words\"><strong>Malzeme Se\u00e7enekleri<\/strong><\/th>\n<\/tr>\n<\/thead>\n<tbody>\n<tr class=\"border-primary\/10\">\n<td class=\"break-words\">GHG-101<\/td>\n<td class=\"break-words\">1.0<\/td>\n<td class=\"break-words\">20<\/td>\n<td class=\"break-words\">20\u00b0<\/td>\n<td class=\"break-words\">15\u00b0<\/td>\n<td class=\"break-words\">Karbon \u00c7elik, Ala\u015f\u0131ml\u0131 \u00c7elik<\/td>\n<\/tr>\n<tr class=\"border-primary\/10\">\n<td class=\"break-words\">GHG-152<\/td>\n<td class=\"break-words\">1.5<\/td>\n<td class=\"break-words\">30<\/td>\n<td class=\"break-words\">20\u00b0<\/td>\n<td class=\"break-words\">20\u00b0<\/td>\n<td class=\"break-words\">Paslanmaz \u00c7elik, Tak\u0131m \u00c7eli\u011fi<\/td>\n<\/tr>\n<tr class=\"border-primary\/10\">\n<td class=\"break-words\">GHG-203<\/td>\n<td class=\"break-words\">2.0<\/td>\n<td class=\"break-words\">25<\/td>\n<td class=\"break-words\">20\u00b0<\/td>\n<td class=\"break-words\">15\u00b0<\/td>\n<td class=\"break-words\">Sertle\u015ftirilmi\u015f \u00c7elik<\/td>\n<\/tr>\n<tr class=\"border-primary\/10\">\n<td class=\"break-words\">GHG-305<\/td>\n<td class=\"break-words\">3.0<\/td>\n<td class=\"break-words\">40<\/td>\n<td class=\"break-words\">20\u00b0<\/td>\n<td class=\"break-words\">25\u00b0<\/td>\n<td class=\"break-words\">Ala\u015f\u0131ml\u0131 \u00c7elik, Paslanmaz \u00c7elik<\/td>\n<\/tr>\n<tr class=\"border-primary\/10\">\n<td class=\"break-words\">GHG-\u00d6zel<\/td>\n<td class=\"break-words\">Gelenek<\/td>\n<td class=\"break-words\">Gelenek<\/td>\n<td class=\"break-words\">Gelenek<\/td>\n<td class=\"break-words\">Gelenek<\/td>\n<td class=\"break-words\">Herhangi<\/td>\n<\/tr>\n<\/tbody>\n<\/table>\n<\/div>\n<p class=\"break-words\">Bu modeller, k\u00fc\u00e7\u00fck ekipmanlardan b\u00fcy\u00fck end\u00fcstriyel sistemlere kadar \u00e7e\u015fitli uygulamalarda optimum performans sa\u011flayarak hassasiyet ve g\u00fcvenilirlik i\u00e7in tasarlanm\u0131\u015ft\u0131r.<\/p>\n<div>\n<h4>FMP \u015eirketi: Zemin Helisel Di\u015flileriniz \u0130\u00e7in Kayna\u011f\u0131n\u0131z<\/h4>\n<p class=\"break-words\">FMP olarak, en y\u00fcksek kalite ve performans standartlar\u0131n\u0131 kar\u015f\u0131layan ta\u015flanm\u0131\u015f helisel di\u015fliler \u00fcretme konusunda uzmanla\u015f\u0131yoruz. \u0130ster standart bir modele ister \u00f6zel bir \u00e7\u00f6z\u00fcme ihtiyac\u0131n\u0131z olsun, ihtiyac\u0131n\u0131z olan her \u015feyi kar\u015f\u0131l\u0131yoruz. Sundu\u011fumuz hizmetler aras\u0131nda \u015funlar yer almaktad\u0131r:<\/p>\n<ul class=\"marker:text-secondary\">\n<li class=\"break-words\"><strong>Geni\u015f \u00c7e\u015fitlilik<\/strong>:Hafif di\u015flilerden a\u011f\u0131r hizmet tipi se\u00e7eneklere kadar t\u00fcm sekt\u00f6rlere hitap ediyoruz.<\/li>\n<li class=\"break-words\"><strong>\u00d6zelle\u015ftirme<\/strong>:Ekibimiz, \u00f6zel ihtiya\u00e7lar\u0131n\u0131za g\u00f6re tasarlanm\u0131\u015f ve \u00fcretilmi\u015f ta\u015flanm\u0131\u015f helisel di\u015fliler \u00fcreterek, uygulaman\u0131za m\u00fckemmel uyum sa\u011flar.<\/li>\n<li class=\"break-words\"><strong>Hassas Ta\u015flama<\/strong>: Her di\u015fli, d\u00fc\u015f\u00fck g\u00fcr\u00fclt\u00fc, y\u00fcksek verimlilik ve uzun hizmet \u00f6mr\u00fc sa\u011flayacak \u015fekilde hassas toleranslarla ta\u015flanm\u0131\u015ft\u0131r.<\/li>\n<\/ul>\n<p class=\"break-words\">Listemizde tam olarak ihtiyac\u0131n\u0131z olan modeli bulamazsan\u0131z endi\u015felenmeyin; \u00fcr\u00fcn katalo\u011fumuz s\u00fcrekli geni\u015fliyor. En son tasar\u0131mlar\u0131m\u0131zla hen\u00fcz g\u00fcncellememi\u015f olabiliriz. \u0130htiya\u00e7lar\u0131n\u0131z\u0131 bize e-postayla g\u00f6ndermeniz yeterli; uzman m\u00fchendislerimiz en k\u0131sa s\u00fcrede yan\u0131t verecektir. <strong>24 saat<\/strong> Projenize \u00f6zel bir \u00e7\u00f6z\u00fcmle. Karma\u015f\u0131kl\u0131k ne olursa olsun ihtiya\u00e7lar\u0131n\u0131z\u0131 kar\u015f\u0131lamaya kararl\u0131y\u0131z.<\/p>\n<h4>Zemin Helisel Di\u015flilerin Uygulamalar\u0131<\/h4>\n<p class=\"break-words\">Ta\u015flanm\u0131\u015f helezon di\u015fliler \u00e7ok y\u00f6nl\u00fcl\u00fckleri ve hassasiyetleri nedeniyle de\u011ferlidir ve bu da onlar\u0131 bir\u00e7ok end\u00fcstride vazge\u00e7ilmez k\u0131lar:<\/p>\n<ul class=\"marker:text-secondary\">\n<li class=\"break-words\"><strong>Otomotiv<\/strong>: Transmisyon sistemlerinde yumu\u015fak ve sessiz \u00e7al\u0131\u015fma i\u00e7in kullan\u0131l\u0131r.<\/li>\n<li class=\"break-words\"><strong>End\u00fcstriyel Makineler<\/strong>: \u00dcretim tesislerindeki di\u015fli kutular\u0131na ve tahrik \u00fcnitelerine g\u00fc\u00e7 sa\u011flamak.<\/li>\n<li class=\"break-words\"><strong>Havac\u0131l\u0131k ve uzay<\/strong>: Y\u00fcksek performansl\u0131 ekipmanlar i\u00e7in hassas bile\u015fenler.<\/li>\n<li class=\"break-words\"><strong>Deniz<\/strong>: Tahrik ve yard\u0131mc\u0131 sistemler i\u00e7in dayan\u0131kl\u0131 di\u015fliler.<\/li>\n<\/ul>\n<p class=\"break-words\">Y\u00fcksek y\u00fckleri kald\u0131rabilme ve zorlu ko\u015fullar alt\u0131nda hassasiyeti koruyabilme yetenekleri, onlar\u0131 m\u00fchendisler ve \u00fcreticiler i\u00e7in tercih edilen bir se\u00e7enek haline getiriyor.<\/p>\n<h4>Neden FMP'yi Se\u00e7melisiniz?<\/h4>\n<p class=\"break-words\">FMP \u015eirketi, kalite ve m\u00fc\u015fteri memnuniyetine olan ba\u011fl\u0131l\u0131\u011f\u0131m\u0131z sayesinde, ta\u015flanm\u0131\u015f helisel di\u015flilerin g\u00fcvenilir bir \u00fcreticisi olarak \u00f6ne \u00e7\u0131k\u0131yor. Her di\u015flinin beklentilerinizi kar\u015f\u0131lamas\u0131n\u0131 sa\u011flamak i\u00e7in geli\u015fmi\u015f ta\u015flama teknikleri ve titiz kalite kontrol y\u00f6ntemleri kullan\u0131yoruz. H\u0131zl\u0131 yan\u0131t s\u00fcrelerimiz (m\u00fchendislerimiz 24 saat i\u00e7inde yan\u0131t veriyor) ve \u00f6zelle\u015ftirme yetene\u011fimiz, bizi d\u00fcnya \u00e7ap\u0131ndaki i\u015fletmeler i\u00e7in g\u00fcvenilir bir ortak olarak \u00f6ne \u00e7\u0131kar\u0131yor.<\/p>\n<p><img loading=\"lazy\" decoding=\"async\" class=\"size-full wp-image-7387 aligncenter\" src=\"https:\/\/fmp-components.com\/wp-content\/uploads\/2025\/03\/Ground-Helical-Gears-Product-2.webp\" alt=\"Zemin-Helisel-Di\u015fliler\" width=\"1200\" height=\"300\" title=\"\" srcset=\"https:\/\/fmp-components.com\/wp-content\/uploads\/2025\/03\/Ground-Helical-Gears-Product-2.webp 1200w, https:\/\/fmp-components.com\/wp-content\/uploads\/2025\/03\/Ground-Helical-Gears-Product-2-980x245.webp 980w, https:\/\/fmp-components.com\/wp-content\/uploads\/2025\/03\/Ground-Helical-Gears-Product-2-480x120.webp 480w\" sizes=\"(min-width: 0px) and (max-width: 480px) 480px, (min-width: 481px) and (max-width: 980px) 980px, (min-width: 981px) 1200px, 100vw\" \/><\/p>\n<\/div>\n<\/div>","protected":false},"excerpt":{"rendered":"<p>When precision, durability, and smooth operation are paramount, Ground Helical Gears emerge as an exceptional choice for power transmission systems. These gears, characterized by their angled teeth and meticulously ground surfaces, offer superior performance in high-load and high-speed applications. At FMP Company, we are proud to manufacture a wide variety of ground helical gears, serving [&hellip;]<\/p>","protected":false},"featured_media":7386,"comment_status":"open","ping_status":"closed","template":"","meta":{"_et_pb_use_builder":"","_et_pb_old_content":"","_et_gb_content_width":""},"product_brand":[],"product_cat":[108],"product_tag":[],"class_list":{"0":"post-7384","1":"product","2":"type-product","3":"status-publish","4":"has-post-thumbnail","6":"product_cat-helical-gear","8":"first","9":"instock","10":"shipping-taxable","11":"product-type-simple"},"_links":{"self":[{"href":"https:\/\/fmp-components.com\/tr\/wp-json\/wp\/v2\/product\/7384","targetHints":{"allow":["GET"]}}],"collection":[{"href":"https:\/\/fmp-components.com\/tr\/wp-json\/wp\/v2\/product"}],"about":[{"href":"https:\/\/fmp-components.com\/tr\/wp-json\/wp\/v2\/types\/product"}],"replies":[{"embeddable":true,"href":"https:\/\/fmp-components.com\/tr\/wp-json\/wp\/v2\/comments?post=7384"}],"wp:featuredmedia":[{"embeddable":true,"href":"https:\/\/fmp-components.com\/tr\/wp-json\/wp\/v2\/media\/7386"}],"wp:attachment":[{"href":"https:\/\/fmp-components.com\/tr\/wp-json\/wp\/v2\/media?parent=7384"}],"wp:term":[{"taxonomy":"product_brand","embeddable":true,"href":"https:\/\/fmp-components.com\/tr\/wp-json\/wp\/v2\/product_brand?post=7384"},{"taxonomy":"product_cat","embeddable":true,"href":"https:\/\/fmp-components.com\/tr\/wp-json\/wp\/v2\/product_cat?post=7384"},{"taxonomy":"product_tag","embeddable":true,"href":"https:\/\/fmp-components.com\/tr\/wp-json\/wp\/v2\/product_tag?post=7384"}],"curies":[{"name":"wp","href":"https:\/\/api.w.org\/{rel}","templated":true}]}}