{"id":7380,"date":"2025-03-24T06:05:22","date_gmt":"2025-03-24T06:05:22","guid":{"rendered":"https:\/\/fmp-components.com\/?post_type=product&#038;p=7380"},"modified":"2025-03-26T08:41:57","modified_gmt":"2025-03-26T08:41:57","slug":"plastic-helical-gear","status":"publish","type":"product","link":"https:\/\/fmp-components.com\/tr\/product\/plastic-helical-gear\/","title":{"rendered":"Plastik Helisel Di\u015fli"},"content":{"rendered":"<div>\n<h2>Plastik Helisel Di\u015fliler<\/h2>\n<p class=\"break-words\">Verimli g\u00fc\u00e7 aktar\u0131m\u0131 ve sorunsuz \u00e7al\u0131\u015fma s\u00f6z konusu oldu\u011funda, Plastik Helisel Di\u015fliler d\u00fcnya \u00e7ap\u0131ndaki end\u00fcstriler i\u00e7in en iyi tercihlerden biridir. A\u00e7\u0131l\u0131 di\u015fleri ve sessiz performanslar\u0131yla bilinen bu di\u015fliler, otomotiv sistemlerinden end\u00fcstriyel makinelere kadar \u00e7e\u015fitli uygulamalarda giderek daha pop\u00fcler hale gelmektedir. FMP \u015eirketi olarak, geni\u015f bir yelpazede plastik di\u015fli \u00fcretimi konusunda uzmanla\u015fm\u0131\u015f bulunmaktay\u0131z. <a href=\"https:\/\/fmp-components.com\/tr\/helical-gears\/\">helisel di\u015fliler<\/a>Milano'nun \u00fcretim merkezlerinden Venedik'in denizcilik end\u00fcstrisine kadar \u0130talya genelindeki i\u015fletmelerin \u00e7e\u015fitli ihtiya\u00e7lar\u0131n\u0131 kar\u015f\u0131lamak i\u00e7in hem standart modeller hem de \u00f6zel \u00e7\u00f6z\u00fcmler sunuyoruz.<\/p>\n<h3>Plastik Helisel Di\u015fliler Neden Tercih Edilir?<\/h3>\n<p class=\"break-words\">Plastik helisel di\u015fliler, g\u00fcr\u00fclt\u00fcy\u00fc azaltmak ve y\u00fck kapasitesini art\u0131rmak i\u00e7in kademeli di\u015f ge\u00e7i\u015fi gibi helisel di\u015fli tasar\u0131m\u0131n\u0131n avantajlar\u0131n\u0131, korozyon direnci, hafif yap\u0131 ve maliyet etkinli\u011fi gibi plastik malzemelerin faydalar\u0131yla birle\u015ftirir. Metal muadillerinin aksine, plastik helisel di\u015fliler, a\u011f\u0131rl\u0131k azaltma ve daha sessiz \u00e7al\u0131\u015fma \u00f6nceli\u011finin oldu\u011fu uygulamalar i\u00e7in idealdir ve bu da onlar\u0131 Bologna ve Floransa gibi \u015fehirlerde geli\u015fen sekt\u00f6rlerde vazge\u00e7ilmez k\u0131lar.<\/p>\n<\/div>\n<p><img loading=\"lazy\" decoding=\"async\" class=\"alignnone size-full wp-image-7382\" src=\"https:\/\/fmp-components.com\/wp-content\/uploads\/2025\/03\/plastic-helical-gear-2.webp\" alt=\"plastik-helik-di\u015fli\" width=\"900\" height=\"300\" title=\"\" srcset=\"https:\/\/fmp-components.com\/wp-content\/uploads\/2025\/03\/plastic-helical-gear-2.webp 900w, https:\/\/fmp-components.com\/wp-content\/uploads\/2025\/03\/plastic-helical-gear-2-480x160.webp 480w\" sizes=\"(min-width: 0px) and (max-width: 480px) 480px, (min-width: 481px) 900px, 100vw\" \/><\/p>\n<p>\u3001<\/p>\n<div>\n<h4>Plastik Helisel Di\u015flilerde Kullan\u0131lan Malzemeler<\/h4>\n<p class=\"break-words\">Plastik helisel di\u015flilerin performans\u0131, yap\u0131ld\u0131klar\u0131 malzemeye b\u00fcy\u00fck \u00f6l\u00e7\u00fcde ba\u011fl\u0131d\u0131r. FMP olarak, belirli uygulamalara uygun y\u00fcksek kaliteli polimerler kullan\u0131yoruz. A\u015fa\u011f\u0131da, yayg\u0131n kullan\u0131lan malzemeleri ve \u00f6zelliklerini \u00f6zetleyen bir tablo bulunmaktad\u0131r:<\/p>\n<div class=\"overflow-x-auto my-2\">\n<table style=\"width: 100%;\" border=\"1\" width=\"100%\" cellspacing=\"0\" cellpadding=\"0\">\n<thead class=\"border-b border-primary\/20\">\n<tr class=\"border-primary\/10\">\n<th class=\"break-words\"><strong>Malzeme<\/strong><\/th>\n<th class=\"break-words\"><strong>\u00d6zellikler<\/strong><\/th>\n<th class=\"break-words\"><strong>Ortak Uygulamalar<\/strong><\/th>\n<\/tr>\n<\/thead>\n<tbody>\n<tr class=\"border-primary\/10\">\n<td class=\"break-words\"><strong>Naylon (PA)<\/strong><\/td>\n<td class=\"break-words\">Y\u00fcksek mukavemet, a\u015f\u0131nma direnci, d\u00fc\u015f\u00fck s\u00fcrt\u00fcnme<\/td>\n<td class=\"break-words\">End\u00fcstriyel makineler, otomotiv par\u00e7alar\u0131<\/td>\n<\/tr>\n<tr class=\"border-primary\/10\">\n<td class=\"break-words\"><strong>POM (Asetal)<\/strong><\/td>\n<td class=\"break-words\">M\u00fckemmel boyutsal kararl\u0131l\u0131k, d\u00fc\u015f\u00fck nem emme \u00f6zelli\u011fi.<\/td>\n<td class=\"break-words\">Hassas di\u015fliler, pompalar, konvey\u00f6rler<\/td>\n<\/tr>\n<tr class=\"border-primary\/10\">\n<td class=\"break-words\"><strong>PEEK<\/strong><\/td>\n<td class=\"break-words\">Y\u00fcksek s\u0131cakl\u0131k dayan\u0131m\u0131, kimyasal diren\u00e7<\/td>\n<td class=\"break-words\">Havac\u0131l\u0131k ve uzay, t\u0131bbi cihazlar<\/td>\n<\/tr>\n<tr class=\"border-primary\/10\">\n<td class=\"break-words\"><strong>Polikarbonat (PC)<\/strong><\/td>\n<td class=\"break-words\">Darbelere dayan\u0131kl\u0131l\u0131k, \u015feffafl\u0131k<\/td>\n<td class=\"break-words\">T\u00fcketici elektroni\u011fi, hafif i\u015f makineleri<\/td>\n<\/tr>\n<tr class=\"border-primary\/10\">\n<td class=\"break-words\"><strong>PP (Polipropilen)<\/strong><\/td>\n<td class=\"break-words\">Hafif, kimyasal diren\u00e7li<\/td>\n<td class=\"break-words\">Ak\u0131\u015fkan sistemleri, d\u00fc\u015f\u00fck y\u00fck uygulamalar\u0131<\/td>\n<\/tr>\n<\/tbody>\n<\/table>\n<\/div>\n<p class=\"break-words\">Bu malzemeler, hassas m\u00fchendisli\u011fin \u00f6n planda oldu\u011fu Milano'daki end\u00fcstrilerin veya denizcilik ortamlar\u0131 i\u00e7in korozyona dayan\u0131kl\u0131 bile\u015fenlerin \u015fart oldu\u011fu Venedik'teki end\u00fcstrilerin \u00f6zel taleplerini kar\u015f\u0131layan di\u015fliler \u00fcretmemizi sa\u011fl\u0131yor.<\/p>\n<h4>Mevcut Plastik Helisel Di\u015fli Modelleri<\/h4>\n<p class=\"break-words\">FMP \u015eirketi, farkl\u0131 \u00f6zelliklere uygun \u00e7e\u015fitli plastik helisel di\u015fli modelleri sunmaktad\u0131r. A\u015fa\u011f\u0131da standart modellerimizden baz\u0131lar\u0131n\u0131 g\u00f6steren bir tablo bulunmaktad\u0131r, ancak yeteneklerimiz bu listenin \u00e7ok \u00f6tesine uzanmaktad\u0131r:<\/p>\n<div class=\"overflow-x-auto my-2\">\n<table style=\"width: 100%;\" border=\"1\" width=\"100%\" cellspacing=\"0\" cellpadding=\"0\">\n<thead class=\"border-b border-primary\/20\">\n<tr class=\"border-primary\/10\">\n<th class=\"break-words\"><strong>Model<\/strong><\/th>\n<th class=\"break-words\"><strong>Mod\u00fcl<\/strong><\/th>\n<th class=\"break-words\"><strong>Di\u015f Say\u0131s\u0131<\/strong><\/th>\n<th class=\"break-words\"><strong>Bas\u0131n\u00e7 A\u00e7\u0131s\u0131<\/strong><\/th>\n<th class=\"break-words\"><strong>Helix A\u00e7\u0131s\u0131<\/strong><\/th>\n<th class=\"break-words\"><strong>Malzeme Se\u00e7enekleri<\/strong><\/th>\n<\/tr>\n<\/thead>\n<tbody>\n<tr class=\"border-primary\/10\">\n<td class=\"break-words\">PHG-101<\/td>\n<td class=\"break-words\">1.0<\/td>\n<td class=\"break-words\">20<\/td>\n<td class=\"break-words\">20\u00b0<\/td>\n<td class=\"break-words\">15\u00b0<\/td>\n<td class=\"break-words\">Naylon, POM<\/td>\n<\/tr>\n<tr class=\"border-primary\/10\">\n<td class=\"break-words\">PHG-152<\/td>\n<td class=\"break-words\">1.5<\/td>\n<td class=\"break-words\">30<\/td>\n<td class=\"break-words\">20\u00b0<\/td>\n<td class=\"break-words\">20\u00b0<\/td>\n<td class=\"break-words\">POM, PEEK<\/td>\n<\/tr>\n<tr class=\"border-primary\/10\">\n<td class=\"break-words\">PHG-203<\/td>\n<td class=\"break-words\">2.0<\/td>\n<td class=\"break-words\">25<\/td>\n<td class=\"break-words\">20\u00b0<\/td>\n<td class=\"break-words\">15\u00b0<\/td>\n<td class=\"break-words\">Naylon, Polikarbonat<\/td>\n<\/tr>\n<tr class=\"border-primary\/10\">\n<td class=\"break-words\">PHG-305<\/td>\n<td class=\"break-words\">3.0<\/td>\n<td class=\"break-words\">40<\/td>\n<td class=\"break-words\">20\u00b0<\/td>\n<td class=\"break-words\">25\u00b0<\/td>\n<td class=\"break-words\">PEEK, PP<\/td>\n<\/tr>\n<tr class=\"border-primary\/10\">\n<td class=\"break-words\">PHG-\u00d6zel<\/td>\n<td class=\"break-words\">Gelenek<\/td>\n<td class=\"break-words\">Gelenek<\/td>\n<td class=\"break-words\">Gelenek<\/td>\n<td class=\"break-words\">Gelenek<\/td>\n<td class=\"break-words\">Herhangi<\/td>\n<\/tr>\n<\/tbody>\n<\/table>\n<\/div>\n<p class=\"break-words\">Bu modeller, Floransa'daki k\u00fc\u00e7\u00fck \u00f6l\u00e7ekli el sanatlar\u0131 at\u00f6lyelerinden Bologna'daki sanayi b\u00f6lgelerindeki a\u011f\u0131r hizmet sistemlerine kadar \u00e7e\u015fitli uygulamalara hitap edecek \u015fekilde tasarlanm\u0131\u015ft\u0131r. Her bir di\u015fli, optimum performans i\u00e7in tasarlanm\u0131\u015f olup, sorunsuz g\u00fc\u00e7 aktar\u0131m\u0131 ve dayan\u0131kl\u0131l\u0131k sa\u011flar.<\/p>\n<div>\n<h3>FMP \u015eirketi: \u0130talya'da Plastik Helisel Di\u015fliler Konusunda Orta\u011f\u0131n\u0131z<\/h3>\n<p class=\"break-words\">FMP olarak, \u0130talya'da \u00f6nde gelen plastik helisel di\u015fli \u00fcreticisi olmaktan gurur duyuyoruz. Milano, Venedik, Floransa veya Bologna'da bulunman\u0131z fark etmeksizin, size \u015funlar\u0131 sunuyoruz:<\/p>\n<ul class=\"marker:text-secondary\">\n<li class=\"break-words\"><strong>\u00c7e\u015fitli \u00dcr\u00fcn Yelpazesi<\/strong>Standart modellerden \u00f6zel tasar\u0131mlara kadar t\u00fcm ekipman ihtiya\u00e7lar\u0131n\u0131z\u0131 kar\u015f\u0131l\u0131yoruz.<\/li>\n<li class=\"break-words\"><strong>\u00d6zelle\u015ftirme Hizmetleri<\/strong>: Belirli bir proje i\u00e7in benzersiz bir di\u015fliye mi ihtiyac\u0131n\u0131z var? Ekibimiz, tam olarak sizin \u00f6zelliklerinize g\u00f6re uyarlanm\u0131\u015f \u00f6zel plastik helisel di\u015fliler tasarlayabilir ve \u00fcretebilir.<\/li>\n<li class=\"break-words\"><strong>Yerel Uzmanl\u0131k<\/strong>\u0130talya'n\u0131n end\u00fcstriyel yap\u0131s\u0131n\u0131 anl\u0131yoruz ve \u00e7\u00f6z\u00fcmlerimizin yerel pazarlar\u0131n ihtiya\u00e7lar\u0131yla uyumlu olmas\u0131n\u0131 sa\u011fl\u0131yoruz.<\/li>\n<\/ul>\n<h3>Modelinizi Bulam\u0131yor musunuz?<\/h3>\n<p class=\"break-words\">\u0130htiyac\u0131n\u0131z olan model yukar\u0131da listelenmemi\u015fse endi\u015felenmeyin; \u00fcr\u00fcn katalo\u011fumuz s\u00fcrekli geli\u015fiyor. En son eklenen modelleri hen\u00fcz y\u00fcklememi\u015f olabiliriz. \u0130htiya\u00e7lar\u0131n\u0131z\u0131 bize e-posta ile iletin, uzman m\u00fchendislerimiz 24 saat i\u00e7inde bir \u00e7\u00f6z\u00fcmle size yan\u0131t verecektir.<\/p>\n<\/div>\n<\/div>","protected":false},"excerpt":{"rendered":"<p>Plastic Helical Gears When it comes to efficient power transmission and smooth operation, Plastic Helical Gears are a top choice for industries worldwide. Known for their angled teeth and quiet performance, these gears are increasingly popular in applications ranging from automotive systems to industrial machinery. At FMP Company, we specialize in manufacturing a wide range [&hellip;]<\/p>","protected":false},"featured_media":7381,"comment_status":"open","ping_status":"closed","template":"","meta":{"_et_pb_use_builder":"","_et_pb_old_content":"","_et_gb_content_width":""},"product_brand":[],"product_cat":[108],"product_tag":[],"class_list":{"0":"post-7380","1":"product","2":"type-product","3":"status-publish","4":"has-post-thumbnail","6":"product_cat-helical-gear","8":"first","9":"instock","10":"shipping-taxable","11":"product-type-simple"},"_links":{"self":[{"href":"https:\/\/fmp-components.com\/tr\/wp-json\/wp\/v2\/product\/7380","targetHints":{"allow":["GET"]}}],"collection":[{"href":"https:\/\/fmp-components.com\/tr\/wp-json\/wp\/v2\/product"}],"about":[{"href":"https:\/\/fmp-components.com\/tr\/wp-json\/wp\/v2\/types\/product"}],"replies":[{"embeddable":true,"href":"https:\/\/fmp-components.com\/tr\/wp-json\/wp\/v2\/comments?post=7380"}],"wp:featuredmedia":[{"embeddable":true,"href":"https:\/\/fmp-components.com\/tr\/wp-json\/wp\/v2\/media\/7381"}],"wp:attachment":[{"href":"https:\/\/fmp-components.com\/tr\/wp-json\/wp\/v2\/media?parent=7380"}],"wp:term":[{"taxonomy":"product_brand","embeddable":true,"href":"https:\/\/fmp-components.com\/tr\/wp-json\/wp\/v2\/product_brand?post=7380"},{"taxonomy":"product_cat","embeddable":true,"href":"https:\/\/fmp-components.com\/tr\/wp-json\/wp\/v2\/product_cat?post=7380"},{"taxonomy":"product_tag","embeddable":true,"href":"https:\/\/fmp-components.com\/tr\/wp-json\/wp\/v2\/product_tag?post=7380"}],"curies":[{"name":"wp","href":"https:\/\/api.w.org\/{rel}","templated":true}]}}