{"id":7369,"date":"2025-03-24T02:45:01","date_gmt":"2025-03-24T02:45:01","guid":{"rendered":"https:\/\/fmp-components.com\/?post_type=product&#038;p=7369"},"modified":"2025-03-26T08:42:56","modified_gmt":"2025-03-26T08:42:56","slug":"mining-machinery-carburized-helical-gear","status":"publish","type":"product","link":"https:\/\/fmp-components.com\/tr\/product\/mining-machinery-carburized-helical-gear\/","title":{"rendered":"Madencilik Makineleri Karb\u00fcrlenmi\u015f Helisel Di\u015fli"},"content":{"rendered":"<div class=\"sliderTable mt10 mb10 sliderTable-index0 change-to-org\">\n<div class=\"inner\">\n<div>\n<p class=\"break-words\">Sekt\u00f6rde lider bir \u00fcretici olan FMP \u015eirketi, geni\u015f bir yelpazede Madencilik Makineleri Karb\u00fcrize \u00dcretiminde uzmanla\u015fm\u0131\u015ft\u0131r. <a href=\"https:\/\/fmp-components.com\/tr\/helical-gears\/\">Helisel Di\u015fliler<\/a> Madencilik operasyonlar\u0131n\u0131n zorlu ihtiya\u00e7lar\u0131n\u0131 kar\u015f\u0131lamak \u00fczere tasarlanm\u0131\u015ft\u0131r. Di\u015flilerimiz, zorlu ko\u015fullarda ola\u011fan\u00fcst\u00fc dayan\u0131kl\u0131l\u0131k, mukavemet ve performans sa\u011flamak i\u00e7in geli\u015fmi\u015f karb\u00fcrleme teknikleri kullan\u0131larak hassasiyetle \u00fcretilmi\u015ftir. \u0130ster standart modeller ister \u00f6zel \u00e7\u00f6z\u00fcmler isteyin, FMP, madencilik makineleriniz i\u00e7in optimum verimlilik ve g\u00fcvenilirlik sa\u011flayarak \u00f6zel ihtiya\u00e7lar\u0131n\u0131za g\u00f6re \u00f6zelle\u015ftirilmi\u015f se\u00e7enekler sunar.<\/p>\n<p class=\"break-words\">FMP olarak, geni\u015f \u00fcr\u00fcn yelpazemizle gurur duyuyoruz; ancak katalo\u011fumuzda tam olarak ihtiyac\u0131n\u0131z olan Maden Makineleri Karb\u00fcrize Helisel Di\u015fli modelini g\u00f6rm\u00fcyorsan\u0131z endi\u015felenmenize gerek yok; bu, hen\u00fcz listeleme f\u0131rsat\u0131m\u0131z olmad\u0131\u011f\u0131 anlam\u0131na gelir. Arad\u0131\u011f\u0131n\u0131z modelin ayr\u0131nt\u0131lar\u0131n\u0131 e-posta yoluyla bizimle payla\u015fman\u0131z\u0131 \u00f6neririz. Uzman m\u00fchendis ekibimiz 24 saat i\u00e7inde yan\u0131t verecek, ihtiya\u00e7lar\u0131n\u0131z\u0131 kar\u015f\u0131layacak uzman rehberlik ve \u00e7\u00f6z\u00fcmler sunacak ve uygulaman\u0131z i\u00e7in m\u00fckemmel di\u015fliye sahip olman\u0131z\u0131 sa\u011flayacakt\u0131r.<\/p>\n<p><img loading=\"lazy\" decoding=\"async\" class=\"wp-image-7378 aligncenter\" src=\"https:\/\/fmp-components.com\/wp-content\/uploads\/2025\/03\/Mining-Machinery-Carburized-Helical-Gear-1.webp\" alt=\"Madencilik Makineleri Karb\u00fcrlenmi\u015f Helisel Di\u015fli\" width=\"899\" height=\"600\" title=\"\" srcset=\"https:\/\/fmp-components.com\/wp-content\/uploads\/2025\/03\/Mining-Machinery-Carburized-Helical-Gear-1.webp 899w, https:\/\/fmp-components.com\/wp-content\/uploads\/2025\/03\/Mining-Machinery-Carburized-Helical-Gear-1-480x320.webp 480w\" sizes=\"(min-width: 0px) and (max-width: 480px) 480px, (min-width: 481px) 899px, 100vw\" \/><\/p>\n<\/div>\n<h2>\u015eartname<\/h2>\n<table border=\"1\" width=\"100%\">\n<tbody>\n<tr class=\"firstRow\">\n<th colspan=\"2\" valign=\"top\">Di\u015fli Temel Verileri<\/th>\n<\/tr>\n<tr>\n<td valign=\"center\">Di\u015fli Di\u015f \u015eekli<\/td>\n<td valign=\"center\">i\u00e7e do\u011fru k\u0131vr\u0131lm\u0131\u015f<\/td>\n<\/tr>\n<tr>\n<td valign=\"center\">Di\u015fli Malzemesi<\/td>\n<td valign=\"center\">18CrNiMo6<\/td>\n<\/tr>\n<tr>\n<td valign=\"center\">Di\u015fli \u0130\u015flemi<\/td>\n<td valign=\"center\">d\u00f6vme, karb\u00fcrizasyon, d\u00fcz ve i\u00e7 ta\u015flama, di\u015f ta\u015flama, hat kesme<\/td>\n<\/tr>\n<tr>\n<td valign=\"center\">Bas\u0131n\u00e7 A\u00e7\u0131s\u0131<\/td>\n<td valign=\"center\">20\u00b0<\/td>\n<\/tr>\n<tr>\n<td valign=\"center\">Kalite seviyesi<\/td>\n<td valign=\"center\">DIN 3962 s\u0131n\u0131f 6<\/td>\n<\/tr>\n<tr>\n<td valign=\"center\">Di\u015fli Tipi<\/td>\n<td valign=\"center\">M=9, Z=33, a=20\u00b0, \u03b2=8\u00b0, x=0,2, sa\u011flak<\/td>\n<\/tr>\n<\/tbody>\n<\/table>\n<\/div>\n<\/div>\n<h3>Di\u015fli\/Di\u015fli Yetenekleri<\/h3>\n<div class=\"sliderTable mt10 mb10 sliderTable-index1 change-to-org\">\n<div class=\"inner\">\n<table border=\"1\" width=\"100%\">\n<tbody>\n<tr class=\"firstRow\">\n<th colspan=\"4\" valign=\"top\">\u0130\u00e7 Di\u015fliler ve \u0130\u00e7 Yivler<\/th>\n<\/tr>\n<tr>\n<td valign=\"top\"><\/td>\n<td valign=\"top\">\u00d6\u011e\u00dcTME<\/td>\n<td valign=\"top\">\u015eEK\u0130LLEND\u0130RME<\/td>\n<td valign=\"top\">D\u0130\u015e GICIRDATMA<\/td>\n<\/tr>\n<tr>\n<td valign=\"top\">Maksimum OD<\/td>\n<td valign=\"top\">2500 mm<\/td>\n<td valign=\"top\">2500 mm<\/td>\n<td valign=\"top\">2500 mm<\/td>\n<\/tr>\n<tr>\n<td valign=\"top\">Minimum Kimlik<\/td>\n<td valign=\"top\">650 mm<\/td>\n<td valign=\"top\">50 mm<\/td>\n<td valign=\"top\">100 mm<\/td>\n<\/tr>\n<tr>\n<td valign=\"top\">Maksimum Y\u00fcz Geni\u015fli\u011fi<\/td>\n<td valign=\"top\">500 mm<\/td>\n<td valign=\"top\">500 mm<\/td>\n<td valign=\"top\">500 mm<\/td>\n<\/tr>\n<tr>\n<td valign=\"top\">Maksimum \u00c7apsal E\u011fim<\/td>\n<td valign=\"top\">DP 1<\/td>\n<td valign=\"top\">DP 1<\/td>\n<td valign=\"top\">DP 0,5<\/td>\n<\/tr>\n<tr>\n<td valign=\"top\">Maksimum Mod\u00fcl<\/td>\n<td valign=\"top\">26 mm<\/td>\n<td valign=\"top\">26 mm<\/td>\n<td valign=\"top\">45 mm<\/td>\n<\/tr>\n<tr>\n<td valign=\"top\">AGMA Seviyesi\/ DIN Seviyesi<\/td>\n<td valign=\"top\">DIN S\u0131n\u0131f 8<\/td>\n<td valign=\"top\">DIN S\u0131n\u0131f 8<\/td>\n<td valign=\"top\">DIN S\u0131n\u0131f 4<\/td>\n<\/tr>\n<tr>\n<td valign=\"top\">Di\u015f Y\u00fczeyi Kaplamas\u0131<\/td>\n<td valign=\"top\">Ra 3.2<\/td>\n<td valign=\"top\">Ra 3.2<\/td>\n<td valign=\"top\">Ra 0.6<\/td>\n<\/tr>\n<tr>\n<td valign=\"top\">Maksimum Helis A\u00e7\u0131s\u0131<\/td>\n<td valign=\"top\">\u00b122,5\u00b0<\/td>\n<td valign=\"top\">\u00b122,5\u00b0<\/td>\n<td valign=\"top\">\u00b145\u00b0<\/td>\n<\/tr>\n<tr>\n<th colspan=\"4\" valign=\"top\">D\u0131\u015f Di\u015fliler ve D\u0131\u015f Yivler<\/th>\n<\/tr>\n<tr>\n<td valign=\"top\"><\/td>\n<td valign=\"top\">HOBBING<\/td>\n<td valign=\"top\">\u00d6\u011e\u00dcTME<\/td>\n<td valign=\"top\">D\u0130\u015e GICIRDATMA<\/td>\n<\/tr>\n<tr>\n<td valign=\"top\">Maksimum OD<\/td>\n<td valign=\"top\">1250 mm<\/td>\n<td valign=\"top\">2500 mm<\/td>\n<td valign=\"top\">2500 mm<\/td>\n<\/tr>\n<tr>\n<td valign=\"top\">Minimum OD<\/td>\n<td valign=\"top\">20 mm<\/td>\n<td valign=\"top\">200 mm<\/td>\n<td valign=\"top\">20 mm<\/td>\n<\/tr>\n<tr>\n<td valign=\"top\">Maksimum Y\u00fcz Geni\u015fli\u011fi<\/td>\n<td valign=\"top\">500 mm<\/td>\n<td valign=\"top\">500 mm<\/td>\n<td valign=\"top\">1480 mm<\/td>\n<\/tr>\n<tr>\n<td valign=\"top\">Maksimum \u00c7apsal E\u011fim<\/td>\n<td valign=\"top\">DP 1<\/td>\n<td valign=\"top\">DP 1<\/td>\n<td valign=\"top\">DP 0,5<\/td>\n<\/tr>\n<tr>\n<td valign=\"top\">Maksimum Mod\u00fcl<\/td>\n<td valign=\"top\">26 mm<\/td>\n<td valign=\"top\">26 mm<\/td>\n<td valign=\"top\">45 mm<\/td>\n<\/tr>\n<tr>\n<td valign=\"top\">AGMA Seviyesi\/ DIN Seviyesi<\/td>\n<td valign=\"top\">DIN S\u0131n\u0131f 8<\/td>\n<td valign=\"top\">DIN S\u0131n\u0131f 8<\/td>\n<td valign=\"top\">DIN S\u0131n\u0131f 4<\/td>\n<\/tr>\n<tr>\n<td valign=\"top\">Di\u015f Y\u00fczeyi Kaplamas\u0131<\/td>\n<td valign=\"top\">Ra 3.2<\/td>\n<td valign=\"top\">Ra 3.2<\/td>\n<td valign=\"top\">Ra 0.6<\/td>\n<\/tr>\n<tr>\n<td valign=\"top\">Maksimum Helis A\u00e7\u0131s\u0131<\/td>\n<td valign=\"top\">\u00b145\u00b0<\/td>\n<td valign=\"top\">\u00b145\u00b0<\/td>\n<td valign=\"top\">\u00b145\u00b0<\/td>\n<\/tr>\n<\/tbody>\n<\/table>\n<\/div>\n<\/div>","protected":false},"excerpt":{"rendered":"<ul class=\"pro-info-list fix\">\n<li class=\"prod-specifics-brand\"><label>Di\u015fli Di\u015f \u015eekli:\u00a0<\/label>i\u00e7e do\u011fru k\u0131vr\u0131lm\u0131\u015f<\/li>\n<li class=\"prod-specifics-brand\"><label>Di\u015fli Malzemesi:<\/label>18CrNiMo6<\/li>\n<li class=\"prod-specifics-brand\"><label>Bas\u0131n\u00e7 A\u00e7\u0131s\u0131:<\/label>20\u00b0<\/li>\n<li class=\"prod-specifics-brand\"><label>Kalite seviyesi:\u00a0<\/label>DIN 3962 s\u0131n\u0131f 6<\/li>\n<\/ul>","protected":false},"featured_media":4595,"comment_status":"open","ping_status":"closed","template":"","meta":{"_et_pb_use_builder":"","_et_pb_old_content":"","_et_gb_content_width":""},"product_brand":[],"product_cat":[108],"product_tag":[],"class_list":{"0":"post-7369","1":"product","2":"type-product","3":"status-publish","4":"has-post-thumbnail","6":"product_cat-helical-gear","8":"first","9":"instock","10":"shipping-taxable","11":"product-type-simple"},"_links":{"self":[{"href":"https:\/\/fmp-components.com\/tr\/wp-json\/wp\/v2\/product\/7369","targetHints":{"allow":["GET"]}}],"collection":[{"href":"https:\/\/fmp-components.com\/tr\/wp-json\/wp\/v2\/product"}],"about":[{"href":"https:\/\/fmp-components.com\/tr\/wp-json\/wp\/v2\/types\/product"}],"replies":[{"embeddable":true,"href":"https:\/\/fmp-components.com\/tr\/wp-json\/wp\/v2\/comments?post=7369"}],"wp:featuredmedia":[{"embeddable":true,"href":"https:\/\/fmp-components.com\/tr\/wp-json\/wp\/v2\/media\/4595"}],"wp:attachment":[{"href":"https:\/\/fmp-components.com\/tr\/wp-json\/wp\/v2\/media?parent=7369"}],"wp:term":[{"taxonomy":"product_brand","embeddable":true,"href":"https:\/\/fmp-components.com\/tr\/wp-json\/wp\/v2\/product_brand?post=7369"},{"taxonomy":"product_cat","embeddable":true,"href":"https:\/\/fmp-components.com\/tr\/wp-json\/wp\/v2\/product_cat?post=7369"},{"taxonomy":"product_tag","embeddable":true,"href":"https:\/\/fmp-components.com\/tr\/wp-json\/wp\/v2\/product_tag?post=7369"}],"curies":[{"name":"wp","href":"https:\/\/api.w.org\/{rel}","templated":true}]}}