{"id":7367,"date":"2025-03-24T02:34:28","date_gmt":"2025-03-24T02:34:28","guid":{"rendered":"https:\/\/fmp-components.com\/?post_type=product&#038;p=7367"},"modified":"2025-03-26T08:43:11","modified_gmt":"2025-03-26T08:43:11","slug":"metallurgy-machinery-soft-tooth-flank-helical-gear","status":"publish","type":"product","link":"https:\/\/fmp-components.com\/tr\/product\/metallurgy-machinery-soft-tooth-flank-helical-gear\/","title":{"rendered":"Metalurji Makineleri Yumu\u015fak Di\u015f Flan\u015fl\u0131 Helisel Di\u015fli"},"content":{"rendered":"<div class=\"sliderTable mt10 mb10 sliderTable-index0 change-to-org\">\n<div class=\"inner\">\n<p>Sekt\u00f6r\u00fcn \u00f6nde gelen \u00fcreticilerinden biri olan FMP \u015eirketi, \u00e7e\u015fitli end\u00fcstriyel ihtiya\u00e7lar\u0131 kar\u015f\u0131lamak \u00fczere tasarlanm\u0131\u015f geni\u015f bir yelpazede Metalurji Makineleri Yumu\u015fak Di\u015fli Yan Y\u00fczeyli Helisel Di\u015fliler \u00fcretme konusunda uzmanla\u015fm\u0131\u015ft\u0131r. \u00dcr\u00fcnlerimiz, a\u011f\u0131r makineler, madencilik ekipmanlar\u0131 ve metalurjik i\u015fleme sistemleri gibi uygulamalarda optimum performans, dayan\u0131kl\u0131l\u0131k ve verimlilik sa\u011flamak i\u00e7in hassasiyetle tasarlanm\u0131\u015ft\u0131r. \u0130ster standart \u00f6zelliklere ister operasyonlar\u0131n\u0131za \u00f6zel benzersiz tasar\u0131mlara ihtiyac\u0131n\u0131z olsun, FMP, gereksinimlerinize m\u00fckemmel \u015fekilde uyan, verimlili\u011fi art\u0131ran ve ar\u0131za s\u00fcrelerini azaltan di\u015fliler sunmak i\u00e7in \u00f6zelle\u015ftirme hizmetleri sunmaktad\u0131r.<\/p>\n<p>E\u011fer Metalurji Makineleri Yumu\u015fak Di\u015f Yan Y\u00fczeyi modelinin istedi\u011finiz \u00f6rne\u011fini bulamazsan\u0131z... <a href=\"https:\/\/fmp-components.com\/tr\/helical-gears\/\">Helisel Di\u015fli<\/a> \u00dcr\u00fcn listemizde arad\u0131\u011f\u0131n\u0131z\u0131 bulam\u0131yorsan\u0131z endi\u015felenmeyin, hen\u00fcz g\u00fcncelleme f\u0131rsat\u0131m\u0131z olmam\u0131\u015f olabilir. FMP olarak ihtiya\u00e7lar\u0131n\u0131z\u0131 kar\u015f\u0131lamaya kararl\u0131y\u0131z, bu nedenle l\u00fctfen ihtiyac\u0131n\u0131z olan model hakk\u0131nda detayl\u0131 bilgi i\u00e7eren bir e-posta g\u00f6nderin. Alan\u0131nda uzman m\u00fchendislerden olu\u015fan ekibimiz 24 saat i\u00e7inde yan\u0131t verecek ve projeniz i\u00e7in tam olarak ihtiyac\u0131n\u0131z olan \u00fcr\u00fcn\u00fc alman\u0131z\u0131 sa\u011flamak i\u00e7in uzman rehberlik ve \u00e7\u00f6z\u00fcmler sunacakt\u0131r. FMP'nin en kaliteli helisel di\u015flilerle i\u015fletmenizi nas\u0131l destekleyebilece\u011fini ke\u015ffetmek i\u00e7in bug\u00fcn bizimle ileti\u015fime ge\u00e7in!<\/p>\n<h2>\u015eartname<\/h2>\n<table border=\"1\" width=\"100%\">\n<tbody>\n<tr class=\"firstRow\">\n<th colspan=\"2\" valign=\"top\">Di\u015fli Temel Verileri<\/th>\n<\/tr>\n<tr>\n<td valign=\"center\">Di\u015fli Di\u015f \u015eekli<\/td>\n<td valign=\"center\">i\u00e7e do\u011fru k\u0131vr\u0131lm\u0131\u015f<\/td>\n<\/tr>\n<tr>\n<td valign=\"center\">Di\u015fli Malzemesi<\/td>\n<td valign=\"center\">45<\/td>\n<\/tr>\n<tr>\n<td valign=\"center\">Di\u015fli \u0130\u015flemi<\/td>\n<td valign=\"center\">d\u00f6vme, tornalama, di\u015fli a\u00e7ma, d\u0131\u015f ta\u015flama, kama yuvas\u0131 frezeleme, di\u015f ta\u015flama<\/td>\n<\/tr>\n<tr>\n<td valign=\"center\">Bas\u0131n\u00e7 A\u00e7\u0131s\u0131<\/td>\n<td valign=\"center\">20\u00b0<\/td>\n<\/tr>\n<tr>\n<td valign=\"center\">Kalite seviyesi<\/td>\n<td valign=\"center\">DIN 3962 s\u0131n\u0131f 6<\/td>\n<\/tr>\n<tr>\n<td valign=\"center\">Di\u015fli Tipi<\/td>\n<td valign=\"center\">Mn=3, Z=128, \u03b2=11.5\u00b0, \u03b1=20\u00b0, solak<\/td>\n<\/tr>\n<\/tbody>\n<\/table>\n<\/div>\n<\/div>\n<p><strong>Di\u015fli\/Di\u015fli Yetenekleri<\/strong><\/p>\n<div class=\"sliderTable mt10 mb10 sliderTable-index1 change-to-org\">\n<div class=\"inner\">\n<table border=\"1\" width=\"100%\">\n<tbody>\n<tr class=\"firstRow\">\n<th colspan=\"4\" valign=\"top\">\u0130\u00e7 Di\u015fliler ve \u0130\u00e7 Yivler<\/th>\n<\/tr>\n<tr>\n<td valign=\"top\"><\/td>\n<td valign=\"top\">\u00d6\u011e\u00dcTME<\/td>\n<td valign=\"top\">\u015eEK\u0130LLEND\u0130RME<\/td>\n<td valign=\"top\">D\u0130\u015e GICIRDATMA<\/td>\n<\/tr>\n<tr>\n<td valign=\"top\">Maksimum OD<\/td>\n<td valign=\"top\">2500 mm<\/td>\n<td valign=\"top\">2500 mm<\/td>\n<td valign=\"top\">2500 mm<\/td>\n<\/tr>\n<tr>\n<td valign=\"top\">Minimum Kimlik<\/td>\n<td valign=\"top\">650 mm<\/td>\n<td valign=\"top\">50 mm<\/td>\n<td valign=\"top\">100 mm<\/td>\n<\/tr>\n<tr>\n<td valign=\"top\">Maksimum Y\u00fcz Geni\u015fli\u011fi<\/td>\n<td valign=\"top\">500 mm<\/td>\n<td valign=\"top\">500 mm<\/td>\n<td valign=\"top\">500 mm<\/td>\n<\/tr>\n<tr>\n<td valign=\"top\">Maksimum \u00c7apsal E\u011fim<\/td>\n<td valign=\"top\">DP 1<\/td>\n<td valign=\"top\">DP 1<\/td>\n<td valign=\"top\">DP 0,5<\/td>\n<\/tr>\n<tr>\n<td valign=\"top\">Maksimum Mod\u00fcl<\/td>\n<td valign=\"top\">26 mm<\/td>\n<td valign=\"top\">26 mm<\/td>\n<td valign=\"top\">45 mm<\/td>\n<\/tr>\n<tr>\n<td valign=\"top\">AGMA Seviyesi\/ DIN Seviyesi<\/td>\n<td valign=\"top\">DIN S\u0131n\u0131f 8<\/td>\n<td valign=\"top\">DIN S\u0131n\u0131f 8<\/td>\n<td valign=\"top\">DIN S\u0131n\u0131f 4<\/td>\n<\/tr>\n<tr>\n<td valign=\"top\">Di\u015f Y\u00fczeyi Kaplamas\u0131<\/td>\n<td valign=\"top\">Ra 3.2<\/td>\n<td valign=\"top\">Ra 3.2<\/td>\n<td valign=\"top\">Ra 0.6<\/td>\n<\/tr>\n<tr>\n<td valign=\"top\">Maksimum Helis A\u00e7\u0131s\u0131<\/td>\n<td valign=\"top\">\u00b122,5\u00b0<\/td>\n<td valign=\"top\">\u00b122,5\u00b0<\/td>\n<td valign=\"top\">\u00b145\u00b0<\/td>\n<\/tr>\n<tr>\n<th colspan=\"4\" valign=\"top\">D\u0131\u015f Di\u015fliler ve D\u0131\u015f Yivler<\/th>\n<\/tr>\n<tr>\n<td valign=\"top\"><\/td>\n<td valign=\"top\">HOBBING<\/td>\n<td valign=\"top\">\u00d6\u011e\u00dcTME<\/td>\n<td valign=\"top\">D\u0130\u015e GICIRDATMA<\/td>\n<\/tr>\n<tr>\n<td valign=\"top\">Maksimum OD<\/td>\n<td valign=\"top\">1250 mm<\/td>\n<td valign=\"top\">2500 mm<\/td>\n<td valign=\"top\">2500 mm<\/td>\n<\/tr>\n<tr>\n<td valign=\"top\">Minimum OD<\/td>\n<td valign=\"top\">20 mm<\/td>\n<td valign=\"top\">200 mm<\/td>\n<td valign=\"top\">20 mm<\/td>\n<\/tr>\n<tr>\n<td valign=\"top\">Maksimum Y\u00fcz Geni\u015fli\u011fi<\/td>\n<td valign=\"top\">500 mm<\/td>\n<td valign=\"top\">500 mm<\/td>\n<td valign=\"top\">1480 mm<\/td>\n<\/tr>\n<tr>\n<td valign=\"top\">Maksimum \u00c7apsal E\u011fim<\/td>\n<td valign=\"top\">DP 1<\/td>\n<td valign=\"top\">DP 1<\/td>\n<td valign=\"top\">DP 0,5<\/td>\n<\/tr>\n<tr>\n<td valign=\"top\">Maksimum Mod\u00fcl<\/td>\n<td valign=\"top\">26 mm<\/td>\n<td valign=\"top\">26 mm<\/td>\n<td valign=\"top\">45 mm<\/td>\n<\/tr>\n<tr>\n<td valign=\"top\">AGMA Seviyesi\/ DIN Seviyesi<\/td>\n<td valign=\"top\">DIN S\u0131n\u0131f 8<\/td>\n<td valign=\"top\">DIN S\u0131n\u0131f 8<\/td>\n<td valign=\"top\">DIN S\u0131n\u0131f 4<\/td>\n<\/tr>\n<tr>\n<td valign=\"top\">Di\u015f Y\u00fczeyi Kaplamas\u0131<\/td>\n<td valign=\"top\">Ra 3.2<\/td>\n<td valign=\"top\">Ra 3.2<\/td>\n<td valign=\"top\">Ra 0.6<\/td>\n<\/tr>\n<tr>\n<td valign=\"top\">Maksimum Helis A\u00e7\u0131s\u0131<\/td>\n<td valign=\"top\">\u00b145\u00b0<\/td>\n<td valign=\"top\">\u00b145\u00b0<\/td>\n<td valign=\"top\">\u00b145\u00b0<\/td>\n<\/tr>\n<\/tbody>\n<\/table>\n<\/div>\n<\/div>","protected":false},"excerpt":{"rendered":"<ul class=\"pro-info-list fix\">\n<li class=\"prod-specifics-brand\"><label>Di\u015fli Di\u015f \u015eekli:\u00a0<\/label>i\u00e7e do\u011fru k\u0131vr\u0131lm\u0131\u015f<\/li>\n<li class=\"prod-specifics-brand\"><label>Di\u015fli Malzemesi:<\/label>45<\/li>\n<li class=\"prod-specifics-brand\"><label>Bas\u0131n\u00e7 A\u00e7\u0131s\u0131:<\/label>20\u00b0<\/li>\n<li class=\"prod-specifics-brand\"><label>Kalite seviyesi:\u00a0<\/label>DIN 3962 s\u0131n\u0131f 6<\/li>\n<\/ul>","protected":false},"featured_media":4594,"comment_status":"open","ping_status":"closed","template":"","meta":{"_et_pb_use_builder":"","_et_pb_old_content":"","_et_gb_content_width":""},"product_brand":[],"product_cat":[108],"product_tag":[],"class_list":{"0":"post-7367","1":"product","2":"type-product","3":"status-publish","4":"has-post-thumbnail","6":"product_cat-helical-gear","8":"first","9":"instock","10":"shipping-taxable","11":"product-type-simple"},"_links":{"self":[{"href":"https:\/\/fmp-components.com\/tr\/wp-json\/wp\/v2\/product\/7367","targetHints":{"allow":["GET"]}}],"collection":[{"href":"https:\/\/fmp-components.com\/tr\/wp-json\/wp\/v2\/product"}],"about":[{"href":"https:\/\/fmp-components.com\/tr\/wp-json\/wp\/v2\/types\/product"}],"replies":[{"embeddable":true,"href":"https:\/\/fmp-components.com\/tr\/wp-json\/wp\/v2\/comments?post=7367"}],"wp:featuredmedia":[{"embeddable":true,"href":"https:\/\/fmp-components.com\/tr\/wp-json\/wp\/v2\/media\/4594"}],"wp:attachment":[{"href":"https:\/\/fmp-components.com\/tr\/wp-json\/wp\/v2\/media?parent=7367"}],"wp:term":[{"taxonomy":"product_brand","embeddable":true,"href":"https:\/\/fmp-components.com\/tr\/wp-json\/wp\/v2\/product_brand?post=7367"},{"taxonomy":"product_cat","embeddable":true,"href":"https:\/\/fmp-components.com\/tr\/wp-json\/wp\/v2\/product_cat?post=7367"},{"taxonomy":"product_tag","embeddable":true,"href":"https:\/\/fmp-components.com\/tr\/wp-json\/wp\/v2\/product_tag?post=7367"}],"curies":[{"name":"wp","href":"https:\/\/api.w.org\/{rel}","templated":true}]}}