{"id":7366,"date":"2025-03-24T02:32:27","date_gmt":"2025-03-24T02:32:27","guid":{"rendered":"https:\/\/fmp-components.com\/?post_type=product&#038;p=7366"},"modified":"2025-03-26T08:43:42","modified_gmt":"2025-03-26T08:43:42","slug":"beverage-packing-machinery-helical-gear","status":"publish","type":"product","link":"https:\/\/fmp-components.com\/tr\/product\/beverage-packing-machinery-helical-gear\/","title":{"rendered":"\u0130\u00e7ecek Paketleme Makineleri Helisel Di\u015fli"},"content":{"rendered":"<div class=\"sliderTable mt10 mb10 sliderTable-index0 change-to-org\">\n<div class=\"inner\">\n<div>\n<h2>\u0130\u00e7ecek Paketleme Makinelerinde Helisel Di\u015flilerin Rol\u00fc<\/h2>\n<p class=\"break-words\">Helisel di\u015fliler, i\u00e7ecek paketleme makinelerinde hayati bir rol oynayarak y\u00fcksek h\u0131zl\u0131 \u00fcretim hatlar\u0131nda verimlili\u011fi ve hassasiyeti art\u0131r\u0131r. Geleneksel di\u015flilerden farkl\u0131 olarak <a href=\"https:\/\/fmp-components.com\/tr\/spur-gear-2\/\">mahmuzlu di\u015fliler<\/a>, <a href=\"https:\/\/fmp-components.com\/tr\/helical-gears\/\">helisel di\u015fliler<\/a> Daha d\u00fczg\u00fcn, daha sessiz \u00e7al\u0131\u015fma ve daha y\u00fcksek y\u00fck kapasitesi sa\u011flayan a\u00e7\u0131l\u0131 di\u015flere sahiptirler. Bu da onlar\u0131, tutarl\u0131 performans ve ar\u0131za s\u00fcresinin azalt\u0131lmas\u0131n\u0131n esas oldu\u011fu zorlu i\u00e7ecek ambalajlama ortam\u0131 i\u00e7in m\u00fckemmel bir se\u00e7im haline getirir. Titre\u015fimi ve a\u015f\u0131nmay\u0131 en aza indirerek, helisel di\u015fliler makinelerin dayan\u0131kl\u0131l\u0131\u011f\u0131n\u0131 art\u0131r\u0131r ve bu da onlar\u0131 \u015fi\u015feleme tesislerinde ve ambalajlama tesislerinde vazge\u00e7ilmez k\u0131lar.<\/p>\n<\/div>\n<h2>\u015eartname<\/h2>\n<table border=\"1\" width=\"100%\">\n<tbody>\n<tr class=\"firstRow\">\n<th colspan=\"2\" valign=\"top\">Di\u015fli Temel Verileri<\/th>\n<\/tr>\n<tr>\n<td valign=\"center\">Di\u015fli Di\u015f \u015eekli<\/td>\n<td valign=\"center\">i\u00e7e do\u011fru k\u0131vr\u0131lm\u0131\u015f<\/td>\n<\/tr>\n<tr>\n<td valign=\"center\">Di\u015fli Malzemesi<\/td>\n<td valign=\"center\">20CrNiMoA<\/td>\n<\/tr>\n<tr>\n<td valign=\"center\">Di\u015fli \u0130\u015flemi<\/td>\n<td valign=\"center\">d\u00f6vme, karbonlama, hat kesme, di\u015f ta\u015flama<\/td>\n<\/tr>\n<tr>\n<td valign=\"center\">Bas\u0131n\u00e7 A\u00e7\u0131s\u0131<\/td>\n<td valign=\"center\">15\u00b0<\/td>\n<\/tr>\n<tr>\n<td valign=\"center\">Kalite seviyesi<\/td>\n<td valign=\"center\">AGMA S\u0131n\u0131f 8<\/td>\n<\/tr>\n<tr>\n<td valign=\"center\">Di\u015fli Tipi<\/td>\n<td valign=\"center\">Mn=3.35, Z=9, a=15\u00b0, \u03b2=45\u00b0, solak<\/td>\n<\/tr>\n<\/tbody>\n<\/table>\n<\/div>\n<\/div>\n<p><strong>Di\u015fli\/Di\u015fli Yetenekleri<\/strong><\/p>\n<div class=\"sliderTable mt10 mb10 sliderTable-index1 change-to-org\">\n<div class=\"inner\">\n<table border=\"1\" width=\"100%\">\n<tbody>\n<tr class=\"firstRow\">\n<th colspan=\"4\" valign=\"top\">\u0130\u00e7 Di\u015fliler ve \u0130\u00e7 Yivler<\/th>\n<\/tr>\n<tr>\n<td valign=\"top\"><\/td>\n<td valign=\"top\">\u00d6\u011e\u00dcTME<\/td>\n<td valign=\"top\">\u015eEK\u0130LLEND\u0130RME<\/td>\n<td valign=\"top\">D\u0130\u015e GICIRDATMA<\/td>\n<\/tr>\n<tr>\n<td valign=\"top\">Maksimum OD<\/td>\n<td valign=\"top\">2500 mm<\/td>\n<td valign=\"top\">2500 mm<\/td>\n<td valign=\"top\">2500 mm<\/td>\n<\/tr>\n<tr>\n<td valign=\"top\">Minimum Kimlik<\/td>\n<td valign=\"top\">650 mm<\/td>\n<td valign=\"top\">50 mm<\/td>\n<td valign=\"top\">100 mm<\/td>\n<\/tr>\n<tr>\n<td valign=\"top\">Maksimum Y\u00fcz Geni\u015fli\u011fi<\/td>\n<td valign=\"top\">500 mm<\/td>\n<td valign=\"top\">500 mm<\/td>\n<td valign=\"top\">500 mm<\/td>\n<\/tr>\n<tr>\n<td valign=\"top\">Maksimum \u00c7apsal E\u011fim<\/td>\n<td valign=\"top\">DP 1<\/td>\n<td valign=\"top\">DP 1<\/td>\n<td valign=\"top\">DP 0,5<\/td>\n<\/tr>\n<tr>\n<td valign=\"top\">Maksimum Mod\u00fcl<\/td>\n<td valign=\"top\">26 mm<\/td>\n<td valign=\"top\">26 mm<\/td>\n<td valign=\"top\">45 mm<\/td>\n<\/tr>\n<tr>\n<td valign=\"top\">AGMA Seviyesi\/ DIN Seviyesi<\/td>\n<td valign=\"top\">DIN S\u0131n\u0131f 8<\/td>\n<td valign=\"top\">DIN S\u0131n\u0131f 8<\/td>\n<td valign=\"top\">DIN S\u0131n\u0131f 4<\/td>\n<\/tr>\n<tr>\n<td valign=\"top\">Di\u015f Y\u00fczeyi Kaplamas\u0131<\/td>\n<td valign=\"top\">Ra 3.2<\/td>\n<td valign=\"top\">Ra 3.2<\/td>\n<td valign=\"top\">Ra 0.6<\/td>\n<\/tr>\n<tr>\n<td valign=\"top\">Maksimum Helis A\u00e7\u0131s\u0131<\/td>\n<td valign=\"top\">\u00b122,5\u00b0<\/td>\n<td valign=\"top\">\u00b122,5\u00b0<\/td>\n<td valign=\"top\">\u00b145\u00b0<\/td>\n<\/tr>\n<tr>\n<td valign=\"top\"><\/td>\n<td valign=\"top\"><\/td>\n<td valign=\"top\"><\/td>\n<td valign=\"top\"><\/td>\n<\/tr>\n<tr>\n<th colspan=\"4\" valign=\"top\">D\u0131\u015f Di\u015fliler ve D\u0131\u015f Yivler<\/th>\n<\/tr>\n<tr>\n<td valign=\"top\"><\/td>\n<td valign=\"top\">HOBBING<\/td>\n<td valign=\"top\">\u00d6\u011e\u00dcTME<\/td>\n<td valign=\"top\">D\u0130\u015e GICIRDATMA<\/td>\n<\/tr>\n<tr>\n<td valign=\"top\">Maksimum OD<\/td>\n<td valign=\"top\">1250 mm<\/td>\n<td valign=\"top\">2500 mm<\/td>\n<td valign=\"top\">2500 mm<\/td>\n<\/tr>\n<tr>\n<td valign=\"top\">Minimum OD<\/td>\n<td valign=\"top\">20 mm<\/td>\n<td valign=\"top\">200 mm<\/td>\n<td valign=\"top\">20 mm<\/td>\n<\/tr>\n<tr>\n<td valign=\"top\">Maksimum Y\u00fcz Geni\u015fli\u011fi<\/td>\n<td valign=\"top\">500 mm<\/td>\n<td valign=\"top\">500 mm<\/td>\n<td valign=\"top\">1480 mm<\/td>\n<\/tr>\n<tr>\n<td valign=\"top\">Maksimum \u00c7apsal E\u011fim<\/td>\n<td valign=\"top\">DP 1<\/td>\n<td valign=\"top\">DP 1<\/td>\n<td valign=\"top\">DP 0,5<\/td>\n<\/tr>\n<tr>\n<td valign=\"top\">Maksimum Mod\u00fcl<\/td>\n<td valign=\"top\">26 mm<\/td>\n<td valign=\"top\">26 mm<\/td>\n<td valign=\"top\">45 mm<\/td>\n<\/tr>\n<tr>\n<td valign=\"top\">AGMA Seviyesi\/ DIN Seviyesi<\/td>\n<td valign=\"top\">DIN S\u0131n\u0131f 8<\/td>\n<td valign=\"top\">DIN S\u0131n\u0131f 8<\/td>\n<td valign=\"top\">DIN S\u0131n\u0131f 4<\/td>\n<\/tr>\n<tr>\n<td valign=\"top\">Di\u015f Y\u00fczeyi Kaplamas\u0131<\/td>\n<td valign=\"top\">Ra 3.2<\/td>\n<td valign=\"top\">Ra 3.2<\/td>\n<td valign=\"top\">Ra 0.6<\/td>\n<\/tr>\n<tr>\n<td valign=\"top\">Maksimum Helis A\u00e7\u0131s\u0131<\/td>\n<td valign=\"top\">\u00b145\u00b0<\/td>\n<td valign=\"top\">\u00b145\u00b0<\/td>\n<td valign=\"top\">\u00b145\u00b0<\/td>\n<\/tr>\n<\/tbody>\n<\/table>\n<div>\n<h3>FMP \u015eirketi: Helisel Di\u015fliler \u0130\u00e7in G\u00fcvenilir Orta\u011f\u0131n\u0131z<\/h3>\n<p class=\"break-words\">FMP \u015eirketi olarak, i\u00e7ecek paketleme makineleri i\u00e7in \u00f6zel olarak tasarlanm\u0131\u015f \u00e7e\u015fitli helisel di\u015fliler \u00fcretme konusunda uzmanla\u015fm\u0131\u015f bulunuyoruz. \u0130ster standart se\u00e7eneklere ister \u00f6zel tasar\u0131m \u00e7\u00f6z\u00fcmlere ihtiyac\u0131n\u0131z olsun, di\u015flilerimiz y\u00fcksek hacimli \u00fcretimin benzersiz taleplerini kar\u015f\u0131lamak \u00fczere hassasiyet ve dayan\u0131kl\u0131l\u0131kla \u00fcretilmi\u015ftir. \u00dcr\u00fcn listemizde arad\u0131\u011f\u0131n\u0131z belirli di\u015fli modelini bulam\u0131yorsan\u0131z endi\u015felenmeyin; bu, hen\u00fcz y\u00fcklemedi\u011fimiz anlam\u0131na gelir. L\u00fctfen gereksinimlerinizi bize e-posta ile iletin; uzman m\u00fchendislerimiz ihtiya\u00e7lar\u0131n\u0131za en uygun di\u015fli \u00e7\u00f6z\u00fcm\u00fcyle 24 saat i\u00e7inde size geri d\u00f6necektir.<\/p>\n<\/div>\n<\/div>\n<\/div>","protected":false},"excerpt":{"rendered":"<ul class=\"pro-info-list fix\">\n<li class=\"prod-specifics-brand\"><label>Di\u015fli Di\u015f \u015eekli:\u00a0<\/label>i\u00e7e do\u011fru k\u0131vr\u0131lm\u0131\u015f<\/li>\n<li class=\"prod-specifics-brand\"><label>Di\u015fli Malzemesi:<\/label>20CrNiMoA<\/li>\n<li class=\"prod-specifics-brand\"><label>Bas\u0131n\u00e7 A\u00e7\u0131s\u0131:<\/label>15\u00b0<\/li>\n<li class=\"prod-specifics-brand\"><label>Kalite seviyesi:\u00a0<\/label>AGMA s\u0131n\u0131f 8<\/li>\n<\/ul>","protected":false},"featured_media":4582,"comment_status":"open","ping_status":"closed","template":"","meta":{"_et_pb_use_builder":"","_et_pb_old_content":"","_et_gb_content_width":""},"product_brand":[],"product_cat":[108],"product_tag":[],"class_list":{"0":"post-7366","1":"product","2":"type-product","3":"status-publish","4":"has-post-thumbnail","6":"product_cat-helical-gear","8":"first","9":"instock","10":"shipping-taxable","11":"product-type-simple"},"_links":{"self":[{"href":"https:\/\/fmp-components.com\/tr\/wp-json\/wp\/v2\/product\/7366","targetHints":{"allow":["GET"]}}],"collection":[{"href":"https:\/\/fmp-components.com\/tr\/wp-json\/wp\/v2\/product"}],"about":[{"href":"https:\/\/fmp-components.com\/tr\/wp-json\/wp\/v2\/types\/product"}],"replies":[{"embeddable":true,"href":"https:\/\/fmp-components.com\/tr\/wp-json\/wp\/v2\/comments?post=7366"}],"wp:featuredmedia":[{"embeddable":true,"href":"https:\/\/fmp-components.com\/tr\/wp-json\/wp\/v2\/media\/4582"}],"wp:attachment":[{"href":"https:\/\/fmp-components.com\/tr\/wp-json\/wp\/v2\/media?parent=7366"}],"wp:term":[{"taxonomy":"product_brand","embeddable":true,"href":"https:\/\/fmp-components.com\/tr\/wp-json\/wp\/v2\/product_brand?post=7366"},{"taxonomy":"product_cat","embeddable":true,"href":"https:\/\/fmp-components.com\/tr\/wp-json\/wp\/v2\/product_cat?post=7366"},{"taxonomy":"product_tag","embeddable":true,"href":"https:\/\/fmp-components.com\/tr\/wp-json\/wp\/v2\/product_tag?post=7366"}],"curies":[{"name":"wp","href":"https:\/\/api.w.org\/{rel}","templated":true}]}}