{"id":7364,"date":"2025-03-24T02:21:03","date_gmt":"2025-03-24T02:21:03","guid":{"rendered":"https:\/\/fmp-components.com\/?post_type=product&#038;p=7364"},"modified":"2025-03-26T08:43:59","modified_gmt":"2025-03-26T08:43:59","slug":"high-speed-train-locomotive-hard-tooth-flank-helical-gear","status":"publish","type":"product","link":"https:\/\/fmp-components.com\/tr\/product\/high-speed-train-locomotive-hard-tooth-flank-helical-gear\/","title":{"rendered":"Y\u00fcksek H\u0131zl\u0131 Tren Lokomotifi Sert Di\u015fli Yanak Helisel Di\u015fli"},"content":{"rendered":"<div class=\"sliderTable mt10 mb10 sliderTable-index0 change-to-org\">\n<div class=\"inner\">\n<h2>Y\u00fcksek H\u0131zl\u0131 Tren Lokomotiflerinde Sert Di\u015fli Yan Helisel Di\u015flilerin Rol\u00fc<\/h2>\n<div>Y\u00fcksek h\u0131zl\u0131 tren lokomotifleri, sorunsuz ve verimli performans\u0131 korurken a\u015f\u0131r\u0131 \u00e7al\u0131\u015fma ko\u015fullar\u0131na dayanabilen di\u015fliler gerektirir. Sert di\u015f yana\u011f\u0131 <a href=\"https:\/\/fmp-components.com\/tr\/helical-gears\/\">helisel di\u015fliler<\/a> Ola\u011fan\u00fcst\u00fc dayan\u0131kl\u0131l\u0131klar\u0131, hassasiyetleri ve y\u00fcksek y\u00fck ve h\u0131zlar\u0131 idare edebilme kabiliyetleri sayesinde bu uygulamalar i\u00e7in en uygun \u00e7\u00f6z\u00fcmd\u00fcr. Bu di\u015fliler, g\u00fcr\u00fclt\u00fc ve titre\u015fimi en aza indirerek yolcu konforunu art\u0131r\u0131rken y\u00fcksek h\u0131zl\u0131 demiryolu sistemlerinin g\u00fcvenilirli\u011fini de sa\u011flayacak \u015fekilde \u00f6zel olarak tasarlanm\u0131\u015ft\u0131r. Sa\u011flam tasar\u0131mlar\u0131 ayr\u0131ca s\u0131k bak\u0131m ihtiyac\u0131n\u0131 azaltarak modern lokomotiflerin uzun \u00f6m\u00fcrl\u00fcl\u00fc\u011f\u00fc ve g\u00fcvenilirli\u011fi i\u00e7in kritik bir bile\u015fen haline getirir.<\/div>\n<h2>\u015eartname<\/h2>\n<table border=\"1\" width=\"100%\">\n<tbody>\n<tr class=\"firstRow\">\n<th colspan=\"2\" valign=\"top\">Di\u015fli Temel Verileri<\/th>\n<\/tr>\n<tr>\n<td valign=\"center\">Di\u015fli Di\u015f \u015eekli<\/td>\n<td valign=\"center\">i\u00e7e do\u011fru k\u0131vr\u0131lm\u0131\u015f<\/td>\n<\/tr>\n<tr>\n<td valign=\"center\">Di\u015fli Malzemesi<\/td>\n<td valign=\"center\">17CrNiMo6<\/td>\n<\/tr>\n<tr>\n<td valign=\"center\">Di\u015fli \u0130\u015flemi<\/td>\n<td valign=\"center\">d\u00f6vme, torna, freze, karb\u00fcrleme, d\u0131\u015f ta\u015flama, di\u015f ta\u015flama<\/td>\n<\/tr>\n<tr>\n<td valign=\"center\">Bas\u0131n\u00e7 A\u00e7\u0131s\u0131<\/td>\n<td valign=\"center\">20\u00b0<\/td>\n<\/tr>\n<tr>\n<td valign=\"center\">Kalite seviyesi<\/td>\n<td valign=\"center\">DIN 3962 S\u0131n\u0131f 6<\/td>\n<\/tr>\n<tr>\n<td valign=\"center\">Di\u015fli Tipi<\/td>\n<td valign=\"center\">Mn=4, Z=132, \u03b2=18\u00b0<\/td>\n<\/tr>\n<\/tbody>\n<\/table>\n<\/div>\n<\/div>\n<p><strong>D\u0130\u015eL\u0130\/SPLINE'IN YETENEKLER\u0130<\/strong><\/p>\n<div class=\"sliderTable mt10 mb10 sliderTable-index1 change-to-org\">\n<div class=\"inner\">\n<table border=\"1\" width=\"100%\">\n<tbody>\n<tr class=\"firstRow\">\n<th colspan=\"4\" valign=\"top\">\u0130\u00c7 D\u0130\u015eL\u0130LER VE \u0130\u00c7 D\u0130\u015eL\u0130LER<\/th>\n<\/tr>\n<tr>\n<td valign=\"top\"><\/td>\n<td valign=\"top\">\u00d6\u011e\u00dcTME<\/td>\n<td valign=\"top\">\u015eEK\u0130LLEND\u0130RME<\/td>\n<td valign=\"top\">D\u0130\u015e GICIRDATMA<\/td>\n<\/tr>\n<tr>\n<td valign=\"top\">Maksimum OD<\/td>\n<td valign=\"top\">2500 mm<\/td>\n<td valign=\"top\">2500 mm<\/td>\n<td valign=\"top\">2500 mm<\/td>\n<\/tr>\n<tr>\n<td valign=\"top\">Minimum Kimlik<\/td>\n<td valign=\"top\">650 mm<\/td>\n<td valign=\"top\">50 mm<\/td>\n<td valign=\"top\">100 mm<\/td>\n<\/tr>\n<tr>\n<td valign=\"top\">Maksimum Y\u00fcz Geni\u015fli\u011fi<\/td>\n<td valign=\"top\">500 mm<\/td>\n<td valign=\"top\">500 mm<\/td>\n<td valign=\"top\">500 mm<\/td>\n<\/tr>\n<tr>\n<td valign=\"top\">Maksimum \u00c7apsal E\u011fim<\/td>\n<td valign=\"top\">DP 1<\/td>\n<td valign=\"top\">DP 1<\/td>\n<td valign=\"top\">DP 0,5<\/td>\n<\/tr>\n<tr>\n<td valign=\"top\">Maksimum Mod\u00fcl<\/td>\n<td valign=\"top\">26 mm<\/td>\n<td valign=\"top\">26 mm<\/td>\n<td valign=\"top\">45 mm<\/td>\n<\/tr>\n<tr>\n<td valign=\"top\">AGMA Seviyesi\/ DIN Seviyesi<\/td>\n<td valign=\"top\">DIN S\u0131n\u0131f 8<\/td>\n<td valign=\"top\">DIN S\u0131n\u0131f 8<\/td>\n<td valign=\"top\">DIN S\u0131n\u0131f 4<\/td>\n<\/tr>\n<tr>\n<td valign=\"top\">Di\u015f Y\u00fczeyi Kaplamas\u0131<\/td>\n<td valign=\"top\">Ra 3.2<\/td>\n<td valign=\"top\">Ra 3.2<\/td>\n<td valign=\"top\">Ra 0.6<\/td>\n<\/tr>\n<tr>\n<td valign=\"top\">Maksimum Helis A\u00e7\u0131s\u0131<\/td>\n<td valign=\"top\">\u00b122,5\u00b0<\/td>\n<td valign=\"top\">\u00b122,5\u00b0<\/td>\n<td valign=\"top\">\u00b145\u00b0<\/td>\n<\/tr>\n<tr>\n<th colspan=\"4\" valign=\"top\">DI\u015e D\u0130\u015eL\u0130LER VE DI\u015e D\u0130\u015eL\u0130LER<\/th>\n<\/tr>\n<tr>\n<td valign=\"top\"><\/td>\n<td valign=\"top\">HOBBING<\/td>\n<td valign=\"top\">\u00d6\u011e\u00dcTME<\/td>\n<td valign=\"top\">D\u0130\u015e GICIRDATMA<\/td>\n<\/tr>\n<tr>\n<td valign=\"top\">Maksimum OD<\/td>\n<td valign=\"top\">1250 mm<\/td>\n<td valign=\"top\">2500 mm<\/td>\n<td valign=\"top\">2500 mm<\/td>\n<\/tr>\n<tr>\n<td valign=\"top\">Minimum OD<\/td>\n<td valign=\"top\">20 mm<\/td>\n<td valign=\"top\">200 mm<\/td>\n<td valign=\"top\">20 mm<\/td>\n<\/tr>\n<tr>\n<td valign=\"top\">Maksimum Y\u00fcz Geni\u015fli\u011fi<\/td>\n<td valign=\"top\">500 mm<\/td>\n<td valign=\"top\">500 mm<\/td>\n<td valign=\"top\">1480 mm<\/td>\n<\/tr>\n<tr>\n<td valign=\"top\">Maksimum \u00c7apsal E\u011fim<\/td>\n<td valign=\"top\">DP 1<\/td>\n<td valign=\"top\">DP 1<\/td>\n<td valign=\"top\">DP 0,5<\/td>\n<\/tr>\n<tr>\n<td valign=\"top\">Maksimum Mod\u00fcl<\/td>\n<td valign=\"top\">26 mm<\/td>\n<td valign=\"top\">26 mm<\/td>\n<td valign=\"top\">45 mm<\/td>\n<\/tr>\n<tr>\n<td valign=\"top\">AGMA Seviyesi\/ DIN Seviyesi<\/td>\n<td valign=\"top\">DIN S\u0131n\u0131f 8<\/td>\n<td valign=\"top\">DIN S\u0131n\u0131f 8<\/td>\n<td valign=\"top\">DIN S\u0131n\u0131f 4<\/td>\n<\/tr>\n<tr>\n<td valign=\"top\">Di\u015f Y\u00fczeyi Kaplamas\u0131<\/td>\n<td valign=\"top\">Ra 3.2<\/td>\n<td valign=\"top\">Ra 3.2<\/td>\n<td valign=\"top\">Ra 0.6<\/td>\n<\/tr>\n<tr>\n<td valign=\"top\">Maksimum Helis A\u00e7\u0131s\u0131<\/td>\n<td valign=\"top\">\u00b145\u00b0<\/td>\n<td valign=\"top\">\u00b145\u00b0<\/td>\n<td valign=\"top\">\u00b145\u00b0<\/td>\n<\/tr>\n<\/tbody>\n<\/table>\n<div><\/div>\n<h3>FMP \u015eirketi: Y\u00fcksek Kaliteli Lokomotif Di\u015flileri i\u00e7in Orta\u011f\u0131n\u0131z<\/h3>\n<div><\/div>\n<div>FMP Company, y\u00fcksek h\u0131zl\u0131 tren lokomotifleri i\u00e7in sert di\u015fli flan\u015fl\u0131 helisel di\u015flilerin lider \u00fcreticisidir ve demiryolu sekt\u00f6r\u00fcn\u00fcn zorlu taleplerini kar\u015f\u0131lamak \u00fczere tasarlanm\u0131\u015f \u00e7e\u015fitli di\u015fli tipleri sunmaktad\u0131r. Di\u015flilerimiz en y\u00fcksek standartlarda \u00fcretilerek en zorlu ortamlarda bile en y\u00fcksek performans ve dayan\u0131kl\u0131l\u0131\u011f\u0131 garanti eder. Ayr\u0131ca, benzersiz \u00f6zelliklere uyum sa\u011flamak i\u00e7in \u00f6zel di\u015fli \u00fcretimi de sa\u011fl\u0131yoruz. \u0130htiyac\u0131n\u0131z olan di\u015fli modeli \u00fcr\u00fcn katalo\u011fumuzda listelenmemi\u015fse, hen\u00fcz y\u00fcklemedi\u011fimiz anlam\u0131na gelir; i\u00e7iniz rahat olsun, ihtiya\u00e7lar\u0131n\u0131z\u0131 yine de kar\u015f\u0131layabiliriz. L\u00fctfen ihtiya\u00e7lar\u0131n\u0131z\u0131 bize e-posta ile bildirin; yetenekli m\u00fchendislerimiz 24 saat i\u00e7inde size geri d\u00f6n\u00fc\u015f yaparak lokomotifiniz i\u00e7in ideal di\u015fli \u00e7\u00f6z\u00fcm\u00fcn\u00fc bulman\u0131za yard\u0131mc\u0131 olacakt\u0131r.<\/div>\n<\/div>\n<\/div>","protected":false},"excerpt":{"rendered":"<ul class=\"pro-info-list fix\">\n<li class=\"prod-specifics-brand\"><label>Di\u015fli Di\u015f \u015eekli:\u00a0<\/label>i\u00e7e do\u011fru k\u0131vr\u0131lm\u0131\u015f<\/li>\n<li class=\"prod-specifics-brand\"><label>Di\u015fli Malzemesi:<\/label>17CrNiMo6<\/li>\n<li class=\"prod-specifics-brand\"><label>Bas\u0131n\u00e7 A\u00e7\u0131s\u0131:<\/label>20\u00b0<\/li>\n<li class=\"prod-specifics-brand\"><label>Kalite seviyesi:\u00a0<\/label>DIN 3962 S\u0131n\u0131f 6<\/li>\n<\/ul>","protected":false},"featured_media":4590,"comment_status":"open","ping_status":"closed","template":"","meta":{"_et_pb_use_builder":"","_et_pb_old_content":"","_et_gb_content_width":""},"product_brand":[],"product_cat":[108],"product_tag":[],"class_list":{"0":"post-7364","1":"product","2":"type-product","3":"status-publish","4":"has-post-thumbnail","6":"product_cat-helical-gear","8":"first","9":"instock","10":"shipping-taxable","11":"product-type-simple"},"_links":{"self":[{"href":"https:\/\/fmp-components.com\/tr\/wp-json\/wp\/v2\/product\/7364","targetHints":{"allow":["GET"]}}],"collection":[{"href":"https:\/\/fmp-components.com\/tr\/wp-json\/wp\/v2\/product"}],"about":[{"href":"https:\/\/fmp-components.com\/tr\/wp-json\/wp\/v2\/types\/product"}],"replies":[{"embeddable":true,"href":"https:\/\/fmp-components.com\/tr\/wp-json\/wp\/v2\/comments?post=7364"}],"wp:featuredmedia":[{"embeddable":true,"href":"https:\/\/fmp-components.com\/tr\/wp-json\/wp\/v2\/media\/4590"}],"wp:attachment":[{"href":"https:\/\/fmp-components.com\/tr\/wp-json\/wp\/v2\/media?parent=7364"}],"wp:term":[{"taxonomy":"product_brand","embeddable":true,"href":"https:\/\/fmp-components.com\/tr\/wp-json\/wp\/v2\/product_brand?post=7364"},{"taxonomy":"product_cat","embeddable":true,"href":"https:\/\/fmp-components.com\/tr\/wp-json\/wp\/v2\/product_cat?post=7364"},{"taxonomy":"product_tag","embeddable":true,"href":"https:\/\/fmp-components.com\/tr\/wp-json\/wp\/v2\/product_tag?post=7364"}],"curies":[{"name":"wp","href":"https:\/\/api.w.org\/{rel}","templated":true}]}}