{"id":7356,"date":"2025-03-24T02:05:34","date_gmt":"2025-03-24T02:05:34","guid":{"rendered":"https:\/\/fmp-components.com\/?post_type=product&#038;p=7356"},"modified":"2025-03-26T08:44:19","modified_gmt":"2025-03-26T08:44:19","slug":"double-helical-gears-for-agricultural-machinery","status":"publish","type":"product","link":"https:\/\/fmp-components.com\/tr\/product\/double-helical-gears-for-agricultural-machinery\/","title":{"rendered":"Tar\u0131m Makinalar\u0131 \u0130\u00e7in \u00c7ift Helezon Di\u015fliler"},"content":{"rendered":"<h2>Tar\u0131m Makinalar\u0131nda \u00c7ift Helezon Di\u015fliler<\/h2>\n<div>\u00c7ift <a href=\"https:\/\/fmp-components.com\/tr\/helical-gears\/\">helisel di\u015fliler<\/a> Tar\u0131m makineleri i\u00e7in di\u015fliler, tar\u0131m ekipmanlar\u0131n\u0131n performans\u0131n\u0131 ve dayan\u0131kl\u0131l\u0131\u011f\u0131n\u0131 art\u0131rmak i\u00e7in olmazsa olmazd\u0131r. Benzersiz V \u015feklindeki di\u015flere sahip bu di\u015fliler, trakt\u00f6rlerin, bi\u00e7erd\u00f6verlerin, k\u00fcltivat\u00f6rlerin ve di\u011fer tar\u0131m makinelerinin a\u011f\u0131r y\u00fcklerini ve zorlu taleplerini kar\u015f\u0131lamak \u00fczere uzmanca tasarlanm\u0131\u015ft\u0131r. Eksenel itmeyi ortadan kald\u0131rarak ve titre\u015fimi en aza indirerek, \u00e7ift helezon di\u015fliler sorunsuz ve verimli bir \u00e7al\u0131\u015fma sa\u011flar; bu da a\u015f\u0131nma ve y\u0131pranmay\u0131 azalt\u0131rken makinelerinizin \u00f6mr\u00fcn\u00fc uzatmak i\u00e7in kritik \u00f6neme sahiptir. Bu g\u00fcvenilirlik, \u00fcretkenli\u011fi art\u0131r\u0131r ve duru\u015f s\u00fcrelerini k\u0131salt\u0131r ve bu da onlar\u0131, operasyonlar\u0131n\u0131 optimize etmeye \u00e7al\u0131\u015fan \u00e7ift\u00e7iler i\u00e7in vazge\u00e7ilmez bir bile\u015fen haline getirir.<\/div>\n<h2>\u00d6zel \u015eanz\u0131man Di\u015flileri \u2013 Bilyal\u0131 De\u011firmen i\u00e7in \u00c7ift Helezon Di\u015fli<\/h2>\n<div class=\"table-responsive\">\n<table class=\"table\" style=\"width: 97.719%;\" border=\"1\">\n<tbody>\n<tr>\n<td style=\"width: 56.7823%;\">Di\u015fli Tipi<\/td>\n<td style=\"width: 224.921%;\">\u00c7ift Helezon Di\u015fli<\/td>\n<\/tr>\n<tr>\n<td style=\"width: 56.7823%;\">Malzeme<\/td>\n<td style=\"width: 224.921%;\">D\u00f6vme<\/td>\n<\/tr>\n<tr>\n<td style=\"width: 56.7823%;\">Di\u015fli \u00dcretim Y\u00f6ntemi<\/td>\n<td style=\"width: 224.921%;\">Di\u015fli Frezeleme<\/td>\n<\/tr>\n<\/tbody>\n<\/table>\n<\/div>\n<p>Malzeme: 42CrMo<\/p>\n<div class=\"table-responsive\">\n<table class=\"table\" style=\"width: 97.6019%;\" border=\"1\">\n<tbody>\n<tr>\n<td style=\"width: 41.806%;\">\u00c7EL\u0130K KOD SINIFLARININ KAR\u015eILA\u015eTIRILMASI<\/td>\n<td style=\"width: 12.3746%;\"><\/td>\n<td style=\"width: 11.8729%;\"><\/td>\n<td style=\"width: 7.19064%;\"><\/td>\n<td style=\"width: 11.3712%;\"><\/td>\n<td style=\"width: 66.388%;\"><\/td>\n<\/tr>\n<tr>\n<td style=\"width: 41.806%;\">\u00c7\u0130N\/GB<\/td>\n<td style=\"width: 12.3746%;\">ISO<\/td>\n<td style=\"width: 11.8729%;\">\u0413\u041f\u0421\u0422<\/td>\n<td style=\"width: 7.19064%;\">ASTM<\/td>\n<td style=\"width: 11.3712%;\">JIS<\/td>\n<td style=\"width: 66.388%;\">DIN<\/td>\n<\/tr>\n<tr>\n<td style=\"width: 41.806%;\">45<\/td>\n<td style=\"width: 12.3746%;\">C45E4<\/td>\n<td style=\"width: 11.8729%;\">45<\/td>\n<td style=\"width: 7.19064%;\">1045<\/td>\n<td style=\"width: 11.3712%;\">S45C<\/td>\n<td style=\"width: 66.388%;\">CK45<\/td>\n<\/tr>\n<tr>\n<td style=\"width: 41.806%;\">40Cr<\/td>\n<td style=\"width: 12.3746%;\">41Cr4<\/td>\n<td style=\"width: 11.8729%;\">40X<\/td>\n<td style=\"width: 7.19064%;\">5140<\/td>\n<td style=\"width: 11.3712%;\">SCr440<\/td>\n<td style=\"width: 66.388%;\">41Cr4<\/td>\n<\/tr>\n<tr>\n<td style=\"width: 41.806%;\">20CrMo<\/td>\n<td style=\"width: 12.3746%;\">18CrMo4<\/td>\n<td style=\"width: 11.8729%;\">20\u0425\u041c<\/td>\n<td style=\"width: 7.19064%;\">4118<\/td>\n<td style=\"width: 11.3712%;\">SCM22<\/td>\n<td style=\"width: 66.388%;\">25CrMo4<\/td>\n<\/tr>\n<tr>\n<td style=\"width: 41.806%;\">42CrMo<\/td>\n<td style=\"width: 12.3746%;\">42CrMo4<\/td>\n<td style=\"width: 11.8729%;\">38XM<\/td>\n<td style=\"width: 7.19064%;\">4140<\/td>\n<td style=\"width: 11.3712%;\">SCM440<\/td>\n<td style=\"width: 66.388%;\">42CrMo4<\/td>\n<\/tr>\n<tr>\n<td style=\"width: 41.806%;\">20CrMnTi<\/td>\n<td style=\"width: 12.3746%;\"><\/td>\n<td style=\"width: 11.8729%;\">18X\u0413T<\/td>\n<td style=\"width: 7.19064%;\"><\/td>\n<td style=\"width: 11.3712%;\">SMK22<\/td>\n<td style=\"width: 66.388%;\"><\/td>\n<\/tr>\n<tr>\n<td style=\"width: 41.806%;\">20Cr2Ni4<\/td>\n<td style=\"width: 12.3746%;\"><\/td>\n<td style=\"width: 11.8729%;\">20X2H4A<\/td>\n<td style=\"width: 7.19064%;\"><\/td>\n<td style=\"width: 11.3712%;\"><\/td>\n<td style=\"width: 66.388%;\"><\/td>\n<\/tr>\n<tr>\n<td style=\"width: 41.806%;\">20CrNiMo<\/td>\n<td style=\"width: 12.3746%;\">20CrNiMo2<\/td>\n<td style=\"width: 11.8729%;\">20XHM<\/td>\n<td style=\"width: 7.19064%;\">8720<\/td>\n<td style=\"width: 11.3712%;\">SNCM220<\/td>\n<td style=\"width: 66.388%;\">21NiCrMo2<\/td>\n<\/tr>\n<tr>\n<td style=\"width: 41.806%;\">40CrNiMoA<\/td>\n<td style=\"width: 12.3746%;\"><\/td>\n<td style=\"width: 11.8729%;\">40XH2MA\/<br \/>\n40XHMA<\/td>\n<td style=\"width: 7.19064%;\">4340<\/td>\n<td style=\"width: 11.3712%;\">SNCM439<\/td>\n<td style=\"width: 66.388%;\">40NiCrMo6\/<br \/>\n36NiCrMo4<\/td>\n<\/tr>\n<tr>\n<td style=\"width: 41.806%;\">20CrNi2Mo<\/td>\n<td style=\"width: 12.3746%;\">20NiCrMo7<\/td>\n<td style=\"width: 11.8729%;\">20XH2MA<\/td>\n<td style=\"width: 7.19064%;\">4320<\/td>\n<td style=\"width: 11.3712%;\">SNCM420<\/td>\n<td style=\"width: 66.388%;\"><\/td>\n<\/tr>\n<\/tbody>\n<\/table>\n<\/div>\n<p>Di\u015f Frezeleme<\/p>\n<p>\u00d6zel \u00fcretim par\u00e7alar, m\u00fc\u015fteri \u00e7izimlerine veya numunelerine g\u00f6re par\u00e7a \u00fcretiyoruz.<\/p>\n<p>Kulland\u0131\u011f\u0131m\u0131z m\u00fchendislik yaz\u0131l\u0131mlar\u0131: AutoCAD, Solidworks<\/p>\n<h3>FMP \u015eirketi: \u00c7ift Helisel Di\u015fliler i\u00e7in G\u00fcvenilir Kayna\u011f\u0131n\u0131z<\/h3>\n<div>Tar\u0131m makineleri i\u00e7in \u00e7ift helezon di\u015fli \u00fcretiminde lider bir \u00fcretici olan FMP Company, tar\u0131m sekt\u00f6r\u00fcn\u00fcn \u00e7e\u015fitli ihtiya\u00e7lar\u0131n\u0131 kar\u015f\u0131lamak \u00fczere geni\u015f bir yelpazede standart ve \u00f6zel di\u015fli \u00e7\u00f6z\u00fcmleri sunmaktad\u0131r. \u00dcr\u00fcnlerimiz, en zorlu tar\u0131m uygulamalar\u0131nda bile optimum performans sunmak i\u00e7in hassasiyet ve kaliteyle \u00fcretilmi\u015ftir. \u00dcr\u00fcn listemizde ihtiyac\u0131n\u0131z olan di\u015fli modelini bulamazsan\u0131z, hen\u00fcz y\u00fckleme f\u0131rsat\u0131m\u0131z olmad\u0131\u011f\u0131 anlam\u0131na gelir; endi\u015felenmeyin! \u0130htiya\u00e7lar\u0131n\u0131z\u0131 bize e-posta ile iletin; deneyimli m\u00fchendislik ekibimiz 24 saat i\u00e7inde size yan\u0131t verecek ve tar\u0131m makineleriniz i\u00e7in m\u00fckemmel di\u015fli \u00e7\u00f6z\u00fcm\u00fcn\u00fc bulman\u0131z\u0131 sa\u011flamak \u00fczere size \u00f6zel destek sa\u011flayacakt\u0131r.<\/div>\n<div>\n<table style=\"border-collapse: collapse; width: 100.021%; height: 9px;\" border=\"0\" width=\"243\" cellspacing=\"0\" cellpadding=\"0\">\n<tbody>\n<tr style=\"height: 14.40pt;\">\n<td style=\"height: 14.4pt; width: 38.3298%;\" align=\"right\" width=\"81\" height=\"24\"><img loading=\"lazy\" decoding=\"async\" class=\"size-full wp-image-7360 aligncenter\" src=\"https:\/\/fmp-components.com\/wp-content\/uploads\/2025\/03\/Double-Helical-Gears-For-Agricultural-Machinery1.webp\" alt=\"Tar\u0131m Makinalar\u0131 \u0130\u00e7in \u00c7ift Helezon Di\u015fliler\" width=\"523\" height=\"400\" title=\"\" srcset=\"https:\/\/fmp-components.com\/wp-content\/uploads\/2025\/03\/Double-Helical-Gears-For-Agricultural-Machinery1.webp 523w, https:\/\/fmp-components.com\/wp-content\/uploads\/2025\/03\/Double-Helical-Gears-For-Agricultural-Machinery1-480x367.webp 480w\" sizes=\"(min-width: 0px) and (max-width: 480px) 480px, (min-width: 481px) 523px, 100vw\" \/><\/td>\n<td style=\"width: 29.6574%;\" align=\"right\" width=\"81\"><img loading=\"lazy\" decoding=\"async\" class=\"alignnone size-full wp-image-7361\" src=\"https:\/\/fmp-components.com\/wp-content\/uploads\/2025\/03\/Double-Helical-Gears-For-Agricultural-Machinery2.webp\" alt=\"Tar\u0131m Makinalar\u0131 \u0130\u00e7in \u00c7ift Helezon Di\u015fliler\" width=\"382\" height=\"400\" title=\"\" srcset=\"https:\/\/fmp-components.com\/wp-content\/uploads\/2025\/03\/Double-Helical-Gears-For-Agricultural-Machinery2.webp 382w, https:\/\/fmp-components.com\/wp-content\/uploads\/2025\/03\/Double-Helical-Gears-For-Agricultural-Machinery2-287x300.webp 287w, https:\/\/fmp-components.com\/wp-content\/uploads\/2025\/03\/Double-Helical-Gears-For-Agricultural-Machinery2-11x12.webp 11w\" sizes=\"(max-width: 382px) 100vw, 382px\" \/><\/td>\n<td style=\"width: 31.9057%;\" align=\"right\" width=\"81\"><img loading=\"lazy\" decoding=\"async\" class=\"size-full wp-image-7362 aligncenter\" src=\"https:\/\/fmp-components.com\/wp-content\/uploads\/2025\/03\/Double-Helical-Gears-For-Agricultural-Machinery3.webp\" alt=\"\" width=\"840\" height=\"800\" title=\"\" srcset=\"https:\/\/fmp-components.com\/wp-content\/uploads\/2025\/03\/Double-Helical-Gears-For-Agricultural-Machinery3.webp 840w, https:\/\/fmp-components.com\/wp-content\/uploads\/2025\/03\/Double-Helical-Gears-For-Agricultural-Machinery3-480x457.webp 480w\" sizes=\"(min-width: 0px) and (max-width: 480px) 480px, (min-width: 481px) 840px, 100vw\" \/><\/td>\n<\/tr>\n<\/tbody>\n<\/table>\n<\/div>","protected":false},"excerpt":{"rendered":"<p>Tar\u0131m makineleri i\u00e7in \u00e7ift helezon di\u015fliler<br \/>\nY\u00fczey Sertli\u011fi\uff1a40-45 HRC<br \/>\nDi\u015fli Do\u011fruluk Derecesi: 8-10 Derece<\/p>","protected":false},"featured_media":7363,"comment_status":"open","ping_status":"closed","template":"","meta":{"_et_pb_use_builder":"","_et_pb_old_content":"","_et_gb_content_width":""},"product_brand":[],"product_cat":[108],"product_tag":[],"class_list":{"0":"post-7356","1":"product","2":"type-product","3":"status-publish","4":"has-post-thumbnail","6":"product_cat-helical-gear","8":"first","9":"instock","10":"shipping-taxable","11":"product-type-simple"},"_links":{"self":[{"href":"https:\/\/fmp-components.com\/tr\/wp-json\/wp\/v2\/product\/7356","targetHints":{"allow":["GET"]}}],"collection":[{"href":"https:\/\/fmp-components.com\/tr\/wp-json\/wp\/v2\/product"}],"about":[{"href":"https:\/\/fmp-components.com\/tr\/wp-json\/wp\/v2\/types\/product"}],"replies":[{"embeddable":true,"href":"https:\/\/fmp-components.com\/tr\/wp-json\/wp\/v2\/comments?post=7356"}],"wp:featuredmedia":[{"embeddable":true,"href":"https:\/\/fmp-components.com\/tr\/wp-json\/wp\/v2\/media\/7363"}],"wp:attachment":[{"href":"https:\/\/fmp-components.com\/tr\/wp-json\/wp\/v2\/media?parent=7356"}],"wp:term":[{"taxonomy":"product_brand","embeddable":true,"href":"https:\/\/fmp-components.com\/tr\/wp-json\/wp\/v2\/product_brand?post=7356"},{"taxonomy":"product_cat","embeddable":true,"href":"https:\/\/fmp-components.com\/tr\/wp-json\/wp\/v2\/product_cat?post=7356"},{"taxonomy":"product_tag","embeddable":true,"href":"https:\/\/fmp-components.com\/tr\/wp-json\/wp\/v2\/product_tag?post=7356"}],"curies":[{"name":"wp","href":"https:\/\/api.w.org\/{rel}","templated":true}]}}