{"id":7346,"date":"2025-03-23T08:27:19","date_gmt":"2025-03-23T08:27:19","guid":{"rendered":"https:\/\/fmp-components.com\/?post_type=product&#038;p=7346"},"modified":"2025-03-26T08:45:56","modified_gmt":"2025-03-26T08:45:56","slug":"heavy-machinery-double-helical-gear","status":"publish","type":"product","link":"https:\/\/fmp-components.com\/tr\/product\/heavy-machinery-double-helical-gear\/","title":{"rendered":"A\u011f\u0131r Makine \u00c7ift Helezon Di\u015fli"},"content":{"rendered":"<div>\n<h2>A\u011f\u0131r Makineler \u0130\u00e7in \u00c7ift Helisel Di\u015fli: End\u00fcstriyel Uygulamalar \u0130\u00e7in Hassasiyet ve G\u00fc\u00e7<\/h2>\n<p class=\"break-words\">FMP \u015eirketi olarak, \u0130talya genelindeki a\u011f\u0131r sanayi sekt\u00f6rlerinin (Milano, Venedik, Floransa ve Bologna gibi \u00f6nemli merkezler dahil) ve daha geni\u015f bir yelpazedeki ihtiya\u00e7lar\u0131n\u0131 kar\u015f\u0131lamak \u00fczere tasarlanm\u0131\u015f, ola\u011fan\u00fcst\u00fc kalitede \u00e7ok \u00e7e\u015fitli di\u015fliler \u00fcretmekten gurur duyuyoruz.<\/p>\n<table style=\"border-collapse: collapse; width: 100.102%; height: 95px;\" border=\"0\" width=\"243\" cellspacing=\"0\" cellpadding=\"0\">\n<tbody>\n<tr style=\"height: 14.40pt;\">\n<td style=\"height: 14px; width: 33.262%;\" align=\"right\" width=\"81\" height=\"24\"><img loading=\"lazy\" decoding=\"async\" class=\"size-full wp-image-7353 aligncenter\" src=\"https:\/\/fmp-components.com\/wp-content\/uploads\/2025\/03\/Heavy-Machinery-Double-Helical-Gear-6.webp\" alt=\"A\u011f\u0131r Makine \u00c7ift Helisel Di\u015fli\" width=\"500\" height=\"500\" title=\"\" srcset=\"https:\/\/fmp-components.com\/wp-content\/uploads\/2025\/03\/Heavy-Machinery-Double-Helical-Gear-6.webp 500w, https:\/\/fmp-components.com\/wp-content\/uploads\/2025\/03\/Heavy-Machinery-Double-Helical-Gear-6-480x480.webp 480w\" sizes=\"(min-width: 0px) and (max-width: 480px) 480px, (min-width: 481px) 500px, 100vw\" \/><\/td>\n<td style=\"width: 33.6898%; height: 14px;\" align=\"right\" width=\"81\"><img loading=\"lazy\" decoding=\"async\" class=\"size-full wp-image-7354 aligncenter\" src=\"https:\/\/fmp-components.com\/wp-content\/uploads\/2025\/03\/Heavy-Machinery-Double-Helical-Gear-5.webp\" alt=\"A\u011f\u0131r Makine \u00c7ift Helisel Di\u015fli\" width=\"500\" height=\"500\" title=\"\" srcset=\"https:\/\/fmp-components.com\/wp-content\/uploads\/2025\/03\/Heavy-Machinery-Double-Helical-Gear-5.webp 500w, https:\/\/fmp-components.com\/wp-content\/uploads\/2025\/03\/Heavy-Machinery-Double-Helical-Gear-5-480x480.webp 480w\" sizes=\"(min-width: 0px) and (max-width: 480px) 480px, (min-width: 481px) 500px, 100vw\" \/><\/td>\n<td style=\"width: 32.8342%; height: 14px;\" align=\"right\" width=\"81\"><img loading=\"lazy\" decoding=\"async\" class=\"size-full wp-image-7355 aligncenter\" src=\"https:\/\/fmp-components.com\/wp-content\/uploads\/2025\/03\/Heavy-Machinery-Double-Helical-Gear-2.webp\" alt=\"A\u011f\u0131r Makine \u00c7ift Helisel Di\u015fli\" width=\"500\" height=\"500\" title=\"\" srcset=\"https:\/\/fmp-components.com\/wp-content\/uploads\/2025\/03\/Heavy-Machinery-Double-Helical-Gear-2.webp 500w, https:\/\/fmp-components.com\/wp-content\/uploads\/2025\/03\/Heavy-Machinery-Double-Helical-Gear-2-480x480.webp 480w\" sizes=\"(min-width: 0px) and (max-width: 480px) 480px, (min-width: 481px) 500px, 100vw\" \/><\/td>\n<\/tr>\n<\/tbody>\n<\/table>\n<h3>\u00c7ift Helisel Di\u015fliler Nedir?<\/h3>\n<p class=\"break-words\">\u00c7ift helisel di\u015fliler, genellikle bal\u0131k k\u0131l\u00e7\u0131\u011f\u0131 di\u015fliler olarak da adland\u0131r\u0131l\u0131r ve iki z\u0131t helisel b\u00f6l\u00fcmden olu\u015fan kendine \u00f6zg\u00fc V \u015feklinde bir tasar\u0131mla \u00fcretilir. Bu yenilik\u00e7i yap\u0131, eksenel itmeyi ortadan kald\u0131rarak, geleneksel di\u015flilere g\u00f6re \u00f6nemli bir avantaj olan itme yataklar\u0131na ihtiya\u00e7 duymadan d\u00fczg\u00fcn ve verimli \u00e7al\u0131\u015fma sa\u011flar. <a href=\"https:\/\/fmp-components.com\/tr\/helical-gears\/\">helisel di\u015fliler<\/a>Milano'nun hareketli imalat sekt\u00f6r\u00fc veya Venedik'in denizcilik m\u00fchendisli\u011fi merkezleri gibi y\u00fcksek tork ve dayan\u0131kl\u0131l\u0131k gerektiren sekt\u00f6rler i\u00e7in \u00e7ift helisel di\u015fliler, a\u011f\u0131r makinelerde vazge\u00e7ilmez bir bile\u015fendir.<\/p>\n<h3>\u00c7ift Helisel Di\u015flilerin Ba\u015fl\u0131ca Avantajlar\u0131<\/h3>\n<p class=\"break-words\">\u00c7ift helisel di\u015flilerin \u00fcst\u00fcn performans\u0131, \u00f6zenli tasar\u0131mlar\u0131ndan kaynaklanmaktad\u0131r. \u0130\u015fte end\u00fcstriyel uygulamalarda neden bu kadar ba\u015far\u0131l\u0131 olduklar\u0131n\u0131n nedenleri:<\/p>\n<ol class=\"marker:text-secondary\">\n<li class=\"break-words\"><strong>Eksenel Y\u00fck\u00fcn Ortadan Kald\u0131r\u0131lmas\u0131<\/strong><br \/>\nSimetrik V \u015fekli, eksenel itmeyi ortadan kald\u0131rarak ek itme yataklar\u0131na olan ihtiyac\u0131 ortadan kald\u0131r\u0131r. Bu, di\u015fli kutusu tasar\u0131mlar\u0131n\u0131 basitle\u015ftirir, bak\u0131m maliyetlerini d\u00fc\u015f\u00fcr\u00fcr ve g\u00fcvenilirli\u011fi art\u0131r\u0131r; Floransa'n\u0131n hassas tahrik gerektiren end\u00fcstrileri i\u00e7in m\u00fckemmeldir.<\/li>\n<li class=\"break-words\"><strong>Y\u00fcksek Y\u00fck Kapasitesi<\/strong><br \/>\nDaha geni\u015f di\u015f aral\u0131\u011f\u0131 sayesinde, bu di\u015fliler y\u00fckleri daha etkili bir \u015fekilde da\u011f\u0131t\u0131r ve bu da onlar\u0131 Bologna'daki madencilik ekipmanlar\u0131n\u0131n veya \u0130talya genelindeki metal i\u015fleme makinelerinin a\u011f\u0131r talepleri i\u00e7in ideal hale getirir.<\/li>\n<li class=\"break-words\"><strong>Artt\u0131r\u0131lm\u0131\u015f Verimlilik<\/strong><br \/>\nS\u00fcrekli di\u015f temas\u0131 titre\u015fimi ve g\u00fcr\u00fclt\u00fcy\u00fc en aza indirerek daha d\u00fczg\u00fcn \u00e7al\u0131\u015fma sa\u011flar ve \u015fanz\u0131man performans\u0131n\u0131 art\u0131r\u0131r. Bu verimlilik, Venedik'teki deniz tahrik sistemleri gibi hassasiyetin vazge\u00e7ilmez oldu\u011fu uygulamalar i\u00e7in hayati \u00f6nem ta\u015f\u0131r.<\/li>\n<li class=\"break-words\"><strong>Dayan\u0131kl\u0131l\u0131k<\/strong><br \/>\nDengeli tasar\u0131m, a\u015f\u0131nmay\u0131 ve y\u0131pranmay\u0131 azaltarak zorlu ortamlarda bile uzun bir kullan\u0131m \u00f6mr\u00fc sa\u011flar. Bu dayan\u0131kl\u0131l\u0131k, \u00e7ift helisel di\u015flileri Milano'daki enerji santrallerinden uzak petrol sahalar\u0131na kadar uzun vadeli end\u00fcstriyel kullan\u0131m i\u00e7in uygun maliyetli bir se\u00e7enek haline getirir.<\/li>\n<\/ol>\n<\/div>\n<h2>\u00d6zel \u015eanz\u0131man Par\u00e7alar\u0131 \u2013 A\u011f\u0131r Hizmet Tipi \u00c7ift Helisel Di\u015fliler<\/h2>\n<table class=\"table\" style=\"width: 101.217%; height: 208px;\" border=\"1\">\n<tbody>\n<tr>\n<td>Ba\u015fvuru:<\/td>\n<td>Motor, Elektrikli Arabalar, Motosiklet, Makine, Denizcilik, Oyuncak, Tar\u0131m Makineleri, Araba<\/td>\n<\/tr>\n<tr>\n<td>Sertlik:<\/td>\n<td>Yumu\u015fak Di\u015f Y\u00fczeyi<\/td>\n<\/tr>\n<tr>\n<td>Vites Konumu:<\/td>\n<td>D\u0131\u015f Di\u015fli<\/td>\n<\/tr>\n<tr>\n<td>\u00dcretim Y\u00f6ntemi:<\/td>\n<td>Di\u015fli Kesme<\/td>\n<\/tr>\n<tr>\n<td>Di\u015fli Porsiyon \u015eekli:<\/td>\n<td>\u00c7ift Helezon Di\u015fli<\/td>\n<\/tr>\n<tr>\n<td>Malzeme:<\/td>\n<td>D\u00f6kme \u00c7elik<\/td>\n<\/tr>\n<\/tbody>\n<\/table>\n<div class=\"table-responsive\">\n<table class=\"table\" style=\"width: 101.339%;\" border=\"1\">\n<tbody>\n<tr>\n<td style=\"width: 44.1558%;\">Malzeme<\/td>\n<td style=\"width: 264.756%;\">\u00d6zel yap\u0131lm\u0131\u015f<\/td>\n<\/tr>\n<tr>\n<td style=\"width: 44.1558%;\">Di\u015fli Frezeleme<\/td>\n<td style=\"width: 264.756%;\"><b>\u221a<\/b><\/td>\n<\/tr>\n<tr>\n<td style=\"width: 44.1558%;\">Di\u015fli Ta\u015flama<\/td>\n<td style=\"width: 264.756%;\">H\u00fck\u00fcms\u00fcz<\/td>\n<\/tr>\n<tr>\n<td style=\"width: 44.1558%;\">Bas\u0131n\u00e7 A\u00e7\u0131s\u0131<\/td>\n<td style=\"width: 264.756%;\">20\u00b0<\/td>\n<\/tr>\n<tr>\n<td style=\"width: 44.1558%;\">Helisel a\u00e7\u0131<\/td>\n<td style=\"width: 264.756%;\">\u00d6zel yap\u0131lm\u0131\u015f<\/td>\n<\/tr>\n<tr>\n<td style=\"width: 44.1558%;\">Is\u0131l \u0130\u015flem<\/td>\n<td style=\"width: 264.756%;\">Su verme ve temperleme<\/td>\n<\/tr>\n<tr>\n<td style=\"width: 44.1558%;\">Y\u00fczey Sertli\u011fi<\/td>\n<td style=\"width: 264.756%;\">Se\u00e7enekler<\/td>\n<\/tr>\n<tr>\n<td style=\"width: 44.1558%;\">Di\u015fli Do\u011fruluk Derecesi<\/td>\n<td style=\"width: 264.756%;\">8-9. S\u0131n\u0131f (ISO 1328)<\/td>\n<\/tr>\n<\/tbody>\n<\/table>\n<\/div>\n<p>A\u011f\u0131r makineler \u00e7ift helezon di\u015fli<\/p>\n<div class=\"table-responsive\">\n<table class=\"table\" style=\"width: 99.7297%;\" border=\"1\">\n<tbody>\n<tr>\n<td style=\"width: 41.806%;\">\u00c7EL\u0130K KOD SINIFLARININ KAR\u015eILA\u015eTIRILMASI<\/td>\n<td style=\"width: 12.3746%;\"><\/td>\n<td style=\"width: 11.8729%;\"><\/td>\n<td style=\"width: 7.19064%;\"><\/td>\n<td style=\"width: 11.3712%;\"><\/td>\n<td style=\"width: 69.7324%;\"><\/td>\n<\/tr>\n<tr>\n<td style=\"width: 41.806%;\">\u00c7\u0130N\/GB<\/td>\n<td style=\"width: 12.3746%;\">ISO<\/td>\n<td style=\"width: 11.8729%;\">\u0413\u041f\u0421\u0422<\/td>\n<td style=\"width: 7.19064%;\">ASTM<\/td>\n<td style=\"width: 11.3712%;\">JIS<\/td>\n<td style=\"width: 69.7324%;\">DIN<\/td>\n<\/tr>\n<tr>\n<td style=\"width: 41.806%;\">45<\/td>\n<td style=\"width: 12.3746%;\">C45E4<\/td>\n<td style=\"width: 11.8729%;\">45<\/td>\n<td style=\"width: 7.19064%;\">1045<\/td>\n<td style=\"width: 11.3712%;\">S45C<\/td>\n<td style=\"width: 69.7324%;\">CK45<\/td>\n<\/tr>\n<tr>\n<td style=\"width: 41.806%;\">40Cr<\/td>\n<td style=\"width: 12.3746%;\">41Cr4<\/td>\n<td style=\"width: 11.8729%;\">40X<\/td>\n<td style=\"width: 7.19064%;\">5140<\/td>\n<td style=\"width: 11.3712%;\">SCr440<\/td>\n<td style=\"width: 69.7324%;\">41Cr4<\/td>\n<\/tr>\n<tr>\n<td style=\"width: 41.806%;\">20CrMo<\/td>\n<td style=\"width: 12.3746%;\">18CrMo4<\/td>\n<td style=\"width: 11.8729%;\">20\u0425\u041c<\/td>\n<td style=\"width: 7.19064%;\">4118<\/td>\n<td style=\"width: 11.3712%;\">SCM22<\/td>\n<td style=\"width: 69.7324%;\">25CrMo4<\/td>\n<\/tr>\n<tr>\n<td style=\"width: 41.806%;\">42CrMo<\/td>\n<td style=\"width: 12.3746%;\">42CrMo4<\/td>\n<td style=\"width: 11.8729%;\">38XM<\/td>\n<td style=\"width: 7.19064%;\">4140<\/td>\n<td style=\"width: 11.3712%;\">SCM440<\/td>\n<td style=\"width: 69.7324%;\">42CrMo4<\/td>\n<\/tr>\n<tr>\n<td style=\"width: 41.806%;\">20CrMnTi<\/td>\n<td style=\"width: 12.3746%;\"><\/td>\n<td style=\"width: 11.8729%;\">18X\u0413T<\/td>\n<td style=\"width: 7.19064%;\"><\/td>\n<td style=\"width: 11.3712%;\">SMK22<\/td>\n<td style=\"width: 69.7324%;\"><\/td>\n<\/tr>\n<tr>\n<td style=\"width: 41.806%;\">20Cr2Ni4<\/td>\n<td style=\"width: 12.3746%;\"><\/td>\n<td style=\"width: 11.8729%;\">20X2H4A<\/td>\n<td style=\"width: 7.19064%;\"><\/td>\n<td style=\"width: 11.3712%;\"><\/td>\n<td style=\"width: 69.7324%;\"><\/td>\n<\/tr>\n<tr>\n<td style=\"width: 41.806%;\">20CrNiMo<\/td>\n<td style=\"width: 12.3746%;\">20CrNiMo2<\/td>\n<td style=\"width: 11.8729%;\">20XHM<\/td>\n<td style=\"width: 7.19064%;\">8720<\/td>\n<td style=\"width: 11.3712%;\">SNCM220<\/td>\n<td style=\"width: 69.7324%;\">21NiCrMo2<\/td>\n<\/tr>\n<tr>\n<td style=\"width: 41.806%;\">40CrNiMoA<\/td>\n<td style=\"width: 12.3746%;\"><\/td>\n<td style=\"width: 11.8729%;\">40XH2MA\/<br \/>\n40XHMA<\/td>\n<td style=\"width: 7.19064%;\">4340<\/td>\n<td style=\"width: 11.3712%;\">SNCM439<\/td>\n<td style=\"width: 69.7324%;\">40NiCrMo6\/<br \/>\n36NiCrMo4<\/td>\n<\/tr>\n<tr>\n<td style=\"width: 41.806%;\">20CrNi2Mo<\/td>\n<td style=\"width: 12.3746%;\">20NiCrMo7<\/td>\n<td style=\"width: 11.8729%;\">20XH2MA<\/td>\n<td style=\"width: 7.19064%;\">4320<\/td>\n<td style=\"width: 11.3712%;\">SNCM420<\/td>\n<td style=\"width: 69.7324%;\"><\/td>\n<\/tr>\n<\/tbody>\n<\/table>\n<p>&nbsp;<\/p>\n<div>\n<h2>End\u00fcstriyel Di\u015fli Kutular\u0131nda Uygulamalar<\/h2>\n<p class=\"break-words\">Hassas \u00e7ift helisel di\u015fliler, \u00e7e\u015fitli a\u011f\u0131r hizmet uygulamalar\u0131 i\u00e7in tercih edilen bir \u00e7\u00f6z\u00fcmd\u00fcr:<\/p>\n<ul class=\"marker:text-secondary\">\n<li class=\"break-words\"><strong>A\u011f\u0131r Makine<\/strong><br \/>\nY\u00fcksek tork ve g\u00fcvenilirli\u011fin kritik \u00f6nem ta\u015f\u0131d\u0131\u011f\u0131 madencilik ekipmanlar\u0131 ve metal i\u015fleme makineleri i\u00e7in vazge\u00e7ilmezdir.<\/li>\n<li class=\"break-words\"><strong>Deniz Tahrik Sistemleri<\/strong><br \/>\nGemilerde sorunsuz ve sessiz g\u00fc\u00e7 aktar\u0131m\u0131n\u0131 sa\u011flar; bu da Venedik'in denizcilik end\u00fcstrisi i\u00e7in b\u00fcy\u00fck bir avantajd\u0131r.<\/li>\n<li class=\"break-words\"><strong>Petrol ve Gaz End\u00fcstrisi<\/strong><br \/>\nSondaj ve pompalama sistemleri i\u00e7in g\u00fc\u00e7l\u00fc tork iletimi sa\u011flayarak zorlu ko\u015fullarda verimlili\u011fi destekler.<\/li>\n<li class=\"break-words\"><strong>Enerji Santralleri<\/strong><br \/>\nMilano'nun enerji sekt\u00f6r\u00fcnde t\u00fcrbin ve jenerat\u00f6rlerde istikrarl\u0131 performans sa\u011flamak ve ar\u0131za s\u00fcrelerini azaltmak i\u00e7in kullan\u0131l\u0131r.<\/li>\n<\/ul>\n<div>\n<h2>FMP \u015eirketi: \u0130talya'daki G\u00fcvenilir Orta\u011f\u0131n\u0131z<\/h2>\n<p class=\"break-words\">At <strong>FMP \u015eirketi<\/strong>A\u011f\u0131r makineler i\u00e7in \u00e7e\u015fitli \u00e7ift helisel di\u015fliler \u00fcretme konusunda uzmanla\u015fm\u0131\u015f bir firmay\u0131z. Geli\u015fmi\u015f malzemeler ve son teknoloji kullan\u0131larak hassas bir \u015fekilde \u00fcretilen di\u015flilerimiz, Milano, Venedik, Floransa veya Bologna'da olsan\u0131z da en y\u00fcksek kalite ve performans standartlar\u0131n\u0131 kar\u015f\u0131lamak ve en zorlu end\u00fcstriyel ortamlarda \u00fcst\u00fcn performans g\u00f6stermek \u00fczere tasarlanm\u0131\u015ft\u0131r.<\/p>\n<h3>\u0130htiya\u00e7lar\u0131n\u0131za \u00d6zel \u00c7\u00f6z\u00fcmler<\/h3>\n<p class=\"break-words\">Her projenin kendine \u00f6zg\u00fc gereksinimleri oldu\u011funu biliyoruz. Bu nedenle FMP, \u00e7ift helisel di\u015fliler i\u00e7in \u00f6zel \u00fcretim hizmetleri sunmaktad\u0131r. \u00dcr\u00fcn listemizde tam olarak ihtiyac\u0131n\u0131z olan modeli g\u00f6remiyorsan\u0131z endi\u015felenmeyin; bu, hen\u00fcz listeye ekleme f\u0131rsat\u0131m\u0131z olmad\u0131\u011f\u0131 anlam\u0131na gelir! L\u00fctfen \u00f6zel gereksinimlerinizi bize e-posta ile iletin. Alan\u0131nda uzman m\u00fchendis ekibimiz, Floransa'n\u0131n tarihi sanayi b\u00f6lgesinin kalbinde veya Bologna'n\u0131n modern \u00fcretim tesislerinde olman\u0131z fark etmeksizin, ihtiya\u00e7lar\u0131n\u0131z\u0131 kar\u015f\u0131layan \u00f6zel bir \u00e7\u00f6z\u00fcm \u00fczerinde i\u015f birli\u011fi yapmaya haz\u0131r olarak 24 saat i\u00e7inde size yan\u0131t verecektir.<\/p>\n<h3>\u0130talya genelinde yerel uzmanl\u0131k<\/h3>\n<p class=\"break-words\">FMP \u015eirketi, yerel pazarlara dair derin anlay\u0131\u015f\u0131m\u0131zdan yararlanarak, \u0130talya genelindeki m\u00fc\u015fterilerine \u00f6zel \u00e7\u00f6z\u00fcmler sunmaktan gurur duyar. End\u00fcstriyel inovasyonun merkezi Milano'dan, zengin denizcilik miras\u0131na sahip Venedik'e, hassas i\u015f\u00e7ili\u011fin simgesi Floransa'dan, m\u00fchendislik m\u00fckemmelli\u011finin merkezi Bologna'ya kadar FMP, birinci s\u0131n\u0131f \u00e7ift helisel di\u015fliler i\u00e7in yerel orta\u011f\u0131n\u0131zd\u0131r. K\u00fcresel \u00fcretim yeteneklerimiz, yerelle\u015ftirilmi\u015f destekle birle\u015ferek, nerede olursan\u0131z olun en \u00fcst d\u00fczey hizmet ve \u00fcr\u00fcnler alman\u0131z\u0131 sa\u011flar.<\/p>\n<h2>Neden FMP \u015eirketini Se\u00e7melisiniz?<\/h2>\n<ul class=\"marker:text-secondary\">\n<li class=\"break-words\"><strong>Hassas \u00dcretim<\/strong>Di\u015flilerimiz, \u0130talyan sanayisinin zorlu taleplerini kar\u015f\u0131layacak \u015fekilde, y\u00fcksek performans g\u00f6sterecek bi\u00e7imde \u00fcretilmi\u015ftir.<\/li>\n<li class=\"break-words\"><strong>\u00d6zel Esneklik<\/strong>\u0130htiya\u00e7lar\u0131n\u0131z ne kadar benzersiz olursa olsun, onlara uyum sa\u011fl\u0131yoruz.<\/li>\n<li class=\"break-words\"><strong>H\u0131zl\u0131 Yan\u0131t<\/strong>Bug\u00fcn bizimle ileti\u015fime ge\u00e7in ve m\u00fchendislerimizden 24 saat i\u00e7inde geri d\u00f6n\u00fc\u015f al\u0131n.<\/li>\n<li class=\"break-words\"><strong>Yerel Varl\u0131k<\/strong>Milano, Venedik, Floransa, Bologna ve daha fazlas\u0131n\u0131 e\u015fsiz uzmanl\u0131\u011f\u0131m\u0131zla destekliyoruz.<\/li>\n<\/ul>\n<p class=\"break-words\">A\u011f\u0131r makineler i\u00e7in \u00e7ift helisel di\u015flilerimiz hakk\u0131nda daha fazla bilgi edinmek veya \u00f6zel gereksinimlerinizi g\u00f6r\u00fc\u015fmek i\u00e7in FMP \u015eirketi ile ileti\u015fime ge\u00e7in. \u0130ster Milano'da bir \u015fanz\u0131man\u0131 optimize ediyor olun, ister Venedik'te bir gemiye g\u00fc\u00e7 veriyor olun, ister Floransa'da bir t\u00fcrbin \u00e7al\u0131\u015ft\u0131r\u0131yor olun, ekibimiz end\u00fcstriyel uygulamalar\u0131n\u0131z i\u00e7in en iyi di\u015fli \u00e7\u00f6z\u00fcmlerini sunmak i\u00e7in burada. Hemen bize e-posta g\u00f6nderin ve bir sonraki projenize hassasiyet ve g\u00fc\u00e7 katal\u0131m!<\/p>\n<\/div>\n<\/div>\n<table style=\"border-collapse: collapse; width: 100.237%; height: 33px;\" border=\"0\" width=\"243\" cellspacing=\"0\" cellpadding=\"0\">\n<tbody>\n<tr style=\"height: 14.40pt;\">\n<td style=\"height: 14.40pt; width: 48.60pt;\" align=\"right\" width=\"81\" height=\"24\"><img loading=\"lazy\" decoding=\"async\" class=\"size-full wp-image-7348 aligncenter\" src=\"https:\/\/fmp-components.com\/wp-content\/uploads\/2025\/03\/Heavy-Machinery-Double-Helical-Gear-product-3.webp\" alt=\"A\u011f\u0131r Makine \u00c7ift Helisel Di\u015fli \u00dcr\u00fcn\u00fc 3\" width=\"317\" height=\"243\" title=\"\" srcset=\"https:\/\/fmp-components.com\/wp-content\/uploads\/2025\/03\/Heavy-Machinery-Double-Helical-Gear-product-3.webp 317w, https:\/\/fmp-components.com\/wp-content\/uploads\/2025\/03\/Heavy-Machinery-Double-Helical-Gear-product-3-300x230.webp 300w, https:\/\/fmp-components.com\/wp-content\/uploads\/2025\/03\/Heavy-Machinery-Double-Helical-Gear-product-3-16x12.webp 16w\" sizes=\"(max-width: 317px) 100vw, 317px\" \/><\/td>\n<td style=\"width: 48.60pt;\" align=\"right\" width=\"81\"><img loading=\"lazy\" decoding=\"async\" class=\"size-full wp-image-7349 aligncenter\" src=\"https:\/\/fmp-components.com\/wp-content\/uploads\/2025\/03\/Heavy-Machinery-Double-Helical-Gear-product-2.webp\" alt=\"A\u011f\u0131r Makine \u00c7ift Helisel Di\u015fli\" width=\"318\" height=\"247\" title=\"\" srcset=\"https:\/\/fmp-components.com\/wp-content\/uploads\/2025\/03\/Heavy-Machinery-Double-Helical-Gear-product-2.webp 318w, https:\/\/fmp-components.com\/wp-content\/uploads\/2025\/03\/Heavy-Machinery-Double-Helical-Gear-product-2-300x233.webp 300w, https:\/\/fmp-components.com\/wp-content\/uploads\/2025\/03\/Heavy-Machinery-Double-Helical-Gear-product-2-15x12.webp 15w\" sizes=\"(max-width: 318px) 100vw, 318px\" \/><\/td>\n<td style=\"width: 48.60pt;\" align=\"right\" width=\"81\"><img loading=\"lazy\" decoding=\"async\" class=\"size-full wp-image-7350 aligncenter\" src=\"https:\/\/fmp-components.com\/wp-content\/uploads\/2025\/03\/Heavy-Machinery-Double-Helical-Gear-product-1.webp\" alt=\"A\u011f\u0131r Makine \u00c7ift Helisel Di\u015fli\" width=\"400\" height=\"293\" title=\"\" srcset=\"https:\/\/fmp-components.com\/wp-content\/uploads\/2025\/03\/Heavy-Machinery-Double-Helical-Gear-product-1.webp 400w, https:\/\/fmp-components.com\/wp-content\/uploads\/2025\/03\/Heavy-Machinery-Double-Helical-Gear-product-1-300x220.webp 300w, https:\/\/fmp-components.com\/wp-content\/uploads\/2025\/03\/Heavy-Machinery-Double-Helical-Gear-product-1-16x12.webp 16w\" sizes=\"(max-width: 400px) 100vw, 400px\" \/><\/td>\n<\/tr>\n<\/tbody>\n<\/table>\n<table style=\"border-collapse: collapse; width: 100.046%; height: 10px;\" border=\"0\" width=\"162\" cellspacing=\"0\" cellpadding=\"0\">\n<tbody>\n<tr style=\"height: 14.40pt;\">\n<td style=\"height: 10px; width: 45.8244%;\" align=\"right\" width=\"81\" height=\"24\"><img loading=\"lazy\" decoding=\"async\" class=\"wp-image-7351 aligncenter\" src=\"https:\/\/fmp-components.com\/wp-content\/uploads\/2025\/03\/Heavy-Machinery-Double-Helical-Gear-product-5.webp\" alt=\"A\u011f\u0131r Makine \u00c7ift Helisel Di\u015fli\" width=\"472\" height=\"765\" title=\"\" srcset=\"https:\/\/fmp-components.com\/wp-content\/uploads\/2025\/03\/Heavy-Machinery-Double-Helical-Gear-product-5.webp 400w, https:\/\/fmp-components.com\/wp-content\/uploads\/2025\/03\/Heavy-Machinery-Double-Helical-Gear-product-5-185x300.webp 185w, https:\/\/fmp-components.com\/wp-content\/uploads\/2025\/03\/Heavy-Machinery-Double-Helical-Gear-product-5-7x12.webp 7w\" sizes=\"(max-width: 472px) 100vw, 472px\" \/><\/td>\n<td style=\"width: 54.1756%; height: 10px;\" align=\"right\" width=\"81\"><img loading=\"lazy\" decoding=\"async\" class=\"wp-image-7352 aligncenter\" src=\"https:\/\/fmp-components.com\/wp-content\/uploads\/2025\/03\/Heavy-Machinery-Double-Helical-Gear-product-4.webp\" alt=\"A\u011f\u0131r Makine \u00c7ift Helisel Di\u015fli\" width=\"518\" height=\"715\" title=\"\" srcset=\"https:\/\/fmp-components.com\/wp-content\/uploads\/2025\/03\/Heavy-Machinery-Double-Helical-Gear-product-4.webp 400w, https:\/\/fmp-components.com\/wp-content\/uploads\/2025\/03\/Heavy-Machinery-Double-Helical-Gear-product-4-217x300.webp 217w, https:\/\/fmp-components.com\/wp-content\/uploads\/2025\/03\/Heavy-Machinery-Double-Helical-Gear-product-4-9x12.webp 9w\" sizes=\"(max-width: 518px) 100vw, 518px\" \/><\/td>\n<\/tr>\n<\/tbody>\n<\/table>\n<\/div>","protected":false},"excerpt":{"rendered":"<p>Heavy Machinery Double Helical Gear: Precision and Power for Industrial Applications At FMP Company, we pride ourselves on manufacturing a wide range of these exceptional gears, tailored to meet the demands of heavy-duty industries across Italy\u2014including key hubs like Milan, Venice, Florence, and Bologna\u2014and beyond. What Are Double Helical Gears? Double helical gears, often referred [&hellip;]<\/p>","protected":false},"featured_media":4588,"comment_status":"open","ping_status":"closed","template":"","meta":{"_et_pb_use_builder":"","_et_pb_old_content":"","_et_gb_content_width":""},"product_brand":[],"product_cat":[108],"product_tag":[],"class_list":{"0":"post-7346","1":"product","2":"type-product","3":"status-publish","4":"has-post-thumbnail","6":"product_cat-helical-gear","8":"first","9":"instock","10":"shipping-taxable","11":"product-type-simple"},"_links":{"self":[{"href":"https:\/\/fmp-components.com\/tr\/wp-json\/wp\/v2\/product\/7346","targetHints":{"allow":["GET"]}}],"collection":[{"href":"https:\/\/fmp-components.com\/tr\/wp-json\/wp\/v2\/product"}],"about":[{"href":"https:\/\/fmp-components.com\/tr\/wp-json\/wp\/v2\/types\/product"}],"replies":[{"embeddable":true,"href":"https:\/\/fmp-components.com\/tr\/wp-json\/wp\/v2\/comments?post=7346"}],"wp:featuredmedia":[{"embeddable":true,"href":"https:\/\/fmp-components.com\/tr\/wp-json\/wp\/v2\/media\/4588"}],"wp:attachment":[{"href":"https:\/\/fmp-components.com\/tr\/wp-json\/wp\/v2\/media?parent=7346"}],"wp:term":[{"taxonomy":"product_brand","embeddable":true,"href":"https:\/\/fmp-components.com\/tr\/wp-json\/wp\/v2\/product_brand?post=7346"},{"taxonomy":"product_cat","embeddable":true,"href":"https:\/\/fmp-components.com\/tr\/wp-json\/wp\/v2\/product_cat?post=7346"},{"taxonomy":"product_tag","embeddable":true,"href":"https:\/\/fmp-components.com\/tr\/wp-json\/wp\/v2\/product_tag?post=7346"}],"curies":[{"name":"wp","href":"https:\/\/api.w.org\/{rel}","templated":true}]}}