{"id":7344,"date":"2025-03-23T08:16:42","date_gmt":"2025-03-23T08:16:42","guid":{"rendered":"https:\/\/fmp-components.com\/?post_type=product&#038;p=7344"},"modified":"2025-03-26T08:46:39","modified_gmt":"2025-03-26T08:46:39","slug":"industrial-double-helical-gears","status":"publish","type":"product","link":"https:\/\/fmp-components.com\/tr\/product\/industrial-double-helical-gears\/","title":{"rendered":"End\u00fcstriyel \u00c7ift Helezon Di\u015fliler"},"content":{"rendered":"<div>\n<h2>FMP'den Premium End\u00fcstriyel \u00c7ift Helezon Di\u015fliler<\/h2>\n<p class=\"break-words\">End\u00fcstriyel \u00c7ift Helezon Di\u015fliler, y\u00fcksek torku ola\u011fan\u00fcst\u00fc p\u00fcr\u00fczs\u00fczl\u00fck ve minimum g\u00fcr\u00fclt\u00fcyle iletme kabiliyetleri nedeniyle a\u011f\u0131r hizmet tipi makinelerde hayati \u00f6nem ta\u015f\u0131yan bile\u015fenlerdir. Daha basit d\u00fcz di\u015flilerin aksine, V \u015feklindeki di\u015f tasar\u0131mlar\u0131 onlar\u0131 daha karma\u015f\u0131k ve maliyetli hale getirir, ancak zorlu uygulamalarda e\u015fsiz bir performans sunarlar. Vin\u00e7lere ve s\u0131v\u0131 pompalar\u0131na g\u00fc\u00e7 sa\u011flamaktan askeri gemilerdeki tahrik sistemlerine kadar, bu di\u015fliler sessiz \u00e7al\u0131\u015fma ve d\u00fc\u015f\u00fck titre\u015fimin kritik \u00f6nem ta\u015f\u0131d\u0131\u011f\u0131 alanlarda m\u00fckemmeldir. FMP Company olarak, \u00f6nde gelen \u00e7ift helezon di\u015fli \u00fcreticilerinden biri olmaktan gurur duyuyoruz. <a href=\"https:\/\/fmp-components.com\/tr\/helical-gears\/\">helisel di\u015fli<\/a> \u00c7in'deki \u00fcreticiler, \u00e7e\u015fitli y\u00fcksek kaliteli di\u015fliler sunmaktad\u0131r. Geli\u015fmi\u015f \u00fcretim kapasitemiz, 30 derecelik helis a\u00e7\u0131s\u0131nda maksimum 1370 mm (54 in\u00e7) d\u0131\u015f \u00e7apa ve 250 mm (10 in\u00e7) tam y\u00fczey geni\u015fli\u011fine sahip di\u015fliler \u00fcretmemizi sa\u011flayarak, en zorlu zorluklar\u0131n\u0131z i\u00e7in hassasiyet ve dayan\u0131kl\u0131l\u0131k sa\u011flar.<\/p>\n<h3>\u00d6zel \u00c7\u00f6z\u00fcmler ve Uzman Deste\u011fi<\/h3>\n<p class=\"break-words\">On y\u0131l\u0131 a\u015fk\u0131n uzmanl\u0131\u011f\u0131yla FMP \u015eirketi, \u00c7in'de hem standart hem de \u00f6zel \u00e7\u00f6z\u00fcmler sunarak rekabet\u00e7i fiyatlarla g\u00fcvenilir bir End\u00fcstriyel \u00c7ift Helezon Di\u015fli tedarik\u00e7isi olarak \u00f6ne \u00e7\u0131kmaktad\u0131r. Fabrikam\u0131z, geni\u015f bir yelpazede di\u015fli kesicilerle donat\u0131lm\u0131\u015f olup, end\u00fcstriyel, askeri veya \u00f6zel uygulamalar i\u00e7in benzersiz \u00f6zelliklerinizi kar\u015f\u0131lamak \u00fczere \u00f6zel sipari\u015fleri memnuniyetle kar\u015f\u0131lamaktad\u0131r. \u00dcr\u00fcn listemizde tam olarak ihtiyac\u0131n\u0131z olan modeli bulamad\u0131n\u0131z m\u0131? Bu, hen\u00fcz y\u00fckleme f\u0131rsat\u0131m\u0131z olmad\u0131\u011f\u0131 anlam\u0131na gelir! \u0130htiya\u00e7lar\u0131n\u0131z\u0131 bize e-posta ile bildirmeniz yeterli; uzman m\u00fchendislerimiz 24 saat i\u00e7inde size \u00f6zel destekle yan\u0131t verecektir. FMP olarak m\u00fckemmelli\u011fe olan ba\u011fl\u0131l\u0131\u011f\u0131m\u0131z, bizi birinci s\u0131n\u0131f \u00e7ift helezon di\u015fliler ve ola\u011fan\u00fcst\u00fc m\u00fc\u015fteri hizmetleri i\u00e7in vazge\u00e7ilmez orta\u011f\u0131n\u0131z haline getirmektedir. Toptan sat\u0131\u015f talepleriniz veya ki\u015fiselle\u015ftirilmi\u015f di\u015fli \u00e7\u00f6z\u00fcmleriniz i\u00e7in bug\u00fcn bizimle ileti\u015fime ge\u00e7in!<\/p>\n<\/div>\n<h2>\u00dcr\u00fcn \u00d6zellikleri<\/h2>\n<div class=\"table-responsive\">\n<table class=\"table\" style=\"width: 97.2464%; height: 208px;\" border=\"1\">\n<tbody>\n<tr style=\"height: 26px;\">\n<td style=\"height: 26px;\">Di\u015fli Tipi<\/td>\n<td style=\"height: 26px;\">Bal\u0131k k\u0131l\u00e7\u0131\u011f\u0131<\/td>\n<\/tr>\n<tr style=\"height: 26px;\">\n<td style=\"height: 26px;\">Kullan\u0131m\/Uygulama<\/td>\n<td style=\"height: 26px;\">End\u00fcstriyel<\/td>\n<\/tr>\n<tr style=\"height: 26px;\">\n<td style=\"height: 26px;\">Di\u015f Formu<\/td>\n<td style=\"height: 26px;\">Bal\u0131k k\u0131l\u00e7\u0131\u011f\u0131<\/td>\n<\/tr>\n<tr style=\"height: 26px;\">\n<td style=\"height: 26px;\">Malzeme<\/td>\n<td style=\"height: 26px;\">\u00d6zelle\u015ftirilmi\u015f<\/td>\n<\/tr>\n<tr style=\"height: 26px;\">\n<td style=\"height: 26px;\">\u015eekil<\/td>\n<td style=\"height: 26px;\">Yuvarlak<\/td>\n<\/tr>\n<tr style=\"height: 26px;\">\n<td style=\"height: 26px;\">Kapasite<\/td>\n<td style=\"height: 26px;\">\u00d6zelle\u015ftirilmi\u015f<\/td>\n<\/tr>\n<tr style=\"height: 26px;\">\n<td style=\"height: 26px;\">\u00c7ap<\/td>\n<td style=\"height: 26px;\">\u00d6zelle\u015ftirilmi\u015f<\/td>\n<\/tr>\n<tr style=\"height: 26px;\">\n<td style=\"height: 26px;\">Boyut<\/td>\n<td style=\"height: 26px;\">\u00d6zelle\u015ftirilmi\u015f<\/td>\n<\/tr>\n<\/tbody>\n<\/table>\n<\/div>","protected":false},"excerpt":{"rendered":"<p>Premium Industrial Double Helical Gears from FMP Industrial Double Helical Gears are vital components in heavy-duty machinery, prized for their ability to transmit high torque with exceptional smoothness and minimal noise. Unlike simpler spur gears, their V-shaped tooth design makes them more complex and costly to produce, but the payoff is unmatched performance in demanding [&hellip;]<\/p>","protected":false},"featured_media":4592,"comment_status":"open","ping_status":"closed","template":"","meta":{"_et_pb_use_builder":"","_et_pb_old_content":"","_et_gb_content_width":""},"product_brand":[],"product_cat":[108],"product_tag":[],"class_list":{"0":"post-7344","1":"product","2":"type-product","3":"status-publish","4":"has-post-thumbnail","6":"product_cat-helical-gear","8":"first","9":"instock","10":"shipping-taxable","11":"product-type-simple"},"_links":{"self":[{"href":"https:\/\/fmp-components.com\/tr\/wp-json\/wp\/v2\/product\/7344","targetHints":{"allow":["GET"]}}],"collection":[{"href":"https:\/\/fmp-components.com\/tr\/wp-json\/wp\/v2\/product"}],"about":[{"href":"https:\/\/fmp-components.com\/tr\/wp-json\/wp\/v2\/types\/product"}],"replies":[{"embeddable":true,"href":"https:\/\/fmp-components.com\/tr\/wp-json\/wp\/v2\/comments?post=7344"}],"wp:featuredmedia":[{"embeddable":true,"href":"https:\/\/fmp-components.com\/tr\/wp-json\/wp\/v2\/media\/4592"}],"wp:attachment":[{"href":"https:\/\/fmp-components.com\/tr\/wp-json\/wp\/v2\/media?parent=7344"}],"wp:term":[{"taxonomy":"product_brand","embeddable":true,"href":"https:\/\/fmp-components.com\/tr\/wp-json\/wp\/v2\/product_brand?post=7344"},{"taxonomy":"product_cat","embeddable":true,"href":"https:\/\/fmp-components.com\/tr\/wp-json\/wp\/v2\/product_cat?post=7344"},{"taxonomy":"product_tag","embeddable":true,"href":"https:\/\/fmp-components.com\/tr\/wp-json\/wp\/v2\/product_tag?post=7344"}],"curies":[{"name":"wp","href":"https:\/\/api.w.org\/{rel}","templated":true}]}}